{"id":12361,"date":"2023-12-13T18:35:09","date_gmt":"2023-12-13T07:35:09","guid":{"rendered":"https:\/\/ozponcho.com.au\/p\/spring-autumn-women-clothing-solid-color-turtleneck-cape-shawl-waistcoat-poncho-knitted-sweater\/"},"modified":"2026-01-16T19:14:20","modified_gmt":"2026-01-16T08:14:20","slug":"sophisticated-cozy-knit-cape","status":"publish","type":"product","link":"https:\/\/ozponcho.com.au\/da\/p\/sofistikeret-hyggelig-kappe-i-strik\/","title":{"rendered":"Chic strikket poncho med rullekrave"},"content":{"rendered":"<p>L\u00f8ft din stil denne s\u00e6son med vores Chic Turtleneck Knit Poncho. Dette uds\u00f8gte stykke, der er skr\u00e6ddersyet til den moderne kvinde, tilbyder b\u00e5de komfort og elegance. Den er fremstillet af plysakryl, og den ribstrikkede tekstur sikrer varme p\u00e5 k\u00f8lige for\u00e5rs- og efter\u00e5rsdage. En h\u00f8j rullekrave fremh\u00e6ver halsudsk\u00e6ringen og giver dit outfit et strejf af raffinement. Denne slanke, \u00e6rmel\u00f8se poncho i en spr\u00f8d hvid nuance er en alsidig tilf\u00f8jelse til enhver garderobe. S\u00e6t den ubesv\u00e6ret sammen med dine yndlingsbukser for et poleret look. Oplev den perfekte blanding af raffinement og hygge med denne uundv\u00e6rlige modeplagg.<\/p>\n<div>Stil: Afslappet<\/div>\n<div>Pasform: L\u00f8s<\/div>\n<div>Stof: Akryl<\/div>\n<div>M\u00f8nster: Ensfarvet<\/div>\n<div>Element: Ikke<\/div>\n<div>Top l\u00e6ngde: Afgr\u00f8de<\/div>\n<div>Halsudsk\u00e6ring: Skildpadde\/h\u00f8j hals<\/div>\n<div>\u00c6rmetype: Andre<\/div>\n<div>\u00c6rmel\u00e6ngde: \u00c6rmel\u00f8s<\/div>\n<div>Vigtigste sammens\u00e6tning: Akryl<\/div>\n<div>S\u00e6son: For\u00e5r\/efter\u00e5r<\/div>\n<p><img decoding=\"async\" src=\"https:\/\/ozponcho.com.au\/wp-content\/uploads\/2024\/03\/991425895220641792.png\" \/><img decoding=\"async\" src=\"https:\/\/ozponcho.com.au\/wp-content\/uploads\/2024\/03\/O1CN01Z2NMO81QmkKxWvcSZ_2206658962019-0-cib.jpg\" \/><img decoding=\"async\" src=\"https:\/\/ozponcho.com.au\/wp-content\/uploads\/2024\/03\/O1CN012swU8n1QmkKtw1ocD_2206658962019-0-cib.jpg\" \/><img decoding=\"async\" src=\"https:\/\/ozponcho.com.au\/wp-content\/uploads\/2024\/03\/O1CN01iND4t61QmkKwu4BiQ_2206658962019-0-cib.jpg\" \/><img decoding=\"async\" src=\"https:\/\/ozponcho.com.au\/wp-content\/uploads\/2024\/03\/O1CN01gwqO861QmkKtQFYDb_2206658962019-0-cib.jpg\" \/><img decoding=\"async\" src=\"https:\/\/ozponcho.com.au\/wp-content\/uploads\/2024\/03\/O1CN01kCOfc81QmkKtRU9AN_2206658962019-0-cib.jpg\" \/><img decoding=\"async\" src=\"https:\/\/ozponcho.com.au\/wp-content\/uploads\/2024\/03\/O1CN01K9YlN31QmkKxOYphQ_2206658962019-0-cib.jpg\" \/><img decoding=\"async\" src=\"https:\/\/ozponcho.com.au\/wp-content\/uploads\/2024\/03\/O1CN01ZHQtIr1QmkKzw553e_2206658962019-0-cib.jpg\" \/><img decoding=\"async\" src=\"https:\/\/ozponcho.com.au\/wp-content\/uploads\/2024\/03\/O1CN01cZYGpM1QmkKzw1FwE_2206658962019-0-cib.jpg\" \/><img decoding=\"async\" src=\"https:\/\/ozponcho.com.au\/wp-content\/uploads\/2024\/03\/O1CN01xZ1OH51QmkKrQ98bA_2206658962019-0-cib.jpg\" \/><img decoding=\"async\" src=\"https:\/\/ozponcho.com.au\/wp-content\/uploads\/2024\/03\/O1CN01mhbJ9h1QmkKyQXKuL_2206658962019-0-cib.jpg\" \/><img decoding=\"async\" src=\"https:\/\/ozponcho.com.au\/wp-content\/uploads\/2024\/03\/O1CN01A5s9TC1QmkKkmhwS3_2206658962019-0-cib.jpg\" \/><\/p>","protected":false},"excerpt":{"rendered":"<p>Elevate your style this season with our Chic Turtleneck Knit Poncho. This exquisite piece, tailored for the modern woman, offers both comfort and elegance. Crafted from plush acrylic, its ribbed knit texture ensures warmth during brisk spring and autumn days. A high turtleneck design accentuates the neckline, providing a touch of refinement to your ensemble. [&#8230;]","protected":false},"featured_media":12314,"template":"","meta":[],"product_brand":[],"product_cat":[216,15,228,214,210],"product_tag":[],"class_list":{"0":"post-12361","1":"product","2":"type-product","3":"status-publish","4":"has-post-thumbnail","6":"product_cat-cashmere-poncho","7":"product_cat-main-category","8":"product_cat-poncho-sweater","9":"product_cat-knitted-crochet-poncho","10":"product_cat-poncho-women","12":"first","13":"instock","14":"shipping-taxable","15":"purchasable","16":"product-type-variable"},"yoast_head":"<!-- This site is optimized with the Yoast SEO plugin v25.9 - https:\/\/yoast.com\/wordpress\/plugins\/seo\/ -->\n<title>Chic Turtleneck Knit Poncho | Danmark #1 Poncho Shop<\/title>\n<meta name=\"description\" content=\"Looking for a Chic Turtleneck Knit Poncho ? You&#039;ve come to the right place \ud83d\ude04 We offers a wide selection of Chic Turtleneck Knit Poncho, perfect for you.\" \/>\n<meta name=\"robots\" content=\"index, follow, max-snippet:-1, max-image-preview:large, max-video-preview:-1\" \/>\n<link rel=\"canonical\" href=\"https:\/\/ozponcho.com.au\/da\/p\/sofistikeret-hyggelig-kappe-i-strik\/\" \/>\n<meta property=\"og:locale\" content=\"da_DK\" \/>\n<meta property=\"og:type\" content=\"article\" \/>\n<meta property=\"og:title\" content=\"Chic Turtleneck Knit Poncho | Danmark #1 Poncho Shop\" \/>\n<meta property=\"og:description\" content=\"Looking for a Chic Turtleneck Knit Poncho ? You&#039;ve come to the right place \ud83d\ude04 We offers a wide selection of Chic Turtleneck Knit Poncho, perfect for you.\" \/>\n<meta property=\"og:url\" content=\"https:\/\/ozponcho.com.au\/da\/p\/sofistikeret-hyggelig-kappe-i-strik\/\" \/>\n<meta property=\"og:site_name\" content=\"OZ Poncho\" \/>\n<meta property=\"article:modified_time\" content=\"2026-01-16T08:14:20+00:00\" \/>\n<meta property=\"og:image\" content=\"https:\/\/ozponcho.com.au\/wp-content\/uploads\/2023\/12\/O1CN01gwqO861QmkKtQFYDb_2206658962019-0-cib.jpg\" \/>\n\t<meta property=\"og:image:width\" content=\"800\" \/>\n\t<meta property=\"og:image:height\" content=\"1000\" \/>\n\t<meta property=\"og:image:type\" content=\"image\/jpeg\" \/>\n<meta name=\"twitter:card\" content=\"summary_large_image\" \/>\n<meta name=\"twitter:label1\" content=\"Estimeret l\u00e6setid\" \/>\n\t<meta name=\"twitter:data1\" content=\"4 minutter\" \/>\n<script type=\"application\/ld+json\" class=\"yoast-schema-graph\">{\"@context\":\"https:\/\/schema.org\",\"@graph\":[{\"@type\":\"WebPage\",\"@id\":\"https:\/\/ozponcho.com.au\/p\/sophisticated-cozy-knit-cape\/\",\"url\":\"https:\/\/ozponcho.com.au\/p\/sophisticated-cozy-knit-cape\/\",\"name\":\"Chic Turtleneck Knit Poncho | Danmark #1 Poncho Shop\",\"isPartOf\":{\"@id\":\"https:\/\/ozponcho.com.au\/#website\"},\"primaryImageOfPage\":{\"@id\":\"https:\/\/ozponcho.com.au\/p\/sophisticated-cozy-knit-cape\/#primaryimage\"},\"image\":{\"@id\":\"https:\/\/ozponcho.com.au\/p\/sophisticated-cozy-knit-cape\/#primaryimage\"},\"thumbnailUrl\":\"https:\/\/ozponcho.com.au\/wp-content\/uploads\/2023\/12\/O1CN01gwqO861QmkKtQFYDb_2206658962019-0-cib.jpg\",\"datePublished\":\"2023-12-13T07:35:09+00:00\",\"dateModified\":\"2026-01-16T08:14:20+00:00\",\"description\":\"Looking for a Chic Turtleneck Knit Poncho ? You've come to the right place \ud83d\ude04 We offers a wide selection of Chic Turtleneck Knit Poncho, perfect for you.\",\"breadcrumb\":{\"@id\":\"https:\/\/ozponcho.com.au\/p\/sophisticated-cozy-knit-cape\/#breadcrumb\"},\"inLanguage\":\"da-DK\",\"potentialAction\":[{\"@type\":\"ReadAction\",\"target\":[\"https:\/\/ozponcho.com.au\/p\/sophisticated-cozy-knit-cape\/\"]}]},{\"@type\":\"ImageObject\",\"inLanguage\":\"da-DK\",\"@id\":\"https:\/\/ozponcho.com.au\/p\/sophisticated-cozy-knit-cape\/#primaryimage\",\"url\":\"https:\/\/ozponcho.com.au\/wp-content\/uploads\/2023\/12\/O1CN01gwqO861QmkKtQFYDb_2206658962019-0-cib.jpg\",\"contentUrl\":\"https:\/\/ozponcho.com.au\/wp-content\/uploads\/2023\/12\/O1CN01gwqO861QmkKtQFYDb_2206658962019-0-cib.jpg\",\"width\":800,\"height\":1000,\"caption\":\"Chic Turtleneck Knit Poncho\"},{\"@type\":\"BreadcrumbList\",\"@id\":\"https:\/\/ozponcho.com.au\/p\/sophisticated-cozy-knit-cape\/#breadcrumb\",\"itemListElement\":[{\"@type\":\"ListItem\",\"position\":1,\"name\":\"Home\",\"item\":\"https:\/\/ozponcho.com.au\/\"},{\"@type\":\"ListItem\",\"position\":2,\"name\":\"Shop\",\"item\":\"https:\/\/ozponcho.com.au\/shop\/\"},{\"@type\":\"ListItem\",\"position\":3,\"name\":\"Chic Turtleneck Knit Poncho\"}]},{\"@type\":\"WebSite\",\"@id\":\"https:\/\/ozponcho.com.au\/#website\",\"url\":\"https:\/\/ozponcho.com.au\/\",\"name\":\"OZ Poncho\",\"description\":\"\",\"potentialAction\":[{\"@type\":\"SearchAction\",\"target\":{\"@type\":\"EntryPoint\",\"urlTemplate\":\"https:\/\/ozponcho.com.au\/?s={search_term_string}\"},\"query-input\":{\"@type\":\"PropertyValueSpecification\",\"valueRequired\":true,\"valueName\":\"search_term_string\"}}],\"inLanguage\":\"da-DK\"}]}<\/script>\n<!-- \/ Yoast SEO plugin. -->","yoast_head_json":{"title":"Chic rullekrave-poncho i strik | Danmark #1 Poncho Shop","description":"Leder du efter en Chic Turtleneck Knit Poncho? Du er kommet til det rette sted \ud83d\ude04 Vi tilbyder et bredt udvalg af Chic Turtleneck Knit Poncho, perfekt til dig.","robots":{"index":"index","follow":"follow","max-snippet":"max-snippet:-1","max-image-preview":"max-image-preview:large","max-video-preview":"max-video-preview:-1"},"canonical":"https:\/\/ozponcho.com.au\/da\/p\/sofistikeret-hyggelig-kappe-i-strik\/","og_locale":"da_DK","og_type":"article","og_title":"Chic Turtleneck Knit Poncho | Danmark #1 Poncho Shop","og_description":"Looking for a Chic Turtleneck Knit Poncho ? You've come to the right place \ud83d\ude04 We offers a wide selection of Chic Turtleneck Knit Poncho, perfect for you.","og_url":"https:\/\/ozponcho.com.au\/da\/p\/sofistikeret-hyggelig-kappe-i-strik\/","og_site_name":"OZ Poncho","article_modified_time":"2026-01-16T08:14:20+00:00","og_image":[{"width":800,"height":1000,"url":"https:\/\/ozponcho.com.au\/wp-content\/uploads\/2023\/12\/O1CN01gwqO861QmkKtQFYDb_2206658962019-0-cib.jpg","type":"image\/jpeg"}],"twitter_card":"summary_large_image","twitter_misc":{"Estimeret l\u00e6setid":"4 minutter"},"schema":{"@context":"https:\/\/schema.org","@graph":[{"@type":"WebPage","@id":"https:\/\/ozponcho.com.au\/p\/sophisticated-cozy-knit-cape\/","url":"https:\/\/ozponcho.com.au\/p\/sophisticated-cozy-knit-cape\/","name":"Chic rullekrave-poncho i strik | Danmark #1 Poncho Shop","isPartOf":{"@id":"https:\/\/ozponcho.com.au\/#website"},"primaryImageOfPage":{"@id":"https:\/\/ozponcho.com.au\/p\/sophisticated-cozy-knit-cape\/#primaryimage"},"image":{"@id":"https:\/\/ozponcho.com.au\/p\/sophisticated-cozy-knit-cape\/#primaryimage"},"thumbnailUrl":"https:\/\/ozponcho.com.au\/wp-content\/uploads\/2023\/12\/O1CN01gwqO861QmkKtQFYDb_2206658962019-0-cib.jpg","datePublished":"2023-12-13T07:35:09+00:00","dateModified":"2026-01-16T08:14:20+00:00","description":"Leder du efter en Chic Turtleneck Knit Poncho? Du er kommet til det rette sted \ud83d\ude04 Vi tilbyder et bredt udvalg af Chic Turtleneck Knit Poncho, perfekt til dig.","breadcrumb":{"@id":"https:\/\/ozponcho.com.au\/p\/sophisticated-cozy-knit-cape\/#breadcrumb"},"inLanguage":"da-DK","potentialAction":[{"@type":"ReadAction","target":["https:\/\/ozponcho.com.au\/p\/sophisticated-cozy-knit-cape\/"]}]},{"@type":"ImageObject","inLanguage":"da-DK","@id":"https:\/\/ozponcho.com.au\/p\/sophisticated-cozy-knit-cape\/#primaryimage","url":"https:\/\/ozponcho.com.au\/wp-content\/uploads\/2023\/12\/O1CN01gwqO861QmkKtQFYDb_2206658962019-0-cib.jpg","contentUrl":"https:\/\/ozponcho.com.au\/wp-content\/uploads\/2023\/12\/O1CN01gwqO861QmkKtQFYDb_2206658962019-0-cib.jpg","width":800,"height":1000,"caption":"Chic Turtleneck Knit Poncho"},{"@type":"BreadcrumbList","@id":"https:\/\/ozponcho.com.au\/p\/sophisticated-cozy-knit-cape\/#breadcrumb","itemListElement":[{"@type":"ListItem","position":1,"name":"Home","item":"https:\/\/ozponcho.com.au\/"},{"@type":"ListItem","position":2,"name":"Shop","item":"https:\/\/ozponcho.com.au\/shop\/"},{"@type":"ListItem","position":3,"name":"Chic Turtleneck Knit Poncho"}]},{"@type":"WebSite","@id":"https:\/\/ozponcho.com.au\/#website","url":"https:\/\/ozponcho.com.au\/","name":"OZ Poncho","description":"","potentialAction":[{"@type":"SearchAction","target":{"@type":"EntryPoint","urlTemplate":"https:\/\/ozponcho.com.au\/?s={search_term_string}"},"query-input":{"@type":"PropertyValueSpecification","valueRequired":true,"valueName":"search_term_string"}}],"inLanguage":"da-DK"}]}},"_links":{"self":[{"href":"https:\/\/ozponcho.com.au\/da\/wp-json\/wp\/v2\/product\/12361","targetHints":{"allow":["GET"]}}],"collection":[{"href":"https:\/\/ozponcho.com.au\/da\/wp-json\/wp\/v2\/product"}],"about":[{"href":"https:\/\/ozponcho.com.au\/da\/wp-json\/wp\/v2\/types\/product"}],"wp:featuredmedia":[{"embeddable":true,"href":"https:\/\/ozponcho.com.au\/da\/wp-json\/wp\/v2\/media\/12314"}],"wp:attachment":[{"href":"https:\/\/ozponcho.com.au\/da\/wp-json\/wp\/v2\/media?parent=12361"}],"wp:term":[{"taxonomy":"product_brand","embeddable":true,"href":"https:\/\/ozponcho.com.au\/da\/wp-json\/wp\/v2\/product_brand?post=12361"},{"taxonomy":"product_cat","embeddable":true,"href":"https:\/\/ozponcho.com.au\/da\/wp-json\/wp\/v2\/product_cat?post=12361"},{"taxonomy":"product_tag","embeddable":true,"href":"https:\/\/ozponcho.com.au\/da\/wp-json\/wp\/v2\/product_tag?post=12361"}],"curies":[{"name":"wp","href":"https:\/\/api.w.org\/{rel}","templated":true}]}}