{"id":12274,"date":"2023-12-13T18:34:27","date_gmt":"2023-12-13T07:34:27","guid":{"rendered":"https:\/\/ozponcho.com.au\/p\/autumn-winter-light-luxury-fur-collar-patchwork-slit-sweater-inverness\/"},"modified":"2024-04-19T18:40:25","modified_gmt":"2024-04-19T07:40:25","slug":"luxury-winter-fur-collar-poncho","status":"publish","type":"product","link":"https:\/\/ozponcho.com.au\/da\/p\/luksus-vinter-poncho-med-pelskrave\/","title":{"rendered":"Elegant gr\u00e5 pelsponcho"},"content":{"rendered":"<p>Omfavn kulden med stil i denne elegante gr\u00e5 poncho, som er en perfekt blanding af luksus og komfort. Den bl\u00f8de krave i imiteret pels fremh\u00e6ver dens sofistikerede look og g\u00f8r den til et must-have i din efter\u00e5rs- og vintergarderobe. Den er fremstillet af behageligt akrylstof og har en l\u00f8s pasform og lange \u00e6rmer, der giver en fantastisk varme. Den solide jerseykonstruktion sikrer holdbarhed, mens den lange silhuet lover at holde dig smart og varm. L\u00f8ft dit modespil, og hold dig godt tilpas med denne alsidige poncho, der skaber et statement. Perfekt til dem, der \u00f8nsker at tilf\u00f8je et strejf af elegance til deres p\u00e5kl\u00e6dning i det k\u00f8lige vejr.<\/p>\n<div>Stil: Elegant<\/div>\n<div>Pasform: L\u00f8s<\/div>\n<div>Stof: Jersey<\/div>\n<div>M\u00f8nster: Ensfarvet<\/div>\n<div>Element: Ikke<\/div>\n<div>L\u00e6ngde p\u00e5 top: Lang<\/div>\n<div>\u00c6rmetype: Andre<\/div>\n<div>\u00c6rmel\u00e6ngde: Lang\u00e6rmet<\/div>\n<div>Lukningstype: Andre<\/div>\n<div>Vigtigste sammens\u00e6tning: Akryl<\/div>\n<div>S\u00e6son: Efter\u00e5r\/vinter<\/div>\n<p><img decoding=\"async\" src=\"https:\/\/ozponcho.com.au\/wp-content\/uploads\/2024\/03\/1021412457437986816.png\" \/><\/p>","protected":false},"excerpt":{"rendered":"<p>Embrace the cold in style with this Elegant Grey Poncho, a seamless blend of luxury and comfort. The plush faux fur collar accentuates its sophistication, making it a must-have for your autumn-winter wardrobe. Crafted from cozy acrylic fabric, it offers a loose fit and long sleeves for supreme warmth. Its solid jersey construction ensures durability, [&#8230;]","protected":false},"featured_media":12256,"template":"","meta":[],"product_brand":[],"product_cat":[218,225,15,228,210],"product_tag":[],"class_list":{"0":"post-12274","1":"product","2":"type-product","3":"status-publish","4":"has-post-thumbnail","6":"product_cat-fur-poncho","7":"product_cat-grey-poncho","8":"product_cat-main-category","9":"product_cat-poncho-sweater","10":"product_cat-poncho-women","12":"first","13":"outofstock","14":"shipping-taxable","15":"purchasable","16":"product-type-variable"},"yoast_head":"<!-- This site is optimized with the Yoast SEO plugin v25.9 - https:\/\/yoast.com\/wordpress\/plugins\/seo\/ -->\n<title>Elegant Grey Fur Poncho | Danmark #1 Poncho Shop<\/title>\n<meta name=\"description\" content=\"Looking for a Elegant Grey Fur Poncho ? You&#039;ve come to the right place \ud83d\ude04 We offers a wide selection of Elegant Grey Fur Poncho, perfect for you.\" \/>\n<meta name=\"robots\" content=\"index, follow, max-snippet:-1, max-image-preview:large, max-video-preview:-1\" \/>\n<link rel=\"canonical\" href=\"https:\/\/ozponcho.com.au\/da\/p\/luksus-vinter-poncho-med-pelskrave\/\" \/>\n<meta property=\"og:locale\" content=\"da_DK\" \/>\n<meta property=\"og:type\" content=\"article\" \/>\n<meta property=\"og:title\" content=\"Elegant Grey Fur Poncho | Danmark #1 Poncho Shop\" \/>\n<meta property=\"og:description\" content=\"Looking for a Elegant Grey Fur Poncho ? You&#039;ve come to the right place \ud83d\ude04 We offers a wide selection of Elegant Grey Fur Poncho, perfect for you.\" \/>\n<meta property=\"og:url\" content=\"https:\/\/ozponcho.com.au\/da\/p\/luksus-vinter-poncho-med-pelskrave\/\" \/>\n<meta property=\"og:site_name\" content=\"OZ Poncho\" \/>\n<meta property=\"article:modified_time\" content=\"2024-04-19T07:40:25+00:00\" \/>\n<meta property=\"og:image\" content=\"https:\/\/ozponcho.com.au\/wp-content\/uploads\/2023\/12\/O1CN01o0GIlo1HIfsmgSzZe_2331630735-0-cib.jpg\" \/>\n\t<meta property=\"og:image:width\" content=\"1200\" \/>\n\t<meta property=\"og:image:height\" content=\"1200\" \/>\n\t<meta property=\"og:image:type\" content=\"image\/jpeg\" \/>\n<meta name=\"twitter:card\" content=\"summary_large_image\" \/>\n<meta name=\"twitter:label1\" content=\"Estimeret l\u00e6setid\" \/>\n\t<meta name=\"twitter:data1\" content=\"1 minut\" \/>\n<script type=\"application\/ld+json\" class=\"yoast-schema-graph\">{\"@context\":\"https:\/\/schema.org\",\"@graph\":[{\"@type\":\"WebPage\",\"@id\":\"https:\/\/ozponcho.com.au\/p\/luxury-winter-fur-collar-poncho\/\",\"url\":\"https:\/\/ozponcho.com.au\/p\/luxury-winter-fur-collar-poncho\/\",\"name\":\"Elegant Grey Fur Poncho | Danmark #1 Poncho Shop\",\"isPartOf\":{\"@id\":\"https:\/\/ozponcho.com.au\/#website\"},\"primaryImageOfPage\":{\"@id\":\"https:\/\/ozponcho.com.au\/p\/luxury-winter-fur-collar-poncho\/#primaryimage\"},\"image\":{\"@id\":\"https:\/\/ozponcho.com.au\/p\/luxury-winter-fur-collar-poncho\/#primaryimage\"},\"thumbnailUrl\":\"https:\/\/ozponcho.com.au\/wp-content\/uploads\/2023\/12\/O1CN01o0GIlo1HIfsmgSzZe_2331630735-0-cib.jpg\",\"datePublished\":\"2023-12-13T07:34:27+00:00\",\"dateModified\":\"2024-04-19T07:40:25+00:00\",\"description\":\"Looking for a Elegant Grey Fur Poncho ? You've come to the right place \ud83d\ude04 We offers a wide selection of Elegant Grey Fur Poncho, perfect for you.\",\"breadcrumb\":{\"@id\":\"https:\/\/ozponcho.com.au\/p\/luxury-winter-fur-collar-poncho\/#breadcrumb\"},\"inLanguage\":\"da-DK\",\"potentialAction\":[{\"@type\":\"ReadAction\",\"target\":[\"https:\/\/ozponcho.com.au\/p\/luxury-winter-fur-collar-poncho\/\"]}]},{\"@type\":\"ImageObject\",\"inLanguage\":\"da-DK\",\"@id\":\"https:\/\/ozponcho.com.au\/p\/luxury-winter-fur-collar-poncho\/#primaryimage\",\"url\":\"https:\/\/ozponcho.com.au\/wp-content\/uploads\/2023\/12\/O1CN01o0GIlo1HIfsmgSzZe_2331630735-0-cib.jpg\",\"contentUrl\":\"https:\/\/ozponcho.com.au\/wp-content\/uploads\/2023\/12\/O1CN01o0GIlo1HIfsmgSzZe_2331630735-0-cib.jpg\",\"width\":1200,\"height\":1200,\"caption\":\"Elegant Grey Fur Poncho\"},{\"@type\":\"BreadcrumbList\",\"@id\":\"https:\/\/ozponcho.com.au\/p\/luxury-winter-fur-collar-poncho\/#breadcrumb\",\"itemListElement\":[{\"@type\":\"ListItem\",\"position\":1,\"name\":\"Home\",\"item\":\"https:\/\/ozponcho.com.au\/\"},{\"@type\":\"ListItem\",\"position\":2,\"name\":\"Shop\",\"item\":\"https:\/\/ozponcho.com.au\/shop\/\"},{\"@type\":\"ListItem\",\"position\":3,\"name\":\"Elegant Grey Fur Poncho\"}]},{\"@type\":\"WebSite\",\"@id\":\"https:\/\/ozponcho.com.au\/#website\",\"url\":\"https:\/\/ozponcho.com.au\/\",\"name\":\"OZ Poncho\",\"description\":\"\",\"potentialAction\":[{\"@type\":\"SearchAction\",\"target\":{\"@type\":\"EntryPoint\",\"urlTemplate\":\"https:\/\/ozponcho.com.au\/?s={search_term_string}\"},\"query-input\":{\"@type\":\"PropertyValueSpecification\",\"valueRequired\":true,\"valueName\":\"search_term_string\"}}],\"inLanguage\":\"da-DK\"}]}<\/script>\n<!-- \/ Yoast SEO plugin. -->","yoast_head_json":{"title":"Elegant gr\u00e5 pelsponcho | Danmark #1 Poncho Shop","description":"Leder du efter en Elegant Grey Fur Poncho? Du er kommet til det rette sted \ud83d\ude04 Vi tilbyder et bredt udvalg af Elegant Grey Fur Poncho, perfekt til dig.","robots":{"index":"index","follow":"follow","max-snippet":"max-snippet:-1","max-image-preview":"max-image-preview:large","max-video-preview":"max-video-preview:-1"},"canonical":"https:\/\/ozponcho.com.au\/da\/p\/luksus-vinter-poncho-med-pelskrave\/","og_locale":"da_DK","og_type":"article","og_title":"Elegant Grey Fur Poncho | Danmark #1 Poncho Shop","og_description":"Looking for a Elegant Grey Fur Poncho ? You've come to the right place \ud83d\ude04 We offers a wide selection of Elegant Grey Fur Poncho, perfect for you.","og_url":"https:\/\/ozponcho.com.au\/da\/p\/luksus-vinter-poncho-med-pelskrave\/","og_site_name":"OZ Poncho","article_modified_time":"2024-04-19T07:40:25+00:00","og_image":[{"width":1200,"height":1200,"url":"https:\/\/ozponcho.com.au\/wp-content\/uploads\/2023\/12\/O1CN01o0GIlo1HIfsmgSzZe_2331630735-0-cib.jpg","type":"image\/jpeg"}],"twitter_card":"summary_large_image","twitter_misc":{"Estimeret l\u00e6setid":"1 minut"},"schema":{"@context":"https:\/\/schema.org","@graph":[{"@type":"WebPage","@id":"https:\/\/ozponcho.com.au\/p\/luxury-winter-fur-collar-poncho\/","url":"https:\/\/ozponcho.com.au\/p\/luxury-winter-fur-collar-poncho\/","name":"Elegant gr\u00e5 pelsponcho | Danmark #1 Poncho Shop","isPartOf":{"@id":"https:\/\/ozponcho.com.au\/#website"},"primaryImageOfPage":{"@id":"https:\/\/ozponcho.com.au\/p\/luxury-winter-fur-collar-poncho\/#primaryimage"},"image":{"@id":"https:\/\/ozponcho.com.au\/p\/luxury-winter-fur-collar-poncho\/#primaryimage"},"thumbnailUrl":"https:\/\/ozponcho.com.au\/wp-content\/uploads\/2023\/12\/O1CN01o0GIlo1HIfsmgSzZe_2331630735-0-cib.jpg","datePublished":"2023-12-13T07:34:27+00:00","dateModified":"2024-04-19T07:40:25+00:00","description":"Leder du efter en Elegant Grey Fur Poncho? Du er kommet til det rette sted \ud83d\ude04 Vi tilbyder et bredt udvalg af Elegant Grey Fur Poncho, perfekt til dig.","breadcrumb":{"@id":"https:\/\/ozponcho.com.au\/p\/luxury-winter-fur-collar-poncho\/#breadcrumb"},"inLanguage":"da-DK","potentialAction":[{"@type":"ReadAction","target":["https:\/\/ozponcho.com.au\/p\/luxury-winter-fur-collar-poncho\/"]}]},{"@type":"ImageObject","inLanguage":"da-DK","@id":"https:\/\/ozponcho.com.au\/p\/luxury-winter-fur-collar-poncho\/#primaryimage","url":"https:\/\/ozponcho.com.au\/wp-content\/uploads\/2023\/12\/O1CN01o0GIlo1HIfsmgSzZe_2331630735-0-cib.jpg","contentUrl":"https:\/\/ozponcho.com.au\/wp-content\/uploads\/2023\/12\/O1CN01o0GIlo1HIfsmgSzZe_2331630735-0-cib.jpg","width":1200,"height":1200,"caption":"Elegant Grey Fur Poncho"},{"@type":"BreadcrumbList","@id":"https:\/\/ozponcho.com.au\/p\/luxury-winter-fur-collar-poncho\/#breadcrumb","itemListElement":[{"@type":"ListItem","position":1,"name":"Home","item":"https:\/\/ozponcho.com.au\/"},{"@type":"ListItem","position":2,"name":"Shop","item":"https:\/\/ozponcho.com.au\/shop\/"},{"@type":"ListItem","position":3,"name":"Elegant Grey Fur Poncho"}]},{"@type":"WebSite","@id":"https:\/\/ozponcho.com.au\/#website","url":"https:\/\/ozponcho.com.au\/","name":"OZ Poncho","description":"","potentialAction":[{"@type":"SearchAction","target":{"@type":"EntryPoint","urlTemplate":"https:\/\/ozponcho.com.au\/?s={search_term_string}"},"query-input":{"@type":"PropertyValueSpecification","valueRequired":true,"valueName":"search_term_string"}}],"inLanguage":"da-DK"}]}},"_links":{"self":[{"href":"https:\/\/ozponcho.com.au\/da\/wp-json\/wp\/v2\/product\/12274","targetHints":{"allow":["GET"]}}],"collection":[{"href":"https:\/\/ozponcho.com.au\/da\/wp-json\/wp\/v2\/product"}],"about":[{"href":"https:\/\/ozponcho.com.au\/da\/wp-json\/wp\/v2\/types\/product"}],"wp:featuredmedia":[{"embeddable":true,"href":"https:\/\/ozponcho.com.au\/da\/wp-json\/wp\/v2\/media\/12256"}],"wp:attachment":[{"href":"https:\/\/ozponcho.com.au\/da\/wp-json\/wp\/v2\/media?parent=12274"}],"wp:term":[{"taxonomy":"product_brand","embeddable":true,"href":"https:\/\/ozponcho.com.au\/da\/wp-json\/wp\/v2\/product_brand?post=12274"},{"taxonomy":"product_cat","embeddable":true,"href":"https:\/\/ozponcho.com.au\/da\/wp-json\/wp\/v2\/product_cat?post=12274"},{"taxonomy":"product_tag","embeddable":true,"href":"https:\/\/ozponcho.com.au\/da\/wp-json\/wp\/v2\/product_tag?post=12274"}],"curies":[{"name":"wp","href":"https:\/\/api.w.org\/{rel}","templated":true}]}}