{"id":30,"date":"2022-11-26T15:53:28","date_gmt":"2022-11-26T04:53:28","guid":{"rendered":"https:\/\/ozponcho.com.au\/?page_id=30"},"modified":"2024-03-08T14:31:18","modified_gmt":"2024-03-08T03:31:18","slug":"promo-codes-discounts","status":"publish","type":"page","link":"https:\/\/ozponcho.com.au\/da\/kampagnekoder-rabatter\/","title":{"rendered":"Kampagnekoder og rabatter"},"content":{"rendered":"<p>Velkommen til den magiske verden af kampagnekoder og rabatter!<\/p>\n<p>Hvis du leder efter de bedste tilbud p\u00e5 poncho-t\u00f8j, s\u00e5 beh\u00f8ver du ikke lede l\u00e6ngere! Her hos [inds\u00e6t firmanavn] elsker vi at bel\u00f8nne vores kunder med s\u00e6rlige tilbud og rabatter.<\/p>\n<p>Vi ved, hvor sv\u00e6rt det er at finde den perfekte poncho, s\u00e5 for at g\u00f8re det endnu nemmere har vi kampagnekoder og rabatter til r\u00e5dighed. Uanset om du shopper til dig selv eller en, du holder af, har vi en bred vifte af kampagnekoder og rabatter at v\u00e6lge imellem.<\/p>\n<p>Hvorfor ikke starte din poncho-shoppingrejse med en s\u00e6rlig rabatkode? F\u00e5 10% rabat p\u00e5 dit f\u00f8rste k\u00f8b, n\u00e5r du indtaster koden 'PONCHO10' ved kassen.<\/p>\n<p>Vi har ogs\u00e5 rabatter p\u00e5 udvalgte poncho styles og kollektioner. Uanset om du er p\u00e5 udkig efter noget klassisk eller noget lidt mere unikt, har vi noget for enhver smag.<\/p>\n<p>S\u00f8rg for at tjekke denne side regelm\u00e6ssigt for de nyeste og bedste kampagnekoder og rabatter. Med s\u00e5 mange gode tilbud er du sikker p\u00e5 at finde den perfekte poncho til dig.<\/p>\n<p>God shopping!<\/p>","protected":false},"excerpt":{"rendered":"<p>Welcome to the magical world of promo codes &amp; discounts! If you&#8217;re looking for the best deals on poncho clothing, then look no further! Here at [insert business name], we love to reward our customers with special offers and discounts. We know how hard it is to find the perfect poncho, so to make it [&#8230;]","protected":false},"author":1,"featured_media":0,"parent":0,"menu_order":0,"comment_status":"closed","ping_status":"closed","template":"page-blank-title-center.php","meta":{"footnotes":""},"class_list":["post-30","page","type-page","status-publish","hentry"],"yoast_head":"<!-- This site is optimized with the Yoast SEO plugin v25.9 - https:\/\/yoast.com\/wordpress\/plugins\/seo\/ -->\n<title>OZ Poncho Promo Codes &amp; Discounts<\/title>\n<meta name=\"description\" content=\"Take advantage of a 10% discount on the entire OZ Poncho boutique today by applying the following promo code:\" \/>\n<meta name=\"robots\" content=\"index, follow, max-snippet:-1, max-image-preview:large, max-video-preview:-1\" \/>\n<link rel=\"canonical\" href=\"https:\/\/ozponcho.com.au\/da\/kampagnekoder-rabatter\/\" \/>\n<meta property=\"og:locale\" content=\"da_DK\" \/>\n<meta property=\"og:type\" content=\"article\" \/>\n<meta property=\"og:title\" content=\"OZ Poncho Promo Codes &amp; Discounts\" \/>\n<meta property=\"og:description\" content=\"Take advantage of a 10% discount on the entire OZ Poncho boutique today by applying the following promo code:\" \/>\n<meta property=\"og:url\" content=\"https:\/\/ozponcho.com.au\/da\/kampagnekoder-rabatter\/\" \/>\n<meta property=\"og:site_name\" content=\"OZ Poncho\" \/>\n<meta property=\"article:modified_time\" content=\"2024-03-08T03:31:18+00:00\" \/>\n<meta name=\"twitter:card\" content=\"summary_large_image\" \/>\n<meta name=\"twitter:label1\" content=\"Estimeret l\u00e6setid\" \/>\n\t<meta name=\"twitter:data1\" content=\"1 minut\" \/>\n<script type=\"application\/ld+json\" class=\"yoast-schema-graph\">{\"@context\":\"https:\/\/schema.org\",\"@graph\":[{\"@type\":\"WebPage\",\"@id\":\"https:\/\/ozponcho.com.au\/promo-codes-discounts\/\",\"url\":\"https:\/\/ozponcho.com.au\/promo-codes-discounts\/\",\"name\":\"OZ Poncho Promo Codes & Discounts\",\"isPartOf\":{\"@id\":\"https:\/\/ozponcho.com.au\/#website\"},\"datePublished\":\"2022-11-26T04:53:28+00:00\",\"dateModified\":\"2024-03-08T03:31:18+00:00\",\"description\":\"Take advantage of a 10% discount on the entire OZ Poncho boutique today by applying the following promo code:\",\"breadcrumb\":{\"@id\":\"https:\/\/ozponcho.com.au\/promo-codes-discounts\/#breadcrumb\"},\"inLanguage\":\"da-DK\",\"potentialAction\":[{\"@type\":\"ReadAction\",\"target\":[\"https:\/\/ozponcho.com.au\/promo-codes-discounts\/\"]}]},{\"@type\":\"BreadcrumbList\",\"@id\":\"https:\/\/ozponcho.com.au\/promo-codes-discounts\/#breadcrumb\",\"itemListElement\":[{\"@type\":\"ListItem\",\"position\":1,\"name\":\"Home\",\"item\":\"https:\/\/ozponcho.com.au\/\"},{\"@type\":\"ListItem\",\"position\":2,\"name\":\"Promo codes &#038; discounts\"}]},{\"@type\":\"WebSite\",\"@id\":\"https:\/\/ozponcho.com.au\/#website\",\"url\":\"https:\/\/ozponcho.com.au\/\",\"name\":\"OZ Poncho\",\"description\":\"\",\"potentialAction\":[{\"@type\":\"SearchAction\",\"target\":{\"@type\":\"EntryPoint\",\"urlTemplate\":\"https:\/\/ozponcho.com.au\/?s={search_term_string}\"},\"query-input\":{\"@type\":\"PropertyValueSpecification\",\"valueRequired\":true,\"valueName\":\"search_term_string\"}}],\"inLanguage\":\"da-DK\"}]}<\/script>\n<!-- \/ Yoast SEO plugin. -->","yoast_head_json":{"title":"OZ Poncho Kampagnekoder og rabatter","description":"Drag fordel af en 10% rabat p\u00e5 hele OZ Poncho-butikken i dag ved at anvende f\u00f8lgende kampagnekode:","robots":{"index":"index","follow":"follow","max-snippet":"max-snippet:-1","max-image-preview":"max-image-preview:large","max-video-preview":"max-video-preview:-1"},"canonical":"https:\/\/ozponcho.com.au\/da\/kampagnekoder-rabatter\/","og_locale":"da_DK","og_type":"article","og_title":"OZ Poncho Promo Codes & Discounts","og_description":"Take advantage of a 10% discount on the entire OZ Poncho boutique today by applying the following promo code:","og_url":"https:\/\/ozponcho.com.au\/da\/kampagnekoder-rabatter\/","og_site_name":"OZ Poncho","article_modified_time":"2024-03-08T03:31:18+00:00","twitter_card":"summary_large_image","twitter_misc":{"Estimeret l\u00e6setid":"1 minut"},"schema":{"@context":"https:\/\/schema.org","@graph":[{"@type":"WebPage","@id":"https:\/\/ozponcho.com.au\/promo-codes-discounts\/","url":"https:\/\/ozponcho.com.au\/promo-codes-discounts\/","name":"OZ Poncho Kampagnekoder og rabatter","isPartOf":{"@id":"https:\/\/ozponcho.com.au\/#website"},"datePublished":"2022-11-26T04:53:28+00:00","dateModified":"2024-03-08T03:31:18+00:00","description":"Drag fordel af en 10% rabat p\u00e5 hele OZ Poncho-butikken i dag ved at anvende f\u00f8lgende kampagnekode:","breadcrumb":{"@id":"https:\/\/ozponcho.com.au\/promo-codes-discounts\/#breadcrumb"},"inLanguage":"da-DK","potentialAction":[{"@type":"ReadAction","target":["https:\/\/ozponcho.com.au\/promo-codes-discounts\/"]}]},{"@type":"BreadcrumbList","@id":"https:\/\/ozponcho.com.au\/promo-codes-discounts\/#breadcrumb","itemListElement":[{"@type":"ListItem","position":1,"name":"Home","item":"https:\/\/ozponcho.com.au\/"},{"@type":"ListItem","position":2,"name":"Promo codes &#038; discounts"}]},{"@type":"WebSite","@id":"https:\/\/ozponcho.com.au\/#website","url":"https:\/\/ozponcho.com.au\/","name":"OZ Poncho","description":"","potentialAction":[{"@type":"SearchAction","target":{"@type":"EntryPoint","urlTemplate":"https:\/\/ozponcho.com.au\/?s={search_term_string}"},"query-input":{"@type":"PropertyValueSpecification","valueRequired":true,"valueName":"search_term_string"}}],"inLanguage":"da-DK"}]}},"_links":{"self":[{"href":"https:\/\/ozponcho.com.au\/da\/wp-json\/wp\/v2\/pages\/30","targetHints":{"allow":["GET"]}}],"collection":[{"href":"https:\/\/ozponcho.com.au\/da\/wp-json\/wp\/v2\/pages"}],"about":[{"href":"https:\/\/ozponcho.com.au\/da\/wp-json\/wp\/v2\/types\/page"}],"author":[{"embeddable":true,"href":"https:\/\/ozponcho.com.au\/da\/wp-json\/wp\/v2\/users\/1"}],"replies":[{"embeddable":true,"href":"https:\/\/ozponcho.com.au\/da\/wp-json\/wp\/v2\/comments?post=30"}],"version-history":[{"count":0,"href":"https:\/\/ozponcho.com.au\/da\/wp-json\/wp\/v2\/pages\/30\/revisions"}],"wp:attachment":[{"href":"https:\/\/ozponcho.com.au\/da\/wp-json\/wp\/v2\/media?parent=30"}],"curies":[{"name":"wp","href":"https:\/\/api.w.org\/{rel}","templated":true}]}}