{"id":23,"date":"2022-11-26T15:51:17","date_gmt":"2022-11-26T04:51:17","guid":{"rendered":"https:\/\/ozponcho.com.au\/?page_id=23"},"modified":"2023-11-08T21:11:28","modified_gmt":"2023-11-08T10:11:28","slug":"privacy-policy","status":"publish","type":"page","link":"https:\/\/ozponcho.com.au\/da\/privatlivspolitik\/","title":{"rendered":"Privatlivspolitik"},"content":{"rendered":"<p>This Privacy Policy describes how your personal information is collected, used,and shared when you visit or make a purchase from ozponcho.com.au (the \u201cSite\u201d).<\/p>\n<h2>PERSONLIGE OPLYSNINGER, VI INDSAMLER<\/h2>\n<p>N\u00e5r du bes\u00f8ger webstedet, indsamler vi automatisk visse oplysninger om din enhed, herunder oplysninger om din webbrowser, IP-adresse, tidszone og nogle af de cookies, der er installeret p\u00e5 din enhed. N\u00e5r du surfer p\u00e5 webstedet, indsamler vi desuden oplysninger om de enkelte websider eller produkter, du ser, hvilke websteder eller s\u00f8getermer, der henviste dig til webstedet, og oplysninger om, hvordan du interagerer med webstedet. Vi henviser til disse automatisk indsamlede oplysninger som \"Enhedsoplysninger\".<\/p>\n<p>Vi indsamler enhedsoplysninger ved hj\u00e6lp af f\u00f8lgende teknologier:<\/p>\n<ul>\n<li>\"Cookies\" er datafiler, der placeres p\u00e5 din enhed eller computer, og som ofte indeholder en anonym unik identifikator. For mere information om cookies, og hvordan du deaktiverer cookies, bes\u00f8g http:\/\/www.allaboutcookies.org.<\/li>\n<li>\"Logfiler\" sporer handlinger, der finder sted p\u00e5 webstedet, og indsamler data, herunder din IP-adresse, browsertype, internetudbyder, henvisnings-\/udgangssider og dato\/tidsstempler.<\/li>\n<li>\"Web beacons\", \"tags\" og \"pixels\" er elektroniske filer, der bruges til at registrere oplysninger om, hvordan du surfer p\u00e5 webstedet.<\/li>\n<\/ul>\n<p>N\u00e5r du foretager et k\u00f8b eller fors\u00f8ger at foretage et k\u00f8b via webstedet, indsamler vi desuden visse oplysninger fra dig, herunder dit navn, faktureringsadresse, leveringsadresse, betalingsoplysninger (herunder kreditkortnumre].\n<p>N\u00e5r vi taler om \"personlige oplysninger\" i denne privatlivspolitik, taler vi b\u00e5de om enhedsoplysninger og ordreoplysninger.<\/p>\n<h2>HVORDAN BRUGER VI DINE PERSONLIGE OPLYSNINGER?<\/h2>\n<p>Vi bruger de ordreoplysninger, som vi indsamler, generelt til at opfylde ordrer, der er afgivet via webstedet (herunder behandling af dine betalingsoplysninger, arrangere forsendelse og give dig fakturaer og\/eller ordrebekr\u00e6ftelser). Derudover bruger vi disse ordreoplysninger til at:<\/p>\n<ul>\n<li>Kommunikere med dig;<\/li>\n<li>Screene vores ordrer for potentiel risiko eller svindel; og<\/li>\n<li>N\u00e5r det er i overensstemmelse med de pr\u00e6ferencer, du har delt med os, give dig oplysninger eller reklamer i forbindelse med vores produkter eller tjenester.<\/li>\n<\/ul>\n<p>Vi bruger de enhedsoplysninger, vi indsamler, til at hj\u00e6lpe os med at screene for potentiel risiko og svindel (is\u00e6r din IP-adresse) og mere generelt til at forbedre og optimere vores websted (for eksempel ved at generere analyser om, hvordan vores kunder gennemser og interagerer med webstedet, og til at vurdere succesen af vores marketing- og reklamekampagner).<\/p>\n<h2>DELING AF DINE PERSONLIGE OPLYSNINGER<\/h2>\n<p>Vi deler dine personlige oplysninger med tredjeparter for at hj\u00e6lpe os med at bruge dine personlige oplysninger, som beskrevet ovenfor. For eksempel bruger vi Shopify til at drive vores onlinebutik - du kan l\u00e6se mere om, hvordan Shopify bruger dine personlige oplysninger her: https:\/\/www.shopify.com\/legal\/privacy. Vi bruger ogs\u00e5 Google Analytics til at hj\u00e6lpe os med at forst\u00e5, hvordan vores kunder bruger webstedet - du kan l\u00e6se mere om, hvordan Google bruger dine personlige oplysninger her: https:\/\/www.google.com\/intl\/en\/policies\/privacy\/. Du kan ogs\u00e5 frav\u00e6lge Google Analytics her: https:\/\/tools.google.com\/dlpage\/gaoptout.<\/p>\n<p>Endelig kan vi ogs\u00e5 dele dine personlige oplysninger for at overholde g\u00e6ldende love og regler, for at svare p\u00e5 en st\u00e6vning, ransagningskendelse eller anden lovlig anmodning om oplysninger, vi modtager, eller for p\u00e5 anden m\u00e5de at beskytte vores rettigheder.<\/p>\n<h2>ADF\u00c6RDSBASERET REKLAME<\/h2>\n<p>Som beskrevet ovenfor bruger vi dine personlige oplysninger til at give dig m\u00e5lrettede reklamer eller markedsf\u00f8ringskommunikation, som vi mener kan v\u00e6re af interesse for dig. For mere information om, hvordan m\u00e5lrettet annoncering fungerer, kan du bes\u00f8ge Network Advertising Initiative's (\"NAI\") uddannelsesside p\u00e5 http:\/\/www.networkadvertising.org\/understanding-online-advertising\/how-does-it-work.<\/p>\n<p>Derudover kan du frav\u00e6lge nogle af disse tjenester ved at bes\u00f8ge Digital Advertising Alliance's fravalgsportal p\u00e5: http:\/\/optout.aboutads.info\/.<\/p>\n<h2>SPOR IKKE<\/h2>\n<p>Bem\u00e6rk venligst, at vi ikke \u00e6ndrer vores websteds dataindsamling og brugspraksis, n\u00e5r vi ser et Do Not Track-signal fra din browser.<\/p>\n<h2>DINE RETTIGHEDER<\/h2>\n<p>Hvis du er bosiddende i Europa, har du ret til at f\u00e5 adgang til de personlige oplysninger, vi har om dig, og til at bede om, at dine personlige oplysninger bliver rettet, opdateret eller slettet. Hvis du \u00f8nsker at ud\u00f8ve denne ret, bedes du kontakte os via kontaktoplysningerne nedenfor.<\/p>\n<p>Hvis du er bosiddende i Europa, bem\u00e6rker vi desuden, at vi behandler dine oplysninger for at opfylde kontrakter, vi m\u00e5tte have med dig (for eksempel hvis du foretager en bestilling via webstedet), eller p\u00e5 anden m\u00e5de for at forf\u00f8lge vores legitime forretningsinteresser, der er anf\u00f8rt ovenfor. Bem\u00e6rk desuden, at dine oplysninger vil blive overf\u00f8rt uden for Europa, herunder til Canada og USA.<\/p>\n<h2>OPBEVARING AF DATA<\/h2>\n<p>N\u00e5r du afgiver en ordre via webstedet, vil vi opbevare dine ordreoplysninger i vores arkiver, medmindre og indtil du beder os om at slette disse oplysninger.<\/p>\n<h2>\u00c6NDRINGER<\/h2>\n<p>Vi kan opdatere denne privatlivspolitik fra tid til anden for at afspejle f.eks. \u00e6ndringer i vores praksis eller af andre driftsm\u00e6ssige, juridiske eller lovgivningsm\u00e6ssige \u00e5rsager.<\/p>\n<h2>KONTAKT OS<\/h2>\n<p>For more information about our privacy practices, if you have questions, or if you would like to make a complaint, please contact us by e-mail at contact@ozponcho.com.au or by mail using the details provided below:<\/p>\nOZ Poncho\n36 Hurtle Square<br \/>\nAdelaide SA 5000<br \/>\nAustralien<\/p>","protected":false},"excerpt":{"rendered":"<p>This Privacy Policy describes how your personal information is collected, used,and shared when you visit or make a purchase from (the \u201cSite\u201d). PERSONAL INFORMATION WE COLLECT When you visit the Site, we automatically collect certain information about your device, including information about your web browser, IP address, time zone, and some of the cookies that [&#8230;]","protected":false},"author":1,"featured_media":0,"parent":0,"menu_order":0,"comment_status":"closed","ping_status":"closed","template":"page-blank-title-center.php","meta":{"footnotes":""},"class_list":["post-23","page","type-page","status-publish","hentry"],"yoast_head":"<!-- This site is optimized with the Yoast SEO plugin v25.9 - https:\/\/yoast.com\/wordpress\/plugins\/seo\/ -->\n<title>Privacy Policy | OZ Poncho<\/title>\n<meta name=\"robots\" content=\"noindex, follow\" \/>\n<meta property=\"og:locale\" content=\"da_DK\" \/>\n<meta property=\"og:type\" content=\"article\" \/>\n<meta property=\"og:title\" content=\"Privacy Policy | OZ Poncho\" \/>\n<meta property=\"og:description\" content=\"This Privacy Policy describes how your personal information is collected, used,and shared when you visit or make a purchase from (the \u201cSite\u201d). PERSONAL INFORMATION WE COLLECT When you visit the Site, we automatically collect certain information about your device, including information about your web browser, IP address, time zone, and some of the cookies that [...]\" \/>\n<meta property=\"og:url\" content=\"https:\/\/ozponcho.com.au\/da\/privatlivspolitik\/\" \/>\n<meta property=\"og:site_name\" content=\"OZ Poncho\" \/>\n<meta property=\"article:modified_time\" content=\"2023-11-08T10:11:28+00:00\" \/>\n<meta name=\"twitter:card\" content=\"summary_large_image\" \/>\n<meta name=\"twitter:label1\" content=\"Estimeret l\u00e6setid\" \/>\n\t<meta name=\"twitter:data1\" content=\"4 minutter\" \/>\n<script type=\"application\/ld+json\" class=\"yoast-schema-graph\">{\"@context\":\"https:\/\/schema.org\",\"@graph\":[{\"@type\":\"WebPage\",\"@id\":\"https:\/\/ozponcho.com.au\/privacy-policy\/\",\"url\":\"https:\/\/ozponcho.com.au\/privacy-policy\/\",\"name\":\"Privacy Policy | OZ Poncho\",\"isPartOf\":{\"@id\":\"https:\/\/ozponcho.com.au\/#website\"},\"datePublished\":\"2022-11-26T04:51:17+00:00\",\"dateModified\":\"2023-11-08T10:11:28+00:00\",\"breadcrumb\":{\"@id\":\"https:\/\/ozponcho.com.au\/privacy-policy\/#breadcrumb\"},\"inLanguage\":\"da-DK\",\"potentialAction\":[{\"@type\":\"ReadAction\",\"target\":[\"https:\/\/ozponcho.com.au\/privacy-policy\/\"]}]},{\"@type\":\"BreadcrumbList\",\"@id\":\"https:\/\/ozponcho.com.au\/privacy-policy\/#breadcrumb\",\"itemListElement\":[{\"@type\":\"ListItem\",\"position\":1,\"name\":\"Home\",\"item\":\"https:\/\/ozponcho.com.au\/\"},{\"@type\":\"ListItem\",\"position\":2,\"name\":\"Privacy Policy\"}]},{\"@type\":\"WebSite\",\"@id\":\"https:\/\/ozponcho.com.au\/#website\",\"url\":\"https:\/\/ozponcho.com.au\/\",\"name\":\"OZ Poncho\",\"description\":\"\",\"potentialAction\":[{\"@type\":\"SearchAction\",\"target\":{\"@type\":\"EntryPoint\",\"urlTemplate\":\"https:\/\/ozponcho.com.au\/?s={search_term_string}\"},\"query-input\":{\"@type\":\"PropertyValueSpecification\",\"valueRequired\":true,\"valueName\":\"search_term_string\"}}],\"inLanguage\":\"da-DK\"}]}<\/script>\n<!-- \/ Yoast SEO plugin. -->","yoast_head_json":{"title":"Privatlivspolitik | OZ Poncho","robots":{"index":"noindex","follow":"follow"},"og_locale":"da_DK","og_type":"article","og_title":"Privacy Policy | OZ Poncho","og_description":"This Privacy Policy describes how your personal information is collected, used,and shared when you visit or make a purchase from (the \u201cSite\u201d). PERSONAL INFORMATION WE COLLECT When you visit the Site, we automatically collect certain information about your device, including information about your web browser, IP address, time zone, and some of the cookies that [...]","og_url":"https:\/\/ozponcho.com.au\/da\/privatlivspolitik\/","og_site_name":"OZ Poncho","article_modified_time":"2023-11-08T10:11:28+00:00","twitter_card":"summary_large_image","twitter_misc":{"Estimeret l\u00e6setid":"4 minutter"},"schema":{"@context":"https:\/\/schema.org","@graph":[{"@type":"WebPage","@id":"https:\/\/ozponcho.com.au\/privacy-policy\/","url":"https:\/\/ozponcho.com.au\/privacy-policy\/","name":"Privatlivspolitik | OZ Poncho","isPartOf":{"@id":"https:\/\/ozponcho.com.au\/#website"},"datePublished":"2022-11-26T04:51:17+00:00","dateModified":"2023-11-08T10:11:28+00:00","breadcrumb":{"@id":"https:\/\/ozponcho.com.au\/privacy-policy\/#breadcrumb"},"inLanguage":"da-DK","potentialAction":[{"@type":"ReadAction","target":["https:\/\/ozponcho.com.au\/privacy-policy\/"]}]},{"@type":"BreadcrumbList","@id":"https:\/\/ozponcho.com.au\/privacy-policy\/#breadcrumb","itemListElement":[{"@type":"ListItem","position":1,"name":"Home","item":"https:\/\/ozponcho.com.au\/"},{"@type":"ListItem","position":2,"name":"Privacy Policy"}]},{"@type":"WebSite","@id":"https:\/\/ozponcho.com.au\/#website","url":"https:\/\/ozponcho.com.au\/","name":"OZ Poncho","description":"","potentialAction":[{"@type":"SearchAction","target":{"@type":"EntryPoint","urlTemplate":"https:\/\/ozponcho.com.au\/?s={search_term_string}"},"query-input":{"@type":"PropertyValueSpecification","valueRequired":true,"valueName":"search_term_string"}}],"inLanguage":"da-DK"}]}},"_links":{"self":[{"href":"https:\/\/ozponcho.com.au\/da\/wp-json\/wp\/v2\/pages\/23","targetHints":{"allow":["GET"]}}],"collection":[{"href":"https:\/\/ozponcho.com.au\/da\/wp-json\/wp\/v2\/pages"}],"about":[{"href":"https:\/\/ozponcho.com.au\/da\/wp-json\/wp\/v2\/types\/page"}],"author":[{"embeddable":true,"href":"https:\/\/ozponcho.com.au\/da\/wp-json\/wp\/v2\/users\/1"}],"replies":[{"embeddable":true,"href":"https:\/\/ozponcho.com.au\/da\/wp-json\/wp\/v2\/comments?post=23"}],"version-history":[{"count":0,"href":"https:\/\/ozponcho.com.au\/da\/wp-json\/wp\/v2\/pages\/23\/revisions"}],"wp:attachment":[{"href":"https:\/\/ozponcho.com.au\/da\/wp-json\/wp\/v2\/media?parent=23"}],"curies":[{"name":"wp","href":"https:\/\/api.w.org\/{rel}","templated":true}]}}