{"id":21,"date":"2022-11-26T14:06:36","date_gmt":"2022-11-26T03:06:36","guid":{"rendered":"https:\/\/ozponcho.com.au\/?page_id=21"},"modified":"2023-01-29T03:41:47","modified_gmt":"2023-01-28T16:41:47","slug":"customer-reviews","status":"publish","type":"page","link":"https:\/\/ozponcho.com.au\/da\/kundeanmeldelser\/","title":{"rendered":"Kundeanmeldelser"},"content":{"rendered":"<p>Velkommen til siden med kundeanmeldelser af Oz Poncho Clothing! Her kan du l\u00e6se, hvad vores fantastiske kunder har at sige om vores ponchoer og andre produkter.<\/p>\n<h2>Vores forpligtelse til kundetilfredshed<\/h2>\n<p>Hos Poncho Clothing str\u00e6ber vi efter at give vores kunder den bedst mulige oplevelse, n\u00e5r de handler hos os. Vi er stolte af vores ponchoer og andre produkter, og vi \u00f8nsker, at vores kunder ogs\u00e5 skal f\u00f8le sig stolte af dem. Derfor tager vi kundeservice og kundetilfredshed alvorligt. Vi svarer hurtigt p\u00e5 kundehenvendelser, og vi er altid glade for at arbejde sammen med kunderne for at sikre, at de er tilfredse med deres k\u00f8b. Vi tilbyder ogs\u00e5 en 30-dages tilfredshedsgaranti, s\u00e5 kunderne kan shoppe trygt og vide, at de kan returnere en vare, hvis den ikke lever op til deres forventninger.<\/p>\n<h2>Seneste kundeanmeldelser<\/h2>\n<p>Vi er stolte over at kunne dele de fantastiske anmeldelser, vi har modtaget fra vores kunder, som har k\u00f8bt og nydt vores ponchoer! L\u00e6s videre for at finde ud af, hvorfor de elsker dem s\u00e5 meget.<\/p>\n<p>\"Jeg er helt vild med min Poncho Clothing-poncho. Den er s\u00e5 behagelig og ser ogs\u00e5 godt ud! Det er den perfekte kombination af stil og funktionalitet.\" - Jane<\/p>\n<p>\"Jeg k\u00f8bte Poncho Clothing-ponchoen til min datter, og hun elsker den. Den passer hende perfekt, og hun g\u00e5r med den hele tiden. Kvaliteten af materialet er ogs\u00e5 fantastisk.\" - Michael<\/p>\n<p>\"Jeg elsker min Poncho Clothing poncho! Den er s\u00e5 hyggelig og stilfuld. Jeg f\u00e5r komplimenter, hver gang jeg har den p\u00e5. Jeg kan varmt anbefale dette produkt til alle, der leder efter en god poncho.\" - Abigail, Texas<\/p>\n<p>Vi er begejstrede for at h\u00f8re, at vores kunder elsker deres Poncho Clothing-ponchoer! Vi er s\u00e5 taknemmelige for deres st\u00f8tte og ser frem til at forts\u00e6tte med at give dem de bedste ponchoer p\u00e5 markedet.<\/p>\n<p>Tak, fordi du bes\u00f8gte siden med kundeanmeldelser. Vi h\u00e5ber, at du har nydt at l\u00e6se disse anmeldelser, og at du vil overveje at k\u00f8be en af vores ponchoer til dig selv. Vi er sikre p\u00e5, at du vil elske den lige s\u00e5 meget, som vores kunder g\u00f8r!<\/p>","protected":false},"excerpt":{"rendered":"<p>Welcome to the Customer Reviews page of Oz Poncho Clothing! Here, you can read what our amazing customers have to say about our ponchos and other products. Our commitment to customer satisfaction At Poncho Clothing, we strive to provide our customers with the best possible experience when shopping with us. We are proud of our [&#8230;]","protected":false},"author":1,"featured_media":0,"parent":0,"menu_order":0,"comment_status":"closed","ping_status":"closed","template":"page-blank-title-center.php","meta":{"footnotes":""},"class_list":["post-21","page","type-page","status-publish","hentry"],"yoast_head":"<!-- This site is optimized with the Yoast SEO plugin v25.9 - https:\/\/yoast.com\/wordpress\/plugins\/seo\/ -->\n<title>Customer Reviews | OZ Poncho<\/title>\n<meta name=\"robots\" content=\"index, follow, max-snippet:-1, max-image-preview:large, max-video-preview:-1\" \/>\n<link rel=\"canonical\" href=\"https:\/\/ozponcho.com.au\/da\/kundeanmeldelser\/\" \/>\n<meta property=\"og:locale\" content=\"da_DK\" \/>\n<meta property=\"og:type\" content=\"article\" \/>\n<meta property=\"og:title\" content=\"Customer Reviews | OZ Poncho\" \/>\n<meta property=\"og:description\" content=\"Welcome to the Customer Reviews page of Oz Poncho Clothing! Here, you can read what our amazing customers have to say about our ponchos and other products. Our commitment to customer satisfaction At Poncho Clothing, we strive to provide our customers with the best possible experience when shopping with us. We are proud of our [...]\" \/>\n<meta property=\"og:url\" content=\"https:\/\/ozponcho.com.au\/da\/kundeanmeldelser\/\" \/>\n<meta property=\"og:site_name\" content=\"OZ Poncho\" \/>\n<meta property=\"article:modified_time\" content=\"2023-01-28T16:41:47+00:00\" \/>\n<meta name=\"twitter:card\" content=\"summary_large_image\" \/>\n<meta name=\"twitter:label1\" content=\"Estimeret l\u00e6setid\" \/>\n\t<meta name=\"twitter:data1\" content=\"2 minutter\" \/>\n<script type=\"application\/ld+json\" class=\"yoast-schema-graph\">{\"@context\":\"https:\/\/schema.org\",\"@graph\":[{\"@type\":\"WebPage\",\"@id\":\"https:\/\/ozponcho.com.au\/customer-reviews\/\",\"url\":\"https:\/\/ozponcho.com.au\/customer-reviews\/\",\"name\":\"Customer Reviews | OZ Poncho\",\"isPartOf\":{\"@id\":\"https:\/\/ozponcho.com.au\/#website\"},\"datePublished\":\"2022-11-26T03:06:36+00:00\",\"dateModified\":\"2023-01-28T16:41:47+00:00\",\"breadcrumb\":{\"@id\":\"https:\/\/ozponcho.com.au\/customer-reviews\/#breadcrumb\"},\"inLanguage\":\"da-DK\",\"potentialAction\":[{\"@type\":\"ReadAction\",\"target\":[\"https:\/\/ozponcho.com.au\/customer-reviews\/\"]}]},{\"@type\":\"BreadcrumbList\",\"@id\":\"https:\/\/ozponcho.com.au\/customer-reviews\/#breadcrumb\",\"itemListElement\":[{\"@type\":\"ListItem\",\"position\":1,\"name\":\"Home\",\"item\":\"https:\/\/ozponcho.com.au\/\"},{\"@type\":\"ListItem\",\"position\":2,\"name\":\"Customer Reviews\"}]},{\"@type\":\"WebSite\",\"@id\":\"https:\/\/ozponcho.com.au\/#website\",\"url\":\"https:\/\/ozponcho.com.au\/\",\"name\":\"OZ Poncho\",\"description\":\"\",\"potentialAction\":[{\"@type\":\"SearchAction\",\"target\":{\"@type\":\"EntryPoint\",\"urlTemplate\":\"https:\/\/ozponcho.com.au\/?s={search_term_string}\"},\"query-input\":{\"@type\":\"PropertyValueSpecification\",\"valueRequired\":true,\"valueName\":\"search_term_string\"}}],\"inLanguage\":\"da-DK\"}]}<\/script>\n<!-- \/ Yoast SEO plugin. -->","yoast_head_json":{"title":"Kundeanmeldelser | OZ Poncho","robots":{"index":"index","follow":"follow","max-snippet":"max-snippet:-1","max-image-preview":"max-image-preview:large","max-video-preview":"max-video-preview:-1"},"canonical":"https:\/\/ozponcho.com.au\/da\/kundeanmeldelser\/","og_locale":"da_DK","og_type":"article","og_title":"Customer Reviews | OZ Poncho","og_description":"Welcome to the Customer Reviews page of Oz Poncho Clothing! Here, you can read what our amazing customers have to say about our ponchos and other products. Our commitment to customer satisfaction At Poncho Clothing, we strive to provide our customers with the best possible experience when shopping with us. We are proud of our [...]","og_url":"https:\/\/ozponcho.com.au\/da\/kundeanmeldelser\/","og_site_name":"OZ Poncho","article_modified_time":"2023-01-28T16:41:47+00:00","twitter_card":"summary_large_image","twitter_misc":{"Estimeret l\u00e6setid":"2 minutter"},"schema":{"@context":"https:\/\/schema.org","@graph":[{"@type":"WebPage","@id":"https:\/\/ozponcho.com.au\/customer-reviews\/","url":"https:\/\/ozponcho.com.au\/customer-reviews\/","name":"Kundeanmeldelser | OZ Poncho","isPartOf":{"@id":"https:\/\/ozponcho.com.au\/#website"},"datePublished":"2022-11-26T03:06:36+00:00","dateModified":"2023-01-28T16:41:47+00:00","breadcrumb":{"@id":"https:\/\/ozponcho.com.au\/customer-reviews\/#breadcrumb"},"inLanguage":"da-DK","potentialAction":[{"@type":"ReadAction","target":["https:\/\/ozponcho.com.au\/customer-reviews\/"]}]},{"@type":"BreadcrumbList","@id":"https:\/\/ozponcho.com.au\/customer-reviews\/#breadcrumb","itemListElement":[{"@type":"ListItem","position":1,"name":"Home","item":"https:\/\/ozponcho.com.au\/"},{"@type":"ListItem","position":2,"name":"Customer Reviews"}]},{"@type":"WebSite","@id":"https:\/\/ozponcho.com.au\/#website","url":"https:\/\/ozponcho.com.au\/","name":"OZ Poncho","description":"","potentialAction":[{"@type":"SearchAction","target":{"@type":"EntryPoint","urlTemplate":"https:\/\/ozponcho.com.au\/?s={search_term_string}"},"query-input":{"@type":"PropertyValueSpecification","valueRequired":true,"valueName":"search_term_string"}}],"inLanguage":"da-DK"}]}},"_links":{"self":[{"href":"https:\/\/ozponcho.com.au\/da\/wp-json\/wp\/v2\/pages\/21","targetHints":{"allow":["GET"]}}],"collection":[{"href":"https:\/\/ozponcho.com.au\/da\/wp-json\/wp\/v2\/pages"}],"about":[{"href":"https:\/\/ozponcho.com.au\/da\/wp-json\/wp\/v2\/types\/page"}],"author":[{"embeddable":true,"href":"https:\/\/ozponcho.com.au\/da\/wp-json\/wp\/v2\/users\/1"}],"replies":[{"embeddable":true,"href":"https:\/\/ozponcho.com.au\/da\/wp-json\/wp\/v2\/comments?post=21"}],"version-history":[{"count":0,"href":"https:\/\/ozponcho.com.au\/da\/wp-json\/wp\/v2\/pages\/21\/revisions"}],"wp:attachment":[{"href":"https:\/\/ozponcho.com.au\/da\/wp-json\/wp\/v2\/media?parent=21"}],"curies":[{"name":"wp","href":"https:\/\/api.w.org\/{rel}","templated":true}]}}