{"id":18073,"date":"2024-02-27T07:29:56","date_gmt":"2024-02-26T20:29:56","guid":{"rendered":"https:\/\/ozponcho.com.au\/?post_type=product&#038;p=18073"},"modified":"2025-01-24T23:06:12","modified_gmt":"2025-01-24T12:06:12","slug":"plush-poncho-sweater-teal","status":"publish","type":"product","link":"https:\/\/ozponcho.com.au\/cs\/p\/plysove-ponco-svetr-teal\/","title":{"rendered":"Ply\u0161ov\u00fd svetr Poncho Teal"},"content":{"rendered":"<h1>SPECIFIKACE<\/h1>\n<p>Hmotnost: 400-800 g<\/p>\n<p>Materi\u00e1l: Materi\u00e1l: ply\u0161ov\u00fd flanel \/ polyester<\/p>\n<p><img decoding=\"async\" src=\"https:\/\/ozponcho.com.au\/wp-content\/uploads\/2024\/03\/H3c1399f450734013b36bb70f987b66068.webp\" \/><img decoding=\"async\" src=\"https:\/\/ozponcho.com.au\/wp-content\/uploads\/2024\/03\/Hc2d2003349c344a7b04b882f7cae5ac0Z.webp\" \/><img decoding=\"async\" src=\"https:\/\/ozponcho.com.au\/wp-content\/uploads\/2024\/03\/H4be9f2bf602d493b89610e2aec65f740H.webp\" \/><img decoding=\"async\" src=\"https:\/\/ozponcho.com.au\/wp-content\/uploads\/2024\/03\/Hd153a6382b844ea7a57af6c8345a5705B.webp\" \/><\/p>\n<p>&nbsp;<\/p>\n<p>&nbsp;<\/p>\n<p>&nbsp;<\/p>\n<p>&nbsp;<\/p>","protected":false},"excerpt":{"rendered":"<p>SPECIFICATIONS Weight: 400-800g Material: Plush Flannel \/ Polyester &nbsp; &nbsp; &nbsp; &nbsp;<\/p>","protected":false},"featured_media":18072,"template":"","meta":[],"product_brand":[],"product_cat":[229,227,15],"product_tag":[],"class_list":{"0":"post-18073","1":"product","2":"type-product","3":"status-publish","4":"has-post-thumbnail","6":"product_cat-blanket-poncho","7":"product_cat-hooded-poncho","8":"product_cat-main-category","10":"first","11":"instock","12":"shipping-taxable","13":"purchasable","14":"product-type-variable"},"yoast_head":"<!-- This site is optimized with the Yoast SEO plugin v25.9 - https:\/\/yoast.com\/wordpress\/plugins\/seo\/ -->\n<title>Plush Poncho Sweater Teal | \u010cesk\u00e1 republika #1 Poncho Shop<\/title>\n<meta name=\"description\" content=\"Looking for a Plush Poncho Sweater Teal ? You&#039;ve come to the right place \ud83d\ude04 We offers a wide selection of Plush Poncho Sweater Teal, perfect for you.\" \/>\n<meta name=\"robots\" content=\"index, follow, max-snippet:-1, max-image-preview:large, max-video-preview:-1\" \/>\n<link rel=\"canonical\" href=\"https:\/\/ozponcho.com.au\/cs\/p\/plysove-ponco-svetr-teal\/\" \/>\n<meta property=\"og:locale\" content=\"cs_CZ\" \/>\n<meta property=\"og:type\" content=\"article\" \/>\n<meta property=\"og:title\" content=\"Plush Poncho Sweater Teal | \u010cesk\u00e1 republika #1 Poncho Shop\" \/>\n<meta property=\"og:description\" content=\"Looking for a Plush Poncho Sweater Teal ? You&#039;ve come to the right place \ud83d\ude04 We offers a wide selection of Plush Poncho Sweater Teal, perfect for you.\" \/>\n<meta property=\"og:url\" content=\"https:\/\/ozponcho.com.au\/cs\/p\/plysove-ponco-svetr-teal\/\" \/>\n<meta property=\"og:site_name\" content=\"OZ Poncho\" \/>\n<meta property=\"article:modified_time\" content=\"2025-01-24T12:06:12+00:00\" \/>\n<meta property=\"og:image\" content=\"https:\/\/ozponcho.com.au\/wp-content\/uploads\/2024\/02\/Hf48cc24d330f497196302f8bf86301bcC-2.webp\" \/>\n\t<meta property=\"og:image:width\" content=\"1000\" \/>\n\t<meta property=\"og:image:height\" content=\"1000\" \/>\n\t<meta property=\"og:image:type\" content=\"image\/webp\" \/>\n<meta name=\"twitter:card\" content=\"summary_large_image\" \/>\n<meta name=\"twitter:label1\" content=\"Odhadovan\u00e1 doba \u010dten\u00ed\" \/>\n\t<meta name=\"twitter:data1\" content=\"2 minuty\" \/>\n<script type=\"application\/ld+json\" class=\"yoast-schema-graph\">{\"@context\":\"https:\/\/schema.org\",\"@graph\":[{\"@type\":\"WebPage\",\"@id\":\"https:\/\/ozponcho.com.au\/p\/plush-poncho-sweater-teal\/\",\"url\":\"https:\/\/ozponcho.com.au\/p\/plush-poncho-sweater-teal\/\",\"name\":\"Plush Poncho Sweater Teal | \u010cesk\u00e1 republika #1 Poncho Shop\",\"isPartOf\":{\"@id\":\"https:\/\/ozponcho.com.au\/#website\"},\"primaryImageOfPage\":{\"@id\":\"https:\/\/ozponcho.com.au\/p\/plush-poncho-sweater-teal\/#primaryimage\"},\"image\":{\"@id\":\"https:\/\/ozponcho.com.au\/p\/plush-poncho-sweater-teal\/#primaryimage\"},\"thumbnailUrl\":\"https:\/\/ozponcho.com.au\/wp-content\/uploads\/2024\/02\/Hf48cc24d330f497196302f8bf86301bcC-2.webp\",\"datePublished\":\"2024-02-26T20:29:56+00:00\",\"dateModified\":\"2025-01-24T12:06:12+00:00\",\"description\":\"Looking for a Plush Poncho Sweater Teal ? You've come to the right place \ud83d\ude04 We offers a wide selection of Plush Poncho Sweater Teal, perfect for you.\",\"breadcrumb\":{\"@id\":\"https:\/\/ozponcho.com.au\/p\/plush-poncho-sweater-teal\/#breadcrumb\"},\"inLanguage\":\"cs\",\"potentialAction\":[{\"@type\":\"ReadAction\",\"target\":[\"https:\/\/ozponcho.com.au\/p\/plush-poncho-sweater-teal\/\"]}]},{\"@type\":\"ImageObject\",\"inLanguage\":\"cs\",\"@id\":\"https:\/\/ozponcho.com.au\/p\/plush-poncho-sweater-teal\/#primaryimage\",\"url\":\"https:\/\/ozponcho.com.au\/wp-content\/uploads\/2024\/02\/Hf48cc24d330f497196302f8bf86301bcC-2.webp\",\"contentUrl\":\"https:\/\/ozponcho.com.au\/wp-content\/uploads\/2024\/02\/Hf48cc24d330f497196302f8bf86301bcC-2.webp\",\"width\":1000,\"height\":1000,\"caption\":\"Plush Poncho Sweater Teal\"},{\"@type\":\"BreadcrumbList\",\"@id\":\"https:\/\/ozponcho.com.au\/p\/plush-poncho-sweater-teal\/#breadcrumb\",\"itemListElement\":[{\"@type\":\"ListItem\",\"position\":1,\"name\":\"Home\",\"item\":\"https:\/\/ozponcho.com.au\/\"},{\"@type\":\"ListItem\",\"position\":2,\"name\":\"Shop\",\"item\":\"https:\/\/ozponcho.com.au\/shop\/\"},{\"@type\":\"ListItem\",\"position\":3,\"name\":\"Plush Poncho Sweater Teal\"}]},{\"@type\":\"WebSite\",\"@id\":\"https:\/\/ozponcho.com.au\/#website\",\"url\":\"https:\/\/ozponcho.com.au\/\",\"name\":\"OZ Poncho\",\"description\":\"\",\"potentialAction\":[{\"@type\":\"SearchAction\",\"target\":{\"@type\":\"EntryPoint\",\"urlTemplate\":\"https:\/\/ozponcho.com.au\/?s={search_term_string}\"},\"query-input\":{\"@type\":\"PropertyValueSpecification\",\"valueRequired\":true,\"valueName\":\"search_term_string\"}}],\"inLanguage\":\"cs\"}]}<\/script>\n<!-- \/ Yoast SEO plugin. -->","yoast_head_json":{"title":"Ply\u0161ov\u00e9 pon\u010do Teal | \u010cesk\u00e1 republika #1 Pon\u010do Shop","description":"Hled\u00e1te ply\u0161ov\u00fd svetr Poncho Teal ? Jste na spr\u00e1vn\u00e9m m\u00edst\u011b \ud83d\ude04 Nab\u00edz\u00edme \u0161irok\u00fd v\u00fdb\u011br Ply\u0161ov\u00e9 pon\u010do svetr Teal, ide\u00e1ln\u00ed pro v\u00e1s.","robots":{"index":"index","follow":"follow","max-snippet":"max-snippet:-1","max-image-preview":"max-image-preview:large","max-video-preview":"max-video-preview:-1"},"canonical":"https:\/\/ozponcho.com.au\/cs\/p\/plysove-ponco-svetr-teal\/","og_locale":"cs_CZ","og_type":"article","og_title":"Plush Poncho Sweater Teal | \u010cesk\u00e1 republika #1 Poncho Shop","og_description":"Looking for a Plush Poncho Sweater Teal ? You've come to the right place \ud83d\ude04 We offers a wide selection of Plush Poncho Sweater Teal, perfect for you.","og_url":"https:\/\/ozponcho.com.au\/cs\/p\/plysove-ponco-svetr-teal\/","og_site_name":"OZ Poncho","article_modified_time":"2025-01-24T12:06:12+00:00","og_image":[{"width":1000,"height":1000,"url":"https:\/\/ozponcho.com.au\/wp-content\/uploads\/2024\/02\/Hf48cc24d330f497196302f8bf86301bcC-2.webp","type":"image\/webp"}],"twitter_card":"summary_large_image","twitter_misc":{"Odhadovan\u00e1 doba \u010dten\u00ed":"2 minuty"},"schema":{"@context":"https:\/\/schema.org","@graph":[{"@type":"WebPage","@id":"https:\/\/ozponcho.com.au\/p\/plush-poncho-sweater-teal\/","url":"https:\/\/ozponcho.com.au\/p\/plush-poncho-sweater-teal\/","name":"Ply\u0161ov\u00e9 pon\u010do Teal | \u010cesk\u00e1 republika #1 Pon\u010do Shop","isPartOf":{"@id":"https:\/\/ozponcho.com.au\/#website"},"primaryImageOfPage":{"@id":"https:\/\/ozponcho.com.au\/p\/plush-poncho-sweater-teal\/#primaryimage"},"image":{"@id":"https:\/\/ozponcho.com.au\/p\/plush-poncho-sweater-teal\/#primaryimage"},"thumbnailUrl":"https:\/\/ozponcho.com.au\/wp-content\/uploads\/2024\/02\/Hf48cc24d330f497196302f8bf86301bcC-2.webp","datePublished":"2024-02-26T20:29:56+00:00","dateModified":"2025-01-24T12:06:12+00:00","description":"Hled\u00e1te ply\u0161ov\u00fd svetr Poncho Teal ? Jste na spr\u00e1vn\u00e9m m\u00edst\u011b \ud83d\ude04 Nab\u00edz\u00edme \u0161irok\u00fd v\u00fdb\u011br Ply\u0161ov\u00e9 pon\u010do svetr Teal, ide\u00e1ln\u00ed pro v\u00e1s.","breadcrumb":{"@id":"https:\/\/ozponcho.com.au\/p\/plush-poncho-sweater-teal\/#breadcrumb"},"inLanguage":"cs","potentialAction":[{"@type":"ReadAction","target":["https:\/\/ozponcho.com.au\/p\/plush-poncho-sweater-teal\/"]}]},{"@type":"ImageObject","inLanguage":"cs","@id":"https:\/\/ozponcho.com.au\/p\/plush-poncho-sweater-teal\/#primaryimage","url":"https:\/\/ozponcho.com.au\/wp-content\/uploads\/2024\/02\/Hf48cc24d330f497196302f8bf86301bcC-2.webp","contentUrl":"https:\/\/ozponcho.com.au\/wp-content\/uploads\/2024\/02\/Hf48cc24d330f497196302f8bf86301bcC-2.webp","width":1000,"height":1000,"caption":"Plush Poncho Sweater Teal"},{"@type":"BreadcrumbList","@id":"https:\/\/ozponcho.com.au\/p\/plush-poncho-sweater-teal\/#breadcrumb","itemListElement":[{"@type":"ListItem","position":1,"name":"Home","item":"https:\/\/ozponcho.com.au\/"},{"@type":"ListItem","position":2,"name":"Shop","item":"https:\/\/ozponcho.com.au\/shop\/"},{"@type":"ListItem","position":3,"name":"Plush Poncho Sweater Teal"}]},{"@type":"WebSite","@id":"https:\/\/ozponcho.com.au\/#website","url":"https:\/\/ozponcho.com.au\/","name":"OZ Poncho","description":"","potentialAction":[{"@type":"SearchAction","target":{"@type":"EntryPoint","urlTemplate":"https:\/\/ozponcho.com.au\/?s={search_term_string}"},"query-input":{"@type":"PropertyValueSpecification","valueRequired":true,"valueName":"search_term_string"}}],"inLanguage":"cs"}]}},"_links":{"self":[{"href":"https:\/\/ozponcho.com.au\/cs\/wp-json\/wp\/v2\/product\/18073","targetHints":{"allow":["GET"]}}],"collection":[{"href":"https:\/\/ozponcho.com.au\/cs\/wp-json\/wp\/v2\/product"}],"about":[{"href":"https:\/\/ozponcho.com.au\/cs\/wp-json\/wp\/v2\/types\/product"}],"wp:featuredmedia":[{"embeddable":true,"href":"https:\/\/ozponcho.com.au\/cs\/wp-json\/wp\/v2\/media\/18072"}],"wp:attachment":[{"href":"https:\/\/ozponcho.com.au\/cs\/wp-json\/wp\/v2\/media?parent=18073"}],"wp:term":[{"taxonomy":"product_brand","embeddable":true,"href":"https:\/\/ozponcho.com.au\/cs\/wp-json\/wp\/v2\/product_brand?post=18073"},{"taxonomy":"product_cat","embeddable":true,"href":"https:\/\/ozponcho.com.au\/cs\/wp-json\/wp\/v2\/product_cat?post=18073"},{"taxonomy":"product_tag","embeddable":true,"href":"https:\/\/ozponcho.com.au\/cs\/wp-json\/wp\/v2\/product_tag?post=18073"}],"curies":[{"name":"wp","href":"https:\/\/api.w.org\/{rel}","templated":true}]}}