{"id":18049,"date":"2024-02-27T07:29:37","date_gmt":"2024-02-26T20:29:37","guid":{"rendered":"https:\/\/ozponcho.com.au\/?post_type=product&#038;p=18049"},"modified":"2025-02-20T07:20:57","modified_gmt":"2025-02-19T20:20:57","slug":"kawaii-halloween-poncho-blanket","status":"publish","type":"product","link":"https:\/\/ozponcho.com.au\/cs\/p\/kawaii-halloween-poncho-blanket\/","title":{"rendered":"Kawaii Halloween Poncho Blanket"},"content":{"rendered":"<h1>SPECIFIKACE<\/h1>\n<p>Feature: Anti-Pilling<\/p>\n<p>Style: Japan Style<\/p>\n<p>Woven Fabric<\/p>\n<p>Weight: 700g<\/p>\n<p>&nbsp;<\/p>\n<p><img decoding=\"async\" src=\"https:\/\/ozponcho.com.au\/wp-content\/uploads\/2024\/03\/S4adafab988f245bc8fd012ff16683aa9L.webp\" \/><img decoding=\"async\" src=\"https:\/\/ozponcho.com.au\/wp-content\/uploads\/2024\/03\/S5aaea59541a94054a89749b0047dbaf5o.webp\" \/><img decoding=\"async\" src=\"https:\/\/ozponcho.com.au\/wp-content\/uploads\/2024\/03\/S8acd6c3464f74cbe8aa0492ce40e7b94R.webp\" \/><img decoding=\"async\" src=\"https:\/\/ozponcho.com.au\/wp-content\/uploads\/2024\/03\/S670fbcdc17b0482c8d4c8bf21740ada7L.webp\" \/><img decoding=\"async\" src=\"https:\/\/ozponcho.com.au\/wp-content\/uploads\/2024\/03\/Sd37928a5b3a84c2db04215ea5485cc6dI.webp\" \/><\/p>\n<p>&nbsp;<\/p>","protected":false},"excerpt":{"rendered":"<p>SPECIFICATIONS Feature: Anti-Pilling Style: Japan Style Woven Fabric Weight: 700g &nbsp; &nbsp;<\/p>","protected":false},"featured_media":18048,"template":"","meta":[],"product_brand":[],"product_cat":[229,15],"product_tag":[],"class_list":{"0":"post-18049","1":"product","2":"type-product","3":"status-publish","4":"has-post-thumbnail","6":"product_cat-blanket-poncho","7":"product_cat-main-category","9":"first","10":"instock","11":"shipping-taxable","12":"purchasable","13":"product-type-variable"},"yoast_head":"<!-- This site is optimized with the Yoast SEO plugin v25.9 - https:\/\/yoast.com\/wordpress\/plugins\/seo\/ -->\n<title>Kawaii Halloween Poncho Blanket | \u010cesk\u00e1 republika #1 Poncho Shop<\/title>\n<meta name=\"description\" content=\"Looking for a Kawaii Halloween Poncho Blanket ? You&#039;ve come to the right place \ud83d\ude04 We offers a wide selection of Kawaii Halloween Poncho Blanket, perfect for you.\" \/>\n<meta name=\"robots\" content=\"index, follow, max-snippet:-1, max-image-preview:large, max-video-preview:-1\" \/>\n<link rel=\"canonical\" href=\"https:\/\/ozponcho.com.au\/cs\/p\/kawaii-halloween-poncho-blanket\/\" \/>\n<meta property=\"og:locale\" content=\"cs_CZ\" \/>\n<meta property=\"og:type\" content=\"article\" \/>\n<meta property=\"og:title\" content=\"Kawaii Halloween Poncho Blanket | \u010cesk\u00e1 republika #1 Poncho Shop\" \/>\n<meta property=\"og:description\" content=\"Looking for a Kawaii Halloween Poncho Blanket ? You&#039;ve come to the right place \ud83d\ude04 We offers a wide selection of Kawaii Halloween Poncho Blanket, perfect for you.\" \/>\n<meta property=\"og:url\" content=\"https:\/\/ozponcho.com.au\/cs\/p\/kawaii-halloween-poncho-blanket\/\" \/>\n<meta property=\"og:site_name\" content=\"OZ Poncho\" \/>\n<meta property=\"article:modified_time\" content=\"2025-02-19T20:20:57+00:00\" \/>\n<meta property=\"og:image\" content=\"https:\/\/ozponcho.com.au\/wp-content\/uploads\/2024\/02\/Sa6434cf90ecf45f2b5e61cdfd6a476b86-1.webp\" \/>\n\t<meta property=\"og:image:width\" content=\"800\" \/>\n\t<meta property=\"og:image:height\" content=\"800\" \/>\n\t<meta property=\"og:image:type\" content=\"image\/webp\" \/>\n<meta name=\"twitter:card\" content=\"summary_large_image\" \/>\n<meta name=\"twitter:label1\" content=\"Odhadovan\u00e1 doba \u010dten\u00ed\" \/>\n\t<meta name=\"twitter:data1\" content=\"2 minuty\" \/>\n<script type=\"application\/ld+json\" class=\"yoast-schema-graph\">{\"@context\":\"https:\/\/schema.org\",\"@graph\":[{\"@type\":\"WebPage\",\"@id\":\"https:\/\/ozponcho.com.au\/p\/kawaii-halloween-poncho-blanket\/\",\"url\":\"https:\/\/ozponcho.com.au\/p\/kawaii-halloween-poncho-blanket\/\",\"name\":\"Kawaii Halloween Poncho Blanket | \u010cesk\u00e1 republika #1 Poncho Shop\",\"isPartOf\":{\"@id\":\"https:\/\/ozponcho.com.au\/#website\"},\"primaryImageOfPage\":{\"@id\":\"https:\/\/ozponcho.com.au\/p\/kawaii-halloween-poncho-blanket\/#primaryimage\"},\"image\":{\"@id\":\"https:\/\/ozponcho.com.au\/p\/kawaii-halloween-poncho-blanket\/#primaryimage\"},\"thumbnailUrl\":\"https:\/\/ozponcho.com.au\/wp-content\/uploads\/2024\/02\/Sa6434cf90ecf45f2b5e61cdfd6a476b86-1.webp\",\"datePublished\":\"2024-02-26T20:29:37+00:00\",\"dateModified\":\"2025-02-19T20:20:57+00:00\",\"description\":\"Looking for a Kawaii Halloween Poncho Blanket ? You've come to the right place \ud83d\ude04 We offers a wide selection of Kawaii Halloween Poncho Blanket, perfect for you.\",\"breadcrumb\":{\"@id\":\"https:\/\/ozponcho.com.au\/p\/kawaii-halloween-poncho-blanket\/#breadcrumb\"},\"inLanguage\":\"cs\",\"potentialAction\":[{\"@type\":\"ReadAction\",\"target\":[\"https:\/\/ozponcho.com.au\/p\/kawaii-halloween-poncho-blanket\/\"]}]},{\"@type\":\"ImageObject\",\"inLanguage\":\"cs\",\"@id\":\"https:\/\/ozponcho.com.au\/p\/kawaii-halloween-poncho-blanket\/#primaryimage\",\"url\":\"https:\/\/ozponcho.com.au\/wp-content\/uploads\/2024\/02\/Sa6434cf90ecf45f2b5e61cdfd6a476b86-1.webp\",\"contentUrl\":\"https:\/\/ozponcho.com.au\/wp-content\/uploads\/2024\/02\/Sa6434cf90ecf45f2b5e61cdfd6a476b86-1.webp\",\"width\":800,\"height\":800,\"caption\":\"Kawaii Halloween Poncho Blanket\"},{\"@type\":\"BreadcrumbList\",\"@id\":\"https:\/\/ozponcho.com.au\/p\/kawaii-halloween-poncho-blanket\/#breadcrumb\",\"itemListElement\":[{\"@type\":\"ListItem\",\"position\":1,\"name\":\"Home\",\"item\":\"https:\/\/ozponcho.com.au\/\"},{\"@type\":\"ListItem\",\"position\":2,\"name\":\"Shop\",\"item\":\"https:\/\/ozponcho.com.au\/shop\/\"},{\"@type\":\"ListItem\",\"position\":3,\"name\":\"Kawaii Halloween Poncho Blanket\"}]},{\"@type\":\"WebSite\",\"@id\":\"https:\/\/ozponcho.com.au\/#website\",\"url\":\"https:\/\/ozponcho.com.au\/\",\"name\":\"OZ Poncho\",\"description\":\"\",\"potentialAction\":[{\"@type\":\"SearchAction\",\"target\":{\"@type\":\"EntryPoint\",\"urlTemplate\":\"https:\/\/ozponcho.com.au\/?s={search_term_string}\"},\"query-input\":{\"@type\":\"PropertyValueSpecification\",\"valueRequired\":true,\"valueName\":\"search_term_string\"}}],\"inLanguage\":\"cs\"}]}<\/script>\n<!-- \/ Yoast SEO plugin. -->","yoast_head_json":{"title":"Kawaii Halloween Poncho Blanket | \u010cesk\u00e1 republika #1 Poncho Shop","description":"Looking for a Kawaii Halloween Poncho Blanket ? You've come to the right place \ud83d\ude04 We offers a wide selection of Kawaii Halloween Poncho Blanket, perfect for you.","robots":{"index":"index","follow":"follow","max-snippet":"max-snippet:-1","max-image-preview":"max-image-preview:large","max-video-preview":"max-video-preview:-1"},"canonical":"https:\/\/ozponcho.com.au\/cs\/p\/kawaii-halloween-poncho-blanket\/","og_locale":"cs_CZ","og_type":"article","og_title":"Kawaii Halloween Poncho Blanket | \u010cesk\u00e1 republika #1 Poncho Shop","og_description":"Looking for a Kawaii Halloween Poncho Blanket ? You've come to the right place \ud83d\ude04 We offers a wide selection of Kawaii Halloween Poncho Blanket, perfect for you.","og_url":"https:\/\/ozponcho.com.au\/cs\/p\/kawaii-halloween-poncho-blanket\/","og_site_name":"OZ Poncho","article_modified_time":"2025-02-19T20:20:57+00:00","og_image":[{"width":800,"height":800,"url":"https:\/\/ozponcho.com.au\/wp-content\/uploads\/2024\/02\/Sa6434cf90ecf45f2b5e61cdfd6a476b86-1.webp","type":"image\/webp"}],"twitter_card":"summary_large_image","twitter_misc":{"Odhadovan\u00e1 doba \u010dten\u00ed":"2 minuty"},"schema":{"@context":"https:\/\/schema.org","@graph":[{"@type":"WebPage","@id":"https:\/\/ozponcho.com.au\/p\/kawaii-halloween-poncho-blanket\/","url":"https:\/\/ozponcho.com.au\/p\/kawaii-halloween-poncho-blanket\/","name":"Kawaii Halloween Poncho Blanket | \u010cesk\u00e1 republika #1 Poncho Shop","isPartOf":{"@id":"https:\/\/ozponcho.com.au\/#website"},"primaryImageOfPage":{"@id":"https:\/\/ozponcho.com.au\/p\/kawaii-halloween-poncho-blanket\/#primaryimage"},"image":{"@id":"https:\/\/ozponcho.com.au\/p\/kawaii-halloween-poncho-blanket\/#primaryimage"},"thumbnailUrl":"https:\/\/ozponcho.com.au\/wp-content\/uploads\/2024\/02\/Sa6434cf90ecf45f2b5e61cdfd6a476b86-1.webp","datePublished":"2024-02-26T20:29:37+00:00","dateModified":"2025-02-19T20:20:57+00:00","description":"Looking for a Kawaii Halloween Poncho Blanket ? You've come to the right place \ud83d\ude04 We offers a wide selection of Kawaii Halloween Poncho Blanket, perfect for you.","breadcrumb":{"@id":"https:\/\/ozponcho.com.au\/p\/kawaii-halloween-poncho-blanket\/#breadcrumb"},"inLanguage":"cs","potentialAction":[{"@type":"ReadAction","target":["https:\/\/ozponcho.com.au\/p\/kawaii-halloween-poncho-blanket\/"]}]},{"@type":"ImageObject","inLanguage":"cs","@id":"https:\/\/ozponcho.com.au\/p\/kawaii-halloween-poncho-blanket\/#primaryimage","url":"https:\/\/ozponcho.com.au\/wp-content\/uploads\/2024\/02\/Sa6434cf90ecf45f2b5e61cdfd6a476b86-1.webp","contentUrl":"https:\/\/ozponcho.com.au\/wp-content\/uploads\/2024\/02\/Sa6434cf90ecf45f2b5e61cdfd6a476b86-1.webp","width":800,"height":800,"caption":"Kawaii Halloween Poncho Blanket"},{"@type":"BreadcrumbList","@id":"https:\/\/ozponcho.com.au\/p\/kawaii-halloween-poncho-blanket\/#breadcrumb","itemListElement":[{"@type":"ListItem","position":1,"name":"Home","item":"https:\/\/ozponcho.com.au\/"},{"@type":"ListItem","position":2,"name":"Shop","item":"https:\/\/ozponcho.com.au\/shop\/"},{"@type":"ListItem","position":3,"name":"Kawaii Halloween Poncho Blanket"}]},{"@type":"WebSite","@id":"https:\/\/ozponcho.com.au\/#website","url":"https:\/\/ozponcho.com.au\/","name":"OZ Poncho","description":"","potentialAction":[{"@type":"SearchAction","target":{"@type":"EntryPoint","urlTemplate":"https:\/\/ozponcho.com.au\/?s={search_term_string}"},"query-input":{"@type":"PropertyValueSpecification","valueRequired":true,"valueName":"search_term_string"}}],"inLanguage":"cs"}]}},"_links":{"self":[{"href":"https:\/\/ozponcho.com.au\/cs\/wp-json\/wp\/v2\/product\/18049","targetHints":{"allow":["GET"]}}],"collection":[{"href":"https:\/\/ozponcho.com.au\/cs\/wp-json\/wp\/v2\/product"}],"about":[{"href":"https:\/\/ozponcho.com.au\/cs\/wp-json\/wp\/v2\/types\/product"}],"wp:featuredmedia":[{"embeddable":true,"href":"https:\/\/ozponcho.com.au\/cs\/wp-json\/wp\/v2\/media\/18048"}],"wp:attachment":[{"href":"https:\/\/ozponcho.com.au\/cs\/wp-json\/wp\/v2\/media?parent=18049"}],"wp:term":[{"taxonomy":"product_brand","embeddable":true,"href":"https:\/\/ozponcho.com.au\/cs\/wp-json\/wp\/v2\/product_brand?post=18049"},{"taxonomy":"product_cat","embeddable":true,"href":"https:\/\/ozponcho.com.au\/cs\/wp-json\/wp\/v2\/product_cat?post=18049"},{"taxonomy":"product_tag","embeddable":true,"href":"https:\/\/ozponcho.com.au\/cs\/wp-json\/wp\/v2\/product_tag?post=18049"}],"curies":[{"name":"wp","href":"https:\/\/api.w.org\/{rel}","templated":true}]}}