{"id":17831,"date":"2024-01-21T19:47:07","date_gmt":"2024-01-21T08:47:07","guid":{"rendered":"https:\/\/ozponcho.com.au\/?post_type=product&#038;p=17831"},"modified":"2024-12-16T15:51:11","modified_gmt":"2024-12-16T04:51:11","slug":"stylish-mens-tassel-cape","status":"publish","type":"product","link":"https:\/\/ozponcho.com.au\/cs\/p\/stylovy-pansky-plast-se-strapci\/","title":{"rendered":"P\u00e1nsk\u00e9 \u0161ed\u00e9 pon\u010do s t\u0159\u00e1sn\u011bmi"},"content":{"rendered":"<p>Oboha\u0165te sv\u016fj \u0161atn\u00edk o p\u00e1nsk\u00e9 \u0161ed\u00e9 pon\u010do s t\u0159\u00e1sn\u011bmi, kter\u00e9 je dokonalou kombinac\u00ed pohodl\u00ed a modern\u00edho stylu. Toto p\u0159il\u00e9hav\u00e9 pon\u010do vyroben\u00e9 z vysoce kvalitn\u00ed bavlny a zakon\u010den\u00e9 jedine\u010dn\u00fdm t\u0159\u00e1s\u0148ov\u00fdm vzorem nab\u00edz\u00ed sv\u011b\u017e\u00ed pojet\u00ed b\u011b\u017en\u00e9ho pon\u010da. A\u0165 u\u017e jdete na n\u00e1kupy nebo si u\u017e\u00edv\u00e1te neform\u00e1ln\u00ed den venku, s t\u00edmto univerz\u00e1ln\u00edm kouskem vhodn\u00fdm pro v\u0161echna ro\u010dn\u00ed obdob\u00ed se jist\u011b oto\u010d\u00edte. Jeho voln\u00fd st\u0159ih zaji\u0161\u0165uje uvoln\u011bnost a z\u00e1rove\u0148 zt\u011bles\u0148uje podstatu korejsk\u00e9 streetwearov\u00e9 m\u00f3dy. P\u0159ijm\u011bte modern\u00ed punkovou atmosf\u00e9ru a ud\u011blejte odv\u00e1\u017en\u00e9 prohl\u00e1\u0161en\u00ed s t\u00edmto pl\u00e1\u0161t\u011bm, kter\u00fd mus\u00edte m\u00edt.<\/p>\n<h2>SPECIFIKACE<\/h2>\n<div>\n<div>\n<div><img decoding=\"async\" src=\"https:\/\/ozponcho.com.au\/wp-content\/uploads\/2024\/03\/Sbaff36628c8041069432c30258a21f043.webp\" \/><\/div>\n<div><img decoding=\"async\" src=\"https:\/\/ozponcho.com.au\/wp-content\/uploads\/2024\/03\/Sb54e879e2a1c4f2da5b04438220ed814w.webp\" \/><\/div>\n<\/div>\n<\/div>","protected":false},"excerpt":{"rendered":"<p>Elevate your wardrobe with our Men&#8217;s Grey Fringe Poncho, a perfect blend of comfort and contemporary flair. This snug poncho, crafted with high-quality cotton and finished with a unique fringe design, offers a fresh take on the conventional poncho. Whether you&#8217;re out shopping or enjoying a casual day out, this versatile piece, suitable for all [&#8230;]","protected":false},"featured_media":17834,"template":"","meta":[],"product_brand":[],"product_cat":[225,15,228,211],"product_tag":[],"class_list":{"0":"post-17831","1":"product","2":"type-product","3":"status-publish","4":"has-post-thumbnail","6":"product_cat-grey-poncho","7":"product_cat-main-category","8":"product_cat-poncho-sweater","9":"product_cat-poncho-men","11":"first","12":"instock","13":"shipping-taxable","14":"purchasable","15":"product-type-variable"},"yoast_head":"<!-- This site is optimized with the Yoast SEO plugin v25.9 - https:\/\/yoast.com\/wordpress\/plugins\/seo\/ -->\n<title>Men&#039;s Grey Fringe Poncho | \u010cesk\u00e1 republika #1 Poncho Shop<\/title>\n<meta name=\"description\" content=\"Looking for a Men&#039;s Grey Fringe Poncho ? You&#039;ve come to the right place \ud83d\ude04 We offers a wide selection of Men&#039;s Grey Fringe Poncho, perfect for you.\" \/>\n<meta name=\"robots\" content=\"index, follow, max-snippet:-1, max-image-preview:large, max-video-preview:-1\" \/>\n<link rel=\"canonical\" href=\"https:\/\/ozponcho.com.au\/cs\/p\/stylovy-pansky-plast-se-strapci\/\" \/>\n<meta property=\"og:locale\" content=\"cs_CZ\" \/>\n<meta property=\"og:type\" content=\"article\" \/>\n<meta property=\"og:title\" content=\"Men&#039;s Grey Fringe Poncho | \u010cesk\u00e1 republika #1 Poncho Shop\" \/>\n<meta property=\"og:description\" content=\"Looking for a Men&#039;s Grey Fringe Poncho ? You&#039;ve come to the right place \ud83d\ude04 We offers a wide selection of Men&#039;s Grey Fringe Poncho, perfect for you.\" \/>\n<meta property=\"og:url\" content=\"https:\/\/ozponcho.com.au\/cs\/p\/stylovy-pansky-plast-se-strapci\/\" \/>\n<meta property=\"og:site_name\" content=\"OZ Poncho\" \/>\n<meta property=\"article:modified_time\" content=\"2024-12-16T04:51:11+00:00\" \/>\n<meta property=\"og:image\" content=\"https:\/\/ozponcho.com.au\/wp-content\/uploads\/2024\/01\/Sd448739a4b46422c9871cd4b715d6091a-1.webp\" \/>\n\t<meta property=\"og:image:width\" content=\"1000\" \/>\n\t<meta property=\"og:image:height\" content=\"1000\" \/>\n\t<meta property=\"og:image:type\" content=\"image\/webp\" \/>\n<meta name=\"twitter:card\" content=\"summary_large_image\" \/>\n<meta name=\"twitter:label1\" content=\"Odhadovan\u00e1 doba \u010dten\u00ed\" \/>\n\t<meta name=\"twitter:data1\" content=\"1 minuta\" \/>\n<script type=\"application\/ld+json\" class=\"yoast-schema-graph\">{\"@context\":\"https:\/\/schema.org\",\"@graph\":[{\"@type\":\"WebPage\",\"@id\":\"https:\/\/ozponcho.com.au\/p\/stylish-mens-tassel-cape\/\",\"url\":\"https:\/\/ozponcho.com.au\/p\/stylish-mens-tassel-cape\/\",\"name\":\"Men's Grey Fringe Poncho | \u010cesk\u00e1 republika #1 Poncho Shop\",\"isPartOf\":{\"@id\":\"https:\/\/ozponcho.com.au\/#website\"},\"primaryImageOfPage\":{\"@id\":\"https:\/\/ozponcho.com.au\/p\/stylish-mens-tassel-cape\/#primaryimage\"},\"image\":{\"@id\":\"https:\/\/ozponcho.com.au\/p\/stylish-mens-tassel-cape\/#primaryimage\"},\"thumbnailUrl\":\"https:\/\/ozponcho.com.au\/wp-content\/uploads\/2024\/01\/Sd448739a4b46422c9871cd4b715d6091a-1.webp\",\"datePublished\":\"2024-01-21T08:47:07+00:00\",\"dateModified\":\"2024-12-16T04:51:11+00:00\",\"description\":\"Looking for a Men's Grey Fringe Poncho ? You've come to the right place \ud83d\ude04 We offers a wide selection of Men's Grey Fringe Poncho, perfect for you.\",\"breadcrumb\":{\"@id\":\"https:\/\/ozponcho.com.au\/p\/stylish-mens-tassel-cape\/#breadcrumb\"},\"inLanguage\":\"cs\",\"potentialAction\":[{\"@type\":\"ReadAction\",\"target\":[\"https:\/\/ozponcho.com.au\/p\/stylish-mens-tassel-cape\/\"]}]},{\"@type\":\"ImageObject\",\"inLanguage\":\"cs\",\"@id\":\"https:\/\/ozponcho.com.au\/p\/stylish-mens-tassel-cape\/#primaryimage\",\"url\":\"https:\/\/ozponcho.com.au\/wp-content\/uploads\/2024\/01\/Sd448739a4b46422c9871cd4b715d6091a-1.webp\",\"contentUrl\":\"https:\/\/ozponcho.com.au\/wp-content\/uploads\/2024\/01\/Sd448739a4b46422c9871cd4b715d6091a-1.webp\",\"width\":1000,\"height\":1000,\"caption\":\"Men's Grey Fringe Poncho\"},{\"@type\":\"BreadcrumbList\",\"@id\":\"https:\/\/ozponcho.com.au\/p\/stylish-mens-tassel-cape\/#breadcrumb\",\"itemListElement\":[{\"@type\":\"ListItem\",\"position\":1,\"name\":\"Home\",\"item\":\"https:\/\/ozponcho.com.au\/\"},{\"@type\":\"ListItem\",\"position\":2,\"name\":\"Shop\",\"item\":\"https:\/\/ozponcho.com.au\/shop\/\"},{\"@type\":\"ListItem\",\"position\":3,\"name\":\"Men&#8217;s Grey Fringe Poncho\"}]},{\"@type\":\"WebSite\",\"@id\":\"https:\/\/ozponcho.com.au\/#website\",\"url\":\"https:\/\/ozponcho.com.au\/\",\"name\":\"OZ Poncho\",\"description\":\"\",\"potentialAction\":[{\"@type\":\"SearchAction\",\"target\":{\"@type\":\"EntryPoint\",\"urlTemplate\":\"https:\/\/ozponcho.com.au\/?s={search_term_string}\"},\"query-input\":{\"@type\":\"PropertyValueSpecification\",\"valueRequired\":true,\"valueName\":\"search_term_string\"}}],\"inLanguage\":\"cs\"}]}<\/script>\n<!-- \/ Yoast SEO plugin. -->","yoast_head_json":{"title":"P\u00e1nsk\u00e9 \u0161ed\u00e9 pon\u010do s t\u0159\u00e1sn\u011bmi | \u010cesk\u00e1 republika #1 Pon\u010do Shop","description":"Hled\u00e1te p\u00e1nsk\u00e9 \u0161ed\u00e9 pon\u010do s t\u0159\u00e1sn\u011bmi ? Jste na spr\u00e1vn\u00e9m m\u00edst\u011b \ud83d\ude04 Nab\u00edz\u00edme \u0161irok\u00fd v\u00fdb\u011br p\u00e1nsk\u00fdch pon\u010da Grey Fringe Poncho, kter\u00e9 jsou pro v\u00e1s ide\u00e1ln\u00ed.","robots":{"index":"index","follow":"follow","max-snippet":"max-snippet:-1","max-image-preview":"max-image-preview:large","max-video-preview":"max-video-preview:-1"},"canonical":"https:\/\/ozponcho.com.au\/cs\/p\/stylovy-pansky-plast-se-strapci\/","og_locale":"cs_CZ","og_type":"article","og_title":"Men's Grey Fringe Poncho | \u010cesk\u00e1 republika #1 Poncho Shop","og_description":"Looking for a Men's Grey Fringe Poncho ? You've come to the right place \ud83d\ude04 We offers a wide selection of Men's Grey Fringe Poncho, perfect for you.","og_url":"https:\/\/ozponcho.com.au\/cs\/p\/stylovy-pansky-plast-se-strapci\/","og_site_name":"OZ Poncho","article_modified_time":"2024-12-16T04:51:11+00:00","og_image":[{"width":1000,"height":1000,"url":"https:\/\/ozponcho.com.au\/wp-content\/uploads\/2024\/01\/Sd448739a4b46422c9871cd4b715d6091a-1.webp","type":"image\/webp"}],"twitter_card":"summary_large_image","twitter_misc":{"Odhadovan\u00e1 doba \u010dten\u00ed":"1 minuta"},"schema":{"@context":"https:\/\/schema.org","@graph":[{"@type":"WebPage","@id":"https:\/\/ozponcho.com.au\/p\/stylish-mens-tassel-cape\/","url":"https:\/\/ozponcho.com.au\/p\/stylish-mens-tassel-cape\/","name":"P\u00e1nsk\u00e9 \u0161ed\u00e9 pon\u010do s t\u0159\u00e1sn\u011bmi | \u010cesk\u00e1 republika #1 Pon\u010do Shop","isPartOf":{"@id":"https:\/\/ozponcho.com.au\/#website"},"primaryImageOfPage":{"@id":"https:\/\/ozponcho.com.au\/p\/stylish-mens-tassel-cape\/#primaryimage"},"image":{"@id":"https:\/\/ozponcho.com.au\/p\/stylish-mens-tassel-cape\/#primaryimage"},"thumbnailUrl":"https:\/\/ozponcho.com.au\/wp-content\/uploads\/2024\/01\/Sd448739a4b46422c9871cd4b715d6091a-1.webp","datePublished":"2024-01-21T08:47:07+00:00","dateModified":"2024-12-16T04:51:11+00:00","description":"Hled\u00e1te p\u00e1nsk\u00e9 \u0161ed\u00e9 pon\u010do s t\u0159\u00e1sn\u011bmi ? Jste na spr\u00e1vn\u00e9m m\u00edst\u011b \ud83d\ude04 Nab\u00edz\u00edme \u0161irok\u00fd v\u00fdb\u011br p\u00e1nsk\u00fdch pon\u010da Grey Fringe Poncho, kter\u00e9 jsou pro v\u00e1s ide\u00e1ln\u00ed.","breadcrumb":{"@id":"https:\/\/ozponcho.com.au\/p\/stylish-mens-tassel-cape\/#breadcrumb"},"inLanguage":"cs","potentialAction":[{"@type":"ReadAction","target":["https:\/\/ozponcho.com.au\/p\/stylish-mens-tassel-cape\/"]}]},{"@type":"ImageObject","inLanguage":"cs","@id":"https:\/\/ozponcho.com.au\/p\/stylish-mens-tassel-cape\/#primaryimage","url":"https:\/\/ozponcho.com.au\/wp-content\/uploads\/2024\/01\/Sd448739a4b46422c9871cd4b715d6091a-1.webp","contentUrl":"https:\/\/ozponcho.com.au\/wp-content\/uploads\/2024\/01\/Sd448739a4b46422c9871cd4b715d6091a-1.webp","width":1000,"height":1000,"caption":"Men's Grey Fringe Poncho"},{"@type":"BreadcrumbList","@id":"https:\/\/ozponcho.com.au\/p\/stylish-mens-tassel-cape\/#breadcrumb","itemListElement":[{"@type":"ListItem","position":1,"name":"Home","item":"https:\/\/ozponcho.com.au\/"},{"@type":"ListItem","position":2,"name":"Shop","item":"https:\/\/ozponcho.com.au\/shop\/"},{"@type":"ListItem","position":3,"name":"Men&#8217;s Grey Fringe Poncho"}]},{"@type":"WebSite","@id":"https:\/\/ozponcho.com.au\/#website","url":"https:\/\/ozponcho.com.au\/","name":"OZ Poncho","description":"","potentialAction":[{"@type":"SearchAction","target":{"@type":"EntryPoint","urlTemplate":"https:\/\/ozponcho.com.au\/?s={search_term_string}"},"query-input":{"@type":"PropertyValueSpecification","valueRequired":true,"valueName":"search_term_string"}}],"inLanguage":"cs"}]}},"_links":{"self":[{"href":"https:\/\/ozponcho.com.au\/cs\/wp-json\/wp\/v2\/product\/17831","targetHints":{"allow":["GET"]}}],"collection":[{"href":"https:\/\/ozponcho.com.au\/cs\/wp-json\/wp\/v2\/product"}],"about":[{"href":"https:\/\/ozponcho.com.au\/cs\/wp-json\/wp\/v2\/types\/product"}],"wp:featuredmedia":[{"embeddable":true,"href":"https:\/\/ozponcho.com.au\/cs\/wp-json\/wp\/v2\/media\/17834"}],"wp:attachment":[{"href":"https:\/\/ozponcho.com.au\/cs\/wp-json\/wp\/v2\/media?parent=17831"}],"wp:term":[{"taxonomy":"product_brand","embeddable":true,"href":"https:\/\/ozponcho.com.au\/cs\/wp-json\/wp\/v2\/product_brand?post=17831"},{"taxonomy":"product_cat","embeddable":true,"href":"https:\/\/ozponcho.com.au\/cs\/wp-json\/wp\/v2\/product_cat?post=17831"},{"taxonomy":"product_tag","embeddable":true,"href":"https:\/\/ozponcho.com.au\/cs\/wp-json\/wp\/v2\/product_tag?post=17831"}],"curies":[{"name":"wp","href":"https:\/\/api.w.org\/{rel}","templated":true}]}}