{"id":17796,"date":"2024-01-21T19:46:39","date_gmt":"2024-01-21T08:46:39","guid":{"rendered":"https:\/\/ozponcho.com.au\/?post_type=product&#038;p=17796"},"modified":"2024-03-08T16:24:59","modified_gmt":"2024-03-08T05:24:59","slug":"mens-tartan-fringe-cape","status":"publish","type":"product","link":"https:\/\/ozponcho.com.au\/cs\/p\/panska-tartanova-plastenka-s-trasnemi\/","title":{"rendered":"P\u00e1nsk\u00e9 kostkovan\u00e9 rol\u00e1kov\u00e9 pon\u010do"},"content":{"rendered":"<p>Vychutnejte si st\u0159\u00edd\u00e1n\u00ed ro\u010dn\u00edch obdob\u00ed s na\u0161\u00edm p\u00e1nsk\u00fdm kostkovan\u00fdm rol\u00e1kov\u00fdm pon\u010dem. Tento n\u00e1dhern\u00fd kousek nab\u00edz\u00ed harmonickou kombinaci stylu a tepla, m\u00e1 tmav\u011b modr\u00fd a \u010derven\u00fd kostkovan\u00fd vzor s rafinovan\u00fdm lemem s t\u0159\u00e1sn\u011bmi. Akrylov\u00e1 tkanina p\u0159ipom\u00ednaj\u00edc\u00ed vlnu je m\u011bkk\u00e1 a p\u0159\u00edjemn\u00e1 a zaji\u0161\u0165uje pohodl\u00ed b\u011bhem chladn\u011bj\u0161\u00edch dn\u016f. Voln\u00fd st\u0159ih a roz\u0161\u00ed\u0159en\u00e9 ruk\u00e1vy umo\u017e\u0148uj\u00ed snadn\u00e9 vrstven\u00ed. Toto pon\u010do, kter\u00e9 je ide\u00e1ln\u00ed pro zpest\u0159en\u00ed podzimn\u00edho nebo spole\u010densk\u00e9ho oble\u010den\u00ed, slibuje, \u017ee v\u00e1s udr\u017e\u00ed v pop\u0159ed\u00ed m\u00f3dy a z\u00e1rove\u0148 nab\u00eddne prakti\u010dnost. Vylep\u0161ete sv\u016fj \u0161atn\u00edk je\u0161t\u011b dnes a ud\u011blejte dojem, kamkoli p\u016fjdete.<\/p>\n<h2>SPECIFIKACE<\/h2>\n<p>Materi\u00e1l: Bavlna a akryl<\/p>\n<div>\n<div>\n<div>\n<div><img decoding=\"async\" src=\"https:\/\/ozponcho.com.au\/wp-content\/uploads\/2024\/03\/S2ddfdaa1f2ed4ab797e4b1ececfa23f1l.webp\" \/><\/div>\n<\/div>\n<\/div>\n<\/div>","protected":false},"excerpt":{"rendered":"<p>Embrace the changing seasons with our Men&#8217;s Plaid Turtleneck Poncho. This exquisite piece offers a harmonious blend of style and warmth, featuring a navy blue and red plaid pattern with a sophisticated fringe hem. The wool-like acrylic fabric provides a soft and cozy experience, ensuring comfort during cooler days. Its loose fit and flare sleeve [&#8230;]","protected":false},"featured_media":17802,"template":"","meta":[],"product_brand":[],"product_cat":[229,15,228,211,221,215],"product_tag":[],"class_list":{"0":"post-17796","1":"product","2":"type-product","3":"status-publish","4":"has-post-thumbnail","6":"product_cat-blanket-poncho","7":"product_cat-main-category","8":"product_cat-poncho-sweater","9":"product_cat-poncho-men","10":"product_cat-red-poncho","11":"product_cat-wool-poncho","13":"first","14":"instock","15":"shipping-taxable","16":"purchasable","17":"product-type-variable"},"yoast_head":"<!-- This site is optimized with the Yoast SEO plugin v25.9 - https:\/\/yoast.com\/wordpress\/plugins\/seo\/ -->\n<title>Men&#039;s Plaid Turtleneck Poncho | \u010cesk\u00e1 republika #1 Poncho Shop<\/title>\n<meta name=\"description\" content=\"Looking for a Men&#039;s Plaid Turtleneck Poncho ? You&#039;ve come to the right place \ud83d\ude04 We offers a wide selection of Men&#039;s Plaid Turtleneck Poncho, perfect for you.\" \/>\n<meta name=\"robots\" content=\"index, follow, max-snippet:-1, max-image-preview:large, max-video-preview:-1\" \/>\n<link rel=\"canonical\" href=\"https:\/\/ozponcho.com.au\/cs\/p\/panska-tartanova-plastenka-s-trasnemi\/\" \/>\n<meta property=\"og:locale\" content=\"cs_CZ\" \/>\n<meta property=\"og:type\" content=\"article\" \/>\n<meta property=\"og:title\" content=\"Men&#039;s Plaid Turtleneck Poncho | \u010cesk\u00e1 republika #1 Poncho Shop\" \/>\n<meta property=\"og:description\" content=\"Looking for a Men&#039;s Plaid Turtleneck Poncho ? You&#039;ve come to the right place \ud83d\ude04 We offers a wide selection of Men&#039;s Plaid Turtleneck Poncho, perfect for you.\" \/>\n<meta property=\"og:url\" content=\"https:\/\/ozponcho.com.au\/cs\/p\/panska-tartanova-plastenka-s-trasnemi\/\" \/>\n<meta property=\"og:site_name\" content=\"OZ Poncho\" \/>\n<meta property=\"article:modified_time\" content=\"2024-03-08T05:24:59+00:00\" \/>\n<meta property=\"og:image\" content=\"https:\/\/ozponcho.com.au\/wp-content\/uploads\/2024\/01\/S893ef6c8f6f440b097bf49ccf8298d207.webp\" \/>\n\t<meta property=\"og:image:width\" content=\"1000\" \/>\n\t<meta property=\"og:image:height\" content=\"1000\" \/>\n\t<meta property=\"og:image:type\" content=\"image\/webp\" \/>\n<meta name=\"twitter:card\" content=\"summary_large_image\" \/>\n<meta name=\"twitter:label1\" content=\"Odhadovan\u00e1 doba \u010dten\u00ed\" \/>\n\t<meta name=\"twitter:data1\" content=\"1 minuta\" \/>\n<script type=\"application\/ld+json\" class=\"yoast-schema-graph\">{\"@context\":\"https:\/\/schema.org\",\"@graph\":[{\"@type\":\"WebPage\",\"@id\":\"https:\/\/ozponcho.com.au\/p\/mens-tartan-fringe-cape\/\",\"url\":\"https:\/\/ozponcho.com.au\/p\/mens-tartan-fringe-cape\/\",\"name\":\"Men's Plaid Turtleneck Poncho | \u010cesk\u00e1 republika #1 Poncho Shop\",\"isPartOf\":{\"@id\":\"https:\/\/ozponcho.com.au\/#website\"},\"primaryImageOfPage\":{\"@id\":\"https:\/\/ozponcho.com.au\/p\/mens-tartan-fringe-cape\/#primaryimage\"},\"image\":{\"@id\":\"https:\/\/ozponcho.com.au\/p\/mens-tartan-fringe-cape\/#primaryimage\"},\"thumbnailUrl\":\"https:\/\/ozponcho.com.au\/wp-content\/uploads\/2024\/01\/S893ef6c8f6f440b097bf49ccf8298d207.webp\",\"datePublished\":\"2024-01-21T08:46:39+00:00\",\"dateModified\":\"2024-03-08T05:24:59+00:00\",\"description\":\"Looking for a Men's Plaid Turtleneck Poncho ? You've come to the right place \ud83d\ude04 We offers a wide selection of Men's Plaid Turtleneck Poncho, perfect for you.\",\"breadcrumb\":{\"@id\":\"https:\/\/ozponcho.com.au\/p\/mens-tartan-fringe-cape\/#breadcrumb\"},\"inLanguage\":\"cs\",\"potentialAction\":[{\"@type\":\"ReadAction\",\"target\":[\"https:\/\/ozponcho.com.au\/p\/mens-tartan-fringe-cape\/\"]}]},{\"@type\":\"ImageObject\",\"inLanguage\":\"cs\",\"@id\":\"https:\/\/ozponcho.com.au\/p\/mens-tartan-fringe-cape\/#primaryimage\",\"url\":\"https:\/\/ozponcho.com.au\/wp-content\/uploads\/2024\/01\/S893ef6c8f6f440b097bf49ccf8298d207.webp\",\"contentUrl\":\"https:\/\/ozponcho.com.au\/wp-content\/uploads\/2024\/01\/S893ef6c8f6f440b097bf49ccf8298d207.webp\",\"width\":1000,\"height\":1000,\"caption\":\"Men's Plaid Turtleneck Poncho\"},{\"@type\":\"BreadcrumbList\",\"@id\":\"https:\/\/ozponcho.com.au\/p\/mens-tartan-fringe-cape\/#breadcrumb\",\"itemListElement\":[{\"@type\":\"ListItem\",\"position\":1,\"name\":\"Home\",\"item\":\"https:\/\/ozponcho.com.au\/\"},{\"@type\":\"ListItem\",\"position\":2,\"name\":\"Shop\",\"item\":\"https:\/\/ozponcho.com.au\/shop\/\"},{\"@type\":\"ListItem\",\"position\":3,\"name\":\"Men&#8217;s Plaid Turtleneck Poncho\"}]},{\"@type\":\"WebSite\",\"@id\":\"https:\/\/ozponcho.com.au\/#website\",\"url\":\"https:\/\/ozponcho.com.au\/\",\"name\":\"OZ Poncho\",\"description\":\"\",\"potentialAction\":[{\"@type\":\"SearchAction\",\"target\":{\"@type\":\"EntryPoint\",\"urlTemplate\":\"https:\/\/ozponcho.com.au\/?s={search_term_string}\"},\"query-input\":{\"@type\":\"PropertyValueSpecification\",\"valueRequired\":true,\"valueName\":\"search_term_string\"}}],\"inLanguage\":\"cs\"}]}<\/script>\n<!-- \/ Yoast SEO plugin. -->","yoast_head_json":{"title":"P\u00e1nsk\u00e9 kostkovan\u00e9 pon\u010do s rol\u00e1kem | \u010cesk\u00e1 republika #1 Pon\u010do Shop","description":"Hled\u00e1te p\u00e1nsk\u00e9 kostkovan\u00e9 rol\u00e1kov\u00e9 pon\u010do ? Jste na spr\u00e1vn\u00e9m m\u00edst\u011b \ud83d\ude04 Nab\u00edz\u00edme \u0161irok\u00fd v\u00fdb\u011br p\u00e1nsk\u00fdch kostkovan\u00fdch rol\u00e1k\u016f Poncho, kter\u00e9 jsou pro v\u00e1s ide\u00e1ln\u00ed.","robots":{"index":"index","follow":"follow","max-snippet":"max-snippet:-1","max-image-preview":"max-image-preview:large","max-video-preview":"max-video-preview:-1"},"canonical":"https:\/\/ozponcho.com.au\/cs\/p\/panska-tartanova-plastenka-s-trasnemi\/","og_locale":"cs_CZ","og_type":"article","og_title":"Men's Plaid Turtleneck Poncho | \u010cesk\u00e1 republika #1 Poncho Shop","og_description":"Looking for a Men's Plaid Turtleneck Poncho ? You've come to the right place \ud83d\ude04 We offers a wide selection of Men's Plaid Turtleneck Poncho, perfect for you.","og_url":"https:\/\/ozponcho.com.au\/cs\/p\/panska-tartanova-plastenka-s-trasnemi\/","og_site_name":"OZ Poncho","article_modified_time":"2024-03-08T05:24:59+00:00","og_image":[{"width":1000,"height":1000,"url":"https:\/\/ozponcho.com.au\/wp-content\/uploads\/2024\/01\/S893ef6c8f6f440b097bf49ccf8298d207.webp","type":"image\/webp"}],"twitter_card":"summary_large_image","twitter_misc":{"Odhadovan\u00e1 doba \u010dten\u00ed":"1 minuta"},"schema":{"@context":"https:\/\/schema.org","@graph":[{"@type":"WebPage","@id":"https:\/\/ozponcho.com.au\/p\/mens-tartan-fringe-cape\/","url":"https:\/\/ozponcho.com.au\/p\/mens-tartan-fringe-cape\/","name":"P\u00e1nsk\u00e9 kostkovan\u00e9 pon\u010do s rol\u00e1kem | \u010cesk\u00e1 republika #1 Pon\u010do Shop","isPartOf":{"@id":"https:\/\/ozponcho.com.au\/#website"},"primaryImageOfPage":{"@id":"https:\/\/ozponcho.com.au\/p\/mens-tartan-fringe-cape\/#primaryimage"},"image":{"@id":"https:\/\/ozponcho.com.au\/p\/mens-tartan-fringe-cape\/#primaryimage"},"thumbnailUrl":"https:\/\/ozponcho.com.au\/wp-content\/uploads\/2024\/01\/S893ef6c8f6f440b097bf49ccf8298d207.webp","datePublished":"2024-01-21T08:46:39+00:00","dateModified":"2024-03-08T05:24:59+00:00","description":"Hled\u00e1te p\u00e1nsk\u00e9 kostkovan\u00e9 rol\u00e1kov\u00e9 pon\u010do ? Jste na spr\u00e1vn\u00e9m m\u00edst\u011b \ud83d\ude04 Nab\u00edz\u00edme \u0161irok\u00fd v\u00fdb\u011br p\u00e1nsk\u00fdch kostkovan\u00fdch rol\u00e1k\u016f Poncho, kter\u00e9 jsou pro v\u00e1s ide\u00e1ln\u00ed.","breadcrumb":{"@id":"https:\/\/ozponcho.com.au\/p\/mens-tartan-fringe-cape\/#breadcrumb"},"inLanguage":"cs","potentialAction":[{"@type":"ReadAction","target":["https:\/\/ozponcho.com.au\/p\/mens-tartan-fringe-cape\/"]}]},{"@type":"ImageObject","inLanguage":"cs","@id":"https:\/\/ozponcho.com.au\/p\/mens-tartan-fringe-cape\/#primaryimage","url":"https:\/\/ozponcho.com.au\/wp-content\/uploads\/2024\/01\/S893ef6c8f6f440b097bf49ccf8298d207.webp","contentUrl":"https:\/\/ozponcho.com.au\/wp-content\/uploads\/2024\/01\/S893ef6c8f6f440b097bf49ccf8298d207.webp","width":1000,"height":1000,"caption":"Men's Plaid Turtleneck Poncho"},{"@type":"BreadcrumbList","@id":"https:\/\/ozponcho.com.au\/p\/mens-tartan-fringe-cape\/#breadcrumb","itemListElement":[{"@type":"ListItem","position":1,"name":"Home","item":"https:\/\/ozponcho.com.au\/"},{"@type":"ListItem","position":2,"name":"Shop","item":"https:\/\/ozponcho.com.au\/shop\/"},{"@type":"ListItem","position":3,"name":"Men&#8217;s Plaid Turtleneck Poncho"}]},{"@type":"WebSite","@id":"https:\/\/ozponcho.com.au\/#website","url":"https:\/\/ozponcho.com.au\/","name":"OZ Poncho","description":"","potentialAction":[{"@type":"SearchAction","target":{"@type":"EntryPoint","urlTemplate":"https:\/\/ozponcho.com.au\/?s={search_term_string}"},"query-input":{"@type":"PropertyValueSpecification","valueRequired":true,"valueName":"search_term_string"}}],"inLanguage":"cs"}]}},"_links":{"self":[{"href":"https:\/\/ozponcho.com.au\/cs\/wp-json\/wp\/v2\/product\/17796","targetHints":{"allow":["GET"]}}],"collection":[{"href":"https:\/\/ozponcho.com.au\/cs\/wp-json\/wp\/v2\/product"}],"about":[{"href":"https:\/\/ozponcho.com.au\/cs\/wp-json\/wp\/v2\/types\/product"}],"wp:featuredmedia":[{"embeddable":true,"href":"https:\/\/ozponcho.com.au\/cs\/wp-json\/wp\/v2\/media\/17802"}],"wp:attachment":[{"href":"https:\/\/ozponcho.com.au\/cs\/wp-json\/wp\/v2\/media?parent=17796"}],"wp:term":[{"taxonomy":"product_brand","embeddable":true,"href":"https:\/\/ozponcho.com.au\/cs\/wp-json\/wp\/v2\/product_brand?post=17796"},{"taxonomy":"product_cat","embeddable":true,"href":"https:\/\/ozponcho.com.au\/cs\/wp-json\/wp\/v2\/product_cat?post=17796"},{"taxonomy":"product_tag","embeddable":true,"href":"https:\/\/ozponcho.com.au\/cs\/wp-json\/wp\/v2\/product_tag?post=17796"}],"curies":[{"name":"wp","href":"https:\/\/api.w.org\/{rel}","templated":true}]}}