{"id":17602,"date":"2024-01-21T19:44:47","date_gmt":"2024-01-21T08:44:47","guid":{"rendered":"https:\/\/ozponcho.com.au\/?post_type=product&#038;p=17602"},"modified":"2025-03-05T12:21:42","modified_gmt":"2025-03-05T01:21:42","slug":"elegant-autumn-men-cloak","status":"publish","type":"product","link":"https:\/\/ozponcho.com.au\/cs\/p\/elegantni-podzimni-pansky-plast\/","title":{"rendered":"P\u00e1nsk\u00e9 \u010dern\u00e9 pruhovan\u00e9 pon\u010do"},"content":{"rendered":"<p>Vyzkou\u0161ejte zt\u011blesn\u011bn\u00ed podzimn\u00ed elegance s na\u0161\u00edm p\u00e1nsk\u00fdm \u010dern\u00fdm pruhovan\u00fdm pon\u010dem. Tento st\u0159edn\u011b dlouh\u00fd pl\u00e1\u0161\u0165, vytvo\u0159en\u00fd pro modern\u00edho mu\u017ee, se py\u0161n\u00ed designem inspirovan\u00fdm britsk\u00fdm stylem a je dopln\u011bn sofistikovan\u00fdm ko\u017een\u00fdm p\u00e1skem s p\u0159ezkou. Je vyrobeno z vysoce kvalitn\u00edho polyesteru s minimalistick\u00fdm pruhovan\u00fdm vzorem a p\u0159edstavuje dokonalou rovnov\u00e1hu mezi stylem a pohodl\u00edm. Vynikne d\u00edky voln\u00e9mu st\u0159ihu a vysok\u00e9mu v\u00fdst\u0159ihu, kter\u00fd zajist\u00ed, \u017ee b\u011bhem sychrav\u00fdch podzimn\u00edch dn\u016f z\u016fstanete trendy a v pohodl\u00ed. Ud\u011blejte dojem a oboha\u0165te sv\u016fj \u0161atn\u00edk o tento nezbytn\u00fd sez\u00f3nn\u00ed kousek, kter\u00fd bez n\u00e1mahy kombinuje funk\u010dnost s osobit\u00fdm m\u00f3dn\u00edm n\u00e1dechem.<\/p>\n<h2>SPECIFIKACE<\/h2>\n<div>\n<div>\n<p>Materi\u00e1l: Materi\u00e1l: bavlna a polyester<\/p>\n<p><img decoding=\"async\" src=\"https:\/\/ozponcho.com.au\/wp-content\/uploads\/2024\/03\/S94b95814ce274ed38f427ddded47962dM.webp\" \/><\/p>\n<\/div>\n<\/div>","protected":false},"excerpt":{"rendered":"<p>Experience the epitome of autumn elegance with our Men&#8217;s Black Striped Poncho. Crafted for the modern man, this mid-length cloak boasts a British-inspired design, complete with a sophisticated leather buckle belt. Made from high-quality polyester with a minimalist striped pattern, it&#8217;s the perfect balance of style and comfort. Stand out with its loose fit and [&#8230;]","protected":false},"featured_media":17606,"template":"","meta":[],"product_brand":[],"product_cat":[219,15,211],"product_tag":[],"class_list":{"0":"post-17602","1":"product","2":"type-product","3":"status-publish","4":"has-post-thumbnail","6":"product_cat-black-poncho","7":"product_cat-main-category","8":"product_cat-poncho-men","10":"first","11":"instock","12":"shipping-taxable","13":"purchasable","14":"product-type-variable"},"yoast_head":"<!-- This site is optimized with the Yoast SEO plugin v25.9 - https:\/\/yoast.com\/wordpress\/plugins\/seo\/ -->\n<title>Men&#039;s Black Striped Poncho | \u010cesk\u00e1 republika #1 Poncho Shop<\/title>\n<meta name=\"description\" content=\"Looking for a Men&#039;s Black Striped Poncho ? You&#039;ve come to the right place \ud83d\ude04 We offers a wide selection of Men&#039;s Black Striped Poncho, perfect for you.\" \/>\n<meta name=\"robots\" content=\"index, follow, max-snippet:-1, max-image-preview:large, max-video-preview:-1\" \/>\n<link rel=\"canonical\" href=\"https:\/\/ozponcho.com.au\/cs\/p\/elegantni-podzimni-pansky-plast\/\" \/>\n<meta property=\"og:locale\" content=\"cs_CZ\" \/>\n<meta property=\"og:type\" content=\"article\" \/>\n<meta property=\"og:title\" content=\"Men&#039;s Black Striped Poncho | \u010cesk\u00e1 republika #1 Poncho Shop\" \/>\n<meta property=\"og:description\" content=\"Looking for a Men&#039;s Black Striped Poncho ? You&#039;ve come to the right place \ud83d\ude04 We offers a wide selection of Men&#039;s Black Striped Poncho, perfect for you.\" \/>\n<meta property=\"og:url\" content=\"https:\/\/ozponcho.com.au\/cs\/p\/elegantni-podzimni-pansky-plast\/\" \/>\n<meta property=\"og:site_name\" content=\"OZ Poncho\" \/>\n<meta property=\"article:modified_time\" content=\"2025-03-05T01:21:42+00:00\" \/>\n<meta property=\"og:image\" content=\"https:\/\/ozponcho.com.au\/wp-content\/uploads\/2024\/01\/S58def4bd6a2245889003e874a3d76c824-1.webp\" \/>\n\t<meta property=\"og:image:width\" content=\"1000\" \/>\n\t<meta property=\"og:image:height\" content=\"1000\" \/>\n\t<meta property=\"og:image:type\" content=\"image\/webp\" \/>\n<meta name=\"twitter:card\" content=\"summary_large_image\" \/>\n<meta name=\"twitter:label1\" content=\"Odhadovan\u00e1 doba \u010dten\u00ed\" \/>\n\t<meta name=\"twitter:data1\" content=\"1 minuta\" \/>\n<script type=\"application\/ld+json\" class=\"yoast-schema-graph\">{\"@context\":\"https:\/\/schema.org\",\"@graph\":[{\"@type\":\"WebPage\",\"@id\":\"https:\/\/ozponcho.com.au\/p\/elegant-autumn-men-cloak\/\",\"url\":\"https:\/\/ozponcho.com.au\/p\/elegant-autumn-men-cloak\/\",\"name\":\"Men's Black Striped Poncho | \u010cesk\u00e1 republika #1 Poncho Shop\",\"isPartOf\":{\"@id\":\"https:\/\/ozponcho.com.au\/#website\"},\"primaryImageOfPage\":{\"@id\":\"https:\/\/ozponcho.com.au\/p\/elegant-autumn-men-cloak\/#primaryimage\"},\"image\":{\"@id\":\"https:\/\/ozponcho.com.au\/p\/elegant-autumn-men-cloak\/#primaryimage\"},\"thumbnailUrl\":\"https:\/\/ozponcho.com.au\/wp-content\/uploads\/2024\/01\/S58def4bd6a2245889003e874a3d76c824-1.webp\",\"datePublished\":\"2024-01-21T08:44:47+00:00\",\"dateModified\":\"2025-03-05T01:21:42+00:00\",\"description\":\"Looking for a Men's Black Striped Poncho ? You've come to the right place \ud83d\ude04 We offers a wide selection of Men's Black Striped Poncho, perfect for you.\",\"breadcrumb\":{\"@id\":\"https:\/\/ozponcho.com.au\/p\/elegant-autumn-men-cloak\/#breadcrumb\"},\"inLanguage\":\"cs\",\"potentialAction\":[{\"@type\":\"ReadAction\",\"target\":[\"https:\/\/ozponcho.com.au\/p\/elegant-autumn-men-cloak\/\"]}]},{\"@type\":\"ImageObject\",\"inLanguage\":\"cs\",\"@id\":\"https:\/\/ozponcho.com.au\/p\/elegant-autumn-men-cloak\/#primaryimage\",\"url\":\"https:\/\/ozponcho.com.au\/wp-content\/uploads\/2024\/01\/S58def4bd6a2245889003e874a3d76c824-1.webp\",\"contentUrl\":\"https:\/\/ozponcho.com.au\/wp-content\/uploads\/2024\/01\/S58def4bd6a2245889003e874a3d76c824-1.webp\",\"width\":1000,\"height\":1000,\"caption\":\"Men's Black Striped Poncho\"},{\"@type\":\"BreadcrumbList\",\"@id\":\"https:\/\/ozponcho.com.au\/p\/elegant-autumn-men-cloak\/#breadcrumb\",\"itemListElement\":[{\"@type\":\"ListItem\",\"position\":1,\"name\":\"Home\",\"item\":\"https:\/\/ozponcho.com.au\/\"},{\"@type\":\"ListItem\",\"position\":2,\"name\":\"Shop\",\"item\":\"https:\/\/ozponcho.com.au\/shop\/\"},{\"@type\":\"ListItem\",\"position\":3,\"name\":\"Men&#8217;s Black Striped Poncho\"}]},{\"@type\":\"WebSite\",\"@id\":\"https:\/\/ozponcho.com.au\/#website\",\"url\":\"https:\/\/ozponcho.com.au\/\",\"name\":\"OZ Poncho\",\"description\":\"\",\"potentialAction\":[{\"@type\":\"SearchAction\",\"target\":{\"@type\":\"EntryPoint\",\"urlTemplate\":\"https:\/\/ozponcho.com.au\/?s={search_term_string}\"},\"query-input\":{\"@type\":\"PropertyValueSpecification\",\"valueRequired\":true,\"valueName\":\"search_term_string\"}}],\"inLanguage\":\"cs\"}]}<\/script>\n<!-- \/ Yoast SEO plugin. -->","yoast_head_json":{"title":"P\u00e1nsk\u00e9 \u010dern\u00e9 pruhovan\u00e9 pon\u010do | \u010cesk\u00e1 republika #1 Pon\u010do Shop","description":"Hled\u00e1te p\u00e1nsk\u00e9 \u010dern\u00e9 pruhovan\u00e9 pon\u010do ? Jste na spr\u00e1vn\u00e9m m\u00edst\u011b \ud83d\ude04 Nab\u00edz\u00edme \u0161irok\u00fd v\u00fdb\u011br p\u00e1nsk\u00fdch \u010dern\u00fdch pruhovan\u00fdch pon\u010d, ide\u00e1ln\u00ed pro v\u00e1s.","robots":{"index":"index","follow":"follow","max-snippet":"max-snippet:-1","max-image-preview":"max-image-preview:large","max-video-preview":"max-video-preview:-1"},"canonical":"https:\/\/ozponcho.com.au\/cs\/p\/elegantni-podzimni-pansky-plast\/","og_locale":"cs_CZ","og_type":"article","og_title":"Men's Black Striped Poncho | \u010cesk\u00e1 republika #1 Poncho Shop","og_description":"Looking for a Men's Black Striped Poncho ? You've come to the right place \ud83d\ude04 We offers a wide selection of Men's Black Striped Poncho, perfect for you.","og_url":"https:\/\/ozponcho.com.au\/cs\/p\/elegantni-podzimni-pansky-plast\/","og_site_name":"OZ Poncho","article_modified_time":"2025-03-05T01:21:42+00:00","og_image":[{"width":1000,"height":1000,"url":"https:\/\/ozponcho.com.au\/wp-content\/uploads\/2024\/01\/S58def4bd6a2245889003e874a3d76c824-1.webp","type":"image\/webp"}],"twitter_card":"summary_large_image","twitter_misc":{"Odhadovan\u00e1 doba \u010dten\u00ed":"1 minuta"},"schema":{"@context":"https:\/\/schema.org","@graph":[{"@type":"WebPage","@id":"https:\/\/ozponcho.com.au\/p\/elegant-autumn-men-cloak\/","url":"https:\/\/ozponcho.com.au\/p\/elegant-autumn-men-cloak\/","name":"P\u00e1nsk\u00e9 \u010dern\u00e9 pruhovan\u00e9 pon\u010do | \u010cesk\u00e1 republika #1 Pon\u010do Shop","isPartOf":{"@id":"https:\/\/ozponcho.com.au\/#website"},"primaryImageOfPage":{"@id":"https:\/\/ozponcho.com.au\/p\/elegant-autumn-men-cloak\/#primaryimage"},"image":{"@id":"https:\/\/ozponcho.com.au\/p\/elegant-autumn-men-cloak\/#primaryimage"},"thumbnailUrl":"https:\/\/ozponcho.com.au\/wp-content\/uploads\/2024\/01\/S58def4bd6a2245889003e874a3d76c824-1.webp","datePublished":"2024-01-21T08:44:47+00:00","dateModified":"2025-03-05T01:21:42+00:00","description":"Hled\u00e1te p\u00e1nsk\u00e9 \u010dern\u00e9 pruhovan\u00e9 pon\u010do ? Jste na spr\u00e1vn\u00e9m m\u00edst\u011b \ud83d\ude04 Nab\u00edz\u00edme \u0161irok\u00fd v\u00fdb\u011br p\u00e1nsk\u00fdch \u010dern\u00fdch pruhovan\u00fdch pon\u010d, ide\u00e1ln\u00ed pro v\u00e1s.","breadcrumb":{"@id":"https:\/\/ozponcho.com.au\/p\/elegant-autumn-men-cloak\/#breadcrumb"},"inLanguage":"cs","potentialAction":[{"@type":"ReadAction","target":["https:\/\/ozponcho.com.au\/p\/elegant-autumn-men-cloak\/"]}]},{"@type":"ImageObject","inLanguage":"cs","@id":"https:\/\/ozponcho.com.au\/p\/elegant-autumn-men-cloak\/#primaryimage","url":"https:\/\/ozponcho.com.au\/wp-content\/uploads\/2024\/01\/S58def4bd6a2245889003e874a3d76c824-1.webp","contentUrl":"https:\/\/ozponcho.com.au\/wp-content\/uploads\/2024\/01\/S58def4bd6a2245889003e874a3d76c824-1.webp","width":1000,"height":1000,"caption":"Men's Black Striped Poncho"},{"@type":"BreadcrumbList","@id":"https:\/\/ozponcho.com.au\/p\/elegant-autumn-men-cloak\/#breadcrumb","itemListElement":[{"@type":"ListItem","position":1,"name":"Home","item":"https:\/\/ozponcho.com.au\/"},{"@type":"ListItem","position":2,"name":"Shop","item":"https:\/\/ozponcho.com.au\/shop\/"},{"@type":"ListItem","position":3,"name":"Men&#8217;s Black Striped Poncho"}]},{"@type":"WebSite","@id":"https:\/\/ozponcho.com.au\/#website","url":"https:\/\/ozponcho.com.au\/","name":"OZ Poncho","description":"","potentialAction":[{"@type":"SearchAction","target":{"@type":"EntryPoint","urlTemplate":"https:\/\/ozponcho.com.au\/?s={search_term_string}"},"query-input":{"@type":"PropertyValueSpecification","valueRequired":true,"valueName":"search_term_string"}}],"inLanguage":"cs"}]}},"_links":{"self":[{"href":"https:\/\/ozponcho.com.au\/cs\/wp-json\/wp\/v2\/product\/17602","targetHints":{"allow":["GET"]}}],"collection":[{"href":"https:\/\/ozponcho.com.au\/cs\/wp-json\/wp\/v2\/product"}],"about":[{"href":"https:\/\/ozponcho.com.au\/cs\/wp-json\/wp\/v2\/types\/product"}],"wp:featuredmedia":[{"embeddable":true,"href":"https:\/\/ozponcho.com.au\/cs\/wp-json\/wp\/v2\/media\/17606"}],"wp:attachment":[{"href":"https:\/\/ozponcho.com.au\/cs\/wp-json\/wp\/v2\/media?parent=17602"}],"wp:term":[{"taxonomy":"product_brand","embeddable":true,"href":"https:\/\/ozponcho.com.au\/cs\/wp-json\/wp\/v2\/product_brand?post=17602"},{"taxonomy":"product_cat","embeddable":true,"href":"https:\/\/ozponcho.com.au\/cs\/wp-json\/wp\/v2\/product_cat?post=17602"},{"taxonomy":"product_tag","embeddable":true,"href":"https:\/\/ozponcho.com.au\/cs\/wp-json\/wp\/v2\/product_tag?post=17602"}],"curies":[{"name":"wp","href":"https:\/\/api.w.org\/{rel}","templated":true}]}}