{"id":17573,"date":"2024-01-21T19:44:27","date_gmt":"2024-01-21T08:44:27","guid":{"rendered":"https:\/\/ozponcho.com.au\/?post_type=product&#038;p=17573"},"modified":"2024-12-16T15:51:56","modified_gmt":"2024-12-16T04:51:56","slug":"mens-elegant-black-cloak","status":"publish","type":"product","link":"https:\/\/ozponcho.com.au\/cs\/p\/pansky-elegantni-cerny-plast\/","title":{"rendered":"\u010cern\u00e9 p\u00e1nsk\u00e9 pon\u010do"},"content":{"rendered":"<p>Vylep\u0161ete sv\u016fj \u0161atn\u00edk elegantn\u00edm \u010dern\u00fdm p\u00e1nsk\u00fdm pon\u010dem. Tento stylov\u00fd a modern\u00ed asymetrick\u00fd pl\u00e1\u0161\u0165 je vyroben z vysoce kvalitn\u00ed, hladk\u00e9 polyesterov\u00e9 tkaniny, kter\u00e1 mu prop\u016fj\u010duje atmosf\u00e9ru sofistikovanosti a modern\u00edho \u0161armu. Je ide\u00e1ln\u00ed pro jarn\u00ed i podzimn\u00ed obdob\u00ed, je lehk\u00fd a pohodln\u00fd, tak\u017ee je vynikaj\u00edc\u00edm dopl\u0148kem pro jak\u00fdkoli le\u017e\u00e9rn\u00ed nebo streetwearov\u00fd look. Design inspirovan\u00fd vintage stylem, dopln\u011bn\u00fd kapsami a \u0161\u00e1lov\u00fdm l\u00edmcem, nab\u00edz\u00ed jedine\u010dnou kombinaci nad\u010dasov\u00e9 elegance a prakti\u010dnosti modern\u00ed doby. Vyjd\u011bte ven sebev\u011bdom\u011b s t\u00edmto v\u0161estrann\u00fdm x-dlouh\u00fdm tren\u010dkotem, kter\u00fd v\u00e1s jist\u011b zaujme.<\/p>\n<h2>SPECIFIKACE<\/h2>\n<p>\u00c2\u00a0<\/p>\n<p>N\u00e1zev zna\u010dky: ICCLEK<\/p>\n<p>Platn\u00e1 sez\u00f3na: Jaro a podzim<\/p>\n<p>Tlou\u0161\u0165ka: Tenk\u00e1 (letn\u00ed)<\/p>\n<p>Materi\u00e1l pod\u0161\u00edvky: Materi\u00e1l: polyester<\/p>\n<p>Materi\u00e1l: Materi\u00e1l: Polyester<\/p>\n<p>Styl: Korejsk\u00fd<\/p>\n<p>P\u016fvod: \u010c\u00edna: pevninsk\u00e1 \u010c\u00edna<\/p>\n<p>CN: Guangdong<\/p>\n<p>Pou\u017eiteln\u00e1 sc\u00e9na: P\u0159\u00edle\u017eitostn\u00e9<\/p>\n<p>Styl man\u017eety: Konven\u010dn\u00ed<\/p>\n<p>Typ: LOOSE<\/p>\n<p>D\u00e9lka od\u011bvu: D\u00e9lka: X<\/p>\n<p>M\u00edsto p\u016fvodu: \u010c\u00edna (pevninsk\u00e1 \u010d\u00e1st)<\/p>\n<p>Odn\u00edmateln\u00e1 \u010d\u00e1st: NIC<\/p>\n<p>Obojek: Oto\u010dn\u00fd l\u00edmec<\/p>\n<p>Typ uz\u00e1v\u011bru: Otev\u0159en\u00fd steh<\/p>\n<p>Styl ruk\u00e1v\u016f: Pravideln\u00fd<\/p>\n<p>S kapuc\u00ed: Ne<\/p>\n<p>Typ tkaniny: Materi\u00e1l: man\u0161estr<\/p>\n<p>D\u00e9lka ruk\u00e1vu (cm): .<\/p>\n<p>Dekorace: Kapsy:<\/p>\n<p>Pohlav\u00ed: MU\u017dI<\/p>\n<p>Typ svrchn\u00edho oble\u010den\u00ed: Trench<\/p>\n<p>\u00c2\u00a0<\/p>\n<div>\n<div>\u00c2\u00a0<\/div>\n<div>\u00c2\u00a0<\/div>\n<div>\n<div>\u00c2\u00a0<\/div>\n<div>\u00c2\u00a0<\/div>\n<\/p><\/div>","protected":false},"excerpt":{"rendered":"<p>Elevate your wardrobe with our sleek Black Poncho for Men. This stylish and modern asymmetrical cloak is crafted with high-quality, smooth polyester fabric, lending itself to an air of sophistication and contemporary charm. Perfect for both the Spring and Autumn seasons, it&#8217;s lightweight and comfortable, making it an excellent addition for any casual or streetwear [&#8230;]","protected":false},"featured_media":17572,"template":"","meta":[],"product_brand":[],"product_cat":[219,15,228,211],"product_tag":[],"class_list":{"0":"post-17573","1":"product","2":"type-product","3":"status-publish","4":"has-post-thumbnail","6":"product_cat-black-poncho","7":"product_cat-main-category","8":"product_cat-poncho-sweater","9":"product_cat-poncho-men","11":"first","12":"instock","13":"shipping-taxable","14":"purchasable","15":"product-type-variable"},"yoast_head":"<!-- This site is optimized with the Yoast SEO plugin v25.9 - https:\/\/yoast.com\/wordpress\/plugins\/seo\/ -->\n<title>Black Men&#039;s Poncho | \u010cesk\u00e1 republika #1 Poncho Shop<\/title>\n<meta name=\"description\" content=\"Looking for a Black Men&#039;s Poncho ? You&#039;ve come to the right place \ud83d\ude04 We offers a wide selection of Black Men&#039;s Poncho, perfect for you.\" \/>\n<meta name=\"robots\" content=\"index, follow, max-snippet:-1, max-image-preview:large, max-video-preview:-1\" \/>\n<link rel=\"canonical\" href=\"https:\/\/ozponcho.com.au\/cs\/p\/pansky-elegantni-cerny-plast\/\" \/>\n<meta property=\"og:locale\" content=\"cs_CZ\" \/>\n<meta property=\"og:type\" content=\"article\" \/>\n<meta property=\"og:title\" content=\"Black Men&#039;s Poncho | \u010cesk\u00e1 republika #1 Poncho Shop\" \/>\n<meta property=\"og:description\" content=\"Looking for a Black Men&#039;s Poncho ? You&#039;ve come to the right place \ud83d\ude04 We offers a wide selection of Black Men&#039;s Poncho, perfect for you.\" \/>\n<meta property=\"og:url\" content=\"https:\/\/ozponcho.com.au\/cs\/p\/pansky-elegantni-cerny-plast\/\" \/>\n<meta property=\"og:site_name\" content=\"OZ Poncho\" \/>\n<meta property=\"article:modified_time\" content=\"2024-12-16T04:51:56+00:00\" \/>\n<meta property=\"og:image\" content=\"https:\/\/ozponcho.com.au\/wp-content\/uploads\/2024\/01\/S6e98f66073044c5ba6b561fc178d5852I.webp\" \/>\n\t<meta property=\"og:image:width\" content=\"1000\" \/>\n\t<meta property=\"og:image:height\" content=\"1000\" \/>\n\t<meta property=\"og:image:type\" content=\"image\/webp\" \/>\n<meta name=\"twitter:card\" content=\"summary_large_image\" \/>\n<meta name=\"twitter:label1\" content=\"Odhadovan\u00e1 doba \u010dten\u00ed\" \/>\n\t<meta name=\"twitter:data1\" content=\"1 minuta\" \/>\n<script type=\"application\/ld+json\" class=\"yoast-schema-graph\">{\"@context\":\"https:\/\/schema.org\",\"@graph\":[{\"@type\":\"WebPage\",\"@id\":\"https:\/\/ozponcho.com.au\/p\/mens-elegant-black-cloak\/\",\"url\":\"https:\/\/ozponcho.com.au\/p\/mens-elegant-black-cloak\/\",\"name\":\"Black Men's Poncho | \u010cesk\u00e1 republika #1 Poncho Shop\",\"isPartOf\":{\"@id\":\"https:\/\/ozponcho.com.au\/#website\"},\"primaryImageOfPage\":{\"@id\":\"https:\/\/ozponcho.com.au\/p\/mens-elegant-black-cloak\/#primaryimage\"},\"image\":{\"@id\":\"https:\/\/ozponcho.com.au\/p\/mens-elegant-black-cloak\/#primaryimage\"},\"thumbnailUrl\":\"https:\/\/ozponcho.com.au\/wp-content\/uploads\/2024\/01\/S6e98f66073044c5ba6b561fc178d5852I.webp\",\"datePublished\":\"2024-01-21T08:44:27+00:00\",\"dateModified\":\"2024-12-16T04:51:56+00:00\",\"description\":\"Looking for a Black Men's Poncho ? You've come to the right place \ud83d\ude04 We offers a wide selection of Black Men's Poncho, perfect for you.\",\"breadcrumb\":{\"@id\":\"https:\/\/ozponcho.com.au\/p\/mens-elegant-black-cloak\/#breadcrumb\"},\"inLanguage\":\"cs\",\"potentialAction\":[{\"@type\":\"ReadAction\",\"target\":[\"https:\/\/ozponcho.com.au\/p\/mens-elegant-black-cloak\/\"]}]},{\"@type\":\"ImageObject\",\"inLanguage\":\"cs\",\"@id\":\"https:\/\/ozponcho.com.au\/p\/mens-elegant-black-cloak\/#primaryimage\",\"url\":\"https:\/\/ozponcho.com.au\/wp-content\/uploads\/2024\/01\/S6e98f66073044c5ba6b561fc178d5852I.webp\",\"contentUrl\":\"https:\/\/ozponcho.com.au\/wp-content\/uploads\/2024\/01\/S6e98f66073044c5ba6b561fc178d5852I.webp\",\"width\":1000,\"height\":1000,\"caption\":\"Black Men's Poncho\"},{\"@type\":\"BreadcrumbList\",\"@id\":\"https:\/\/ozponcho.com.au\/p\/mens-elegant-black-cloak\/#breadcrumb\",\"itemListElement\":[{\"@type\":\"ListItem\",\"position\":1,\"name\":\"Home\",\"item\":\"https:\/\/ozponcho.com.au\/\"},{\"@type\":\"ListItem\",\"position\":2,\"name\":\"Shop\",\"item\":\"https:\/\/ozponcho.com.au\/shop\/\"},{\"@type\":\"ListItem\",\"position\":3,\"name\":\"Black Men&#8217;s Poncho\"}]},{\"@type\":\"WebSite\",\"@id\":\"https:\/\/ozponcho.com.au\/#website\",\"url\":\"https:\/\/ozponcho.com.au\/\",\"name\":\"OZ Poncho\",\"description\":\"\",\"potentialAction\":[{\"@type\":\"SearchAction\",\"target\":{\"@type\":\"EntryPoint\",\"urlTemplate\":\"https:\/\/ozponcho.com.au\/?s={search_term_string}\"},\"query-input\":{\"@type\":\"PropertyValueSpecification\",\"valueRequired\":true,\"valueName\":\"search_term_string\"}}],\"inLanguage\":\"cs\"}]}<\/script>\n<!-- \/ Yoast SEO plugin. -->","yoast_head_json":{"title":"\u010cern\u00e9 p\u00e1nsk\u00e9 pon\u010do | \u010cesk\u00e1 republika #1 Poncho Shop","description":"Hled\u00e1te \u010dern\u00e9 p\u00e1nsk\u00e9 pon\u010do ? Jste na spr\u00e1vn\u00e9m m\u00edst\u011b \ud83d\ude04 Nab\u00edz\u00edme \u0161irok\u00fd v\u00fdb\u011br \u010cern\u00e9 p\u00e1nsk\u00e9 pon\u010do, ide\u00e1ln\u00ed pro v\u00e1s.","robots":{"index":"index","follow":"follow","max-snippet":"max-snippet:-1","max-image-preview":"max-image-preview:large","max-video-preview":"max-video-preview:-1"},"canonical":"https:\/\/ozponcho.com.au\/cs\/p\/pansky-elegantni-cerny-plast\/","og_locale":"cs_CZ","og_type":"article","og_title":"Black Men's Poncho | \u010cesk\u00e1 republika #1 Poncho Shop","og_description":"Looking for a Black Men's Poncho ? You've come to the right place \ud83d\ude04 We offers a wide selection of Black Men's Poncho, perfect for you.","og_url":"https:\/\/ozponcho.com.au\/cs\/p\/pansky-elegantni-cerny-plast\/","og_site_name":"OZ Poncho","article_modified_time":"2024-12-16T04:51:56+00:00","og_image":[{"width":1000,"height":1000,"url":"https:\/\/ozponcho.com.au\/wp-content\/uploads\/2024\/01\/S6e98f66073044c5ba6b561fc178d5852I.webp","type":"image\/webp"}],"twitter_card":"summary_large_image","twitter_misc":{"Odhadovan\u00e1 doba \u010dten\u00ed":"1 minuta"},"schema":{"@context":"https:\/\/schema.org","@graph":[{"@type":"WebPage","@id":"https:\/\/ozponcho.com.au\/p\/mens-elegant-black-cloak\/","url":"https:\/\/ozponcho.com.au\/p\/mens-elegant-black-cloak\/","name":"\u010cern\u00e9 p\u00e1nsk\u00e9 pon\u010do | \u010cesk\u00e1 republika #1 Poncho Shop","isPartOf":{"@id":"https:\/\/ozponcho.com.au\/#website"},"primaryImageOfPage":{"@id":"https:\/\/ozponcho.com.au\/p\/mens-elegant-black-cloak\/#primaryimage"},"image":{"@id":"https:\/\/ozponcho.com.au\/p\/mens-elegant-black-cloak\/#primaryimage"},"thumbnailUrl":"https:\/\/ozponcho.com.au\/wp-content\/uploads\/2024\/01\/S6e98f66073044c5ba6b561fc178d5852I.webp","datePublished":"2024-01-21T08:44:27+00:00","dateModified":"2024-12-16T04:51:56+00:00","description":"Hled\u00e1te \u010dern\u00e9 p\u00e1nsk\u00e9 pon\u010do ? Jste na spr\u00e1vn\u00e9m m\u00edst\u011b \ud83d\ude04 Nab\u00edz\u00edme \u0161irok\u00fd v\u00fdb\u011br \u010cern\u00e9 p\u00e1nsk\u00e9 pon\u010do, ide\u00e1ln\u00ed pro v\u00e1s.","breadcrumb":{"@id":"https:\/\/ozponcho.com.au\/p\/mens-elegant-black-cloak\/#breadcrumb"},"inLanguage":"cs","potentialAction":[{"@type":"ReadAction","target":["https:\/\/ozponcho.com.au\/p\/mens-elegant-black-cloak\/"]}]},{"@type":"ImageObject","inLanguage":"cs","@id":"https:\/\/ozponcho.com.au\/p\/mens-elegant-black-cloak\/#primaryimage","url":"https:\/\/ozponcho.com.au\/wp-content\/uploads\/2024\/01\/S6e98f66073044c5ba6b561fc178d5852I.webp","contentUrl":"https:\/\/ozponcho.com.au\/wp-content\/uploads\/2024\/01\/S6e98f66073044c5ba6b561fc178d5852I.webp","width":1000,"height":1000,"caption":"Black Men's Poncho"},{"@type":"BreadcrumbList","@id":"https:\/\/ozponcho.com.au\/p\/mens-elegant-black-cloak\/#breadcrumb","itemListElement":[{"@type":"ListItem","position":1,"name":"Home","item":"https:\/\/ozponcho.com.au\/"},{"@type":"ListItem","position":2,"name":"Shop","item":"https:\/\/ozponcho.com.au\/shop\/"},{"@type":"ListItem","position":3,"name":"Black Men&#8217;s Poncho"}]},{"@type":"WebSite","@id":"https:\/\/ozponcho.com.au\/#website","url":"https:\/\/ozponcho.com.au\/","name":"OZ Poncho","description":"","potentialAction":[{"@type":"SearchAction","target":{"@type":"EntryPoint","urlTemplate":"https:\/\/ozponcho.com.au\/?s={search_term_string}"},"query-input":{"@type":"PropertyValueSpecification","valueRequired":true,"valueName":"search_term_string"}}],"inLanguage":"cs"}]}},"_links":{"self":[{"href":"https:\/\/ozponcho.com.au\/cs\/wp-json\/wp\/v2\/product\/17573","targetHints":{"allow":["GET"]}}],"collection":[{"href":"https:\/\/ozponcho.com.au\/cs\/wp-json\/wp\/v2\/product"}],"about":[{"href":"https:\/\/ozponcho.com.au\/cs\/wp-json\/wp\/v2\/types\/product"}],"wp:featuredmedia":[{"embeddable":true,"href":"https:\/\/ozponcho.com.au\/cs\/wp-json\/wp\/v2\/media\/17572"}],"wp:attachment":[{"href":"https:\/\/ozponcho.com.au\/cs\/wp-json\/wp\/v2\/media?parent=17573"}],"wp:term":[{"taxonomy":"product_brand","embeddable":true,"href":"https:\/\/ozponcho.com.au\/cs\/wp-json\/wp\/v2\/product_brand?post=17573"},{"taxonomy":"product_cat","embeddable":true,"href":"https:\/\/ozponcho.com.au\/cs\/wp-json\/wp\/v2\/product_cat?post=17573"},{"taxonomy":"product_tag","embeddable":true,"href":"https:\/\/ozponcho.com.au\/cs\/wp-json\/wp\/v2\/product_tag?post=17573"}],"curies":[{"name":"wp","href":"https:\/\/api.w.org\/{rel}","templated":true}]}}