{"id":17480,"date":"2024-01-21T19:43:27","date_gmt":"2024-01-21T08:43:27","guid":{"rendered":"https:\/\/ozponcho.com.au\/?post_type=product&#038;p=17480"},"modified":"2025-12-15T16:12:49","modified_gmt":"2025-12-15T05:12:49","slug":"tribal-pattern-hooded-cape","status":"publish","type":"product","link":"https:\/\/ozponcho.com.au\/cs\/p\/plastenka-s-kapuci-s-kmenovym-vzorem\/","title":{"rendered":"P\u00e1nsk\u00e9 pon\u010do s kapuc\u00ed Bohemian Men"},"content":{"rendered":"<p>Pono\u0159te se do podstaty podzimu s na\u0161\u00edm boh\u00e9msk\u00fdm p\u00e1nsk\u00fdm pon\u010dem s kapuc\u00ed - v\u0161estrann\u00fdm od\u011bvem, kter\u00fd je funk\u010dn\u00ed i m\u00f3dn\u00ed. Toto po\u010d\u00edta\u010dem pleten\u00e9 pon\u010do, vyroben\u00e9 ze sm\u011bsi p\u0159\u00edjemn\u00e9ho polyesteru a akrylu, se py\u0161n\u00ed v\u00fdrazn\u00fdm kmenov\u00fdm vzorem, kter\u00fd vyza\u0159uje rustik\u00e1ln\u00ed kouzlo. V bohat\u00e9 barevn\u00e9 palet\u011b se prol\u00ednaj\u00ed kr\u00e9mov\u00e9, \u010dern\u00e9 a syt\u011b \u010derven\u00e9 odst\u00edny a vkusn\u00e9 detaily se st\u0159apci dod\u00e1vaj\u00ed texturou a charakterem. Tento v\u00fdrazn\u00fd kousek si m\u016f\u017eete obl\u00e9knout jako stylov\u00fd dopln\u011bk na chladn\u00e9 ve\u010dery nebo jako m\u00f3dn\u00ed vrstvu na denn\u00ed vych\u00e1zky. Vychutnejte si spojen\u00ed pohodl\u00ed a stylu s t\u00edmto nepostradateln\u00fdm pon\u010dem.<\/p>\n<h2>SPECIFIKACE<\/h2>\n<p><img decoding=\"async\" src=\"https:\/\/ozponcho.com.au\/wp-content\/uploads\/2024\/03\/S8c99e927ef0440c9a8a0ae7ecfc8b863k.webp\" \/><\/p>\n<p><img decoding=\"async\" src=\"https:\/\/ozponcho.com.au\/wp-content\/uploads\/2024\/03\/S11fd267e40994277bcd54ae2a0761148U.webp\" alt=\"neur\u010deno\" \/><\/p>","protected":false},"excerpt":{"rendered":"<p>Immerse yourself in the essence of autumn with our Bohemian Men&#8217;s Hooded Poncho\u00e2\u20ac\u201da versatile garment offering both function and fashion. Crafted from a blend of cozy polyester and acrylic, this computer-knitted poncho showcases a striking tribal pattern that exudes a rustic charm. The rich color palette intertwines cream, black, and deep red hues, with tasteful [&#8230;]","protected":false},"featured_media":17478,"template":"","meta":[],"product_brand":[],"product_cat":[229,226,227,15,228,211],"product_tag":[],"class_list":{"0":"post-17480","1":"product","2":"type-product","3":"status-publish","4":"has-post-thumbnail","6":"product_cat-blanket-poncho","7":"product_cat-brown-poncho","8":"product_cat-hooded-poncho","9":"product_cat-main-category","10":"product_cat-poncho-sweater","11":"product_cat-poncho-men","13":"first","14":"instock","15":"shipping-taxable","16":"purchasable","17":"product-type-variable"},"yoast_head":"<!-- This site is optimized with the Yoast SEO plugin v25.9 - https:\/\/yoast.com\/wordpress\/plugins\/seo\/ -->\n<title>Bohemian Men Hooded Poncho | \u010cesk\u00e1 republika #1 Poncho Shop<\/title>\n<meta name=\"description\" content=\"Looking for a Bohemian Men Hooded Poncho ? You&#039;ve come to the right place \ud83d\ude04 We offers a wide selection of Bohemian Men Hooded Poncho, perfect for you.\" \/>\n<meta name=\"robots\" content=\"index, follow, max-snippet:-1, max-image-preview:large, max-video-preview:-1\" \/>\n<link rel=\"canonical\" href=\"https:\/\/ozponcho.com.au\/cs\/p\/plastenka-s-kapuci-s-kmenovym-vzorem\/\" \/>\n<meta property=\"og:locale\" content=\"cs_CZ\" \/>\n<meta property=\"og:type\" content=\"article\" \/>\n<meta property=\"og:title\" content=\"Bohemian Men Hooded Poncho | \u010cesk\u00e1 republika #1 Poncho Shop\" \/>\n<meta property=\"og:description\" content=\"Looking for a Bohemian Men Hooded Poncho ? You&#039;ve come to the right place \ud83d\ude04 We offers a wide selection of Bohemian Men Hooded Poncho, perfect for you.\" \/>\n<meta property=\"og:url\" content=\"https:\/\/ozponcho.com.au\/cs\/p\/plastenka-s-kapuci-s-kmenovym-vzorem\/\" \/>\n<meta property=\"og:site_name\" content=\"OZ Poncho\" \/>\n<meta property=\"article:modified_time\" content=\"2025-12-15T05:12:49+00:00\" \/>\n<meta property=\"og:image\" content=\"https:\/\/ozponcho.com.au\/wp-content\/uploads\/2024\/01\/S2f129892512f4197849a99013adbc363B-2.webp\" \/>\n\t<meta property=\"og:image:width\" content=\"800\" \/>\n\t<meta property=\"og:image:height\" content=\"800\" \/>\n\t<meta property=\"og:image:type\" content=\"image\/webp\" \/>\n<meta name=\"twitter:card\" content=\"summary_large_image\" \/>\n<meta name=\"twitter:label1\" content=\"Odhadovan\u00e1 doba \u010dten\u00ed\" \/>\n\t<meta name=\"twitter:data1\" content=\"2 minuty\" \/>\n<script type=\"application\/ld+json\" class=\"yoast-schema-graph\">{\"@context\":\"https:\/\/schema.org\",\"@graph\":[{\"@type\":\"WebPage\",\"@id\":\"https:\/\/ozponcho.com.au\/p\/tribal-pattern-hooded-cape\/\",\"url\":\"https:\/\/ozponcho.com.au\/p\/tribal-pattern-hooded-cape\/\",\"name\":\"Bohemian Men Hooded Poncho | \u010cesk\u00e1 republika #1 Poncho Shop\",\"isPartOf\":{\"@id\":\"https:\/\/ozponcho.com.au\/#website\"},\"primaryImageOfPage\":{\"@id\":\"https:\/\/ozponcho.com.au\/p\/tribal-pattern-hooded-cape\/#primaryimage\"},\"image\":{\"@id\":\"https:\/\/ozponcho.com.au\/p\/tribal-pattern-hooded-cape\/#primaryimage\"},\"thumbnailUrl\":\"https:\/\/ozponcho.com.au\/wp-content\/uploads\/2024\/01\/S2f129892512f4197849a99013adbc363B-2.webp\",\"datePublished\":\"2024-01-21T08:43:27+00:00\",\"dateModified\":\"2025-12-15T05:12:49+00:00\",\"description\":\"Looking for a Bohemian Men Hooded Poncho ? You've come to the right place \ud83d\ude04 We offers a wide selection of Bohemian Men Hooded Poncho, perfect for you.\",\"breadcrumb\":{\"@id\":\"https:\/\/ozponcho.com.au\/p\/tribal-pattern-hooded-cape\/#breadcrumb\"},\"inLanguage\":\"cs\",\"potentialAction\":[{\"@type\":\"ReadAction\",\"target\":[\"https:\/\/ozponcho.com.au\/p\/tribal-pattern-hooded-cape\/\"]}]},{\"@type\":\"ImageObject\",\"inLanguage\":\"cs\",\"@id\":\"https:\/\/ozponcho.com.au\/p\/tribal-pattern-hooded-cape\/#primaryimage\",\"url\":\"https:\/\/ozponcho.com.au\/wp-content\/uploads\/2024\/01\/S2f129892512f4197849a99013adbc363B-2.webp\",\"contentUrl\":\"https:\/\/ozponcho.com.au\/wp-content\/uploads\/2024\/01\/S2f129892512f4197849a99013adbc363B-2.webp\",\"width\":800,\"height\":800,\"caption\":\"Bohemian Men Hooded Poncho\"},{\"@type\":\"BreadcrumbList\",\"@id\":\"https:\/\/ozponcho.com.au\/p\/tribal-pattern-hooded-cape\/#breadcrumb\",\"itemListElement\":[{\"@type\":\"ListItem\",\"position\":1,\"name\":\"Home\",\"item\":\"https:\/\/ozponcho.com.au\/\"},{\"@type\":\"ListItem\",\"position\":2,\"name\":\"Shop\",\"item\":\"https:\/\/ozponcho.com.au\/shop\/\"},{\"@type\":\"ListItem\",\"position\":3,\"name\":\"Bohemian Men Hooded Poncho\"}]},{\"@type\":\"WebSite\",\"@id\":\"https:\/\/ozponcho.com.au\/#website\",\"url\":\"https:\/\/ozponcho.com.au\/\",\"name\":\"OZ Poncho\",\"description\":\"\",\"potentialAction\":[{\"@type\":\"SearchAction\",\"target\":{\"@type\":\"EntryPoint\",\"urlTemplate\":\"https:\/\/ozponcho.com.au\/?s={search_term_string}\"},\"query-input\":{\"@type\":\"PropertyValueSpecification\",\"valueRequired\":true,\"valueName\":\"search_term_string\"}}],\"inLanguage\":\"cs\"}]}<\/script>\n<!-- \/ Yoast SEO plugin. -->","yoast_head_json":{"title":"P\u00e1nsk\u00e1 pon\u010da s kapuc\u00ed Bohemian | \u010cesk\u00e1 republika #1 Poncho Shop","description":"Hled\u00e1te \u010desk\u00e9 p\u00e1nsk\u00e9 pon\u010do s kapuc\u00ed ? Jste na spr\u00e1vn\u00e9m m\u00edst\u011b \ud83d\ude04 Nab\u00edz\u00edme \u0161irok\u00fd v\u00fdb\u011br p\u00e1nsk\u00fdch pon\u010da s kapuc\u00ed Bohemian Men, ide\u00e1ln\u00ed pro v\u00e1s.","robots":{"index":"index","follow":"follow","max-snippet":"max-snippet:-1","max-image-preview":"max-image-preview:large","max-video-preview":"max-video-preview:-1"},"canonical":"https:\/\/ozponcho.com.au\/cs\/p\/plastenka-s-kapuci-s-kmenovym-vzorem\/","og_locale":"cs_CZ","og_type":"article","og_title":"Bohemian Men Hooded Poncho | \u010cesk\u00e1 republika #1 Poncho Shop","og_description":"Looking for a Bohemian Men Hooded Poncho ? You've come to the right place \ud83d\ude04 We offers a wide selection of Bohemian Men Hooded Poncho, perfect for you.","og_url":"https:\/\/ozponcho.com.au\/cs\/p\/plastenka-s-kapuci-s-kmenovym-vzorem\/","og_site_name":"OZ Poncho","article_modified_time":"2025-12-15T05:12:49+00:00","og_image":[{"width":800,"height":800,"url":"https:\/\/ozponcho.com.au\/wp-content\/uploads\/2024\/01\/S2f129892512f4197849a99013adbc363B-2.webp","type":"image\/webp"}],"twitter_card":"summary_large_image","twitter_misc":{"Odhadovan\u00e1 doba \u010dten\u00ed":"2 minuty"},"schema":{"@context":"https:\/\/schema.org","@graph":[{"@type":"WebPage","@id":"https:\/\/ozponcho.com.au\/p\/tribal-pattern-hooded-cape\/","url":"https:\/\/ozponcho.com.au\/p\/tribal-pattern-hooded-cape\/","name":"P\u00e1nsk\u00e1 pon\u010da s kapuc\u00ed Bohemian | \u010cesk\u00e1 republika #1 Poncho Shop","isPartOf":{"@id":"https:\/\/ozponcho.com.au\/#website"},"primaryImageOfPage":{"@id":"https:\/\/ozponcho.com.au\/p\/tribal-pattern-hooded-cape\/#primaryimage"},"image":{"@id":"https:\/\/ozponcho.com.au\/p\/tribal-pattern-hooded-cape\/#primaryimage"},"thumbnailUrl":"https:\/\/ozponcho.com.au\/wp-content\/uploads\/2024\/01\/S2f129892512f4197849a99013adbc363B-2.webp","datePublished":"2024-01-21T08:43:27+00:00","dateModified":"2025-12-15T05:12:49+00:00","description":"Hled\u00e1te \u010desk\u00e9 p\u00e1nsk\u00e9 pon\u010do s kapuc\u00ed ? Jste na spr\u00e1vn\u00e9m m\u00edst\u011b \ud83d\ude04 Nab\u00edz\u00edme \u0161irok\u00fd v\u00fdb\u011br p\u00e1nsk\u00fdch pon\u010da s kapuc\u00ed Bohemian Men, ide\u00e1ln\u00ed pro v\u00e1s.","breadcrumb":{"@id":"https:\/\/ozponcho.com.au\/p\/tribal-pattern-hooded-cape\/#breadcrumb"},"inLanguage":"cs","potentialAction":[{"@type":"ReadAction","target":["https:\/\/ozponcho.com.au\/p\/tribal-pattern-hooded-cape\/"]}]},{"@type":"ImageObject","inLanguage":"cs","@id":"https:\/\/ozponcho.com.au\/p\/tribal-pattern-hooded-cape\/#primaryimage","url":"https:\/\/ozponcho.com.au\/wp-content\/uploads\/2024\/01\/S2f129892512f4197849a99013adbc363B-2.webp","contentUrl":"https:\/\/ozponcho.com.au\/wp-content\/uploads\/2024\/01\/S2f129892512f4197849a99013adbc363B-2.webp","width":800,"height":800,"caption":"Bohemian Men Hooded Poncho"},{"@type":"BreadcrumbList","@id":"https:\/\/ozponcho.com.au\/p\/tribal-pattern-hooded-cape\/#breadcrumb","itemListElement":[{"@type":"ListItem","position":1,"name":"Home","item":"https:\/\/ozponcho.com.au\/"},{"@type":"ListItem","position":2,"name":"Shop","item":"https:\/\/ozponcho.com.au\/shop\/"},{"@type":"ListItem","position":3,"name":"Bohemian Men Hooded Poncho"}]},{"@type":"WebSite","@id":"https:\/\/ozponcho.com.au\/#website","url":"https:\/\/ozponcho.com.au\/","name":"OZ Poncho","description":"","potentialAction":[{"@type":"SearchAction","target":{"@type":"EntryPoint","urlTemplate":"https:\/\/ozponcho.com.au\/?s={search_term_string}"},"query-input":{"@type":"PropertyValueSpecification","valueRequired":true,"valueName":"search_term_string"}}],"inLanguage":"cs"}]}},"_links":{"self":[{"href":"https:\/\/ozponcho.com.au\/cs\/wp-json\/wp\/v2\/product\/17480","targetHints":{"allow":["GET"]}}],"collection":[{"href":"https:\/\/ozponcho.com.au\/cs\/wp-json\/wp\/v2\/product"}],"about":[{"href":"https:\/\/ozponcho.com.au\/cs\/wp-json\/wp\/v2\/types\/product"}],"wp:featuredmedia":[{"embeddable":true,"href":"https:\/\/ozponcho.com.au\/cs\/wp-json\/wp\/v2\/media\/17478"}],"wp:attachment":[{"href":"https:\/\/ozponcho.com.au\/cs\/wp-json\/wp\/v2\/media?parent=17480"}],"wp:term":[{"taxonomy":"product_brand","embeddable":true,"href":"https:\/\/ozponcho.com.au\/cs\/wp-json\/wp\/v2\/product_brand?post=17480"},{"taxonomy":"product_cat","embeddable":true,"href":"https:\/\/ozponcho.com.au\/cs\/wp-json\/wp\/v2\/product_cat?post=17480"},{"taxonomy":"product_tag","embeddable":true,"href":"https:\/\/ozponcho.com.au\/cs\/wp-json\/wp\/v2\/product_tag?post=17480"}],"curies":[{"name":"wp","href":"https:\/\/api.w.org\/{rel}","templated":true}]}}