{"id":17416,"date":"2024-01-21T19:42:47","date_gmt":"2024-01-21T08:42:47","guid":{"rendered":"https:\/\/ozponcho.com.au\/?post_type=product&#038;p=17416"},"modified":"2025-06-16T02:17:02","modified_gmt":"2025-06-15T15:17:02","slug":"urban-fringe-cloak-men","status":"publish","type":"product","link":"https:\/\/ozponcho.com.au\/cs\/p\/mestsky-plast-s-trasnemi-pansky\/","title":{"rendered":"P\u00e1nsk\u00e9 \u010dern\u00e9 pon\u010do se st\u0159apci"},"content":{"rendered":"<p>Vyzdvihn\u011bte sv\u016fj styl s t\u00edmto v\u00fdrazn\u00fdm p\u00e1nsk\u00fdm pon\u010dem s \u010dern\u00fdmi st\u0159apci, kter\u00e9 je ide\u00e1ln\u00ed pro ka\u017ed\u00e9ho m\u00f3dn\u00edho nad\u0161ence, jen\u017e hled\u00e1 jedine\u010dn\u00fd dopln\u011bk sv\u00e9ho \u0161atn\u00edku. Pohodln\u00fd bavln\u011bn\u00fd materi\u00e1l v kombinaci s detailem st\u0159apce nab\u00edz\u00ed korejsk\u00fd streetwearov\u00fd \u0161arm, zat\u00edmco O-v\u00fdst\u0159ih zaji\u0161\u0165uje uvoln\u011bn\u00fd st\u0159ih. Tento pl\u00e1\u0161\u0165 je univerz\u00e1ln\u00ed pro ka\u017ed\u00e9 ro\u010dn\u00ed obdob\u00ed a p\u0159izp\u016fsob\u00ed se r\u016fzn\u00fdm p\u0159\u00edle\u017eitostem, od b\u011b\u017en\u00fdch v\u00fdlet\u016f po n\u00e1kupy, a jist\u011b ud\u011bl\u00e1 dojem. P\u0159ijm\u011bte kombinaci funk\u010dnosti a estetiky ur\u010duj\u00edc\u00ed trendy, kter\u00e1 podporuje odv\u00e1\u017en\u00fd p\u0159\u00edstup ke ka\u017edodenn\u00ed m\u00f3d\u011b.<\/p>\n<h2>SPECIFIKACE<\/h2>\n<p>Materi\u00e1l: BAVLNA<\/p>\n<div>\n<div>\n<div><img decoding=\"async\" src=\"https:\/\/ozponcho.com.au\/wp-content\/uploads\/2024\/03\/Sbaff36628c8041069432c30258a21f043.webp\" \/><\/div>\n<\/div>\n<\/div>","protected":false},"excerpt":{"rendered":"<p>Elevate your style with this distinctive Men&#8217;s Black Tassel Poncho, perfect for any fashion-forward individual seeking a unique addition to their wardrobe. The comfortable cotton material pairs with a tassel detail to offer an air of Korean streetwear charm, while the O-neck design ensures a relaxed fit. Versatile for any season and adaptable for diverse [&#8230;]","protected":false},"featured_media":17414,"template":"","meta":[],"product_brand":[],"product_cat":[219,15,228,211],"product_tag":[],"class_list":{"0":"post-17416","1":"product","2":"type-product","3":"status-publish","4":"has-post-thumbnail","6":"product_cat-black-poncho","7":"product_cat-main-category","8":"product_cat-poncho-sweater","9":"product_cat-poncho-men","11":"first","12":"instock","13":"shipping-taxable","14":"purchasable","15":"product-type-variable"},"yoast_head":"<!-- This site is optimized with the Yoast SEO plugin v25.9 - https:\/\/yoast.com\/wordpress\/plugins\/seo\/ -->\n<title>Men&#039;s Black Tassel Poncho | \u010cesk\u00e1 republika #1 Poncho Shop<\/title>\n<meta name=\"description\" content=\"Looking for a Men&#039;s Black Tassel Poncho ? You&#039;ve come to the right place \ud83d\ude04 We offers a wide selection of Men&#039;s Black Tassel Poncho, perfect for you.\" \/>\n<meta name=\"robots\" content=\"index, follow, max-snippet:-1, max-image-preview:large, max-video-preview:-1\" \/>\n<link rel=\"canonical\" href=\"https:\/\/ozponcho.com.au\/cs\/p\/mestsky-plast-s-trasnemi-pansky\/\" \/>\n<meta property=\"og:locale\" content=\"cs_CZ\" \/>\n<meta property=\"og:type\" content=\"article\" \/>\n<meta property=\"og:title\" content=\"Men&#039;s Black Tassel Poncho | \u010cesk\u00e1 republika #1 Poncho Shop\" \/>\n<meta property=\"og:description\" content=\"Looking for a Men&#039;s Black Tassel Poncho ? You&#039;ve come to the right place \ud83d\ude04 We offers a wide selection of Men&#039;s Black Tassel Poncho, perfect for you.\" \/>\n<meta property=\"og:url\" content=\"https:\/\/ozponcho.com.au\/cs\/p\/mestsky-plast-s-trasnemi-pansky\/\" \/>\n<meta property=\"og:site_name\" content=\"OZ Poncho\" \/>\n<meta property=\"article:modified_time\" content=\"2025-06-15T15:17:02+00:00\" \/>\n<meta property=\"og:image\" content=\"https:\/\/ozponcho.com.au\/wp-content\/uploads\/2024\/01\/Se19ea36bcb434bee93cf85bbfa395f27o.webp\" \/>\n\t<meta property=\"og:image:width\" content=\"1000\" \/>\n\t<meta property=\"og:image:height\" content=\"1000\" \/>\n\t<meta property=\"og:image:type\" content=\"image\/webp\" \/>\n<meta name=\"twitter:card\" content=\"summary_large_image\" \/>\n<meta name=\"twitter:label1\" content=\"Odhadovan\u00e1 doba \u010dten\u00ed\" \/>\n\t<meta name=\"twitter:data1\" content=\"1 minuta\" \/>\n<script type=\"application\/ld+json\" class=\"yoast-schema-graph\">{\"@context\":\"https:\/\/schema.org\",\"@graph\":[{\"@type\":\"WebPage\",\"@id\":\"https:\/\/ozponcho.com.au\/p\/urban-fringe-cloak-men\/\",\"url\":\"https:\/\/ozponcho.com.au\/p\/urban-fringe-cloak-men\/\",\"name\":\"Men's Black Tassel Poncho | \u010cesk\u00e1 republika #1 Poncho Shop\",\"isPartOf\":{\"@id\":\"https:\/\/ozponcho.com.au\/#website\"},\"primaryImageOfPage\":{\"@id\":\"https:\/\/ozponcho.com.au\/p\/urban-fringe-cloak-men\/#primaryimage\"},\"image\":{\"@id\":\"https:\/\/ozponcho.com.au\/p\/urban-fringe-cloak-men\/#primaryimage\"},\"thumbnailUrl\":\"https:\/\/ozponcho.com.au\/wp-content\/uploads\/2024\/01\/Se19ea36bcb434bee93cf85bbfa395f27o.webp\",\"datePublished\":\"2024-01-21T08:42:47+00:00\",\"dateModified\":\"2025-06-15T15:17:02+00:00\",\"description\":\"Looking for a Men's Black Tassel Poncho ? You've come to the right place \ud83d\ude04 We offers a wide selection of Men's Black Tassel Poncho, perfect for you.\",\"breadcrumb\":{\"@id\":\"https:\/\/ozponcho.com.au\/p\/urban-fringe-cloak-men\/#breadcrumb\"},\"inLanguage\":\"cs\",\"potentialAction\":[{\"@type\":\"ReadAction\",\"target\":[\"https:\/\/ozponcho.com.au\/p\/urban-fringe-cloak-men\/\"]}]},{\"@type\":\"ImageObject\",\"inLanguage\":\"cs\",\"@id\":\"https:\/\/ozponcho.com.au\/p\/urban-fringe-cloak-men\/#primaryimage\",\"url\":\"https:\/\/ozponcho.com.au\/wp-content\/uploads\/2024\/01\/Se19ea36bcb434bee93cf85bbfa395f27o.webp\",\"contentUrl\":\"https:\/\/ozponcho.com.au\/wp-content\/uploads\/2024\/01\/Se19ea36bcb434bee93cf85bbfa395f27o.webp\",\"width\":1000,\"height\":1000,\"caption\":\"Men's Black Tassel Poncho\"},{\"@type\":\"BreadcrumbList\",\"@id\":\"https:\/\/ozponcho.com.au\/p\/urban-fringe-cloak-men\/#breadcrumb\",\"itemListElement\":[{\"@type\":\"ListItem\",\"position\":1,\"name\":\"Home\",\"item\":\"https:\/\/ozponcho.com.au\/\"},{\"@type\":\"ListItem\",\"position\":2,\"name\":\"Shop\",\"item\":\"https:\/\/ozponcho.com.au\/shop\/\"},{\"@type\":\"ListItem\",\"position\":3,\"name\":\"Men&#8217;s Black Tassel Poncho\"}]},{\"@type\":\"WebSite\",\"@id\":\"https:\/\/ozponcho.com.au\/#website\",\"url\":\"https:\/\/ozponcho.com.au\/\",\"name\":\"OZ Poncho\",\"description\":\"\",\"potentialAction\":[{\"@type\":\"SearchAction\",\"target\":{\"@type\":\"EntryPoint\",\"urlTemplate\":\"https:\/\/ozponcho.com.au\/?s={search_term_string}\"},\"query-input\":{\"@type\":\"PropertyValueSpecification\",\"valueRequired\":true,\"valueName\":\"search_term_string\"}}],\"inLanguage\":\"cs\"}]}<\/script>\n<!-- \/ Yoast SEO plugin. -->","yoast_head_json":{"title":"P\u00e1nsk\u00e9 \u010dern\u00e9 pon\u010do se st\u0159apci | \u010cesk\u00e1 republika #1 Pon\u010do Shop","description":"Hled\u00e1te p\u00e1nsk\u00e9 \u010dern\u00e9 pon\u010do se st\u0159apci ? Tak to jste tady spr\u00e1vn\u011b \ud83d\ude04 Nab\u00edz\u00edme \u0161irok\u00fd v\u00fdb\u011br p\u00e1nsk\u00fdch \u010dern\u00fdch pon\u010do se st\u0159apci, kter\u00e9 jsou pro v\u00e1s ide\u00e1ln\u00ed.","robots":{"index":"index","follow":"follow","max-snippet":"max-snippet:-1","max-image-preview":"max-image-preview:large","max-video-preview":"max-video-preview:-1"},"canonical":"https:\/\/ozponcho.com.au\/cs\/p\/mestsky-plast-s-trasnemi-pansky\/","og_locale":"cs_CZ","og_type":"article","og_title":"Men's Black Tassel Poncho | \u010cesk\u00e1 republika #1 Poncho Shop","og_description":"Looking for a Men's Black Tassel Poncho ? You've come to the right place \ud83d\ude04 We offers a wide selection of Men's Black Tassel Poncho, perfect for you.","og_url":"https:\/\/ozponcho.com.au\/cs\/p\/mestsky-plast-s-trasnemi-pansky\/","og_site_name":"OZ Poncho","article_modified_time":"2025-06-15T15:17:02+00:00","og_image":[{"width":1000,"height":1000,"url":"https:\/\/ozponcho.com.au\/wp-content\/uploads\/2024\/01\/Se19ea36bcb434bee93cf85bbfa395f27o.webp","type":"image\/webp"}],"twitter_card":"summary_large_image","twitter_misc":{"Odhadovan\u00e1 doba \u010dten\u00ed":"1 minuta"},"schema":{"@context":"https:\/\/schema.org","@graph":[{"@type":"WebPage","@id":"https:\/\/ozponcho.com.au\/p\/urban-fringe-cloak-men\/","url":"https:\/\/ozponcho.com.au\/p\/urban-fringe-cloak-men\/","name":"P\u00e1nsk\u00e9 \u010dern\u00e9 pon\u010do se st\u0159apci | \u010cesk\u00e1 republika #1 Pon\u010do Shop","isPartOf":{"@id":"https:\/\/ozponcho.com.au\/#website"},"primaryImageOfPage":{"@id":"https:\/\/ozponcho.com.au\/p\/urban-fringe-cloak-men\/#primaryimage"},"image":{"@id":"https:\/\/ozponcho.com.au\/p\/urban-fringe-cloak-men\/#primaryimage"},"thumbnailUrl":"https:\/\/ozponcho.com.au\/wp-content\/uploads\/2024\/01\/Se19ea36bcb434bee93cf85bbfa395f27o.webp","datePublished":"2024-01-21T08:42:47+00:00","dateModified":"2025-06-15T15:17:02+00:00","description":"Hled\u00e1te p\u00e1nsk\u00e9 \u010dern\u00e9 pon\u010do se st\u0159apci ? Tak to jste tady spr\u00e1vn\u011b \ud83d\ude04 Nab\u00edz\u00edme \u0161irok\u00fd v\u00fdb\u011br p\u00e1nsk\u00fdch \u010dern\u00fdch pon\u010do se st\u0159apci, kter\u00e9 jsou pro v\u00e1s ide\u00e1ln\u00ed.","breadcrumb":{"@id":"https:\/\/ozponcho.com.au\/p\/urban-fringe-cloak-men\/#breadcrumb"},"inLanguage":"cs","potentialAction":[{"@type":"ReadAction","target":["https:\/\/ozponcho.com.au\/p\/urban-fringe-cloak-men\/"]}]},{"@type":"ImageObject","inLanguage":"cs","@id":"https:\/\/ozponcho.com.au\/p\/urban-fringe-cloak-men\/#primaryimage","url":"https:\/\/ozponcho.com.au\/wp-content\/uploads\/2024\/01\/Se19ea36bcb434bee93cf85bbfa395f27o.webp","contentUrl":"https:\/\/ozponcho.com.au\/wp-content\/uploads\/2024\/01\/Se19ea36bcb434bee93cf85bbfa395f27o.webp","width":1000,"height":1000,"caption":"Men's Black Tassel Poncho"},{"@type":"BreadcrumbList","@id":"https:\/\/ozponcho.com.au\/p\/urban-fringe-cloak-men\/#breadcrumb","itemListElement":[{"@type":"ListItem","position":1,"name":"Home","item":"https:\/\/ozponcho.com.au\/"},{"@type":"ListItem","position":2,"name":"Shop","item":"https:\/\/ozponcho.com.au\/shop\/"},{"@type":"ListItem","position":3,"name":"Men&#8217;s Black Tassel Poncho"}]},{"@type":"WebSite","@id":"https:\/\/ozponcho.com.au\/#website","url":"https:\/\/ozponcho.com.au\/","name":"OZ Poncho","description":"","potentialAction":[{"@type":"SearchAction","target":{"@type":"EntryPoint","urlTemplate":"https:\/\/ozponcho.com.au\/?s={search_term_string}"},"query-input":{"@type":"PropertyValueSpecification","valueRequired":true,"valueName":"search_term_string"}}],"inLanguage":"cs"}]}},"_links":{"self":[{"href":"https:\/\/ozponcho.com.au\/cs\/wp-json\/wp\/v2\/product\/17416","targetHints":{"allow":["GET"]}}],"collection":[{"href":"https:\/\/ozponcho.com.au\/cs\/wp-json\/wp\/v2\/product"}],"about":[{"href":"https:\/\/ozponcho.com.au\/cs\/wp-json\/wp\/v2\/types\/product"}],"wp:featuredmedia":[{"embeddable":true,"href":"https:\/\/ozponcho.com.au\/cs\/wp-json\/wp\/v2\/media\/17414"}],"wp:attachment":[{"href":"https:\/\/ozponcho.com.au\/cs\/wp-json\/wp\/v2\/media?parent=17416"}],"wp:term":[{"taxonomy":"product_brand","embeddable":true,"href":"https:\/\/ozponcho.com.au\/cs\/wp-json\/wp\/v2\/product_brand?post=17416"},{"taxonomy":"product_cat","embeddable":true,"href":"https:\/\/ozponcho.com.au\/cs\/wp-json\/wp\/v2\/product_cat?post=17416"},{"taxonomy":"product_tag","embeddable":true,"href":"https:\/\/ozponcho.com.au\/cs\/wp-json\/wp\/v2\/product_tag?post=17416"}],"curies":[{"name":"wp","href":"https:\/\/api.w.org\/{rel}","templated":true}]}}