{"id":17163,"date":"2023-12-30T23:28:39","date_gmt":"2023-12-30T12:28:39","guid":{"rendered":"https:\/\/ozponcho.com.au\/?post_type=product&#038;p=17163"},"modified":"2025-06-05T17:11:31","modified_gmt":"2025-06-05T06:11:31","slug":"tactical-raincoat-multi-function-shelter","status":"publish","type":"product","link":"https:\/\/ozponcho.com.au\/cs\/p\/takticka-plastenka-multifunkcni-pristresek\/","title":{"rendered":"Vodot\u011bsn\u00e9 vojensk\u00e9 pon\u010do Outdoor"},"content":{"rendered":"<p>Za\u017eijte nep\u0159ekonatelnou v\u0161estrannost s na\u0161\u00edm nepromokav\u00fdm vojensk\u00fdm pon\u010dem - va\u0161\u00edm dokonal\u00fdm spole\u010dn\u00edkem do p\u0159\u00edrody. Toto prvot\u0159\u00eddn\u00ed pon\u010do z ripstopu v\u00e1s ochr\u00e1n\u00ed p\u0159ed siln\u00fdm de\u0161t\u011bm a v\u011btrem a z\u00e1rove\u0148 slou\u017e\u00ed jako nouzov\u00fd p\u0159\u00edst\u0159e\u0161ek nebo podlo\u017eka na zemi. Jeho lehk\u00e1, ale robustn\u00ed konstrukce poskytuje optim\u00e1ln\u00ed maskov\u00e1n\u00ed, je vhodn\u00e1 pro kempov\u00e1n\u00ed, turistiku nebo taktick\u00e9 pou\u017eit\u00ed. Rozhodn\u011bte se pro na\u0161e v\u00edce\u00fa\u010delov\u00e9 pon\u010do, kter\u00e9 v\u00e1m zajist\u00ed v\u00fdjime\u010dn\u00e9 pohodl\u00ed, odolnost a ochranu za ka\u017ed\u00e9ho po\u010das\u00ed. Nedovolte nep\u0159edv\u00eddateln\u00fdm \u017eivl\u016fm, aby zma\u0159ily va\u0161e dobrodru\u017estv\u00ed; vydejte se s d\u016fv\u011brou do p\u0159\u00edrody!<\/p>\n<h2>SPECIFIKACE<\/h2>\n<p>V\u00fdrobek: RainWear<\/p>\n<p>Materi\u00e1l: Materi\u00e1l: Polyester<\/p>\n<p>V\u011bkov\u00e1 skupina: Dosp\u011bl\u00ed<\/p>\n<p>Venkovn\u00ed aktivity: T\u00e1bor\/turistika<\/p>\n<p>Velikost: 220x140 cm<\/p>","protected":false},"excerpt":{"rendered":"<p>Experience unmatched versatility with our Waterproof Military Poncho\u00e2\u20ac\u201dyour ultimate outdoor companion. This top-grade, ripstop poncho shields you from heavy rain and wind, doubling as an emergency shelter or ground mat. Its lightweight yet robust design provides optimal camouflage, suitable for camping, hiking, or tactical use. Opt for our multi-use poncho for exceptional comfort, durability, and [&#8230;]","protected":false},"featured_media":17162,"template":"","meta":[],"product_brand":[],"product_cat":[206,15,217,205,413,468],"product_tag":[],"class_list":{"0":"post-17163","1":"product","2":"type-product","3":"status-publish","4":"has-post-thumbnail","6":"product_cat-emergency-poncho","7":"product_cat-main-category","8":"product_cat-plastic-poncho","9":"product_cat-rain-poncho","10":"product_cat-hiking-poncho","11":"product_cat-orange-ponchos-capes","13":"first","14":"instock","15":"shipping-taxable","16":"purchasable","17":"product-type-variable"},"yoast_head":"<!-- This site is optimized with the Yoast SEO plugin v25.9 - https:\/\/yoast.com\/wordpress\/plugins\/seo\/ -->\n<title>Waterproof Military Poncho Outdoor | \u010cesk\u00e1 republika #1 Poncho Shop<\/title>\n<meta name=\"description\" content=\"Looking for a Waterproof Military Poncho Outdoor ? You&#039;ve come to the right place \ud83d\ude04 We offers a wide selection of Waterproof Military Poncho Outdoor, perfect for you.\" \/>\n<meta name=\"robots\" content=\"index, follow, max-snippet:-1, max-image-preview:large, max-video-preview:-1\" \/>\n<link rel=\"canonical\" href=\"https:\/\/ozponcho.com.au\/cs\/p\/takticka-plastenka-multifunkcni-pristresek\/\" \/>\n<meta property=\"og:locale\" content=\"cs_CZ\" \/>\n<meta property=\"og:type\" content=\"article\" \/>\n<meta property=\"og:title\" content=\"Waterproof Military Poncho Outdoor | \u010cesk\u00e1 republika #1 Poncho Shop\" \/>\n<meta property=\"og:description\" content=\"Looking for a Waterproof Military Poncho Outdoor ? You&#039;ve come to the right place \ud83d\ude04 We offers a wide selection of Waterproof Military Poncho Outdoor, perfect for you.\" \/>\n<meta property=\"og:url\" content=\"https:\/\/ozponcho.com.au\/cs\/p\/takticka-plastenka-multifunkcni-pristresek\/\" \/>\n<meta property=\"og:site_name\" content=\"OZ Poncho\" \/>\n<meta property=\"article:modified_time\" content=\"2025-06-05T06:11:31+00:00\" \/>\n<meta property=\"og:image\" content=\"https:\/\/ozponcho.com.au\/wp-content\/uploads\/2023\/12\/S5d2dc18a68ff4f4c837f5a3399603489j-4.webp\" \/>\n\t<meta property=\"og:image:width\" content=\"1000\" \/>\n\t<meta property=\"og:image:height\" content=\"1000\" \/>\n\t<meta property=\"og:image:type\" content=\"image\/webp\" \/>\n<meta name=\"twitter:card\" content=\"summary_large_image\" \/>\n<meta name=\"twitter:label1\" content=\"Odhadovan\u00e1 doba \u010dten\u00ed\" \/>\n\t<meta name=\"twitter:data1\" content=\"1 minuta\" \/>\n<script type=\"application\/ld+json\" class=\"yoast-schema-graph\">{\"@context\":\"https:\/\/schema.org\",\"@graph\":[{\"@type\":\"WebPage\",\"@id\":\"https:\/\/ozponcho.com.au\/p\/tactical-raincoat-multi-function-shelter\/\",\"url\":\"https:\/\/ozponcho.com.au\/p\/tactical-raincoat-multi-function-shelter\/\",\"name\":\"Waterproof Military Poncho Outdoor | \u010cesk\u00e1 republika #1 Poncho Shop\",\"isPartOf\":{\"@id\":\"https:\/\/ozponcho.com.au\/#website\"},\"primaryImageOfPage\":{\"@id\":\"https:\/\/ozponcho.com.au\/p\/tactical-raincoat-multi-function-shelter\/#primaryimage\"},\"image\":{\"@id\":\"https:\/\/ozponcho.com.au\/p\/tactical-raincoat-multi-function-shelter\/#primaryimage\"},\"thumbnailUrl\":\"https:\/\/ozponcho.com.au\/wp-content\/uploads\/2023\/12\/S5d2dc18a68ff4f4c837f5a3399603489j-4.webp\",\"datePublished\":\"2023-12-30T12:28:39+00:00\",\"dateModified\":\"2025-06-05T06:11:31+00:00\",\"description\":\"Looking for a Waterproof Military Poncho Outdoor ? You've come to the right place \ud83d\ude04 We offers a wide selection of Waterproof Military Poncho Outdoor, perfect for you.\",\"breadcrumb\":{\"@id\":\"https:\/\/ozponcho.com.au\/p\/tactical-raincoat-multi-function-shelter\/#breadcrumb\"},\"inLanguage\":\"cs\",\"potentialAction\":[{\"@type\":\"ReadAction\",\"target\":[\"https:\/\/ozponcho.com.au\/p\/tactical-raincoat-multi-function-shelter\/\"]}]},{\"@type\":\"ImageObject\",\"inLanguage\":\"cs\",\"@id\":\"https:\/\/ozponcho.com.au\/p\/tactical-raincoat-multi-function-shelter\/#primaryimage\",\"url\":\"https:\/\/ozponcho.com.au\/wp-content\/uploads\/2023\/12\/S5d2dc18a68ff4f4c837f5a3399603489j-4.webp\",\"contentUrl\":\"https:\/\/ozponcho.com.au\/wp-content\/uploads\/2023\/12\/S5d2dc18a68ff4f4c837f5a3399603489j-4.webp\",\"width\":1000,\"height\":1000,\"caption\":\"Waterproof Military Poncho Outdoor\"},{\"@type\":\"BreadcrumbList\",\"@id\":\"https:\/\/ozponcho.com.au\/p\/tactical-raincoat-multi-function-shelter\/#breadcrumb\",\"itemListElement\":[{\"@type\":\"ListItem\",\"position\":1,\"name\":\"Home\",\"item\":\"https:\/\/ozponcho.com.au\/\"},{\"@type\":\"ListItem\",\"position\":2,\"name\":\"Shop\",\"item\":\"https:\/\/ozponcho.com.au\/shop\/\"},{\"@type\":\"ListItem\",\"position\":3,\"name\":\"Waterproof Military Poncho Outdoor\"}]},{\"@type\":\"WebSite\",\"@id\":\"https:\/\/ozponcho.com.au\/#website\",\"url\":\"https:\/\/ozponcho.com.au\/\",\"name\":\"OZ Poncho\",\"description\":\"\",\"potentialAction\":[{\"@type\":\"SearchAction\",\"target\":{\"@type\":\"EntryPoint\",\"urlTemplate\":\"https:\/\/ozponcho.com.au\/?s={search_term_string}\"},\"query-input\":{\"@type\":\"PropertyValueSpecification\",\"valueRequired\":true,\"valueName\":\"search_term_string\"}}],\"inLanguage\":\"cs\"}]}<\/script>\n<!-- \/ Yoast SEO plugin. -->","yoast_head_json":{"title":"Nepromokav\u00e1 vojensk\u00e1 pl\u00e1\u0161t\u011bnka Outdoor | \u010cesk\u00e1 republika #1 Poncho Shop","description":"Hled\u00e1te nepromokav\u00e9 vojensk\u00e9 pon\u010do Outdoor ? Jste na spr\u00e1vn\u00e9m m\u00edst\u011b \ud83d\ude04 Nab\u00edz\u00edme \u0161irok\u00fd v\u00fdb\u011br nepromokav\u00fdch vojensk\u00fdch pon\u010da Outdoor, ide\u00e1ln\u00ed pro v\u00e1s.","robots":{"index":"index","follow":"follow","max-snippet":"max-snippet:-1","max-image-preview":"max-image-preview:large","max-video-preview":"max-video-preview:-1"},"canonical":"https:\/\/ozponcho.com.au\/cs\/p\/takticka-plastenka-multifunkcni-pristresek\/","og_locale":"cs_CZ","og_type":"article","og_title":"Waterproof Military Poncho Outdoor | \u010cesk\u00e1 republika #1 Poncho Shop","og_description":"Looking for a Waterproof Military Poncho Outdoor ? You've come to the right place \ud83d\ude04 We offers a wide selection of Waterproof Military Poncho Outdoor, perfect for you.","og_url":"https:\/\/ozponcho.com.au\/cs\/p\/takticka-plastenka-multifunkcni-pristresek\/","og_site_name":"OZ Poncho","article_modified_time":"2025-06-05T06:11:31+00:00","og_image":[{"width":1000,"height":1000,"url":"https:\/\/ozponcho.com.au\/wp-content\/uploads\/2023\/12\/S5d2dc18a68ff4f4c837f5a3399603489j-4.webp","type":"image\/webp"}],"twitter_card":"summary_large_image","twitter_misc":{"Odhadovan\u00e1 doba \u010dten\u00ed":"1 minuta"},"schema":{"@context":"https:\/\/schema.org","@graph":[{"@type":"WebPage","@id":"https:\/\/ozponcho.com.au\/p\/tactical-raincoat-multi-function-shelter\/","url":"https:\/\/ozponcho.com.au\/p\/tactical-raincoat-multi-function-shelter\/","name":"Nepromokav\u00e1 vojensk\u00e1 pl\u00e1\u0161t\u011bnka Outdoor | \u010cesk\u00e1 republika #1 Poncho Shop","isPartOf":{"@id":"https:\/\/ozponcho.com.au\/#website"},"primaryImageOfPage":{"@id":"https:\/\/ozponcho.com.au\/p\/tactical-raincoat-multi-function-shelter\/#primaryimage"},"image":{"@id":"https:\/\/ozponcho.com.au\/p\/tactical-raincoat-multi-function-shelter\/#primaryimage"},"thumbnailUrl":"https:\/\/ozponcho.com.au\/wp-content\/uploads\/2023\/12\/S5d2dc18a68ff4f4c837f5a3399603489j-4.webp","datePublished":"2023-12-30T12:28:39+00:00","dateModified":"2025-06-05T06:11:31+00:00","description":"Hled\u00e1te nepromokav\u00e9 vojensk\u00e9 pon\u010do Outdoor ? Jste na spr\u00e1vn\u00e9m m\u00edst\u011b \ud83d\ude04 Nab\u00edz\u00edme \u0161irok\u00fd v\u00fdb\u011br nepromokav\u00fdch vojensk\u00fdch pon\u010da Outdoor, ide\u00e1ln\u00ed pro v\u00e1s.","breadcrumb":{"@id":"https:\/\/ozponcho.com.au\/p\/tactical-raincoat-multi-function-shelter\/#breadcrumb"},"inLanguage":"cs","potentialAction":[{"@type":"ReadAction","target":["https:\/\/ozponcho.com.au\/p\/tactical-raincoat-multi-function-shelter\/"]}]},{"@type":"ImageObject","inLanguage":"cs","@id":"https:\/\/ozponcho.com.au\/p\/tactical-raincoat-multi-function-shelter\/#primaryimage","url":"https:\/\/ozponcho.com.au\/wp-content\/uploads\/2023\/12\/S5d2dc18a68ff4f4c837f5a3399603489j-4.webp","contentUrl":"https:\/\/ozponcho.com.au\/wp-content\/uploads\/2023\/12\/S5d2dc18a68ff4f4c837f5a3399603489j-4.webp","width":1000,"height":1000,"caption":"Waterproof Military Poncho Outdoor"},{"@type":"BreadcrumbList","@id":"https:\/\/ozponcho.com.au\/p\/tactical-raincoat-multi-function-shelter\/#breadcrumb","itemListElement":[{"@type":"ListItem","position":1,"name":"Home","item":"https:\/\/ozponcho.com.au\/"},{"@type":"ListItem","position":2,"name":"Shop","item":"https:\/\/ozponcho.com.au\/shop\/"},{"@type":"ListItem","position":3,"name":"Waterproof Military Poncho Outdoor"}]},{"@type":"WebSite","@id":"https:\/\/ozponcho.com.au\/#website","url":"https:\/\/ozponcho.com.au\/","name":"OZ Poncho","description":"","potentialAction":[{"@type":"SearchAction","target":{"@type":"EntryPoint","urlTemplate":"https:\/\/ozponcho.com.au\/?s={search_term_string}"},"query-input":{"@type":"PropertyValueSpecification","valueRequired":true,"valueName":"search_term_string"}}],"inLanguage":"cs"}]}},"_links":{"self":[{"href":"https:\/\/ozponcho.com.au\/cs\/wp-json\/wp\/v2\/product\/17163","targetHints":{"allow":["GET"]}}],"collection":[{"href":"https:\/\/ozponcho.com.au\/cs\/wp-json\/wp\/v2\/product"}],"about":[{"href":"https:\/\/ozponcho.com.au\/cs\/wp-json\/wp\/v2\/types\/product"}],"wp:featuredmedia":[{"embeddable":true,"href":"https:\/\/ozponcho.com.au\/cs\/wp-json\/wp\/v2\/media\/17162"}],"wp:attachment":[{"href":"https:\/\/ozponcho.com.au\/cs\/wp-json\/wp\/v2\/media?parent=17163"}],"wp:term":[{"taxonomy":"product_brand","embeddable":true,"href":"https:\/\/ozponcho.com.au\/cs\/wp-json\/wp\/v2\/product_brand?post=17163"},{"taxonomy":"product_cat","embeddable":true,"href":"https:\/\/ozponcho.com.au\/cs\/wp-json\/wp\/v2\/product_cat?post=17163"},{"taxonomy":"product_tag","embeddable":true,"href":"https:\/\/ozponcho.com.au\/cs\/wp-json\/wp\/v2\/product_tag?post=17163"}],"curies":[{"name":"wp","href":"https:\/\/api.w.org\/{rel}","templated":true}]}}