{"id":17129,"date":"2023-12-30T23:27:54","date_gmt":"2023-12-30T12:27:54","guid":{"rendered":"https:\/\/ozponcho.com.au\/?post_type=product&#038;p=17129"},"modified":"2025-02-27T08:55:00","modified_gmt":"2025-02-26T21:55:00","slug":"colorful-quick-dry-surf-poncho","status":"publish","type":"product","link":"https:\/\/ozponcho.com.au\/cs\/p\/barevne-rychleschnouci-surfove-ponco\/","title":{"rendered":"\u017div\u00e9 pl\u00e1\u017eov\u00e9 pon\u010do s kapuc\u00ed"},"content":{"rendered":"<p>Zabalte se stylov\u011b do na\u0161eho poutav\u00e9ho pon\u010da, kter\u00e9 je ide\u00e1ln\u00ed pro temperamentn\u00ed n\u00e1v\u0161t\u011bvn\u00edky pl\u00e1\u017ee i surfa\u0159e. Vysoce kvalitn\u00ed materi\u00e1l z mikrovl\u00e1kna nab\u00edz\u00ed rychleschnouc\u00ed pohodl\u00ed, tak\u017ee je nepostradateln\u00fd pro ka\u017ed\u00e9 vodn\u00ed dobrodru\u017estv\u00ed. Odv\u00e1\u017en\u00e9 a n\u00e1padit\u00e9 potisky, od tropick\u00fdch scen\u00e9ri\u00ed a\u017e po vesm\u00edrn\u00e1 zv\u00ed\u0159ata, v\u00e1m zajist\u00ed, \u017ee vyniknete a z\u00e1rove\u0148 z\u016fstanete v pohodl\u00ed a pohodl\u00ed. A\u0165 u\u017e se p\u0159evl\u00e9k\u00e1te po plav\u00e1n\u00ed nebo le\u017e\u00edte u baz\u00e9nu, toto pon\u010do slou\u017e\u00ed jako v\u00fdrazn\u00fd m\u00f3dn\u00ed kousek i praktick\u00fd ru\u010dn\u00edk a vyb\u00edz\u00ed k vyj\u00e1d\u0159en\u00ed va\u0161\u00ed jedine\u010dn\u00e9 osobnosti u vody.<\/p>\n<h2>SPECIFIKACE<\/h2>\n<p>Materi\u00e1l: Tkanina z mikrovl\u00e1kna<\/p>\n<p>Funkce: Rychleschnouc\u00ed<\/p>","protected":false},"excerpt":{"rendered":"<p>Wrap up in style with our eye-catching poncho, perfect for lively beach-goers and surf enthusiasts alike. The high-quality microfiber material offers quick-drying convenience, making it an essential for any aquatic adventure. The bold, imaginative prints, ranging from tropical scenery to cosmic animals, ensure you stand out while staying comfortable and cozy. Whether you&#8217;re changing after [&#8230;]","protected":false},"featured_media":17128,"template":"","meta":[],"product_brand":[],"product_cat":[223,15,208,224],"product_tag":[],"class_list":{"0":"post-17129","1":"product","2":"type-product","3":"status-publish","4":"has-post-thumbnail","6":"product_cat-blue-poncho","7":"product_cat-main-category","8":"product_cat-surf-poncho","9":"product_cat-yellow-poncho","11":"first","12":"instock","13":"shipping-taxable","14":"purchasable","15":"product-type-variable"},"yoast_head":"<!-- This site is optimized with the Yoast SEO plugin v25.9 - https:\/\/yoast.com\/wordpress\/plugins\/seo\/ -->\n<title>Vibrant Hooded Beach Poncho | \u010cesk\u00e1 republika #1 Poncho Shop<\/title>\n<meta name=\"description\" content=\"Looking for a Vibrant Hooded Beach Poncho ? You&#039;ve come to the right place \ud83d\ude04 We offers a wide selection of Vibrant Hooded Beach Poncho, perfect for you.\" \/>\n<meta name=\"robots\" content=\"index, follow, max-snippet:-1, max-image-preview:large, max-video-preview:-1\" \/>\n<link rel=\"canonical\" href=\"https:\/\/ozponcho.com.au\/cs\/p\/barevne-rychleschnouci-surfove-ponco\/\" \/>\n<meta property=\"og:locale\" content=\"cs_CZ\" \/>\n<meta property=\"og:type\" content=\"article\" \/>\n<meta property=\"og:title\" content=\"Vibrant Hooded Beach Poncho | \u010cesk\u00e1 republika #1 Poncho Shop\" \/>\n<meta property=\"og:description\" content=\"Looking for a Vibrant Hooded Beach Poncho ? You&#039;ve come to the right place \ud83d\ude04 We offers a wide selection of Vibrant Hooded Beach Poncho, perfect for you.\" \/>\n<meta property=\"og:url\" content=\"https:\/\/ozponcho.com.au\/cs\/p\/barevne-rychleschnouci-surfove-ponco\/\" \/>\n<meta property=\"og:site_name\" content=\"OZ Poncho\" \/>\n<meta property=\"article:modified_time\" content=\"2025-02-26T21:55:00+00:00\" \/>\n<meta property=\"og:image\" content=\"https:\/\/ozponcho.com.au\/wp-content\/uploads\/2023\/12\/H61672a0708474290bd644eaa9c601016F-4.webp\" \/>\n\t<meta property=\"og:image:width\" content=\"1000\" \/>\n\t<meta property=\"og:image:height\" content=\"1000\" \/>\n\t<meta property=\"og:image:type\" content=\"image\/webp\" \/>\n<meta name=\"twitter:card\" content=\"summary_large_image\" \/>\n<meta name=\"twitter:label1\" content=\"Odhadovan\u00e1 doba \u010dten\u00ed\" \/>\n\t<meta name=\"twitter:data1\" content=\"1 minuta\" \/>\n<script type=\"application\/ld+json\" class=\"yoast-schema-graph\">{\"@context\":\"https:\/\/schema.org\",\"@graph\":[{\"@type\":\"WebPage\",\"@id\":\"https:\/\/ozponcho.com.au\/p\/colorful-quick-dry-surf-poncho\/\",\"url\":\"https:\/\/ozponcho.com.au\/p\/colorful-quick-dry-surf-poncho\/\",\"name\":\"Vibrant Hooded Beach Poncho | \u010cesk\u00e1 republika #1 Poncho Shop\",\"isPartOf\":{\"@id\":\"https:\/\/ozponcho.com.au\/#website\"},\"primaryImageOfPage\":{\"@id\":\"https:\/\/ozponcho.com.au\/p\/colorful-quick-dry-surf-poncho\/#primaryimage\"},\"image\":{\"@id\":\"https:\/\/ozponcho.com.au\/p\/colorful-quick-dry-surf-poncho\/#primaryimage\"},\"thumbnailUrl\":\"https:\/\/ozponcho.com.au\/wp-content\/uploads\/2023\/12\/H61672a0708474290bd644eaa9c601016F-4.webp\",\"datePublished\":\"2023-12-30T12:27:54+00:00\",\"dateModified\":\"2025-02-26T21:55:00+00:00\",\"description\":\"Looking for a Vibrant Hooded Beach Poncho ? You've come to the right place \ud83d\ude04 We offers a wide selection of Vibrant Hooded Beach Poncho, perfect for you.\",\"breadcrumb\":{\"@id\":\"https:\/\/ozponcho.com.au\/p\/colorful-quick-dry-surf-poncho\/#breadcrumb\"},\"inLanguage\":\"cs\",\"potentialAction\":[{\"@type\":\"ReadAction\",\"target\":[\"https:\/\/ozponcho.com.au\/p\/colorful-quick-dry-surf-poncho\/\"]}]},{\"@type\":\"ImageObject\",\"inLanguage\":\"cs\",\"@id\":\"https:\/\/ozponcho.com.au\/p\/colorful-quick-dry-surf-poncho\/#primaryimage\",\"url\":\"https:\/\/ozponcho.com.au\/wp-content\/uploads\/2023\/12\/H61672a0708474290bd644eaa9c601016F-4.webp\",\"contentUrl\":\"https:\/\/ozponcho.com.au\/wp-content\/uploads\/2023\/12\/H61672a0708474290bd644eaa9c601016F-4.webp\",\"width\":1000,\"height\":1000,\"caption\":\"Vibrant Hooded Beach Poncho\"},{\"@type\":\"BreadcrumbList\",\"@id\":\"https:\/\/ozponcho.com.au\/p\/colorful-quick-dry-surf-poncho\/#breadcrumb\",\"itemListElement\":[{\"@type\":\"ListItem\",\"position\":1,\"name\":\"Home\",\"item\":\"https:\/\/ozponcho.com.au\/\"},{\"@type\":\"ListItem\",\"position\":2,\"name\":\"Shop\",\"item\":\"https:\/\/ozponcho.com.au\/shop\/\"},{\"@type\":\"ListItem\",\"position\":3,\"name\":\"Vibrant Hooded Beach Poncho\"}]},{\"@type\":\"WebSite\",\"@id\":\"https:\/\/ozponcho.com.au\/#website\",\"url\":\"https:\/\/ozponcho.com.au\/\",\"name\":\"OZ Poncho\",\"description\":\"\",\"potentialAction\":[{\"@type\":\"SearchAction\",\"target\":{\"@type\":\"EntryPoint\",\"urlTemplate\":\"https:\/\/ozponcho.com.au\/?s={search_term_string}\"},\"query-input\":{\"@type\":\"PropertyValueSpecification\",\"valueRequired\":true,\"valueName\":\"search_term_string\"}}],\"inLanguage\":\"cs\"}]}<\/script>\n<!-- \/ Yoast SEO plugin. -->","yoast_head_json":{"title":"Pl\u00e1\u017eov\u00e9 pon\u010do s kapuc\u00ed Vibrant | \u010cesk\u00e1 republika #1 Poncho Shop","description":"Hled\u00e1te \u017eiv\u00e9 pl\u00e1\u017eov\u00e9 pon\u010do s kapuc\u00ed ? Jste na spr\u00e1vn\u00e9m m\u00edst\u011b \ud83d\ude04 Nab\u00edz\u00edme \u0161irok\u00fd v\u00fdb\u011br pl\u00e1\u017eov\u00fdch pon\u010d s kapuc\u00ed Vibrant, kter\u00e9 jsou pro v\u00e1s ide\u00e1ln\u00ed.","robots":{"index":"index","follow":"follow","max-snippet":"max-snippet:-1","max-image-preview":"max-image-preview:large","max-video-preview":"max-video-preview:-1"},"canonical":"https:\/\/ozponcho.com.au\/cs\/p\/barevne-rychleschnouci-surfove-ponco\/","og_locale":"cs_CZ","og_type":"article","og_title":"Vibrant Hooded Beach Poncho | \u010cesk\u00e1 republika #1 Poncho Shop","og_description":"Looking for a Vibrant Hooded Beach Poncho ? You've come to the right place \ud83d\ude04 We offers a wide selection of Vibrant Hooded Beach Poncho, perfect for you.","og_url":"https:\/\/ozponcho.com.au\/cs\/p\/barevne-rychleschnouci-surfove-ponco\/","og_site_name":"OZ Poncho","article_modified_time":"2025-02-26T21:55:00+00:00","og_image":[{"width":1000,"height":1000,"url":"https:\/\/ozponcho.com.au\/wp-content\/uploads\/2023\/12\/H61672a0708474290bd644eaa9c601016F-4.webp","type":"image\/webp"}],"twitter_card":"summary_large_image","twitter_misc":{"Odhadovan\u00e1 doba \u010dten\u00ed":"1 minuta"},"schema":{"@context":"https:\/\/schema.org","@graph":[{"@type":"WebPage","@id":"https:\/\/ozponcho.com.au\/p\/colorful-quick-dry-surf-poncho\/","url":"https:\/\/ozponcho.com.au\/p\/colorful-quick-dry-surf-poncho\/","name":"Pl\u00e1\u017eov\u00e9 pon\u010do s kapuc\u00ed Vibrant | \u010cesk\u00e1 republika #1 Poncho Shop","isPartOf":{"@id":"https:\/\/ozponcho.com.au\/#website"},"primaryImageOfPage":{"@id":"https:\/\/ozponcho.com.au\/p\/colorful-quick-dry-surf-poncho\/#primaryimage"},"image":{"@id":"https:\/\/ozponcho.com.au\/p\/colorful-quick-dry-surf-poncho\/#primaryimage"},"thumbnailUrl":"https:\/\/ozponcho.com.au\/wp-content\/uploads\/2023\/12\/H61672a0708474290bd644eaa9c601016F-4.webp","datePublished":"2023-12-30T12:27:54+00:00","dateModified":"2025-02-26T21:55:00+00:00","description":"Hled\u00e1te \u017eiv\u00e9 pl\u00e1\u017eov\u00e9 pon\u010do s kapuc\u00ed ? Jste na spr\u00e1vn\u00e9m m\u00edst\u011b \ud83d\ude04 Nab\u00edz\u00edme \u0161irok\u00fd v\u00fdb\u011br pl\u00e1\u017eov\u00fdch pon\u010d s kapuc\u00ed Vibrant, kter\u00e9 jsou pro v\u00e1s ide\u00e1ln\u00ed.","breadcrumb":{"@id":"https:\/\/ozponcho.com.au\/p\/colorful-quick-dry-surf-poncho\/#breadcrumb"},"inLanguage":"cs","potentialAction":[{"@type":"ReadAction","target":["https:\/\/ozponcho.com.au\/p\/colorful-quick-dry-surf-poncho\/"]}]},{"@type":"ImageObject","inLanguage":"cs","@id":"https:\/\/ozponcho.com.au\/p\/colorful-quick-dry-surf-poncho\/#primaryimage","url":"https:\/\/ozponcho.com.au\/wp-content\/uploads\/2023\/12\/H61672a0708474290bd644eaa9c601016F-4.webp","contentUrl":"https:\/\/ozponcho.com.au\/wp-content\/uploads\/2023\/12\/H61672a0708474290bd644eaa9c601016F-4.webp","width":1000,"height":1000,"caption":"Vibrant Hooded Beach Poncho"},{"@type":"BreadcrumbList","@id":"https:\/\/ozponcho.com.au\/p\/colorful-quick-dry-surf-poncho\/#breadcrumb","itemListElement":[{"@type":"ListItem","position":1,"name":"Home","item":"https:\/\/ozponcho.com.au\/"},{"@type":"ListItem","position":2,"name":"Shop","item":"https:\/\/ozponcho.com.au\/shop\/"},{"@type":"ListItem","position":3,"name":"Vibrant Hooded Beach Poncho"}]},{"@type":"WebSite","@id":"https:\/\/ozponcho.com.au\/#website","url":"https:\/\/ozponcho.com.au\/","name":"OZ Poncho","description":"","potentialAction":[{"@type":"SearchAction","target":{"@type":"EntryPoint","urlTemplate":"https:\/\/ozponcho.com.au\/?s={search_term_string}"},"query-input":{"@type":"PropertyValueSpecification","valueRequired":true,"valueName":"search_term_string"}}],"inLanguage":"cs"}]}},"_links":{"self":[{"href":"https:\/\/ozponcho.com.au\/cs\/wp-json\/wp\/v2\/product\/17129","targetHints":{"allow":["GET"]}}],"collection":[{"href":"https:\/\/ozponcho.com.au\/cs\/wp-json\/wp\/v2\/product"}],"about":[{"href":"https:\/\/ozponcho.com.au\/cs\/wp-json\/wp\/v2\/types\/product"}],"wp:featuredmedia":[{"embeddable":true,"href":"https:\/\/ozponcho.com.au\/cs\/wp-json\/wp\/v2\/media\/17128"}],"wp:attachment":[{"href":"https:\/\/ozponcho.com.au\/cs\/wp-json\/wp\/v2\/media?parent=17129"}],"wp:term":[{"taxonomy":"product_brand","embeddable":true,"href":"https:\/\/ozponcho.com.au\/cs\/wp-json\/wp\/v2\/product_brand?post=17129"},{"taxonomy":"product_cat","embeddable":true,"href":"https:\/\/ozponcho.com.au\/cs\/wp-json\/wp\/v2\/product_cat?post=17129"},{"taxonomy":"product_tag","embeddable":true,"href":"https:\/\/ozponcho.com.au\/cs\/wp-json\/wp\/v2\/product_tag?post=17129"}],"curies":[{"name":"wp","href":"https:\/\/api.w.org\/{rel}","templated":true}]}}