{"id":16873,"date":"2023-12-30T23:23:34","date_gmt":"2023-12-30T12:23:34","guid":{"rendered":"https:\/\/ozponcho.com.au\/?post_type=product&#038;p=16873"},"modified":"2024-03-08T16:25:56","modified_gmt":"2024-03-08T05:25:56","slug":"hooded-swim-poncho-towel","status":"publish","type":"product","link":"https:\/\/ozponcho.com.au\/cs\/p\/hooded-swim-poncho-towel\/","title":{"rendered":"\u017div\u00e9 pl\u00e1\u017eov\u00e9 pon\u010do s kapuc\u00ed"},"content":{"rendered":"<p>Unleash your vibrant side with this ultra-soft, microfiber beach poncho. Perfect for quick drying after a swim, it offers supreme absorbency and rapid drying properties. Its bold prints and lively patterns capture the essence of summer adventures, making them stylish accessories for beach, pool, and changing scenarios. Customizable designs mean you can sport a look that&#8217;s uniquely yours. Embrace the ease of changing without compromise in this eye-catching, functional poncho \u00e2\u20ac\u201c your new seaside essential!<\/p>\n<h2>SPECIFIKACE<\/h2>\n<p>Rozm\u011bry: Dosp\u011bl\u00ed: 75x110cm | D\u011bti: 65x80cm<\/p>\n<p>Materi\u00e1l: Tkanina z mikrovl\u00e1kna<\/p>\n<p>Funkce: Rychleschnouc\u00ed<\/p>\n<p><img decoding=\"async\" class=\"alignnone size-full wp-image-17245\" src=\"https:\/\/ozponcho.com.au\/wp-content\/uploads\/2023\/12\/Screenshot-2024-01-18-at-00.21.05.png\" alt=\"\" width=\"1882\" height=\"988\" srcset=\"https:\/\/ozponcho.com.au\/wp-content\/uploads\/2023\/12\/Screenshot-2024-01-18-at-00.21.05.png 1882w, https:\/\/ozponcho.com.au\/wp-content\/uploads\/2023\/12\/Screenshot-2024-01-18-at-00.21.05-1020x535.png 1020w, https:\/\/ozponcho.com.au\/wp-content\/uploads\/2023\/12\/Screenshot-2024-01-18-at-00.21.05-300x157.png 300w, https:\/\/ozponcho.com.au\/wp-content\/uploads\/2023\/12\/Screenshot-2024-01-18-at-00.21.05-1024x538.png 1024w, https:\/\/ozponcho.com.au\/wp-content\/uploads\/2023\/12\/Screenshot-2024-01-18-at-00.21.05-768x403.png 768w, https:\/\/ozponcho.com.au\/wp-content\/uploads\/2023\/12\/Screenshot-2024-01-18-at-00.21.05-1536x806.png 1536w\" sizes=\"(max-width: 1882px) 100vw, 1882px\" \/><\/p>","protected":false},"excerpt":{"rendered":"<p>Unleash your vibrant side with this ultra-soft, microfiber beach poncho. Perfect for quick drying after a swim, it offers supreme absorbency and rapid drying properties. Its bold prints and lively patterns capture the essence of summer adventures, making them stylish accessories for beach, pool, and changing scenarios. Customizable designs mean you can sport a look [&#8230;]","protected":false},"featured_media":16872,"template":"","meta":[],"product_brand":[],"product_cat":[223,15,208],"product_tag":[],"class_list":{"0":"post-16873","1":"product","2":"type-product","3":"status-publish","4":"has-post-thumbnail","6":"product_cat-blue-poncho","7":"product_cat-main-category","8":"product_cat-surf-poncho","10":"first","11":"instock","12":"shipping-taxable","13":"purchasable","14":"product-type-variable"},"yoast_head":"<!-- This site is optimized with the Yoast SEO plugin v25.9 - https:\/\/yoast.com\/wordpress\/plugins\/seo\/ -->\n<title>Vibrant Hooded Beach Poncho | \u010cesk\u00e1 republika #1 Poncho Shop<\/title>\n<meta name=\"description\" content=\"Looking for a Vibrant Hooded Beach Poncho ? You&#039;ve come to the right place \ud83d\ude04 We offers a wide selection of Vibrant Hooded Beach Poncho, perfect for you.\" \/>\n<meta name=\"robots\" content=\"index, follow, max-snippet:-1, max-image-preview:large, max-video-preview:-1\" \/>\n<link rel=\"canonical\" href=\"https:\/\/ozponcho.com.au\/cs\/p\/hooded-swim-poncho-towel\/\" \/>\n<meta property=\"og:locale\" content=\"cs_CZ\" \/>\n<meta property=\"og:type\" content=\"article\" \/>\n<meta property=\"og:title\" content=\"Vibrant Hooded Beach Poncho | \u010cesk\u00e1 republika #1 Poncho Shop\" \/>\n<meta property=\"og:description\" content=\"Looking for a Vibrant Hooded Beach Poncho ? You&#039;ve come to the right place \ud83d\ude04 We offers a wide selection of Vibrant Hooded Beach Poncho, perfect for you.\" \/>\n<meta property=\"og:url\" content=\"https:\/\/ozponcho.com.au\/cs\/p\/hooded-swim-poncho-towel\/\" \/>\n<meta property=\"og:site_name\" content=\"OZ Poncho\" \/>\n<meta property=\"article:modified_time\" content=\"2024-03-08T05:25:56+00:00\" \/>\n<meta property=\"og:image\" content=\"https:\/\/ozponcho.com.au\/wp-content\/uploads\/2023\/12\/He1819e3807cd4336b7b77272831691efd-4.webp\" \/>\n\t<meta property=\"og:image:width\" content=\"1000\" \/>\n\t<meta property=\"og:image:height\" content=\"1000\" \/>\n\t<meta property=\"og:image:type\" content=\"image\/webp\" \/>\n<meta name=\"twitter:card\" content=\"summary_large_image\" \/>\n<meta name=\"twitter:label1\" content=\"Odhadovan\u00e1 doba \u010dten\u00ed\" \/>\n\t<meta name=\"twitter:data1\" content=\"1 minuta\" \/>\n<script type=\"application\/ld+json\" class=\"yoast-schema-graph\">{\"@context\":\"https:\/\/schema.org\",\"@graph\":[{\"@type\":\"WebPage\",\"@id\":\"https:\/\/ozponcho.com.au\/p\/hooded-swim-poncho-towel\/\",\"url\":\"https:\/\/ozponcho.com.au\/p\/hooded-swim-poncho-towel\/\",\"name\":\"Vibrant Hooded Beach Poncho | \u010cesk\u00e1 republika #1 Poncho Shop\",\"isPartOf\":{\"@id\":\"https:\/\/ozponcho.com.au\/#website\"},\"primaryImageOfPage\":{\"@id\":\"https:\/\/ozponcho.com.au\/p\/hooded-swim-poncho-towel\/#primaryimage\"},\"image\":{\"@id\":\"https:\/\/ozponcho.com.au\/p\/hooded-swim-poncho-towel\/#primaryimage\"},\"thumbnailUrl\":\"https:\/\/ozponcho.com.au\/wp-content\/uploads\/2023\/12\/He1819e3807cd4336b7b77272831691efd-4.webp\",\"datePublished\":\"2023-12-30T12:23:34+00:00\",\"dateModified\":\"2024-03-08T05:25:56+00:00\",\"description\":\"Looking for a Vibrant Hooded Beach Poncho ? You've come to the right place \ud83d\ude04 We offers a wide selection of Vibrant Hooded Beach Poncho, perfect for you.\",\"breadcrumb\":{\"@id\":\"https:\/\/ozponcho.com.au\/p\/hooded-swim-poncho-towel\/#breadcrumb\"},\"inLanguage\":\"cs\",\"potentialAction\":[{\"@type\":\"ReadAction\",\"target\":[\"https:\/\/ozponcho.com.au\/p\/hooded-swim-poncho-towel\/\"]}]},{\"@type\":\"ImageObject\",\"inLanguage\":\"cs\",\"@id\":\"https:\/\/ozponcho.com.au\/p\/hooded-swim-poncho-towel\/#primaryimage\",\"url\":\"https:\/\/ozponcho.com.au\/wp-content\/uploads\/2023\/12\/He1819e3807cd4336b7b77272831691efd-4.webp\",\"contentUrl\":\"https:\/\/ozponcho.com.au\/wp-content\/uploads\/2023\/12\/He1819e3807cd4336b7b77272831691efd-4.webp\",\"width\":1000,\"height\":1000,\"caption\":\"Vibrant Hooded Beach Poncho\"},{\"@type\":\"BreadcrumbList\",\"@id\":\"https:\/\/ozponcho.com.au\/p\/hooded-swim-poncho-towel\/#breadcrumb\",\"itemListElement\":[{\"@type\":\"ListItem\",\"position\":1,\"name\":\"Home\",\"item\":\"https:\/\/ozponcho.com.au\/\"},{\"@type\":\"ListItem\",\"position\":2,\"name\":\"Shop\",\"item\":\"https:\/\/ozponcho.com.au\/shop\/\"},{\"@type\":\"ListItem\",\"position\":3,\"name\":\"Vibrant Hooded Beach Poncho\"}]},{\"@type\":\"WebSite\",\"@id\":\"https:\/\/ozponcho.com.au\/#website\",\"url\":\"https:\/\/ozponcho.com.au\/\",\"name\":\"OZ Poncho\",\"description\":\"\",\"potentialAction\":[{\"@type\":\"SearchAction\",\"target\":{\"@type\":\"EntryPoint\",\"urlTemplate\":\"https:\/\/ozponcho.com.au\/?s={search_term_string}\"},\"query-input\":{\"@type\":\"PropertyValueSpecification\",\"valueRequired\":true,\"valueName\":\"search_term_string\"}}],\"inLanguage\":\"cs\"}]}<\/script>\n<!-- \/ Yoast SEO plugin. -->","yoast_head_json":{"title":"Pl\u00e1\u017eov\u00e9 pon\u010do s kapuc\u00ed Vibrant | \u010cesk\u00e1 republika #1 Poncho Shop","description":"Hled\u00e1te \u017eiv\u00e9 pl\u00e1\u017eov\u00e9 pon\u010do s kapuc\u00ed ? Jste na spr\u00e1vn\u00e9m m\u00edst\u011b \ud83d\ude04 Nab\u00edz\u00edme \u0161irok\u00fd v\u00fdb\u011br pl\u00e1\u017eov\u00fdch pon\u010d s kapuc\u00ed Vibrant, kter\u00e9 jsou pro v\u00e1s ide\u00e1ln\u00ed.","robots":{"index":"index","follow":"follow","max-snippet":"max-snippet:-1","max-image-preview":"max-image-preview:large","max-video-preview":"max-video-preview:-1"},"canonical":"https:\/\/ozponcho.com.au\/cs\/p\/hooded-swim-poncho-towel\/","og_locale":"cs_CZ","og_type":"article","og_title":"Vibrant Hooded Beach Poncho | \u010cesk\u00e1 republika #1 Poncho Shop","og_description":"Looking for a Vibrant Hooded Beach Poncho ? You've come to the right place \ud83d\ude04 We offers a wide selection of Vibrant Hooded Beach Poncho, perfect for you.","og_url":"https:\/\/ozponcho.com.au\/cs\/p\/hooded-swim-poncho-towel\/","og_site_name":"OZ Poncho","article_modified_time":"2024-03-08T05:25:56+00:00","og_image":[{"width":1000,"height":1000,"url":"https:\/\/ozponcho.com.au\/wp-content\/uploads\/2023\/12\/He1819e3807cd4336b7b77272831691efd-4.webp","type":"image\/webp"}],"twitter_card":"summary_large_image","twitter_misc":{"Odhadovan\u00e1 doba \u010dten\u00ed":"1 minuta"},"schema":{"@context":"https:\/\/schema.org","@graph":[{"@type":"WebPage","@id":"https:\/\/ozponcho.com.au\/p\/hooded-swim-poncho-towel\/","url":"https:\/\/ozponcho.com.au\/p\/hooded-swim-poncho-towel\/","name":"Pl\u00e1\u017eov\u00e9 pon\u010do s kapuc\u00ed Vibrant | \u010cesk\u00e1 republika #1 Poncho Shop","isPartOf":{"@id":"https:\/\/ozponcho.com.au\/#website"},"primaryImageOfPage":{"@id":"https:\/\/ozponcho.com.au\/p\/hooded-swim-poncho-towel\/#primaryimage"},"image":{"@id":"https:\/\/ozponcho.com.au\/p\/hooded-swim-poncho-towel\/#primaryimage"},"thumbnailUrl":"https:\/\/ozponcho.com.au\/wp-content\/uploads\/2023\/12\/He1819e3807cd4336b7b77272831691efd-4.webp","datePublished":"2023-12-30T12:23:34+00:00","dateModified":"2024-03-08T05:25:56+00:00","description":"Hled\u00e1te \u017eiv\u00e9 pl\u00e1\u017eov\u00e9 pon\u010do s kapuc\u00ed ? Jste na spr\u00e1vn\u00e9m m\u00edst\u011b \ud83d\ude04 Nab\u00edz\u00edme \u0161irok\u00fd v\u00fdb\u011br pl\u00e1\u017eov\u00fdch pon\u010d s kapuc\u00ed Vibrant, kter\u00e9 jsou pro v\u00e1s ide\u00e1ln\u00ed.","breadcrumb":{"@id":"https:\/\/ozponcho.com.au\/p\/hooded-swim-poncho-towel\/#breadcrumb"},"inLanguage":"cs","potentialAction":[{"@type":"ReadAction","target":["https:\/\/ozponcho.com.au\/p\/hooded-swim-poncho-towel\/"]}]},{"@type":"ImageObject","inLanguage":"cs","@id":"https:\/\/ozponcho.com.au\/p\/hooded-swim-poncho-towel\/#primaryimage","url":"https:\/\/ozponcho.com.au\/wp-content\/uploads\/2023\/12\/He1819e3807cd4336b7b77272831691efd-4.webp","contentUrl":"https:\/\/ozponcho.com.au\/wp-content\/uploads\/2023\/12\/He1819e3807cd4336b7b77272831691efd-4.webp","width":1000,"height":1000,"caption":"Vibrant Hooded Beach Poncho"},{"@type":"BreadcrumbList","@id":"https:\/\/ozponcho.com.au\/p\/hooded-swim-poncho-towel\/#breadcrumb","itemListElement":[{"@type":"ListItem","position":1,"name":"Home","item":"https:\/\/ozponcho.com.au\/"},{"@type":"ListItem","position":2,"name":"Shop","item":"https:\/\/ozponcho.com.au\/shop\/"},{"@type":"ListItem","position":3,"name":"Vibrant Hooded Beach Poncho"}]},{"@type":"WebSite","@id":"https:\/\/ozponcho.com.au\/#website","url":"https:\/\/ozponcho.com.au\/","name":"OZ Poncho","description":"","potentialAction":[{"@type":"SearchAction","target":{"@type":"EntryPoint","urlTemplate":"https:\/\/ozponcho.com.au\/?s={search_term_string}"},"query-input":{"@type":"PropertyValueSpecification","valueRequired":true,"valueName":"search_term_string"}}],"inLanguage":"cs"}]}},"_links":{"self":[{"href":"https:\/\/ozponcho.com.au\/cs\/wp-json\/wp\/v2\/product\/16873","targetHints":{"allow":["GET"]}}],"collection":[{"href":"https:\/\/ozponcho.com.au\/cs\/wp-json\/wp\/v2\/product"}],"about":[{"href":"https:\/\/ozponcho.com.au\/cs\/wp-json\/wp\/v2\/types\/product"}],"wp:featuredmedia":[{"embeddable":true,"href":"https:\/\/ozponcho.com.au\/cs\/wp-json\/wp\/v2\/media\/16872"}],"wp:attachment":[{"href":"https:\/\/ozponcho.com.au\/cs\/wp-json\/wp\/v2\/media?parent=16873"}],"wp:term":[{"taxonomy":"product_brand","embeddable":true,"href":"https:\/\/ozponcho.com.au\/cs\/wp-json\/wp\/v2\/product_brand?post=16873"},{"taxonomy":"product_cat","embeddable":true,"href":"https:\/\/ozponcho.com.au\/cs\/wp-json\/wp\/v2\/product_cat?post=16873"},{"taxonomy":"product_tag","embeddable":true,"href":"https:\/\/ozponcho.com.au\/cs\/wp-json\/wp\/v2\/product_tag?post=16873"}],"curies":[{"name":"wp","href":"https:\/\/api.w.org\/{rel}","templated":true}]}}