{"id":16742,"date":"2023-12-30T23:21:39","date_gmt":"2023-12-30T12:21:39","guid":{"rendered":"https:\/\/ozponcho.com.au\/?post_type=product&#038;p=16742"},"modified":"2025-11-30T13:50:45","modified_gmt":"2025-11-30T02:50:45","slug":"multipurpose-rain-poncho-shelter","status":"publish","type":"product","link":"https:\/\/ozponcho.com.au\/cs\/p\/viceucelovy-pristresek-s-plastenkou\/","title":{"rendered":"V\u0161estrann\u00e9 outdoorov\u00e9 pl\u00e1\u0161t\u011bnky Poncho"},"content":{"rendered":"<p>V na\u0161\u00ed outdoorov\u00e9 pl\u00e1\u0161t\u011bnce 3 v 1 m\u016f\u017eete s jistotou dob\u00fdvat p\u0159\u00edrodu! Toto pon\u010do je navr\u017eeno pro univerz\u00e1ln\u00ed pou\u017eit\u00ed a lze jej p\u0159izp\u016fsobit jako horolezeckou pl\u00e1\u0161t\u011bnku, pokr\u00fdvku zem\u011b nebo dokonce clonu na oblohu. Jeho odoln\u00e1 m\u0159\u00ed\u017ekovan\u00e1 tkanina 210T je nepromokav\u00e1 a odoln\u00e1 proti roztr\u017een\u00ed, tak\u017ee v\u00e1m zajist\u00ed sucho a pohodl\u00ed. V\u0161estrann\u00fd design se tak\u00e9 prom\u011bn\u00ed v ochrannou vrstvu pro v\u00e1\u0161 spac\u00ed pytel a poskytne v\u00e1m \u00fatuln\u00e9 \u00fato\u010di\u0161t\u011b p\u0159ed \u017eivly. Je kompaktn\u00ed a snadno p\u0159enosn\u00fd a p\u0159edstavuje dokonal\u00fd dopln\u011bk va\u0161\u00ed v\u00fdbavy pro kempov\u00e1n\u00ed, turistiku nebo jak\u00e9koli outdoorov\u00e9 aktivity.<\/p>\n<h2>SPECIFIKACE<\/h2>\n<p>V\u00fdrobek: RainWear<\/p>\n<p>Materi\u00e1l: Materi\u00e1l: Polyester<\/p>\n<p>V\u011bkov\u00e1 skupina: Dosp\u011bl\u00ed<\/p>\n<p>Venkovn\u00ed aktivity: T\u00e1bor \/ P\u011b\u0161\u00ed turistika<\/p>\n<p>Velikost: 220x140 cm<\/p>","protected":false},"excerpt":{"rendered":"<p>Conquer the great outdoors with confidence in our 3-in-1 outdoor poncho! Designed for universal use and adaptable as a mountaineering raincoat, a ground cover, or even a sky curtain, this poncho is a must-have for any adventurer. Its durable 210T lattice fabric is both waterproof and tear-resistant, ensuring that you stay dry and comfortable. The [&#8230;]","protected":false},"featured_media":16741,"template":"","meta":[],"product_brand":[],"product_cat":[206,225,15,217,205,413],"product_tag":[],"class_list":{"0":"post-16742","1":"product","2":"type-product","3":"status-publish","4":"has-post-thumbnail","6":"product_cat-emergency-poncho","7":"product_cat-grey-poncho","8":"product_cat-main-category","9":"product_cat-plastic-poncho","10":"product_cat-rain-poncho","11":"product_cat-hiking-poncho","13":"first","14":"instock","15":"shipping-taxable","16":"purchasable","17":"product-type-variable"},"yoast_head":"<!-- This site is optimized with the Yoast SEO plugin v25.9 - https:\/\/yoast.com\/wordpress\/plugins\/seo\/ -->\n<title>Versatile Outdoor Poncho Rainwear | \u010cesk\u00e1 republika #1 Poncho Shop<\/title>\n<meta name=\"description\" content=\"Looking for a Versatile Outdoor Poncho Rainwear ? You&#039;ve come to the right place \ud83d\ude04 We offers a wide selection of Versatile Outdoor Poncho Rainwear, perfect for you.\" \/>\n<meta name=\"robots\" content=\"index, follow, max-snippet:-1, max-image-preview:large, max-video-preview:-1\" \/>\n<link rel=\"canonical\" href=\"https:\/\/ozponcho.com.au\/cs\/p\/viceucelovy-pristresek-s-plastenkou\/\" \/>\n<meta property=\"og:locale\" content=\"cs_CZ\" \/>\n<meta property=\"og:type\" content=\"article\" \/>\n<meta property=\"og:title\" content=\"Versatile Outdoor Poncho Rainwear | \u010cesk\u00e1 republika #1 Poncho Shop\" \/>\n<meta property=\"og:description\" content=\"Looking for a Versatile Outdoor Poncho Rainwear ? You&#039;ve come to the right place \ud83d\ude04 We offers a wide selection of Versatile Outdoor Poncho Rainwear, perfect for you.\" \/>\n<meta property=\"og:url\" content=\"https:\/\/ozponcho.com.au\/cs\/p\/viceucelovy-pristresek-s-plastenkou\/\" \/>\n<meta property=\"og:site_name\" content=\"OZ Poncho\" \/>\n<meta property=\"article:modified_time\" content=\"2025-11-30T02:50:45+00:00\" \/>\n<meta property=\"og:image\" content=\"https:\/\/ozponcho.com.au\/wp-content\/uploads\/2023\/12\/S078c58ec771942f492f2467ac76170a2y-4.webp\" \/>\n\t<meta property=\"og:image:width\" content=\"1500\" \/>\n\t<meta property=\"og:image:height\" content=\"1500\" \/>\n\t<meta property=\"og:image:type\" content=\"image\/webp\" \/>\n<meta name=\"twitter:card\" content=\"summary_large_image\" \/>\n<meta name=\"twitter:label1\" content=\"Odhadovan\u00e1 doba \u010dten\u00ed\" \/>\n\t<meta name=\"twitter:data1\" content=\"1 minuta\" \/>\n<script type=\"application\/ld+json\" class=\"yoast-schema-graph\">{\"@context\":\"https:\/\/schema.org\",\"@graph\":[{\"@type\":\"WebPage\",\"@id\":\"https:\/\/ozponcho.com.au\/p\/multipurpose-rain-poncho-shelter\/\",\"url\":\"https:\/\/ozponcho.com.au\/p\/multipurpose-rain-poncho-shelter\/\",\"name\":\"Versatile Outdoor Poncho Rainwear | \u010cesk\u00e1 republika #1 Poncho Shop\",\"isPartOf\":{\"@id\":\"https:\/\/ozponcho.com.au\/#website\"},\"primaryImageOfPage\":{\"@id\":\"https:\/\/ozponcho.com.au\/p\/multipurpose-rain-poncho-shelter\/#primaryimage\"},\"image\":{\"@id\":\"https:\/\/ozponcho.com.au\/p\/multipurpose-rain-poncho-shelter\/#primaryimage\"},\"thumbnailUrl\":\"https:\/\/ozponcho.com.au\/wp-content\/uploads\/2023\/12\/S078c58ec771942f492f2467ac76170a2y-4.webp\",\"datePublished\":\"2023-12-30T12:21:39+00:00\",\"dateModified\":\"2025-11-30T02:50:45+00:00\",\"description\":\"Looking for a Versatile Outdoor Poncho Rainwear ? You've come to the right place \ud83d\ude04 We offers a wide selection of Versatile Outdoor Poncho Rainwear, perfect for you.\",\"breadcrumb\":{\"@id\":\"https:\/\/ozponcho.com.au\/p\/multipurpose-rain-poncho-shelter\/#breadcrumb\"},\"inLanguage\":\"cs\",\"potentialAction\":[{\"@type\":\"ReadAction\",\"target\":[\"https:\/\/ozponcho.com.au\/p\/multipurpose-rain-poncho-shelter\/\"]}]},{\"@type\":\"ImageObject\",\"inLanguage\":\"cs\",\"@id\":\"https:\/\/ozponcho.com.au\/p\/multipurpose-rain-poncho-shelter\/#primaryimage\",\"url\":\"https:\/\/ozponcho.com.au\/wp-content\/uploads\/2023\/12\/S078c58ec771942f492f2467ac76170a2y-4.webp\",\"contentUrl\":\"https:\/\/ozponcho.com.au\/wp-content\/uploads\/2023\/12\/S078c58ec771942f492f2467ac76170a2y-4.webp\",\"width\":1500,\"height\":1500,\"caption\":\"Versatile Outdoor Poncho Rainwear\"},{\"@type\":\"BreadcrumbList\",\"@id\":\"https:\/\/ozponcho.com.au\/p\/multipurpose-rain-poncho-shelter\/#breadcrumb\",\"itemListElement\":[{\"@type\":\"ListItem\",\"position\":1,\"name\":\"Home\",\"item\":\"https:\/\/ozponcho.com.au\/\"},{\"@type\":\"ListItem\",\"position\":2,\"name\":\"Shop\",\"item\":\"https:\/\/ozponcho.com.au\/shop\/\"},{\"@type\":\"ListItem\",\"position\":3,\"name\":\"Versatile Outdoor Poncho Rainwear\"}]},{\"@type\":\"WebSite\",\"@id\":\"https:\/\/ozponcho.com.au\/#website\",\"url\":\"https:\/\/ozponcho.com.au\/\",\"name\":\"OZ Poncho\",\"description\":\"\",\"potentialAction\":[{\"@type\":\"SearchAction\",\"target\":{\"@type\":\"EntryPoint\",\"urlTemplate\":\"https:\/\/ozponcho.com.au\/?s={search_term_string}\"},\"query-input\":{\"@type\":\"PropertyValueSpecification\",\"valueRequired\":true,\"valueName\":\"search_term_string\"}}],\"inLanguage\":\"cs\"}]}<\/script>\n<!-- \/ Yoast SEO plugin. -->","yoast_head_json":{"title":"Univerz\u00e1ln\u00ed outdoorov\u00e9 pl\u00e1\u0161t\u011bnky Poncho Rainwear | \u010cesk\u00e1 republika #1 Poncho Shop","description":"Hled\u00e1te univerz\u00e1ln\u00ed outdoorov\u00e9 pl\u00e1\u0161t\u011bnky Poncho ? Jste na spr\u00e1vn\u00e9m m\u00edst\u011b \ud83d\ude04 Nab\u00edz\u00edme \u0161irok\u00fd v\u00fdb\u011br univerz\u00e1ln\u00edho outdoorov\u00e9ho oble\u010den\u00ed Poncho Rainwear, kter\u00e9 je pro v\u00e1s ide\u00e1ln\u00ed.","robots":{"index":"index","follow":"follow","max-snippet":"max-snippet:-1","max-image-preview":"max-image-preview:large","max-video-preview":"max-video-preview:-1"},"canonical":"https:\/\/ozponcho.com.au\/cs\/p\/viceucelovy-pristresek-s-plastenkou\/","og_locale":"cs_CZ","og_type":"article","og_title":"Versatile Outdoor Poncho Rainwear | \u010cesk\u00e1 republika #1 Poncho Shop","og_description":"Looking for a Versatile Outdoor Poncho Rainwear ? You've come to the right place \ud83d\ude04 We offers a wide selection of Versatile Outdoor Poncho Rainwear, perfect for you.","og_url":"https:\/\/ozponcho.com.au\/cs\/p\/viceucelovy-pristresek-s-plastenkou\/","og_site_name":"OZ Poncho","article_modified_time":"2025-11-30T02:50:45+00:00","og_image":[{"width":1500,"height":1500,"url":"https:\/\/ozponcho.com.au\/wp-content\/uploads\/2023\/12\/S078c58ec771942f492f2467ac76170a2y-4.webp","type":"image\/webp"}],"twitter_card":"summary_large_image","twitter_misc":{"Odhadovan\u00e1 doba \u010dten\u00ed":"1 minuta"},"schema":{"@context":"https:\/\/schema.org","@graph":[{"@type":"WebPage","@id":"https:\/\/ozponcho.com.au\/p\/multipurpose-rain-poncho-shelter\/","url":"https:\/\/ozponcho.com.au\/p\/multipurpose-rain-poncho-shelter\/","name":"Univerz\u00e1ln\u00ed outdoorov\u00e9 pl\u00e1\u0161t\u011bnky Poncho Rainwear | \u010cesk\u00e1 republika #1 Poncho Shop","isPartOf":{"@id":"https:\/\/ozponcho.com.au\/#website"},"primaryImageOfPage":{"@id":"https:\/\/ozponcho.com.au\/p\/multipurpose-rain-poncho-shelter\/#primaryimage"},"image":{"@id":"https:\/\/ozponcho.com.au\/p\/multipurpose-rain-poncho-shelter\/#primaryimage"},"thumbnailUrl":"https:\/\/ozponcho.com.au\/wp-content\/uploads\/2023\/12\/S078c58ec771942f492f2467ac76170a2y-4.webp","datePublished":"2023-12-30T12:21:39+00:00","dateModified":"2025-11-30T02:50:45+00:00","description":"Hled\u00e1te univerz\u00e1ln\u00ed outdoorov\u00e9 pl\u00e1\u0161t\u011bnky Poncho ? Jste na spr\u00e1vn\u00e9m m\u00edst\u011b \ud83d\ude04 Nab\u00edz\u00edme \u0161irok\u00fd v\u00fdb\u011br univerz\u00e1ln\u00edho outdoorov\u00e9ho oble\u010den\u00ed Poncho Rainwear, kter\u00e9 je pro v\u00e1s ide\u00e1ln\u00ed.","breadcrumb":{"@id":"https:\/\/ozponcho.com.au\/p\/multipurpose-rain-poncho-shelter\/#breadcrumb"},"inLanguage":"cs","potentialAction":[{"@type":"ReadAction","target":["https:\/\/ozponcho.com.au\/p\/multipurpose-rain-poncho-shelter\/"]}]},{"@type":"ImageObject","inLanguage":"cs","@id":"https:\/\/ozponcho.com.au\/p\/multipurpose-rain-poncho-shelter\/#primaryimage","url":"https:\/\/ozponcho.com.au\/wp-content\/uploads\/2023\/12\/S078c58ec771942f492f2467ac76170a2y-4.webp","contentUrl":"https:\/\/ozponcho.com.au\/wp-content\/uploads\/2023\/12\/S078c58ec771942f492f2467ac76170a2y-4.webp","width":1500,"height":1500,"caption":"Versatile Outdoor Poncho Rainwear"},{"@type":"BreadcrumbList","@id":"https:\/\/ozponcho.com.au\/p\/multipurpose-rain-poncho-shelter\/#breadcrumb","itemListElement":[{"@type":"ListItem","position":1,"name":"Home","item":"https:\/\/ozponcho.com.au\/"},{"@type":"ListItem","position":2,"name":"Shop","item":"https:\/\/ozponcho.com.au\/shop\/"},{"@type":"ListItem","position":3,"name":"Versatile Outdoor Poncho Rainwear"}]},{"@type":"WebSite","@id":"https:\/\/ozponcho.com.au\/#website","url":"https:\/\/ozponcho.com.au\/","name":"OZ Poncho","description":"","potentialAction":[{"@type":"SearchAction","target":{"@type":"EntryPoint","urlTemplate":"https:\/\/ozponcho.com.au\/?s={search_term_string}"},"query-input":{"@type":"PropertyValueSpecification","valueRequired":true,"valueName":"search_term_string"}}],"inLanguage":"cs"}]}},"_links":{"self":[{"href":"https:\/\/ozponcho.com.au\/cs\/wp-json\/wp\/v2\/product\/16742","targetHints":{"allow":["GET"]}}],"collection":[{"href":"https:\/\/ozponcho.com.au\/cs\/wp-json\/wp\/v2\/product"}],"about":[{"href":"https:\/\/ozponcho.com.au\/cs\/wp-json\/wp\/v2\/types\/product"}],"wp:featuredmedia":[{"embeddable":true,"href":"https:\/\/ozponcho.com.au\/cs\/wp-json\/wp\/v2\/media\/16741"}],"wp:attachment":[{"href":"https:\/\/ozponcho.com.au\/cs\/wp-json\/wp\/v2\/media?parent=16742"}],"wp:term":[{"taxonomy":"product_brand","embeddable":true,"href":"https:\/\/ozponcho.com.au\/cs\/wp-json\/wp\/v2\/product_brand?post=16742"},{"taxonomy":"product_cat","embeddable":true,"href":"https:\/\/ozponcho.com.au\/cs\/wp-json\/wp\/v2\/product_cat?post=16742"},{"taxonomy":"product_tag","embeddable":true,"href":"https:\/\/ozponcho.com.au\/cs\/wp-json\/wp\/v2\/product_tag?post=16742"}],"curies":[{"name":"wp","href":"https:\/\/api.w.org\/{rel}","templated":true}]}}