{"id":16682,"date":"2023-12-30T23:20:40","date_gmt":"2023-12-30T12:20:40","guid":{"rendered":"https:\/\/ozponcho.com.au\/?post_type=product&#038;p=16682"},"modified":"2024-03-08T16:26:03","modified_gmt":"2024-03-08T05:26:03","slug":"child-cape-beach-towel","status":"publish","type":"product","link":"https:\/\/ozponcho.com.au\/cs\/p\/detska-plastenka-plazovy-rucnik\/","title":{"rendered":"D\u011btsk\u00e9 koupac\u00ed pon\u010do s kapuc\u00ed"},"content":{"rendered":"<p>Zahalte sv\u00e9 d\u00edt\u011b do \u010dist\u00e9ho pohodl\u00ed s na\u0161\u00ed d\u011btskou koupac\u00ed pl\u00e1\u0161t\u011bnkou s kapuc\u00ed. Tento ply\u0161ov\u00fd ru\u010dn\u00edk z mikrovl\u00e1kna, kter\u00fd je ide\u00e1ln\u00ed na pl\u00e1\u017e, k baz\u00e9nu nebo po relaxa\u010dn\u00ed koupeli, rychle schne a z\u00e1rove\u0148 udr\u017euje va\u0161e d\u00edt\u011b v pohodl\u00ed. Jeho z\u00e1bavn\u00e9 kreslen\u00e9 vzory podn\u011bcuj\u00ed p\u0159edstavivost a d\u011blaj\u00ed z koup\u00e1n\u00ed dobrodru\u017estv\u00ed. D\u00edky praktick\u00e9 kapuci je dokonal\u00fdm dopl\u0148kem pro vodn\u00ed eskap\u00e1dy nebo span\u00ed va\u0161eho d\u00edt\u011bte. Dop\u0159ejte sv\u00e9mu d\u00edt\u011bti \u00fatulnou n\u00e1ru\u010d na\u0161eho m\u011bkk\u00e9ho pon\u010da je\u0161t\u011b dnes - kde se prakti\u010dnost snoub\u00ed s hravost\u00ed.<\/p>\n<h2>SPECIFIKACE<\/h2>\n<div>\n<div>Rozm\u011bry: 60x120 cm<\/div>\n<div>Materi\u00e1ly: \u010cesan\u00e1 bavlna a mikrovl\u00e1kno<\/div>\n<\/div>\n<div><img decoding=\"async\" class=\"alignnone size-full wp-image-17310\" src=\"https:\/\/ozponcho.com.au\/wp-content\/uploads\/2023\/12\/kid-surf-poncho-fabric.jpg\" alt=\"\" width=\"917\" height=\"540\" srcset=\"https:\/\/ozponcho.com.au\/wp-content\/uploads\/2023\/12\/kid-surf-poncho-fabric.jpg 917w, https:\/\/ozponcho.com.au\/wp-content\/uploads\/2023\/12\/kid-surf-poncho-fabric-300x177.jpg 300w, https:\/\/ozponcho.com.au\/wp-content\/uploads\/2023\/12\/kid-surf-poncho-fabric-768x452.jpg 768w, https:\/\/ozponcho.com.au\/wp-content\/uploads\/2023\/12\/kid-surf-poncho-fabric-510x300.jpg 510w\" sizes=\"(max-width: 917px) 100vw, 917px\" \/><img decoding=\"async\" class=\"alignnone size-full wp-image-17311\" src=\"https:\/\/ozponcho.com.au\/wp-content\/uploads\/2023\/12\/towel-water-absorb.jpg\" alt=\"\" width=\"802\" height=\"618\" srcset=\"https:\/\/ozponcho.com.au\/wp-content\/uploads\/2023\/12\/towel-water-absorb.jpg 802w, https:\/\/ozponcho.com.au\/wp-content\/uploads\/2023\/12\/towel-water-absorb-300x231.jpg 300w, https:\/\/ozponcho.com.au\/wp-content\/uploads\/2023\/12\/towel-water-absorb-768x592.jpg 768w, https:\/\/ozponcho.com.au\/wp-content\/uploads\/2023\/12\/towel-water-absorb-510x393.jpg 510w\" sizes=\"(max-width: 802px) 100vw, 802px\" \/><\/div>","protected":false},"excerpt":{"rendered":"<p>Wrap your little one in pure comfort with our Kids Hooded Bath Poncho. Perfect for beach days, pool time, or after a relaxing bath, this plush microfiber towel dries quickly while keeping your child cozy. Its fun cartoon designs spark imagination, making bath time an adventure. With a convenient hood, it&#8217;s the perfect accessory for [&#8230;]","protected":false},"featured_media":16680,"template":"","meta":[],"product_brand":[],"product_cat":[223,15,213,212,208],"product_tag":[],"class_list":{"0":"post-16682","1":"product","2":"type-product","3":"status-publish","4":"has-post-thumbnail","6":"product_cat-blue-poncho","7":"product_cat-main-category","8":"product_cat-poncho-baby","9":"product_cat-poncho-kid","10":"product_cat-surf-poncho","12":"first","13":"instock","14":"shipping-taxable","15":"purchasable","16":"product-type-variable"},"yoast_head":"<!-- This site is optimized with the Yoast SEO plugin v25.9 - https:\/\/yoast.com\/wordpress\/plugins\/seo\/ -->\n<title>Kids Hooded Bath Poncho | \u010cesk\u00e1 republika #1 Poncho Shop<\/title>\n<meta name=\"description\" content=\"Looking for a Kids Hooded Bath Poncho ? You&#039;ve come to the right place \ud83d\ude04 We offers a wide selection of Kids Hooded Bath Poncho, perfect for you.\" \/>\n<meta name=\"robots\" content=\"index, follow, max-snippet:-1, max-image-preview:large, max-video-preview:-1\" \/>\n<link rel=\"canonical\" href=\"https:\/\/ozponcho.com.au\/cs\/p\/detska-plastenka-plazovy-rucnik\/\" \/>\n<meta property=\"og:locale\" content=\"cs_CZ\" \/>\n<meta property=\"og:type\" content=\"article\" \/>\n<meta property=\"og:title\" content=\"Kids Hooded Bath Poncho | \u010cesk\u00e1 republika #1 Poncho Shop\" \/>\n<meta property=\"og:description\" content=\"Looking for a Kids Hooded Bath Poncho ? You&#039;ve come to the right place \ud83d\ude04 We offers a wide selection of Kids Hooded Bath Poncho, perfect for you.\" \/>\n<meta property=\"og:url\" content=\"https:\/\/ozponcho.com.au\/cs\/p\/detska-plastenka-plazovy-rucnik\/\" \/>\n<meta property=\"og:site_name\" content=\"OZ Poncho\" \/>\n<meta property=\"article:modified_time\" content=\"2024-03-08T05:26:03+00:00\" \/>\n<meta property=\"og:image\" content=\"https:\/\/ozponcho.com.au\/wp-content\/uploads\/2023\/12\/S9d457548b56c4b36a78a0c26ccec06fbh-4.webp\" \/>\n\t<meta property=\"og:image:width\" content=\"800\" \/>\n\t<meta property=\"og:image:height\" content=\"800\" \/>\n\t<meta property=\"og:image:type\" content=\"image\/webp\" \/>\n<meta name=\"twitter:card\" content=\"summary_large_image\" \/>\n<meta name=\"twitter:label1\" content=\"Odhadovan\u00e1 doba \u010dten\u00ed\" \/>\n\t<meta name=\"twitter:data1\" content=\"1 minuta\" \/>\n<script type=\"application\/ld+json\" class=\"yoast-schema-graph\">{\"@context\":\"https:\/\/schema.org\",\"@graph\":[{\"@type\":\"WebPage\",\"@id\":\"https:\/\/ozponcho.com.au\/p\/child-cape-beach-towel\/\",\"url\":\"https:\/\/ozponcho.com.au\/p\/child-cape-beach-towel\/\",\"name\":\"Kids Hooded Bath Poncho | \u010cesk\u00e1 republika #1 Poncho Shop\",\"isPartOf\":{\"@id\":\"https:\/\/ozponcho.com.au\/#website\"},\"primaryImageOfPage\":{\"@id\":\"https:\/\/ozponcho.com.au\/p\/child-cape-beach-towel\/#primaryimage\"},\"image\":{\"@id\":\"https:\/\/ozponcho.com.au\/p\/child-cape-beach-towel\/#primaryimage\"},\"thumbnailUrl\":\"https:\/\/ozponcho.com.au\/wp-content\/uploads\/2023\/12\/S9d457548b56c4b36a78a0c26ccec06fbh-4.webp\",\"datePublished\":\"2023-12-30T12:20:40+00:00\",\"dateModified\":\"2024-03-08T05:26:03+00:00\",\"description\":\"Looking for a Kids Hooded Bath Poncho ? You've come to the right place \ud83d\ude04 We offers a wide selection of Kids Hooded Bath Poncho, perfect for you.\",\"breadcrumb\":{\"@id\":\"https:\/\/ozponcho.com.au\/p\/child-cape-beach-towel\/#breadcrumb\"},\"inLanguage\":\"cs\",\"potentialAction\":[{\"@type\":\"ReadAction\",\"target\":[\"https:\/\/ozponcho.com.au\/p\/child-cape-beach-towel\/\"]}]},{\"@type\":\"ImageObject\",\"inLanguage\":\"cs\",\"@id\":\"https:\/\/ozponcho.com.au\/p\/child-cape-beach-towel\/#primaryimage\",\"url\":\"https:\/\/ozponcho.com.au\/wp-content\/uploads\/2023\/12\/S9d457548b56c4b36a78a0c26ccec06fbh-4.webp\",\"contentUrl\":\"https:\/\/ozponcho.com.au\/wp-content\/uploads\/2023\/12\/S9d457548b56c4b36a78a0c26ccec06fbh-4.webp\",\"width\":800,\"height\":800,\"caption\":\"Kids Hooded Bath Poncho\"},{\"@type\":\"BreadcrumbList\",\"@id\":\"https:\/\/ozponcho.com.au\/p\/child-cape-beach-towel\/#breadcrumb\",\"itemListElement\":[{\"@type\":\"ListItem\",\"position\":1,\"name\":\"Home\",\"item\":\"https:\/\/ozponcho.com.au\/\"},{\"@type\":\"ListItem\",\"position\":2,\"name\":\"Shop\",\"item\":\"https:\/\/ozponcho.com.au\/shop\/\"},{\"@type\":\"ListItem\",\"position\":3,\"name\":\"Kids Hooded Bath Poncho\"}]},{\"@type\":\"WebSite\",\"@id\":\"https:\/\/ozponcho.com.au\/#website\",\"url\":\"https:\/\/ozponcho.com.au\/\",\"name\":\"OZ Poncho\",\"description\":\"\",\"potentialAction\":[{\"@type\":\"SearchAction\",\"target\":{\"@type\":\"EntryPoint\",\"urlTemplate\":\"https:\/\/ozponcho.com.au\/?s={search_term_string}\"},\"query-input\":{\"@type\":\"PropertyValueSpecification\",\"valueRequired\":true,\"valueName\":\"search_term_string\"}}],\"inLanguage\":\"cs\"}]}<\/script>\n<!-- \/ Yoast SEO plugin. -->","yoast_head_json":{"title":"D\u011btsk\u00e9 koupac\u00ed pon\u010do s kapuc\u00ed | \u010cesk\u00e1 republika #1 Poncho Shop","description":"Hled\u00e1te d\u011btsk\u00e9 koupac\u00ed pon\u010do s kapuc\u00ed ? Jste na spr\u00e1vn\u00e9m m\u00edst\u011b \ud83d\ude04 Nab\u00edz\u00edme \u0161irok\u00fd v\u00fdb\u011br d\u011btsk\u00fdch koupac\u00edch pon\u010da s kapuc\u00ed, ide\u00e1ln\u00ed pro v\u00e1s.","robots":{"index":"index","follow":"follow","max-snippet":"max-snippet:-1","max-image-preview":"max-image-preview:large","max-video-preview":"max-video-preview:-1"},"canonical":"https:\/\/ozponcho.com.au\/cs\/p\/detska-plastenka-plazovy-rucnik\/","og_locale":"cs_CZ","og_type":"article","og_title":"Kids Hooded Bath Poncho | \u010cesk\u00e1 republika #1 Poncho Shop","og_description":"Looking for a Kids Hooded Bath Poncho ? You've come to the right place \ud83d\ude04 We offers a wide selection of Kids Hooded Bath Poncho, perfect for you.","og_url":"https:\/\/ozponcho.com.au\/cs\/p\/detska-plastenka-plazovy-rucnik\/","og_site_name":"OZ Poncho","article_modified_time":"2024-03-08T05:26:03+00:00","og_image":[{"width":800,"height":800,"url":"https:\/\/ozponcho.com.au\/wp-content\/uploads\/2023\/12\/S9d457548b56c4b36a78a0c26ccec06fbh-4.webp","type":"image\/webp"}],"twitter_card":"summary_large_image","twitter_misc":{"Odhadovan\u00e1 doba \u010dten\u00ed":"1 minuta"},"schema":{"@context":"https:\/\/schema.org","@graph":[{"@type":"WebPage","@id":"https:\/\/ozponcho.com.au\/p\/child-cape-beach-towel\/","url":"https:\/\/ozponcho.com.au\/p\/child-cape-beach-towel\/","name":"D\u011btsk\u00e9 koupac\u00ed pon\u010do s kapuc\u00ed | \u010cesk\u00e1 republika #1 Poncho Shop","isPartOf":{"@id":"https:\/\/ozponcho.com.au\/#website"},"primaryImageOfPage":{"@id":"https:\/\/ozponcho.com.au\/p\/child-cape-beach-towel\/#primaryimage"},"image":{"@id":"https:\/\/ozponcho.com.au\/p\/child-cape-beach-towel\/#primaryimage"},"thumbnailUrl":"https:\/\/ozponcho.com.au\/wp-content\/uploads\/2023\/12\/S9d457548b56c4b36a78a0c26ccec06fbh-4.webp","datePublished":"2023-12-30T12:20:40+00:00","dateModified":"2024-03-08T05:26:03+00:00","description":"Hled\u00e1te d\u011btsk\u00e9 koupac\u00ed pon\u010do s kapuc\u00ed ? Jste na spr\u00e1vn\u00e9m m\u00edst\u011b \ud83d\ude04 Nab\u00edz\u00edme \u0161irok\u00fd v\u00fdb\u011br d\u011btsk\u00fdch koupac\u00edch pon\u010da s kapuc\u00ed, ide\u00e1ln\u00ed pro v\u00e1s.","breadcrumb":{"@id":"https:\/\/ozponcho.com.au\/p\/child-cape-beach-towel\/#breadcrumb"},"inLanguage":"cs","potentialAction":[{"@type":"ReadAction","target":["https:\/\/ozponcho.com.au\/p\/child-cape-beach-towel\/"]}]},{"@type":"ImageObject","inLanguage":"cs","@id":"https:\/\/ozponcho.com.au\/p\/child-cape-beach-towel\/#primaryimage","url":"https:\/\/ozponcho.com.au\/wp-content\/uploads\/2023\/12\/S9d457548b56c4b36a78a0c26ccec06fbh-4.webp","contentUrl":"https:\/\/ozponcho.com.au\/wp-content\/uploads\/2023\/12\/S9d457548b56c4b36a78a0c26ccec06fbh-4.webp","width":800,"height":800,"caption":"Kids Hooded Bath Poncho"},{"@type":"BreadcrumbList","@id":"https:\/\/ozponcho.com.au\/p\/child-cape-beach-towel\/#breadcrumb","itemListElement":[{"@type":"ListItem","position":1,"name":"Home","item":"https:\/\/ozponcho.com.au\/"},{"@type":"ListItem","position":2,"name":"Shop","item":"https:\/\/ozponcho.com.au\/shop\/"},{"@type":"ListItem","position":3,"name":"Kids Hooded Bath Poncho"}]},{"@type":"WebSite","@id":"https:\/\/ozponcho.com.au\/#website","url":"https:\/\/ozponcho.com.au\/","name":"OZ Poncho","description":"","potentialAction":[{"@type":"SearchAction","target":{"@type":"EntryPoint","urlTemplate":"https:\/\/ozponcho.com.au\/?s={search_term_string}"},"query-input":{"@type":"PropertyValueSpecification","valueRequired":true,"valueName":"search_term_string"}}],"inLanguage":"cs"}]}},"_links":{"self":[{"href":"https:\/\/ozponcho.com.au\/cs\/wp-json\/wp\/v2\/product\/16682","targetHints":{"allow":["GET"]}}],"collection":[{"href":"https:\/\/ozponcho.com.au\/cs\/wp-json\/wp\/v2\/product"}],"about":[{"href":"https:\/\/ozponcho.com.au\/cs\/wp-json\/wp\/v2\/types\/product"}],"wp:featuredmedia":[{"embeddable":true,"href":"https:\/\/ozponcho.com.au\/cs\/wp-json\/wp\/v2\/media\/16680"}],"wp:attachment":[{"href":"https:\/\/ozponcho.com.au\/cs\/wp-json\/wp\/v2\/media?parent=16682"}],"wp:term":[{"taxonomy":"product_brand","embeddable":true,"href":"https:\/\/ozponcho.com.au\/cs\/wp-json\/wp\/v2\/product_brand?post=16682"},{"taxonomy":"product_cat","embeddable":true,"href":"https:\/\/ozponcho.com.au\/cs\/wp-json\/wp\/v2\/product_cat?post=16682"},{"taxonomy":"product_tag","embeddable":true,"href":"https:\/\/ozponcho.com.au\/cs\/wp-json\/wp\/v2\/product_tag?post=16682"}],"curies":[{"name":"wp","href":"https:\/\/api.w.org\/{rel}","templated":true}]}}