{"id":16473,"date":"2023-12-30T23:17:26","date_gmt":"2023-12-30T12:17:26","guid":{"rendered":"https:\/\/ozponcho.com.au\/?post_type=product&#038;p=16473"},"modified":"2024-03-08T16:26:11","modified_gmt":"2024-03-08T05:26:11","slug":"absorbent-surf-bath-poncho","status":"publish","type":"product","link":"https:\/\/ozponcho.com.au\/cs\/p\/absorpcni-ponco-do-koupele\/","title":{"rendered":"Rychleschnouc\u00ed pon\u010do s kapuc\u00ed"},"content":{"rendered":"<p>Pono\u0159te se do pohodl\u00ed s na\u0161\u00edm pon\u010dem z mikrovl\u00e1kna s kapuc\u00ed, kter\u00e9 je nezbytn\u00e9 na pl\u00e1\u017ei a spojuje styl s funk\u010dnost\u00ed. Toto rychleschnouc\u00ed pon\u010do je ide\u00e1ln\u00ed na p\u0159evl\u00e9k\u00e1n\u00ed po plav\u00e1n\u00ed nebo na leno\u0161en\u00ed u mo\u0159e a nab\u00edz\u00ed soukrom\u00ed a teplo. Je vybaveno personalizovan\u00fdmi potisky s vysok\u00fdm rozli\u0161en\u00edm, od klidn\u00fdch tropick\u00fdch motiv\u016f a\u017e po nebesk\u00e9 z\u00e1zraky. Toto pon\u010do, kter\u00e9 se snadno bal\u00ed a m\u00e1 \u017eiv\u00fd design, je nezbytnou v\u00fdbavou ka\u017ed\u00e9ho pl\u00e1\u017eov\u00e9ho turisty, surfa\u0159e a outdoorov\u00e9ho nad\u0161ence, kter\u00fd hled\u00e1 kombinaci pohodl\u00ed a vkusu. Ud\u011blejte si ho jedine\u010dn\u011b vlastn\u00ed s vlastn\u00edmi vzory, kter\u00e9 vyj\u00e1d\u0159\u00ed v\u00e1\u0161 styl a z\u00e1rove\u0148 si naplno u\u017eijete pl\u00e1\u017eov\u00fd \u017eivot.<\/p>\n<h2>SPECIFIKACE<\/h2>\n<p>Rozm\u011bry: Dosp\u011bl\u00ed: 75x110cm | D\u011bti: 65x80cm<\/p>\n<p>Materi\u00e1l: Tkanina z mikrovl\u00e1kna<\/p>\n<p>Funkce: Rychleschnouc\u00ed<\/p>\n<p><img decoding=\"async\" class=\"alignnone size-full wp-image-17245\" src=\"https:\/\/ozponcho.com.au\/wp-content\/uploads\/2023\/12\/Screenshot-2024-01-18-at-00.21.05.png\" alt=\"\" width=\"1882\" height=\"988\" srcset=\"https:\/\/ozponcho.com.au\/wp-content\/uploads\/2023\/12\/Screenshot-2024-01-18-at-00.21.05.png 1882w, https:\/\/ozponcho.com.au\/wp-content\/uploads\/2023\/12\/Screenshot-2024-01-18-at-00.21.05-1020x535.png 1020w, https:\/\/ozponcho.com.au\/wp-content\/uploads\/2023\/12\/Screenshot-2024-01-18-at-00.21.05-300x157.png 300w, https:\/\/ozponcho.com.au\/wp-content\/uploads\/2023\/12\/Screenshot-2024-01-18-at-00.21.05-1024x538.png 1024w, https:\/\/ozponcho.com.au\/wp-content\/uploads\/2023\/12\/Screenshot-2024-01-18-at-00.21.05-768x403.png 768w, https:\/\/ozponcho.com.au\/wp-content\/uploads\/2023\/12\/Screenshot-2024-01-18-at-00.21.05-1536x806.png 1536w\" sizes=\"(max-width: 1882px) 100vw, 1882px\" \/><\/p>","protected":false},"excerpt":{"rendered":"<p>Dive into comfort with our hooded microfiber poncho, a beach essential that marries style with functionality. Perfect for changing after a swim or lounging near the sea, this quick-dry poncho offers privacy and warmth. It features high-definition, personalized prints from serene tropical motifs to celestial wonders. Easy to pack and vibrant in design, this poncho [&#8230;]","protected":false},"featured_media":16472,"template":"","meta":[],"product_brand":[],"product_cat":[15,208,224],"product_tag":[],"class_list":{"0":"post-16473","1":"product","2":"type-product","3":"status-publish","4":"has-post-thumbnail","6":"product_cat-main-category","7":"product_cat-surf-poncho","8":"product_cat-yellow-poncho","10":"first","11":"instock","12":"shipping-taxable","13":"purchasable","14":"product-type-variable"},"yoast_head":"<!-- This site is optimized with the Yoast SEO plugin v25.9 - https:\/\/yoast.com\/wordpress\/plugins\/seo\/ -->\n<title>Quick-Dry Hooded Poncho | \u010cesk\u00e1 republika #1 Poncho Shop<\/title>\n<meta name=\"description\" content=\"Looking for a Quick-Dry Hooded Poncho ? You&#039;ve come to the right place \ud83d\ude04 We offers a wide selection of Quick-Dry Hooded Poncho, perfect for you.\" \/>\n<meta name=\"robots\" content=\"index, follow, max-snippet:-1, max-image-preview:large, max-video-preview:-1\" \/>\n<link rel=\"canonical\" href=\"https:\/\/ozponcho.com.au\/cs\/p\/absorpcni-ponco-do-koupele\/\" \/>\n<meta property=\"og:locale\" content=\"cs_CZ\" \/>\n<meta property=\"og:type\" content=\"article\" \/>\n<meta property=\"og:title\" content=\"Quick-Dry Hooded Poncho | \u010cesk\u00e1 republika #1 Poncho Shop\" \/>\n<meta property=\"og:description\" content=\"Looking for a Quick-Dry Hooded Poncho ? You&#039;ve come to the right place \ud83d\ude04 We offers a wide selection of Quick-Dry Hooded Poncho, perfect for you.\" \/>\n<meta property=\"og:url\" content=\"https:\/\/ozponcho.com.au\/cs\/p\/absorpcni-ponco-do-koupele\/\" \/>\n<meta property=\"og:site_name\" content=\"OZ Poncho\" \/>\n<meta property=\"article:modified_time\" content=\"2024-03-08T05:26:11+00:00\" \/>\n<meta property=\"og:image\" content=\"https:\/\/ozponcho.com.au\/wp-content\/uploads\/2023\/12\/H9bece0075f92434d8f32ba3d5fcde7b3m-4.webp\" \/>\n\t<meta property=\"og:image:width\" content=\"1000\" \/>\n\t<meta property=\"og:image:height\" content=\"1000\" \/>\n\t<meta property=\"og:image:type\" content=\"image\/webp\" \/>\n<meta name=\"twitter:card\" content=\"summary_large_image\" \/>\n<meta name=\"twitter:label1\" content=\"Odhadovan\u00e1 doba \u010dten\u00ed\" \/>\n\t<meta name=\"twitter:data1\" content=\"1 minuta\" \/>\n<script type=\"application\/ld+json\" class=\"yoast-schema-graph\">{\"@context\":\"https:\/\/schema.org\",\"@graph\":[{\"@type\":\"WebPage\",\"@id\":\"https:\/\/ozponcho.com.au\/p\/absorbent-surf-bath-poncho\/\",\"url\":\"https:\/\/ozponcho.com.au\/p\/absorbent-surf-bath-poncho\/\",\"name\":\"Quick-Dry Hooded Poncho | \u010cesk\u00e1 republika #1 Poncho Shop\",\"isPartOf\":{\"@id\":\"https:\/\/ozponcho.com.au\/#website\"},\"primaryImageOfPage\":{\"@id\":\"https:\/\/ozponcho.com.au\/p\/absorbent-surf-bath-poncho\/#primaryimage\"},\"image\":{\"@id\":\"https:\/\/ozponcho.com.au\/p\/absorbent-surf-bath-poncho\/#primaryimage\"},\"thumbnailUrl\":\"https:\/\/ozponcho.com.au\/wp-content\/uploads\/2023\/12\/H9bece0075f92434d8f32ba3d5fcde7b3m-4.webp\",\"datePublished\":\"2023-12-30T12:17:26+00:00\",\"dateModified\":\"2024-03-08T05:26:11+00:00\",\"description\":\"Looking for a Quick-Dry Hooded Poncho ? You've come to the right place \ud83d\ude04 We offers a wide selection of Quick-Dry Hooded Poncho, perfect for you.\",\"breadcrumb\":{\"@id\":\"https:\/\/ozponcho.com.au\/p\/absorbent-surf-bath-poncho\/#breadcrumb\"},\"inLanguage\":\"cs\",\"potentialAction\":[{\"@type\":\"ReadAction\",\"target\":[\"https:\/\/ozponcho.com.au\/p\/absorbent-surf-bath-poncho\/\"]}]},{\"@type\":\"ImageObject\",\"inLanguage\":\"cs\",\"@id\":\"https:\/\/ozponcho.com.au\/p\/absorbent-surf-bath-poncho\/#primaryimage\",\"url\":\"https:\/\/ozponcho.com.au\/wp-content\/uploads\/2023\/12\/H9bece0075f92434d8f32ba3d5fcde7b3m-4.webp\",\"contentUrl\":\"https:\/\/ozponcho.com.au\/wp-content\/uploads\/2023\/12\/H9bece0075f92434d8f32ba3d5fcde7b3m-4.webp\",\"width\":1000,\"height\":1000,\"caption\":\"Quick-Dry Hooded Poncho\"},{\"@type\":\"BreadcrumbList\",\"@id\":\"https:\/\/ozponcho.com.au\/p\/absorbent-surf-bath-poncho\/#breadcrumb\",\"itemListElement\":[{\"@type\":\"ListItem\",\"position\":1,\"name\":\"Home\",\"item\":\"https:\/\/ozponcho.com.au\/\"},{\"@type\":\"ListItem\",\"position\":2,\"name\":\"Shop\",\"item\":\"https:\/\/ozponcho.com.au\/shop\/\"},{\"@type\":\"ListItem\",\"position\":3,\"name\":\"Quick-Dry Hooded Poncho\"}]},{\"@type\":\"WebSite\",\"@id\":\"https:\/\/ozponcho.com.au\/#website\",\"url\":\"https:\/\/ozponcho.com.au\/\",\"name\":\"OZ Poncho\",\"description\":\"\",\"potentialAction\":[{\"@type\":\"SearchAction\",\"target\":{\"@type\":\"EntryPoint\",\"urlTemplate\":\"https:\/\/ozponcho.com.au\/?s={search_term_string}\"},\"query-input\":{\"@type\":\"PropertyValueSpecification\",\"valueRequired\":true,\"valueName\":\"search_term_string\"}}],\"inLanguage\":\"cs\"}]}<\/script>\n<!-- \/ Yoast SEO plugin. -->","yoast_head_json":{"title":"Rychleschnouc\u00ed pon\u010do s kapuc\u00ed | \u010cesk\u00e1 republika #1 Pon\u010do Shop","description":"Hled\u00e1te rychleschnouc\u00ed pon\u010do s kapuc\u00ed ? Jste na spr\u00e1vn\u00e9m m\u00edst\u011b \ud83d\ude04 Nab\u00edz\u00edme \u0161irok\u00fd v\u00fdb\u011br rychleschnouc\u00edch pon\u010da s kapuc\u00ed, kter\u00e1 jsou pro v\u00e1s ide\u00e1ln\u00ed.","robots":{"index":"index","follow":"follow","max-snippet":"max-snippet:-1","max-image-preview":"max-image-preview:large","max-video-preview":"max-video-preview:-1"},"canonical":"https:\/\/ozponcho.com.au\/cs\/p\/absorpcni-ponco-do-koupele\/","og_locale":"cs_CZ","og_type":"article","og_title":"Quick-Dry Hooded Poncho | \u010cesk\u00e1 republika #1 Poncho Shop","og_description":"Looking for a Quick-Dry Hooded Poncho ? You've come to the right place \ud83d\ude04 We offers a wide selection of Quick-Dry Hooded Poncho, perfect for you.","og_url":"https:\/\/ozponcho.com.au\/cs\/p\/absorpcni-ponco-do-koupele\/","og_site_name":"OZ Poncho","article_modified_time":"2024-03-08T05:26:11+00:00","og_image":[{"width":1000,"height":1000,"url":"https:\/\/ozponcho.com.au\/wp-content\/uploads\/2023\/12\/H9bece0075f92434d8f32ba3d5fcde7b3m-4.webp","type":"image\/webp"}],"twitter_card":"summary_large_image","twitter_misc":{"Odhadovan\u00e1 doba \u010dten\u00ed":"1 minuta"},"schema":{"@context":"https:\/\/schema.org","@graph":[{"@type":"WebPage","@id":"https:\/\/ozponcho.com.au\/p\/absorbent-surf-bath-poncho\/","url":"https:\/\/ozponcho.com.au\/p\/absorbent-surf-bath-poncho\/","name":"Rychleschnouc\u00ed pon\u010do s kapuc\u00ed | \u010cesk\u00e1 republika #1 Pon\u010do Shop","isPartOf":{"@id":"https:\/\/ozponcho.com.au\/#website"},"primaryImageOfPage":{"@id":"https:\/\/ozponcho.com.au\/p\/absorbent-surf-bath-poncho\/#primaryimage"},"image":{"@id":"https:\/\/ozponcho.com.au\/p\/absorbent-surf-bath-poncho\/#primaryimage"},"thumbnailUrl":"https:\/\/ozponcho.com.au\/wp-content\/uploads\/2023\/12\/H9bece0075f92434d8f32ba3d5fcde7b3m-4.webp","datePublished":"2023-12-30T12:17:26+00:00","dateModified":"2024-03-08T05:26:11+00:00","description":"Hled\u00e1te rychleschnouc\u00ed pon\u010do s kapuc\u00ed ? Jste na spr\u00e1vn\u00e9m m\u00edst\u011b \ud83d\ude04 Nab\u00edz\u00edme \u0161irok\u00fd v\u00fdb\u011br rychleschnouc\u00edch pon\u010da s kapuc\u00ed, kter\u00e1 jsou pro v\u00e1s ide\u00e1ln\u00ed.","breadcrumb":{"@id":"https:\/\/ozponcho.com.au\/p\/absorbent-surf-bath-poncho\/#breadcrumb"},"inLanguage":"cs","potentialAction":[{"@type":"ReadAction","target":["https:\/\/ozponcho.com.au\/p\/absorbent-surf-bath-poncho\/"]}]},{"@type":"ImageObject","inLanguage":"cs","@id":"https:\/\/ozponcho.com.au\/p\/absorbent-surf-bath-poncho\/#primaryimage","url":"https:\/\/ozponcho.com.au\/wp-content\/uploads\/2023\/12\/H9bece0075f92434d8f32ba3d5fcde7b3m-4.webp","contentUrl":"https:\/\/ozponcho.com.au\/wp-content\/uploads\/2023\/12\/H9bece0075f92434d8f32ba3d5fcde7b3m-4.webp","width":1000,"height":1000,"caption":"Quick-Dry Hooded Poncho"},{"@type":"BreadcrumbList","@id":"https:\/\/ozponcho.com.au\/p\/absorbent-surf-bath-poncho\/#breadcrumb","itemListElement":[{"@type":"ListItem","position":1,"name":"Home","item":"https:\/\/ozponcho.com.au\/"},{"@type":"ListItem","position":2,"name":"Shop","item":"https:\/\/ozponcho.com.au\/shop\/"},{"@type":"ListItem","position":3,"name":"Quick-Dry Hooded Poncho"}]},{"@type":"WebSite","@id":"https:\/\/ozponcho.com.au\/#website","url":"https:\/\/ozponcho.com.au\/","name":"OZ Poncho","description":"","potentialAction":[{"@type":"SearchAction","target":{"@type":"EntryPoint","urlTemplate":"https:\/\/ozponcho.com.au\/?s={search_term_string}"},"query-input":{"@type":"PropertyValueSpecification","valueRequired":true,"valueName":"search_term_string"}}],"inLanguage":"cs"}]}},"_links":{"self":[{"href":"https:\/\/ozponcho.com.au\/cs\/wp-json\/wp\/v2\/product\/16473","targetHints":{"allow":["GET"]}}],"collection":[{"href":"https:\/\/ozponcho.com.au\/cs\/wp-json\/wp\/v2\/product"}],"about":[{"href":"https:\/\/ozponcho.com.au\/cs\/wp-json\/wp\/v2\/types\/product"}],"wp:featuredmedia":[{"embeddable":true,"href":"https:\/\/ozponcho.com.au\/cs\/wp-json\/wp\/v2\/media\/16472"}],"wp:attachment":[{"href":"https:\/\/ozponcho.com.au\/cs\/wp-json\/wp\/v2\/media?parent=16473"}],"wp:term":[{"taxonomy":"product_brand","embeddable":true,"href":"https:\/\/ozponcho.com.au\/cs\/wp-json\/wp\/v2\/product_brand?post=16473"},{"taxonomy":"product_cat","embeddable":true,"href":"https:\/\/ozponcho.com.au\/cs\/wp-json\/wp\/v2\/product_cat?post=16473"},{"taxonomy":"product_tag","embeddable":true,"href":"https:\/\/ozponcho.com.au\/cs\/wp-json\/wp\/v2\/product_tag?post=16473"}],"curies":[{"name":"wp","href":"https:\/\/api.w.org\/{rel}","templated":true}]}}