{"id":16418,"date":"2023-12-30T23:16:15","date_gmt":"2023-12-30T12:16:15","guid":{"rendered":"https:\/\/ozponcho.com.au\/?post_type=product&#038;p=16418"},"modified":"2024-04-19T10:20:54","modified_gmt":"2024-04-18T23:20:54","slug":"hooded-beach-towel-cape","status":"publish","type":"product","link":"https:\/\/ozponcho.com.au\/cs\/p\/plazova-plastenka-s-kapuci\/","title":{"rendered":"Z\u00e1\u0159iv\u00e9 pon\u010do z mikrovl\u00e1kna"},"content":{"rendered":"<p>Pono\u0159te se do pohodl\u00ed s na\u0161\u00edm atraktivn\u00edm pon\u010dem z mikrovl\u00e1kna, kter\u00e9 je ur\u010deno pro odv\u00e1\u017en\u00e9 n\u00e1v\u0161t\u011bvn\u00edky pl\u00e1\u017e\u00ed a v\u00e1\u0161niv\u00e9 plavce. D\u00edky rychleschnouc\u00ed technologii a \u00fa\u017easn\u00fdm 3D digit\u00e1ln\u00edm potisk\u016fm v\u00e1m toto pon\u010do s kapuc\u00ed zajist\u00ed teplo a styl i po vodn\u00edch dobrodru\u017estv\u00edch. Jeho sav\u00e1 tkanina z mikrovl\u00e1kna poskytuje m\u011bkk\u00e9 objet\u00ed, tak\u017ee je ide\u00e1ln\u00ed pro diskr\u00e9tn\u00ed p\u0159evl\u00e9k\u00e1n\u00ed u b\u0159ehu. Je k dispozici pro dosp\u011bl\u00e9 i d\u011bti, p\u0159izp\u016fsobte si ho tak, aby odr\u00e1\u017eelo va\u0161i osobnost a vyniklo v davu na pl\u00e1\u017ei!<\/p>\n<h2>SPECIFIKACE<\/h2>\n<p>Rozm\u011bry: Dosp\u011bl\u00ed: 75x110cm | D\u011bti: 65x80cm<\/p>\n<p>Materi\u00e1l: Tkanina z mikrovl\u00e1kna<\/p>\n<p>Funkce: Rychleschnouc\u00ed<\/p>\n<p><img decoding=\"async\" class=\"alignnone size-full wp-image-17245\" src=\"https:\/\/ozponcho.com.au\/wp-content\/uploads\/2023\/12\/Screenshot-2024-01-18-at-00.21.05.png\" alt=\"\" width=\"1882\" height=\"988\" srcset=\"https:\/\/ozponcho.com.au\/wp-content\/uploads\/2023\/12\/Screenshot-2024-01-18-at-00.21.05.png 1882w, https:\/\/ozponcho.com.au\/wp-content\/uploads\/2023\/12\/Screenshot-2024-01-18-at-00.21.05-1020x535.png 1020w, https:\/\/ozponcho.com.au\/wp-content\/uploads\/2023\/12\/Screenshot-2024-01-18-at-00.21.05-300x157.png 300w, https:\/\/ozponcho.com.au\/wp-content\/uploads\/2023\/12\/Screenshot-2024-01-18-at-00.21.05-1024x538.png 1024w, https:\/\/ozponcho.com.au\/wp-content\/uploads\/2023\/12\/Screenshot-2024-01-18-at-00.21.05-768x403.png 768w, https:\/\/ozponcho.com.au\/wp-content\/uploads\/2023\/12\/Screenshot-2024-01-18-at-00.21.05-1536x806.png 1536w\" sizes=\"(max-width: 1882px) 100vw, 1882px\" \/><\/p>","protected":false},"excerpt":{"rendered":"<p>Dive into comfort with our eye-catching Microfiber Surf Poncho, designed for the bold beach-goer and avid swimmer. Featuring quick-dry technology and stunning 3D digital prints, this hooded poncho ensures you stay warm and stylish after aquatic adventures. Its absorbent microfiber fabric provides a soft embrace, making it perfect for changing discreetly by the shore. Available [&#8230;]","protected":false},"featured_media":16417,"template":"","meta":[],"product_brand":[],"product_cat":[15,222,212,208],"product_tag":[],"class_list":{"0":"post-16418","1":"product","2":"type-product","3":"status-publish","4":"has-post-thumbnail","6":"product_cat-main-category","7":"product_cat-pink-poncho","8":"product_cat-poncho-kid","9":"product_cat-surf-poncho","11":"first","12":"instock","13":"shipping-taxable","14":"purchasable","15":"product-type-variable"},"yoast_head":"<!-- This site is optimized with the Yoast SEO plugin v25.9 - https:\/\/yoast.com\/wordpress\/plugins\/seo\/ -->\n<title>Vibrant Microfiber Surf Poncho | \u010cesk\u00e1 republika #1 Poncho Shop<\/title>\n<meta name=\"description\" content=\"Looking for a Vibrant Microfiber Surf Poncho ? You&#039;ve come to the right place \ud83d\ude04 We offers a wide selection of Vibrant Microfiber Surf Poncho, perfect for you.\" \/>\n<meta name=\"robots\" content=\"index, follow, max-snippet:-1, max-image-preview:large, max-video-preview:-1\" \/>\n<link rel=\"canonical\" href=\"https:\/\/ozponcho.com.au\/cs\/p\/plazova-plastenka-s-kapuci\/\" \/>\n<meta property=\"og:locale\" content=\"cs_CZ\" \/>\n<meta property=\"og:type\" content=\"article\" \/>\n<meta property=\"og:title\" content=\"Vibrant Microfiber Surf Poncho | \u010cesk\u00e1 republika #1 Poncho Shop\" \/>\n<meta property=\"og:description\" content=\"Looking for a Vibrant Microfiber Surf Poncho ? You&#039;ve come to the right place \ud83d\ude04 We offers a wide selection of Vibrant Microfiber Surf Poncho, perfect for you.\" \/>\n<meta property=\"og:url\" content=\"https:\/\/ozponcho.com.au\/cs\/p\/plazova-plastenka-s-kapuci\/\" \/>\n<meta property=\"og:site_name\" content=\"OZ Poncho\" \/>\n<meta property=\"article:modified_time\" content=\"2024-04-18T23:20:54+00:00\" \/>\n<meta property=\"og:image\" content=\"https:\/\/ozponcho.com.au\/wp-content\/uploads\/2023\/12\/H110e273e25b0418a9467af98a6107f375-4.webp\" \/>\n\t<meta property=\"og:image:width\" content=\"1000\" \/>\n\t<meta property=\"og:image:height\" content=\"1000\" \/>\n\t<meta property=\"og:image:type\" content=\"image\/webp\" \/>\n<meta name=\"twitter:card\" content=\"summary_large_image\" \/>\n<meta name=\"twitter:label1\" content=\"Odhadovan\u00e1 doba \u010dten\u00ed\" \/>\n\t<meta name=\"twitter:data1\" content=\"1 minuta\" \/>\n<script type=\"application\/ld+json\" class=\"yoast-schema-graph\">{\"@context\":\"https:\/\/schema.org\",\"@graph\":[{\"@type\":\"WebPage\",\"@id\":\"https:\/\/ozponcho.com.au\/p\/hooded-beach-towel-cape\/\",\"url\":\"https:\/\/ozponcho.com.au\/p\/hooded-beach-towel-cape\/\",\"name\":\"Vibrant Microfiber Surf Poncho | \u010cesk\u00e1 republika #1 Poncho Shop\",\"isPartOf\":{\"@id\":\"https:\/\/ozponcho.com.au\/#website\"},\"primaryImageOfPage\":{\"@id\":\"https:\/\/ozponcho.com.au\/p\/hooded-beach-towel-cape\/#primaryimage\"},\"image\":{\"@id\":\"https:\/\/ozponcho.com.au\/p\/hooded-beach-towel-cape\/#primaryimage\"},\"thumbnailUrl\":\"https:\/\/ozponcho.com.au\/wp-content\/uploads\/2023\/12\/H110e273e25b0418a9467af98a6107f375-4.webp\",\"datePublished\":\"2023-12-30T12:16:15+00:00\",\"dateModified\":\"2024-04-18T23:20:54+00:00\",\"description\":\"Looking for a Vibrant Microfiber Surf Poncho ? You've come to the right place \ud83d\ude04 We offers a wide selection of Vibrant Microfiber Surf Poncho, perfect for you.\",\"breadcrumb\":{\"@id\":\"https:\/\/ozponcho.com.au\/p\/hooded-beach-towel-cape\/#breadcrumb\"},\"inLanguage\":\"cs\",\"potentialAction\":[{\"@type\":\"ReadAction\",\"target\":[\"https:\/\/ozponcho.com.au\/p\/hooded-beach-towel-cape\/\"]}]},{\"@type\":\"ImageObject\",\"inLanguage\":\"cs\",\"@id\":\"https:\/\/ozponcho.com.au\/p\/hooded-beach-towel-cape\/#primaryimage\",\"url\":\"https:\/\/ozponcho.com.au\/wp-content\/uploads\/2023\/12\/H110e273e25b0418a9467af98a6107f375-4.webp\",\"contentUrl\":\"https:\/\/ozponcho.com.au\/wp-content\/uploads\/2023\/12\/H110e273e25b0418a9467af98a6107f375-4.webp\",\"width\":1000,\"height\":1000,\"caption\":\"Vibrant Microfiber Surf Poncho\"},{\"@type\":\"BreadcrumbList\",\"@id\":\"https:\/\/ozponcho.com.au\/p\/hooded-beach-towel-cape\/#breadcrumb\",\"itemListElement\":[{\"@type\":\"ListItem\",\"position\":1,\"name\":\"Home\",\"item\":\"https:\/\/ozponcho.com.au\/\"},{\"@type\":\"ListItem\",\"position\":2,\"name\":\"Shop\",\"item\":\"https:\/\/ozponcho.com.au\/shop\/\"},{\"@type\":\"ListItem\",\"position\":3,\"name\":\"Vibrant Microfiber Surf Poncho\"}]},{\"@type\":\"WebSite\",\"@id\":\"https:\/\/ozponcho.com.au\/#website\",\"url\":\"https:\/\/ozponcho.com.au\/\",\"name\":\"OZ Poncho\",\"description\":\"\",\"potentialAction\":[{\"@type\":\"SearchAction\",\"target\":{\"@type\":\"EntryPoint\",\"urlTemplate\":\"https:\/\/ozponcho.com.au\/?s={search_term_string}\"},\"query-input\":{\"@type\":\"PropertyValueSpecification\",\"valueRequired\":true,\"valueName\":\"search_term_string\"}}],\"inLanguage\":\"cs\"}]}<\/script>\n<!-- \/ Yoast SEO plugin. -->","yoast_head_json":{"title":"Vibrant Microfiber Surf Poncho | \u010cesk\u00e1 republika #1 Poncho Shop","description":"Hled\u00e1te \u017eiv\u00e9 pon\u010do na surfov\u00e1n\u00ed z mikrovl\u00e1kna ? Jste na spr\u00e1vn\u00e9m m\u00edst\u011b \ud83d\ude04 Nab\u00edz\u00edme \u0161irok\u00fd v\u00fdb\u011br Vibrant Microfiber Surf Poncho, ide\u00e1ln\u00ed pro v\u00e1s.","robots":{"index":"index","follow":"follow","max-snippet":"max-snippet:-1","max-image-preview":"max-image-preview:large","max-video-preview":"max-video-preview:-1"},"canonical":"https:\/\/ozponcho.com.au\/cs\/p\/plazova-plastenka-s-kapuci\/","og_locale":"cs_CZ","og_type":"article","og_title":"Vibrant Microfiber Surf Poncho | \u010cesk\u00e1 republika #1 Poncho Shop","og_description":"Looking for a Vibrant Microfiber Surf Poncho ? You've come to the right place \ud83d\ude04 We offers a wide selection of Vibrant Microfiber Surf Poncho, perfect for you.","og_url":"https:\/\/ozponcho.com.au\/cs\/p\/plazova-plastenka-s-kapuci\/","og_site_name":"OZ Poncho","article_modified_time":"2024-04-18T23:20:54+00:00","og_image":[{"width":1000,"height":1000,"url":"https:\/\/ozponcho.com.au\/wp-content\/uploads\/2023\/12\/H110e273e25b0418a9467af98a6107f375-4.webp","type":"image\/webp"}],"twitter_card":"summary_large_image","twitter_misc":{"Odhadovan\u00e1 doba \u010dten\u00ed":"1 minuta"},"schema":{"@context":"https:\/\/schema.org","@graph":[{"@type":"WebPage","@id":"https:\/\/ozponcho.com.au\/p\/hooded-beach-towel-cape\/","url":"https:\/\/ozponcho.com.au\/p\/hooded-beach-towel-cape\/","name":"Vibrant Microfiber Surf Poncho | \u010cesk\u00e1 republika #1 Poncho Shop","isPartOf":{"@id":"https:\/\/ozponcho.com.au\/#website"},"primaryImageOfPage":{"@id":"https:\/\/ozponcho.com.au\/p\/hooded-beach-towel-cape\/#primaryimage"},"image":{"@id":"https:\/\/ozponcho.com.au\/p\/hooded-beach-towel-cape\/#primaryimage"},"thumbnailUrl":"https:\/\/ozponcho.com.au\/wp-content\/uploads\/2023\/12\/H110e273e25b0418a9467af98a6107f375-4.webp","datePublished":"2023-12-30T12:16:15+00:00","dateModified":"2024-04-18T23:20:54+00:00","description":"Hled\u00e1te \u017eiv\u00e9 pon\u010do na surfov\u00e1n\u00ed z mikrovl\u00e1kna ? Jste na spr\u00e1vn\u00e9m m\u00edst\u011b \ud83d\ude04 Nab\u00edz\u00edme \u0161irok\u00fd v\u00fdb\u011br Vibrant Microfiber Surf Poncho, ide\u00e1ln\u00ed pro v\u00e1s.","breadcrumb":{"@id":"https:\/\/ozponcho.com.au\/p\/hooded-beach-towel-cape\/#breadcrumb"},"inLanguage":"cs","potentialAction":[{"@type":"ReadAction","target":["https:\/\/ozponcho.com.au\/p\/hooded-beach-towel-cape\/"]}]},{"@type":"ImageObject","inLanguage":"cs","@id":"https:\/\/ozponcho.com.au\/p\/hooded-beach-towel-cape\/#primaryimage","url":"https:\/\/ozponcho.com.au\/wp-content\/uploads\/2023\/12\/H110e273e25b0418a9467af98a6107f375-4.webp","contentUrl":"https:\/\/ozponcho.com.au\/wp-content\/uploads\/2023\/12\/H110e273e25b0418a9467af98a6107f375-4.webp","width":1000,"height":1000,"caption":"Vibrant Microfiber Surf Poncho"},{"@type":"BreadcrumbList","@id":"https:\/\/ozponcho.com.au\/p\/hooded-beach-towel-cape\/#breadcrumb","itemListElement":[{"@type":"ListItem","position":1,"name":"Home","item":"https:\/\/ozponcho.com.au\/"},{"@type":"ListItem","position":2,"name":"Shop","item":"https:\/\/ozponcho.com.au\/shop\/"},{"@type":"ListItem","position":3,"name":"Vibrant Microfiber Surf Poncho"}]},{"@type":"WebSite","@id":"https:\/\/ozponcho.com.au\/#website","url":"https:\/\/ozponcho.com.au\/","name":"OZ Poncho","description":"","potentialAction":[{"@type":"SearchAction","target":{"@type":"EntryPoint","urlTemplate":"https:\/\/ozponcho.com.au\/?s={search_term_string}"},"query-input":{"@type":"PropertyValueSpecification","valueRequired":true,"valueName":"search_term_string"}}],"inLanguage":"cs"}]}},"_links":{"self":[{"href":"https:\/\/ozponcho.com.au\/cs\/wp-json\/wp\/v2\/product\/16418","targetHints":{"allow":["GET"]}}],"collection":[{"href":"https:\/\/ozponcho.com.au\/cs\/wp-json\/wp\/v2\/product"}],"about":[{"href":"https:\/\/ozponcho.com.au\/cs\/wp-json\/wp\/v2\/types\/product"}],"wp:featuredmedia":[{"embeddable":true,"href":"https:\/\/ozponcho.com.au\/cs\/wp-json\/wp\/v2\/media\/16417"}],"wp:attachment":[{"href":"https:\/\/ozponcho.com.au\/cs\/wp-json\/wp\/v2\/media?parent=16418"}],"wp:term":[{"taxonomy":"product_brand","embeddable":true,"href":"https:\/\/ozponcho.com.au\/cs\/wp-json\/wp\/v2\/product_brand?post=16418"},{"taxonomy":"product_cat","embeddable":true,"href":"https:\/\/ozponcho.com.au\/cs\/wp-json\/wp\/v2\/product_cat?post=16418"},{"taxonomy":"product_tag","embeddable":true,"href":"https:\/\/ozponcho.com.au\/cs\/wp-json\/wp\/v2\/product_tag?post=16418"}],"curies":[{"name":"wp","href":"https:\/\/api.w.org\/{rel}","templated":true}]}}