{"id":15636,"date":"2023-12-30T22:32:16","date_gmt":"2023-12-30T11:32:16","guid":{"rendered":"https:\/\/ozponcho.com.au\/?post_type=product&#038;p=15636"},"modified":"2025-04-01T16:05:53","modified_gmt":"2025-04-01T05:05:53","slug":"children-hooded-rain-jacket","status":"publish","type":"product","link":"https:\/\/ozponcho.com.au\/cs\/p\/detska-bunda-do-deste-s-kapuci\/","title":{"rendered":"D\u011btsk\u00e1 nepromokav\u00e1 pl\u00e1\u0161t\u011bnka Poncho"},"content":{"rendered":"<p>Na\u0161e d\u011btsk\u00e1 nepromokav\u00e1 pl\u00e1\u0161t\u011bnka Poncho je ide\u00e1ln\u00ed pro hrav\u00e9ho a dobrodru\u017en\u00e9ho ducha va\u0161ich d\u011bt\u00ed. Rozko\u0161n\u00fd modr\u00fd kv\u011btinov\u00fd vzor vystihuje podstatu d\u011btsk\u00e9 z\u00e1bavy, zat\u00edmco vod\u011bodoln\u00fd plastov\u00fd materi\u00e1l zajist\u00ed, \u017ee z\u016fstanou v suchu b\u011bhem jak\u00e9hokoli v\u00fdletu do p\u0159\u00edrody, od turistiky a\u017e po doj\u00ed\u017ed\u011bn\u00ed do \u0161koly. Toto pon\u010do je navr\u017eeno s \u00fatulnou kapuc\u00ed a snadno pou\u017eiteln\u00fdmi knofl\u00edky a je nejen stylov\u00e9, ale tak\u00e9 praktick\u00e9 pro ka\u017edodenn\u00ed no\u0161en\u00ed. Darujte sv\u00fdm d\u011btem pohodl\u00ed a styl, to v\u0161e zabalen\u00e9 v jednom okouzluj\u00edc\u00edm balen\u00ed!<\/p>\n<h2>SPECIFIKACE<\/h2>\n<p>Materi\u00e1l: Plast<\/p>\n<p>V\u011bkov\u00e1 skupina: D\u011bti<\/p>\n<p>Pohlav\u00ed: Chlapci a d\u00edvky<\/p>\n<p>Typ: Pl\u00e1\u0161t\u011bnka<\/p>\n<p><img decoding=\"async\" class=\"alignnone size-full wp-image-17234\" src=\"https:\/\/ozponcho.com.au\/wp-content\/uploads\/2023\/12\/Screenshot-2024-01-17-at-17.12.02.png\" alt=\"Tabulka velikost\u00ed d\u011btsk\u00e9ho oble\u010den\u00ed\" width=\"1524\" height=\"408\" srcset=\"https:\/\/ozponcho.com.au\/wp-content\/uploads\/2023\/12\/Screenshot-2024-01-17-at-17.12.02.png 1524w, https:\/\/ozponcho.com.au\/wp-content\/uploads\/2023\/12\/Screenshot-2024-01-17-at-17.12.02-1020x273.png 1020w, https:\/\/ozponcho.com.au\/wp-content\/uploads\/2023\/12\/Screenshot-2024-01-17-at-17.12.02-300x80.png 300w, https:\/\/ozponcho.com.au\/wp-content\/uploads\/2023\/12\/Screenshot-2024-01-17-at-17.12.02-1024x274.png 1024w, https:\/\/ozponcho.com.au\/wp-content\/uploads\/2023\/12\/Screenshot-2024-01-17-at-17.12.02-768x206.png 768w\" sizes=\"(max-width: 1524px) 100vw, 1524px\" \/><\/p>\n<p><img decoding=\"async\" class=\"alignnone size-full wp-image-16947\" src=\"https:\/\/ozponcho.com.au\/wp-content\/uploads\/2023\/12\/S8d969f6d0b7a42f5beb2a4fdb06efb7f9-47.webp\" alt=\"D\u011btsk\u00e1 pl\u00e1\u0161t\u011bnka Cute\" width=\"800\" height=\"800\" srcset=\"https:\/\/ozponcho.com.au\/wp-content\/uploads\/2023\/12\/S8d969f6d0b7a42f5beb2a4fdb06efb7f9-47.webp 800w, https:\/\/ozponcho.com.au\/wp-content\/uploads\/2023\/12\/S8d969f6d0b7a42f5beb2a4fdb06efb7f9-47-100x100.webp 100w, https:\/\/ozponcho.com.au\/wp-content\/uploads\/2023\/12\/S8d969f6d0b7a42f5beb2a4fdb06efb7f9-47-300x300.webp 300w, https:\/\/ozponcho.com.au\/wp-content\/uploads\/2023\/12\/S8d969f6d0b7a42f5beb2a4fdb06efb7f9-47-150x150.webp 150w, https:\/\/ozponcho.com.au\/wp-content\/uploads\/2023\/12\/S8d969f6d0b7a42f5beb2a4fdb06efb7f9-47-768x768.webp 768w, https:\/\/ozponcho.com.au\/wp-content\/uploads\/2023\/12\/S8d969f6d0b7a42f5beb2a4fdb06efb7f9-47-510x510.webp 510w\" sizes=\"(max-width: 800px) 100vw, 800px\" \/><\/p>","protected":false},"excerpt":{"rendered":"<p>Our Kids Waterproof Poncho Raincoat is perfect for the playful and adventurous spirit of your children. The adorable blue flower pattern captures the essence of childhood fun, while the water-resistant plastic material ensures they stay dry during any outdoor excursion, from hiking to school commutes. Designed with a cozy hood and easy-to-use buttons, this poncho [&#8230;]","protected":false},"featured_media":15635,"template":"","meta":[],"product_brand":[],"product_cat":[223,227,15,217,212,205],"product_tag":[],"class_list":{"0":"post-15636","1":"product","2":"type-product","3":"status-publish","4":"has-post-thumbnail","6":"product_cat-blue-poncho","7":"product_cat-hooded-poncho","8":"product_cat-main-category","9":"product_cat-plastic-poncho","10":"product_cat-poncho-kid","11":"product_cat-rain-poncho","13":"first","14":"instock","15":"shipping-taxable","16":"purchasable","17":"product-type-variable"},"yoast_head":"<!-- This site is optimized with the Yoast SEO plugin v25.9 - https:\/\/yoast.com\/wordpress\/plugins\/seo\/ -->\n<title>Kids Waterproof Poncho Raincoat | \u010cesk\u00e1 republika #1 Poncho Shop<\/title>\n<meta name=\"description\" content=\"Looking for a Kids Waterproof Poncho Raincoat ? You&#039;ve come to the right place \ud83d\ude04 We offers a wide selection of Kids Waterproof Poncho Raincoat, perfect for you.\" \/>\n<meta name=\"robots\" content=\"index, follow, max-snippet:-1, max-image-preview:large, max-video-preview:-1\" \/>\n<link rel=\"canonical\" href=\"https:\/\/ozponcho.com.au\/cs\/p\/detska-bunda-do-deste-s-kapuci\/\" \/>\n<meta property=\"og:locale\" content=\"cs_CZ\" \/>\n<meta property=\"og:type\" content=\"article\" \/>\n<meta property=\"og:title\" content=\"Kids Waterproof Poncho Raincoat | \u010cesk\u00e1 republika #1 Poncho Shop\" \/>\n<meta property=\"og:description\" content=\"Looking for a Kids Waterproof Poncho Raincoat ? You&#039;ve come to the right place \ud83d\ude04 We offers a wide selection of Kids Waterproof Poncho Raincoat, perfect for you.\" \/>\n<meta property=\"og:url\" content=\"https:\/\/ozponcho.com.au\/cs\/p\/detska-bunda-do-deste-s-kapuci\/\" \/>\n<meta property=\"og:site_name\" content=\"OZ Poncho\" \/>\n<meta property=\"article:modified_time\" content=\"2025-04-01T05:05:53+00:00\" \/>\n<meta property=\"og:image\" content=\"https:\/\/ozponcho.com.au\/wp-content\/uploads\/2023\/12\/S01aac770734d455e8c449786c239275ex-2.webp\" \/>\n\t<meta property=\"og:image:width\" content=\"1920\" \/>\n\t<meta property=\"og:image:height\" content=\"1920\" \/>\n\t<meta property=\"og:image:type\" content=\"image\/webp\" \/>\n<meta name=\"twitter:card\" content=\"summary_large_image\" \/>\n<meta name=\"twitter:label1\" content=\"Odhadovan\u00e1 doba \u010dten\u00ed\" \/>\n\t<meta name=\"twitter:data1\" content=\"2 minuty\" \/>\n<script type=\"application\/ld+json\" class=\"yoast-schema-graph\">{\"@context\":\"https:\/\/schema.org\",\"@graph\":[{\"@type\":\"WebPage\",\"@id\":\"https:\/\/ozponcho.com.au\/p\/children-hooded-rain-jacket\/\",\"url\":\"https:\/\/ozponcho.com.au\/p\/children-hooded-rain-jacket\/\",\"name\":\"Kids Waterproof Poncho Raincoat | \u010cesk\u00e1 republika #1 Poncho Shop\",\"isPartOf\":{\"@id\":\"https:\/\/ozponcho.com.au\/#website\"},\"primaryImageOfPage\":{\"@id\":\"https:\/\/ozponcho.com.au\/p\/children-hooded-rain-jacket\/#primaryimage\"},\"image\":{\"@id\":\"https:\/\/ozponcho.com.au\/p\/children-hooded-rain-jacket\/#primaryimage\"},\"thumbnailUrl\":\"https:\/\/ozponcho.com.au\/wp-content\/uploads\/2023\/12\/S01aac770734d455e8c449786c239275ex-2.webp\",\"datePublished\":\"2023-12-30T11:32:16+00:00\",\"dateModified\":\"2025-04-01T05:05:53+00:00\",\"description\":\"Looking for a Kids Waterproof Poncho Raincoat ? You've come to the right place \ud83d\ude04 We offers a wide selection of Kids Waterproof Poncho Raincoat, perfect for you.\",\"breadcrumb\":{\"@id\":\"https:\/\/ozponcho.com.au\/p\/children-hooded-rain-jacket\/#breadcrumb\"},\"inLanguage\":\"cs\",\"potentialAction\":[{\"@type\":\"ReadAction\",\"target\":[\"https:\/\/ozponcho.com.au\/p\/children-hooded-rain-jacket\/\"]}]},{\"@type\":\"ImageObject\",\"inLanguage\":\"cs\",\"@id\":\"https:\/\/ozponcho.com.au\/p\/children-hooded-rain-jacket\/#primaryimage\",\"url\":\"https:\/\/ozponcho.com.au\/wp-content\/uploads\/2023\/12\/S01aac770734d455e8c449786c239275ex-2.webp\",\"contentUrl\":\"https:\/\/ozponcho.com.au\/wp-content\/uploads\/2023\/12\/S01aac770734d455e8c449786c239275ex-2.webp\",\"width\":1920,\"height\":1920,\"caption\":\"Kids Waterproof Poncho Raincoat\"},{\"@type\":\"BreadcrumbList\",\"@id\":\"https:\/\/ozponcho.com.au\/p\/children-hooded-rain-jacket\/#breadcrumb\",\"itemListElement\":[{\"@type\":\"ListItem\",\"position\":1,\"name\":\"Home\",\"item\":\"https:\/\/ozponcho.com.au\/\"},{\"@type\":\"ListItem\",\"position\":2,\"name\":\"Shop\",\"item\":\"https:\/\/ozponcho.com.au\/shop\/\"},{\"@type\":\"ListItem\",\"position\":3,\"name\":\"Kids Waterproof Poncho Raincoat\"}]},{\"@type\":\"WebSite\",\"@id\":\"https:\/\/ozponcho.com.au\/#website\",\"url\":\"https:\/\/ozponcho.com.au\/\",\"name\":\"OZ Poncho\",\"description\":\"\",\"potentialAction\":[{\"@type\":\"SearchAction\",\"target\":{\"@type\":\"EntryPoint\",\"urlTemplate\":\"https:\/\/ozponcho.com.au\/?s={search_term_string}\"},\"query-input\":{\"@type\":\"PropertyValueSpecification\",\"valueRequired\":true,\"valueName\":\"search_term_string\"}}],\"inLanguage\":\"cs\"}]}<\/script>\n<!-- \/ Yoast SEO plugin. -->","yoast_head_json":{"title":"D\u011btsk\u00e1 nepromokav\u00e1 pl\u00e1\u0161t\u011bnka | \u010cesk\u00e1 republika #1 Poncho Shop","description":"Hled\u00e1te d\u011btskou nepromokavou pl\u00e1\u0161t\u011bnku Poncho ? Jste na spr\u00e1vn\u00e9m m\u00edst\u011b \ud83d\ude04 Nab\u00edz\u00edme \u0161irok\u00fd v\u00fdb\u011br d\u011btsk\u00fdch nepromokav\u00fdch pl\u00e1\u0161t\u011bnek Poncho Raincoat, kter\u00e9 jsou pro v\u00e1s ide\u00e1ln\u00ed.","robots":{"index":"index","follow":"follow","max-snippet":"max-snippet:-1","max-image-preview":"max-image-preview:large","max-video-preview":"max-video-preview:-1"},"canonical":"https:\/\/ozponcho.com.au\/cs\/p\/detska-bunda-do-deste-s-kapuci\/","og_locale":"cs_CZ","og_type":"article","og_title":"Kids Waterproof Poncho Raincoat | \u010cesk\u00e1 republika #1 Poncho Shop","og_description":"Looking for a Kids Waterproof Poncho Raincoat ? You've come to the right place \ud83d\ude04 We offers a wide selection of Kids Waterproof Poncho Raincoat, perfect for you.","og_url":"https:\/\/ozponcho.com.au\/cs\/p\/detska-bunda-do-deste-s-kapuci\/","og_site_name":"OZ Poncho","article_modified_time":"2025-04-01T05:05:53+00:00","og_image":[{"width":1920,"height":1920,"url":"https:\/\/ozponcho.com.au\/wp-content\/uploads\/2023\/12\/S01aac770734d455e8c449786c239275ex-2.webp","type":"image\/webp"}],"twitter_card":"summary_large_image","twitter_misc":{"Odhadovan\u00e1 doba \u010dten\u00ed":"2 minuty"},"schema":{"@context":"https:\/\/schema.org","@graph":[{"@type":"WebPage","@id":"https:\/\/ozponcho.com.au\/p\/children-hooded-rain-jacket\/","url":"https:\/\/ozponcho.com.au\/p\/children-hooded-rain-jacket\/","name":"D\u011btsk\u00e1 nepromokav\u00e1 pl\u00e1\u0161t\u011bnka | \u010cesk\u00e1 republika #1 Poncho Shop","isPartOf":{"@id":"https:\/\/ozponcho.com.au\/#website"},"primaryImageOfPage":{"@id":"https:\/\/ozponcho.com.au\/p\/children-hooded-rain-jacket\/#primaryimage"},"image":{"@id":"https:\/\/ozponcho.com.au\/p\/children-hooded-rain-jacket\/#primaryimage"},"thumbnailUrl":"https:\/\/ozponcho.com.au\/wp-content\/uploads\/2023\/12\/S01aac770734d455e8c449786c239275ex-2.webp","datePublished":"2023-12-30T11:32:16+00:00","dateModified":"2025-04-01T05:05:53+00:00","description":"Hled\u00e1te d\u011btskou nepromokavou pl\u00e1\u0161t\u011bnku Poncho ? Jste na spr\u00e1vn\u00e9m m\u00edst\u011b \ud83d\ude04 Nab\u00edz\u00edme \u0161irok\u00fd v\u00fdb\u011br d\u011btsk\u00fdch nepromokav\u00fdch pl\u00e1\u0161t\u011bnek Poncho Raincoat, kter\u00e9 jsou pro v\u00e1s ide\u00e1ln\u00ed.","breadcrumb":{"@id":"https:\/\/ozponcho.com.au\/p\/children-hooded-rain-jacket\/#breadcrumb"},"inLanguage":"cs","potentialAction":[{"@type":"ReadAction","target":["https:\/\/ozponcho.com.au\/p\/children-hooded-rain-jacket\/"]}]},{"@type":"ImageObject","inLanguage":"cs","@id":"https:\/\/ozponcho.com.au\/p\/children-hooded-rain-jacket\/#primaryimage","url":"https:\/\/ozponcho.com.au\/wp-content\/uploads\/2023\/12\/S01aac770734d455e8c449786c239275ex-2.webp","contentUrl":"https:\/\/ozponcho.com.au\/wp-content\/uploads\/2023\/12\/S01aac770734d455e8c449786c239275ex-2.webp","width":1920,"height":1920,"caption":"Kids Waterproof Poncho Raincoat"},{"@type":"BreadcrumbList","@id":"https:\/\/ozponcho.com.au\/p\/children-hooded-rain-jacket\/#breadcrumb","itemListElement":[{"@type":"ListItem","position":1,"name":"Home","item":"https:\/\/ozponcho.com.au\/"},{"@type":"ListItem","position":2,"name":"Shop","item":"https:\/\/ozponcho.com.au\/shop\/"},{"@type":"ListItem","position":3,"name":"Kids Waterproof Poncho Raincoat"}]},{"@type":"WebSite","@id":"https:\/\/ozponcho.com.au\/#website","url":"https:\/\/ozponcho.com.au\/","name":"OZ Poncho","description":"","potentialAction":[{"@type":"SearchAction","target":{"@type":"EntryPoint","urlTemplate":"https:\/\/ozponcho.com.au\/?s={search_term_string}"},"query-input":{"@type":"PropertyValueSpecification","valueRequired":true,"valueName":"search_term_string"}}],"inLanguage":"cs"}]}},"_links":{"self":[{"href":"https:\/\/ozponcho.com.au\/cs\/wp-json\/wp\/v2\/product\/15636","targetHints":{"allow":["GET"]}}],"collection":[{"href":"https:\/\/ozponcho.com.au\/cs\/wp-json\/wp\/v2\/product"}],"about":[{"href":"https:\/\/ozponcho.com.au\/cs\/wp-json\/wp\/v2\/types\/product"}],"wp:featuredmedia":[{"embeddable":true,"href":"https:\/\/ozponcho.com.au\/cs\/wp-json\/wp\/v2\/media\/15635"}],"wp:attachment":[{"href":"https:\/\/ozponcho.com.au\/cs\/wp-json\/wp\/v2\/media?parent=15636"}],"wp:term":[{"taxonomy":"product_brand","embeddable":true,"href":"https:\/\/ozponcho.com.au\/cs\/wp-json\/wp\/v2\/product_brand?post=15636"},{"taxonomy":"product_cat","embeddable":true,"href":"https:\/\/ozponcho.com.au\/cs\/wp-json\/wp\/v2\/product_cat?post=15636"},{"taxonomy":"product_tag","embeddable":true,"href":"https:\/\/ozponcho.com.au\/cs\/wp-json\/wp\/v2\/product_tag?post=15636"}],"curies":[{"name":"wp","href":"https:\/\/api.w.org\/{rel}","templated":true}]}}