{"id":15593,"date":"2023-12-30T22:31:43","date_gmt":"2023-12-30T11:31:43","guid":{"rendered":"https:\/\/ozponcho.com.au\/?post_type=product&#038;p=15593"},"modified":"2025-03-05T12:21:15","modified_gmt":"2025-03-05T01:21:15","slug":"adult-rain-protection-cover","status":"publish","type":"product","link":"https:\/\/ozponcho.com.au\/cs\/p\/ochranny-kryt-proti-desti-pro-dospele\/","title":{"rendered":"Balen\u00ed nouzov\u00fdch pon\u010da (1-20 ks)"},"content":{"rendered":"<p>Vydejte se snadno do de\u0161t\u011b s na\u0161\u00ed nouzovou nepromokavou pl\u00e1\u0161t\u011bnkou, kter\u00e1 je ide\u00e1ln\u00edm spole\u010dn\u00edkem pro ne\u010dekan\u00e9 lij\u00e1ky! Tato pon\u010da jsou vyrobena z lehk\u00e9ho plastov\u00e9ho materi\u00e1lu a poskytuj\u00ed okam\u017eit\u00fd \u00fakryt p\u0159ed de\u0161t\u011bm. Jsou ide\u00e1ln\u00ed na venkovn\u00ed akce, v\u00fdlety nebo jak\u00e1koli cestovn\u00ed dobrodru\u017estv\u00ed, a proto je mus\u00edte m\u00edt, abyste z\u016fstali v suchu a pohodl\u00ed. Jejich univerz\u00e1ln\u00ed design se d\u00e1 kompaktn\u011b slo\u017eit, tak\u017ee je snadno ulo\u017e\u00edte do p\u0159ihr\u00e1dky v aut\u011b nebo do cestovn\u00ed ta\u0161ky. Nenechte si zkazit n\u00e1ladu ani oble\u010den\u00ed - po\u0159i\u010fte si jedno z t\u011bchto nepostradateln\u00fdch pon\u010d a vydejte se vst\u0159\u00edc de\u0161ti!<\/p>","protected":false},"excerpt":{"rendered":"<p>Brave the rain with ease using our Emergency Waterproof Poncho, your perfect companion for unexpected downpours! These ponchos are made from lightweight, plastic material, offering instant shelter from the rain. Ideal for outdoor events, hikes, or any travel adventure, they&#8217;re a must-have for staying dry and comfortable. Their one-size-fits-all design folds compactly, making it simple [&#8230;]","protected":false},"featured_media":15586,"template":"","meta":[],"product_brand":[],"product_cat":[206,15,217,205,413],"product_tag":[],"class_list":{"0":"post-15593","1":"product","2":"type-product","3":"status-publish","4":"has-post-thumbnail","6":"product_cat-emergency-poncho","7":"product_cat-main-category","8":"product_cat-plastic-poncho","9":"product_cat-rain-poncho","10":"product_cat-hiking-poncho","12":"first","13":"instock","14":"shipping-taxable","15":"purchasable","16":"product-type-variable"},"yoast_head":"<!-- This site is optimized with the Yoast SEO plugin v25.9 - https:\/\/yoast.com\/wordpress\/plugins\/seo\/ -->\n<title>Emergency Poncho Pack (1-20 pcs) | \u010cesk\u00e1 republika #1 Poncho Shop<\/title>\n<meta name=\"description\" content=\"Looking for a Emergency Poncho Pack (1-20 pcs) ? You&#039;ve come to the right place \ud83d\ude04 We offers a wide selection of Emergency Poncho Pack (1-20 pcs), perfect for you.\" \/>\n<meta name=\"robots\" content=\"index, follow, max-snippet:-1, max-image-preview:large, max-video-preview:-1\" \/>\n<link rel=\"canonical\" href=\"https:\/\/ozponcho.com.au\/cs\/p\/ochranny-kryt-proti-desti-pro-dospele\/\" \/>\n<meta property=\"og:locale\" content=\"cs_CZ\" \/>\n<meta property=\"og:type\" content=\"article\" \/>\n<meta property=\"og:title\" content=\"Emergency Poncho Pack (1-20 pcs) | \u010cesk\u00e1 republika #1 Poncho Shop\" \/>\n<meta property=\"og:description\" content=\"Looking for a Emergency Poncho Pack (1-20 pcs) ? You&#039;ve come to the right place \ud83d\ude04 We offers a wide selection of Emergency Poncho Pack (1-20 pcs), perfect for you.\" \/>\n<meta property=\"og:url\" content=\"https:\/\/ozponcho.com.au\/cs\/p\/ochranny-kryt-proti-desti-pro-dospele\/\" \/>\n<meta property=\"og:site_name\" content=\"OZ Poncho\" \/>\n<meta property=\"article:modified_time\" content=\"2025-03-05T01:21:15+00:00\" \/>\n<meta property=\"og:image\" content=\"https:\/\/ozponcho.com.au\/wp-content\/uploads\/2023\/12\/H9d705b7d30e04a1fa7cd8c55f2d91f6at-1.webp\" \/>\n\t<meta property=\"og:image:width\" content=\"632\" \/>\n\t<meta property=\"og:image:height\" content=\"632\" \/>\n\t<meta property=\"og:image:type\" content=\"image\/webp\" \/>\n<meta name=\"twitter:card\" content=\"summary_large_image\" \/>\n<meta name=\"twitter:label1\" content=\"Odhadovan\u00e1 doba \u010dten\u00ed\" \/>\n\t<meta name=\"twitter:data1\" content=\"1 minuta\" \/>\n<script type=\"application\/ld+json\" class=\"yoast-schema-graph\">{\"@context\":\"https:\/\/schema.org\",\"@graph\":[{\"@type\":\"WebPage\",\"@id\":\"https:\/\/ozponcho.com.au\/p\/adult-rain-protection-cover\/\",\"url\":\"https:\/\/ozponcho.com.au\/p\/adult-rain-protection-cover\/\",\"name\":\"Emergency Poncho Pack (1-20 pcs) | \u010cesk\u00e1 republika #1 Poncho Shop\",\"isPartOf\":{\"@id\":\"https:\/\/ozponcho.com.au\/#website\"},\"primaryImageOfPage\":{\"@id\":\"https:\/\/ozponcho.com.au\/p\/adult-rain-protection-cover\/#primaryimage\"},\"image\":{\"@id\":\"https:\/\/ozponcho.com.au\/p\/adult-rain-protection-cover\/#primaryimage\"},\"thumbnailUrl\":\"https:\/\/ozponcho.com.au\/wp-content\/uploads\/2023\/12\/H9d705b7d30e04a1fa7cd8c55f2d91f6at-1.webp\",\"datePublished\":\"2023-12-30T11:31:43+00:00\",\"dateModified\":\"2025-03-05T01:21:15+00:00\",\"description\":\"Looking for a Emergency Poncho Pack (1-20 pcs) ? You've come to the right place \ud83d\ude04 We offers a wide selection of Emergency Poncho Pack (1-20 pcs), perfect for you.\",\"breadcrumb\":{\"@id\":\"https:\/\/ozponcho.com.au\/p\/adult-rain-protection-cover\/#breadcrumb\"},\"inLanguage\":\"cs\",\"potentialAction\":[{\"@type\":\"ReadAction\",\"target\":[\"https:\/\/ozponcho.com.au\/p\/adult-rain-protection-cover\/\"]}]},{\"@type\":\"ImageObject\",\"inLanguage\":\"cs\",\"@id\":\"https:\/\/ozponcho.com.au\/p\/adult-rain-protection-cover\/#primaryimage\",\"url\":\"https:\/\/ozponcho.com.au\/wp-content\/uploads\/2023\/12\/H9d705b7d30e04a1fa7cd8c55f2d91f6at-1.webp\",\"contentUrl\":\"https:\/\/ozponcho.com.au\/wp-content\/uploads\/2023\/12\/H9d705b7d30e04a1fa7cd8c55f2d91f6at-1.webp\",\"width\":632,\"height\":632,\"caption\":\"Emergency Poncho Pack (1-20 pcs)\"},{\"@type\":\"BreadcrumbList\",\"@id\":\"https:\/\/ozponcho.com.au\/p\/adult-rain-protection-cover\/#breadcrumb\",\"itemListElement\":[{\"@type\":\"ListItem\",\"position\":1,\"name\":\"Home\",\"item\":\"https:\/\/ozponcho.com.au\/\"},{\"@type\":\"ListItem\",\"position\":2,\"name\":\"Shop\",\"item\":\"https:\/\/ozponcho.com.au\/shop\/\"},{\"@type\":\"ListItem\",\"position\":3,\"name\":\"Emergency Poncho Pack (1-20 pcs)\"}]},{\"@type\":\"WebSite\",\"@id\":\"https:\/\/ozponcho.com.au\/#website\",\"url\":\"https:\/\/ozponcho.com.au\/\",\"name\":\"OZ Poncho\",\"description\":\"\",\"potentialAction\":[{\"@type\":\"SearchAction\",\"target\":{\"@type\":\"EntryPoint\",\"urlTemplate\":\"https:\/\/ozponcho.com.au\/?s={search_term_string}\"},\"query-input\":{\"@type\":\"PropertyValueSpecification\",\"valueRequired\":true,\"valueName\":\"search_term_string\"}}],\"inLanguage\":\"cs\"}]}<\/script>\n<!-- \/ Yoast SEO plugin. -->","yoast_head_json":{"title":"Nouzov\u00e9 pon\u010do (1-20 ks) | \u010cesk\u00e1 republika #1 Poncho Shop","description":"Hled\u00e1te nouzov\u00e9 pon\u010do (1-20 ks) ? Jste na spr\u00e1vn\u00e9m m\u00edst\u011b \ud83d\ude04 Nab\u00edz\u00edme \u0161irok\u00fd v\u00fdb\u011br nouzov\u00fdch pon\u010do bal\u00ed\u010dk\u016f (1-20 ks), kter\u00e9 jsou pro v\u00e1s ide\u00e1ln\u00ed.","robots":{"index":"index","follow":"follow","max-snippet":"max-snippet:-1","max-image-preview":"max-image-preview:large","max-video-preview":"max-video-preview:-1"},"canonical":"https:\/\/ozponcho.com.au\/cs\/p\/ochranny-kryt-proti-desti-pro-dospele\/","og_locale":"cs_CZ","og_type":"article","og_title":"Emergency Poncho Pack (1-20 pcs) | \u010cesk\u00e1 republika #1 Poncho Shop","og_description":"Looking for a Emergency Poncho Pack (1-20 pcs) ? You've come to the right place \ud83d\ude04 We offers a wide selection of Emergency Poncho Pack (1-20 pcs), perfect for you.","og_url":"https:\/\/ozponcho.com.au\/cs\/p\/ochranny-kryt-proti-desti-pro-dospele\/","og_site_name":"OZ Poncho","article_modified_time":"2025-03-05T01:21:15+00:00","og_image":[{"width":632,"height":632,"url":"https:\/\/ozponcho.com.au\/wp-content\/uploads\/2023\/12\/H9d705b7d30e04a1fa7cd8c55f2d91f6at-1.webp","type":"image\/webp"}],"twitter_card":"summary_large_image","twitter_misc":{"Odhadovan\u00e1 doba \u010dten\u00ed":"1 minuta"},"schema":{"@context":"https:\/\/schema.org","@graph":[{"@type":"WebPage","@id":"https:\/\/ozponcho.com.au\/p\/adult-rain-protection-cover\/","url":"https:\/\/ozponcho.com.au\/p\/adult-rain-protection-cover\/","name":"Nouzov\u00e9 pon\u010do (1-20 ks) | \u010cesk\u00e1 republika #1 Poncho Shop","isPartOf":{"@id":"https:\/\/ozponcho.com.au\/#website"},"primaryImageOfPage":{"@id":"https:\/\/ozponcho.com.au\/p\/adult-rain-protection-cover\/#primaryimage"},"image":{"@id":"https:\/\/ozponcho.com.au\/p\/adult-rain-protection-cover\/#primaryimage"},"thumbnailUrl":"https:\/\/ozponcho.com.au\/wp-content\/uploads\/2023\/12\/H9d705b7d30e04a1fa7cd8c55f2d91f6at-1.webp","datePublished":"2023-12-30T11:31:43+00:00","dateModified":"2025-03-05T01:21:15+00:00","description":"Hled\u00e1te nouzov\u00e9 pon\u010do (1-20 ks) ? Jste na spr\u00e1vn\u00e9m m\u00edst\u011b \ud83d\ude04 Nab\u00edz\u00edme \u0161irok\u00fd v\u00fdb\u011br nouzov\u00fdch pon\u010do bal\u00ed\u010dk\u016f (1-20 ks), kter\u00e9 jsou pro v\u00e1s ide\u00e1ln\u00ed.","breadcrumb":{"@id":"https:\/\/ozponcho.com.au\/p\/adult-rain-protection-cover\/#breadcrumb"},"inLanguage":"cs","potentialAction":[{"@type":"ReadAction","target":["https:\/\/ozponcho.com.au\/p\/adult-rain-protection-cover\/"]}]},{"@type":"ImageObject","inLanguage":"cs","@id":"https:\/\/ozponcho.com.au\/p\/adult-rain-protection-cover\/#primaryimage","url":"https:\/\/ozponcho.com.au\/wp-content\/uploads\/2023\/12\/H9d705b7d30e04a1fa7cd8c55f2d91f6at-1.webp","contentUrl":"https:\/\/ozponcho.com.au\/wp-content\/uploads\/2023\/12\/H9d705b7d30e04a1fa7cd8c55f2d91f6at-1.webp","width":632,"height":632,"caption":"Emergency Poncho Pack (1-20 pcs)"},{"@type":"BreadcrumbList","@id":"https:\/\/ozponcho.com.au\/p\/adult-rain-protection-cover\/#breadcrumb","itemListElement":[{"@type":"ListItem","position":1,"name":"Home","item":"https:\/\/ozponcho.com.au\/"},{"@type":"ListItem","position":2,"name":"Shop","item":"https:\/\/ozponcho.com.au\/shop\/"},{"@type":"ListItem","position":3,"name":"Emergency Poncho Pack (1-20 pcs)"}]},{"@type":"WebSite","@id":"https:\/\/ozponcho.com.au\/#website","url":"https:\/\/ozponcho.com.au\/","name":"OZ Poncho","description":"","potentialAction":[{"@type":"SearchAction","target":{"@type":"EntryPoint","urlTemplate":"https:\/\/ozponcho.com.au\/?s={search_term_string}"},"query-input":{"@type":"PropertyValueSpecification","valueRequired":true,"valueName":"search_term_string"}}],"inLanguage":"cs"}]}},"_links":{"self":[{"href":"https:\/\/ozponcho.com.au\/cs\/wp-json\/wp\/v2\/product\/15593","targetHints":{"allow":["GET"]}}],"collection":[{"href":"https:\/\/ozponcho.com.au\/cs\/wp-json\/wp\/v2\/product"}],"about":[{"href":"https:\/\/ozponcho.com.au\/cs\/wp-json\/wp\/v2\/types\/product"}],"wp:featuredmedia":[{"embeddable":true,"href":"https:\/\/ozponcho.com.au\/cs\/wp-json\/wp\/v2\/media\/15586"}],"wp:attachment":[{"href":"https:\/\/ozponcho.com.au\/cs\/wp-json\/wp\/v2\/media?parent=15593"}],"wp:term":[{"taxonomy":"product_brand","embeddable":true,"href":"https:\/\/ozponcho.com.au\/cs\/wp-json\/wp\/v2\/product_brand?post=15593"},{"taxonomy":"product_cat","embeddable":true,"href":"https:\/\/ozponcho.com.au\/cs\/wp-json\/wp\/v2\/product_cat?post=15593"},{"taxonomy":"product_tag","embeddable":true,"href":"https:\/\/ozponcho.com.au\/cs\/wp-json\/wp\/v2\/product_tag?post=15593"}],"curies":[{"name":"wp","href":"https:\/\/api.w.org\/{rel}","templated":true}]}}