{"id":15259,"date":"2023-12-30T22:22:37","date_gmt":"2023-12-30T11:22:37","guid":{"rendered":"https:\/\/ozponcho.com.au\/?post_type=product&#038;p=15259"},"modified":"2025-08-10T14:03:20","modified_gmt":"2025-08-10T03:03:20","slug":"children-rainproof-hooded-cape-2","status":"publish","type":"product","link":"https:\/\/ozponcho.com.au\/cs\/p\/detska-plastenka-s-kapuci-odolna-proti-desti-2\/","title":{"rendered":"D\u011btsk\u00e1 nepromokav\u00e1 bunda Poncho"},"content":{"rendered":"<p>Vydejte se vst\u0159\u00edc dobrodru\u017estv\u00ed s na\u0161\u00ed d\u011btskou nepromokavou bundou Poncho! Toto pon\u010do se z\u00e1\u0159iv\u011b modr\u00fdm hv\u011bzdi\u010dkov\u00fdm vzorem s klikat\u00fdm designem prom\u011bn\u00ed de\u0161tiv\u00fd den ve stylov\u00fd z\u00e1\u017eitek pro va\u0161e d\u00edt\u011b. Je ide\u00e1ln\u00ed pro venkovn\u00ed aktivity, jako je nap\u0159\u00edklad turistika, a jeho odoln\u00e1 plastov\u00e1 konstrukce zajist\u00ed, \u017ee va\u0161e d\u00edt\u011b z\u016fstane v suchu a spokojen\u00e9. Lehk\u00fd materi\u00e1l a proveden\u00ed s kapuc\u00ed poskytuj\u00ed pohodl\u00ed i kryt\u00ed, tak\u017ee je nezbytnou sou\u010d\u00e1st\u00ed ka\u017ed\u00e9ho \u0161atn\u00edku p\u0159ipraven\u00e9ho na nep\u0159\u00edze\u0148 po\u010das\u00ed. Nenechte d\u00e9\u0161\u0165 zkazit z\u00e1bavu - vybavte sv\u00e9 d\u00edt\u011b t\u00edmto stylov\u00fdm oble\u010den\u00edm do de\u0161t\u011b!<\/p>\n<h2>SPECIFIKACE<\/h2>\n<p>Materi\u00e1l: Plast<\/p>\n<p>V\u011bkov\u00e1 skupina: D\u011bti<\/p>\n<p>Pohlav\u00ed: Chlapci a d\u00edvky<\/p>\n<p>Typ: Pl\u00e1\u0161t\u011bnka<\/p>\n<p><img decoding=\"async\" class=\"alignnone size-full wp-image-17234\" src=\"https:\/\/ozponcho.com.au\/wp-content\/uploads\/2023\/12\/Screenshot-2024-01-17-at-17.12.02.png\" alt=\"Tabulka velikost\u00ed d\u011btsk\u00e9ho oble\u010den\u00ed\" width=\"1524\" height=\"408\" srcset=\"https:\/\/ozponcho.com.au\/wp-content\/uploads\/2023\/12\/Screenshot-2024-01-17-at-17.12.02.png 1524w, https:\/\/ozponcho.com.au\/wp-content\/uploads\/2023\/12\/Screenshot-2024-01-17-at-17.12.02-1020x273.png 1020w, https:\/\/ozponcho.com.au\/wp-content\/uploads\/2023\/12\/Screenshot-2024-01-17-at-17.12.02-300x80.png 300w, https:\/\/ozponcho.com.au\/wp-content\/uploads\/2023\/12\/Screenshot-2024-01-17-at-17.12.02-1024x274.png 1024w, https:\/\/ozponcho.com.au\/wp-content\/uploads\/2023\/12\/Screenshot-2024-01-17-at-17.12.02-768x206.png 768w\" sizes=\"(max-width: 1524px) 100vw, 1524px\" \/><\/p>\n<p><img decoding=\"async\" class=\"alignnone size-full wp-image-16947\" src=\"https:\/\/ozponcho.com.au\/wp-content\/uploads\/2023\/12\/S8d969f6d0b7a42f5beb2a4fdb06efb7f9-47.webp\" alt=\"D\u011btsk\u00e1 pl\u00e1\u0161t\u011bnka Cute\" width=\"800\" height=\"800\" srcset=\"https:\/\/ozponcho.com.au\/wp-content\/uploads\/2023\/12\/S8d969f6d0b7a42f5beb2a4fdb06efb7f9-47.webp 800w, https:\/\/ozponcho.com.au\/wp-content\/uploads\/2023\/12\/S8d969f6d0b7a42f5beb2a4fdb06efb7f9-47-100x100.webp 100w, https:\/\/ozponcho.com.au\/wp-content\/uploads\/2023\/12\/S8d969f6d0b7a42f5beb2a4fdb06efb7f9-47-300x300.webp 300w, https:\/\/ozponcho.com.au\/wp-content\/uploads\/2023\/12\/S8d969f6d0b7a42f5beb2a4fdb06efb7f9-47-150x150.webp 150w, https:\/\/ozponcho.com.au\/wp-content\/uploads\/2023\/12\/S8d969f6d0b7a42f5beb2a4fdb06efb7f9-47-768x768.webp 768w, https:\/\/ozponcho.com.au\/wp-content\/uploads\/2023\/12\/S8d969f6d0b7a42f5beb2a4fdb06efb7f9-47-510x510.webp 510w\" sizes=\"(max-width: 800px) 100vw, 800px\" \/><\/p>","protected":false},"excerpt":{"rendered":"<p>Splash into adventure with our Kids Waterproof Poncho Jacket! Featuring a vibrant blue star pattern with a zigzag design, this poncho turns a rainy day into a style statement for your little one. Perfect for outdoor activities like hiking, its durable plastic construction ensures your child stays dry and happy. The lightweight material and hooded [&#8230;]","protected":false},"featured_media":15258,"template":"","meta":[],"product_brand":[],"product_cat":[223,227,15,217,212,205],"product_tag":[],"class_list":{"0":"post-15259","1":"product","2":"type-product","3":"status-publish","4":"has-post-thumbnail","6":"product_cat-blue-poncho","7":"product_cat-hooded-poncho","8":"product_cat-main-category","9":"product_cat-plastic-poncho","10":"product_cat-poncho-kid","11":"product_cat-rain-poncho","13":"first","14":"instock","15":"shipping-taxable","16":"purchasable","17":"product-type-variable"},"yoast_head":"<!-- This site is optimized with the Yoast SEO plugin v25.9 - https:\/\/yoast.com\/wordpress\/plugins\/seo\/ -->\n<title>Kids Waterproof Poncho Jacket | \u010cesk\u00e1 republika #1 Poncho Shop<\/title>\n<meta name=\"description\" content=\"Looking for a Kids Waterproof Poncho Jacket ? You&#039;ve come to the right place \ud83d\ude04 We offers a wide selection of Kids Waterproof Poncho Jacket, perfect for you.\" \/>\n<meta name=\"robots\" content=\"index, follow, max-snippet:-1, max-image-preview:large, max-video-preview:-1\" \/>\n<link rel=\"canonical\" href=\"https:\/\/ozponcho.com.au\/cs\/p\/detska-plastenka-s-kapuci-odolna-proti-desti-2\/\" \/>\n<meta property=\"og:locale\" content=\"cs_CZ\" \/>\n<meta property=\"og:type\" content=\"article\" \/>\n<meta property=\"og:title\" content=\"Kids Waterproof Poncho Jacket | \u010cesk\u00e1 republika #1 Poncho Shop\" \/>\n<meta property=\"og:description\" content=\"Looking for a Kids Waterproof Poncho Jacket ? You&#039;ve come to the right place \ud83d\ude04 We offers a wide selection of Kids Waterproof Poncho Jacket, perfect for you.\" \/>\n<meta property=\"og:url\" content=\"https:\/\/ozponcho.com.au\/cs\/p\/detska-plastenka-s-kapuci-odolna-proti-desti-2\/\" \/>\n<meta property=\"og:site_name\" content=\"OZ Poncho\" \/>\n<meta property=\"article:modified_time\" content=\"2025-08-10T03:03:20+00:00\" \/>\n<meta property=\"og:image\" content=\"https:\/\/ozponcho.com.au\/wp-content\/uploads\/2023\/12\/S9b52d5cc0ac24808af4f6d225ee839edS.webp\" \/>\n\t<meta property=\"og:image:width\" content=\"1920\" \/>\n\t<meta property=\"og:image:height\" content=\"1920\" \/>\n\t<meta property=\"og:image:type\" content=\"image\/webp\" \/>\n<meta name=\"twitter:card\" content=\"summary_large_image\" \/>\n<meta name=\"twitter:label1\" content=\"Odhadovan\u00e1 doba \u010dten\u00ed\" \/>\n\t<meta name=\"twitter:data1\" content=\"2 minuty\" \/>\n<script type=\"application\/ld+json\" class=\"yoast-schema-graph\">{\"@context\":\"https:\/\/schema.org\",\"@graph\":[{\"@type\":\"WebPage\",\"@id\":\"https:\/\/ozponcho.com.au\/p\/children-rainproof-hooded-cape-2\/\",\"url\":\"https:\/\/ozponcho.com.au\/p\/children-rainproof-hooded-cape-2\/\",\"name\":\"Kids Waterproof Poncho Jacket | \u010cesk\u00e1 republika #1 Poncho Shop\",\"isPartOf\":{\"@id\":\"https:\/\/ozponcho.com.au\/#website\"},\"primaryImageOfPage\":{\"@id\":\"https:\/\/ozponcho.com.au\/p\/children-rainproof-hooded-cape-2\/#primaryimage\"},\"image\":{\"@id\":\"https:\/\/ozponcho.com.au\/p\/children-rainproof-hooded-cape-2\/#primaryimage\"},\"thumbnailUrl\":\"https:\/\/ozponcho.com.au\/wp-content\/uploads\/2023\/12\/S9b52d5cc0ac24808af4f6d225ee839edS.webp\",\"datePublished\":\"2023-12-30T11:22:37+00:00\",\"dateModified\":\"2025-08-10T03:03:20+00:00\",\"description\":\"Looking for a Kids Waterproof Poncho Jacket ? You've come to the right place \ud83d\ude04 We offers a wide selection of Kids Waterproof Poncho Jacket, perfect for you.\",\"breadcrumb\":{\"@id\":\"https:\/\/ozponcho.com.au\/p\/children-rainproof-hooded-cape-2\/#breadcrumb\"},\"inLanguage\":\"cs\",\"potentialAction\":[{\"@type\":\"ReadAction\",\"target\":[\"https:\/\/ozponcho.com.au\/p\/children-rainproof-hooded-cape-2\/\"]}]},{\"@type\":\"ImageObject\",\"inLanguage\":\"cs\",\"@id\":\"https:\/\/ozponcho.com.au\/p\/children-rainproof-hooded-cape-2\/#primaryimage\",\"url\":\"https:\/\/ozponcho.com.au\/wp-content\/uploads\/2023\/12\/S9b52d5cc0ac24808af4f6d225ee839edS.webp\",\"contentUrl\":\"https:\/\/ozponcho.com.au\/wp-content\/uploads\/2023\/12\/S9b52d5cc0ac24808af4f6d225ee839edS.webp\",\"width\":1920,\"height\":1920,\"caption\":\"Kids Waterproof Poncho Jacket\"},{\"@type\":\"BreadcrumbList\",\"@id\":\"https:\/\/ozponcho.com.au\/p\/children-rainproof-hooded-cape-2\/#breadcrumb\",\"itemListElement\":[{\"@type\":\"ListItem\",\"position\":1,\"name\":\"Home\",\"item\":\"https:\/\/ozponcho.com.au\/\"},{\"@type\":\"ListItem\",\"position\":2,\"name\":\"Shop\",\"item\":\"https:\/\/ozponcho.com.au\/shop\/\"},{\"@type\":\"ListItem\",\"position\":3,\"name\":\"Kids Waterproof Poncho Jacket\"}]},{\"@type\":\"WebSite\",\"@id\":\"https:\/\/ozponcho.com.au\/#website\",\"url\":\"https:\/\/ozponcho.com.au\/\",\"name\":\"OZ Poncho\",\"description\":\"\",\"potentialAction\":[{\"@type\":\"SearchAction\",\"target\":{\"@type\":\"EntryPoint\",\"urlTemplate\":\"https:\/\/ozponcho.com.au\/?s={search_term_string}\"},\"query-input\":{\"@type\":\"PropertyValueSpecification\",\"valueRequired\":true,\"valueName\":\"search_term_string\"}}],\"inLanguage\":\"cs\"}]}<\/script>\n<!-- \/ Yoast SEO plugin. -->","yoast_head_json":{"title":"D\u011btsk\u00e1 nepromokav\u00e1 bunda Poncho | \u010cesk\u00e1 republika #1 Poncho Shop","description":"Hled\u00e1te d\u011btskou nepromokavou bundu Poncho ? Jste na spr\u00e1vn\u00e9m m\u00edst\u011b \ud83d\ude04 Nab\u00edz\u00edme \u0161irok\u00fd v\u00fdb\u011br d\u011btsk\u00fdch nepromokav\u00fdch bund Poncho, kter\u00e9 jsou pro v\u00e1s ide\u00e1ln\u00ed.","robots":{"index":"index","follow":"follow","max-snippet":"max-snippet:-1","max-image-preview":"max-image-preview:large","max-video-preview":"max-video-preview:-1"},"canonical":"https:\/\/ozponcho.com.au\/cs\/p\/detska-plastenka-s-kapuci-odolna-proti-desti-2\/","og_locale":"cs_CZ","og_type":"article","og_title":"Kids Waterproof Poncho Jacket | \u010cesk\u00e1 republika #1 Poncho Shop","og_description":"Looking for a Kids Waterproof Poncho Jacket ? You've come to the right place \ud83d\ude04 We offers a wide selection of Kids Waterproof Poncho Jacket, perfect for you.","og_url":"https:\/\/ozponcho.com.au\/cs\/p\/detska-plastenka-s-kapuci-odolna-proti-desti-2\/","og_site_name":"OZ Poncho","article_modified_time":"2025-08-10T03:03:20+00:00","og_image":[{"width":1920,"height":1920,"url":"https:\/\/ozponcho.com.au\/wp-content\/uploads\/2023\/12\/S9b52d5cc0ac24808af4f6d225ee839edS.webp","type":"image\/webp"}],"twitter_card":"summary_large_image","twitter_misc":{"Odhadovan\u00e1 doba \u010dten\u00ed":"2 minuty"},"schema":{"@context":"https:\/\/schema.org","@graph":[{"@type":"WebPage","@id":"https:\/\/ozponcho.com.au\/p\/children-rainproof-hooded-cape-2\/","url":"https:\/\/ozponcho.com.au\/p\/children-rainproof-hooded-cape-2\/","name":"D\u011btsk\u00e1 nepromokav\u00e1 bunda Poncho | \u010cesk\u00e1 republika #1 Poncho Shop","isPartOf":{"@id":"https:\/\/ozponcho.com.au\/#website"},"primaryImageOfPage":{"@id":"https:\/\/ozponcho.com.au\/p\/children-rainproof-hooded-cape-2\/#primaryimage"},"image":{"@id":"https:\/\/ozponcho.com.au\/p\/children-rainproof-hooded-cape-2\/#primaryimage"},"thumbnailUrl":"https:\/\/ozponcho.com.au\/wp-content\/uploads\/2023\/12\/S9b52d5cc0ac24808af4f6d225ee839edS.webp","datePublished":"2023-12-30T11:22:37+00:00","dateModified":"2025-08-10T03:03:20+00:00","description":"Hled\u00e1te d\u011btskou nepromokavou bundu Poncho ? Jste na spr\u00e1vn\u00e9m m\u00edst\u011b \ud83d\ude04 Nab\u00edz\u00edme \u0161irok\u00fd v\u00fdb\u011br d\u011btsk\u00fdch nepromokav\u00fdch bund Poncho, kter\u00e9 jsou pro v\u00e1s ide\u00e1ln\u00ed.","breadcrumb":{"@id":"https:\/\/ozponcho.com.au\/p\/children-rainproof-hooded-cape-2\/#breadcrumb"},"inLanguage":"cs","potentialAction":[{"@type":"ReadAction","target":["https:\/\/ozponcho.com.au\/p\/children-rainproof-hooded-cape-2\/"]}]},{"@type":"ImageObject","inLanguage":"cs","@id":"https:\/\/ozponcho.com.au\/p\/children-rainproof-hooded-cape-2\/#primaryimage","url":"https:\/\/ozponcho.com.au\/wp-content\/uploads\/2023\/12\/S9b52d5cc0ac24808af4f6d225ee839edS.webp","contentUrl":"https:\/\/ozponcho.com.au\/wp-content\/uploads\/2023\/12\/S9b52d5cc0ac24808af4f6d225ee839edS.webp","width":1920,"height":1920,"caption":"Kids Waterproof Poncho Jacket"},{"@type":"BreadcrumbList","@id":"https:\/\/ozponcho.com.au\/p\/children-rainproof-hooded-cape-2\/#breadcrumb","itemListElement":[{"@type":"ListItem","position":1,"name":"Home","item":"https:\/\/ozponcho.com.au\/"},{"@type":"ListItem","position":2,"name":"Shop","item":"https:\/\/ozponcho.com.au\/shop\/"},{"@type":"ListItem","position":3,"name":"Kids Waterproof Poncho Jacket"}]},{"@type":"WebSite","@id":"https:\/\/ozponcho.com.au\/#website","url":"https:\/\/ozponcho.com.au\/","name":"OZ Poncho","description":"","potentialAction":[{"@type":"SearchAction","target":{"@type":"EntryPoint","urlTemplate":"https:\/\/ozponcho.com.au\/?s={search_term_string}"},"query-input":{"@type":"PropertyValueSpecification","valueRequired":true,"valueName":"search_term_string"}}],"inLanguage":"cs"}]}},"_links":{"self":[{"href":"https:\/\/ozponcho.com.au\/cs\/wp-json\/wp\/v2\/product\/15259","targetHints":{"allow":["GET"]}}],"collection":[{"href":"https:\/\/ozponcho.com.au\/cs\/wp-json\/wp\/v2\/product"}],"about":[{"href":"https:\/\/ozponcho.com.au\/cs\/wp-json\/wp\/v2\/types\/product"}],"wp:featuredmedia":[{"embeddable":true,"href":"https:\/\/ozponcho.com.au\/cs\/wp-json\/wp\/v2\/media\/15258"}],"wp:attachment":[{"href":"https:\/\/ozponcho.com.au\/cs\/wp-json\/wp\/v2\/media?parent=15259"}],"wp:term":[{"taxonomy":"product_brand","embeddable":true,"href":"https:\/\/ozponcho.com.au\/cs\/wp-json\/wp\/v2\/product_brand?post=15259"},{"taxonomy":"product_cat","embeddable":true,"href":"https:\/\/ozponcho.com.au\/cs\/wp-json\/wp\/v2\/product_cat?post=15259"},{"taxonomy":"product_tag","embeddable":true,"href":"https:\/\/ozponcho.com.au\/cs\/wp-json\/wp\/v2\/product_tag?post=15259"}],"curies":[{"name":"wp","href":"https:\/\/api.w.org\/{rel}","templated":true}]}}