{"id":15238,"date":"2023-12-30T22:22:13","date_gmt":"2023-12-30T11:22:13","guid":{"rendered":"https:\/\/ozponcho.com.au\/?post_type=product&#038;p=15238"},"modified":"2024-03-08T16:26:43","modified_gmt":"2024-03-08T05:26:43","slug":"childrens-hooded-beach-capes","status":"publish","type":"product","link":"https:\/\/ozponcho.com.au\/cs\/p\/childrens-hooded-beach-capes\/","title":{"rendered":"D\u011btsk\u00e9 kreslen\u00e9 pon\u010do ru\u010dn\u00edky"},"content":{"rendered":"<p>Make bath time and beach days a blast with our Kids Cartoon Poncho Towels! Crafted for comfort and designed to delight, these hooded poncho towels are the perfect companions for your child&#8217;s aquatic adventures. Their ultra-soft microfiber cotton blend ensures quick drying and a cozy embrace, while vibrant colors and charming character designs spark joy and imagination. Lightweight and portable, these ponchos foster independence, allowing little ones to easily slip them on and off. Dive into fun with these must-have towels that promise to keep your kids snug and smiling!<\/p>\n<h2>SPECIFIKACE<\/h2>\n<p>Technika: Bavlna: \u010desan\u00e1 bavlna<\/p>\n<p>P\u016fvod: \u010c\u00edna: pevninsk\u00e1 \u010c\u00edna<\/p>","protected":false},"excerpt":{"rendered":"<p>Make bath time and beach days a blast with our Kids Cartoon Poncho Towels! Crafted for comfort and designed to delight, these hooded poncho towels are the perfect companions for your child&#8217;s aquatic adventures. Their ultra-soft microfiber cotton blend ensures quick drying and a cozy embrace, while vibrant colors and charming character designs spark joy [&#8230;]","protected":false},"featured_media":15237,"template":"","meta":[],"product_brand":[],"product_cat":[15,222,213,212,208],"product_tag":[],"class_list":{"0":"post-15238","1":"product","2":"type-product","3":"status-publish","4":"has-post-thumbnail","6":"product_cat-main-category","7":"product_cat-pink-poncho","8":"product_cat-poncho-baby","9":"product_cat-poncho-kid","10":"product_cat-surf-poncho","12":"first","13":"instock","14":"shipping-taxable","15":"purchasable","16":"product-type-variable"},"yoast_head":"<!-- This site is optimized with the Yoast SEO plugin v25.9 - https:\/\/yoast.com\/wordpress\/plugins\/seo\/ -->\n<title>Kids Cartoon Poncho Towels | \u010cesk\u00e1 republika #1 Poncho Shop<\/title>\n<meta name=\"description\" content=\"Looking for a Kids Cartoon Poncho Towels ? You&#039;ve come to the right place \ud83d\ude04 We offers a wide selection of Kids Cartoon Poncho Towels, perfect for you.\" \/>\n<meta name=\"robots\" content=\"index, follow, max-snippet:-1, max-image-preview:large, max-video-preview:-1\" \/>\n<link rel=\"canonical\" href=\"https:\/\/ozponcho.com.au\/cs\/p\/childrens-hooded-beach-capes\/\" \/>\n<meta property=\"og:locale\" content=\"cs_CZ\" \/>\n<meta property=\"og:type\" content=\"article\" \/>\n<meta property=\"og:title\" content=\"Kids Cartoon Poncho Towels | \u010cesk\u00e1 republika #1 Poncho Shop\" \/>\n<meta property=\"og:description\" content=\"Looking for a Kids Cartoon Poncho Towels ? You&#039;ve come to the right place \ud83d\ude04 We offers a wide selection of Kids Cartoon Poncho Towels, perfect for you.\" \/>\n<meta property=\"og:url\" content=\"https:\/\/ozponcho.com.au\/cs\/p\/childrens-hooded-beach-capes\/\" \/>\n<meta property=\"og:site_name\" content=\"OZ Poncho\" \/>\n<meta property=\"article:modified_time\" content=\"2024-03-08T05:26:43+00:00\" \/>\n<meta property=\"og:image\" content=\"https:\/\/ozponcho.com.au\/wp-content\/uploads\/2023\/12\/Sc5eb7cbb4561444d9a4450b9c2d513e2i.webp\" \/>\n\t<meta property=\"og:image:width\" content=\"800\" \/>\n\t<meta property=\"og:image:height\" content=\"800\" \/>\n\t<meta property=\"og:image:type\" content=\"image\/webp\" \/>\n<meta name=\"twitter:card\" content=\"summary_large_image\" \/>\n<meta name=\"twitter:label1\" content=\"Odhadovan\u00e1 doba \u010dten\u00ed\" \/>\n\t<meta name=\"twitter:data1\" content=\"1 minuta\" \/>\n<script type=\"application\/ld+json\" class=\"yoast-schema-graph\">{\"@context\":\"https:\/\/schema.org\",\"@graph\":[{\"@type\":\"WebPage\",\"@id\":\"https:\/\/ozponcho.com.au\/p\/childrens-hooded-beach-capes\/\",\"url\":\"https:\/\/ozponcho.com.au\/p\/childrens-hooded-beach-capes\/\",\"name\":\"Kids Cartoon Poncho Towels | \u010cesk\u00e1 republika #1 Poncho Shop\",\"isPartOf\":{\"@id\":\"https:\/\/ozponcho.com.au\/#website\"},\"primaryImageOfPage\":{\"@id\":\"https:\/\/ozponcho.com.au\/p\/childrens-hooded-beach-capes\/#primaryimage\"},\"image\":{\"@id\":\"https:\/\/ozponcho.com.au\/p\/childrens-hooded-beach-capes\/#primaryimage\"},\"thumbnailUrl\":\"https:\/\/ozponcho.com.au\/wp-content\/uploads\/2023\/12\/Sc5eb7cbb4561444d9a4450b9c2d513e2i.webp\",\"datePublished\":\"2023-12-30T11:22:13+00:00\",\"dateModified\":\"2024-03-08T05:26:43+00:00\",\"description\":\"Looking for a Kids Cartoon Poncho Towels ? You've come to the right place \ud83d\ude04 We offers a wide selection of Kids Cartoon Poncho Towels, perfect for you.\",\"breadcrumb\":{\"@id\":\"https:\/\/ozponcho.com.au\/p\/childrens-hooded-beach-capes\/#breadcrumb\"},\"inLanguage\":\"cs\",\"potentialAction\":[{\"@type\":\"ReadAction\",\"target\":[\"https:\/\/ozponcho.com.au\/p\/childrens-hooded-beach-capes\/\"]}]},{\"@type\":\"ImageObject\",\"inLanguage\":\"cs\",\"@id\":\"https:\/\/ozponcho.com.au\/p\/childrens-hooded-beach-capes\/#primaryimage\",\"url\":\"https:\/\/ozponcho.com.au\/wp-content\/uploads\/2023\/12\/Sc5eb7cbb4561444d9a4450b9c2d513e2i.webp\",\"contentUrl\":\"https:\/\/ozponcho.com.au\/wp-content\/uploads\/2023\/12\/Sc5eb7cbb4561444d9a4450b9c2d513e2i.webp\",\"width\":800,\"height\":800,\"caption\":\"Kids Cartoon Poncho Towels\"},{\"@type\":\"BreadcrumbList\",\"@id\":\"https:\/\/ozponcho.com.au\/p\/childrens-hooded-beach-capes\/#breadcrumb\",\"itemListElement\":[{\"@type\":\"ListItem\",\"position\":1,\"name\":\"Home\",\"item\":\"https:\/\/ozponcho.com.au\/\"},{\"@type\":\"ListItem\",\"position\":2,\"name\":\"Shop\",\"item\":\"https:\/\/ozponcho.com.au\/shop\/\"},{\"@type\":\"ListItem\",\"position\":3,\"name\":\"Kids Cartoon Poncho Towels\"}]},{\"@type\":\"WebSite\",\"@id\":\"https:\/\/ozponcho.com.au\/#website\",\"url\":\"https:\/\/ozponcho.com.au\/\",\"name\":\"OZ Poncho\",\"description\":\"\",\"potentialAction\":[{\"@type\":\"SearchAction\",\"target\":{\"@type\":\"EntryPoint\",\"urlTemplate\":\"https:\/\/ozponcho.com.au\/?s={search_term_string}\"},\"query-input\":{\"@type\":\"PropertyValueSpecification\",\"valueRequired\":true,\"valueName\":\"search_term_string\"}}],\"inLanguage\":\"cs\"}]}<\/script>\n<!-- \/ Yoast SEO plugin. -->","yoast_head_json":{"title":"Kids Cartoon Poncho Towels | \u010cesk\u00e1 republika #1 Poncho Shop","description":"Looking for a Kids Cartoon Poncho Towels ? You've come to the right place \ud83d\ude04 We offers a wide selection of Kids Cartoon Poncho Towels, perfect for you.","robots":{"index":"index","follow":"follow","max-snippet":"max-snippet:-1","max-image-preview":"max-image-preview:large","max-video-preview":"max-video-preview:-1"},"canonical":"https:\/\/ozponcho.com.au\/cs\/p\/childrens-hooded-beach-capes\/","og_locale":"cs_CZ","og_type":"article","og_title":"Kids Cartoon Poncho Towels | \u010cesk\u00e1 republika #1 Poncho Shop","og_description":"Looking for a Kids Cartoon Poncho Towels ? You've come to the right place \ud83d\ude04 We offers a wide selection of Kids Cartoon Poncho Towels, perfect for you.","og_url":"https:\/\/ozponcho.com.au\/cs\/p\/childrens-hooded-beach-capes\/","og_site_name":"OZ Poncho","article_modified_time":"2024-03-08T05:26:43+00:00","og_image":[{"width":800,"height":800,"url":"https:\/\/ozponcho.com.au\/wp-content\/uploads\/2023\/12\/Sc5eb7cbb4561444d9a4450b9c2d513e2i.webp","type":"image\/webp"}],"twitter_card":"summary_large_image","twitter_misc":{"Odhadovan\u00e1 doba \u010dten\u00ed":"1 minuta"},"schema":{"@context":"https:\/\/schema.org","@graph":[{"@type":"WebPage","@id":"https:\/\/ozponcho.com.au\/p\/childrens-hooded-beach-capes\/","url":"https:\/\/ozponcho.com.au\/p\/childrens-hooded-beach-capes\/","name":"Kids Cartoon Poncho Towels | \u010cesk\u00e1 republika #1 Poncho Shop","isPartOf":{"@id":"https:\/\/ozponcho.com.au\/#website"},"primaryImageOfPage":{"@id":"https:\/\/ozponcho.com.au\/p\/childrens-hooded-beach-capes\/#primaryimage"},"image":{"@id":"https:\/\/ozponcho.com.au\/p\/childrens-hooded-beach-capes\/#primaryimage"},"thumbnailUrl":"https:\/\/ozponcho.com.au\/wp-content\/uploads\/2023\/12\/Sc5eb7cbb4561444d9a4450b9c2d513e2i.webp","datePublished":"2023-12-30T11:22:13+00:00","dateModified":"2024-03-08T05:26:43+00:00","description":"Looking for a Kids Cartoon Poncho Towels ? You've come to the right place \ud83d\ude04 We offers a wide selection of Kids Cartoon Poncho Towels, perfect for you.","breadcrumb":{"@id":"https:\/\/ozponcho.com.au\/p\/childrens-hooded-beach-capes\/#breadcrumb"},"inLanguage":"cs","potentialAction":[{"@type":"ReadAction","target":["https:\/\/ozponcho.com.au\/p\/childrens-hooded-beach-capes\/"]}]},{"@type":"ImageObject","inLanguage":"cs","@id":"https:\/\/ozponcho.com.au\/p\/childrens-hooded-beach-capes\/#primaryimage","url":"https:\/\/ozponcho.com.au\/wp-content\/uploads\/2023\/12\/Sc5eb7cbb4561444d9a4450b9c2d513e2i.webp","contentUrl":"https:\/\/ozponcho.com.au\/wp-content\/uploads\/2023\/12\/Sc5eb7cbb4561444d9a4450b9c2d513e2i.webp","width":800,"height":800,"caption":"Kids Cartoon Poncho Towels"},{"@type":"BreadcrumbList","@id":"https:\/\/ozponcho.com.au\/p\/childrens-hooded-beach-capes\/#breadcrumb","itemListElement":[{"@type":"ListItem","position":1,"name":"Home","item":"https:\/\/ozponcho.com.au\/"},{"@type":"ListItem","position":2,"name":"Shop","item":"https:\/\/ozponcho.com.au\/shop\/"},{"@type":"ListItem","position":3,"name":"Kids Cartoon Poncho Towels"}]},{"@type":"WebSite","@id":"https:\/\/ozponcho.com.au\/#website","url":"https:\/\/ozponcho.com.au\/","name":"OZ Poncho","description":"","potentialAction":[{"@type":"SearchAction","target":{"@type":"EntryPoint","urlTemplate":"https:\/\/ozponcho.com.au\/?s={search_term_string}"},"query-input":{"@type":"PropertyValueSpecification","valueRequired":true,"valueName":"search_term_string"}}],"inLanguage":"cs"}]}},"_links":{"self":[{"href":"https:\/\/ozponcho.com.au\/cs\/wp-json\/wp\/v2\/product\/15238","targetHints":{"allow":["GET"]}}],"collection":[{"href":"https:\/\/ozponcho.com.au\/cs\/wp-json\/wp\/v2\/product"}],"about":[{"href":"https:\/\/ozponcho.com.au\/cs\/wp-json\/wp\/v2\/types\/product"}],"wp:featuredmedia":[{"embeddable":true,"href":"https:\/\/ozponcho.com.au\/cs\/wp-json\/wp\/v2\/media\/15237"}],"wp:attachment":[{"href":"https:\/\/ozponcho.com.au\/cs\/wp-json\/wp\/v2\/media?parent=15238"}],"wp:term":[{"taxonomy":"product_brand","embeddable":true,"href":"https:\/\/ozponcho.com.au\/cs\/wp-json\/wp\/v2\/product_brand?post=15238"},{"taxonomy":"product_cat","embeddable":true,"href":"https:\/\/ozponcho.com.au\/cs\/wp-json\/wp\/v2\/product_cat?post=15238"},{"taxonomy":"product_tag","embeddable":true,"href":"https:\/\/ozponcho.com.au\/cs\/wp-json\/wp\/v2\/product_tag?post=15238"}],"curies":[{"name":"wp","href":"https:\/\/api.w.org\/{rel}","templated":true}]}}