{"id":14995,"date":"2023-12-30T22:18:58","date_gmt":"2023-12-30T11:18:58","guid":{"rendered":"https:\/\/ozponcho.com.au\/?post_type=product&#038;p=14995"},"modified":"2025-12-27T21:17:32","modified_gmt":"2025-12-27T10:17:32","slug":"children-rain-poncho-coat-3","status":"publish","type":"product","link":"https:\/\/ozponcho.com.au\/cs\/p\/detska-plastenka-3\/","title":{"rendered":"Nepromokav\u00e1 d\u011btsk\u00e1 bunda Poncho"},"content":{"rendered":"<p>Vychutnejte si barevn\u00e9 v\u00fdst\u0159elky i v \u0161ed\u00fdch de\u0161tiv\u00fdch dnech s na\u0161\u00ed z\u00e1\u0159ivou nepromokavou d\u011btskou bundou Poncho! Toto lehk\u00e9 plastov\u00e9 pon\u010do pro chlapce a d\u00edvky, navr\u017een\u00e9 pro pohodl\u00ed a snadnou manipulaci, nab\u00edz\u00ed styl, ani\u017e by bylo na \u00fakor prakti\u010dnosti. Jej\u00ed design s kapuc\u00ed a hrav\u00e9 vzory - od \u017eiv\u00fdch punt\u00edk\u016f po odv\u00e1\u017en\u00e9 geometrick\u00e9 vzory - oslov\u00ed ka\u017edou d\u011btskou fantazii. Toto odoln\u00e9 pon\u010do do de\u0161t\u011b je ide\u00e1ln\u00ed na turistiku nebo do \u0161koly a slibuje, \u017ee va\u0161e ratolesti z\u016fstanou v suchu a spokojen\u00e9. Podpo\u0159te venkovn\u00ed hry i v de\u0161ti s t\u00edmto vesele poti\u0161t\u011bn\u00fdm oble\u010den\u00edm do de\u0161t\u011b!<\/p>\n<h2>SPECIFIKACE<\/h2>\n<p>Materi\u00e1l: Plast<\/p>\n<p>V\u011bkov\u00e1 skupina: D\u011bti<\/p>\n<p>Pohlav\u00ed: Chlapci a d\u00edvky<\/p>\n<p>Typ: Pl\u00e1\u0161t\u011bnka<\/p>\n<p><img decoding=\"async\" class=\"alignnone size-full wp-image-17234\" src=\"https:\/\/ozponcho.com.au\/wp-content\/uploads\/2023\/12\/Screenshot-2024-01-17-at-17.12.02.png\" alt=\"Tabulka velikost\u00ed d\u011btsk\u00e9ho oble\u010den\u00ed\" width=\"1524\" height=\"408\" srcset=\"https:\/\/ozponcho.com.au\/wp-content\/uploads\/2023\/12\/Screenshot-2024-01-17-at-17.12.02.png 1524w, https:\/\/ozponcho.com.au\/wp-content\/uploads\/2023\/12\/Screenshot-2024-01-17-at-17.12.02-1020x273.png 1020w, https:\/\/ozponcho.com.au\/wp-content\/uploads\/2023\/12\/Screenshot-2024-01-17-at-17.12.02-300x80.png 300w, https:\/\/ozponcho.com.au\/wp-content\/uploads\/2023\/12\/Screenshot-2024-01-17-at-17.12.02-1024x274.png 1024w, https:\/\/ozponcho.com.au\/wp-content\/uploads\/2023\/12\/Screenshot-2024-01-17-at-17.12.02-768x206.png 768w\" sizes=\"(max-width: 1524px) 100vw, 1524px\" \/><\/p>\n<p><img decoding=\"async\" class=\"alignnone size-full wp-image-16947\" src=\"https:\/\/ozponcho.com.au\/wp-content\/uploads\/2023\/12\/S8d969f6d0b7a42f5beb2a4fdb06efb7f9-47.webp\" alt=\"D\u011btsk\u00e1 pl\u00e1\u0161t\u011bnka Cute\" width=\"800\" height=\"800\" srcset=\"https:\/\/ozponcho.com.au\/wp-content\/uploads\/2023\/12\/S8d969f6d0b7a42f5beb2a4fdb06efb7f9-47.webp 800w, https:\/\/ozponcho.com.au\/wp-content\/uploads\/2023\/12\/S8d969f6d0b7a42f5beb2a4fdb06efb7f9-47-100x100.webp 100w, https:\/\/ozponcho.com.au\/wp-content\/uploads\/2023\/12\/S8d969f6d0b7a42f5beb2a4fdb06efb7f9-47-300x300.webp 300w, https:\/\/ozponcho.com.au\/wp-content\/uploads\/2023\/12\/S8d969f6d0b7a42f5beb2a4fdb06efb7f9-47-150x150.webp 150w, https:\/\/ozponcho.com.au\/wp-content\/uploads\/2023\/12\/S8d969f6d0b7a42f5beb2a4fdb06efb7f9-47-768x768.webp 768w, https:\/\/ozponcho.com.au\/wp-content\/uploads\/2023\/12\/S8d969f6d0b7a42f5beb2a4fdb06efb7f9-47-510x510.webp 510w\" sizes=\"(max-width: 800px) 100vw, 800px\" \/><\/p>","protected":false},"excerpt":{"rendered":"<p>Delight in the splash of color even on grey rainy days with our vibrant Waterproof Kids Poncho Jacket! Designed for comfort and ease, this lightweight, plastic poncho for boys and girls offers style without sacrificing practicality. Its hooded design and playful patterns\u00e2\u20ac\u201cfrom lively polka dots to bold geometrics\u00e2\u20ac\u201cappeal to any child&#8217;s imagination. Ideal for hiking [&#8230;]","protected":false},"featured_media":14994,"template":"","meta":[],"product_brand":[],"product_cat":[227,15,222,217,212,205,221],"product_tag":[],"class_list":{"0":"post-14995","1":"product","2":"type-product","3":"status-publish","4":"has-post-thumbnail","6":"product_cat-hooded-poncho","7":"product_cat-main-category","8":"product_cat-pink-poncho","9":"product_cat-plastic-poncho","10":"product_cat-poncho-kid","11":"product_cat-rain-poncho","12":"product_cat-red-poncho","14":"first","15":"instock","16":"shipping-taxable","17":"purchasable","18":"product-type-variable"},"yoast_head":"<!-- This site is optimized with the Yoast SEO plugin v25.9 - https:\/\/yoast.com\/wordpress\/plugins\/seo\/ -->\n<title>Waterproof Kids Poncho Jacket | \u010cesk\u00e1 republika #1 Poncho Shop<\/title>\n<meta name=\"description\" content=\"Looking for a Waterproof Kids Poncho Jacket ? You&#039;ve come to the right place \ud83d\ude04 We offers a wide selection of Waterproof Kids Poncho Jacket, perfect for you.\" \/>\n<meta name=\"robots\" content=\"index, follow, max-snippet:-1, max-image-preview:large, max-video-preview:-1\" \/>\n<link rel=\"canonical\" href=\"https:\/\/ozponcho.com.au\/cs\/p\/detska-plastenka-3\/\" \/>\n<meta property=\"og:locale\" content=\"cs_CZ\" \/>\n<meta property=\"og:type\" content=\"article\" \/>\n<meta property=\"og:title\" content=\"Waterproof Kids Poncho Jacket | \u010cesk\u00e1 republika #1 Poncho Shop\" \/>\n<meta property=\"og:description\" content=\"Looking for a Waterproof Kids Poncho Jacket ? You&#039;ve come to the right place \ud83d\ude04 We offers a wide selection of Waterproof Kids Poncho Jacket, perfect for you.\" \/>\n<meta property=\"og:url\" content=\"https:\/\/ozponcho.com.au\/cs\/p\/detska-plastenka-3\/\" \/>\n<meta property=\"og:site_name\" content=\"OZ Poncho\" \/>\n<meta property=\"article:modified_time\" content=\"2025-12-27T10:17:32+00:00\" \/>\n<meta property=\"og:image\" content=\"https:\/\/ozponcho.com.au\/wp-content\/uploads\/2023\/12\/S7f4a2d0e3452409191aafdcf2c5bec9bA.webp\" \/>\n\t<meta property=\"og:image:width\" content=\"1920\" \/>\n\t<meta property=\"og:image:height\" content=\"1920\" \/>\n\t<meta property=\"og:image:type\" content=\"image\/webp\" \/>\n<meta name=\"twitter:card\" content=\"summary_large_image\" \/>\n<meta name=\"twitter:label1\" content=\"Odhadovan\u00e1 doba \u010dten\u00ed\" \/>\n\t<meta name=\"twitter:data1\" content=\"2 minuty\" \/>\n<script type=\"application\/ld+json\" class=\"yoast-schema-graph\">{\"@context\":\"https:\/\/schema.org\",\"@graph\":[{\"@type\":\"WebPage\",\"@id\":\"https:\/\/ozponcho.com.au\/p\/children-rain-poncho-coat-3\/\",\"url\":\"https:\/\/ozponcho.com.au\/p\/children-rain-poncho-coat-3\/\",\"name\":\"Waterproof Kids Poncho Jacket | \u010cesk\u00e1 republika #1 Poncho Shop\",\"isPartOf\":{\"@id\":\"https:\/\/ozponcho.com.au\/#website\"},\"primaryImageOfPage\":{\"@id\":\"https:\/\/ozponcho.com.au\/p\/children-rain-poncho-coat-3\/#primaryimage\"},\"image\":{\"@id\":\"https:\/\/ozponcho.com.au\/p\/children-rain-poncho-coat-3\/#primaryimage\"},\"thumbnailUrl\":\"https:\/\/ozponcho.com.au\/wp-content\/uploads\/2023\/12\/S7f4a2d0e3452409191aafdcf2c5bec9bA.webp\",\"datePublished\":\"2023-12-30T11:18:58+00:00\",\"dateModified\":\"2025-12-27T10:17:32+00:00\",\"description\":\"Looking for a Waterproof Kids Poncho Jacket ? You've come to the right place \ud83d\ude04 We offers a wide selection of Waterproof Kids Poncho Jacket, perfect for you.\",\"breadcrumb\":{\"@id\":\"https:\/\/ozponcho.com.au\/p\/children-rain-poncho-coat-3\/#breadcrumb\"},\"inLanguage\":\"cs\",\"potentialAction\":[{\"@type\":\"ReadAction\",\"target\":[\"https:\/\/ozponcho.com.au\/p\/children-rain-poncho-coat-3\/\"]}]},{\"@type\":\"ImageObject\",\"inLanguage\":\"cs\",\"@id\":\"https:\/\/ozponcho.com.au\/p\/children-rain-poncho-coat-3\/#primaryimage\",\"url\":\"https:\/\/ozponcho.com.au\/wp-content\/uploads\/2023\/12\/S7f4a2d0e3452409191aafdcf2c5bec9bA.webp\",\"contentUrl\":\"https:\/\/ozponcho.com.au\/wp-content\/uploads\/2023\/12\/S7f4a2d0e3452409191aafdcf2c5bec9bA.webp\",\"width\":1920,\"height\":1920,\"caption\":\"Waterproof Kids Poncho Jacket\"},{\"@type\":\"BreadcrumbList\",\"@id\":\"https:\/\/ozponcho.com.au\/p\/children-rain-poncho-coat-3\/#breadcrumb\",\"itemListElement\":[{\"@type\":\"ListItem\",\"position\":1,\"name\":\"Home\",\"item\":\"https:\/\/ozponcho.com.au\/\"},{\"@type\":\"ListItem\",\"position\":2,\"name\":\"Shop\",\"item\":\"https:\/\/ozponcho.com.au\/shop\/\"},{\"@type\":\"ListItem\",\"position\":3,\"name\":\"Waterproof Kids Poncho Jacket\"}]},{\"@type\":\"WebSite\",\"@id\":\"https:\/\/ozponcho.com.au\/#website\",\"url\":\"https:\/\/ozponcho.com.au\/\",\"name\":\"OZ Poncho\",\"description\":\"\",\"potentialAction\":[{\"@type\":\"SearchAction\",\"target\":{\"@type\":\"EntryPoint\",\"urlTemplate\":\"https:\/\/ozponcho.com.au\/?s={search_term_string}\"},\"query-input\":{\"@type\":\"PropertyValueSpecification\",\"valueRequired\":true,\"valueName\":\"search_term_string\"}}],\"inLanguage\":\"cs\"}]}<\/script>\n<!-- \/ Yoast SEO plugin. -->","yoast_head_json":{"title":"Nepromokav\u00e1 d\u011btsk\u00e1 bunda Poncho | \u010cesk\u00e1 republika #1 Poncho Shop","description":"Hled\u00e1te nepromokavou d\u011btskou bundu Poncho ? Jste na spr\u00e1vn\u00e9m m\u00edst\u011b \ud83d\ude04 Nab\u00edz\u00edme \u0161irok\u00fd v\u00fdb\u011br nepromokav\u00fdch d\u011btsk\u00fdch bund pon\u010do, kter\u00e9 jsou pro v\u00e1s ide\u00e1ln\u00ed.","robots":{"index":"index","follow":"follow","max-snippet":"max-snippet:-1","max-image-preview":"max-image-preview:large","max-video-preview":"max-video-preview:-1"},"canonical":"https:\/\/ozponcho.com.au\/cs\/p\/detska-plastenka-3\/","og_locale":"cs_CZ","og_type":"article","og_title":"Waterproof Kids Poncho Jacket | \u010cesk\u00e1 republika #1 Poncho Shop","og_description":"Looking for a Waterproof Kids Poncho Jacket ? You've come to the right place \ud83d\ude04 We offers a wide selection of Waterproof Kids Poncho Jacket, perfect for you.","og_url":"https:\/\/ozponcho.com.au\/cs\/p\/detska-plastenka-3\/","og_site_name":"OZ Poncho","article_modified_time":"2025-12-27T10:17:32+00:00","og_image":[{"width":1920,"height":1920,"url":"https:\/\/ozponcho.com.au\/wp-content\/uploads\/2023\/12\/S7f4a2d0e3452409191aafdcf2c5bec9bA.webp","type":"image\/webp"}],"twitter_card":"summary_large_image","twitter_misc":{"Odhadovan\u00e1 doba \u010dten\u00ed":"2 minuty"},"schema":{"@context":"https:\/\/schema.org","@graph":[{"@type":"WebPage","@id":"https:\/\/ozponcho.com.au\/p\/children-rain-poncho-coat-3\/","url":"https:\/\/ozponcho.com.au\/p\/children-rain-poncho-coat-3\/","name":"Nepromokav\u00e1 d\u011btsk\u00e1 bunda Poncho | \u010cesk\u00e1 republika #1 Poncho Shop","isPartOf":{"@id":"https:\/\/ozponcho.com.au\/#website"},"primaryImageOfPage":{"@id":"https:\/\/ozponcho.com.au\/p\/children-rain-poncho-coat-3\/#primaryimage"},"image":{"@id":"https:\/\/ozponcho.com.au\/p\/children-rain-poncho-coat-3\/#primaryimage"},"thumbnailUrl":"https:\/\/ozponcho.com.au\/wp-content\/uploads\/2023\/12\/S7f4a2d0e3452409191aafdcf2c5bec9bA.webp","datePublished":"2023-12-30T11:18:58+00:00","dateModified":"2025-12-27T10:17:32+00:00","description":"Hled\u00e1te nepromokavou d\u011btskou bundu Poncho ? Jste na spr\u00e1vn\u00e9m m\u00edst\u011b \ud83d\ude04 Nab\u00edz\u00edme \u0161irok\u00fd v\u00fdb\u011br nepromokav\u00fdch d\u011btsk\u00fdch bund pon\u010do, kter\u00e9 jsou pro v\u00e1s ide\u00e1ln\u00ed.","breadcrumb":{"@id":"https:\/\/ozponcho.com.au\/p\/children-rain-poncho-coat-3\/#breadcrumb"},"inLanguage":"cs","potentialAction":[{"@type":"ReadAction","target":["https:\/\/ozponcho.com.au\/p\/children-rain-poncho-coat-3\/"]}]},{"@type":"ImageObject","inLanguage":"cs","@id":"https:\/\/ozponcho.com.au\/p\/children-rain-poncho-coat-3\/#primaryimage","url":"https:\/\/ozponcho.com.au\/wp-content\/uploads\/2023\/12\/S7f4a2d0e3452409191aafdcf2c5bec9bA.webp","contentUrl":"https:\/\/ozponcho.com.au\/wp-content\/uploads\/2023\/12\/S7f4a2d0e3452409191aafdcf2c5bec9bA.webp","width":1920,"height":1920,"caption":"Waterproof Kids Poncho Jacket"},{"@type":"BreadcrumbList","@id":"https:\/\/ozponcho.com.au\/p\/children-rain-poncho-coat-3\/#breadcrumb","itemListElement":[{"@type":"ListItem","position":1,"name":"Home","item":"https:\/\/ozponcho.com.au\/"},{"@type":"ListItem","position":2,"name":"Shop","item":"https:\/\/ozponcho.com.au\/shop\/"},{"@type":"ListItem","position":3,"name":"Waterproof Kids Poncho Jacket"}]},{"@type":"WebSite","@id":"https:\/\/ozponcho.com.au\/#website","url":"https:\/\/ozponcho.com.au\/","name":"OZ Poncho","description":"","potentialAction":[{"@type":"SearchAction","target":{"@type":"EntryPoint","urlTemplate":"https:\/\/ozponcho.com.au\/?s={search_term_string}"},"query-input":{"@type":"PropertyValueSpecification","valueRequired":true,"valueName":"search_term_string"}}],"inLanguage":"cs"}]}},"_links":{"self":[{"href":"https:\/\/ozponcho.com.au\/cs\/wp-json\/wp\/v2\/product\/14995","targetHints":{"allow":["GET"]}}],"collection":[{"href":"https:\/\/ozponcho.com.au\/cs\/wp-json\/wp\/v2\/product"}],"about":[{"href":"https:\/\/ozponcho.com.au\/cs\/wp-json\/wp\/v2\/types\/product"}],"wp:featuredmedia":[{"embeddable":true,"href":"https:\/\/ozponcho.com.au\/cs\/wp-json\/wp\/v2\/media\/14994"}],"wp:attachment":[{"href":"https:\/\/ozponcho.com.au\/cs\/wp-json\/wp\/v2\/media?parent=14995"}],"wp:term":[{"taxonomy":"product_brand","embeddable":true,"href":"https:\/\/ozponcho.com.au\/cs\/wp-json\/wp\/v2\/product_brand?post=14995"},{"taxonomy":"product_cat","embeddable":true,"href":"https:\/\/ozponcho.com.au\/cs\/wp-json\/wp\/v2\/product_cat?post=14995"},{"taxonomy":"product_tag","embeddable":true,"href":"https:\/\/ozponcho.com.au\/cs\/wp-json\/wp\/v2\/product_tag?post=14995"}],"curies":[{"name":"wp","href":"https:\/\/api.w.org\/{rel}","templated":true}]}}