{"id":14872,"date":"2023-12-30T22:17:15","date_gmt":"2023-12-30T11:17:15","guid":{"rendered":"https:\/\/ozponcho.com.au\/?post_type=product&#038;p=14872"},"modified":"2025-09-17T20:36:33","modified_gmt":"2025-09-17T09:36:33","slug":"child-beach-bath-cape-towels","status":"publish","type":"product","link":"https:\/\/ozponcho.com.au\/cs\/p\/detske-plazove-plastenky\/","title":{"rendered":"D\u011btsk\u00e9 ru\u010dn\u00edky Poncho s kapuc\u00ed"},"content":{"rendered":"<p>Zahalte sv\u00e9 d\u00edt\u011b do z\u00e1bavy a pohody s na\u0161imi d\u011btsk\u00fdmi ru\u010dn\u00edky Poncho s kapuc\u00ed! Tato mimo\u0159\u00e1dn\u011b m\u011bkk\u00e1 pon\u010da, kter\u00e1 maj\u00ed ide\u00e1ln\u00ed velikost pro d\u011bti (60*120 cm), je h\u0159ejiv\u00fdm obalem po koup\u00e1n\u00ed nebo na pl\u00e1\u017ei. Jsou vyrobeny z mikrovl\u00e1knov\u00e9 tkaniny 100% a vyzna\u010duj\u00ed se rychl\u00fdm schnut\u00edm, vynikaj\u00edc\u00ed savost\u00ed a antibakteri\u00e1ln\u00edmi vlastnostmi. D\u00edky r\u016fzn\u00fdm rozko\u0161n\u00fdm vzor\u016fm v\u010detn\u011b dinosaur\u016f a jednoro\u017ec\u016f si va\u0161e d\u00edt\u011b obl\u00edb\u00ed no\u0161en\u00ed sv\u00e9 obl\u00edben\u00e9 postavi\u010dky. D\u00edky snadno nositeln\u00e9mu designu pl\u00e1\u0161t\u011bnky a ochrann\u00e9 kapuci jsou tato pon\u010da vhodnou volbou pro ochranu p\u0159ed sluncem a pohodl\u00ed.<\/p>\n<h2>SPECIFIKACE<\/h2>\n<p>Technika: Bavlna: \u010desan\u00e1 bavlna<\/p>\n<p>P\u016fvod: \u010c\u00edna: pevninsk\u00e1 \u010c\u00edna<\/p>","protected":false},"excerpt":{"rendered":"<p>Wrap your little one in fun and coziness with our Kids Hooded Poncho Towels! Perfectly sized for children (60*120cm), these ultra-soft ponchos provide a warm embrace after bath or beach time. Made from 100% microfiber fabric, they offer quick drying, superb absorbency, and anti-bacterial properties. With a variety of delightful patterns including dinosaurs and unicorns, [&#8230;]","protected":false},"featured_media":14871,"template":"","meta":[],"product_brand":[],"product_cat":[15,222,213,212,208],"product_tag":[],"class_list":{"0":"post-14872","1":"product","2":"type-product","3":"status-publish","4":"has-post-thumbnail","6":"product_cat-main-category","7":"product_cat-pink-poncho","8":"product_cat-poncho-baby","9":"product_cat-poncho-kid","10":"product_cat-surf-poncho","12":"first","13":"instock","14":"shipping-taxable","15":"purchasable","16":"product-type-variable"},"yoast_head":"<!-- This site is optimized with the Yoast SEO plugin v25.9 - https:\/\/yoast.com\/wordpress\/plugins\/seo\/ -->\n<title>Kids Hooded Poncho Towels | \u010cesk\u00e1 republika #1 Poncho Shop<\/title>\n<meta name=\"description\" content=\"Looking for a Kids Hooded Poncho Towels ? You&#039;ve come to the right place \ud83d\ude04 We offers a wide selection of Kids Hooded Poncho Towels, perfect for you.\" \/>\n<meta name=\"robots\" content=\"index, follow, max-snippet:-1, max-image-preview:large, max-video-preview:-1\" \/>\n<link rel=\"canonical\" href=\"https:\/\/ozponcho.com.au\/cs\/p\/detske-plazove-plastenky\/\" \/>\n<meta property=\"og:locale\" content=\"cs_CZ\" \/>\n<meta property=\"og:type\" content=\"article\" \/>\n<meta property=\"og:title\" content=\"Kids Hooded Poncho Towels | \u010cesk\u00e1 republika #1 Poncho Shop\" \/>\n<meta property=\"og:description\" content=\"Looking for a Kids Hooded Poncho Towels ? You&#039;ve come to the right place \ud83d\ude04 We offers a wide selection of Kids Hooded Poncho Towels, perfect for you.\" \/>\n<meta property=\"og:url\" content=\"https:\/\/ozponcho.com.au\/cs\/p\/detske-plazove-plastenky\/\" \/>\n<meta property=\"og:site_name\" content=\"OZ Poncho\" \/>\n<meta property=\"article:modified_time\" content=\"2025-09-17T09:36:33+00:00\" \/>\n<meta property=\"og:image\" content=\"https:\/\/ozponcho.com.au\/wp-content\/uploads\/2023\/12\/Sad05d5ad826f4a408eed7762e0a207cbK.webp\" \/>\n\t<meta property=\"og:image:width\" content=\"800\" \/>\n\t<meta property=\"og:image:height\" content=\"800\" \/>\n\t<meta property=\"og:image:type\" content=\"image\/webp\" \/>\n<meta name=\"twitter:card\" content=\"summary_large_image\" \/>\n<meta name=\"twitter:label1\" content=\"Odhadovan\u00e1 doba \u010dten\u00ed\" \/>\n\t<meta name=\"twitter:data1\" content=\"1 minuta\" \/>\n<script type=\"application\/ld+json\" class=\"yoast-schema-graph\">{\"@context\":\"https:\/\/schema.org\",\"@graph\":[{\"@type\":\"WebPage\",\"@id\":\"https:\/\/ozponcho.com.au\/p\/child-beach-bath-cape-towels\/\",\"url\":\"https:\/\/ozponcho.com.au\/p\/child-beach-bath-cape-towels\/\",\"name\":\"Kids Hooded Poncho Towels | \u010cesk\u00e1 republika #1 Poncho Shop\",\"isPartOf\":{\"@id\":\"https:\/\/ozponcho.com.au\/#website\"},\"primaryImageOfPage\":{\"@id\":\"https:\/\/ozponcho.com.au\/p\/child-beach-bath-cape-towels\/#primaryimage\"},\"image\":{\"@id\":\"https:\/\/ozponcho.com.au\/p\/child-beach-bath-cape-towels\/#primaryimage\"},\"thumbnailUrl\":\"https:\/\/ozponcho.com.au\/wp-content\/uploads\/2023\/12\/Sad05d5ad826f4a408eed7762e0a207cbK.webp\",\"datePublished\":\"2023-12-30T11:17:15+00:00\",\"dateModified\":\"2025-09-17T09:36:33+00:00\",\"description\":\"Looking for a Kids Hooded Poncho Towels ? You've come to the right place \ud83d\ude04 We offers a wide selection of Kids Hooded Poncho Towels, perfect for you.\",\"breadcrumb\":{\"@id\":\"https:\/\/ozponcho.com.au\/p\/child-beach-bath-cape-towels\/#breadcrumb\"},\"inLanguage\":\"cs\",\"potentialAction\":[{\"@type\":\"ReadAction\",\"target\":[\"https:\/\/ozponcho.com.au\/p\/child-beach-bath-cape-towels\/\"]}]},{\"@type\":\"ImageObject\",\"inLanguage\":\"cs\",\"@id\":\"https:\/\/ozponcho.com.au\/p\/child-beach-bath-cape-towels\/#primaryimage\",\"url\":\"https:\/\/ozponcho.com.au\/wp-content\/uploads\/2023\/12\/Sad05d5ad826f4a408eed7762e0a207cbK.webp\",\"contentUrl\":\"https:\/\/ozponcho.com.au\/wp-content\/uploads\/2023\/12\/Sad05d5ad826f4a408eed7762e0a207cbK.webp\",\"width\":800,\"height\":800,\"caption\":\"Kids Hooded Poncho Towels\"},{\"@type\":\"BreadcrumbList\",\"@id\":\"https:\/\/ozponcho.com.au\/p\/child-beach-bath-cape-towels\/#breadcrumb\",\"itemListElement\":[{\"@type\":\"ListItem\",\"position\":1,\"name\":\"Home\",\"item\":\"https:\/\/ozponcho.com.au\/\"},{\"@type\":\"ListItem\",\"position\":2,\"name\":\"Shop\",\"item\":\"https:\/\/ozponcho.com.au\/shop\/\"},{\"@type\":\"ListItem\",\"position\":3,\"name\":\"Kids Hooded Poncho Towels\"}]},{\"@type\":\"WebSite\",\"@id\":\"https:\/\/ozponcho.com.au\/#website\",\"url\":\"https:\/\/ozponcho.com.au\/\",\"name\":\"OZ Poncho\",\"description\":\"\",\"potentialAction\":[{\"@type\":\"SearchAction\",\"target\":{\"@type\":\"EntryPoint\",\"urlTemplate\":\"https:\/\/ozponcho.com.au\/?s={search_term_string}\"},\"query-input\":{\"@type\":\"PropertyValueSpecification\",\"valueRequired\":true,\"valueName\":\"search_term_string\"}}],\"inLanguage\":\"cs\"}]}<\/script>\n<!-- \/ Yoast SEO plugin. -->","yoast_head_json":{"title":"D\u011btsk\u00e9 pon\u010do s kapuc\u00ed Ru\u010dn\u00edky | \u010cesk\u00e1 republika #1 Poncho Shop","description":"Hled\u00e1te d\u011btsk\u00e9 ru\u010dn\u00edky Poncho s kapuc\u00ed ? Jste na spr\u00e1vn\u00e9m m\u00edst\u011b \ud83d\ude04 Nab\u00edz\u00edme \u0161irok\u00fd v\u00fdb\u011br d\u011btsk\u00fdch ru\u010dn\u00edk\u016f Poncho s kapuc\u00ed, kter\u00e9 jsou pro v\u00e1s ide\u00e1ln\u00ed.","robots":{"index":"index","follow":"follow","max-snippet":"max-snippet:-1","max-image-preview":"max-image-preview:large","max-video-preview":"max-video-preview:-1"},"canonical":"https:\/\/ozponcho.com.au\/cs\/p\/detske-plazove-plastenky\/","og_locale":"cs_CZ","og_type":"article","og_title":"Kids Hooded Poncho Towels | \u010cesk\u00e1 republika #1 Poncho Shop","og_description":"Looking for a Kids Hooded Poncho Towels ? You've come to the right place \ud83d\ude04 We offers a wide selection of Kids Hooded Poncho Towels, perfect for you.","og_url":"https:\/\/ozponcho.com.au\/cs\/p\/detske-plazove-plastenky\/","og_site_name":"OZ Poncho","article_modified_time":"2025-09-17T09:36:33+00:00","og_image":[{"width":800,"height":800,"url":"https:\/\/ozponcho.com.au\/wp-content\/uploads\/2023\/12\/Sad05d5ad826f4a408eed7762e0a207cbK.webp","type":"image\/webp"}],"twitter_card":"summary_large_image","twitter_misc":{"Odhadovan\u00e1 doba \u010dten\u00ed":"1 minuta"},"schema":{"@context":"https:\/\/schema.org","@graph":[{"@type":"WebPage","@id":"https:\/\/ozponcho.com.au\/p\/child-beach-bath-cape-towels\/","url":"https:\/\/ozponcho.com.au\/p\/child-beach-bath-cape-towels\/","name":"D\u011btsk\u00e9 pon\u010do s kapuc\u00ed Ru\u010dn\u00edky | \u010cesk\u00e1 republika #1 Poncho Shop","isPartOf":{"@id":"https:\/\/ozponcho.com.au\/#website"},"primaryImageOfPage":{"@id":"https:\/\/ozponcho.com.au\/p\/child-beach-bath-cape-towels\/#primaryimage"},"image":{"@id":"https:\/\/ozponcho.com.au\/p\/child-beach-bath-cape-towels\/#primaryimage"},"thumbnailUrl":"https:\/\/ozponcho.com.au\/wp-content\/uploads\/2023\/12\/Sad05d5ad826f4a408eed7762e0a207cbK.webp","datePublished":"2023-12-30T11:17:15+00:00","dateModified":"2025-09-17T09:36:33+00:00","description":"Hled\u00e1te d\u011btsk\u00e9 ru\u010dn\u00edky Poncho s kapuc\u00ed ? Jste na spr\u00e1vn\u00e9m m\u00edst\u011b \ud83d\ude04 Nab\u00edz\u00edme \u0161irok\u00fd v\u00fdb\u011br d\u011btsk\u00fdch ru\u010dn\u00edk\u016f Poncho s kapuc\u00ed, kter\u00e9 jsou pro v\u00e1s ide\u00e1ln\u00ed.","breadcrumb":{"@id":"https:\/\/ozponcho.com.au\/p\/child-beach-bath-cape-towels\/#breadcrumb"},"inLanguage":"cs","potentialAction":[{"@type":"ReadAction","target":["https:\/\/ozponcho.com.au\/p\/child-beach-bath-cape-towels\/"]}]},{"@type":"ImageObject","inLanguage":"cs","@id":"https:\/\/ozponcho.com.au\/p\/child-beach-bath-cape-towels\/#primaryimage","url":"https:\/\/ozponcho.com.au\/wp-content\/uploads\/2023\/12\/Sad05d5ad826f4a408eed7762e0a207cbK.webp","contentUrl":"https:\/\/ozponcho.com.au\/wp-content\/uploads\/2023\/12\/Sad05d5ad826f4a408eed7762e0a207cbK.webp","width":800,"height":800,"caption":"Kids Hooded Poncho Towels"},{"@type":"BreadcrumbList","@id":"https:\/\/ozponcho.com.au\/p\/child-beach-bath-cape-towels\/#breadcrumb","itemListElement":[{"@type":"ListItem","position":1,"name":"Home","item":"https:\/\/ozponcho.com.au\/"},{"@type":"ListItem","position":2,"name":"Shop","item":"https:\/\/ozponcho.com.au\/shop\/"},{"@type":"ListItem","position":3,"name":"Kids Hooded Poncho Towels"}]},{"@type":"WebSite","@id":"https:\/\/ozponcho.com.au\/#website","url":"https:\/\/ozponcho.com.au\/","name":"OZ Poncho","description":"","potentialAction":[{"@type":"SearchAction","target":{"@type":"EntryPoint","urlTemplate":"https:\/\/ozponcho.com.au\/?s={search_term_string}"},"query-input":{"@type":"PropertyValueSpecification","valueRequired":true,"valueName":"search_term_string"}}],"inLanguage":"cs"}]}},"_links":{"self":[{"href":"https:\/\/ozponcho.com.au\/cs\/wp-json\/wp\/v2\/product\/14872","targetHints":{"allow":["GET"]}}],"collection":[{"href":"https:\/\/ozponcho.com.au\/cs\/wp-json\/wp\/v2\/product"}],"about":[{"href":"https:\/\/ozponcho.com.au\/cs\/wp-json\/wp\/v2\/types\/product"}],"wp:featuredmedia":[{"embeddable":true,"href":"https:\/\/ozponcho.com.au\/cs\/wp-json\/wp\/v2\/media\/14871"}],"wp:attachment":[{"href":"https:\/\/ozponcho.com.au\/cs\/wp-json\/wp\/v2\/media?parent=14872"}],"wp:term":[{"taxonomy":"product_brand","embeddable":true,"href":"https:\/\/ozponcho.com.au\/cs\/wp-json\/wp\/v2\/product_brand?post=14872"},{"taxonomy":"product_cat","embeddable":true,"href":"https:\/\/ozponcho.com.au\/cs\/wp-json\/wp\/v2\/product_cat?post=14872"},{"taxonomy":"product_tag","embeddable":true,"href":"https:\/\/ozponcho.com.au\/cs\/wp-json\/wp\/v2\/product_tag?post=14872"}],"curies":[{"name":"wp","href":"https:\/\/api.w.org\/{rel}","templated":true}]}}