{"id":14274,"date":"2023-12-13T18:43:55","date_gmt":"2023-12-13T07:43:55","guid":{"rendered":"https:\/\/ozponcho.com.au\/p\/autumn-winter-irregular-asymmetric-turtleneck-plaid-cape-sweater-for-women\/"},"modified":"2024-04-19T19:22:21","modified_gmt":"2024-04-19T08:22:21","slug":"women-asymmetric-cape-sweater","status":"publish","type":"product","link":"https:\/\/ozponcho.com.au\/cs\/p\/damsky-asymetricky-svetr-s-plastem\/","title":{"rendered":"Kostkovan\u00fd svetr s rol\u00e1kem a pon\u010dem"},"content":{"rendered":"<p>Z\u00fatuln\u011bte se v elegantn\u00edm stylu s kostkovan\u00fdm svetrem Poncho s rol\u00e1kem na podzim a zimu. Jeho h\u0159ejiv\u00fd velbloud\u00ed odst\u00edn protkan\u00fd klasickou \u010dernou a \u010dervenou kostkou definuje sez\u00f3nn\u00ed m\u00f3du. Toto d\u00e1msk\u00e9 pon\u010do, vyroben\u00e9 z m\u011bkk\u00e9ho \u017eerzeje a navr\u017een\u00e9 s asymetrick\u00fdm lemem, kombinuje pohodl\u00ed s le\u017e\u00e9rn\u00edm a z\u00e1rove\u0148 sofistikovan\u00fdm stylem. P\u0159eta\u017een\u00fd rol\u00e1k a dlouh\u00e9 ruk\u00e1vy zajist\u00ed teplo b\u011bhem chladn\u00fdch dn\u016f a ud\u011blaj\u00ed z n\u011bj nepostradateln\u00fd dopln\u011bk va\u0161eho \u0161atn\u00edku. Tento v\u0161estrann\u00fd kousek je ide\u00e1ln\u00ed pro vrstven\u00ed a bez n\u00e1mahy p\u0159ech\u00e1z\u00ed z dom\u00e1c\u00edho leno\u0161en\u00ed do venkovn\u00ed elegance. Vylep\u0161ete sv\u016fj podzimn\u00ed a zimn\u00ed vzhled t\u00edmto nepostradateln\u00fdm pon\u010dem.<\/p>\n<div>Styl: Le\u017e\u00e9rn\u00ed<\/div>\n<div>P\u0159izp\u016fsoben\u00ed: Voln\u00fd<\/div>\n<div>Tkanina: Materi\u00e1l: Jersey<\/div>\n<div>Vzor: K\u00e1rovan\u00fd<\/div>\n<div>Prvek: Non<\/div>\n<div>Horn\u00ed d\u00e9lka: Pravideln\u00fd<\/div>\n<div>V\u00fdst\u0159ih: V\u00fdst\u0159ih: \u017eelv\u00ed\/vysok\u00fd v\u00fdst\u0159ih<\/div>\n<div>Typ ruk\u00e1vu: Pravideln\u00fd<\/div>\n<div>D\u00e9lka ruk\u00e1v\u016f: Dlouh\u00fd ruk\u00e1v<\/div>\n<div>Hlavn\u00ed slo\u017een\u00ed: Materi\u00e1l: polyester<\/div>\n<div>Sez\u00f3na: Podzim\/zima<\/div>\n<p><img decoding=\"async\" src=\"https:\/\/ozponcho.com.au\/wp-content\/uploads\/2024\/03\/1178997431866490880.png\" \/><img decoding=\"async\" src=\"https:\/\/ozponcho.com.au\/wp-content\/uploads\/2024\/03\/O1CN01lgiwes1HIfsU26wqn_2331630735-0-cib.jpg\" \/><\/p>","protected":false},"excerpt":{"rendered":"<p>Cozy up in elegant style with the Autumn-Winter Plaid Turtleneck Poncho Sweater. Its warm camel hue, interwoven with classic black and red checks, defines seasonal fashion. Crafted from soft jersey and designed with an asymmetric hem, this women&#8217;s poncho combines comfort with a casual yet sophisticated flair. The draped turtleneck and long sleeves ensure warmth [&#8230;]","protected":false},"featured_media":14253,"template":"","meta":[],"product_brand":[],"product_cat":[219,229,226,15,230,228,210,221,224],"product_tag":[],"class_list":{"0":"post-14274","1":"product","2":"type-product","3":"status-publish","4":"has-post-thumbnail","6":"product_cat-black-poncho","7":"product_cat-blanket-poncho","8":"product_cat-brown-poncho","9":"product_cat-main-category","10":"product_cat-poncho-dress","11":"product_cat-poncho-sweater","12":"product_cat-poncho-women","13":"product_cat-red-poncho","14":"product_cat-yellow-poncho","16":"first","17":"outofstock","18":"shipping-taxable","19":"purchasable","20":"product-type-variable"},"yoast_head":"<!-- This site is optimized with the Yoast SEO plugin v25.9 - https:\/\/yoast.com\/wordpress\/plugins\/seo\/ -->\n<title>Turtleneck Plaid Poncho Sweater | \u010cesk\u00e1 republika #1 Poncho Shop<\/title>\n<meta name=\"description\" content=\"Looking for a Turtleneck Plaid Poncho Sweater ? You&#039;ve come to the right place \ud83d\ude04 We offers a wide selection of Turtleneck Plaid Poncho Sweater, perfect for you.\" \/>\n<meta name=\"robots\" content=\"index, follow, max-snippet:-1, max-image-preview:large, max-video-preview:-1\" \/>\n<link rel=\"canonical\" href=\"https:\/\/ozponcho.com.au\/cs\/p\/damsky-asymetricky-svetr-s-plastem\/\" \/>\n<meta property=\"og:locale\" content=\"cs_CZ\" \/>\n<meta property=\"og:type\" content=\"article\" \/>\n<meta property=\"og:title\" content=\"Turtleneck Plaid Poncho Sweater | \u010cesk\u00e1 republika #1 Poncho Shop\" \/>\n<meta property=\"og:description\" content=\"Looking for a Turtleneck Plaid Poncho Sweater ? You&#039;ve come to the right place \ud83d\ude04 We offers a wide selection of Turtleneck Plaid Poncho Sweater, perfect for you.\" \/>\n<meta property=\"og:url\" content=\"https:\/\/ozponcho.com.au\/cs\/p\/damsky-asymetricky-svetr-s-plastem\/\" \/>\n<meta property=\"og:site_name\" content=\"OZ Poncho\" \/>\n<meta property=\"article:modified_time\" content=\"2024-04-19T08:22:21+00:00\" \/>\n<meta property=\"og:image\" content=\"https:\/\/ozponcho.com.au\/wp-content\/uploads\/2023\/12\/O1CN01XozCOb1HIfsWtfvBP_2331630735-0-cib.jpg\" \/>\n\t<meta property=\"og:image:width\" content=\"1340\" \/>\n\t<meta property=\"og:image:height\" content=\"1785\" \/>\n\t<meta property=\"og:image:type\" content=\"image\/jpeg\" \/>\n<meta name=\"twitter:card\" content=\"summary_large_image\" \/>\n<meta name=\"twitter:label1\" content=\"Odhadovan\u00e1 doba \u010dten\u00ed\" \/>\n\t<meta name=\"twitter:data1\" content=\"1 minuta\" \/>\n<script type=\"application\/ld+json\" class=\"yoast-schema-graph\">{\"@context\":\"https:\/\/schema.org\",\"@graph\":[{\"@type\":\"WebPage\",\"@id\":\"https:\/\/ozponcho.com.au\/p\/women-asymmetric-cape-sweater\/\",\"url\":\"https:\/\/ozponcho.com.au\/p\/women-asymmetric-cape-sweater\/\",\"name\":\"Turtleneck Plaid Poncho Sweater | \u010cesk\u00e1 republika #1 Poncho Shop\",\"isPartOf\":{\"@id\":\"https:\/\/ozponcho.com.au\/#website\"},\"primaryImageOfPage\":{\"@id\":\"https:\/\/ozponcho.com.au\/p\/women-asymmetric-cape-sweater\/#primaryimage\"},\"image\":{\"@id\":\"https:\/\/ozponcho.com.au\/p\/women-asymmetric-cape-sweater\/#primaryimage\"},\"thumbnailUrl\":\"https:\/\/ozponcho.com.au\/wp-content\/uploads\/2023\/12\/O1CN01XozCOb1HIfsWtfvBP_2331630735-0-cib.jpg\",\"datePublished\":\"2023-12-13T07:43:55+00:00\",\"dateModified\":\"2024-04-19T08:22:21+00:00\",\"description\":\"Looking for a Turtleneck Plaid Poncho Sweater ? You've come to the right place \ud83d\ude04 We offers a wide selection of Turtleneck Plaid Poncho Sweater, perfect for you.\",\"breadcrumb\":{\"@id\":\"https:\/\/ozponcho.com.au\/p\/women-asymmetric-cape-sweater\/#breadcrumb\"},\"inLanguage\":\"cs\",\"potentialAction\":[{\"@type\":\"ReadAction\",\"target\":[\"https:\/\/ozponcho.com.au\/p\/women-asymmetric-cape-sweater\/\"]}]},{\"@type\":\"ImageObject\",\"inLanguage\":\"cs\",\"@id\":\"https:\/\/ozponcho.com.au\/p\/women-asymmetric-cape-sweater\/#primaryimage\",\"url\":\"https:\/\/ozponcho.com.au\/wp-content\/uploads\/2023\/12\/O1CN01XozCOb1HIfsWtfvBP_2331630735-0-cib.jpg\",\"contentUrl\":\"https:\/\/ozponcho.com.au\/wp-content\/uploads\/2023\/12\/O1CN01XozCOb1HIfsWtfvBP_2331630735-0-cib.jpg\",\"width\":1340,\"height\":1785,\"caption\":\"Turtleneck Plaid Poncho Sweater\"},{\"@type\":\"BreadcrumbList\",\"@id\":\"https:\/\/ozponcho.com.au\/p\/women-asymmetric-cape-sweater\/#breadcrumb\",\"itemListElement\":[{\"@type\":\"ListItem\",\"position\":1,\"name\":\"Home\",\"item\":\"https:\/\/ozponcho.com.au\/\"},{\"@type\":\"ListItem\",\"position\":2,\"name\":\"Shop\",\"item\":\"https:\/\/ozponcho.com.au\/shop\/\"},{\"@type\":\"ListItem\",\"position\":3,\"name\":\"Turtleneck Plaid Poncho Sweater\"}]},{\"@type\":\"WebSite\",\"@id\":\"https:\/\/ozponcho.com.au\/#website\",\"url\":\"https:\/\/ozponcho.com.au\/\",\"name\":\"OZ Poncho\",\"description\":\"\",\"potentialAction\":[{\"@type\":\"SearchAction\",\"target\":{\"@type\":\"EntryPoint\",\"urlTemplate\":\"https:\/\/ozponcho.com.au\/?s={search_term_string}\"},\"query-input\":{\"@type\":\"PropertyValueSpecification\",\"valueRequired\":true,\"valueName\":\"search_term_string\"}}],\"inLanguage\":\"cs\"}]}<\/script>\n<!-- \/ Yoast SEO plugin. -->","yoast_head_json":{"title":"Kostkovan\u00e9 pon\u010do s rol\u00e1kem | \u010cesk\u00e1 republika #1 Pon\u010do Shop","description":"Hled\u00e1te rol\u00e1k Kostkovan\u00fd svetr Pon\u010do ? Jste na spr\u00e1vn\u00e9m m\u00edst\u011b \ud83d\ude04 Nab\u00edz\u00edme \u0161irok\u00fd v\u00fdb\u011br svetr\u016f Turtleneck Plaid Poncho Sweater, kter\u00e9 jsou pro v\u00e1s ide\u00e1ln\u00ed.","robots":{"index":"index","follow":"follow","max-snippet":"max-snippet:-1","max-image-preview":"max-image-preview:large","max-video-preview":"max-video-preview:-1"},"canonical":"https:\/\/ozponcho.com.au\/cs\/p\/damsky-asymetricky-svetr-s-plastem\/","og_locale":"cs_CZ","og_type":"article","og_title":"Turtleneck Plaid Poncho Sweater | \u010cesk\u00e1 republika #1 Poncho Shop","og_description":"Looking for a Turtleneck Plaid Poncho Sweater ? You've come to the right place \ud83d\ude04 We offers a wide selection of Turtleneck Plaid Poncho Sweater, perfect for you.","og_url":"https:\/\/ozponcho.com.au\/cs\/p\/damsky-asymetricky-svetr-s-plastem\/","og_site_name":"OZ Poncho","article_modified_time":"2024-04-19T08:22:21+00:00","og_image":[{"width":1340,"height":1785,"url":"https:\/\/ozponcho.com.au\/wp-content\/uploads\/2023\/12\/O1CN01XozCOb1HIfsWtfvBP_2331630735-0-cib.jpg","type":"image\/jpeg"}],"twitter_card":"summary_large_image","twitter_misc":{"Odhadovan\u00e1 doba \u010dten\u00ed":"1 minuta"},"schema":{"@context":"https:\/\/schema.org","@graph":[{"@type":"WebPage","@id":"https:\/\/ozponcho.com.au\/p\/women-asymmetric-cape-sweater\/","url":"https:\/\/ozponcho.com.au\/p\/women-asymmetric-cape-sweater\/","name":"Kostkovan\u00e9 pon\u010do s rol\u00e1kem | \u010cesk\u00e1 republika #1 Pon\u010do Shop","isPartOf":{"@id":"https:\/\/ozponcho.com.au\/#website"},"primaryImageOfPage":{"@id":"https:\/\/ozponcho.com.au\/p\/women-asymmetric-cape-sweater\/#primaryimage"},"image":{"@id":"https:\/\/ozponcho.com.au\/p\/women-asymmetric-cape-sweater\/#primaryimage"},"thumbnailUrl":"https:\/\/ozponcho.com.au\/wp-content\/uploads\/2023\/12\/O1CN01XozCOb1HIfsWtfvBP_2331630735-0-cib.jpg","datePublished":"2023-12-13T07:43:55+00:00","dateModified":"2024-04-19T08:22:21+00:00","description":"Hled\u00e1te rol\u00e1k Kostkovan\u00fd svetr Pon\u010do ? Jste na spr\u00e1vn\u00e9m m\u00edst\u011b \ud83d\ude04 Nab\u00edz\u00edme \u0161irok\u00fd v\u00fdb\u011br svetr\u016f Turtleneck Plaid Poncho Sweater, kter\u00e9 jsou pro v\u00e1s ide\u00e1ln\u00ed.","breadcrumb":{"@id":"https:\/\/ozponcho.com.au\/p\/women-asymmetric-cape-sweater\/#breadcrumb"},"inLanguage":"cs","potentialAction":[{"@type":"ReadAction","target":["https:\/\/ozponcho.com.au\/p\/women-asymmetric-cape-sweater\/"]}]},{"@type":"ImageObject","inLanguage":"cs","@id":"https:\/\/ozponcho.com.au\/p\/women-asymmetric-cape-sweater\/#primaryimage","url":"https:\/\/ozponcho.com.au\/wp-content\/uploads\/2023\/12\/O1CN01XozCOb1HIfsWtfvBP_2331630735-0-cib.jpg","contentUrl":"https:\/\/ozponcho.com.au\/wp-content\/uploads\/2023\/12\/O1CN01XozCOb1HIfsWtfvBP_2331630735-0-cib.jpg","width":1340,"height":1785,"caption":"Turtleneck Plaid Poncho Sweater"},{"@type":"BreadcrumbList","@id":"https:\/\/ozponcho.com.au\/p\/women-asymmetric-cape-sweater\/#breadcrumb","itemListElement":[{"@type":"ListItem","position":1,"name":"Home","item":"https:\/\/ozponcho.com.au\/"},{"@type":"ListItem","position":2,"name":"Shop","item":"https:\/\/ozponcho.com.au\/shop\/"},{"@type":"ListItem","position":3,"name":"Turtleneck Plaid Poncho Sweater"}]},{"@type":"WebSite","@id":"https:\/\/ozponcho.com.au\/#website","url":"https:\/\/ozponcho.com.au\/","name":"OZ Poncho","description":"","potentialAction":[{"@type":"SearchAction","target":{"@type":"EntryPoint","urlTemplate":"https:\/\/ozponcho.com.au\/?s={search_term_string}"},"query-input":{"@type":"PropertyValueSpecification","valueRequired":true,"valueName":"search_term_string"}}],"inLanguage":"cs"}]}},"_links":{"self":[{"href":"https:\/\/ozponcho.com.au\/cs\/wp-json\/wp\/v2\/product\/14274","targetHints":{"allow":["GET"]}}],"collection":[{"href":"https:\/\/ozponcho.com.au\/cs\/wp-json\/wp\/v2\/product"}],"about":[{"href":"https:\/\/ozponcho.com.au\/cs\/wp-json\/wp\/v2\/types\/product"}],"wp:featuredmedia":[{"embeddable":true,"href":"https:\/\/ozponcho.com.au\/cs\/wp-json\/wp\/v2\/media\/14253"}],"wp:attachment":[{"href":"https:\/\/ozponcho.com.au\/cs\/wp-json\/wp\/v2\/media?parent=14274"}],"wp:term":[{"taxonomy":"product_brand","embeddable":true,"href":"https:\/\/ozponcho.com.au\/cs\/wp-json\/wp\/v2\/product_brand?post=14274"},{"taxonomy":"product_cat","embeddable":true,"href":"https:\/\/ozponcho.com.au\/cs\/wp-json\/wp\/v2\/product_cat?post=14274"},{"taxonomy":"product_tag","embeddable":true,"href":"https:\/\/ozponcho.com.au\/cs\/wp-json\/wp\/v2\/product_tag?post=14274"}],"curies":[{"name":"wp","href":"https:\/\/api.w.org\/{rel}","templated":true}]}}