{"id":14066,"date":"2023-12-13T18:43:00","date_gmt":"2023-12-13T07:43:00","guid":{"rendered":"https:\/\/ozponcho.com.au\/p\/autumn-winter-knitwear-turtleneck-irregular-asymmetric-pullover-sweater-women\/"},"modified":"2024-04-19T19:22:17","modified_gmt":"2024-04-19T08:22:17","slug":"turtleneck-checkered-poncho-sweater","status":"publish","type":"product","link":"https:\/\/ozponcho.com.au\/cs\/p\/turtleneck-checkered-poncho-sweater\/","title":{"rendered":"Elegantn\u00ed asymetrick\u00e9 pleten\u00e9 pon\u010do"},"content":{"rendered":"<p>Wrap yourself in the elegance of our Autumn Winter Knitwear Poncho, a must-have addition to your cold-weather wardrobe. Designed with a sophisticated turtleneck and an intriguing check pattern, this poncho blends the warmth of acrylic knitwear with a fashion-forward asymmetric cut. Its dolman sleeves offer a relaxed fit, perfect for layering over your favorite outfits. Indulge in the comfort of this stylish poncho sweater and elevate your fashion game this fall and winter season. The ivory color scheme ensures it&#8217;s a versatile piece that will complement a range of styles.<\/p>\n<div>Styl: Le\u017e\u00e9rn\u00ed<\/div>\n<div>P\u0159izp\u016fsoben\u00ed: Voln\u00fd<\/div>\n<div>Tkanina: Materi\u00e1l: Jersey<\/div>\n<div>Vzor: K\u00e1rovan\u00fd<\/div>\n<div>Prvek: Non<\/div>\n<div>Horn\u00ed d\u00e9lka: Dlouh\u00fd<\/div>\n<div>V\u00fdst\u0159ih: V\u00fdst\u0159ih: \u017eelv\u00ed\/vysok\u00fd v\u00fdst\u0159ih<\/div>\n<div>Typ ruk\u00e1vu: Ruk\u00e1v: Dolman<\/div>\n<div>D\u00e9lka ruk\u00e1v\u016f: Dlouh\u00fd ruk\u00e1v<\/div>\n<div>Hlavn\u00ed slo\u017een\u00ed: Akryl<\/div>\n<div>Sez\u00f3na: Podzim\/zima<\/div>\n<p><img decoding=\"async\" src=\"https:\/\/ozponcho.com.au\/wp-content\/uploads\/2024\/03\/1171462292672348160.png\" \/><img decoding=\"async\" src=\"https:\/\/ozponcho.com.au\/wp-content\/uploads\/2024\/03\/O1CN0107NCs31HIfy0Vsei0_2331630735-0-cib.jpg\" \/><\/p>","protected":false},"excerpt":{"rendered":"<p>Wrap yourself in the elegance of our Autumn Winter Knitwear Poncho, a must-have addition to your cold-weather wardrobe. Designed with a sophisticated turtleneck and an intriguing check pattern, this poncho blends the warmth of acrylic knitwear with a fashion-forward asymmetric cut. Its dolman sleeves offer a relaxed fit, perfect for layering over your favorite outfits. [&#8230;]","protected":false},"featured_media":14014,"template":"","meta":[],"product_brand":[],"product_cat":[219,216,15,230,228,214,210,215],"product_tag":[],"class_list":{"0":"post-14066","1":"product","2":"type-product","3":"status-publish","4":"has-post-thumbnail","6":"product_cat-black-poncho","7":"product_cat-cashmere-poncho","8":"product_cat-main-category","9":"product_cat-poncho-dress","10":"product_cat-poncho-sweater","11":"product_cat-knitted-crochet-poncho","12":"product_cat-poncho-women","13":"product_cat-wool-poncho","15":"first","16":"outofstock","17":"shipping-taxable","18":"purchasable","19":"product-type-variable"},"yoast_head":"<!-- This site is optimized with the Yoast SEO plugin v25.9 - https:\/\/yoast.com\/wordpress\/plugins\/seo\/ -->\n<title>Chic Asymmetric Knit Poncho | \u010cesk\u00e1 republika #1 Poncho Shop<\/title>\n<meta name=\"description\" content=\"Looking for a Chic Asymmetric Knit Poncho ? You&#039;ve come to the right place \ud83d\ude04 We offers a wide selection of Chic Asymmetric Knit Poncho, perfect for you.\" \/>\n<meta name=\"robots\" content=\"index, follow, max-snippet:-1, max-image-preview:large, max-video-preview:-1\" \/>\n<link rel=\"canonical\" href=\"https:\/\/ozponcho.com.au\/cs\/p\/turtleneck-checkered-poncho-sweater\/\" \/>\n<meta property=\"og:locale\" content=\"cs_CZ\" \/>\n<meta property=\"og:type\" content=\"article\" \/>\n<meta property=\"og:title\" content=\"Chic Asymmetric Knit Poncho | \u010cesk\u00e1 republika #1 Poncho Shop\" \/>\n<meta property=\"og:description\" content=\"Looking for a Chic Asymmetric Knit Poncho ? You&#039;ve come to the right place \ud83d\ude04 We offers a wide selection of Chic Asymmetric Knit Poncho, perfect for you.\" \/>\n<meta property=\"og:url\" content=\"https:\/\/ozponcho.com.au\/cs\/p\/turtleneck-checkered-poncho-sweater\/\" \/>\n<meta property=\"og:site_name\" content=\"OZ Poncho\" \/>\n<meta property=\"article:modified_time\" content=\"2024-04-19T08:22:17+00:00\" \/>\n<meta property=\"og:image\" content=\"https:\/\/ozponcho.com.au\/wp-content\/uploads\/2023\/12\/O1CN013GGjM31HIfy3UteQN_2331630735-0-cib.jpg\" \/>\n\t<meta property=\"og:image:width\" content=\"1200\" \/>\n\t<meta property=\"og:image:height\" content=\"1200\" \/>\n\t<meta property=\"og:image:type\" content=\"image\/jpeg\" \/>\n<meta name=\"twitter:card\" content=\"summary_large_image\" \/>\n<meta name=\"twitter:label1\" content=\"Odhadovan\u00e1 doba \u010dten\u00ed\" \/>\n\t<meta name=\"twitter:data1\" content=\"2 minuty\" \/>\n<script type=\"application\/ld+json\" class=\"yoast-schema-graph\">{\"@context\":\"https:\/\/schema.org\",\"@graph\":[{\"@type\":\"WebPage\",\"@id\":\"https:\/\/ozponcho.com.au\/p\/turtleneck-checkered-poncho-sweater\/\",\"url\":\"https:\/\/ozponcho.com.au\/p\/turtleneck-checkered-poncho-sweater\/\",\"name\":\"Chic Asymmetric Knit Poncho | \u010cesk\u00e1 republika #1 Poncho Shop\",\"isPartOf\":{\"@id\":\"https:\/\/ozponcho.com.au\/#website\"},\"primaryImageOfPage\":{\"@id\":\"https:\/\/ozponcho.com.au\/p\/turtleneck-checkered-poncho-sweater\/#primaryimage\"},\"image\":{\"@id\":\"https:\/\/ozponcho.com.au\/p\/turtleneck-checkered-poncho-sweater\/#primaryimage\"},\"thumbnailUrl\":\"https:\/\/ozponcho.com.au\/wp-content\/uploads\/2023\/12\/O1CN013GGjM31HIfy3UteQN_2331630735-0-cib.jpg\",\"datePublished\":\"2023-12-13T07:43:00+00:00\",\"dateModified\":\"2024-04-19T08:22:17+00:00\",\"description\":\"Looking for a Chic Asymmetric Knit Poncho ? You've come to the right place \ud83d\ude04 We offers a wide selection of Chic Asymmetric Knit Poncho, perfect for you.\",\"breadcrumb\":{\"@id\":\"https:\/\/ozponcho.com.au\/p\/turtleneck-checkered-poncho-sweater\/#breadcrumb\"},\"inLanguage\":\"cs\",\"potentialAction\":[{\"@type\":\"ReadAction\",\"target\":[\"https:\/\/ozponcho.com.au\/p\/turtleneck-checkered-poncho-sweater\/\"]}]},{\"@type\":\"ImageObject\",\"inLanguage\":\"cs\",\"@id\":\"https:\/\/ozponcho.com.au\/p\/turtleneck-checkered-poncho-sweater\/#primaryimage\",\"url\":\"https:\/\/ozponcho.com.au\/wp-content\/uploads\/2023\/12\/O1CN013GGjM31HIfy3UteQN_2331630735-0-cib.jpg\",\"contentUrl\":\"https:\/\/ozponcho.com.au\/wp-content\/uploads\/2023\/12\/O1CN013GGjM31HIfy3UteQN_2331630735-0-cib.jpg\",\"width\":1200,\"height\":1200,\"caption\":\"Chic Asymmetric Knit Poncho\"},{\"@type\":\"BreadcrumbList\",\"@id\":\"https:\/\/ozponcho.com.au\/p\/turtleneck-checkered-poncho-sweater\/#breadcrumb\",\"itemListElement\":[{\"@type\":\"ListItem\",\"position\":1,\"name\":\"Home\",\"item\":\"https:\/\/ozponcho.com.au\/\"},{\"@type\":\"ListItem\",\"position\":2,\"name\":\"Shop\",\"item\":\"https:\/\/ozponcho.com.au\/shop\/\"},{\"@type\":\"ListItem\",\"position\":3,\"name\":\"Chic Asymmetric Knit Poncho\"}]},{\"@type\":\"WebSite\",\"@id\":\"https:\/\/ozponcho.com.au\/#website\",\"url\":\"https:\/\/ozponcho.com.au\/\",\"name\":\"OZ Poncho\",\"description\":\"\",\"potentialAction\":[{\"@type\":\"SearchAction\",\"target\":{\"@type\":\"EntryPoint\",\"urlTemplate\":\"https:\/\/ozponcho.com.au\/?s={search_term_string}\"},\"query-input\":{\"@type\":\"PropertyValueSpecification\",\"valueRequired\":true,\"valueName\":\"search_term_string\"}}],\"inLanguage\":\"cs\"}]}<\/script>\n<!-- \/ Yoast SEO plugin. -->","yoast_head_json":{"title":"Chic Asymmetric Knit Poncho | \u010cesk\u00e1 republika #1 Poncho Shop","description":"Looking for a Chic Asymmetric Knit Poncho ? You've come to the right place \ud83d\ude04 We offers a wide selection of Chic Asymmetric Knit Poncho, perfect for you.","robots":{"index":"index","follow":"follow","max-snippet":"max-snippet:-1","max-image-preview":"max-image-preview:large","max-video-preview":"max-video-preview:-1"},"canonical":"https:\/\/ozponcho.com.au\/cs\/p\/turtleneck-checkered-poncho-sweater\/","og_locale":"cs_CZ","og_type":"article","og_title":"Chic Asymmetric Knit Poncho | \u010cesk\u00e1 republika #1 Poncho Shop","og_description":"Looking for a Chic Asymmetric Knit Poncho ? You've come to the right place \ud83d\ude04 We offers a wide selection of Chic Asymmetric Knit Poncho, perfect for you.","og_url":"https:\/\/ozponcho.com.au\/cs\/p\/turtleneck-checkered-poncho-sweater\/","og_site_name":"OZ Poncho","article_modified_time":"2024-04-19T08:22:17+00:00","og_image":[{"width":1200,"height":1200,"url":"https:\/\/ozponcho.com.au\/wp-content\/uploads\/2023\/12\/O1CN013GGjM31HIfy3UteQN_2331630735-0-cib.jpg","type":"image\/jpeg"}],"twitter_card":"summary_large_image","twitter_misc":{"Odhadovan\u00e1 doba \u010dten\u00ed":"2 minuty"},"schema":{"@context":"https:\/\/schema.org","@graph":[{"@type":"WebPage","@id":"https:\/\/ozponcho.com.au\/p\/turtleneck-checkered-poncho-sweater\/","url":"https:\/\/ozponcho.com.au\/p\/turtleneck-checkered-poncho-sweater\/","name":"Chic Asymmetric Knit Poncho | \u010cesk\u00e1 republika #1 Poncho Shop","isPartOf":{"@id":"https:\/\/ozponcho.com.au\/#website"},"primaryImageOfPage":{"@id":"https:\/\/ozponcho.com.au\/p\/turtleneck-checkered-poncho-sweater\/#primaryimage"},"image":{"@id":"https:\/\/ozponcho.com.au\/p\/turtleneck-checkered-poncho-sweater\/#primaryimage"},"thumbnailUrl":"https:\/\/ozponcho.com.au\/wp-content\/uploads\/2023\/12\/O1CN013GGjM31HIfy3UteQN_2331630735-0-cib.jpg","datePublished":"2023-12-13T07:43:00+00:00","dateModified":"2024-04-19T08:22:17+00:00","description":"Looking for a Chic Asymmetric Knit Poncho ? You've come to the right place \ud83d\ude04 We offers a wide selection of Chic Asymmetric Knit Poncho, perfect for you.","breadcrumb":{"@id":"https:\/\/ozponcho.com.au\/p\/turtleneck-checkered-poncho-sweater\/#breadcrumb"},"inLanguage":"cs","potentialAction":[{"@type":"ReadAction","target":["https:\/\/ozponcho.com.au\/p\/turtleneck-checkered-poncho-sweater\/"]}]},{"@type":"ImageObject","inLanguage":"cs","@id":"https:\/\/ozponcho.com.au\/p\/turtleneck-checkered-poncho-sweater\/#primaryimage","url":"https:\/\/ozponcho.com.au\/wp-content\/uploads\/2023\/12\/O1CN013GGjM31HIfy3UteQN_2331630735-0-cib.jpg","contentUrl":"https:\/\/ozponcho.com.au\/wp-content\/uploads\/2023\/12\/O1CN013GGjM31HIfy3UteQN_2331630735-0-cib.jpg","width":1200,"height":1200,"caption":"Chic Asymmetric Knit Poncho"},{"@type":"BreadcrumbList","@id":"https:\/\/ozponcho.com.au\/p\/turtleneck-checkered-poncho-sweater\/#breadcrumb","itemListElement":[{"@type":"ListItem","position":1,"name":"Home","item":"https:\/\/ozponcho.com.au\/"},{"@type":"ListItem","position":2,"name":"Shop","item":"https:\/\/ozponcho.com.au\/shop\/"},{"@type":"ListItem","position":3,"name":"Chic Asymmetric Knit Poncho"}]},{"@type":"WebSite","@id":"https:\/\/ozponcho.com.au\/#website","url":"https:\/\/ozponcho.com.au\/","name":"OZ Poncho","description":"","potentialAction":[{"@type":"SearchAction","target":{"@type":"EntryPoint","urlTemplate":"https:\/\/ozponcho.com.au\/?s={search_term_string}"},"query-input":{"@type":"PropertyValueSpecification","valueRequired":true,"valueName":"search_term_string"}}],"inLanguage":"cs"}]}},"_links":{"self":[{"href":"https:\/\/ozponcho.com.au\/cs\/wp-json\/wp\/v2\/product\/14066","targetHints":{"allow":["GET"]}}],"collection":[{"href":"https:\/\/ozponcho.com.au\/cs\/wp-json\/wp\/v2\/product"}],"about":[{"href":"https:\/\/ozponcho.com.au\/cs\/wp-json\/wp\/v2\/types\/product"}],"wp:featuredmedia":[{"embeddable":true,"href":"https:\/\/ozponcho.com.au\/cs\/wp-json\/wp\/v2\/media\/14014"}],"wp:attachment":[{"href":"https:\/\/ozponcho.com.au\/cs\/wp-json\/wp\/v2\/media?parent=14066"}],"wp:term":[{"taxonomy":"product_brand","embeddable":true,"href":"https:\/\/ozponcho.com.au\/cs\/wp-json\/wp\/v2\/product_brand?post=14066"},{"taxonomy":"product_cat","embeddable":true,"href":"https:\/\/ozponcho.com.au\/cs\/wp-json\/wp\/v2\/product_cat?post=14066"},{"taxonomy":"product_tag","embeddable":true,"href":"https:\/\/ozponcho.com.au\/cs\/wp-json\/wp\/v2\/product_tag?post=14066"}],"curies":[{"name":"wp","href":"https:\/\/api.w.org\/{rel}","templated":true}]}}