{"id":13999,"date":"2023-12-13T18:42:33","date_gmt":"2023-12-13T07:42:33","guid":{"rendered":"https:\/\/ozponcho.com.au\/p\/solid-color-cape-sweater-turtleneck-sweater\/"},"modified":"2024-04-19T18:41:31","modified_gmt":"2024-04-19T07:41:31","slug":"trendy-sweater-cape-top","status":"publish","type":"product","link":"https:\/\/ozponcho.com.au\/cs\/p\/trendy-sweater-cape-top\/","title":{"rendered":"Elegantn\u00ed svetr s rol\u00e1kem a pon\u010dem"},"content":{"rendered":"<p>Elevate your fall\/winter wardrobe with this beautifully crafted poncho sweater, perfect for anyone seeking a blend of comfort and style. The camel brown hue resonates with earthy elegance, while the turtleneck design offers both warmth and sophistication. Its loose fit ensures ease of movement, and the asymmetric hem with playful frayed edges adds just the right amount of casual flair. Made with soft jersey fabric, this poncho promises to become a go-to piece for those chilly days out or cozy evenings in. Embrace the season in style \u00e2\u20ac\u201c your chic turtleneck poncho awaits!<\/p>\n<div>Styl: Le\u017e\u00e9rn\u00ed<\/div>\n<div>P\u0159izp\u016fsoben\u00ed: Voln\u00fd<\/div>\n<div>Tkanina: Materi\u00e1l: Jersey<\/div>\n<div>Vzor: Pevn\u00fd<\/div>\n<div>Prvek: Non<\/div>\n<div>Horn\u00ed d\u00e9lka: Dlouh\u00fd<\/div>\n<div>V\u00fdst\u0159ih: V\u00fdst\u0159ih: \u017eelv\u00ed\/vysok\u00fd v\u00fdst\u0159ih<\/div>\n<div>Typ ruk\u00e1vu: Ostatn\u00ed<\/div>\n<div>D\u00e9lka ruk\u00e1vu: 3\/4 ruk\u00e1v<\/div>\n<div>Hlavn\u00ed slo\u017een\u00ed: Materi\u00e1l: polyester<\/div>\n<div>Sez\u00f3na: Podzim\/zima<\/div>\n<p><img decoding=\"async\" src=\"https:\/\/ozponcho.com.au\/wp-content\/uploads\/2024\/03\/1024014629132566528.png\" \/><img decoding=\"async\" src=\"https:\/\/ozponcho.com.au\/wp-content\/uploads\/2024\/03\/O1CN01XkYVwP1HIft10W6wM_2331630735-0-cib.jpg\" \/><img decoding=\"async\" src=\"https:\/\/ozponcho.com.au\/wp-content\/uploads\/2024\/03\/O1CN01DfVKr21HIft49gpDj_2331630735-0-cib.jpg\" \/><img decoding=\"async\" src=\"https:\/\/ozponcho.com.au\/wp-content\/uploads\/2024\/03\/O1CN01H5dCz71HIft6JPazc_2331630735-0-cib.jpg\" \/><img decoding=\"async\" src=\"https:\/\/ozponcho.com.au\/wp-content\/uploads\/2024\/03\/O1CN017vxmK31HIft5mY88X_2331630735-0-cib.jpg\" \/><img decoding=\"async\" src=\"https:\/\/ozponcho.com.au\/wp-content\/uploads\/2024\/03\/O1CN018qCl7i1HIftCQ6exH_2331630735-0-cib.jpg\" \/><img decoding=\"async\" src=\"https:\/\/ozponcho.com.au\/wp-content\/uploads\/2024\/03\/O1CN01Sv54t81HIft7Z5HlU_2331630735-0-cib.jpg\" \/><img decoding=\"async\" src=\"https:\/\/ozponcho.com.au\/wp-content\/uploads\/2024\/03\/O1CN01vSrg0W1HIftDFDTGX_2331630735-0-cib.jpg\" \/><\/p>","protected":false},"excerpt":{"rendered":"<p>Elevate your fall\/winter wardrobe with this beautifully crafted poncho sweater, perfect for anyone seeking a blend of comfort and style. The camel brown hue resonates with earthy elegance, while the turtleneck design offers both warmth and sophistication. Its loose fit ensures ease of movement, and the asymmetric hem with playful frayed edges adds just the [&#8230;]","protected":false},"featured_media":13972,"template":"","meta":[],"product_brand":[],"product_cat":[226,216,15,230,228,214,210],"product_tag":[],"class_list":{"0":"post-13999","1":"product","2":"type-product","3":"status-publish","4":"has-post-thumbnail","6":"product_cat-brown-poncho","7":"product_cat-cashmere-poncho","8":"product_cat-main-category","9":"product_cat-poncho-dress","10":"product_cat-poncho-sweater","11":"product_cat-knitted-crochet-poncho","12":"product_cat-poncho-women","14":"first","15":"outofstock","16":"shipping-taxable","17":"purchasable","18":"product-type-variable"},"yoast_head":"<!-- This site is optimized with the Yoast SEO plugin v25.9 - https:\/\/yoast.com\/wordpress\/plugins\/seo\/ -->\n<title>Chic Turtleneck Poncho Sweater | \u010cesk\u00e1 republika #1 Poncho Shop<\/title>\n<meta name=\"description\" content=\"Looking for a Chic Turtleneck Poncho Sweater ? You&#039;ve come to the right place \ud83d\ude04 We offers a wide selection of Chic Turtleneck Poncho Sweater, perfect for you.\" \/>\n<meta name=\"robots\" content=\"index, follow, max-snippet:-1, max-image-preview:large, max-video-preview:-1\" \/>\n<link rel=\"canonical\" href=\"https:\/\/ozponcho.com.au\/cs\/p\/trendy-sweater-cape-top\/\" \/>\n<meta property=\"og:locale\" content=\"cs_CZ\" \/>\n<meta property=\"og:type\" content=\"article\" \/>\n<meta property=\"og:title\" content=\"Chic Turtleneck Poncho Sweater | \u010cesk\u00e1 republika #1 Poncho Shop\" \/>\n<meta property=\"og:description\" content=\"Looking for a Chic Turtleneck Poncho Sweater ? You&#039;ve come to the right place \ud83d\ude04 We offers a wide selection of Chic Turtleneck Poncho Sweater, perfect for you.\" \/>\n<meta property=\"og:url\" content=\"https:\/\/ozponcho.com.au\/cs\/p\/trendy-sweater-cape-top\/\" \/>\n<meta property=\"og:site_name\" content=\"OZ Poncho\" \/>\n<meta property=\"article:modified_time\" content=\"2024-04-19T07:41:31+00:00\" \/>\n<meta property=\"og:image\" content=\"https:\/\/ozponcho.com.au\/wp-content\/uploads\/2023\/12\/O1CN01dvvWSF1HIft10WNXj_2331630735-0-cib.jpg\" \/>\n\t<meta property=\"og:image:width\" content=\"800\" \/>\n\t<meta property=\"og:image:height\" content=\"800\" \/>\n\t<meta property=\"og:image:type\" content=\"image\/jpeg\" \/>\n<meta name=\"twitter:card\" content=\"summary_large_image\" \/>\n<meta name=\"twitter:label1\" content=\"Odhadovan\u00e1 doba \u010dten\u00ed\" \/>\n\t<meta name=\"twitter:data1\" content=\"3 minuty\" \/>\n<script type=\"application\/ld+json\" class=\"yoast-schema-graph\">{\"@context\":\"https:\/\/schema.org\",\"@graph\":[{\"@type\":\"WebPage\",\"@id\":\"https:\/\/ozponcho.com.au\/p\/trendy-sweater-cape-top\/\",\"url\":\"https:\/\/ozponcho.com.au\/p\/trendy-sweater-cape-top\/\",\"name\":\"Chic Turtleneck Poncho Sweater | \u010cesk\u00e1 republika #1 Poncho Shop\",\"isPartOf\":{\"@id\":\"https:\/\/ozponcho.com.au\/#website\"},\"primaryImageOfPage\":{\"@id\":\"https:\/\/ozponcho.com.au\/p\/trendy-sweater-cape-top\/#primaryimage\"},\"image\":{\"@id\":\"https:\/\/ozponcho.com.au\/p\/trendy-sweater-cape-top\/#primaryimage\"},\"thumbnailUrl\":\"https:\/\/ozponcho.com.au\/wp-content\/uploads\/2023\/12\/O1CN01dvvWSF1HIft10WNXj_2331630735-0-cib.jpg\",\"datePublished\":\"2023-12-13T07:42:33+00:00\",\"dateModified\":\"2024-04-19T07:41:31+00:00\",\"description\":\"Looking for a Chic Turtleneck Poncho Sweater ? You've come to the right place \ud83d\ude04 We offers a wide selection of Chic Turtleneck Poncho Sweater, perfect for you.\",\"breadcrumb\":{\"@id\":\"https:\/\/ozponcho.com.au\/p\/trendy-sweater-cape-top\/#breadcrumb\"},\"inLanguage\":\"cs\",\"potentialAction\":[{\"@type\":\"ReadAction\",\"target\":[\"https:\/\/ozponcho.com.au\/p\/trendy-sweater-cape-top\/\"]}]},{\"@type\":\"ImageObject\",\"inLanguage\":\"cs\",\"@id\":\"https:\/\/ozponcho.com.au\/p\/trendy-sweater-cape-top\/#primaryimage\",\"url\":\"https:\/\/ozponcho.com.au\/wp-content\/uploads\/2023\/12\/O1CN01dvvWSF1HIft10WNXj_2331630735-0-cib.jpg\",\"contentUrl\":\"https:\/\/ozponcho.com.au\/wp-content\/uploads\/2023\/12\/O1CN01dvvWSF1HIft10WNXj_2331630735-0-cib.jpg\",\"width\":800,\"height\":800,\"caption\":\"Chic Turtleneck Poncho Sweater\"},{\"@type\":\"BreadcrumbList\",\"@id\":\"https:\/\/ozponcho.com.au\/p\/trendy-sweater-cape-top\/#breadcrumb\",\"itemListElement\":[{\"@type\":\"ListItem\",\"position\":1,\"name\":\"Home\",\"item\":\"https:\/\/ozponcho.com.au\/\"},{\"@type\":\"ListItem\",\"position\":2,\"name\":\"Shop\",\"item\":\"https:\/\/ozponcho.com.au\/shop\/\"},{\"@type\":\"ListItem\",\"position\":3,\"name\":\"Chic Turtleneck Poncho Sweater\"}]},{\"@type\":\"WebSite\",\"@id\":\"https:\/\/ozponcho.com.au\/#website\",\"url\":\"https:\/\/ozponcho.com.au\/\",\"name\":\"OZ Poncho\",\"description\":\"\",\"potentialAction\":[{\"@type\":\"SearchAction\",\"target\":{\"@type\":\"EntryPoint\",\"urlTemplate\":\"https:\/\/ozponcho.com.au\/?s={search_term_string}\"},\"query-input\":{\"@type\":\"PropertyValueSpecification\",\"valueRequired\":true,\"valueName\":\"search_term_string\"}}],\"inLanguage\":\"cs\"}]}<\/script>\n<!-- \/ Yoast SEO plugin. -->","yoast_head_json":{"title":"Elegantn\u00ed svetr s rol\u00e1kem | \u010cesk\u00e1 republika #1 Poncho Shop","description":"Hled\u00e1te elegantn\u00ed rol\u00e1k Poncho Sweater ? Jste na spr\u00e1vn\u00e9m m\u00edst\u011b \ud83d\ude04 Nab\u00edz\u00edme \u0161irok\u00fd v\u00fdb\u011br Chic Turtleneck Poncho Sweater, ide\u00e1ln\u00ed pro v\u00e1s.","robots":{"index":"index","follow":"follow","max-snippet":"max-snippet:-1","max-image-preview":"max-image-preview:large","max-video-preview":"max-video-preview:-1"},"canonical":"https:\/\/ozponcho.com.au\/cs\/p\/trendy-sweater-cape-top\/","og_locale":"cs_CZ","og_type":"article","og_title":"Chic Turtleneck Poncho Sweater | \u010cesk\u00e1 republika #1 Poncho Shop","og_description":"Looking for a Chic Turtleneck Poncho Sweater ? You've come to the right place \ud83d\ude04 We offers a wide selection of Chic Turtleneck Poncho Sweater, perfect for you.","og_url":"https:\/\/ozponcho.com.au\/cs\/p\/trendy-sweater-cape-top\/","og_site_name":"OZ Poncho","article_modified_time":"2024-04-19T07:41:31+00:00","og_image":[{"width":800,"height":800,"url":"https:\/\/ozponcho.com.au\/wp-content\/uploads\/2023\/12\/O1CN01dvvWSF1HIft10WNXj_2331630735-0-cib.jpg","type":"image\/jpeg"}],"twitter_card":"summary_large_image","twitter_misc":{"Odhadovan\u00e1 doba \u010dten\u00ed":"3 minuty"},"schema":{"@context":"https:\/\/schema.org","@graph":[{"@type":"WebPage","@id":"https:\/\/ozponcho.com.au\/p\/trendy-sweater-cape-top\/","url":"https:\/\/ozponcho.com.au\/p\/trendy-sweater-cape-top\/","name":"Elegantn\u00ed svetr s rol\u00e1kem | \u010cesk\u00e1 republika #1 Poncho Shop","isPartOf":{"@id":"https:\/\/ozponcho.com.au\/#website"},"primaryImageOfPage":{"@id":"https:\/\/ozponcho.com.au\/p\/trendy-sweater-cape-top\/#primaryimage"},"image":{"@id":"https:\/\/ozponcho.com.au\/p\/trendy-sweater-cape-top\/#primaryimage"},"thumbnailUrl":"https:\/\/ozponcho.com.au\/wp-content\/uploads\/2023\/12\/O1CN01dvvWSF1HIft10WNXj_2331630735-0-cib.jpg","datePublished":"2023-12-13T07:42:33+00:00","dateModified":"2024-04-19T07:41:31+00:00","description":"Hled\u00e1te elegantn\u00ed rol\u00e1k Poncho Sweater ? Jste na spr\u00e1vn\u00e9m m\u00edst\u011b \ud83d\ude04 Nab\u00edz\u00edme \u0161irok\u00fd v\u00fdb\u011br Chic Turtleneck Poncho Sweater, ide\u00e1ln\u00ed pro v\u00e1s.","breadcrumb":{"@id":"https:\/\/ozponcho.com.au\/p\/trendy-sweater-cape-top\/#breadcrumb"},"inLanguage":"cs","potentialAction":[{"@type":"ReadAction","target":["https:\/\/ozponcho.com.au\/p\/trendy-sweater-cape-top\/"]}]},{"@type":"ImageObject","inLanguage":"cs","@id":"https:\/\/ozponcho.com.au\/p\/trendy-sweater-cape-top\/#primaryimage","url":"https:\/\/ozponcho.com.au\/wp-content\/uploads\/2023\/12\/O1CN01dvvWSF1HIft10WNXj_2331630735-0-cib.jpg","contentUrl":"https:\/\/ozponcho.com.au\/wp-content\/uploads\/2023\/12\/O1CN01dvvWSF1HIft10WNXj_2331630735-0-cib.jpg","width":800,"height":800,"caption":"Chic Turtleneck Poncho Sweater"},{"@type":"BreadcrumbList","@id":"https:\/\/ozponcho.com.au\/p\/trendy-sweater-cape-top\/#breadcrumb","itemListElement":[{"@type":"ListItem","position":1,"name":"Home","item":"https:\/\/ozponcho.com.au\/"},{"@type":"ListItem","position":2,"name":"Shop","item":"https:\/\/ozponcho.com.au\/shop\/"},{"@type":"ListItem","position":3,"name":"Chic Turtleneck Poncho Sweater"}]},{"@type":"WebSite","@id":"https:\/\/ozponcho.com.au\/#website","url":"https:\/\/ozponcho.com.au\/","name":"OZ Poncho","description":"","potentialAction":[{"@type":"SearchAction","target":{"@type":"EntryPoint","urlTemplate":"https:\/\/ozponcho.com.au\/?s={search_term_string}"},"query-input":{"@type":"PropertyValueSpecification","valueRequired":true,"valueName":"search_term_string"}}],"inLanguage":"cs"}]}},"_links":{"self":[{"href":"https:\/\/ozponcho.com.au\/cs\/wp-json\/wp\/v2\/product\/13999","targetHints":{"allow":["GET"]}}],"collection":[{"href":"https:\/\/ozponcho.com.au\/cs\/wp-json\/wp\/v2\/product"}],"about":[{"href":"https:\/\/ozponcho.com.au\/cs\/wp-json\/wp\/v2\/types\/product"}],"wp:featuredmedia":[{"embeddable":true,"href":"https:\/\/ozponcho.com.au\/cs\/wp-json\/wp\/v2\/media\/13972"}],"wp:attachment":[{"href":"https:\/\/ozponcho.com.au\/cs\/wp-json\/wp\/v2\/media?parent=13999"}],"wp:term":[{"taxonomy":"product_brand","embeddable":true,"href":"https:\/\/ozponcho.com.au\/cs\/wp-json\/wp\/v2\/product_brand?post=13999"},{"taxonomy":"product_cat","embeddable":true,"href":"https:\/\/ozponcho.com.au\/cs\/wp-json\/wp\/v2\/product_cat?post=13999"},{"taxonomy":"product_tag","embeddable":true,"href":"https:\/\/ozponcho.com.au\/cs\/wp-json\/wp\/v2\/product_tag?post=13999"}],"curies":[{"name":"wp","href":"https:\/\/api.w.org\/{rel}","templated":true}]}}