{"id":13949,"date":"2023-12-13T18:42:09","date_gmt":"2023-12-13T07:42:09","guid":{"rendered":"https:\/\/ozponcho.com.au\/p\/autumn-winter-sweater-irregular-asymmetric-beaded-tassel-shawl-women\/"},"modified":"2024-04-19T18:40:34","modified_gmt":"2024-04-19T07:40:34","slug":"asymmetric-fringe-women-poncho","status":"publish","type":"product","link":"https:\/\/ozponcho.com.au\/cs\/p\/asymetricke-damske-ponco-s-trasnemi\/","title":{"rendered":"Svetr Pon\u010do se st\u0159apci z kor\u00e1lk\u016f"},"content":{"rendered":"<p>Zahalte se do elegance s t\u00edmto podzimn\u00edm zimn\u00edm svetrem Poncho, kter\u00fd je ide\u00e1ln\u00ed pro ty, kte\u0159\u00ed cht\u011bj\u00ed z\u016fstat v pohodl\u00ed a z\u00e1rove\u0148 vyza\u0159ovat styl. Pon\u010do z dresov\u00e9ho \u00fapletu se py\u0161n\u00ed kr\u00e1sn\u00fdmi kor\u00e1lkov\u00fdmi akcenty a st\u0159apci s t\u0159\u00e1sn\u011bmi, kter\u00e9 dodaj\u00ed ka\u017ed\u00e9mu outfitu n\u00e1dech sofistikovanosti. Je dostate\u010dn\u011b univerz\u00e1ln\u00ed, abyste ho mohli kombinovat s d\u017e\u00ednami pro le\u017e\u00e9rn\u00ed vzhled nebo ho navrstvit na \u0161aty pro ve\u010dern\u00ed zah\u0159\u00e1t\u00ed. Voln\u00fd st\u0159ih zaji\u0161\u0165uje pohodl\u00ed, zat\u00edmco dlouh\u00e9 ruk\u00e1vy a v\u00fdst\u0159ih poskytuj\u00ed kryt\u00ed pro chladn\u011bj\u0161\u00ed dny. P\u0159ijm\u011bte chladn\u011bj\u0161\u00ed m\u011bs\u00edce s t\u00edmto elegantn\u00edm pon\u010dem s asymetrick\u00fdm designem - stylov\u00fdm \u0159e\u0161en\u00edm pro podzimn\u00ed a zimn\u00ed m\u00f3du.<\/p>\n<div>Styl: Le\u017e\u00e9rn\u00ed<\/div>\n<div>P\u0159izp\u016fsoben\u00ed: Voln\u00fd<\/div>\n<div>Tkanina: Materi\u00e1l: Jersey<\/div>\n<div>Vzor: Pevn\u00fd<\/div>\n<div>Prvek: Kor\u00e1lkov\u00e1n\u00ed<\/div>","protected":false},"excerpt":{"rendered":"<p>Drape yourself in elegance with this Autumn Winter Sweater Poncho, perfect for those wanting to stay cozy while exuding style. The jersey-knit poncho boasts beautiful beaded accents and fringe tassels, adding a touch of sophistication to any outfit. It&#8217;s versatile enough to pair with jeans for a casual look or to layer over a dress [&#8230;]","protected":false},"featured_media":13866,"template":"","meta":[],"product_brand":[],"product_cat":[226,15,228,214,210,221],"product_tag":[],"class_list":{"0":"post-13949","1":"product","2":"type-product","3":"status-publish","4":"has-post-thumbnail","6":"product_cat-brown-poncho","7":"product_cat-main-category","8":"product_cat-poncho-sweater","9":"product_cat-knitted-crochet-poncho","10":"product_cat-poncho-women","11":"product_cat-red-poncho","13":"first","14":"outofstock","15":"shipping-taxable","16":"purchasable","17":"product-type-variable"},"yoast_head":"<!-- This site is optimized with the Yoast SEO plugin v25.9 - https:\/\/yoast.com\/wordpress\/plugins\/seo\/ -->\n<title>Beaded Tassel Poncho Sweater | \u010cesk\u00e1 republika #1 Poncho Shop<\/title>\n<meta name=\"description\" content=\"Looking for a Beaded Tassel Poncho Sweater ? You&#039;ve come to the right place \ud83d\ude04 We offers a wide selection of Beaded Tassel Poncho Sweater, perfect for you.\" \/>\n<meta name=\"robots\" content=\"index, follow, max-snippet:-1, max-image-preview:large, max-video-preview:-1\" \/>\n<link rel=\"canonical\" href=\"https:\/\/ozponcho.com.au\/cs\/p\/asymetricke-damske-ponco-s-trasnemi\/\" \/>\n<meta property=\"og:locale\" content=\"cs_CZ\" \/>\n<meta property=\"og:type\" content=\"article\" \/>\n<meta property=\"og:title\" content=\"Beaded Tassel Poncho Sweater | \u010cesk\u00e1 republika #1 Poncho Shop\" \/>\n<meta property=\"og:description\" content=\"Looking for a Beaded Tassel Poncho Sweater ? You&#039;ve come to the right place \ud83d\ude04 We offers a wide selection of Beaded Tassel Poncho Sweater, perfect for you.\" \/>\n<meta property=\"og:url\" content=\"https:\/\/ozponcho.com.au\/cs\/p\/asymetricke-damske-ponco-s-trasnemi\/\" \/>\n<meta property=\"og:site_name\" content=\"OZ Poncho\" \/>\n<meta property=\"article:modified_time\" content=\"2024-04-19T07:40:34+00:00\" \/>\n<meta property=\"og:image\" content=\"https:\/\/ozponcho.com.au\/wp-content\/uploads\/2023\/12\/O1CN01jBNynO1HIfspld0r8_2331630735-0-cib.jpg\" \/>\n\t<meta property=\"og:image:width\" content=\"1340\" \/>\n\t<meta property=\"og:image:height\" content=\"1785\" \/>\n\t<meta property=\"og:image:type\" content=\"image\/jpeg\" \/>\n<meta name=\"twitter:card\" content=\"summary_large_image\" \/>\n<meta name=\"twitter:label1\" content=\"Odhadovan\u00e1 doba \u010dten\u00ed\" \/>\n\t<meta name=\"twitter:data1\" content=\"1 minuta\" \/>\n<script type=\"application\/ld+json\" class=\"yoast-schema-graph\">{\"@context\":\"https:\/\/schema.org\",\"@graph\":[{\"@type\":\"WebPage\",\"@id\":\"https:\/\/ozponcho.com.au\/p\/asymmetric-fringe-women-poncho\/\",\"url\":\"https:\/\/ozponcho.com.au\/p\/asymmetric-fringe-women-poncho\/\",\"name\":\"Beaded Tassel Poncho Sweater | \u010cesk\u00e1 republika #1 Poncho Shop\",\"isPartOf\":{\"@id\":\"https:\/\/ozponcho.com.au\/#website\"},\"primaryImageOfPage\":{\"@id\":\"https:\/\/ozponcho.com.au\/p\/asymmetric-fringe-women-poncho\/#primaryimage\"},\"image\":{\"@id\":\"https:\/\/ozponcho.com.au\/p\/asymmetric-fringe-women-poncho\/#primaryimage\"},\"thumbnailUrl\":\"https:\/\/ozponcho.com.au\/wp-content\/uploads\/2023\/12\/O1CN01jBNynO1HIfspld0r8_2331630735-0-cib.jpg\",\"datePublished\":\"2023-12-13T07:42:09+00:00\",\"dateModified\":\"2024-04-19T07:40:34+00:00\",\"description\":\"Looking for a Beaded Tassel Poncho Sweater ? You've come to the right place \ud83d\ude04 We offers a wide selection of Beaded Tassel Poncho Sweater, perfect for you.\",\"breadcrumb\":{\"@id\":\"https:\/\/ozponcho.com.au\/p\/asymmetric-fringe-women-poncho\/#breadcrumb\"},\"inLanguage\":\"cs\",\"potentialAction\":[{\"@type\":\"ReadAction\",\"target\":[\"https:\/\/ozponcho.com.au\/p\/asymmetric-fringe-women-poncho\/\"]}]},{\"@type\":\"ImageObject\",\"inLanguage\":\"cs\",\"@id\":\"https:\/\/ozponcho.com.au\/p\/asymmetric-fringe-women-poncho\/#primaryimage\",\"url\":\"https:\/\/ozponcho.com.au\/wp-content\/uploads\/2023\/12\/O1CN01jBNynO1HIfspld0r8_2331630735-0-cib.jpg\",\"contentUrl\":\"https:\/\/ozponcho.com.au\/wp-content\/uploads\/2023\/12\/O1CN01jBNynO1HIfspld0r8_2331630735-0-cib.jpg\",\"width\":1340,\"height\":1785,\"caption\":\"Beaded Tassel Poncho Sweater\"},{\"@type\":\"BreadcrumbList\",\"@id\":\"https:\/\/ozponcho.com.au\/p\/asymmetric-fringe-women-poncho\/#breadcrumb\",\"itemListElement\":[{\"@type\":\"ListItem\",\"position\":1,\"name\":\"Home\",\"item\":\"https:\/\/ozponcho.com.au\/\"},{\"@type\":\"ListItem\",\"position\":2,\"name\":\"Shop\",\"item\":\"https:\/\/ozponcho.com.au\/shop\/\"},{\"@type\":\"ListItem\",\"position\":3,\"name\":\"Beaded Tassel Poncho Sweater\"}]},{\"@type\":\"WebSite\",\"@id\":\"https:\/\/ozponcho.com.au\/#website\",\"url\":\"https:\/\/ozponcho.com.au\/\",\"name\":\"OZ Poncho\",\"description\":\"\",\"potentialAction\":[{\"@type\":\"SearchAction\",\"target\":{\"@type\":\"EntryPoint\",\"urlTemplate\":\"https:\/\/ozponcho.com.au\/?s={search_term_string}\"},\"query-input\":{\"@type\":\"PropertyValueSpecification\",\"valueRequired\":true,\"valueName\":\"search_term_string\"}}],\"inLanguage\":\"cs\"}]}<\/script>\n<!-- \/ Yoast SEO plugin. -->","yoast_head_json":{"title":"Pon\u010do svetr se st\u0159apci | \u010cesk\u00e1 republika #1 Pon\u010do Shop","description":"Hled\u00e1te svetr Pon\u010do se st\u0159apci z kor\u00e1lk\u016f ? Jste na spr\u00e1vn\u00e9m m\u00edst\u011b \ud83d\ude04 Nab\u00edz\u00edme \u0161irok\u00fd v\u00fdb\u011br svetr\u016f Beaded Tassel Poncho, kter\u00e9 jsou pro v\u00e1s ide\u00e1ln\u00ed.","robots":{"index":"index","follow":"follow","max-snippet":"max-snippet:-1","max-image-preview":"max-image-preview:large","max-video-preview":"max-video-preview:-1"},"canonical":"https:\/\/ozponcho.com.au\/cs\/p\/asymetricke-damske-ponco-s-trasnemi\/","og_locale":"cs_CZ","og_type":"article","og_title":"Beaded Tassel Poncho Sweater | \u010cesk\u00e1 republika #1 Poncho Shop","og_description":"Looking for a Beaded Tassel Poncho Sweater ? You've come to the right place \ud83d\ude04 We offers a wide selection of Beaded Tassel Poncho Sweater, perfect for you.","og_url":"https:\/\/ozponcho.com.au\/cs\/p\/asymetricke-damske-ponco-s-trasnemi\/","og_site_name":"OZ Poncho","article_modified_time":"2024-04-19T07:40:34+00:00","og_image":[{"width":1340,"height":1785,"url":"https:\/\/ozponcho.com.au\/wp-content\/uploads\/2023\/12\/O1CN01jBNynO1HIfspld0r8_2331630735-0-cib.jpg","type":"image\/jpeg"}],"twitter_card":"summary_large_image","twitter_misc":{"Odhadovan\u00e1 doba \u010dten\u00ed":"1 minuta"},"schema":{"@context":"https:\/\/schema.org","@graph":[{"@type":"WebPage","@id":"https:\/\/ozponcho.com.au\/p\/asymmetric-fringe-women-poncho\/","url":"https:\/\/ozponcho.com.au\/p\/asymmetric-fringe-women-poncho\/","name":"Pon\u010do svetr se st\u0159apci | \u010cesk\u00e1 republika #1 Pon\u010do Shop","isPartOf":{"@id":"https:\/\/ozponcho.com.au\/#website"},"primaryImageOfPage":{"@id":"https:\/\/ozponcho.com.au\/p\/asymmetric-fringe-women-poncho\/#primaryimage"},"image":{"@id":"https:\/\/ozponcho.com.au\/p\/asymmetric-fringe-women-poncho\/#primaryimage"},"thumbnailUrl":"https:\/\/ozponcho.com.au\/wp-content\/uploads\/2023\/12\/O1CN01jBNynO1HIfspld0r8_2331630735-0-cib.jpg","datePublished":"2023-12-13T07:42:09+00:00","dateModified":"2024-04-19T07:40:34+00:00","description":"Hled\u00e1te svetr Pon\u010do se st\u0159apci z kor\u00e1lk\u016f ? Jste na spr\u00e1vn\u00e9m m\u00edst\u011b \ud83d\ude04 Nab\u00edz\u00edme \u0161irok\u00fd v\u00fdb\u011br svetr\u016f Beaded Tassel Poncho, kter\u00e9 jsou pro v\u00e1s ide\u00e1ln\u00ed.","breadcrumb":{"@id":"https:\/\/ozponcho.com.au\/p\/asymmetric-fringe-women-poncho\/#breadcrumb"},"inLanguage":"cs","potentialAction":[{"@type":"ReadAction","target":["https:\/\/ozponcho.com.au\/p\/asymmetric-fringe-women-poncho\/"]}]},{"@type":"ImageObject","inLanguage":"cs","@id":"https:\/\/ozponcho.com.au\/p\/asymmetric-fringe-women-poncho\/#primaryimage","url":"https:\/\/ozponcho.com.au\/wp-content\/uploads\/2023\/12\/O1CN01jBNynO1HIfspld0r8_2331630735-0-cib.jpg","contentUrl":"https:\/\/ozponcho.com.au\/wp-content\/uploads\/2023\/12\/O1CN01jBNynO1HIfspld0r8_2331630735-0-cib.jpg","width":1340,"height":1785,"caption":"Beaded Tassel Poncho Sweater"},{"@type":"BreadcrumbList","@id":"https:\/\/ozponcho.com.au\/p\/asymmetric-fringe-women-poncho\/#breadcrumb","itemListElement":[{"@type":"ListItem","position":1,"name":"Home","item":"https:\/\/ozponcho.com.au\/"},{"@type":"ListItem","position":2,"name":"Shop","item":"https:\/\/ozponcho.com.au\/shop\/"},{"@type":"ListItem","position":3,"name":"Beaded Tassel Poncho Sweater"}]},{"@type":"WebSite","@id":"https:\/\/ozponcho.com.au\/#website","url":"https:\/\/ozponcho.com.au\/","name":"OZ Poncho","description":"","potentialAction":[{"@type":"SearchAction","target":{"@type":"EntryPoint","urlTemplate":"https:\/\/ozponcho.com.au\/?s={search_term_string}"},"query-input":{"@type":"PropertyValueSpecification","valueRequired":true,"valueName":"search_term_string"}}],"inLanguage":"cs"}]}},"_links":{"self":[{"href":"https:\/\/ozponcho.com.au\/cs\/wp-json\/wp\/v2\/product\/13949","targetHints":{"allow":["GET"]}}],"collection":[{"href":"https:\/\/ozponcho.com.au\/cs\/wp-json\/wp\/v2\/product"}],"about":[{"href":"https:\/\/ozponcho.com.au\/cs\/wp-json\/wp\/v2\/types\/product"}],"wp:featuredmedia":[{"embeddable":true,"href":"https:\/\/ozponcho.com.au\/cs\/wp-json\/wp\/v2\/media\/13866"}],"wp:attachment":[{"href":"https:\/\/ozponcho.com.au\/cs\/wp-json\/wp\/v2\/media?parent=13949"}],"wp:term":[{"taxonomy":"product_brand","embeddable":true,"href":"https:\/\/ozponcho.com.au\/cs\/wp-json\/wp\/v2\/product_brand?post=13949"},{"taxonomy":"product_cat","embeddable":true,"href":"https:\/\/ozponcho.com.au\/cs\/wp-json\/wp\/v2\/product_cat?post=13949"},{"taxonomy":"product_tag","embeddable":true,"href":"https:\/\/ozponcho.com.au\/cs\/wp-json\/wp\/v2\/product_tag?post=13949"}],"curies":[{"name":"wp","href":"https:\/\/api.w.org\/{rel}","templated":true}]}}