{"id":13881,"date":"2023-12-13T18:41:33","date_gmt":"2023-12-13T07:41:33","guid":{"rendered":"https:\/\/ozponcho.com.au\/p\/autumn-winter-knitwear-collared-pullover-gradient-color-sweater-flow\/"},"modified":"2024-04-19T19:21:38","modified_gmt":"2024-04-19T08:21:38","slug":"autumn-knit-fringe-collared-poncho","status":"publish","type":"product","link":"https:\/\/ozponcho.com.au\/cs\/p\/podzimni-pletene-ponco-s-trasnemi\/","title":{"rendered":"Khaki gradientn\u00ed svetr pon\u010do"},"content":{"rendered":"<p>Objevte pohodl\u00ed a styl s na\u0161\u00edm svetrem Poncho Gradient v barv\u011b khaki, kter\u00fd je ide\u00e1ln\u00ed pro podzim a zimu. Jeho voln\u00fd st\u0159ih a 3\/4 ruk\u00e1vy nab\u00edzej\u00ed kombinaci pohodl\u00ed s m\u00f3dn\u00edm n\u00e1dechem. Elegantn\u00ed gradientn\u00ed odst\u00edn a \u0161ik st\u0159ih s l\u00edme\u010dkem zdob\u00ed lemov\u00e1n\u00ed t\u0159\u00e1sn\u011bmi a d\u0159ev\u011bn\u00e9 knofl\u00edky, kter\u00e9 vytv\u00e1\u0159ej\u00ed rustik\u00e1ln\u00ed a z\u00e1rove\u0148 sofistikovan\u00fd vzhled. Tento v\u0161estrann\u00fd akrylov\u00fd svetr pon\u010do je ide\u00e1ln\u00edm dopl\u0148kem va\u0161eho \u0161atn\u00edku, kter\u00fd v\u00e1m zajist\u00ed teplo a styl po cel\u00e9 chladn\u011bj\u0161\u00ed ro\u010dn\u00ed obdob\u00ed. Vylep\u0161ete sv\u00e9 le\u017e\u00e9rn\u00ed komplety t\u00edmto nepostradateln\u00fdm kouskem pro vrstven\u00ed.<\/p>\n<div>Styl: Le\u017e\u00e9rn\u00ed<\/div>\n<div>P\u0159izp\u016fsoben\u00ed: Voln\u00fd<\/div>\n<div>Tkanina: Materi\u00e1l: Jersey<\/div>\n<div>Vzor: Ombre<\/div>\n<div>Prvek: Tla\u010d\u00edtko<\/div>","protected":false},"excerpt":{"rendered":"<p>Discover comfort and style with our Khaki Gradient Poncho Sweater, perfect for autumn and winter. Its loose fit and 3\/4 sleeves offer a blend of coziness with a fashionable edge. The elegant gradient hue and chic collared design are adorned with a fringe trim and wooden buttons, creating a rustic yet sophisticated look. This versatile [&#8230;]","protected":false},"featured_media":13854,"template":"","meta":[],"product_brand":[],"product_cat":[226,15,228,214,210],"product_tag":[],"class_list":{"0":"post-13881","1":"product","2":"type-product","3":"status-publish","4":"has-post-thumbnail","6":"product_cat-brown-poncho","7":"product_cat-main-category","8":"product_cat-poncho-sweater","9":"product_cat-knitted-crochet-poncho","10":"product_cat-poncho-women","12":"first","13":"outofstock","14":"shipping-taxable","15":"purchasable","16":"product-type-variable"},"yoast_head":"<!-- This site is optimized with the Yoast SEO plugin v25.9 - https:\/\/yoast.com\/wordpress\/plugins\/seo\/ -->\n<title>Khaki Gradient Poncho Sweater | \u010cesk\u00e1 republika #1 Poncho Shop<\/title>\n<meta name=\"description\" content=\"Looking for a Khaki Gradient Poncho Sweater ? You&#039;ve come to the right place \ud83d\ude04 We offers a wide selection of Khaki Gradient Poncho Sweater, perfect for you.\" \/>\n<meta name=\"robots\" content=\"index, follow, max-snippet:-1, max-image-preview:large, max-video-preview:-1\" \/>\n<link rel=\"canonical\" href=\"https:\/\/ozponcho.com.au\/cs\/p\/podzimni-pletene-ponco-s-trasnemi\/\" \/>\n<meta property=\"og:locale\" content=\"cs_CZ\" \/>\n<meta property=\"og:type\" content=\"article\" \/>\n<meta property=\"og:title\" content=\"Khaki Gradient Poncho Sweater | \u010cesk\u00e1 republika #1 Poncho Shop\" \/>\n<meta property=\"og:description\" content=\"Looking for a Khaki Gradient Poncho Sweater ? You&#039;ve come to the right place \ud83d\ude04 We offers a wide selection of Khaki Gradient Poncho Sweater, perfect for you.\" \/>\n<meta property=\"og:url\" content=\"https:\/\/ozponcho.com.au\/cs\/p\/podzimni-pletene-ponco-s-trasnemi\/\" \/>\n<meta property=\"og:site_name\" content=\"OZ Poncho\" \/>\n<meta property=\"article:modified_time\" content=\"2024-04-19T08:21:38+00:00\" \/>\n<meta property=\"og:image\" content=\"https:\/\/ozponcho.com.au\/wp-content\/uploads\/2023\/12\/O1CN01p1eTrg1HIfy3s1jsD_2331630735-0-cib.jpg\" \/>\n\t<meta property=\"og:image:width\" content=\"1200\" \/>\n\t<meta property=\"og:image:height\" content=\"1200\" \/>\n\t<meta property=\"og:image:type\" content=\"image\/jpeg\" \/>\n<meta name=\"twitter:card\" content=\"summary_large_image\" \/>\n<meta name=\"twitter:label1\" content=\"Odhadovan\u00e1 doba \u010dten\u00ed\" \/>\n\t<meta name=\"twitter:data1\" content=\"1 minuta\" \/>\n<script type=\"application\/ld+json\" class=\"yoast-schema-graph\">{\"@context\":\"https:\/\/schema.org\",\"@graph\":[{\"@type\":\"WebPage\",\"@id\":\"https:\/\/ozponcho.com.au\/p\/autumn-knit-fringe-collared-poncho\/\",\"url\":\"https:\/\/ozponcho.com.au\/p\/autumn-knit-fringe-collared-poncho\/\",\"name\":\"Khaki Gradient Poncho Sweater | \u010cesk\u00e1 republika #1 Poncho Shop\",\"isPartOf\":{\"@id\":\"https:\/\/ozponcho.com.au\/#website\"},\"primaryImageOfPage\":{\"@id\":\"https:\/\/ozponcho.com.au\/p\/autumn-knit-fringe-collared-poncho\/#primaryimage\"},\"image\":{\"@id\":\"https:\/\/ozponcho.com.au\/p\/autumn-knit-fringe-collared-poncho\/#primaryimage\"},\"thumbnailUrl\":\"https:\/\/ozponcho.com.au\/wp-content\/uploads\/2023\/12\/O1CN01p1eTrg1HIfy3s1jsD_2331630735-0-cib.jpg\",\"datePublished\":\"2023-12-13T07:41:33+00:00\",\"dateModified\":\"2024-04-19T08:21:38+00:00\",\"description\":\"Looking for a Khaki Gradient Poncho Sweater ? You've come to the right place \ud83d\ude04 We offers a wide selection of Khaki Gradient Poncho Sweater, perfect for you.\",\"breadcrumb\":{\"@id\":\"https:\/\/ozponcho.com.au\/p\/autumn-knit-fringe-collared-poncho\/#breadcrumb\"},\"inLanguage\":\"cs\",\"potentialAction\":[{\"@type\":\"ReadAction\",\"target\":[\"https:\/\/ozponcho.com.au\/p\/autumn-knit-fringe-collared-poncho\/\"]}]},{\"@type\":\"ImageObject\",\"inLanguage\":\"cs\",\"@id\":\"https:\/\/ozponcho.com.au\/p\/autumn-knit-fringe-collared-poncho\/#primaryimage\",\"url\":\"https:\/\/ozponcho.com.au\/wp-content\/uploads\/2023\/12\/O1CN01p1eTrg1HIfy3s1jsD_2331630735-0-cib.jpg\",\"contentUrl\":\"https:\/\/ozponcho.com.au\/wp-content\/uploads\/2023\/12\/O1CN01p1eTrg1HIfy3s1jsD_2331630735-0-cib.jpg\",\"width\":1200,\"height\":1200,\"caption\":\"Khaki Gradient Poncho Sweater\"},{\"@type\":\"BreadcrumbList\",\"@id\":\"https:\/\/ozponcho.com.au\/p\/autumn-knit-fringe-collared-poncho\/#breadcrumb\",\"itemListElement\":[{\"@type\":\"ListItem\",\"position\":1,\"name\":\"Home\",\"item\":\"https:\/\/ozponcho.com.au\/\"},{\"@type\":\"ListItem\",\"position\":2,\"name\":\"Shop\",\"item\":\"https:\/\/ozponcho.com.au\/shop\/\"},{\"@type\":\"ListItem\",\"position\":3,\"name\":\"Khaki Gradient Poncho Sweater\"}]},{\"@type\":\"WebSite\",\"@id\":\"https:\/\/ozponcho.com.au\/#website\",\"url\":\"https:\/\/ozponcho.com.au\/\",\"name\":\"OZ Poncho\",\"description\":\"\",\"potentialAction\":[{\"@type\":\"SearchAction\",\"target\":{\"@type\":\"EntryPoint\",\"urlTemplate\":\"https:\/\/ozponcho.com.au\/?s={search_term_string}\"},\"query-input\":{\"@type\":\"PropertyValueSpecification\",\"valueRequired\":true,\"valueName\":\"search_term_string\"}}],\"inLanguage\":\"cs\"}]}<\/script>\n<!-- \/ Yoast SEO plugin. -->","yoast_head_json":{"title":"Khaki Gradient Poncho Sweater | \u010cesk\u00e1 republika #1 Poncho Shop","description":"Hled\u00e1te Khaki gradientn\u00ed svetr Poncho ? Jste na spr\u00e1vn\u00e9m m\u00edst\u011b \ud83d\ude04 Nab\u00edz\u00edme \u0161irok\u00fd v\u00fdb\u011br Khaki Gradient Poncho Sweater, ide\u00e1ln\u00ed pro v\u00e1s.","robots":{"index":"index","follow":"follow","max-snippet":"max-snippet:-1","max-image-preview":"max-image-preview:large","max-video-preview":"max-video-preview:-1"},"canonical":"https:\/\/ozponcho.com.au\/cs\/p\/podzimni-pletene-ponco-s-trasnemi\/","og_locale":"cs_CZ","og_type":"article","og_title":"Khaki Gradient Poncho Sweater | \u010cesk\u00e1 republika #1 Poncho Shop","og_description":"Looking for a Khaki Gradient Poncho Sweater ? You've come to the right place \ud83d\ude04 We offers a wide selection of Khaki Gradient Poncho Sweater, perfect for you.","og_url":"https:\/\/ozponcho.com.au\/cs\/p\/podzimni-pletene-ponco-s-trasnemi\/","og_site_name":"OZ Poncho","article_modified_time":"2024-04-19T08:21:38+00:00","og_image":[{"width":1200,"height":1200,"url":"https:\/\/ozponcho.com.au\/wp-content\/uploads\/2023\/12\/O1CN01p1eTrg1HIfy3s1jsD_2331630735-0-cib.jpg","type":"image\/jpeg"}],"twitter_card":"summary_large_image","twitter_misc":{"Odhadovan\u00e1 doba \u010dten\u00ed":"1 minuta"},"schema":{"@context":"https:\/\/schema.org","@graph":[{"@type":"WebPage","@id":"https:\/\/ozponcho.com.au\/p\/autumn-knit-fringe-collared-poncho\/","url":"https:\/\/ozponcho.com.au\/p\/autumn-knit-fringe-collared-poncho\/","name":"Khaki Gradient Poncho Sweater | \u010cesk\u00e1 republika #1 Poncho Shop","isPartOf":{"@id":"https:\/\/ozponcho.com.au\/#website"},"primaryImageOfPage":{"@id":"https:\/\/ozponcho.com.au\/p\/autumn-knit-fringe-collared-poncho\/#primaryimage"},"image":{"@id":"https:\/\/ozponcho.com.au\/p\/autumn-knit-fringe-collared-poncho\/#primaryimage"},"thumbnailUrl":"https:\/\/ozponcho.com.au\/wp-content\/uploads\/2023\/12\/O1CN01p1eTrg1HIfy3s1jsD_2331630735-0-cib.jpg","datePublished":"2023-12-13T07:41:33+00:00","dateModified":"2024-04-19T08:21:38+00:00","description":"Hled\u00e1te Khaki gradientn\u00ed svetr Poncho ? Jste na spr\u00e1vn\u00e9m m\u00edst\u011b \ud83d\ude04 Nab\u00edz\u00edme \u0161irok\u00fd v\u00fdb\u011br Khaki Gradient Poncho Sweater, ide\u00e1ln\u00ed pro v\u00e1s.","breadcrumb":{"@id":"https:\/\/ozponcho.com.au\/p\/autumn-knit-fringe-collared-poncho\/#breadcrumb"},"inLanguage":"cs","potentialAction":[{"@type":"ReadAction","target":["https:\/\/ozponcho.com.au\/p\/autumn-knit-fringe-collared-poncho\/"]}]},{"@type":"ImageObject","inLanguage":"cs","@id":"https:\/\/ozponcho.com.au\/p\/autumn-knit-fringe-collared-poncho\/#primaryimage","url":"https:\/\/ozponcho.com.au\/wp-content\/uploads\/2023\/12\/O1CN01p1eTrg1HIfy3s1jsD_2331630735-0-cib.jpg","contentUrl":"https:\/\/ozponcho.com.au\/wp-content\/uploads\/2023\/12\/O1CN01p1eTrg1HIfy3s1jsD_2331630735-0-cib.jpg","width":1200,"height":1200,"caption":"Khaki Gradient Poncho Sweater"},{"@type":"BreadcrumbList","@id":"https:\/\/ozponcho.com.au\/p\/autumn-knit-fringe-collared-poncho\/#breadcrumb","itemListElement":[{"@type":"ListItem","position":1,"name":"Home","item":"https:\/\/ozponcho.com.au\/"},{"@type":"ListItem","position":2,"name":"Shop","item":"https:\/\/ozponcho.com.au\/shop\/"},{"@type":"ListItem","position":3,"name":"Khaki Gradient Poncho Sweater"}]},{"@type":"WebSite","@id":"https:\/\/ozponcho.com.au\/#website","url":"https:\/\/ozponcho.com.au\/","name":"OZ Poncho","description":"","potentialAction":[{"@type":"SearchAction","target":{"@type":"EntryPoint","urlTemplate":"https:\/\/ozponcho.com.au\/?s={search_term_string}"},"query-input":{"@type":"PropertyValueSpecification","valueRequired":true,"valueName":"search_term_string"}}],"inLanguage":"cs"}]}},"_links":{"self":[{"href":"https:\/\/ozponcho.com.au\/cs\/wp-json\/wp\/v2\/product\/13881","targetHints":{"allow":["GET"]}}],"collection":[{"href":"https:\/\/ozponcho.com.au\/cs\/wp-json\/wp\/v2\/product"}],"about":[{"href":"https:\/\/ozponcho.com.au\/cs\/wp-json\/wp\/v2\/types\/product"}],"wp:featuredmedia":[{"embeddable":true,"href":"https:\/\/ozponcho.com.au\/cs\/wp-json\/wp\/v2\/media\/13854"}],"wp:attachment":[{"href":"https:\/\/ozponcho.com.au\/cs\/wp-json\/wp\/v2\/media?parent=13881"}],"wp:term":[{"taxonomy":"product_brand","embeddable":true,"href":"https:\/\/ozponcho.com.au\/cs\/wp-json\/wp\/v2\/product_brand?post=13881"},{"taxonomy":"product_cat","embeddable":true,"href":"https:\/\/ozponcho.com.au\/cs\/wp-json\/wp\/v2\/product_cat?post=13881"},{"taxonomy":"product_tag","embeddable":true,"href":"https:\/\/ozponcho.com.au\/cs\/wp-json\/wp\/v2\/product_tag?post=13881"}],"curies":[{"name":"wp","href":"https:\/\/api.w.org\/{rel}","templated":true}]}}