{"id":13763,"date":"2023-12-13T18:40:44","date_gmt":"2023-12-13T07:40:44","guid":{"rendered":"https:\/\/ozponcho.com.au\/p\/autumn-winter-street-hipster-color-matching-knitted-loose-abstract-women-round-neck-pullover-top-long-sleeved-sweater\/"},"modified":"2024-04-19T18:40:29","modified_gmt":"2024-04-19T07:40:29","slug":"abstract-knit-poncho-style","status":"publish","type":"product","link":"https:\/\/ozponcho.com.au\/cs\/p\/abstraktni-pletene-ponco\/","title":{"rendered":"Abstraktn\u00ed svetr inspirovan\u00fd pon\u010dem"},"content":{"rendered":"<p>P\u0159ijm\u011bte chladn\u00e9 obdob\u00ed ve velk\u00e9m stylu s t\u00edmto svetrem inspirovan\u00fdm pon\u010dem! Jeho z\u00e1\u0159iv\u011b zelen\u00fd odst\u00edn, zv\u00fdrazn\u011bn\u00fd v\u00fdrazn\u00fdm b\u00edl\u00fdm a tmav\u011b modr\u00fdm zeb\u0159\u00edm potiskem, nab\u00edz\u00ed modern\u00ed n\u00e1dech va\u0161eho zimn\u00edho \u0161atn\u00edku. P\u0159\u00edjemn\u00e1 \u017eerzejov\u00e1 tkanina zaji\u0161\u0165uje teplo a pohodl\u00ed, zat\u00edmco uvoln\u011bn\u00fd, voln\u00fd st\u0159ih s dlouh\u00fdmi ruk\u00e1vy p\u016fsob\u00ed le\u017e\u00e9rn\u011b a z\u00e1rove\u0148 m\u00f3dn\u011b. Tento pulovr s v\u00fdst\u0159ihem se dokonale hod\u00ed pro ty, kte\u0159\u00ed hledaj\u00ed jedine\u010dn\u00fd v\u00fdrazn\u00fd kousek, a stane se va\u0161\u00edm z\u00e1kladem pro nenucenou podzimn\u011b-zimn\u00ed eleganci. Nenechte si uj\u00edt tento nepostradateln\u00fd p\u0159\u00edr\u016fstek do sv\u00e9 sb\u00edrky!<\/p>\n<div>Styl: Le\u017e\u00e9rn\u00ed<\/div>\n<div>P\u0159izp\u016fsoben\u00ed: Voln\u00fd<\/div>\n<div>Tkanina: Materi\u00e1l: Jersey<\/div>\n<div>Vzor: Digit\u00e1ln\u00ed\/Abstraktn\u00ed\/Figur\u00e1ln\u00ed<\/div>\n<div>Prvek: Jacquard<\/div>\n<div>Horn\u00ed d\u00e9lka: Dlouh\u00fd<\/div>\n<div>V\u00fdst\u0159ih: V\u00fdst\u0159ih: pos\u00e1dkov\u00fd v\u00fdst\u0159ih<\/div>\n<div>Typ ruk\u00e1vu: Pravideln\u00fd<\/div>\n<div>D\u00e9lka ruk\u00e1v\u016f: Dlouh\u00fd ruk\u00e1v<\/div>\n<div>Hlavn\u00ed slo\u017een\u00ed: Materi\u00e1l: polyester<\/div>\n<div>Sez\u00f3na: Podzim\/zima<\/div>\n<p><img decoding=\"async\" src=\"https:\/\/ozponcho.com.au\/wp-content\/uploads\/2024\/03\/1029441909845655552.png\" \/><img decoding=\"async\" src=\"https:\/\/ozponcho.com.au\/wp-content\/uploads\/2024\/03\/O1CN01AfI86Y1D6WuYx48Ik_2208370167-0-cib.jpg\" \/><img decoding=\"async\" src=\"https:\/\/ozponcho.com.au\/wp-content\/uploads\/2024\/03\/O1CN01ZZOQzd1D6WudXtmui_2208370167-0-cib.jpg\" \/><img decoding=\"async\" src=\"https:\/\/ozponcho.com.au\/wp-content\/uploads\/2024\/03\/O1CN01GRzHDV1D6WuZlrLXK_2208370167-0-cib.jpg\" \/><img decoding=\"async\" src=\"https:\/\/ozponcho.com.au\/wp-content\/uploads\/2024\/03\/O1CN01NN32zg1D6WugLeJZ7_2208370167-0-cib.jpg\" \/><img decoding=\"async\" src=\"https:\/\/ozponcho.com.au\/wp-content\/uploads\/2024\/03\/O1CN01EB9RZe1D6WufZkUEu_2208370167-0-cib.jpg\" \/><img decoding=\"async\" src=\"https:\/\/ozponcho.com.au\/wp-content\/uploads\/2024\/03\/O1CN01YHXdsh1D6WuWf0R2W_2208370167-0-cib.jpg\" \/><img decoding=\"async\" src=\"https:\/\/ozponcho.com.au\/wp-content\/uploads\/2024\/03\/O1CN01GJFNdl1D6WuUOUwDo_2208370167-0-cib.jpg\" \/><img decoding=\"async\" src=\"https:\/\/ozponcho.com.au\/wp-content\/uploads\/2024\/03\/O1CN01FXJh3y1D6WuapOBgy_2208370167-0-cib.jpg\" \/><img decoding=\"async\" src=\"https:\/\/ozponcho.com.au\/wp-content\/uploads\/2024\/03\/O1CN01KtENcr1D6WuYx7l5i_2208370167-0-cib.jpg\" \/><img decoding=\"async\" src=\"https:\/\/ozponcho.com.au\/wp-content\/uploads\/2024\/03\/O1CN01cYicpM1D6WugLg7wJ_2208370167-0-cib.jpg\" \/><img decoding=\"async\" src=\"https:\/\/ozponcho.com.au\/wp-content\/uploads\/2024\/03\/O1CN01fX5JnU1D6WuhbazKd_2208370167-0-cib.jpg\" \/><img decoding=\"async\" src=\"https:\/\/ozponcho.com.au\/wp-content\/uploads\/2024\/03\/O1CN01Wy2B8e1D6WufZaQ3O_2208370167-0-cib.jpg\" \/><img decoding=\"async\" src=\"https:\/\/ozponcho.com.au\/wp-content\/uploads\/2024\/03\/O1CN01hL8jRv1D6WuUONkm0_2208370167-0-cib.jpg\" \/><img decoding=\"async\" src=\"https:\/\/ozponcho.com.au\/wp-content\/uploads\/2024\/03\/O1CN01flmTox1D6WueOr43d_2208370167-0-cib.jpg\" \/><img decoding=\"async\" src=\"https:\/\/ozponcho.com.au\/wp-content\/uploads\/2024\/03\/O1CN01FAjIvV1D6WuWetS4s_2208370167-0-cib.jpg\" \/><img decoding=\"async\" src=\"https:\/\/ozponcho.com.au\/wp-content\/uploads\/2024\/03\/O1CN01KBYFMW1D6WuPVj5cD_2208370167-0-cib.jpg\" \/><img decoding=\"async\" src=\"https:\/\/ozponcho.com.au\/wp-content\/uploads\/2024\/03\/O1CN01j9HPEB1D6WuUORAyl_2208370167-0-cib.jpg\" \/><img decoding=\"async\" src=\"https:\/\/ozponcho.com.au\/wp-content\/uploads\/2024\/03\/O1CN01pR3L9D1D6WufZeB3n_2208370167-0-cib.jpg\" \/><img decoding=\"async\" src=\"https:\/\/ozponcho.com.au\/wp-content\/uploads\/2024\/03\/O1CN01IVIpVz1D6WuZlkAJv_2208370167-0-cib.jpg\" \/><img decoding=\"async\" src=\"https:\/\/ozponcho.com.au\/wp-content\/uploads\/2024\/03\/O1CN01MDJISE1D6WuZ3sHJY_2208370167-0-cib.jpg\" \/><img decoding=\"async\" src=\"https:\/\/ozponcho.com.au\/wp-content\/uploads\/2024\/03\/O1CN01iQCE871D6WudXqMf7_2208370167-0-cib.jpg\" \/><img decoding=\"async\" src=\"https:\/\/ozponcho.com.au\/wp-content\/uploads\/2024\/03\/O1CN01dum9yQ1D6WucbxYVi_2208370167-0-cib.jpg\" \/><img decoding=\"async\" src=\"https:\/\/ozponcho.com.au\/wp-content\/uploads\/2024\/03\/O1CN01aA0mBU1D6WuapH4bV_2208370167-0-cib.jpg\" \/><\/p>","protected":false},"excerpt":{"rendered":"<p>Embrace the chilly season in style with this Poncho-Inspired Abstract Sweater! Its vibrant green hue, accented with a striking white and navy-blue zebra print, offers a modern twist to your winter wardrobe. The cozy jersey fabric ensures warmth and comfort, while the relaxed, loose fit with long sleeves gives off a casual yet fashionable vibe. [&#8230;]","protected":false},"featured_media":13649,"template":"","meta":[],"product_brand":[],"product_cat":[223,220,15,228,214,210],"product_tag":[],"class_list":{"0":"post-13763","1":"product","2":"type-product","3":"status-publish","4":"has-post-thumbnail","6":"product_cat-blue-poncho","7":"product_cat-green-poncho","8":"product_cat-main-category","9":"product_cat-poncho-sweater","10":"product_cat-knitted-crochet-poncho","11":"product_cat-poncho-women","13":"first","14":"outofstock","15":"shipping-taxable","16":"purchasable","17":"product-type-variable"},"yoast_head":"<!-- This site is optimized with the Yoast SEO plugin v25.9 - https:\/\/yoast.com\/wordpress\/plugins\/seo\/ -->\n<title>Poncho-Inspired Abstract Sweater | \u010cesk\u00e1 republika #1 Poncho Shop<\/title>\n<meta name=\"description\" content=\"Looking for a Poncho-Inspired Abstract Sweater ? You&#039;ve come to the right place \ud83d\ude04 We offers a wide selection of Poncho-Inspired Abstract Sweater, perfect for you.\" \/>\n<meta name=\"robots\" content=\"index, follow, max-snippet:-1, max-image-preview:large, max-video-preview:-1\" \/>\n<link rel=\"canonical\" href=\"https:\/\/ozponcho.com.au\/cs\/p\/abstraktni-pletene-ponco\/\" \/>\n<meta property=\"og:locale\" content=\"cs_CZ\" \/>\n<meta property=\"og:type\" content=\"article\" \/>\n<meta property=\"og:title\" content=\"Poncho-Inspired Abstract Sweater | \u010cesk\u00e1 republika #1 Poncho Shop\" \/>\n<meta property=\"og:description\" content=\"Looking for a Poncho-Inspired Abstract Sweater ? You&#039;ve come to the right place \ud83d\ude04 We offers a wide selection of Poncho-Inspired Abstract Sweater, perfect for you.\" \/>\n<meta property=\"og:url\" content=\"https:\/\/ozponcho.com.au\/cs\/p\/abstraktni-pletene-ponco\/\" \/>\n<meta property=\"og:site_name\" content=\"OZ Poncho\" \/>\n<meta property=\"article:modified_time\" content=\"2024-04-19T07:40:29+00:00\" \/>\n<meta property=\"og:image\" content=\"https:\/\/ozponcho.com.au\/wp-content\/uploads\/2023\/12\/1029441595394490368.jpg\" \/>\n\t<meta property=\"og:image:width\" content=\"1000\" \/>\n\t<meta property=\"og:image:height\" content=\"1000\" \/>\n\t<meta property=\"og:image:type\" content=\"image\/jpeg\" \/>\n<meta name=\"twitter:card\" content=\"summary_large_image\" \/>\n<meta name=\"twitter:label1\" content=\"Odhadovan\u00e1 doba \u010dten\u00ed\" \/>\n\t<meta name=\"twitter:data1\" content=\"1 minuta\" \/>\n<script type=\"application\/ld+json\" class=\"yoast-schema-graph\">{\"@context\":\"https:\/\/schema.org\",\"@graph\":[{\"@type\":\"WebPage\",\"@id\":\"https:\/\/ozponcho.com.au\/p\/abstract-knit-poncho-style\/\",\"url\":\"https:\/\/ozponcho.com.au\/p\/abstract-knit-poncho-style\/\",\"name\":\"Poncho-Inspired Abstract Sweater | \u010cesk\u00e1 republika #1 Poncho Shop\",\"isPartOf\":{\"@id\":\"https:\/\/ozponcho.com.au\/#website\"},\"primaryImageOfPage\":{\"@id\":\"https:\/\/ozponcho.com.au\/p\/abstract-knit-poncho-style\/#primaryimage\"},\"image\":{\"@id\":\"https:\/\/ozponcho.com.au\/p\/abstract-knit-poncho-style\/#primaryimage\"},\"thumbnailUrl\":\"https:\/\/ozponcho.com.au\/wp-content\/uploads\/2023\/12\/1029441595394490368.jpg\",\"datePublished\":\"2023-12-13T07:40:44+00:00\",\"dateModified\":\"2024-04-19T07:40:29+00:00\",\"description\":\"Looking for a Poncho-Inspired Abstract Sweater ? You've come to the right place \ud83d\ude04 We offers a wide selection of Poncho-Inspired Abstract Sweater, perfect for you.\",\"breadcrumb\":{\"@id\":\"https:\/\/ozponcho.com.au\/p\/abstract-knit-poncho-style\/#breadcrumb\"},\"inLanguage\":\"cs\",\"potentialAction\":[{\"@type\":\"ReadAction\",\"target\":[\"https:\/\/ozponcho.com.au\/p\/abstract-knit-poncho-style\/\"]}]},{\"@type\":\"ImageObject\",\"inLanguage\":\"cs\",\"@id\":\"https:\/\/ozponcho.com.au\/p\/abstract-knit-poncho-style\/#primaryimage\",\"url\":\"https:\/\/ozponcho.com.au\/wp-content\/uploads\/2023\/12\/1029441595394490368.jpg\",\"contentUrl\":\"https:\/\/ozponcho.com.au\/wp-content\/uploads\/2023\/12\/1029441595394490368.jpg\",\"width\":1000,\"height\":1000,\"caption\":\"Poncho-Inspired Abstract Sweater\"},{\"@type\":\"BreadcrumbList\",\"@id\":\"https:\/\/ozponcho.com.au\/p\/abstract-knit-poncho-style\/#breadcrumb\",\"itemListElement\":[{\"@type\":\"ListItem\",\"position\":1,\"name\":\"Home\",\"item\":\"https:\/\/ozponcho.com.au\/\"},{\"@type\":\"ListItem\",\"position\":2,\"name\":\"Shop\",\"item\":\"https:\/\/ozponcho.com.au\/shop\/\"},{\"@type\":\"ListItem\",\"position\":3,\"name\":\"Poncho-Inspired Abstract Sweater\"}]},{\"@type\":\"WebSite\",\"@id\":\"https:\/\/ozponcho.com.au\/#website\",\"url\":\"https:\/\/ozponcho.com.au\/\",\"name\":\"OZ Poncho\",\"description\":\"\",\"potentialAction\":[{\"@type\":\"SearchAction\",\"target\":{\"@type\":\"EntryPoint\",\"urlTemplate\":\"https:\/\/ozponcho.com.au\/?s={search_term_string}\"},\"query-input\":{\"@type\":\"PropertyValueSpecification\",\"valueRequired\":true,\"valueName\":\"search_term_string\"}}],\"inLanguage\":\"cs\"}]}<\/script>\n<!-- \/ Yoast SEO plugin. -->","yoast_head_json":{"title":"Abstraktn\u00ed svetr inspirovan\u00fd pon\u010dem | \u010cesk\u00e1 republika #1 Poncho Shop","description":"Hled\u00e1te abstraktn\u00ed svetr inspirovan\u00fd pon\u010dem ? Jste na spr\u00e1vn\u00e9m m\u00edst\u011b \ud83d\ude04 Nab\u00edz\u00edme \u0161irok\u00fd v\u00fdb\u011br svetr\u016f Poncho-Inspired Abstract Sweater, kter\u00e9 jsou pro v\u00e1s ide\u00e1ln\u00ed.","robots":{"index":"index","follow":"follow","max-snippet":"max-snippet:-1","max-image-preview":"max-image-preview:large","max-video-preview":"max-video-preview:-1"},"canonical":"https:\/\/ozponcho.com.au\/cs\/p\/abstraktni-pletene-ponco\/","og_locale":"cs_CZ","og_type":"article","og_title":"Poncho-Inspired Abstract Sweater | \u010cesk\u00e1 republika #1 Poncho Shop","og_description":"Looking for a Poncho-Inspired Abstract Sweater ? You've come to the right place \ud83d\ude04 We offers a wide selection of Poncho-Inspired Abstract Sweater, perfect for you.","og_url":"https:\/\/ozponcho.com.au\/cs\/p\/abstraktni-pletene-ponco\/","og_site_name":"OZ Poncho","article_modified_time":"2024-04-19T07:40:29+00:00","og_image":[{"width":1000,"height":1000,"url":"https:\/\/ozponcho.com.au\/wp-content\/uploads\/2023\/12\/1029441595394490368.jpg","type":"image\/jpeg"}],"twitter_card":"summary_large_image","twitter_misc":{"Odhadovan\u00e1 doba \u010dten\u00ed":"1 minuta"},"schema":{"@context":"https:\/\/schema.org","@graph":[{"@type":"WebPage","@id":"https:\/\/ozponcho.com.au\/p\/abstract-knit-poncho-style\/","url":"https:\/\/ozponcho.com.au\/p\/abstract-knit-poncho-style\/","name":"Abstraktn\u00ed svetr inspirovan\u00fd pon\u010dem | \u010cesk\u00e1 republika #1 Poncho Shop","isPartOf":{"@id":"https:\/\/ozponcho.com.au\/#website"},"primaryImageOfPage":{"@id":"https:\/\/ozponcho.com.au\/p\/abstract-knit-poncho-style\/#primaryimage"},"image":{"@id":"https:\/\/ozponcho.com.au\/p\/abstract-knit-poncho-style\/#primaryimage"},"thumbnailUrl":"https:\/\/ozponcho.com.au\/wp-content\/uploads\/2023\/12\/1029441595394490368.jpg","datePublished":"2023-12-13T07:40:44+00:00","dateModified":"2024-04-19T07:40:29+00:00","description":"Hled\u00e1te abstraktn\u00ed svetr inspirovan\u00fd pon\u010dem ? Jste na spr\u00e1vn\u00e9m m\u00edst\u011b \ud83d\ude04 Nab\u00edz\u00edme \u0161irok\u00fd v\u00fdb\u011br svetr\u016f Poncho-Inspired Abstract Sweater, kter\u00e9 jsou pro v\u00e1s ide\u00e1ln\u00ed.","breadcrumb":{"@id":"https:\/\/ozponcho.com.au\/p\/abstract-knit-poncho-style\/#breadcrumb"},"inLanguage":"cs","potentialAction":[{"@type":"ReadAction","target":["https:\/\/ozponcho.com.au\/p\/abstract-knit-poncho-style\/"]}]},{"@type":"ImageObject","inLanguage":"cs","@id":"https:\/\/ozponcho.com.au\/p\/abstract-knit-poncho-style\/#primaryimage","url":"https:\/\/ozponcho.com.au\/wp-content\/uploads\/2023\/12\/1029441595394490368.jpg","contentUrl":"https:\/\/ozponcho.com.au\/wp-content\/uploads\/2023\/12\/1029441595394490368.jpg","width":1000,"height":1000,"caption":"Poncho-Inspired Abstract Sweater"},{"@type":"BreadcrumbList","@id":"https:\/\/ozponcho.com.au\/p\/abstract-knit-poncho-style\/#breadcrumb","itemListElement":[{"@type":"ListItem","position":1,"name":"Home","item":"https:\/\/ozponcho.com.au\/"},{"@type":"ListItem","position":2,"name":"Shop","item":"https:\/\/ozponcho.com.au\/shop\/"},{"@type":"ListItem","position":3,"name":"Poncho-Inspired Abstract Sweater"}]},{"@type":"WebSite","@id":"https:\/\/ozponcho.com.au\/#website","url":"https:\/\/ozponcho.com.au\/","name":"OZ Poncho","description":"","potentialAction":[{"@type":"SearchAction","target":{"@type":"EntryPoint","urlTemplate":"https:\/\/ozponcho.com.au\/?s={search_term_string}"},"query-input":{"@type":"PropertyValueSpecification","valueRequired":true,"valueName":"search_term_string"}}],"inLanguage":"cs"}]}},"_links":{"self":[{"href":"https:\/\/ozponcho.com.au\/cs\/wp-json\/wp\/v2\/product\/13763","targetHints":{"allow":["GET"]}}],"collection":[{"href":"https:\/\/ozponcho.com.au\/cs\/wp-json\/wp\/v2\/product"}],"about":[{"href":"https:\/\/ozponcho.com.au\/cs\/wp-json\/wp\/v2\/types\/product"}],"wp:featuredmedia":[{"embeddable":true,"href":"https:\/\/ozponcho.com.au\/cs\/wp-json\/wp\/v2\/media\/13649"}],"wp:attachment":[{"href":"https:\/\/ozponcho.com.au\/cs\/wp-json\/wp\/v2\/media?parent=13763"}],"wp:term":[{"taxonomy":"product_brand","embeddable":true,"href":"https:\/\/ozponcho.com.au\/cs\/wp-json\/wp\/v2\/product_brand?post=13763"},{"taxonomy":"product_cat","embeddable":true,"href":"https:\/\/ozponcho.com.au\/cs\/wp-json\/wp\/v2\/product_cat?post=13763"},{"taxonomy":"product_tag","embeddable":true,"href":"https:\/\/ozponcho.com.au\/cs\/wp-json\/wp\/v2\/product_tag?post=13763"}],"curies":[{"name":"wp","href":"https:\/\/api.w.org\/{rel}","templated":true}]}}