{"id":13681,"date":"2023-12-13T18:40:27","date_gmt":"2023-12-13T07:40:27","guid":{"rendered":"https:\/\/ozponcho.com.au\/p\/sweater-women-mid-length-turtleneck-tassel-cape-shawl-loose-plus-size-knitwear\/"},"modified":"2024-04-19T18:39:46","modified_gmt":"2024-04-19T07:39:46","slug":"turtleneck-fringe-shawl-knitwear","status":"publish","type":"product","link":"https:\/\/ozponcho.com.au\/cs\/p\/rolak-s-trasnemi-a-salou-pleteniny\/","title":{"rendered":"Pleten\u00fd svetr Poncho se st\u0159apci"},"content":{"rendered":"<p>Zahalte se na podzim a v zim\u011b do tepla s na\u0161\u00edm elegantn\u00edm svetrem Tassel Knit Poncho. Tento rol\u00e1kov\u00fd svetr se st\u0159edn\u011b dlouh\u00fdm rol\u00e1kem je dokonalou kombinac\u00ed stylu a pohodl\u00ed a m\u00e1 elegantn\u00ed t\u0159\u00e1sn\u011b, kter\u00e9 se p\u016fvabn\u011b sva\u017euj\u00ed pod\u00e9l lemu. Voln\u00fd, uvoln\u011bn\u00fd st\u0159ih zaji\u0161\u0165uje snadn\u00e9 vrstven\u00ed na jak\u00e9koli oble\u010den\u00ed, co\u017e z n\u011bj \u010din\u00ed univerz\u00e1ln\u00ed dopln\u011bk va\u0161eho \u0161atn\u00edku. Pl\u00e1\u0161\u0165 je vyroben z m\u011bkk\u00e9ho akrylu s podmaniv\u00fdm vzorem a kombinuje boh\u00e9mskou atmosf\u00e9ru s m\u011bstskou sofistikovanost\u00ed. Vylep\u0161ete sv\u016fj styl v chladn\u00e9m po\u010das\u00ed je\u0161t\u011b dnes!<\/p>\n<div>Styl: Le\u017e\u00e9rn\u00ed<\/div>\n<div>P\u0159izp\u016fsoben\u00ed: Voln\u00fd<\/div>\n<div>Tkanina: Akryl:<\/div>\n<div>Vzor: Potisk<\/div>\n<div>Prvek: T\u0159\u00e1sn\u011b<\/div>\n<div>Horn\u00ed d\u00e9lka: Dlouh\u00fd<\/div>\n<div>V\u00fdst\u0159ih: V\u00fdst\u0159ih: \u017eelv\u00ed\/vysok\u00fd v\u00fdst\u0159ih<\/div>\n<div>Typ ruk\u00e1vu: Ostatn\u00ed<\/div>\n<div>D\u00e9lka ruk\u00e1v\u016f: Dlouh\u00fd ruk\u00e1v<\/div>\n<div>Hlavn\u00ed slo\u017een\u00ed: Akryl<\/div>\n<div>Sez\u00f3na: Podzim\/zima<\/div>\n<p><img decoding=\"async\" src=\"https:\/\/ozponcho.com.au\/wp-content\/uploads\/2024\/03\/976885263160573952.png\" \/><img decoding=\"async\" src=\"https:\/\/ozponcho.com.au\/wp-content\/uploads\/2024\/03\/4085223774_1553896200.jpg\" \/><img decoding=\"async\" src=\"https:\/\/ozponcho.com.au\/wp-content\/uploads\/2024\/03\/4082218101_1553896200.jpg\" \/><img decoding=\"async\" src=\"https:\/\/ozponcho.com.au\/wp-content\/uploads\/2024\/03\/4082215218_1553896200.jpg\" \/><img decoding=\"async\" src=\"https:\/\/ozponcho.com.au\/wp-content\/uploads\/2024\/03\/4085235285_1553896200.jpg\" \/><img decoding=\"async\" src=\"https:\/\/ozponcho.com.au\/wp-content\/uploads\/2024\/03\/4081775543_1553896200.jpg\" \/><img decoding=\"async\" src=\"https:\/\/ozponcho.com.au\/wp-content\/uploads\/2024\/03\/4085229981_1553896200.jpg\" \/><img decoding=\"async\" src=\"https:\/\/ozponcho.com.au\/wp-content\/uploads\/2024\/03\/4082212501_1553896200.jpg\" \/><img decoding=\"async\" src=\"https:\/\/ozponcho.com.au\/wp-content\/uploads\/2024\/03\/4082224441_1553896200.jpg\" \/><img decoding=\"async\" src=\"https:\/\/ozponcho.com.au\/wp-content\/uploads\/2024\/03\/4085247441_1553896200.jpg\" \/><img decoding=\"async\" src=\"https:\/\/ozponcho.com.au\/wp-content\/uploads\/2024\/03\/4082221611_1553896200.jpg\" \/><img decoding=\"async\" src=\"https:\/\/ozponcho.com.au\/wp-content\/uploads\/2024\/03\/4085250205_1553896200.jpg\" \/><img decoding=\"async\" src=\"https:\/\/ozponcho.com.au\/wp-content\/uploads\/2024\/03\/4085244492_1553896200.jpg\" \/><\/p>","protected":false},"excerpt":{"rendered":"<p>Wrap yourself in warmth this fall and winter with our chic Tassel Knit Poncho Sweater. A perfect blend of style and comfort, this mid-length turtleneck cape features an elegant fringe that cascades gracefully along the hem. The loose, relaxed fit ensures easy layering over any outfit, making it a versatile addition to your wardrobe. Crafted [&#8230;]","protected":false},"featured_media":13624,"template":"","meta":[],"product_brand":[],"product_cat":[229,15,228,214,210,221],"product_tag":[],"class_list":{"0":"post-13681","1":"product","2":"type-product","3":"status-publish","4":"has-post-thumbnail","6":"product_cat-blanket-poncho","7":"product_cat-main-category","8":"product_cat-poncho-sweater","9":"product_cat-knitted-crochet-poncho","10":"product_cat-poncho-women","11":"product_cat-red-poncho","13":"first","14":"outofstock","15":"shipping-taxable","16":"purchasable","17":"product-type-variable"},"yoast_head":"<!-- This site is optimized with the Yoast SEO plugin v25.9 - https:\/\/yoast.com\/wordpress\/plugins\/seo\/ -->\n<title>Tassel Knit Poncho Sweater | \u010cesk\u00e1 republika #1 Poncho Shop<\/title>\n<meta name=\"description\" content=\"Looking for a Tassel Knit Poncho Sweater ? You&#039;ve come to the right place \ud83d\ude04 We offers a wide selection of Tassel Knit Poncho Sweater, perfect for you.\" \/>\n<meta name=\"robots\" content=\"index, follow, max-snippet:-1, max-image-preview:large, max-video-preview:-1\" \/>\n<link rel=\"canonical\" href=\"https:\/\/ozponcho.com.au\/cs\/p\/rolak-s-trasnemi-a-salou-pleteniny\/\" \/>\n<meta property=\"og:locale\" content=\"cs_CZ\" \/>\n<meta property=\"og:type\" content=\"article\" \/>\n<meta property=\"og:title\" content=\"Tassel Knit Poncho Sweater | \u010cesk\u00e1 republika #1 Poncho Shop\" \/>\n<meta property=\"og:description\" content=\"Looking for a Tassel Knit Poncho Sweater ? You&#039;ve come to the right place \ud83d\ude04 We offers a wide selection of Tassel Knit Poncho Sweater, perfect for you.\" \/>\n<meta property=\"og:url\" content=\"https:\/\/ozponcho.com.au\/cs\/p\/rolak-s-trasnemi-a-salou-pleteniny\/\" \/>\n<meta property=\"og:site_name\" content=\"OZ Poncho\" \/>\n<meta property=\"article:modified_time\" content=\"2024-04-19T07:39:46+00:00\" \/>\n<meta property=\"og:image\" content=\"https:\/\/ozponcho.com.au\/wp-content\/uploads\/2023\/12\/22575733193_1683639712.jpg\" \/>\n\t<meta property=\"og:image:width\" content=\"750\" \/>\n\t<meta property=\"og:image:height\" content=\"750\" \/>\n\t<meta property=\"og:image:type\" content=\"image\/jpeg\" \/>\n<meta name=\"twitter:card\" content=\"summary_large_image\" \/>\n<meta name=\"twitter:label1\" content=\"Odhadovan\u00e1 doba \u010dten\u00ed\" \/>\n\t<meta name=\"twitter:data1\" content=\"4 minuty\" \/>\n<script type=\"application\/ld+json\" class=\"yoast-schema-graph\">{\"@context\":\"https:\/\/schema.org\",\"@graph\":[{\"@type\":\"WebPage\",\"@id\":\"https:\/\/ozponcho.com.au\/p\/turtleneck-fringe-shawl-knitwear\/\",\"url\":\"https:\/\/ozponcho.com.au\/p\/turtleneck-fringe-shawl-knitwear\/\",\"name\":\"Tassel Knit Poncho Sweater | \u010cesk\u00e1 republika #1 Poncho Shop\",\"isPartOf\":{\"@id\":\"https:\/\/ozponcho.com.au\/#website\"},\"primaryImageOfPage\":{\"@id\":\"https:\/\/ozponcho.com.au\/p\/turtleneck-fringe-shawl-knitwear\/#primaryimage\"},\"image\":{\"@id\":\"https:\/\/ozponcho.com.au\/p\/turtleneck-fringe-shawl-knitwear\/#primaryimage\"},\"thumbnailUrl\":\"https:\/\/ozponcho.com.au\/wp-content\/uploads\/2023\/12\/22575733193_1683639712.jpg\",\"datePublished\":\"2023-12-13T07:40:27+00:00\",\"dateModified\":\"2024-04-19T07:39:46+00:00\",\"description\":\"Looking for a Tassel Knit Poncho Sweater ? You've come to the right place \ud83d\ude04 We offers a wide selection of Tassel Knit Poncho Sweater, perfect for you.\",\"breadcrumb\":{\"@id\":\"https:\/\/ozponcho.com.au\/p\/turtleneck-fringe-shawl-knitwear\/#breadcrumb\"},\"inLanguage\":\"cs\",\"potentialAction\":[{\"@type\":\"ReadAction\",\"target\":[\"https:\/\/ozponcho.com.au\/p\/turtleneck-fringe-shawl-knitwear\/\"]}]},{\"@type\":\"ImageObject\",\"inLanguage\":\"cs\",\"@id\":\"https:\/\/ozponcho.com.au\/p\/turtleneck-fringe-shawl-knitwear\/#primaryimage\",\"url\":\"https:\/\/ozponcho.com.au\/wp-content\/uploads\/2023\/12\/22575733193_1683639712.jpg\",\"contentUrl\":\"https:\/\/ozponcho.com.au\/wp-content\/uploads\/2023\/12\/22575733193_1683639712.jpg\",\"width\":750,\"height\":750,\"caption\":\"Tassel Knit Poncho Sweater\"},{\"@type\":\"BreadcrumbList\",\"@id\":\"https:\/\/ozponcho.com.au\/p\/turtleneck-fringe-shawl-knitwear\/#breadcrumb\",\"itemListElement\":[{\"@type\":\"ListItem\",\"position\":1,\"name\":\"Home\",\"item\":\"https:\/\/ozponcho.com.au\/\"},{\"@type\":\"ListItem\",\"position\":2,\"name\":\"Shop\",\"item\":\"https:\/\/ozponcho.com.au\/shop\/\"},{\"@type\":\"ListItem\",\"position\":3,\"name\":\"Tassel Knit Poncho Sweater\"}]},{\"@type\":\"WebSite\",\"@id\":\"https:\/\/ozponcho.com.au\/#website\",\"url\":\"https:\/\/ozponcho.com.au\/\",\"name\":\"OZ Poncho\",\"description\":\"\",\"potentialAction\":[{\"@type\":\"SearchAction\",\"target\":{\"@type\":\"EntryPoint\",\"urlTemplate\":\"https:\/\/ozponcho.com.au\/?s={search_term_string}\"},\"query-input\":{\"@type\":\"PropertyValueSpecification\",\"valueRequired\":true,\"valueName\":\"search_term_string\"}}],\"inLanguage\":\"cs\"}]}<\/script>\n<!-- \/ Yoast SEO plugin. -->","yoast_head_json":{"title":"Pleten\u00e9 pon\u010do se st\u0159apci | \u010cesk\u00e1 republika #1 Pon\u010do Shop","description":"Hled\u00e1te pleten\u00fd svetr Poncho se st\u0159apci ? Jste na spr\u00e1vn\u00e9m m\u00edst\u011b \ud83d\ude04 Nab\u00edz\u00edme \u0161irok\u00fd v\u00fdb\u011br Tassel Knit Poncho Sweater, ide\u00e1ln\u00ed pro v\u00e1s.","robots":{"index":"index","follow":"follow","max-snippet":"max-snippet:-1","max-image-preview":"max-image-preview:large","max-video-preview":"max-video-preview:-1"},"canonical":"https:\/\/ozponcho.com.au\/cs\/p\/rolak-s-trasnemi-a-salou-pleteniny\/","og_locale":"cs_CZ","og_type":"article","og_title":"Tassel Knit Poncho Sweater | \u010cesk\u00e1 republika #1 Poncho Shop","og_description":"Looking for a Tassel Knit Poncho Sweater ? You've come to the right place \ud83d\ude04 We offers a wide selection of Tassel Knit Poncho Sweater, perfect for you.","og_url":"https:\/\/ozponcho.com.au\/cs\/p\/rolak-s-trasnemi-a-salou-pleteniny\/","og_site_name":"OZ Poncho","article_modified_time":"2024-04-19T07:39:46+00:00","og_image":[{"width":750,"height":750,"url":"https:\/\/ozponcho.com.au\/wp-content\/uploads\/2023\/12\/22575733193_1683639712.jpg","type":"image\/jpeg"}],"twitter_card":"summary_large_image","twitter_misc":{"Odhadovan\u00e1 doba \u010dten\u00ed":"4 minuty"},"schema":{"@context":"https:\/\/schema.org","@graph":[{"@type":"WebPage","@id":"https:\/\/ozponcho.com.au\/p\/turtleneck-fringe-shawl-knitwear\/","url":"https:\/\/ozponcho.com.au\/p\/turtleneck-fringe-shawl-knitwear\/","name":"Pleten\u00e9 pon\u010do se st\u0159apci | \u010cesk\u00e1 republika #1 Pon\u010do Shop","isPartOf":{"@id":"https:\/\/ozponcho.com.au\/#website"},"primaryImageOfPage":{"@id":"https:\/\/ozponcho.com.au\/p\/turtleneck-fringe-shawl-knitwear\/#primaryimage"},"image":{"@id":"https:\/\/ozponcho.com.au\/p\/turtleneck-fringe-shawl-knitwear\/#primaryimage"},"thumbnailUrl":"https:\/\/ozponcho.com.au\/wp-content\/uploads\/2023\/12\/22575733193_1683639712.jpg","datePublished":"2023-12-13T07:40:27+00:00","dateModified":"2024-04-19T07:39:46+00:00","description":"Hled\u00e1te pleten\u00fd svetr Poncho se st\u0159apci ? Jste na spr\u00e1vn\u00e9m m\u00edst\u011b \ud83d\ude04 Nab\u00edz\u00edme \u0161irok\u00fd v\u00fdb\u011br Tassel Knit Poncho Sweater, ide\u00e1ln\u00ed pro v\u00e1s.","breadcrumb":{"@id":"https:\/\/ozponcho.com.au\/p\/turtleneck-fringe-shawl-knitwear\/#breadcrumb"},"inLanguage":"cs","potentialAction":[{"@type":"ReadAction","target":["https:\/\/ozponcho.com.au\/p\/turtleneck-fringe-shawl-knitwear\/"]}]},{"@type":"ImageObject","inLanguage":"cs","@id":"https:\/\/ozponcho.com.au\/p\/turtleneck-fringe-shawl-knitwear\/#primaryimage","url":"https:\/\/ozponcho.com.au\/wp-content\/uploads\/2023\/12\/22575733193_1683639712.jpg","contentUrl":"https:\/\/ozponcho.com.au\/wp-content\/uploads\/2023\/12\/22575733193_1683639712.jpg","width":750,"height":750,"caption":"Tassel Knit Poncho Sweater"},{"@type":"BreadcrumbList","@id":"https:\/\/ozponcho.com.au\/p\/turtleneck-fringe-shawl-knitwear\/#breadcrumb","itemListElement":[{"@type":"ListItem","position":1,"name":"Home","item":"https:\/\/ozponcho.com.au\/"},{"@type":"ListItem","position":2,"name":"Shop","item":"https:\/\/ozponcho.com.au\/shop\/"},{"@type":"ListItem","position":3,"name":"Tassel Knit Poncho Sweater"}]},{"@type":"WebSite","@id":"https:\/\/ozponcho.com.au\/#website","url":"https:\/\/ozponcho.com.au\/","name":"OZ Poncho","description":"","potentialAction":[{"@type":"SearchAction","target":{"@type":"EntryPoint","urlTemplate":"https:\/\/ozponcho.com.au\/?s={search_term_string}"},"query-input":{"@type":"PropertyValueSpecification","valueRequired":true,"valueName":"search_term_string"}}],"inLanguage":"cs"}]}},"_links":{"self":[{"href":"https:\/\/ozponcho.com.au\/cs\/wp-json\/wp\/v2\/product\/13681","targetHints":{"allow":["GET"]}}],"collection":[{"href":"https:\/\/ozponcho.com.au\/cs\/wp-json\/wp\/v2\/product"}],"about":[{"href":"https:\/\/ozponcho.com.au\/cs\/wp-json\/wp\/v2\/types\/product"}],"wp:featuredmedia":[{"embeddable":true,"href":"https:\/\/ozponcho.com.au\/cs\/wp-json\/wp\/v2\/media\/13624"}],"wp:attachment":[{"href":"https:\/\/ozponcho.com.au\/cs\/wp-json\/wp\/v2\/media?parent=13681"}],"wp:term":[{"taxonomy":"product_brand","embeddable":true,"href":"https:\/\/ozponcho.com.au\/cs\/wp-json\/wp\/v2\/product_brand?post=13681"},{"taxonomy":"product_cat","embeddable":true,"href":"https:\/\/ozponcho.com.au\/cs\/wp-json\/wp\/v2\/product_cat?post=13681"},{"taxonomy":"product_tag","embeddable":true,"href":"https:\/\/ozponcho.com.au\/cs\/wp-json\/wp\/v2\/product_tag?post=13681"}],"curies":[{"name":"wp","href":"https:\/\/api.w.org\/{rel}","templated":true}]}}