{"id":13620,"date":"2023-12-13T18:40:11","date_gmt":"2023-12-13T07:40:11","guid":{"rendered":"https:\/\/ozponcho.com.au\/p\/spring-women-clothing-knitwear-pullover-round-neck-five-pointed-star-sweater-for-women\/"},"modified":"2026-01-06T20:15:41","modified_gmt":"2026-01-06T09:15:41","slug":"casual-grey-knit-graphic-women","status":"publish","type":"product","link":"https:\/\/ozponcho.com.au\/cs\/p\/lezerni-seda-pletena-grafika-pro-zeny\/","title":{"rendered":"Svetr Pon\u010do s hv\u011bzdn\u00fdm vzorem"},"content":{"rendered":"<p>P\u0159ijm\u011bte chladn\u00e9 ro\u010dn\u00ed obdob\u00ed stylov\u011b s na\u0161\u00edm d\u00e1msk\u00fdm svetrem Poncho s hv\u011bzdn\u00fdm vzorem. Tento \u00fatuln\u00fd pleten\u00fd svetr je ide\u00e1ln\u00ed pro sychrav\u00e9 jarn\u00ed ve\u010dery nebo chladn\u00fd p\u0159echod do podzimu a kombinuje pohodl\u00ed s le\u017e\u00e9rn\u00ed eleganc\u00ed. Poutav\u00fd vzor p\u011btic\u00edp\u00e9 hv\u011bzdy a trupov\u00e9 ruk\u00e1vy mu dod\u00e1vaj\u00ed jedine\u010dn\u00fd \u0161mrnc, kter\u00fd ho odli\u0161uje od standardn\u00edch svetr\u016f. Je vyroben z m\u011bkk\u00e9ho akrylu, je lehk\u00fd a p\u0159itom h\u0159ejiv\u00fd a slibuje, \u017ee se stane va\u0161\u00edm kouskem pro nen\u00e1ro\u010dnou m\u00f3du. Kombinujte ho s obl\u00edben\u00fdmi d\u017e\u00ednami, abyste vypadali uvoln\u011bn\u011b, nebo ho obl\u00e9kn\u011bte na ve\u010dern\u00ed akci. Je to nepostradateln\u00fd dopln\u011bk va\u0161eho \u0161atn\u00edku, kter\u00fd v\u00e1m nesm\u00ed chyb\u011bt!<\/p>\n<div>Styl: Le\u017e\u00e9rn\u00ed<\/div>\n<div>P\u0159izp\u016fsoben\u00ed: Voln\u00fd<\/div>\n<div>Tkanina: Materi\u00e1l: Jersey<\/div>\n<div>Vzor: Grafick\u00fd<\/div>\n<div>Prvek: Non<\/div>\n<div>Horn\u00ed d\u00e9lka: Pravideln\u00fd<\/div>\n<div>V\u00fdst\u0159ih: V\u00fdst\u0159ih: pos\u00e1dkov\u00fd v\u00fdst\u0159ih<\/div>\n<div>Typ ruk\u00e1vu: Ruk\u00e1v: trumpetov\u00fd<\/div>\n<div>D\u00e9lka ruk\u00e1v\u016f: Dlouh\u00fd ruk\u00e1v<\/div>\n<div>Hlavn\u00ed slo\u017een\u00ed: Akryl<\/div>\n<div>Sez\u00f3na: Podzim\/zima<\/div>\n<p><img decoding=\"async\" src=\"https:\/\/ozponcho.com.au\/wp-content\/uploads\/2024\/03\/O1CN015m6EzW1QYY7ZjmRQF_2505411988-0-cib.jpg\" \/><img decoding=\"async\" src=\"https:\/\/ozponcho.com.au\/wp-content\/uploads\/2024\/03\/O1CN01LCelEH1QYY7et955C_2505411988-0-cib.jpg\" \/><img decoding=\"async\" src=\"https:\/\/ozponcho.com.au\/wp-content\/uploads\/2024\/03\/O1CN01QO5oee1QYY7gq2qPo_2505411988-0-cib.jpg\" \/><img decoding=\"async\" src=\"https:\/\/ozponcho.com.au\/wp-content\/uploads\/2024\/03\/O1CN01pDWCCf1QYY7Zjomys_2505411988-0-cib.jpg\" \/><img decoding=\"async\" src=\"https:\/\/ozponcho.com.au\/wp-content\/uploads\/2024\/03\/O1CN019mJzT01QYY7XX0Dz8_2505411988-0-cib.jpg\" \/><img decoding=\"async\" src=\"https:\/\/ozponcho.com.au\/wp-content\/uploads\/2024\/03\/O1CN01kF4eYy1QYY7WoiQQB_2505411988-0-cib.jpg\" \/><img decoding=\"async\" src=\"https:\/\/ozponcho.com.au\/wp-content\/uploads\/2024\/03\/O1CN01fPidGc1QYY7XWz1BD_2505411988-0-cib.jpg\" \/><img decoding=\"async\" src=\"https:\/\/ozponcho.com.au\/wp-content\/uploads\/2024\/03\/O1CN01HxpSsI1QYY7bVoux6_2505411988-0-cib.jpg\" \/><\/p>","protected":false},"excerpt":{"rendered":"<p>Embrace the chilly seasons in style with our Star Pattern Poncho Sweater for Women. Perfect for those brisk spring nights or the cool transition into fall, this cozy knitwear combines comfort with casual elegance. The eye-catching five-pointed star design and trumpet sleeves lend a unique flair that sets it apart from standard pullovers. Crafted from [&#8230;]","protected":false},"featured_media":13594,"template":"","meta":[],"product_brand":[],"product_cat":[216,225,15,228,214,210],"product_tag":[],"class_list":{"0":"post-13620","1":"product","2":"type-product","3":"status-publish","4":"has-post-thumbnail","6":"product_cat-cashmere-poncho","7":"product_cat-grey-poncho","8":"product_cat-main-category","9":"product_cat-poncho-sweater","10":"product_cat-knitted-crochet-poncho","11":"product_cat-poncho-women","13":"first","14":"instock","15":"shipping-taxable","16":"purchasable","17":"product-type-variable"},"yoast_head":"<!-- This site is optimized with the Yoast SEO plugin v25.9 - https:\/\/yoast.com\/wordpress\/plugins\/seo\/ -->\n<title>Star Pattern Poncho Sweater | \u010cesk\u00e1 republika #1 Poncho Shop<\/title>\n<meta name=\"description\" content=\"Looking for a Star Pattern Poncho Sweater ? You&#039;ve come to the right place \ud83d\ude04 We offers a wide selection of Star Pattern Poncho Sweater, perfect for you.\" \/>\n<meta name=\"robots\" content=\"index, follow, max-snippet:-1, max-image-preview:large, max-video-preview:-1\" \/>\n<link rel=\"canonical\" href=\"https:\/\/ozponcho.com.au\/cs\/p\/lezerni-seda-pletena-grafika-pro-zeny\/\" \/>\n<meta property=\"og:locale\" content=\"cs_CZ\" \/>\n<meta property=\"og:type\" content=\"article\" \/>\n<meta property=\"og:title\" content=\"Star Pattern Poncho Sweater | \u010cesk\u00e1 republika #1 Poncho Shop\" \/>\n<meta property=\"og:description\" content=\"Looking for a Star Pattern Poncho Sweater ? You&#039;ve come to the right place \ud83d\ude04 We offers a wide selection of Star Pattern Poncho Sweater, perfect for you.\" \/>\n<meta property=\"og:url\" content=\"https:\/\/ozponcho.com.au\/cs\/p\/lezerni-seda-pletena-grafika-pro-zeny\/\" \/>\n<meta property=\"og:site_name\" content=\"OZ Poncho\" \/>\n<meta property=\"article:modified_time\" content=\"2026-01-06T09:15:41+00:00\" \/>\n<meta property=\"og:image\" content=\"https:\/\/ozponcho.com.au\/wp-content\/uploads\/2023\/12\/O1CN01NpIP4I1QYY7hyH36R_2505411988-0-cib.jpg\" \/>\n\t<meta property=\"og:image:width\" content=\"800\" \/>\n\t<meta property=\"og:image:height\" content=\"800\" \/>\n\t<meta property=\"og:image:type\" content=\"image\/jpeg\" \/>\n<meta name=\"twitter:card\" content=\"summary_large_image\" \/>\n<meta name=\"twitter:label1\" content=\"Odhadovan\u00e1 doba \u010dten\u00ed\" \/>\n\t<meta name=\"twitter:data1\" content=\"3 minuty\" \/>\n<script type=\"application\/ld+json\" class=\"yoast-schema-graph\">{\"@context\":\"https:\/\/schema.org\",\"@graph\":[{\"@type\":\"WebPage\",\"@id\":\"https:\/\/ozponcho.com.au\/p\/casual-grey-knit-graphic-women\/\",\"url\":\"https:\/\/ozponcho.com.au\/p\/casual-grey-knit-graphic-women\/\",\"name\":\"Star Pattern Poncho Sweater | \u010cesk\u00e1 republika #1 Poncho Shop\",\"isPartOf\":{\"@id\":\"https:\/\/ozponcho.com.au\/#website\"},\"primaryImageOfPage\":{\"@id\":\"https:\/\/ozponcho.com.au\/p\/casual-grey-knit-graphic-women\/#primaryimage\"},\"image\":{\"@id\":\"https:\/\/ozponcho.com.au\/p\/casual-grey-knit-graphic-women\/#primaryimage\"},\"thumbnailUrl\":\"https:\/\/ozponcho.com.au\/wp-content\/uploads\/2023\/12\/O1CN01NpIP4I1QYY7hyH36R_2505411988-0-cib.jpg\",\"datePublished\":\"2023-12-13T07:40:11+00:00\",\"dateModified\":\"2026-01-06T09:15:41+00:00\",\"description\":\"Looking for a Star Pattern Poncho Sweater ? You've come to the right place \ud83d\ude04 We offers a wide selection of Star Pattern Poncho Sweater, perfect for you.\",\"breadcrumb\":{\"@id\":\"https:\/\/ozponcho.com.au\/p\/casual-grey-knit-graphic-women\/#breadcrumb\"},\"inLanguage\":\"cs\",\"potentialAction\":[{\"@type\":\"ReadAction\",\"target\":[\"https:\/\/ozponcho.com.au\/p\/casual-grey-knit-graphic-women\/\"]}]},{\"@type\":\"ImageObject\",\"inLanguage\":\"cs\",\"@id\":\"https:\/\/ozponcho.com.au\/p\/casual-grey-knit-graphic-women\/#primaryimage\",\"url\":\"https:\/\/ozponcho.com.au\/wp-content\/uploads\/2023\/12\/O1CN01NpIP4I1QYY7hyH36R_2505411988-0-cib.jpg\",\"contentUrl\":\"https:\/\/ozponcho.com.au\/wp-content\/uploads\/2023\/12\/O1CN01NpIP4I1QYY7hyH36R_2505411988-0-cib.jpg\",\"width\":800,\"height\":800,\"caption\":\"Star Pattern Poncho Sweater\"},{\"@type\":\"BreadcrumbList\",\"@id\":\"https:\/\/ozponcho.com.au\/p\/casual-grey-knit-graphic-women\/#breadcrumb\",\"itemListElement\":[{\"@type\":\"ListItem\",\"position\":1,\"name\":\"Home\",\"item\":\"https:\/\/ozponcho.com.au\/\"},{\"@type\":\"ListItem\",\"position\":2,\"name\":\"Shop\",\"item\":\"https:\/\/ozponcho.com.au\/shop\/\"},{\"@type\":\"ListItem\",\"position\":3,\"name\":\"Star Pattern Poncho Sweater\"}]},{\"@type\":\"WebSite\",\"@id\":\"https:\/\/ozponcho.com.au\/#website\",\"url\":\"https:\/\/ozponcho.com.au\/\",\"name\":\"OZ Poncho\",\"description\":\"\",\"potentialAction\":[{\"@type\":\"SearchAction\",\"target\":{\"@type\":\"EntryPoint\",\"urlTemplate\":\"https:\/\/ozponcho.com.au\/?s={search_term_string}\"},\"query-input\":{\"@type\":\"PropertyValueSpecification\",\"valueRequired\":true,\"valueName\":\"search_term_string\"}}],\"inLanguage\":\"cs\"}]}<\/script>\n<!-- \/ Yoast SEO plugin. -->","yoast_head_json":{"title":"Pon\u010do svetr s hv\u011bzdn\u00fdm vzorem | \u010cesk\u00e1 republika #1 Pon\u010do Shop","description":"Hled\u00e1te svetr Poncho s hv\u011bzdn\u00fdm vzorem ? Jste na spr\u00e1vn\u00e9m m\u00edst\u011b \ud83d\ude04 Nab\u00edz\u00edme \u0161irok\u00fd v\u00fdb\u011br svetr\u016f Poncho s hv\u011bzdn\u00fdm vzorem, kter\u00e9 jsou pro v\u00e1s ide\u00e1ln\u00ed.","robots":{"index":"index","follow":"follow","max-snippet":"max-snippet:-1","max-image-preview":"max-image-preview:large","max-video-preview":"max-video-preview:-1"},"canonical":"https:\/\/ozponcho.com.au\/cs\/p\/lezerni-seda-pletena-grafika-pro-zeny\/","og_locale":"cs_CZ","og_type":"article","og_title":"Star Pattern Poncho Sweater | \u010cesk\u00e1 republika #1 Poncho Shop","og_description":"Looking for a Star Pattern Poncho Sweater ? You've come to the right place \ud83d\ude04 We offers a wide selection of Star Pattern Poncho Sweater, perfect for you.","og_url":"https:\/\/ozponcho.com.au\/cs\/p\/lezerni-seda-pletena-grafika-pro-zeny\/","og_site_name":"OZ Poncho","article_modified_time":"2026-01-06T09:15:41+00:00","og_image":[{"width":800,"height":800,"url":"https:\/\/ozponcho.com.au\/wp-content\/uploads\/2023\/12\/O1CN01NpIP4I1QYY7hyH36R_2505411988-0-cib.jpg","type":"image\/jpeg"}],"twitter_card":"summary_large_image","twitter_misc":{"Odhadovan\u00e1 doba \u010dten\u00ed":"3 minuty"},"schema":{"@context":"https:\/\/schema.org","@graph":[{"@type":"WebPage","@id":"https:\/\/ozponcho.com.au\/p\/casual-grey-knit-graphic-women\/","url":"https:\/\/ozponcho.com.au\/p\/casual-grey-knit-graphic-women\/","name":"Pon\u010do svetr s hv\u011bzdn\u00fdm vzorem | \u010cesk\u00e1 republika #1 Pon\u010do Shop","isPartOf":{"@id":"https:\/\/ozponcho.com.au\/#website"},"primaryImageOfPage":{"@id":"https:\/\/ozponcho.com.au\/p\/casual-grey-knit-graphic-women\/#primaryimage"},"image":{"@id":"https:\/\/ozponcho.com.au\/p\/casual-grey-knit-graphic-women\/#primaryimage"},"thumbnailUrl":"https:\/\/ozponcho.com.au\/wp-content\/uploads\/2023\/12\/O1CN01NpIP4I1QYY7hyH36R_2505411988-0-cib.jpg","datePublished":"2023-12-13T07:40:11+00:00","dateModified":"2026-01-06T09:15:41+00:00","description":"Hled\u00e1te svetr Poncho s hv\u011bzdn\u00fdm vzorem ? Jste na spr\u00e1vn\u00e9m m\u00edst\u011b \ud83d\ude04 Nab\u00edz\u00edme \u0161irok\u00fd v\u00fdb\u011br svetr\u016f Poncho s hv\u011bzdn\u00fdm vzorem, kter\u00e9 jsou pro v\u00e1s ide\u00e1ln\u00ed.","breadcrumb":{"@id":"https:\/\/ozponcho.com.au\/p\/casual-grey-knit-graphic-women\/#breadcrumb"},"inLanguage":"cs","potentialAction":[{"@type":"ReadAction","target":["https:\/\/ozponcho.com.au\/p\/casual-grey-knit-graphic-women\/"]}]},{"@type":"ImageObject","inLanguage":"cs","@id":"https:\/\/ozponcho.com.au\/p\/casual-grey-knit-graphic-women\/#primaryimage","url":"https:\/\/ozponcho.com.au\/wp-content\/uploads\/2023\/12\/O1CN01NpIP4I1QYY7hyH36R_2505411988-0-cib.jpg","contentUrl":"https:\/\/ozponcho.com.au\/wp-content\/uploads\/2023\/12\/O1CN01NpIP4I1QYY7hyH36R_2505411988-0-cib.jpg","width":800,"height":800,"caption":"Star Pattern Poncho Sweater"},{"@type":"BreadcrumbList","@id":"https:\/\/ozponcho.com.au\/p\/casual-grey-knit-graphic-women\/#breadcrumb","itemListElement":[{"@type":"ListItem","position":1,"name":"Home","item":"https:\/\/ozponcho.com.au\/"},{"@type":"ListItem","position":2,"name":"Shop","item":"https:\/\/ozponcho.com.au\/shop\/"},{"@type":"ListItem","position":3,"name":"Star Pattern Poncho Sweater"}]},{"@type":"WebSite","@id":"https:\/\/ozponcho.com.au\/#website","url":"https:\/\/ozponcho.com.au\/","name":"OZ Poncho","description":"","potentialAction":[{"@type":"SearchAction","target":{"@type":"EntryPoint","urlTemplate":"https:\/\/ozponcho.com.au\/?s={search_term_string}"},"query-input":{"@type":"PropertyValueSpecification","valueRequired":true,"valueName":"search_term_string"}}],"inLanguage":"cs"}]}},"_links":{"self":[{"href":"https:\/\/ozponcho.com.au\/cs\/wp-json\/wp\/v2\/product\/13620","targetHints":{"allow":["GET"]}}],"collection":[{"href":"https:\/\/ozponcho.com.au\/cs\/wp-json\/wp\/v2\/product"}],"about":[{"href":"https:\/\/ozponcho.com.au\/cs\/wp-json\/wp\/v2\/types\/product"}],"wp:featuredmedia":[{"embeddable":true,"href":"https:\/\/ozponcho.com.au\/cs\/wp-json\/wp\/v2\/media\/13594"}],"wp:attachment":[{"href":"https:\/\/ozponcho.com.au\/cs\/wp-json\/wp\/v2\/media?parent=13620"}],"wp:term":[{"taxonomy":"product_brand","embeddable":true,"href":"https:\/\/ozponcho.com.au\/cs\/wp-json\/wp\/v2\/product_brand?post=13620"},{"taxonomy":"product_cat","embeddable":true,"href":"https:\/\/ozponcho.com.au\/cs\/wp-json\/wp\/v2\/product_cat?post=13620"},{"taxonomy":"product_tag","embeddable":true,"href":"https:\/\/ozponcho.com.au\/cs\/wp-json\/wp\/v2\/product_tag?post=13620"}],"curies":[{"name":"wp","href":"https:\/\/api.w.org\/{rel}","templated":true}]}}