{"id":13600,"date":"2023-12-13T18:40:04","date_gmt":"2023-12-13T07:40:04","guid":{"rendered":"https:\/\/ozponcho.com.au\/p\/women-clothing-autumn-winter-fur-collar-solid-color-knitted-cape-shawl\/"},"modified":"2024-07-26T12:28:23","modified_gmt":"2024-07-26T01:28:23","slug":"chic-knitted-women-cape","status":"publish","type":"product","link":"https:\/\/ozponcho.com.au\/cs\/p\/chic-knitted-women-cape\/","title":{"rendered":"Elegantn\u00ed \u0161\u00e1l Pon\u010do s t\u0159\u00e1sn\u011bmi"},"content":{"rendered":"<p>Wrap yourself in elegance and warmth with our Autumn Winter Women&#8217;s Poncho Shawl\u00e2\u20ac\u201dyour ultimate cozy companion. This sophisticated piece features a fur collar that adds a touch of luxe to any outfit, while its loose and comfortable jersey knit ensures you stay snug during cooler days. Fringed edges offer a playful twist to the classic silhouette, making it a versatile addition to both casual and dressy wardrobes. Upgrade your style this season with a poncho that blends functionality with a flair for fashion.<\/p>\n<div>Styl: Elegantn\u00ed<\/div>\n<div>P\u0159izp\u016fsoben\u00ed: Voln\u00fd<\/div>\n<div>Tkanina: Materi\u00e1l: Jersey<\/div>\n<div>Vzor: Pevn\u00fd<\/div>\n<div>Prvek: T\u0159\u00e1sn\u011b<\/div>\n<div>Horn\u00ed d\u00e9lka: Dlouh\u00fd<\/div>\n<div>V\u00fdst\u0159ih: V\u00fdst\u0159ih: pos\u00e1dkov\u00fd v\u00fdst\u0159ih<\/div>\n<div>Typ ruk\u00e1vu: Ostatn\u00ed<\/div>\n<div>D\u00e9lka ruk\u00e1v\u016f: Dlouh\u00fd ruk\u00e1v<\/div>\n<div>Hlavn\u00ed slo\u017een\u00ed: Akryl<\/div>\n<div>Sez\u00f3na: Podzim\/zima<\/div>\n<p><img decoding=\"async\" src=\"https:\/\/ozponcho.com.au\/wp-content\/uploads\/2024\/03\/1161319882273325056.png\" \/><img decoding=\"async\" src=\"https:\/\/ozponcho.com.au\/wp-content\/uploads\/2024\/03\/O1CN01LEIIOJ1QYY4qGxh9k_2505411988-0-cib.jpg\" \/><img decoding=\"async\" src=\"https:\/\/ozponcho.com.au\/wp-content\/uploads\/2024\/03\/O1CN012rjgHE1QYY4lUFVqJ_2505411988-0-cib.jpg\" \/><img decoding=\"async\" src=\"https:\/\/ozponcho.com.au\/wp-content\/uploads\/2024\/03\/O1CN01o56FSp1QYY4iGzh8F_2505411988-0-cib.jpg\" \/><img decoding=\"async\" src=\"https:\/\/ozponcho.com.au\/wp-content\/uploads\/2024\/03\/O1CN01bKo5vY1QYY4kuwn0A_2505411988-0-cib.jpg\" \/><img decoding=\"async\" src=\"https:\/\/ozponcho.com.au\/wp-content\/uploads\/2024\/03\/O1CN013p34xl1QYY4nmSLZs_2505411988-0-cib.jpg\" \/><img decoding=\"async\" src=\"https:\/\/ozponcho.com.au\/wp-content\/uploads\/2024\/03\/O1CN01m84G3y1QYY4qGwHtw_2505411988-0-cib.jpg\" \/><\/p>","protected":false},"excerpt":{"rendered":"<p>Wrap yourself in elegance and warmth with our Autumn Winter Women&#8217;s Poncho Shawl\u00e2\u20ac\u201dyour ultimate cozy companion. This sophisticated piece features a fur collar that adds a touch of luxe to any outfit, while its loose and comfortable jersey knit ensures you stay snug during cooler days. Fringed edges offer a playful twist to the classic [&#8230;]","protected":false},"featured_media":13572,"template":"","meta":[],"product_brand":[],"product_cat":[229,218,15,230,228,214,210],"product_tag":[],"class_list":{"0":"post-13600","1":"product","2":"type-product","3":"status-publish","4":"has-post-thumbnail","6":"product_cat-blanket-poncho","7":"product_cat-fur-poncho","8":"product_cat-main-category","9":"product_cat-poncho-dress","10":"product_cat-poncho-sweater","11":"product_cat-knitted-crochet-poncho","12":"product_cat-poncho-women","14":"first","15":"outofstock","16":"shipping-taxable","17":"purchasable","18":"product-type-variable"},"yoast_head":"<!-- This site is optimized with the Yoast SEO plugin v25.9 - https:\/\/yoast.com\/wordpress\/plugins\/seo\/ -->\n<title>Elegant Fringe Poncho Shawl | \u010cesk\u00e1 republika #1 Poncho Shop<\/title>\n<meta name=\"description\" content=\"Looking for a Elegant Fringe Poncho Shawl ? You&#039;ve come to the right place \ud83d\ude04 We offers a wide selection of Elegant Fringe Poncho Shawl, perfect for you.\" \/>\n<meta name=\"robots\" content=\"index, follow, max-snippet:-1, max-image-preview:large, max-video-preview:-1\" \/>\n<link rel=\"canonical\" href=\"https:\/\/ozponcho.com.au\/cs\/p\/chic-knitted-women-cape\/\" \/>\n<meta property=\"og:locale\" content=\"cs_CZ\" \/>\n<meta property=\"og:type\" content=\"article\" \/>\n<meta property=\"og:title\" content=\"Elegant Fringe Poncho Shawl | \u010cesk\u00e1 republika #1 Poncho Shop\" \/>\n<meta property=\"og:description\" content=\"Looking for a Elegant Fringe Poncho Shawl ? You&#039;ve come to the right place \ud83d\ude04 We offers a wide selection of Elegant Fringe Poncho Shawl, perfect for you.\" \/>\n<meta property=\"og:url\" content=\"https:\/\/ozponcho.com.au\/cs\/p\/chic-knitted-women-cape\/\" \/>\n<meta property=\"og:site_name\" content=\"OZ Poncho\" \/>\n<meta property=\"article:modified_time\" content=\"2024-07-26T01:28:23+00:00\" \/>\n<meta property=\"og:image\" content=\"https:\/\/ozponcho.com.au\/wp-content\/uploads\/2023\/12\/O1CN015BtifO1QYY4pdtUQ8_2505411988-0-cib.jpg\" \/>\n\t<meta property=\"og:image:width\" content=\"800\" \/>\n\t<meta property=\"og:image:height\" content=\"800\" \/>\n\t<meta property=\"og:image:type\" content=\"image\/jpeg\" \/>\n<meta name=\"twitter:card\" content=\"summary_large_image\" \/>\n<meta name=\"twitter:label1\" content=\"Odhadovan\u00e1 doba \u010dten\u00ed\" \/>\n\t<meta name=\"twitter:data1\" content=\"3 minuty\" \/>\n<script type=\"application\/ld+json\" class=\"yoast-schema-graph\">{\"@context\":\"https:\/\/schema.org\",\"@graph\":[{\"@type\":\"WebPage\",\"@id\":\"https:\/\/ozponcho.com.au\/p\/chic-knitted-women-cape\/\",\"url\":\"https:\/\/ozponcho.com.au\/p\/chic-knitted-women-cape\/\",\"name\":\"Elegant Fringe Poncho Shawl | \u010cesk\u00e1 republika #1 Poncho Shop\",\"isPartOf\":{\"@id\":\"https:\/\/ozponcho.com.au\/#website\"},\"primaryImageOfPage\":{\"@id\":\"https:\/\/ozponcho.com.au\/p\/chic-knitted-women-cape\/#primaryimage\"},\"image\":{\"@id\":\"https:\/\/ozponcho.com.au\/p\/chic-knitted-women-cape\/#primaryimage\"},\"thumbnailUrl\":\"https:\/\/ozponcho.com.au\/wp-content\/uploads\/2023\/12\/O1CN015BtifO1QYY4pdtUQ8_2505411988-0-cib.jpg\",\"datePublished\":\"2023-12-13T07:40:04+00:00\",\"dateModified\":\"2024-07-26T01:28:23+00:00\",\"description\":\"Looking for a Elegant Fringe Poncho Shawl ? You've come to the right place \ud83d\ude04 We offers a wide selection of Elegant Fringe Poncho Shawl, perfect for you.\",\"breadcrumb\":{\"@id\":\"https:\/\/ozponcho.com.au\/p\/chic-knitted-women-cape\/#breadcrumb\"},\"inLanguage\":\"cs\",\"potentialAction\":[{\"@type\":\"ReadAction\",\"target\":[\"https:\/\/ozponcho.com.au\/p\/chic-knitted-women-cape\/\"]}]},{\"@type\":\"ImageObject\",\"inLanguage\":\"cs\",\"@id\":\"https:\/\/ozponcho.com.au\/p\/chic-knitted-women-cape\/#primaryimage\",\"url\":\"https:\/\/ozponcho.com.au\/wp-content\/uploads\/2023\/12\/O1CN015BtifO1QYY4pdtUQ8_2505411988-0-cib.jpg\",\"contentUrl\":\"https:\/\/ozponcho.com.au\/wp-content\/uploads\/2023\/12\/O1CN015BtifO1QYY4pdtUQ8_2505411988-0-cib.jpg\",\"width\":800,\"height\":800,\"caption\":\"Elegant Fringe Poncho Shawl\"},{\"@type\":\"BreadcrumbList\",\"@id\":\"https:\/\/ozponcho.com.au\/p\/chic-knitted-women-cape\/#breadcrumb\",\"itemListElement\":[{\"@type\":\"ListItem\",\"position\":1,\"name\":\"Home\",\"item\":\"https:\/\/ozponcho.com.au\/\"},{\"@type\":\"ListItem\",\"position\":2,\"name\":\"Shop\",\"item\":\"https:\/\/ozponcho.com.au\/shop\/\"},{\"@type\":\"ListItem\",\"position\":3,\"name\":\"Elegant Fringe Poncho Shawl\"}]},{\"@type\":\"WebSite\",\"@id\":\"https:\/\/ozponcho.com.au\/#website\",\"url\":\"https:\/\/ozponcho.com.au\/\",\"name\":\"OZ Poncho\",\"description\":\"\",\"potentialAction\":[{\"@type\":\"SearchAction\",\"target\":{\"@type\":\"EntryPoint\",\"urlTemplate\":\"https:\/\/ozponcho.com.au\/?s={search_term_string}\"},\"query-input\":{\"@type\":\"PropertyValueSpecification\",\"valueRequired\":true,\"valueName\":\"search_term_string\"}}],\"inLanguage\":\"cs\"}]}<\/script>\n<!-- \/ Yoast SEO plugin. -->","yoast_head_json":{"title":"Elegant Fringe Poncho Shawl | \u010cesk\u00e1 republika #1 Poncho Shop","description":"Looking for a Elegant Fringe Poncho Shawl ? You've come to the right place \ud83d\ude04 We offers a wide selection of Elegant Fringe Poncho Shawl, perfect for you.","robots":{"index":"index","follow":"follow","max-snippet":"max-snippet:-1","max-image-preview":"max-image-preview:large","max-video-preview":"max-video-preview:-1"},"canonical":"https:\/\/ozponcho.com.au\/cs\/p\/chic-knitted-women-cape\/","og_locale":"cs_CZ","og_type":"article","og_title":"Elegant Fringe Poncho Shawl | \u010cesk\u00e1 republika #1 Poncho Shop","og_description":"Looking for a Elegant Fringe Poncho Shawl ? You've come to the right place \ud83d\ude04 We offers a wide selection of Elegant Fringe Poncho Shawl, perfect for you.","og_url":"https:\/\/ozponcho.com.au\/cs\/p\/chic-knitted-women-cape\/","og_site_name":"OZ Poncho","article_modified_time":"2024-07-26T01:28:23+00:00","og_image":[{"width":800,"height":800,"url":"https:\/\/ozponcho.com.au\/wp-content\/uploads\/2023\/12\/O1CN015BtifO1QYY4pdtUQ8_2505411988-0-cib.jpg","type":"image\/jpeg"}],"twitter_card":"summary_large_image","twitter_misc":{"Odhadovan\u00e1 doba \u010dten\u00ed":"3 minuty"},"schema":{"@context":"https:\/\/schema.org","@graph":[{"@type":"WebPage","@id":"https:\/\/ozponcho.com.au\/p\/chic-knitted-women-cape\/","url":"https:\/\/ozponcho.com.au\/p\/chic-knitted-women-cape\/","name":"Elegant Fringe Poncho Shawl | \u010cesk\u00e1 republika #1 Poncho Shop","isPartOf":{"@id":"https:\/\/ozponcho.com.au\/#website"},"primaryImageOfPage":{"@id":"https:\/\/ozponcho.com.au\/p\/chic-knitted-women-cape\/#primaryimage"},"image":{"@id":"https:\/\/ozponcho.com.au\/p\/chic-knitted-women-cape\/#primaryimage"},"thumbnailUrl":"https:\/\/ozponcho.com.au\/wp-content\/uploads\/2023\/12\/O1CN015BtifO1QYY4pdtUQ8_2505411988-0-cib.jpg","datePublished":"2023-12-13T07:40:04+00:00","dateModified":"2024-07-26T01:28:23+00:00","description":"Looking for a Elegant Fringe Poncho Shawl ? You've come to the right place \ud83d\ude04 We offers a wide selection of Elegant Fringe Poncho Shawl, perfect for you.","breadcrumb":{"@id":"https:\/\/ozponcho.com.au\/p\/chic-knitted-women-cape\/#breadcrumb"},"inLanguage":"cs","potentialAction":[{"@type":"ReadAction","target":["https:\/\/ozponcho.com.au\/p\/chic-knitted-women-cape\/"]}]},{"@type":"ImageObject","inLanguage":"cs","@id":"https:\/\/ozponcho.com.au\/p\/chic-knitted-women-cape\/#primaryimage","url":"https:\/\/ozponcho.com.au\/wp-content\/uploads\/2023\/12\/O1CN015BtifO1QYY4pdtUQ8_2505411988-0-cib.jpg","contentUrl":"https:\/\/ozponcho.com.au\/wp-content\/uploads\/2023\/12\/O1CN015BtifO1QYY4pdtUQ8_2505411988-0-cib.jpg","width":800,"height":800,"caption":"Elegant Fringe Poncho Shawl"},{"@type":"BreadcrumbList","@id":"https:\/\/ozponcho.com.au\/p\/chic-knitted-women-cape\/#breadcrumb","itemListElement":[{"@type":"ListItem","position":1,"name":"Home","item":"https:\/\/ozponcho.com.au\/"},{"@type":"ListItem","position":2,"name":"Shop","item":"https:\/\/ozponcho.com.au\/shop\/"},{"@type":"ListItem","position":3,"name":"Elegant Fringe Poncho Shawl"}]},{"@type":"WebSite","@id":"https:\/\/ozponcho.com.au\/#website","url":"https:\/\/ozponcho.com.au\/","name":"OZ Poncho","description":"","potentialAction":[{"@type":"SearchAction","target":{"@type":"EntryPoint","urlTemplate":"https:\/\/ozponcho.com.au\/?s={search_term_string}"},"query-input":{"@type":"PropertyValueSpecification","valueRequired":true,"valueName":"search_term_string"}}],"inLanguage":"cs"}]}},"_links":{"self":[{"href":"https:\/\/ozponcho.com.au\/cs\/wp-json\/wp\/v2\/product\/13600","targetHints":{"allow":["GET"]}}],"collection":[{"href":"https:\/\/ozponcho.com.au\/cs\/wp-json\/wp\/v2\/product"}],"about":[{"href":"https:\/\/ozponcho.com.au\/cs\/wp-json\/wp\/v2\/types\/product"}],"wp:featuredmedia":[{"embeddable":true,"href":"https:\/\/ozponcho.com.au\/cs\/wp-json\/wp\/v2\/media\/13572"}],"wp:attachment":[{"href":"https:\/\/ozponcho.com.au\/cs\/wp-json\/wp\/v2\/media?parent=13600"}],"wp:term":[{"taxonomy":"product_brand","embeddable":true,"href":"https:\/\/ozponcho.com.au\/cs\/wp-json\/wp\/v2\/product_brand?post=13600"},{"taxonomy":"product_cat","embeddable":true,"href":"https:\/\/ozponcho.com.au\/cs\/wp-json\/wp\/v2\/product_cat?post=13600"},{"taxonomy":"product_tag","embeddable":true,"href":"https:\/\/ozponcho.com.au\/cs\/wp-json\/wp\/v2\/product_tag?post=13600"}],"curies":[{"name":"wp","href":"https:\/\/api.w.org\/{rel}","templated":true}]}}