{"id":13561,"date":"2023-12-13T18:39:53","date_gmt":"2023-12-13T07:39:53","guid":{"rendered":"https:\/\/ozponcho.com.au\/p\/autumn-winter-contrast-color-striped-ethnic-tassel-pullover-cloak-shawl-women\/"},"modified":"2024-07-26T12:27:56","modified_gmt":"2024-07-26T01:27:56","slug":"chic-fringe-striped-cloak","status":"publish","type":"product","link":"https:\/\/ozponcho.com.au\/cs\/p\/elegantni-pruhovany-plast-s-trasnemi\/","title":{"rendered":"\u010cesk\u00e9 st\u0159apat\u00e9 modr\u00e9 pon\u010do"},"content":{"rendered":"<p>P\u0159ijm\u011bte eleganci podzimu a zimy s na\u0161\u00edm boh\u00e9msk\u00fdm st\u0159apat\u00fdm modr\u00fdm pon\u010dem. Toto \u00fa\u017easn\u00e9 pon\u010do se py\u0161n\u00ed n\u00e1dhern\u00fdm spojen\u00edm modr\u00fdch, \u0161ed\u00fdch a \u010dern\u00fdch pruh\u016f, kter\u00e9 zdob\u00ed b\u00e9\u017eov\u00e9 h\u00e1\u010dkovan\u00e9 okraje pro jedine\u010dn\u00fd etnick\u00fd n\u00e1dech. T\u0159\u00e1sn\u011b tan\u010d\u00edc\u00ed pod\u00e9l lemu umoc\u0148uj\u00ed voln\u00fd duch. Je vyroben z m\u011bkk\u00e9ho polyesteru a je dokonal\u00fdm kouskem pro vrstven\u00ed pro ty, kdo tou\u017e\u00ed po pohodl\u00ed, ani\u017e by museli slevit ze sv\u00e9ho stylu. A\u0165 u\u017e se chyst\u00e1te na neform\u00e1ln\u00ed setk\u00e1n\u00ed nebo na \u00fatuln\u00fd ve\u010der, toto v\u0161estrann\u00e9 pon\u010do je luxusn\u00edm dopl\u0148kem, kter\u00fd si v\u00e1\u0161 \u0161atn\u00edk zaslou\u017e\u00ed.<\/p>\n<div>Styl: Elegantn\u00ed<\/div>\n<div>P\u0159izp\u016fsoben\u00ed: Voln\u00fd<\/div>\n<div>Tkanina: Materi\u00e1l: polyester<\/div>\n<div>Vzor: Potisk<\/div>\n<div>Prvek: T\u0159\u00e1sn\u011b<\/div>\n<div>Horn\u00ed d\u00e9lka: Dlouh\u00fd<\/div>\n<div>V\u00fdst\u0159ih: V\u00fdst\u0159ih: V-v\u00fdst\u0159ih<\/div>\n<div>Typ ruk\u00e1vu: Ostatn\u00ed<\/div>\n<div>D\u00e9lka ruk\u00e1v\u016f: Dlouh\u00fd ruk\u00e1v<\/div>\n<div>Hlavn\u00ed slo\u017een\u00ed: Materi\u00e1l: polyester<\/div>\n<div>Sez\u00f3na: Podzim\/zima<\/div>\n<p><img decoding=\"async\" src=\"https:\/\/ozponcho.com.au\/wp-content\/uploads\/2024\/03\/1012416583441580032.png\" \/><img decoding=\"async\" src=\"https:\/\/ozponcho.com.au\/wp-content\/uploads\/2024\/03\/O1CN01rXgfTl1QYY9ZUwCje_2505411988-0-cib.jpg\" \/><img decoding=\"async\" src=\"https:\/\/ozponcho.com.au\/wp-content\/uploads\/2024\/03\/O1CN017qeomD1QYY9fqhqma_2505411988-0-cib.jpg\" \/><img decoding=\"async\" src=\"https:\/\/ozponcho.com.au\/wp-content\/uploads\/2024\/03\/O1CN01NN0FLs1QYY9cyoKZD_2505411988-0-cib.jpg\" \/><img decoding=\"async\" src=\"https:\/\/ozponcho.com.au\/wp-content\/uploads\/2024\/03\/O1CN01y1KNP81QYY9bCDYSt_2505411988-0-cib.jpg\" \/><img decoding=\"async\" src=\"https:\/\/ozponcho.com.au\/wp-content\/uploads\/2024\/03\/O1CN01AKnISQ1QYY9X6Repg_2505411988-0-cib.jpg\" \/><img decoding=\"async\" src=\"https:\/\/ozponcho.com.au\/wp-content\/uploads\/2024\/03\/O1CN01BTMwF41QYY9WLUZbO_2505411988-0-cib.jpg\" \/><\/p>","protected":false},"excerpt":{"rendered":"<p>Embrace the elegance of autumn and winter with our Bohemian Tassel Blue Poncho. This stunning poncho boasts an exquisite blend of blue, gray, and black stripes, adorned with beige crocheted edges for a unique ethnic touch. Fringes dance along the hem, enhancing the free-spirited vibe. Crafted from soft polyester, it&#8217;s the perfect layering piece for [&#8230;]","protected":false},"featured_media":13519,"template":"","meta":[],"product_brand":[],"product_cat":[229,223,15,230,228,214,210],"product_tag":[],"class_list":{"0":"post-13561","1":"product","2":"type-product","3":"status-publish","4":"has-post-thumbnail","6":"product_cat-blanket-poncho","7":"product_cat-blue-poncho","8":"product_cat-main-category","9":"product_cat-poncho-dress","10":"product_cat-poncho-sweater","11":"product_cat-knitted-crochet-poncho","12":"product_cat-poncho-women","14":"first","15":"outofstock","16":"shipping-taxable","17":"purchasable","18":"product-type-variable"},"yoast_head":"<!-- This site is optimized with the Yoast SEO plugin v25.9 - https:\/\/yoast.com\/wordpress\/plugins\/seo\/ -->\n<title>Bohemian Tassel Blue Poncho | \u010cesk\u00e1 republika #1 Poncho Shop<\/title>\n<meta name=\"description\" content=\"Looking for a Bohemian Tassel Blue Poncho ? You&#039;ve come to the right place \ud83d\ude04 We offers a wide selection of Bohemian Tassel Blue Poncho, perfect for you.\" \/>\n<meta name=\"robots\" content=\"index, follow, max-snippet:-1, max-image-preview:large, max-video-preview:-1\" \/>\n<link rel=\"canonical\" href=\"https:\/\/ozponcho.com.au\/cs\/p\/elegantni-pruhovany-plast-s-trasnemi\/\" \/>\n<meta property=\"og:locale\" content=\"cs_CZ\" \/>\n<meta property=\"og:type\" content=\"article\" \/>\n<meta property=\"og:title\" content=\"Bohemian Tassel Blue Poncho | \u010cesk\u00e1 republika #1 Poncho Shop\" \/>\n<meta property=\"og:description\" content=\"Looking for a Bohemian Tassel Blue Poncho ? You&#039;ve come to the right place \ud83d\ude04 We offers a wide selection of Bohemian Tassel Blue Poncho, perfect for you.\" \/>\n<meta property=\"og:url\" content=\"https:\/\/ozponcho.com.au\/cs\/p\/elegantni-pruhovany-plast-s-trasnemi\/\" \/>\n<meta property=\"og:site_name\" content=\"OZ Poncho\" \/>\n<meta property=\"article:modified_time\" content=\"2024-07-26T01:27:56+00:00\" \/>\n<meta property=\"og:image\" content=\"https:\/\/ozponcho.com.au\/wp-content\/uploads\/2023\/12\/O1CN01lSeGTY1QYY9ZUEUzg_2505411988-0-cib.jpg\" \/>\n\t<meta property=\"og:image:width\" content=\"800\" \/>\n\t<meta property=\"og:image:height\" content=\"800\" \/>\n\t<meta property=\"og:image:type\" content=\"image\/jpeg\" \/>\n<meta name=\"twitter:card\" content=\"summary_large_image\" \/>\n<meta name=\"twitter:label1\" content=\"Odhadovan\u00e1 doba \u010dten\u00ed\" \/>\n\t<meta name=\"twitter:data1\" content=\"3 minuty\" \/>\n<script type=\"application\/ld+json\" class=\"yoast-schema-graph\">{\"@context\":\"https:\/\/schema.org\",\"@graph\":[{\"@type\":\"WebPage\",\"@id\":\"https:\/\/ozponcho.com.au\/p\/chic-fringe-striped-cloak\/\",\"url\":\"https:\/\/ozponcho.com.au\/p\/chic-fringe-striped-cloak\/\",\"name\":\"Bohemian Tassel Blue Poncho | \u010cesk\u00e1 republika #1 Poncho Shop\",\"isPartOf\":{\"@id\":\"https:\/\/ozponcho.com.au\/#website\"},\"primaryImageOfPage\":{\"@id\":\"https:\/\/ozponcho.com.au\/p\/chic-fringe-striped-cloak\/#primaryimage\"},\"image\":{\"@id\":\"https:\/\/ozponcho.com.au\/p\/chic-fringe-striped-cloak\/#primaryimage\"},\"thumbnailUrl\":\"https:\/\/ozponcho.com.au\/wp-content\/uploads\/2023\/12\/O1CN01lSeGTY1QYY9ZUEUzg_2505411988-0-cib.jpg\",\"datePublished\":\"2023-12-13T07:39:53+00:00\",\"dateModified\":\"2024-07-26T01:27:56+00:00\",\"description\":\"Looking for a Bohemian Tassel Blue Poncho ? You've come to the right place \ud83d\ude04 We offers a wide selection of Bohemian Tassel Blue Poncho, perfect for you.\",\"breadcrumb\":{\"@id\":\"https:\/\/ozponcho.com.au\/p\/chic-fringe-striped-cloak\/#breadcrumb\"},\"inLanguage\":\"cs\",\"potentialAction\":[{\"@type\":\"ReadAction\",\"target\":[\"https:\/\/ozponcho.com.au\/p\/chic-fringe-striped-cloak\/\"]}]},{\"@type\":\"ImageObject\",\"inLanguage\":\"cs\",\"@id\":\"https:\/\/ozponcho.com.au\/p\/chic-fringe-striped-cloak\/#primaryimage\",\"url\":\"https:\/\/ozponcho.com.au\/wp-content\/uploads\/2023\/12\/O1CN01lSeGTY1QYY9ZUEUzg_2505411988-0-cib.jpg\",\"contentUrl\":\"https:\/\/ozponcho.com.au\/wp-content\/uploads\/2023\/12\/O1CN01lSeGTY1QYY9ZUEUzg_2505411988-0-cib.jpg\",\"width\":800,\"height\":800,\"caption\":\"Bohemian Tassel Blue Poncho\"},{\"@type\":\"BreadcrumbList\",\"@id\":\"https:\/\/ozponcho.com.au\/p\/chic-fringe-striped-cloak\/#breadcrumb\",\"itemListElement\":[{\"@type\":\"ListItem\",\"position\":1,\"name\":\"Home\",\"item\":\"https:\/\/ozponcho.com.au\/\"},{\"@type\":\"ListItem\",\"position\":2,\"name\":\"Shop\",\"item\":\"https:\/\/ozponcho.com.au\/shop\/\"},{\"@type\":\"ListItem\",\"position\":3,\"name\":\"Bohemian Tassel Blue Poncho\"}]},{\"@type\":\"WebSite\",\"@id\":\"https:\/\/ozponcho.com.au\/#website\",\"url\":\"https:\/\/ozponcho.com.au\/\",\"name\":\"OZ Poncho\",\"description\":\"\",\"potentialAction\":[{\"@type\":\"SearchAction\",\"target\":{\"@type\":\"EntryPoint\",\"urlTemplate\":\"https:\/\/ozponcho.com.au\/?s={search_term_string}\"},\"query-input\":{\"@type\":\"PropertyValueSpecification\",\"valueRequired\":true,\"valueName\":\"search_term_string\"}}],\"inLanguage\":\"cs\"}]}<\/script>\n<!-- \/ Yoast SEO plugin. -->","yoast_head_json":{"title":"\u010cesk\u00e9 pon\u010do se st\u0159apci | \u010cesk\u00e1 republika #1 Pon\u010do Shop","description":"Hled\u00e1te \u010desk\u00e9 modr\u00e9 pon\u010do se st\u0159apci ? Jste na spr\u00e1vn\u00e9m m\u00edst\u011b \ud83d\ude04 Nab\u00edz\u00edme \u0161irok\u00fd v\u00fdb\u011br boh\u00e9msk\u00e9ho st\u0159apat\u00e9ho modr\u00e9ho pon\u010da, kter\u00e9 je pro v\u00e1s ide\u00e1ln\u00ed.","robots":{"index":"index","follow":"follow","max-snippet":"max-snippet:-1","max-image-preview":"max-image-preview:large","max-video-preview":"max-video-preview:-1"},"canonical":"https:\/\/ozponcho.com.au\/cs\/p\/elegantni-pruhovany-plast-s-trasnemi\/","og_locale":"cs_CZ","og_type":"article","og_title":"Bohemian Tassel Blue Poncho | \u010cesk\u00e1 republika #1 Poncho Shop","og_description":"Looking for a Bohemian Tassel Blue Poncho ? You've come to the right place \ud83d\ude04 We offers a wide selection of Bohemian Tassel Blue Poncho, perfect for you.","og_url":"https:\/\/ozponcho.com.au\/cs\/p\/elegantni-pruhovany-plast-s-trasnemi\/","og_site_name":"OZ Poncho","article_modified_time":"2024-07-26T01:27:56+00:00","og_image":[{"width":800,"height":800,"url":"https:\/\/ozponcho.com.au\/wp-content\/uploads\/2023\/12\/O1CN01lSeGTY1QYY9ZUEUzg_2505411988-0-cib.jpg","type":"image\/jpeg"}],"twitter_card":"summary_large_image","twitter_misc":{"Odhadovan\u00e1 doba \u010dten\u00ed":"3 minuty"},"schema":{"@context":"https:\/\/schema.org","@graph":[{"@type":"WebPage","@id":"https:\/\/ozponcho.com.au\/p\/chic-fringe-striped-cloak\/","url":"https:\/\/ozponcho.com.au\/p\/chic-fringe-striped-cloak\/","name":"\u010cesk\u00e9 pon\u010do se st\u0159apci | \u010cesk\u00e1 republika #1 Pon\u010do Shop","isPartOf":{"@id":"https:\/\/ozponcho.com.au\/#website"},"primaryImageOfPage":{"@id":"https:\/\/ozponcho.com.au\/p\/chic-fringe-striped-cloak\/#primaryimage"},"image":{"@id":"https:\/\/ozponcho.com.au\/p\/chic-fringe-striped-cloak\/#primaryimage"},"thumbnailUrl":"https:\/\/ozponcho.com.au\/wp-content\/uploads\/2023\/12\/O1CN01lSeGTY1QYY9ZUEUzg_2505411988-0-cib.jpg","datePublished":"2023-12-13T07:39:53+00:00","dateModified":"2024-07-26T01:27:56+00:00","description":"Hled\u00e1te \u010desk\u00e9 modr\u00e9 pon\u010do se st\u0159apci ? Jste na spr\u00e1vn\u00e9m m\u00edst\u011b \ud83d\ude04 Nab\u00edz\u00edme \u0161irok\u00fd v\u00fdb\u011br boh\u00e9msk\u00e9ho st\u0159apat\u00e9ho modr\u00e9ho pon\u010da, kter\u00e9 je pro v\u00e1s ide\u00e1ln\u00ed.","breadcrumb":{"@id":"https:\/\/ozponcho.com.au\/p\/chic-fringe-striped-cloak\/#breadcrumb"},"inLanguage":"cs","potentialAction":[{"@type":"ReadAction","target":["https:\/\/ozponcho.com.au\/p\/chic-fringe-striped-cloak\/"]}]},{"@type":"ImageObject","inLanguage":"cs","@id":"https:\/\/ozponcho.com.au\/p\/chic-fringe-striped-cloak\/#primaryimage","url":"https:\/\/ozponcho.com.au\/wp-content\/uploads\/2023\/12\/O1CN01lSeGTY1QYY9ZUEUzg_2505411988-0-cib.jpg","contentUrl":"https:\/\/ozponcho.com.au\/wp-content\/uploads\/2023\/12\/O1CN01lSeGTY1QYY9ZUEUzg_2505411988-0-cib.jpg","width":800,"height":800,"caption":"Bohemian Tassel Blue Poncho"},{"@type":"BreadcrumbList","@id":"https:\/\/ozponcho.com.au\/p\/chic-fringe-striped-cloak\/#breadcrumb","itemListElement":[{"@type":"ListItem","position":1,"name":"Home","item":"https:\/\/ozponcho.com.au\/"},{"@type":"ListItem","position":2,"name":"Shop","item":"https:\/\/ozponcho.com.au\/shop\/"},{"@type":"ListItem","position":3,"name":"Bohemian Tassel Blue Poncho"}]},{"@type":"WebSite","@id":"https:\/\/ozponcho.com.au\/#website","url":"https:\/\/ozponcho.com.au\/","name":"OZ Poncho","description":"","potentialAction":[{"@type":"SearchAction","target":{"@type":"EntryPoint","urlTemplate":"https:\/\/ozponcho.com.au\/?s={search_term_string}"},"query-input":{"@type":"PropertyValueSpecification","valueRequired":true,"valueName":"search_term_string"}}],"inLanguage":"cs"}]}},"_links":{"self":[{"href":"https:\/\/ozponcho.com.au\/cs\/wp-json\/wp\/v2\/product\/13561","targetHints":{"allow":["GET"]}}],"collection":[{"href":"https:\/\/ozponcho.com.au\/cs\/wp-json\/wp\/v2\/product"}],"about":[{"href":"https:\/\/ozponcho.com.au\/cs\/wp-json\/wp\/v2\/types\/product"}],"wp:featuredmedia":[{"embeddable":true,"href":"https:\/\/ozponcho.com.au\/cs\/wp-json\/wp\/v2\/media\/13519"}],"wp:attachment":[{"href":"https:\/\/ozponcho.com.au\/cs\/wp-json\/wp\/v2\/media?parent=13561"}],"wp:term":[{"taxonomy":"product_brand","embeddable":true,"href":"https:\/\/ozponcho.com.au\/cs\/wp-json\/wp\/v2\/product_brand?post=13561"},{"taxonomy":"product_cat","embeddable":true,"href":"https:\/\/ozponcho.com.au\/cs\/wp-json\/wp\/v2\/product_cat?post=13561"},{"taxonomy":"product_tag","embeddable":true,"href":"https:\/\/ozponcho.com.au\/cs\/wp-json\/wp\/v2\/product_tag?post=13561"}],"curies":[{"name":"wp","href":"https:\/\/api.w.org\/{rel}","templated":true}]}}