{"id":13148,"date":"2023-12-13T18:38:28","date_gmt":"2023-12-13T07:38:28","guid":{"rendered":"https:\/\/ozponcho.com.au\/p\/autumn-winter-casual-simple-thick-needle-long-sleeve-round-neck-loose-knitted-pullover-sweater-women\/"},"modified":"2026-03-11T13:40:29","modified_gmt":"2026-03-11T02:40:29","slug":"women-casual-beige-knitted-pullover","status":"publish","type":"product","link":"https:\/\/ozponcho.com.au\/cs\/p\/women-casual-beige-knitted-pullover\/","title":{"rendered":"Le\u017e\u00e9rn\u00ed pleten\u00fd svetr Poncho"},"content":{"rendered":"<p>Discover the epitome of autumn and winter comfort with our Casual Knitted Poncho Sweater. Every thread offers a promise of warmth and softness, with a long sleeve design perfect for those crisp days. The beige, thick needle construction boasts a luxurious feel against your skin, while its loose fit ensures freedom of movement. A sophisticated round neck enhances its casual elegance. Make this essential piece yours, and indulge in cozy simplicity that elevates your seasonal wardrobe. Embrace the chill with style and comfort \u00e2\u20ac\u201c your new go-to sweater awaits!<\/p>\n<div>Styl: Le\u017e\u00e9rn\u00ed<\/div>\n<div>P\u0159izp\u016fsoben\u00ed: Voln\u00fd<\/div>\n<div>Tkanina: Materi\u00e1l: Jersey<\/div>\n<div>Vzor: Pevn\u00fd<\/div>\n<div>Prvek: Non<\/div>\n<div>Horn\u00ed d\u00e9lka: Pravideln\u00fd<\/div>\n<div>V\u00fdst\u0159ih: V\u00fdst\u0159ih: pos\u00e1dkov\u00fd v\u00fdst\u0159ih<\/div>\n<div>Typ ruk\u00e1vu: Pravideln\u00fd<\/div>\n<div>D\u00e9lka ruk\u00e1v\u016f: Dlouh\u00fd ruk\u00e1v<\/div>\n<div>Hlavn\u00ed slo\u017een\u00ed: Materi\u00e1l: polyester<\/div>\n<div>Sez\u00f3na: Podzim\/zima<\/div>\n<p><img decoding=\"async\" src=\"https:\/\/ozponcho.com.au\/wp-content\/uploads\/2024\/03\/1178665690228326400.png\" \/><img decoding=\"async\" src=\"https:\/\/ozponcho.com.au\/wp-content\/uploads\/2024\/03\/22630630673_745589254.jpg\" \/><\/p>","protected":false},"excerpt":{"rendered":"<p>Discover the epitome of autumn and winter comfort with our Casual Knitted Poncho Sweater. Every thread offers a promise of warmth and softness, with a long sleeve design perfect for those crisp days. The beige, thick needle construction boasts a luxurious feel against your skin, while its loose fit ensures freedom of movement. A sophisticated [&#8230;]","protected":false},"featured_media":13132,"template":"","meta":[],"product_brand":[],"product_cat":[226,216,15,228,214,210],"product_tag":[],"class_list":{"0":"post-13148","1":"product","2":"type-product","3":"status-publish","4":"has-post-thumbnail","6":"product_cat-brown-poncho","7":"product_cat-cashmere-poncho","8":"product_cat-main-category","9":"product_cat-poncho-sweater","10":"product_cat-knitted-crochet-poncho","11":"product_cat-poncho-women","13":"first","14":"instock","15":"shipping-taxable","16":"purchasable","17":"product-type-variable"},"yoast_head":"<!-- This site is optimized with the Yoast SEO plugin v25.9 - https:\/\/yoast.com\/wordpress\/plugins\/seo\/ -->\n<title>Casual Knitted Poncho Sweater | \u010cesk\u00e1 republika #1 Poncho Shop<\/title>\n<meta name=\"description\" content=\"Looking for a Casual Knitted Poncho Sweater ? You&#039;ve come to the right place \ud83d\ude04 We offers a wide selection of Casual Knitted Poncho Sweater, perfect for you.\" \/>\n<meta name=\"robots\" content=\"index, follow, max-snippet:-1, max-image-preview:large, max-video-preview:-1\" \/>\n<link rel=\"canonical\" href=\"https:\/\/ozponcho.com.au\/cs\/p\/women-casual-beige-knitted-pullover\/\" \/>\n<meta property=\"og:locale\" content=\"cs_CZ\" \/>\n<meta property=\"og:type\" content=\"article\" \/>\n<meta property=\"og:title\" content=\"Casual Knitted Poncho Sweater | \u010cesk\u00e1 republika #1 Poncho Shop\" \/>\n<meta property=\"og:description\" content=\"Looking for a Casual Knitted Poncho Sweater ? You&#039;ve come to the right place \ud83d\ude04 We offers a wide selection of Casual Knitted Poncho Sweater, perfect for you.\" \/>\n<meta property=\"og:url\" content=\"https:\/\/ozponcho.com.au\/cs\/p\/women-casual-beige-knitted-pullover\/\" \/>\n<meta property=\"og:site_name\" content=\"OZ Poncho\" \/>\n<meta property=\"article:modified_time\" content=\"2026-03-11T02:40:29+00:00\" \/>\n<meta property=\"og:image\" content=\"https:\/\/ozponcho.com.au\/wp-content\/uploads\/2023\/12\/O1CN01UHlCfg1n4zfH4ztva_2872265037-0-cib.jpg\" \/>\n\t<meta property=\"og:image:width\" content=\"1100\" \/>\n\t<meta property=\"og:image:height\" content=\"1100\" \/>\n\t<meta property=\"og:image:type\" content=\"image\/jpeg\" \/>\n<meta name=\"twitter:card\" content=\"summary_large_image\" \/>\n<meta name=\"twitter:label1\" content=\"Odhadovan\u00e1 doba \u010dten\u00ed\" \/>\n\t<meta name=\"twitter:data1\" content=\"2 minuty\" \/>\n<script type=\"application\/ld+json\" class=\"yoast-schema-graph\">{\"@context\":\"https:\/\/schema.org\",\"@graph\":[{\"@type\":\"WebPage\",\"@id\":\"https:\/\/ozponcho.com.au\/p\/women-casual-beige-knitted-pullover\/\",\"url\":\"https:\/\/ozponcho.com.au\/p\/women-casual-beige-knitted-pullover\/\",\"name\":\"Casual Knitted Poncho Sweater | \u010cesk\u00e1 republika #1 Poncho Shop\",\"isPartOf\":{\"@id\":\"https:\/\/ozponcho.com.au\/#website\"},\"primaryImageOfPage\":{\"@id\":\"https:\/\/ozponcho.com.au\/p\/women-casual-beige-knitted-pullover\/#primaryimage\"},\"image\":{\"@id\":\"https:\/\/ozponcho.com.au\/p\/women-casual-beige-knitted-pullover\/#primaryimage\"},\"thumbnailUrl\":\"https:\/\/ozponcho.com.au\/wp-content\/uploads\/2023\/12\/O1CN01UHlCfg1n4zfH4ztva_2872265037-0-cib.jpg\",\"datePublished\":\"2023-12-13T07:38:28+00:00\",\"dateModified\":\"2026-03-11T02:40:29+00:00\",\"description\":\"Looking for a Casual Knitted Poncho Sweater ? You've come to the right place \ud83d\ude04 We offers a wide selection of Casual Knitted Poncho Sweater, perfect for you.\",\"breadcrumb\":{\"@id\":\"https:\/\/ozponcho.com.au\/p\/women-casual-beige-knitted-pullover\/#breadcrumb\"},\"inLanguage\":\"cs\",\"potentialAction\":[{\"@type\":\"ReadAction\",\"target\":[\"https:\/\/ozponcho.com.au\/p\/women-casual-beige-knitted-pullover\/\"]}]},{\"@type\":\"ImageObject\",\"inLanguage\":\"cs\",\"@id\":\"https:\/\/ozponcho.com.au\/p\/women-casual-beige-knitted-pullover\/#primaryimage\",\"url\":\"https:\/\/ozponcho.com.au\/wp-content\/uploads\/2023\/12\/O1CN01UHlCfg1n4zfH4ztva_2872265037-0-cib.jpg\",\"contentUrl\":\"https:\/\/ozponcho.com.au\/wp-content\/uploads\/2023\/12\/O1CN01UHlCfg1n4zfH4ztva_2872265037-0-cib.jpg\",\"width\":1100,\"height\":1100,\"caption\":\"Casual Knitted Poncho Sweater\"},{\"@type\":\"BreadcrumbList\",\"@id\":\"https:\/\/ozponcho.com.au\/p\/women-casual-beige-knitted-pullover\/#breadcrumb\",\"itemListElement\":[{\"@type\":\"ListItem\",\"position\":1,\"name\":\"Home\",\"item\":\"https:\/\/ozponcho.com.au\/\"},{\"@type\":\"ListItem\",\"position\":2,\"name\":\"Shop\",\"item\":\"https:\/\/ozponcho.com.au\/shop\/\"},{\"@type\":\"ListItem\",\"position\":3,\"name\":\"Casual Knitted Poncho Sweater\"}]},{\"@type\":\"WebSite\",\"@id\":\"https:\/\/ozponcho.com.au\/#website\",\"url\":\"https:\/\/ozponcho.com.au\/\",\"name\":\"OZ Poncho\",\"description\":\"\",\"potentialAction\":[{\"@type\":\"SearchAction\",\"target\":{\"@type\":\"EntryPoint\",\"urlTemplate\":\"https:\/\/ozponcho.com.au\/?s={search_term_string}\"},\"query-input\":{\"@type\":\"PropertyValueSpecification\",\"valueRequired\":true,\"valueName\":\"search_term_string\"}}],\"inLanguage\":\"cs\"}]}<\/script>\n<!-- \/ Yoast SEO plugin. -->","yoast_head_json":{"title":"Casual Knitted Poncho Sweater | \u010cesk\u00e1 republika #1 Poncho Shop","description":"Looking for a Casual Knitted Poncho Sweater ? You've come to the right place \ud83d\ude04 We offers a wide selection of Casual Knitted Poncho Sweater, perfect for you.","robots":{"index":"index","follow":"follow","max-snippet":"max-snippet:-1","max-image-preview":"max-image-preview:large","max-video-preview":"max-video-preview:-1"},"canonical":"https:\/\/ozponcho.com.au\/cs\/p\/women-casual-beige-knitted-pullover\/","og_locale":"cs_CZ","og_type":"article","og_title":"Casual Knitted Poncho Sweater | \u010cesk\u00e1 republika #1 Poncho Shop","og_description":"Looking for a Casual Knitted Poncho Sweater ? You've come to the right place \ud83d\ude04 We offers a wide selection of Casual Knitted Poncho Sweater, perfect for you.","og_url":"https:\/\/ozponcho.com.au\/cs\/p\/women-casual-beige-knitted-pullover\/","og_site_name":"OZ Poncho","article_modified_time":"2026-03-11T02:40:29+00:00","og_image":[{"width":1100,"height":1100,"url":"https:\/\/ozponcho.com.au\/wp-content\/uploads\/2023\/12\/O1CN01UHlCfg1n4zfH4ztva_2872265037-0-cib.jpg","type":"image\/jpeg"}],"twitter_card":"summary_large_image","twitter_misc":{"Odhadovan\u00e1 doba \u010dten\u00ed":"2 minuty"},"schema":{"@context":"https:\/\/schema.org","@graph":[{"@type":"WebPage","@id":"https:\/\/ozponcho.com.au\/p\/women-casual-beige-knitted-pullover\/","url":"https:\/\/ozponcho.com.au\/p\/women-casual-beige-knitted-pullover\/","name":"Casual Knitted Poncho Sweater | \u010cesk\u00e1 republika #1 Poncho Shop","isPartOf":{"@id":"https:\/\/ozponcho.com.au\/#website"},"primaryImageOfPage":{"@id":"https:\/\/ozponcho.com.au\/p\/women-casual-beige-knitted-pullover\/#primaryimage"},"image":{"@id":"https:\/\/ozponcho.com.au\/p\/women-casual-beige-knitted-pullover\/#primaryimage"},"thumbnailUrl":"https:\/\/ozponcho.com.au\/wp-content\/uploads\/2023\/12\/O1CN01UHlCfg1n4zfH4ztva_2872265037-0-cib.jpg","datePublished":"2023-12-13T07:38:28+00:00","dateModified":"2026-03-11T02:40:29+00:00","description":"Looking for a Casual Knitted Poncho Sweater ? You've come to the right place \ud83d\ude04 We offers a wide selection of Casual Knitted Poncho Sweater, perfect for you.","breadcrumb":{"@id":"https:\/\/ozponcho.com.au\/p\/women-casual-beige-knitted-pullover\/#breadcrumb"},"inLanguage":"cs","potentialAction":[{"@type":"ReadAction","target":["https:\/\/ozponcho.com.au\/p\/women-casual-beige-knitted-pullover\/"]}]},{"@type":"ImageObject","inLanguage":"cs","@id":"https:\/\/ozponcho.com.au\/p\/women-casual-beige-knitted-pullover\/#primaryimage","url":"https:\/\/ozponcho.com.au\/wp-content\/uploads\/2023\/12\/O1CN01UHlCfg1n4zfH4ztva_2872265037-0-cib.jpg","contentUrl":"https:\/\/ozponcho.com.au\/wp-content\/uploads\/2023\/12\/O1CN01UHlCfg1n4zfH4ztva_2872265037-0-cib.jpg","width":1100,"height":1100,"caption":"Casual Knitted Poncho Sweater"},{"@type":"BreadcrumbList","@id":"https:\/\/ozponcho.com.au\/p\/women-casual-beige-knitted-pullover\/#breadcrumb","itemListElement":[{"@type":"ListItem","position":1,"name":"Home","item":"https:\/\/ozponcho.com.au\/"},{"@type":"ListItem","position":2,"name":"Shop","item":"https:\/\/ozponcho.com.au\/shop\/"},{"@type":"ListItem","position":3,"name":"Casual Knitted Poncho Sweater"}]},{"@type":"WebSite","@id":"https:\/\/ozponcho.com.au\/#website","url":"https:\/\/ozponcho.com.au\/","name":"OZ Poncho","description":"","potentialAction":[{"@type":"SearchAction","target":{"@type":"EntryPoint","urlTemplate":"https:\/\/ozponcho.com.au\/?s={search_term_string}"},"query-input":{"@type":"PropertyValueSpecification","valueRequired":true,"valueName":"search_term_string"}}],"inLanguage":"cs"}]}},"_links":{"self":[{"href":"https:\/\/ozponcho.com.au\/cs\/wp-json\/wp\/v2\/product\/13148","targetHints":{"allow":["GET"]}}],"collection":[{"href":"https:\/\/ozponcho.com.au\/cs\/wp-json\/wp\/v2\/product"}],"about":[{"href":"https:\/\/ozponcho.com.au\/cs\/wp-json\/wp\/v2\/types\/product"}],"wp:featuredmedia":[{"embeddable":true,"href":"https:\/\/ozponcho.com.au\/cs\/wp-json\/wp\/v2\/media\/13132"}],"wp:attachment":[{"href":"https:\/\/ozponcho.com.au\/cs\/wp-json\/wp\/v2\/media?parent=13148"}],"wp:term":[{"taxonomy":"product_brand","embeddable":true,"href":"https:\/\/ozponcho.com.au\/cs\/wp-json\/wp\/v2\/product_brand?post=13148"},{"taxonomy":"product_cat","embeddable":true,"href":"https:\/\/ozponcho.com.au\/cs\/wp-json\/wp\/v2\/product_cat?post=13148"},{"taxonomy":"product_tag","embeddable":true,"href":"https:\/\/ozponcho.com.au\/cs\/wp-json\/wp\/v2\/product_tag?post=13148"}],"curies":[{"name":"wp","href":"https:\/\/api.w.org\/{rel}","templated":true}]}}