{"id":13137,"date":"2023-12-13T18:38:24","date_gmt":"2023-12-13T07:38:24","guid":{"rendered":"https:\/\/ozponcho.com.au\/p\/knitwear-autumn-winter-long-cable-knit-sweater-women-button-cardigan\/"},"modified":"2026-04-01T17:52:16","modified_gmt":"2026-04-01T06:52:16","slug":"olive-knit-sweater-poncho","status":"publish","type":"product","link":"https:\/\/ozponcho.com.au\/cs\/p\/olivovy-pleteny-svetr-ponco\/","title":{"rendered":"D\u00e1msk\u00fd olivov\u00fd svetr s pon\u010dem"},"content":{"rendered":"<p>P\u0159ijm\u011bte chladn\u00e9 ro\u010dn\u00ed obdob\u00ed stylov\u011b s na\u0161\u00edm d\u00e1msk\u00fdm svetrem Olive Poncho Cardigan. Tento dlouh\u00fd pohodln\u00fd svetr se py\u0161n\u00ed klasick\u00fdm vzorem z kabelov\u00e9ho \u00fapletu, kter\u00fd v\u00e1s zahal\u00ed do tepla. Je zv\u00fdrazn\u011bn zap\u00edn\u00e1n\u00edm na jeden knofl\u00edk a funk\u010dn\u00edmi kapsami a je ide\u00e1ln\u00edm dopl\u0148kem ka\u017ed\u00e9ho podzimn\u00edho nebo zimn\u00edho \u0161atn\u00edku. Jeho \u00fazk\u00e1 silueta zaji\u0161\u0165uje lichotiv\u00fd tvar a z\u00e1rove\u0148 poskytuje dostatek pohodl\u00ed. Toto olivov\u011b zelen\u00e9 svetrov\u00e9 pon\u010do je ide\u00e1ln\u00ed pro vrstven\u00ed a je v\u0161estrann\u00fdm kouskem, kter\u00fd v\u00e1s provede od neform\u00e1ln\u00ed sch\u016fzky u k\u00e1vy a\u017e po \u00fatuln\u00fd ve\u010der doma. Po\u0159i\u010fte si ho je\u0161t\u011b dnes a vyjd\u011bte ven v nad\u010dasov\u00e9m stylu!<\/p>\n<div>Styl: Le\u017e\u00e9rn\u00ed<\/div>\n<div>P\u0159izp\u016fsoben\u00ed: Slim<\/div>\n<div>Tkanina: Materi\u00e1l: Jersey<\/div>\n<div>Vzor: Pevn\u00fd<\/div>\n<div>Prvek: Tla\u010d\u00edtko<\/div>","protected":false},"excerpt":{"rendered":"<p>Embrace the chilly seasons in style with our Olive Poncho Cardigan for women. This long, comfy sweater boasts a classic cable-knit design that envelops you in warmth. Accented with a single-breasted button closure and functional pockets, it&#8217;s the ideal addition to any autumn or winter wardrobe. Its slim fit silhouette ensures a flattering shape while [&#8230;]","protected":false},"featured_media":13064,"template":"","meta":[],"product_brand":[],"product_cat":[220,15,230,228,214,210],"product_tag":[],"class_list":{"0":"post-13137","1":"product","2":"type-product","3":"status-publish","4":"has-post-thumbnail","6":"product_cat-green-poncho","7":"product_cat-main-category","8":"product_cat-poncho-dress","9":"product_cat-poncho-sweater","10":"product_cat-knitted-crochet-poncho","11":"product_cat-poncho-women","13":"first","14":"instock","15":"shipping-taxable","16":"purchasable","17":"product-type-variable"},"yoast_head":"<!-- This site is optimized with the Yoast SEO plugin v25.9 - https:\/\/yoast.com\/wordpress\/plugins\/seo\/ -->\n<title>Women&#039;s Olive Poncho Cardigan | \u010cesk\u00e1 republika #1 Poncho Shop<\/title>\n<meta name=\"description\" content=\"Looking for a Women&#039;s Olive Poncho Cardigan ? You&#039;ve come to the right place \ud83d\ude04 We offers a wide selection of Women&#039;s Olive Poncho Cardigan, perfect for you.\" \/>\n<meta name=\"robots\" content=\"index, follow, max-snippet:-1, max-image-preview:large, max-video-preview:-1\" \/>\n<link rel=\"canonical\" href=\"https:\/\/ozponcho.com.au\/cs\/p\/olivovy-pleteny-svetr-ponco\/\" \/>\n<meta property=\"og:locale\" content=\"cs_CZ\" \/>\n<meta property=\"og:type\" content=\"article\" \/>\n<meta property=\"og:title\" content=\"Women&#039;s Olive Poncho Cardigan | \u010cesk\u00e1 republika #1 Poncho Shop\" \/>\n<meta property=\"og:description\" content=\"Looking for a Women&#039;s Olive Poncho Cardigan ? You&#039;ve come to the right place \ud83d\ude04 We offers a wide selection of Women&#039;s Olive Poncho Cardigan, perfect for you.\" \/>\n<meta property=\"og:url\" content=\"https:\/\/ozponcho.com.au\/cs\/p\/olivovy-pleteny-svetr-ponco\/\" \/>\n<meta property=\"og:site_name\" content=\"OZ Poncho\" \/>\n<meta property=\"article:modified_time\" content=\"2026-04-01T06:52:16+00:00\" \/>\n<meta property=\"og:image\" content=\"https:\/\/ozponcho.com.au\/wp-content\/uploads\/2023\/12\/O1CN01SVIQ8c1QYY59JxIx1_2505411988-0-cib.jpg\" \/>\n\t<meta property=\"og:image:width\" content=\"800\" \/>\n\t<meta property=\"og:image:height\" content=\"800\" \/>\n\t<meta property=\"og:image:type\" content=\"image\/jpeg\" \/>\n<meta name=\"twitter:card\" content=\"summary_large_image\" \/>\n<meta name=\"twitter:label1\" content=\"Odhadovan\u00e1 doba \u010dten\u00ed\" \/>\n\t<meta name=\"twitter:data1\" content=\"1 minuta\" \/>\n<script type=\"application\/ld+json\" class=\"yoast-schema-graph\">{\"@context\":\"https:\/\/schema.org\",\"@graph\":[{\"@type\":\"WebPage\",\"@id\":\"https:\/\/ozponcho.com.au\/p\/olive-knit-sweater-poncho\/\",\"url\":\"https:\/\/ozponcho.com.au\/p\/olive-knit-sweater-poncho\/\",\"name\":\"Women's Olive Poncho Cardigan | \u010cesk\u00e1 republika #1 Poncho Shop\",\"isPartOf\":{\"@id\":\"https:\/\/ozponcho.com.au\/#website\"},\"primaryImageOfPage\":{\"@id\":\"https:\/\/ozponcho.com.au\/p\/olive-knit-sweater-poncho\/#primaryimage\"},\"image\":{\"@id\":\"https:\/\/ozponcho.com.au\/p\/olive-knit-sweater-poncho\/#primaryimage\"},\"thumbnailUrl\":\"https:\/\/ozponcho.com.au\/wp-content\/uploads\/2023\/12\/O1CN01SVIQ8c1QYY59JxIx1_2505411988-0-cib.jpg\",\"datePublished\":\"2023-12-13T07:38:24+00:00\",\"dateModified\":\"2026-04-01T06:52:16+00:00\",\"description\":\"Looking for a Women's Olive Poncho Cardigan ? You've come to the right place \ud83d\ude04 We offers a wide selection of Women's Olive Poncho Cardigan, perfect for you.\",\"breadcrumb\":{\"@id\":\"https:\/\/ozponcho.com.au\/p\/olive-knit-sweater-poncho\/#breadcrumb\"},\"inLanguage\":\"cs\",\"potentialAction\":[{\"@type\":\"ReadAction\",\"target\":[\"https:\/\/ozponcho.com.au\/p\/olive-knit-sweater-poncho\/\"]}]},{\"@type\":\"ImageObject\",\"inLanguage\":\"cs\",\"@id\":\"https:\/\/ozponcho.com.au\/p\/olive-knit-sweater-poncho\/#primaryimage\",\"url\":\"https:\/\/ozponcho.com.au\/wp-content\/uploads\/2023\/12\/O1CN01SVIQ8c1QYY59JxIx1_2505411988-0-cib.jpg\",\"contentUrl\":\"https:\/\/ozponcho.com.au\/wp-content\/uploads\/2023\/12\/O1CN01SVIQ8c1QYY59JxIx1_2505411988-0-cib.jpg\",\"width\":800,\"height\":800,\"caption\":\"Women's Olive Poncho Cardigan\"},{\"@type\":\"BreadcrumbList\",\"@id\":\"https:\/\/ozponcho.com.au\/p\/olive-knit-sweater-poncho\/#breadcrumb\",\"itemListElement\":[{\"@type\":\"ListItem\",\"position\":1,\"name\":\"Home\",\"item\":\"https:\/\/ozponcho.com.au\/\"},{\"@type\":\"ListItem\",\"position\":2,\"name\":\"Shop\",\"item\":\"https:\/\/ozponcho.com.au\/shop\/\"},{\"@type\":\"ListItem\",\"position\":3,\"name\":\"Women&#8217;s Olive Poncho Cardigan\"}]},{\"@type\":\"WebSite\",\"@id\":\"https:\/\/ozponcho.com.au\/#website\",\"url\":\"https:\/\/ozponcho.com.au\/\",\"name\":\"OZ Poncho\",\"description\":\"\",\"potentialAction\":[{\"@type\":\"SearchAction\",\"target\":{\"@type\":\"EntryPoint\",\"urlTemplate\":\"https:\/\/ozponcho.com.au\/?s={search_term_string}\"},\"query-input\":{\"@type\":\"PropertyValueSpecification\",\"valueRequired\":true,\"valueName\":\"search_term_string\"}}],\"inLanguage\":\"cs\"}]}<\/script>\n<!-- \/ Yoast SEO plugin. -->","yoast_head_json":{"title":"D\u00e1msk\u00e9 olivov\u00e9 pon\u010do Cardigan | \u010cesk\u00e1 republika #1 Pon\u010do Shop","description":"Hled\u00e1te D\u00e1msk\u00fd olivov\u00fd svetr s pon\u010dem ? Jste na spr\u00e1vn\u00e9m m\u00edst\u011b \ud83d\ude04 Nab\u00edz\u00edme \u0161irok\u00fd v\u00fdb\u011br d\u00e1msk\u00fdch olivov\u00fdch svetr\u016f Poncho Cardigan, kter\u00e9 jsou pro v\u00e1s ide\u00e1ln\u00ed.","robots":{"index":"index","follow":"follow","max-snippet":"max-snippet:-1","max-image-preview":"max-image-preview:large","max-video-preview":"max-video-preview:-1"},"canonical":"https:\/\/ozponcho.com.au\/cs\/p\/olivovy-pleteny-svetr-ponco\/","og_locale":"cs_CZ","og_type":"article","og_title":"Women's Olive Poncho Cardigan | \u010cesk\u00e1 republika #1 Poncho Shop","og_description":"Looking for a Women's Olive Poncho Cardigan ? You've come to the right place \ud83d\ude04 We offers a wide selection of Women's Olive Poncho Cardigan, perfect for you.","og_url":"https:\/\/ozponcho.com.au\/cs\/p\/olivovy-pleteny-svetr-ponco\/","og_site_name":"OZ Poncho","article_modified_time":"2026-04-01T06:52:16+00:00","og_image":[{"width":800,"height":800,"url":"https:\/\/ozponcho.com.au\/wp-content\/uploads\/2023\/12\/O1CN01SVIQ8c1QYY59JxIx1_2505411988-0-cib.jpg","type":"image\/jpeg"}],"twitter_card":"summary_large_image","twitter_misc":{"Odhadovan\u00e1 doba \u010dten\u00ed":"1 minuta"},"schema":{"@context":"https:\/\/schema.org","@graph":[{"@type":"WebPage","@id":"https:\/\/ozponcho.com.au\/p\/olive-knit-sweater-poncho\/","url":"https:\/\/ozponcho.com.au\/p\/olive-knit-sweater-poncho\/","name":"D\u00e1msk\u00e9 olivov\u00e9 pon\u010do Cardigan | \u010cesk\u00e1 republika #1 Pon\u010do Shop","isPartOf":{"@id":"https:\/\/ozponcho.com.au\/#website"},"primaryImageOfPage":{"@id":"https:\/\/ozponcho.com.au\/p\/olive-knit-sweater-poncho\/#primaryimage"},"image":{"@id":"https:\/\/ozponcho.com.au\/p\/olive-knit-sweater-poncho\/#primaryimage"},"thumbnailUrl":"https:\/\/ozponcho.com.au\/wp-content\/uploads\/2023\/12\/O1CN01SVIQ8c1QYY59JxIx1_2505411988-0-cib.jpg","datePublished":"2023-12-13T07:38:24+00:00","dateModified":"2026-04-01T06:52:16+00:00","description":"Hled\u00e1te D\u00e1msk\u00fd olivov\u00fd svetr s pon\u010dem ? Jste na spr\u00e1vn\u00e9m m\u00edst\u011b \ud83d\ude04 Nab\u00edz\u00edme \u0161irok\u00fd v\u00fdb\u011br d\u00e1msk\u00fdch olivov\u00fdch svetr\u016f Poncho Cardigan, kter\u00e9 jsou pro v\u00e1s ide\u00e1ln\u00ed.","breadcrumb":{"@id":"https:\/\/ozponcho.com.au\/p\/olive-knit-sweater-poncho\/#breadcrumb"},"inLanguage":"cs","potentialAction":[{"@type":"ReadAction","target":["https:\/\/ozponcho.com.au\/p\/olive-knit-sweater-poncho\/"]}]},{"@type":"ImageObject","inLanguage":"cs","@id":"https:\/\/ozponcho.com.au\/p\/olive-knit-sweater-poncho\/#primaryimage","url":"https:\/\/ozponcho.com.au\/wp-content\/uploads\/2023\/12\/O1CN01SVIQ8c1QYY59JxIx1_2505411988-0-cib.jpg","contentUrl":"https:\/\/ozponcho.com.au\/wp-content\/uploads\/2023\/12\/O1CN01SVIQ8c1QYY59JxIx1_2505411988-0-cib.jpg","width":800,"height":800,"caption":"Women's Olive Poncho Cardigan"},{"@type":"BreadcrumbList","@id":"https:\/\/ozponcho.com.au\/p\/olive-knit-sweater-poncho\/#breadcrumb","itemListElement":[{"@type":"ListItem","position":1,"name":"Home","item":"https:\/\/ozponcho.com.au\/"},{"@type":"ListItem","position":2,"name":"Shop","item":"https:\/\/ozponcho.com.au\/shop\/"},{"@type":"ListItem","position":3,"name":"Women&#8217;s Olive Poncho Cardigan"}]},{"@type":"WebSite","@id":"https:\/\/ozponcho.com.au\/#website","url":"https:\/\/ozponcho.com.au\/","name":"OZ Poncho","description":"","potentialAction":[{"@type":"SearchAction","target":{"@type":"EntryPoint","urlTemplate":"https:\/\/ozponcho.com.au\/?s={search_term_string}"},"query-input":{"@type":"PropertyValueSpecification","valueRequired":true,"valueName":"search_term_string"}}],"inLanguage":"cs"}]}},"_links":{"self":[{"href":"https:\/\/ozponcho.com.au\/cs\/wp-json\/wp\/v2\/product\/13137","targetHints":{"allow":["GET"]}}],"collection":[{"href":"https:\/\/ozponcho.com.au\/cs\/wp-json\/wp\/v2\/product"}],"about":[{"href":"https:\/\/ozponcho.com.au\/cs\/wp-json\/wp\/v2\/types\/product"}],"wp:featuredmedia":[{"embeddable":true,"href":"https:\/\/ozponcho.com.au\/cs\/wp-json\/wp\/v2\/media\/13064"}],"wp:attachment":[{"href":"https:\/\/ozponcho.com.au\/cs\/wp-json\/wp\/v2\/media?parent=13137"}],"wp:term":[{"taxonomy":"product_brand","embeddable":true,"href":"https:\/\/ozponcho.com.au\/cs\/wp-json\/wp\/v2\/product_brand?post=13137"},{"taxonomy":"product_cat","embeddable":true,"href":"https:\/\/ozponcho.com.au\/cs\/wp-json\/wp\/v2\/product_cat?post=13137"},{"taxonomy":"product_tag","embeddable":true,"href":"https:\/\/ozponcho.com.au\/cs\/wp-json\/wp\/v2\/product_tag?post=13137"}],"curies":[{"name":"wp","href":"https:\/\/api.w.org\/{rel}","templated":true}]}}