{"id":13086,"date":"2023-12-13T18:38:07","date_gmt":"2023-12-13T07:38:07","guid":{"rendered":"https:\/\/ozponcho.com.au\/p\/autumn-winter-aristolochia-ringens-knitted-cape-women-thickened-warm-shawl\/"},"modified":"2026-03-06T16:43:48","modified_gmt":"2026-03-06T05:43:48","slug":"chic-winter-cape-shawl","status":"publish","type":"product","link":"https:\/\/ozponcho.com.au\/cs\/p\/elegantni-zimni-sal-s-plastem\/","title":{"rendered":"Elegantn\u00ed pleten\u00e9 pon\u010do \u0161\u00e1l"},"content":{"rendered":"<p>Zahalte se do luxusu s na\u0161\u00edm elegantn\u00edm pleten\u00fdm \u0161\u00e1tkem Poncho. Toto pon\u010do je navr\u017eeno pro sofistikovanost a teplo a je ide\u00e1ln\u00ed pro stylov\u00e9 \u017eeny, kter\u00e9 cht\u011bj\u00ed vylep\u0161it sv\u016fj podzimn\u00ed a zimn\u00ed \u0161atn\u00edk. Tkanina Jersey se vzorem zv\u00ed\u0159ec\u00edho potisku nab\u00edz\u00ed vkusn\u00e9 zpest\u0159en\u00ed klasick\u00fdch \u00faplet\u016f, zat\u00edmco p\u0159\u00edjemn\u00fd akrylov\u00fd materi\u00e1l v\u00e1s b\u011bhem chladn\u00fdch dn\u016f zah\u0159eje. D\u00edky voln\u00e9mu st\u0159ihu a dlouh\u00fdm dolmanov\u00fdm ruk\u00e1v\u016fm vnese do ka\u017ed\u00e9ho outfitu pohodl\u00ed i eleganci. Jeho p\u0159epychov\u00fd \u0161edob\u00edl\u00fd design dopln\u011bn\u00fd ply\u0161ov\u00fdm b\u00edl\u00fdm lemov\u00e1n\u00edm z um\u011bl\u00e9 ko\u017ee\u0161iny z n\u011bj d\u011bl\u00e1 po\u017eitk\u00e1\u0159sk\u00fd dopln\u011bk pro m\u00f3dn\u011b zalo\u017een\u00e9 jedince.<\/p>\n<div>Styl: Elegantn\u00ed<\/div>\n<div>P\u0159izp\u016fsoben\u00ed: Voln\u00fd<\/div>\n<div>Tkanina: Materi\u00e1l: Jersey<\/div>\n<div>Vzor: Zv\u00ed\u0159ec\u00ed potisk<\/div>\n<div>Prvek: Non<\/div>\n<div>Horn\u00ed d\u00e9lka: Dlouh\u00fd<\/div>\n<div>Typ ruk\u00e1vu: Ruk\u00e1v: Dolman<\/div>\n<div>D\u00e9lka ruk\u00e1v\u016f: Dlouh\u00fd ruk\u00e1v<\/div>\n<div>Typ uz\u00e1v\u011bru: Jin\u00e9<\/div>\n<div>Hlavn\u00ed slo\u017een\u00ed: Akryl<\/div>\n<div>Sez\u00f3na: Podzim\/zima<\/div>\n<p><img decoding=\"async\" src=\"https:\/\/ozponcho.com.au\/wp-content\/uploads\/2024\/03\/1143139741005250560.png\" \/><img decoding=\"async\" src=\"https:\/\/ozponcho.com.au\/wp-content\/uploads\/2024\/03\/O1CN01MJ8hsP1QYYFSgGhym_2505411988-0-cib.jpg\" \/><img decoding=\"async\" src=\"https:\/\/ozponcho.com.au\/wp-content\/uploads\/2024\/03\/O1CN012yMvT91QYYFMXQqDP_2505411988-0-cib.jpg\" \/><img decoding=\"async\" src=\"https:\/\/ozponcho.com.au\/wp-content\/uploads\/2024\/03\/O1CN01v2P9go1QYYFPCp1Sf_2505411988-0-cib.jpg\" \/><img decoding=\"async\" src=\"https:\/\/ozponcho.com.au\/wp-content\/uploads\/2024\/03\/O1CN01rIcl1O1QYYFNAGt5l_2505411988-0-cib.jpg\" \/><img decoding=\"async\" src=\"https:\/\/ozponcho.com.au\/wp-content\/uploads\/2024\/03\/O1CN01cS4OvG1QYYFQPX6Tz_2505411988-0-cib.jpg\" \/><img decoding=\"async\" src=\"https:\/\/ozponcho.com.au\/wp-content\/uploads\/2024\/03\/O1CN01RYPNj31QYYFQTPa7S_2505411988-0-cib.jpg\" \/><img decoding=\"async\" src=\"https:\/\/ozponcho.com.au\/wp-content\/uploads\/2024\/03\/O1CN01pZGlBt1QYYFSIE3O3_2505411988-0-cib.jpg\" \/><\/p>","protected":false},"excerpt":{"rendered":"<p>Wrap yourself in luxury with our Elegant Knitted Poncho Shawl. Designed for sophistication and warmth, this poncho is perfect for stylish women looking to elevate their autumn and winter wardrobe. The Jersey fabric with an animal print pattern offers a tasteful twist to classic knitwear, while the cozy acrylic material keeps you warm during chilly [&#8230;]","protected":false},"featured_media":13053,"template":"","meta":[],"product_brand":[],"product_cat":[219,229,218,225,15,228,210],"product_tag":[],"class_list":{"0":"post-13086","1":"product","2":"type-product","3":"status-publish","4":"has-post-thumbnail","6":"product_cat-black-poncho","7":"product_cat-blanket-poncho","8":"product_cat-fur-poncho","9":"product_cat-grey-poncho","10":"product_cat-main-category","11":"product_cat-poncho-sweater","12":"product_cat-poncho-women","14":"first","15":"instock","16":"shipping-taxable","17":"purchasable","18":"product-type-variable"},"yoast_head":"<!-- This site is optimized with the Yoast SEO plugin v25.9 - https:\/\/yoast.com\/wordpress\/plugins\/seo\/ -->\n<title>Elegant Knitted Poncho Shawl | \u010cesk\u00e1 republika #1 Poncho Shop<\/title>\n<meta name=\"description\" content=\"Looking for a Elegant Knitted Poncho Shawl ? You&#039;ve come to the right place \ud83d\ude04 We offers a wide selection of Elegant Knitted Poncho Shawl, perfect for you.\" \/>\n<meta name=\"robots\" content=\"index, follow, max-snippet:-1, max-image-preview:large, max-video-preview:-1\" \/>\n<link rel=\"canonical\" href=\"https:\/\/ozponcho.com.au\/cs\/p\/elegantni-zimni-sal-s-plastem\/\" \/>\n<meta property=\"og:locale\" content=\"cs_CZ\" \/>\n<meta property=\"og:type\" content=\"article\" \/>\n<meta property=\"og:title\" content=\"Elegant Knitted Poncho Shawl | \u010cesk\u00e1 republika #1 Poncho Shop\" \/>\n<meta property=\"og:description\" content=\"Looking for a Elegant Knitted Poncho Shawl ? You&#039;ve come to the right place \ud83d\ude04 We offers a wide selection of Elegant Knitted Poncho Shawl, perfect for you.\" \/>\n<meta property=\"og:url\" content=\"https:\/\/ozponcho.com.au\/cs\/p\/elegantni-zimni-sal-s-plastem\/\" \/>\n<meta property=\"og:site_name\" content=\"OZ Poncho\" \/>\n<meta property=\"article:modified_time\" content=\"2026-03-06T05:43:48+00:00\" \/>\n<meta property=\"og:image\" content=\"https:\/\/ozponcho.com.au\/wp-content\/uploads\/2023\/12\/O1CN01yx7jlH1QYYFPC5RGL_2505411988-0-cib.jpg\" \/>\n\t<meta property=\"og:image:width\" content=\"800\" \/>\n\t<meta property=\"og:image:height\" content=\"800\" \/>\n\t<meta property=\"og:image:type\" content=\"image\/jpeg\" \/>\n<meta name=\"twitter:card\" content=\"summary_large_image\" \/>\n<meta name=\"twitter:label1\" content=\"Odhadovan\u00e1 doba \u010dten\u00ed\" \/>\n\t<meta name=\"twitter:data1\" content=\"3 minuty\" \/>\n<script type=\"application\/ld+json\" class=\"yoast-schema-graph\">{\"@context\":\"https:\/\/schema.org\",\"@graph\":[{\"@type\":\"WebPage\",\"@id\":\"https:\/\/ozponcho.com.au\/p\/chic-winter-cape-shawl\/\",\"url\":\"https:\/\/ozponcho.com.au\/p\/chic-winter-cape-shawl\/\",\"name\":\"Elegant Knitted Poncho Shawl | \u010cesk\u00e1 republika #1 Poncho Shop\",\"isPartOf\":{\"@id\":\"https:\/\/ozponcho.com.au\/#website\"},\"primaryImageOfPage\":{\"@id\":\"https:\/\/ozponcho.com.au\/p\/chic-winter-cape-shawl\/#primaryimage\"},\"image\":{\"@id\":\"https:\/\/ozponcho.com.au\/p\/chic-winter-cape-shawl\/#primaryimage\"},\"thumbnailUrl\":\"https:\/\/ozponcho.com.au\/wp-content\/uploads\/2023\/12\/O1CN01yx7jlH1QYYFPC5RGL_2505411988-0-cib.jpg\",\"datePublished\":\"2023-12-13T07:38:07+00:00\",\"dateModified\":\"2026-03-06T05:43:48+00:00\",\"description\":\"Looking for a Elegant Knitted Poncho Shawl ? You've come to the right place \ud83d\ude04 We offers a wide selection of Elegant Knitted Poncho Shawl, perfect for you.\",\"breadcrumb\":{\"@id\":\"https:\/\/ozponcho.com.au\/p\/chic-winter-cape-shawl\/#breadcrumb\"},\"inLanguage\":\"cs\",\"potentialAction\":[{\"@type\":\"ReadAction\",\"target\":[\"https:\/\/ozponcho.com.au\/p\/chic-winter-cape-shawl\/\"]}]},{\"@type\":\"ImageObject\",\"inLanguage\":\"cs\",\"@id\":\"https:\/\/ozponcho.com.au\/p\/chic-winter-cape-shawl\/#primaryimage\",\"url\":\"https:\/\/ozponcho.com.au\/wp-content\/uploads\/2023\/12\/O1CN01yx7jlH1QYYFPC5RGL_2505411988-0-cib.jpg\",\"contentUrl\":\"https:\/\/ozponcho.com.au\/wp-content\/uploads\/2023\/12\/O1CN01yx7jlH1QYYFPC5RGL_2505411988-0-cib.jpg\",\"width\":800,\"height\":800,\"caption\":\"Elegant Knitted Poncho Shawl\"},{\"@type\":\"BreadcrumbList\",\"@id\":\"https:\/\/ozponcho.com.au\/p\/chic-winter-cape-shawl\/#breadcrumb\",\"itemListElement\":[{\"@type\":\"ListItem\",\"position\":1,\"name\":\"Home\",\"item\":\"https:\/\/ozponcho.com.au\/\"},{\"@type\":\"ListItem\",\"position\":2,\"name\":\"Shop\",\"item\":\"https:\/\/ozponcho.com.au\/shop\/\"},{\"@type\":\"ListItem\",\"position\":3,\"name\":\"Elegant Knitted Poncho Shawl\"}]},{\"@type\":\"WebSite\",\"@id\":\"https:\/\/ozponcho.com.au\/#website\",\"url\":\"https:\/\/ozponcho.com.au\/\",\"name\":\"OZ Poncho\",\"description\":\"\",\"potentialAction\":[{\"@type\":\"SearchAction\",\"target\":{\"@type\":\"EntryPoint\",\"urlTemplate\":\"https:\/\/ozponcho.com.au\/?s={search_term_string}\"},\"query-input\":{\"@type\":\"PropertyValueSpecification\",\"valueRequired\":true,\"valueName\":\"search_term_string\"}}],\"inLanguage\":\"cs\"}]}<\/script>\n<!-- \/ Yoast SEO plugin. -->","yoast_head_json":{"title":"Elegantn\u00ed pleten\u00e9 pon\u010do \u0161\u00e1l | \u010cesk\u00e1 republika #1 Pon\u010do Shop","description":"Hled\u00e1te elegantn\u00ed pleten\u00e9 pon\u010do \u0161\u00e1l ? Jste na spr\u00e1vn\u00e9m m\u00edst\u011b \ud83d\ude04 Nab\u00edz\u00edme \u0161irok\u00fd v\u00fdb\u011br Elegantn\u00ed pleten\u00e9 pon\u010do \u0161\u00e1l, ide\u00e1ln\u00ed pro v\u00e1s.","robots":{"index":"index","follow":"follow","max-snippet":"max-snippet:-1","max-image-preview":"max-image-preview:large","max-video-preview":"max-video-preview:-1"},"canonical":"https:\/\/ozponcho.com.au\/cs\/p\/elegantni-zimni-sal-s-plastem\/","og_locale":"cs_CZ","og_type":"article","og_title":"Elegant Knitted Poncho Shawl | \u010cesk\u00e1 republika #1 Poncho Shop","og_description":"Looking for a Elegant Knitted Poncho Shawl ? You've come to the right place \ud83d\ude04 We offers a wide selection of Elegant Knitted Poncho Shawl, perfect for you.","og_url":"https:\/\/ozponcho.com.au\/cs\/p\/elegantni-zimni-sal-s-plastem\/","og_site_name":"OZ Poncho","article_modified_time":"2026-03-06T05:43:48+00:00","og_image":[{"width":800,"height":800,"url":"https:\/\/ozponcho.com.au\/wp-content\/uploads\/2023\/12\/O1CN01yx7jlH1QYYFPC5RGL_2505411988-0-cib.jpg","type":"image\/jpeg"}],"twitter_card":"summary_large_image","twitter_misc":{"Odhadovan\u00e1 doba \u010dten\u00ed":"3 minuty"},"schema":{"@context":"https:\/\/schema.org","@graph":[{"@type":"WebPage","@id":"https:\/\/ozponcho.com.au\/p\/chic-winter-cape-shawl\/","url":"https:\/\/ozponcho.com.au\/p\/chic-winter-cape-shawl\/","name":"Elegantn\u00ed pleten\u00e9 pon\u010do \u0161\u00e1l | \u010cesk\u00e1 republika #1 Pon\u010do Shop","isPartOf":{"@id":"https:\/\/ozponcho.com.au\/#website"},"primaryImageOfPage":{"@id":"https:\/\/ozponcho.com.au\/p\/chic-winter-cape-shawl\/#primaryimage"},"image":{"@id":"https:\/\/ozponcho.com.au\/p\/chic-winter-cape-shawl\/#primaryimage"},"thumbnailUrl":"https:\/\/ozponcho.com.au\/wp-content\/uploads\/2023\/12\/O1CN01yx7jlH1QYYFPC5RGL_2505411988-0-cib.jpg","datePublished":"2023-12-13T07:38:07+00:00","dateModified":"2026-03-06T05:43:48+00:00","description":"Hled\u00e1te elegantn\u00ed pleten\u00e9 pon\u010do \u0161\u00e1l ? Jste na spr\u00e1vn\u00e9m m\u00edst\u011b \ud83d\ude04 Nab\u00edz\u00edme \u0161irok\u00fd v\u00fdb\u011br Elegantn\u00ed pleten\u00e9 pon\u010do \u0161\u00e1l, ide\u00e1ln\u00ed pro v\u00e1s.","breadcrumb":{"@id":"https:\/\/ozponcho.com.au\/p\/chic-winter-cape-shawl\/#breadcrumb"},"inLanguage":"cs","potentialAction":[{"@type":"ReadAction","target":["https:\/\/ozponcho.com.au\/p\/chic-winter-cape-shawl\/"]}]},{"@type":"ImageObject","inLanguage":"cs","@id":"https:\/\/ozponcho.com.au\/p\/chic-winter-cape-shawl\/#primaryimage","url":"https:\/\/ozponcho.com.au\/wp-content\/uploads\/2023\/12\/O1CN01yx7jlH1QYYFPC5RGL_2505411988-0-cib.jpg","contentUrl":"https:\/\/ozponcho.com.au\/wp-content\/uploads\/2023\/12\/O1CN01yx7jlH1QYYFPC5RGL_2505411988-0-cib.jpg","width":800,"height":800,"caption":"Elegant Knitted Poncho Shawl"},{"@type":"BreadcrumbList","@id":"https:\/\/ozponcho.com.au\/p\/chic-winter-cape-shawl\/#breadcrumb","itemListElement":[{"@type":"ListItem","position":1,"name":"Home","item":"https:\/\/ozponcho.com.au\/"},{"@type":"ListItem","position":2,"name":"Shop","item":"https:\/\/ozponcho.com.au\/shop\/"},{"@type":"ListItem","position":3,"name":"Elegant Knitted Poncho Shawl"}]},{"@type":"WebSite","@id":"https:\/\/ozponcho.com.au\/#website","url":"https:\/\/ozponcho.com.au\/","name":"OZ Poncho","description":"","potentialAction":[{"@type":"SearchAction","target":{"@type":"EntryPoint","urlTemplate":"https:\/\/ozponcho.com.au\/?s={search_term_string}"},"query-input":{"@type":"PropertyValueSpecification","valueRequired":true,"valueName":"search_term_string"}}],"inLanguage":"cs"}]}},"_links":{"self":[{"href":"https:\/\/ozponcho.com.au\/cs\/wp-json\/wp\/v2\/product\/13086","targetHints":{"allow":["GET"]}}],"collection":[{"href":"https:\/\/ozponcho.com.au\/cs\/wp-json\/wp\/v2\/product"}],"about":[{"href":"https:\/\/ozponcho.com.au\/cs\/wp-json\/wp\/v2\/types\/product"}],"wp:featuredmedia":[{"embeddable":true,"href":"https:\/\/ozponcho.com.au\/cs\/wp-json\/wp\/v2\/media\/13053"}],"wp:attachment":[{"href":"https:\/\/ozponcho.com.au\/cs\/wp-json\/wp\/v2\/media?parent=13086"}],"wp:term":[{"taxonomy":"product_brand","embeddable":true,"href":"https:\/\/ozponcho.com.au\/cs\/wp-json\/wp\/v2\/product_brand?post=13086"},{"taxonomy":"product_cat","embeddable":true,"href":"https:\/\/ozponcho.com.au\/cs\/wp-json\/wp\/v2\/product_cat?post=13086"},{"taxonomy":"product_tag","embeddable":true,"href":"https:\/\/ozponcho.com.au\/cs\/wp-json\/wp\/v2\/product_tag?post=13086"}],"curies":[{"name":"wp","href":"https:\/\/api.w.org\/{rel}","templated":true}]}}