{"id":13030,"date":"2023-12-13T18:37:46","date_gmt":"2023-12-13T07:37:46","guid":{"rendered":"https:\/\/ozponcho.com.au\/p\/autumn-winter-tassel-cape-shawl-sweater-women-fur-collar-cardigan-coat\/"},"modified":"2024-07-26T12:28:26","modified_gmt":"2024-07-26T01:28:26","slug":"elegant-tassel-trim-wrap","status":"publish","type":"product","link":"https:\/\/ozponcho.com.au\/cs\/p\/elegantni-strapcovy-zabal\/","title":{"rendered":"Elegantn\u00ed ko\u017ee\u0161inov\u00e9 pon\u010do s t\u0159\u00e1sn\u011bmi"},"content":{"rendered":"<p>Vylep\u0161ete sv\u016fj zimn\u00ed \u0161atn\u00edk t\u00edmto \u00fa\u017easn\u00fdm pon\u010dem, kter\u00e9 je dokonalou kombinac\u00ed elegance a tepla. Je vyrobeno z m\u011bkk\u00fdch akrylov\u00fdch vl\u00e1ken a na dotek p\u016fsob\u00ed luxusn\u011b a m\u011bkce jako kvalitn\u00ed vln\u011bn\u00e9 pon\u010do. \u017derzejov\u00e1 tkanina ladn\u011b spl\u00fdv\u00e1 a nab\u00edz\u00ed n\u00e1dhern\u00fd voln\u00fd st\u0159ih, kter\u00fd se p\u0159i pohybu t\u0159epot\u00e1. St\u0159apce a ozdoby z um\u011bl\u00e9 ko\u017ee\u0161iny mu dod\u00e1vaj\u00ed n\u00e1dech sofistikovanosti a \u010din\u00ed z n\u011bj ide\u00e1ln\u00ed kousek pro chladn\u00e9 podzimn\u00ed ve\u010dery nebo sychrav\u00e9 zimn\u00ed dny. Jeho v\u0161estrannost v\u00e1s snadno p\u0159enese z p\u0159\u00edle\u017eitostn\u00fdch v\u00fdlet\u016f na form\u00e1ln\u011bj\u0161\u00ed ud\u00e1losti. Zahalte se do pohodl\u00ed a vyjd\u011bte ven stylov\u011b s na\u0161\u00edm m\u00f3dn\u00edm pon\u010dem s t\u0159\u00e1sn\u011bmi.<\/p>\n<div>Styl: Elegantn\u00ed<\/div>\n<div>P\u0159izp\u016fsoben\u00ed: Voln\u00fd<\/div>\n<div>Tkanina: Materi\u00e1l: Jersey<\/div>\n<div>Vzor: Pruh<\/div>\n<div>Prvek: T\u0159\u00e1sn\u011b<\/div>\n<div>Horn\u00ed d\u00e9lka: Dlouh\u00fd<\/div>\n<div>Typ ruk\u00e1vu: Pravideln\u00fd<\/div>\n<div>D\u00e9lka ruk\u00e1v\u016f: Dlouh\u00fd ruk\u00e1v<\/div>\n<div>Typ uz\u00e1v\u011bru: Jin\u00e9<\/div>\n<div>Hlavn\u00ed slo\u017een\u00ed: Akryl<\/div>\n<div>Sez\u00f3na: Podzim\/zima<\/div>\n<p><img decoding=\"async\" src=\"https:\/\/ozponcho.com.au\/wp-content\/uploads\/2024\/03\/1161293646503346176.png\" \/><img decoding=\"async\" src=\"https:\/\/ozponcho.com.au\/wp-content\/uploads\/2024\/03\/O1CN01Ne086s1QYY4m2Geee_2505411988-0-cib.jpg\" \/><img decoding=\"async\" src=\"https:\/\/ozponcho.com.au\/wp-content\/uploads\/2024\/03\/O1CN01AyB5np1QYY4mbrldt_2505411988-0-cib.jpg\" \/><img decoding=\"async\" src=\"https:\/\/ozponcho.com.au\/wp-content\/uploads\/2024\/03\/O1CN01zdYgl91QYY4m2IOpY_2505411988-0-cib.jpg\" \/><img decoding=\"async\" src=\"https:\/\/ozponcho.com.au\/wp-content\/uploads\/2024\/03\/O1CN01mv4o4n1QYY4mbqh7V_2505411988-0-cib.jpg\" \/><img decoding=\"async\" src=\"https:\/\/ozponcho.com.au\/wp-content\/uploads\/2024\/03\/O1CN015EU05h1QYY4vfq0wD_2505411988-0-cib.jpg\" \/><img decoding=\"async\" src=\"https:\/\/ozponcho.com.au\/wp-content\/uploads\/2024\/03\/O1CN018nyL2M1QYY4m2JChV_2505411988-0-cib.jpg\" \/><img decoding=\"async\" src=\"https:\/\/ozponcho.com.au\/wp-content\/uploads\/2024\/03\/O1CN01K4D4jQ1QYY4okIRfc_2505411988-0-cib.jpg\" \/><\/p>","protected":false},"excerpt":{"rendered":"<p>Elevate your winter wardrobe with this stunning poncho, a perfect blend of elegance and warmth. Crafted with soft acrylic fibers, it provides a luxuriously soft touch akin to a high-quality wool poncho. The jersey fabric drapes gracefully, offering a gorgeous, loose fit that flutters with movement. Tassels and faux fur embellishments add a touch of [&#8230;]","protected":false},"featured_media":12994,"template":"","meta":[],"product_brand":[],"product_cat":[218,225,15,228,214,210,215],"product_tag":[],"class_list":{"0":"post-13030","1":"product","2":"type-product","3":"status-publish","4":"has-post-thumbnail","6":"product_cat-fur-poncho","7":"product_cat-grey-poncho","8":"product_cat-main-category","9":"product_cat-poncho-sweater","10":"product_cat-knitted-crochet-poncho","11":"product_cat-poncho-women","12":"product_cat-wool-poncho","14":"first","15":"outofstock","16":"shipping-taxable","17":"purchasable","18":"product-type-variable"},"yoast_head":"<!-- This site is optimized with the Yoast SEO plugin v25.9 - https:\/\/yoast.com\/wordpress\/plugins\/seo\/ -->\n<title>Chic Fringe Fur Poncho | \u010cesk\u00e1 republika #1 Poncho Shop<\/title>\n<meta name=\"description\" content=\"Looking for a Chic Fringe Fur Poncho ? You&#039;ve come to the right place \ud83d\ude04 We offers a wide selection of Chic Fringe Fur Poncho, perfect for you.\" \/>\n<meta name=\"robots\" content=\"index, follow, max-snippet:-1, max-image-preview:large, max-video-preview:-1\" \/>\n<link rel=\"canonical\" href=\"https:\/\/ozponcho.com.au\/cs\/p\/elegantni-strapcovy-zabal\/\" \/>\n<meta property=\"og:locale\" content=\"cs_CZ\" \/>\n<meta property=\"og:type\" content=\"article\" \/>\n<meta property=\"og:title\" content=\"Chic Fringe Fur Poncho | \u010cesk\u00e1 republika #1 Poncho Shop\" \/>\n<meta property=\"og:description\" content=\"Looking for a Chic Fringe Fur Poncho ? You&#039;ve come to the right place \ud83d\ude04 We offers a wide selection of Chic Fringe Fur Poncho, perfect for you.\" \/>\n<meta property=\"og:url\" content=\"https:\/\/ozponcho.com.au\/cs\/p\/elegantni-strapcovy-zabal\/\" \/>\n<meta property=\"og:site_name\" content=\"OZ Poncho\" \/>\n<meta property=\"article:modified_time\" content=\"2024-07-26T01:28:26+00:00\" \/>\n<meta property=\"og:image\" content=\"https:\/\/ozponcho.com.au\/wp-content\/uploads\/2023\/12\/O1CN01bNlLkp1QYY4iOyPDy_2505411988-0-cib.jpg\" \/>\n\t<meta property=\"og:image:width\" content=\"800\" \/>\n\t<meta property=\"og:image:height\" content=\"800\" \/>\n\t<meta property=\"og:image:type\" content=\"image\/jpeg\" \/>\n<meta name=\"twitter:card\" content=\"summary_large_image\" \/>\n<meta name=\"twitter:label1\" content=\"Odhadovan\u00e1 doba \u010dten\u00ed\" \/>\n\t<meta name=\"twitter:data1\" content=\"1 minuta\" \/>\n<script type=\"application\/ld+json\" class=\"yoast-schema-graph\">{\"@context\":\"https:\/\/schema.org\",\"@graph\":[{\"@type\":\"WebPage\",\"@id\":\"https:\/\/ozponcho.com.au\/p\/elegant-tassel-trim-wrap\/\",\"url\":\"https:\/\/ozponcho.com.au\/p\/elegant-tassel-trim-wrap\/\",\"name\":\"Chic Fringe Fur Poncho | \u010cesk\u00e1 republika #1 Poncho Shop\",\"isPartOf\":{\"@id\":\"https:\/\/ozponcho.com.au\/#website\"},\"primaryImageOfPage\":{\"@id\":\"https:\/\/ozponcho.com.au\/p\/elegant-tassel-trim-wrap\/#primaryimage\"},\"image\":{\"@id\":\"https:\/\/ozponcho.com.au\/p\/elegant-tassel-trim-wrap\/#primaryimage\"},\"thumbnailUrl\":\"https:\/\/ozponcho.com.au\/wp-content\/uploads\/2023\/12\/O1CN01bNlLkp1QYY4iOyPDy_2505411988-0-cib.jpg\",\"datePublished\":\"2023-12-13T07:37:46+00:00\",\"dateModified\":\"2024-07-26T01:28:26+00:00\",\"description\":\"Looking for a Chic Fringe Fur Poncho ? You've come to the right place \ud83d\ude04 We offers a wide selection of Chic Fringe Fur Poncho, perfect for you.\",\"breadcrumb\":{\"@id\":\"https:\/\/ozponcho.com.au\/p\/elegant-tassel-trim-wrap\/#breadcrumb\"},\"inLanguage\":\"cs\",\"potentialAction\":[{\"@type\":\"ReadAction\",\"target\":[\"https:\/\/ozponcho.com.au\/p\/elegant-tassel-trim-wrap\/\"]}]},{\"@type\":\"ImageObject\",\"inLanguage\":\"cs\",\"@id\":\"https:\/\/ozponcho.com.au\/p\/elegant-tassel-trim-wrap\/#primaryimage\",\"url\":\"https:\/\/ozponcho.com.au\/wp-content\/uploads\/2023\/12\/O1CN01bNlLkp1QYY4iOyPDy_2505411988-0-cib.jpg\",\"contentUrl\":\"https:\/\/ozponcho.com.au\/wp-content\/uploads\/2023\/12\/O1CN01bNlLkp1QYY4iOyPDy_2505411988-0-cib.jpg\",\"width\":800,\"height\":800,\"caption\":\"Chic Fringe Fur Poncho\"},{\"@type\":\"BreadcrumbList\",\"@id\":\"https:\/\/ozponcho.com.au\/p\/elegant-tassel-trim-wrap\/#breadcrumb\",\"itemListElement\":[{\"@type\":\"ListItem\",\"position\":1,\"name\":\"Home\",\"item\":\"https:\/\/ozponcho.com.au\/\"},{\"@type\":\"ListItem\",\"position\":2,\"name\":\"Shop\",\"item\":\"https:\/\/ozponcho.com.au\/shop\/\"},{\"@type\":\"ListItem\",\"position\":3,\"name\":\"Chic Fringe Fur Poncho\"}]},{\"@type\":\"WebSite\",\"@id\":\"https:\/\/ozponcho.com.au\/#website\",\"url\":\"https:\/\/ozponcho.com.au\/\",\"name\":\"OZ Poncho\",\"description\":\"\",\"potentialAction\":[{\"@type\":\"SearchAction\",\"target\":{\"@type\":\"EntryPoint\",\"urlTemplate\":\"https:\/\/ozponcho.com.au\/?s={search_term_string}\"},\"query-input\":{\"@type\":\"PropertyValueSpecification\",\"valueRequired\":true,\"valueName\":\"search_term_string\"}}],\"inLanguage\":\"cs\"}]}<\/script>\n<!-- \/ Yoast SEO plugin. -->","yoast_head_json":{"title":"Chic Fringe Fur Poncho | \u010cesk\u00e1 republika #1 Poncho Shop","description":"Hled\u00e1te elegantn\u00ed ko\u017ee\u0161inov\u00e9 pon\u010do s t\u0159\u00e1sn\u011bmi ? Jste na spr\u00e1vn\u00e9m m\u00edst\u011b \ud83d\ude04 Nab\u00edz\u00edme \u0161irok\u00fd v\u00fdb\u011br Chic Fringe Fur Poncho, ide\u00e1ln\u00ed pro v\u00e1s.","robots":{"index":"index","follow":"follow","max-snippet":"max-snippet:-1","max-image-preview":"max-image-preview:large","max-video-preview":"max-video-preview:-1"},"canonical":"https:\/\/ozponcho.com.au\/cs\/p\/elegantni-strapcovy-zabal\/","og_locale":"cs_CZ","og_type":"article","og_title":"Chic Fringe Fur Poncho | \u010cesk\u00e1 republika #1 Poncho Shop","og_description":"Looking for a Chic Fringe Fur Poncho ? You've come to the right place \ud83d\ude04 We offers a wide selection of Chic Fringe Fur Poncho, perfect for you.","og_url":"https:\/\/ozponcho.com.au\/cs\/p\/elegantni-strapcovy-zabal\/","og_site_name":"OZ Poncho","article_modified_time":"2024-07-26T01:28:26+00:00","og_image":[{"width":800,"height":800,"url":"https:\/\/ozponcho.com.au\/wp-content\/uploads\/2023\/12\/O1CN01bNlLkp1QYY4iOyPDy_2505411988-0-cib.jpg","type":"image\/jpeg"}],"twitter_card":"summary_large_image","twitter_misc":{"Odhadovan\u00e1 doba \u010dten\u00ed":"1 minuta"},"schema":{"@context":"https:\/\/schema.org","@graph":[{"@type":"WebPage","@id":"https:\/\/ozponcho.com.au\/p\/elegant-tassel-trim-wrap\/","url":"https:\/\/ozponcho.com.au\/p\/elegant-tassel-trim-wrap\/","name":"Chic Fringe Fur Poncho | \u010cesk\u00e1 republika #1 Poncho Shop","isPartOf":{"@id":"https:\/\/ozponcho.com.au\/#website"},"primaryImageOfPage":{"@id":"https:\/\/ozponcho.com.au\/p\/elegant-tassel-trim-wrap\/#primaryimage"},"image":{"@id":"https:\/\/ozponcho.com.au\/p\/elegant-tassel-trim-wrap\/#primaryimage"},"thumbnailUrl":"https:\/\/ozponcho.com.au\/wp-content\/uploads\/2023\/12\/O1CN01bNlLkp1QYY4iOyPDy_2505411988-0-cib.jpg","datePublished":"2023-12-13T07:37:46+00:00","dateModified":"2024-07-26T01:28:26+00:00","description":"Hled\u00e1te elegantn\u00ed ko\u017ee\u0161inov\u00e9 pon\u010do s t\u0159\u00e1sn\u011bmi ? Jste na spr\u00e1vn\u00e9m m\u00edst\u011b \ud83d\ude04 Nab\u00edz\u00edme \u0161irok\u00fd v\u00fdb\u011br Chic Fringe Fur Poncho, ide\u00e1ln\u00ed pro v\u00e1s.","breadcrumb":{"@id":"https:\/\/ozponcho.com.au\/p\/elegant-tassel-trim-wrap\/#breadcrumb"},"inLanguage":"cs","potentialAction":[{"@type":"ReadAction","target":["https:\/\/ozponcho.com.au\/p\/elegant-tassel-trim-wrap\/"]}]},{"@type":"ImageObject","inLanguage":"cs","@id":"https:\/\/ozponcho.com.au\/p\/elegant-tassel-trim-wrap\/#primaryimage","url":"https:\/\/ozponcho.com.au\/wp-content\/uploads\/2023\/12\/O1CN01bNlLkp1QYY4iOyPDy_2505411988-0-cib.jpg","contentUrl":"https:\/\/ozponcho.com.au\/wp-content\/uploads\/2023\/12\/O1CN01bNlLkp1QYY4iOyPDy_2505411988-0-cib.jpg","width":800,"height":800,"caption":"Chic Fringe Fur Poncho"},{"@type":"BreadcrumbList","@id":"https:\/\/ozponcho.com.au\/p\/elegant-tassel-trim-wrap\/#breadcrumb","itemListElement":[{"@type":"ListItem","position":1,"name":"Home","item":"https:\/\/ozponcho.com.au\/"},{"@type":"ListItem","position":2,"name":"Shop","item":"https:\/\/ozponcho.com.au\/shop\/"},{"@type":"ListItem","position":3,"name":"Chic Fringe Fur Poncho"}]},{"@type":"WebSite","@id":"https:\/\/ozponcho.com.au\/#website","url":"https:\/\/ozponcho.com.au\/","name":"OZ Poncho","description":"","potentialAction":[{"@type":"SearchAction","target":{"@type":"EntryPoint","urlTemplate":"https:\/\/ozponcho.com.au\/?s={search_term_string}"},"query-input":{"@type":"PropertyValueSpecification","valueRequired":true,"valueName":"search_term_string"}}],"inLanguage":"cs"}]}},"_links":{"self":[{"href":"https:\/\/ozponcho.com.au\/cs\/wp-json\/wp\/v2\/product\/13030","targetHints":{"allow":["GET"]}}],"collection":[{"href":"https:\/\/ozponcho.com.au\/cs\/wp-json\/wp\/v2\/product"}],"about":[{"href":"https:\/\/ozponcho.com.au\/cs\/wp-json\/wp\/v2\/types\/product"}],"wp:featuredmedia":[{"embeddable":true,"href":"https:\/\/ozponcho.com.au\/cs\/wp-json\/wp\/v2\/media\/12994"}],"wp:attachment":[{"href":"https:\/\/ozponcho.com.au\/cs\/wp-json\/wp\/v2\/media?parent=13030"}],"wp:term":[{"taxonomy":"product_brand","embeddable":true,"href":"https:\/\/ozponcho.com.au\/cs\/wp-json\/wp\/v2\/product_brand?post=13030"},{"taxonomy":"product_cat","embeddable":true,"href":"https:\/\/ozponcho.com.au\/cs\/wp-json\/wp\/v2\/product_cat?post=13030"},{"taxonomy":"product_tag","embeddable":true,"href":"https:\/\/ozponcho.com.au\/cs\/wp-json\/wp\/v2\/product_tag?post=13030"}],"curies":[{"name":"wp","href":"https:\/\/api.w.org\/{rel}","templated":true}]}}