{"id":12819,"date":"2023-12-13T18:37:05","date_gmt":"2023-12-13T07:37:05","guid":{"rendered":"https:\/\/ozponcho.com.au\/p\/tassel-cloak-autumn-winter-contrast-color-houndstooth-fur-collar-inverness-women\/"},"modified":"2026-01-06T20:08:06","modified_gmt":"2026-01-06T09:08:06","slug":"chic-fur-trim-poncho","status":"publish","type":"product","link":"https:\/\/ozponcho.com.au\/cs\/p\/elegantni-ponco-s-kozesinovym-lemem\/","title":{"rendered":"Elegantn\u00ed pon\u010do s t\u0159\u00e1sn\u011bmi Houndstooth"},"content":{"rendered":"<p>P\u0159ijm\u011bte eleganci sez\u00f3ny s t\u00edmto podzimn\u00edm zimn\u00edm pon\u010dem Houndstooth Contrast Color. Luxusn\u00ed l\u00edmec z um\u011bl\u00e9 ko\u017ee\u0161iny dod\u00e1 va\u0161emu kompletu n\u00e1dech extravagance, zat\u00edmco detail s t\u0159\u00e1sn\u011bmi nab\u00edz\u00ed vintage \u0161arm. Toto pon\u010do z \u017eerzejov\u00e9 tkaniny, kter\u00e9 je ide\u00e1ln\u00ed pro chladn\u011bj\u0161\u00ed dny, zajist\u00ed teplo, ani\u017e by to bylo na \u00fakor stylu. Jeho velkorys\u00e9 dolmanov\u00e9 ruk\u00e1vy a voln\u00fd st\u0159ih poskytuj\u00ed pohodl\u00ed i lichotivou siluetu. A\u0165 u\u017e chcete pozvednout sv\u016fj denn\u00ed od\u011bv nebo dodat sofistikovanost sv\u00e9mu ve\u010dern\u00edmu vzhledu, toto pon\u010do je univerz\u00e1ln\u00ed investic\u00ed do va\u0161eho \u0161atn\u00edku.<\/p>\n<div>Styl: Elegantn\u00ed<\/div>\n<div>P\u0159izp\u016fsoben\u00ed: Voln\u00fd<\/div>\n<div>Tkanina: Materi\u00e1l: Jersey<\/div>\n<div>Vzor: K\u00e1rovan\u00fd<\/div>\n<div>Prvek: T\u0159\u00e1sn\u011b<\/div>\n<div>Horn\u00ed d\u00e9lka: Dlouh\u00fd<\/div>\n<div>Typ ruk\u00e1vu: Ruk\u00e1v: Dolman<\/div>\n<div>D\u00e9lka ruk\u00e1v\u016f: Dlouh\u00fd ruk\u00e1v<\/div>\n<div>Typ uz\u00e1v\u011bru: Jin\u00e9<\/div>\n<div>Hlavn\u00ed slo\u017een\u00ed: Materi\u00e1l: polyester<\/div>\n<div>Sez\u00f3na: Podzim\/zima<\/div>\n<p><img decoding=\"async\" src=\"https:\/\/ozponcho.com.au\/wp-content\/uploads\/2024\/03\/1011603987973013504.png\" \/><img decoding=\"async\" src=\"https:\/\/ozponcho.com.au\/wp-content\/uploads\/2024\/03\/O1CN013iZKRG1QYY9ZzgtE5_2505411988-0-cib.jpg\" \/><img decoding=\"async\" src=\"https:\/\/ozponcho.com.au\/wp-content\/uploads\/2024\/03\/O1CN019gv3221QYY9ZDZpkW_2505411988-0-cib.jpg\" \/><img decoding=\"async\" src=\"https:\/\/ozponcho.com.au\/wp-content\/uploads\/2024\/03\/O1CN018n7YoH1QYY9ff8ibl_2505411988-0-cib.jpg\" \/><img decoding=\"async\" src=\"https:\/\/ozponcho.com.au\/wp-content\/uploads\/2024\/03\/O1CN01txqgKS1QYY9Zzg1EP_2505411988-0-cib.jpg\" \/><img decoding=\"async\" src=\"https:\/\/ozponcho.com.au\/wp-content\/uploads\/2024\/03\/O1CN01EVMy7U1QYY9dinGLo_2505411988-0-cib.jpg\" \/><img decoding=\"async\" src=\"https:\/\/ozponcho.com.au\/wp-content\/uploads\/2024\/03\/O1CN01Llx6zV1QYY9dilmty_2505411988-0-cib.jpg\" \/><\/p>","protected":false},"excerpt":{"rendered":"<p>Embrace the elegance of the season with this Autumn Winter Contrast Color Houndstooth Poncho. The luxurious faux fur collar adds a touch of extravagance to your ensemble, while the fringe detail offers vintage charm. Perfect for chillier days, this jersey fabric poncho ensures warmth without compromising on style. Its generous dolman sleeves and loose fit [&#8230;]","protected":false},"featured_media":12792,"template":"","meta":[],"product_brand":[],"product_cat":[229,226,218,15,228,210],"product_tag":[],"class_list":{"0":"post-12819","1":"product","2":"type-product","3":"status-publish","4":"has-post-thumbnail","6":"product_cat-blanket-poncho","7":"product_cat-brown-poncho","8":"product_cat-fur-poncho","9":"product_cat-main-category","10":"product_cat-poncho-sweater","11":"product_cat-poncho-women","13":"first","14":"instock","15":"shipping-taxable","16":"purchasable","17":"product-type-variable"},"yoast_head":"<!-- This site is optimized with the Yoast SEO plugin v25.9 - https:\/\/yoast.com\/wordpress\/plugins\/seo\/ -->\n<title>Elegant Houndstooth Fringe Poncho | \u010cesk\u00e1 republika #1 Poncho Shop<\/title>\n<meta name=\"description\" content=\"Looking for a Elegant Houndstooth Fringe Poncho ? You&#039;ve come to the right place \ud83d\ude04 We offers a wide selection of Elegant Houndstooth Fringe Poncho, perfect for you.\" \/>\n<meta name=\"robots\" content=\"index, follow, max-snippet:-1, max-image-preview:large, max-video-preview:-1\" \/>\n<link rel=\"canonical\" href=\"https:\/\/ozponcho.com.au\/cs\/p\/elegantni-ponco-s-kozesinovym-lemem\/\" \/>\n<meta property=\"og:locale\" content=\"cs_CZ\" \/>\n<meta property=\"og:type\" content=\"article\" \/>\n<meta property=\"og:title\" content=\"Elegant Houndstooth Fringe Poncho | \u010cesk\u00e1 republika #1 Poncho Shop\" \/>\n<meta property=\"og:description\" content=\"Looking for a Elegant Houndstooth Fringe Poncho ? You&#039;ve come to the right place \ud83d\ude04 We offers a wide selection of Elegant Houndstooth Fringe Poncho, perfect for you.\" \/>\n<meta property=\"og:url\" content=\"https:\/\/ozponcho.com.au\/cs\/p\/elegantni-ponco-s-kozesinovym-lemem\/\" \/>\n<meta property=\"og:site_name\" content=\"OZ Poncho\" \/>\n<meta property=\"article:modified_time\" content=\"2026-01-06T09:08:06+00:00\" \/>\n<meta property=\"og:image\" content=\"https:\/\/ozponcho.com.au\/wp-content\/uploads\/2023\/12\/O1CN01BGPOcT1QYY9cmOhSH_2505411988-0-cib.jpg\" \/>\n\t<meta property=\"og:image:width\" content=\"800\" \/>\n\t<meta property=\"og:image:height\" content=\"800\" \/>\n\t<meta property=\"og:image:type\" content=\"image\/jpeg\" \/>\n<meta name=\"twitter:card\" content=\"summary_large_image\" \/>\n<meta name=\"twitter:label1\" content=\"Odhadovan\u00e1 doba \u010dten\u00ed\" \/>\n\t<meta name=\"twitter:data1\" content=\"1 minuta\" \/>\n<script type=\"application\/ld+json\" class=\"yoast-schema-graph\">{\"@context\":\"https:\/\/schema.org\",\"@graph\":[{\"@type\":\"WebPage\",\"@id\":\"https:\/\/ozponcho.com.au\/p\/chic-fur-trim-poncho\/\",\"url\":\"https:\/\/ozponcho.com.au\/p\/chic-fur-trim-poncho\/\",\"name\":\"Elegant Houndstooth Fringe Poncho | \u010cesk\u00e1 republika #1 Poncho Shop\",\"isPartOf\":{\"@id\":\"https:\/\/ozponcho.com.au\/#website\"},\"primaryImageOfPage\":{\"@id\":\"https:\/\/ozponcho.com.au\/p\/chic-fur-trim-poncho\/#primaryimage\"},\"image\":{\"@id\":\"https:\/\/ozponcho.com.au\/p\/chic-fur-trim-poncho\/#primaryimage\"},\"thumbnailUrl\":\"https:\/\/ozponcho.com.au\/wp-content\/uploads\/2023\/12\/O1CN01BGPOcT1QYY9cmOhSH_2505411988-0-cib.jpg\",\"datePublished\":\"2023-12-13T07:37:05+00:00\",\"dateModified\":\"2026-01-06T09:08:06+00:00\",\"description\":\"Looking for a Elegant Houndstooth Fringe Poncho ? You've come to the right place \ud83d\ude04 We offers a wide selection of Elegant Houndstooth Fringe Poncho, perfect for you.\",\"breadcrumb\":{\"@id\":\"https:\/\/ozponcho.com.au\/p\/chic-fur-trim-poncho\/#breadcrumb\"},\"inLanguage\":\"cs\",\"potentialAction\":[{\"@type\":\"ReadAction\",\"target\":[\"https:\/\/ozponcho.com.au\/p\/chic-fur-trim-poncho\/\"]}]},{\"@type\":\"ImageObject\",\"inLanguage\":\"cs\",\"@id\":\"https:\/\/ozponcho.com.au\/p\/chic-fur-trim-poncho\/#primaryimage\",\"url\":\"https:\/\/ozponcho.com.au\/wp-content\/uploads\/2023\/12\/O1CN01BGPOcT1QYY9cmOhSH_2505411988-0-cib.jpg\",\"contentUrl\":\"https:\/\/ozponcho.com.au\/wp-content\/uploads\/2023\/12\/O1CN01BGPOcT1QYY9cmOhSH_2505411988-0-cib.jpg\",\"width\":800,\"height\":800,\"caption\":\"Elegant Houndstooth Fringe Poncho\"},{\"@type\":\"BreadcrumbList\",\"@id\":\"https:\/\/ozponcho.com.au\/p\/chic-fur-trim-poncho\/#breadcrumb\",\"itemListElement\":[{\"@type\":\"ListItem\",\"position\":1,\"name\":\"Home\",\"item\":\"https:\/\/ozponcho.com.au\/\"},{\"@type\":\"ListItem\",\"position\":2,\"name\":\"Shop\",\"item\":\"https:\/\/ozponcho.com.au\/shop\/\"},{\"@type\":\"ListItem\",\"position\":3,\"name\":\"Elegant Houndstooth Fringe Poncho\"}]},{\"@type\":\"WebSite\",\"@id\":\"https:\/\/ozponcho.com.au\/#website\",\"url\":\"https:\/\/ozponcho.com.au\/\",\"name\":\"OZ Poncho\",\"description\":\"\",\"potentialAction\":[{\"@type\":\"SearchAction\",\"target\":{\"@type\":\"EntryPoint\",\"urlTemplate\":\"https:\/\/ozponcho.com.au\/?s={search_term_string}\"},\"query-input\":{\"@type\":\"PropertyValueSpecification\",\"valueRequired\":true,\"valueName\":\"search_term_string\"}}],\"inLanguage\":\"cs\"}]}<\/script>\n<!-- \/ Yoast SEO plugin. -->","yoast_head_json":{"title":"Elegantn\u00ed pon\u010do Houndstooth Fringe | \u010cesk\u00e1 republika #1 Pon\u010do Shop","description":"Hled\u00e1te elegantn\u00ed pon\u010do s t\u0159\u00e1sn\u011bmi Houndstooth ? Jste na spr\u00e1vn\u00e9m m\u00edst\u011b \ud83d\ude04 Nab\u00edz\u00edme \u0161irok\u00fd v\u00fdb\u011br Elegant Houndstooth Fringe Poncho, ide\u00e1ln\u00ed pro v\u00e1s.","robots":{"index":"index","follow":"follow","max-snippet":"max-snippet:-1","max-image-preview":"max-image-preview:large","max-video-preview":"max-video-preview:-1"},"canonical":"https:\/\/ozponcho.com.au\/cs\/p\/elegantni-ponco-s-kozesinovym-lemem\/","og_locale":"cs_CZ","og_type":"article","og_title":"Elegant Houndstooth Fringe Poncho | \u010cesk\u00e1 republika #1 Poncho Shop","og_description":"Looking for a Elegant Houndstooth Fringe Poncho ? You've come to the right place \ud83d\ude04 We offers a wide selection of Elegant Houndstooth Fringe Poncho, perfect for you.","og_url":"https:\/\/ozponcho.com.au\/cs\/p\/elegantni-ponco-s-kozesinovym-lemem\/","og_site_name":"OZ Poncho","article_modified_time":"2026-01-06T09:08:06+00:00","og_image":[{"width":800,"height":800,"url":"https:\/\/ozponcho.com.au\/wp-content\/uploads\/2023\/12\/O1CN01BGPOcT1QYY9cmOhSH_2505411988-0-cib.jpg","type":"image\/jpeg"}],"twitter_card":"summary_large_image","twitter_misc":{"Odhadovan\u00e1 doba \u010dten\u00ed":"1 minuta"},"schema":{"@context":"https:\/\/schema.org","@graph":[{"@type":"WebPage","@id":"https:\/\/ozponcho.com.au\/p\/chic-fur-trim-poncho\/","url":"https:\/\/ozponcho.com.au\/p\/chic-fur-trim-poncho\/","name":"Elegantn\u00ed pon\u010do Houndstooth Fringe | \u010cesk\u00e1 republika #1 Pon\u010do Shop","isPartOf":{"@id":"https:\/\/ozponcho.com.au\/#website"},"primaryImageOfPage":{"@id":"https:\/\/ozponcho.com.au\/p\/chic-fur-trim-poncho\/#primaryimage"},"image":{"@id":"https:\/\/ozponcho.com.au\/p\/chic-fur-trim-poncho\/#primaryimage"},"thumbnailUrl":"https:\/\/ozponcho.com.au\/wp-content\/uploads\/2023\/12\/O1CN01BGPOcT1QYY9cmOhSH_2505411988-0-cib.jpg","datePublished":"2023-12-13T07:37:05+00:00","dateModified":"2026-01-06T09:08:06+00:00","description":"Hled\u00e1te elegantn\u00ed pon\u010do s t\u0159\u00e1sn\u011bmi Houndstooth ? Jste na spr\u00e1vn\u00e9m m\u00edst\u011b \ud83d\ude04 Nab\u00edz\u00edme \u0161irok\u00fd v\u00fdb\u011br Elegant Houndstooth Fringe Poncho, ide\u00e1ln\u00ed pro v\u00e1s.","breadcrumb":{"@id":"https:\/\/ozponcho.com.au\/p\/chic-fur-trim-poncho\/#breadcrumb"},"inLanguage":"cs","potentialAction":[{"@type":"ReadAction","target":["https:\/\/ozponcho.com.au\/p\/chic-fur-trim-poncho\/"]}]},{"@type":"ImageObject","inLanguage":"cs","@id":"https:\/\/ozponcho.com.au\/p\/chic-fur-trim-poncho\/#primaryimage","url":"https:\/\/ozponcho.com.au\/wp-content\/uploads\/2023\/12\/O1CN01BGPOcT1QYY9cmOhSH_2505411988-0-cib.jpg","contentUrl":"https:\/\/ozponcho.com.au\/wp-content\/uploads\/2023\/12\/O1CN01BGPOcT1QYY9cmOhSH_2505411988-0-cib.jpg","width":800,"height":800,"caption":"Elegant Houndstooth Fringe Poncho"},{"@type":"BreadcrumbList","@id":"https:\/\/ozponcho.com.au\/p\/chic-fur-trim-poncho\/#breadcrumb","itemListElement":[{"@type":"ListItem","position":1,"name":"Home","item":"https:\/\/ozponcho.com.au\/"},{"@type":"ListItem","position":2,"name":"Shop","item":"https:\/\/ozponcho.com.au\/shop\/"},{"@type":"ListItem","position":3,"name":"Elegant Houndstooth Fringe Poncho"}]},{"@type":"WebSite","@id":"https:\/\/ozponcho.com.au\/#website","url":"https:\/\/ozponcho.com.au\/","name":"OZ Poncho","description":"","potentialAction":[{"@type":"SearchAction","target":{"@type":"EntryPoint","urlTemplate":"https:\/\/ozponcho.com.au\/?s={search_term_string}"},"query-input":{"@type":"PropertyValueSpecification","valueRequired":true,"valueName":"search_term_string"}}],"inLanguage":"cs"}]}},"_links":{"self":[{"href":"https:\/\/ozponcho.com.au\/cs\/wp-json\/wp\/v2\/product\/12819","targetHints":{"allow":["GET"]}}],"collection":[{"href":"https:\/\/ozponcho.com.au\/cs\/wp-json\/wp\/v2\/product"}],"about":[{"href":"https:\/\/ozponcho.com.au\/cs\/wp-json\/wp\/v2\/types\/product"}],"wp:featuredmedia":[{"embeddable":true,"href":"https:\/\/ozponcho.com.au\/cs\/wp-json\/wp\/v2\/media\/12792"}],"wp:attachment":[{"href":"https:\/\/ozponcho.com.au\/cs\/wp-json\/wp\/v2\/media?parent=12819"}],"wp:term":[{"taxonomy":"product_brand","embeddable":true,"href":"https:\/\/ozponcho.com.au\/cs\/wp-json\/wp\/v2\/product_brand?post=12819"},{"taxonomy":"product_cat","embeddable":true,"href":"https:\/\/ozponcho.com.au\/cs\/wp-json\/wp\/v2\/product_cat?post=12819"},{"taxonomy":"product_tag","embeddable":true,"href":"https:\/\/ozponcho.com.au\/cs\/wp-json\/wp\/v2\/product_tag?post=12819"}],"curies":[{"name":"wp","href":"https:\/\/api.w.org\/{rel}","templated":true}]}}