{"id":12794,"date":"2023-12-13T18:36:55","date_gmt":"2023-12-13T07:36:55","guid":{"rendered":"https:\/\/ozponcho.com.au\/p\/solid-color-lantern-sleeve-sweater-women-cardigan-autumn-winter-mid-length-sweater-coat-for-women\/"},"modified":"2024-03-08T16:28:12","modified_gmt":"2024-03-08T05:28:12","slug":"casual-knit-poncho-coat","status":"publish","type":"product","link":"https:\/\/ozponcho.com.au\/cs\/p\/lezerni-pleteny-kabat-ponco\/","title":{"rendered":"\u0160ed\u00fd svetr s pon\u010dem"},"content":{"rendered":"<p>Vychutnejte si chladn\u00e9 ro\u010dn\u00ed obdob\u00ed v na\u0161em \u0161ed\u00e9m svetru Poncho Cardigan. Tento st\u0159edn\u011b dlouh\u00fd svetrov\u00fd kab\u00e1t s elegantn\u00edmi lampionov\u00fdmi ruk\u00e1vy a voln\u00fdm, le\u017e\u00e9rn\u00edm st\u0159ihem je navr\u017een pro modern\u00ed \u017eeny, kter\u00e9 hledaj\u00ed styl i teplo. Je vyroben z m\u011bkk\u00e9 akrylov\u00e9 \u017eerzejov\u00e9 tkaniny a nab\u00edz\u00ed luxusn\u00ed strukturu a nekone\u010dnou v\u0161estrannost. S t\u00edmto z\u00e1kladn\u00edm kouskem plynule p\u0159ejdete ze sv\u011b\u017e\u00edch podzimn\u00edch dn\u016f do chladn\u00fdch zimn\u00edch ve\u010der\u016f. Jeho v\u0159esov\u011b \u0161ed\u00fd odst\u00edn dopln\u00ed ka\u017ed\u00fd outfit, tak\u017ee se stane nezbytn\u00fdm dopl\u0148kem va\u0161eho \u0161atn\u00edku. Dop\u0159ejte si dokonalou kombinaci m\u00f3dy a funk\u010dnosti je\u0161t\u011b dnes.<\/p>\n<div>Styl: Le\u017e\u00e9rn\u00ed<\/div>\n<div>P\u0159izp\u016fsoben\u00ed: Voln\u00fd<\/div>\n<div>Tkanina: Materi\u00e1l: Jersey<\/div>\n<div>Vzor: Pevn\u00fd<\/div>\n<div>Prvek: Non<\/div>\n<div>Horn\u00ed d\u00e9lka: Dlouh\u00fd<\/div>\n<div>Typ ruk\u00e1vu: Ruk\u00e1v: lampionov\u00fd<\/div>\n<div>D\u00e9lka ruk\u00e1v\u016f: Dlouh\u00fd ruk\u00e1v<\/div>\n<div>Typ uz\u00e1v\u011bru: Jin\u00e9<\/div>\n<div>Hlavn\u00ed slo\u017een\u00ed: Akryl<\/div>\n<div>Sez\u00f3na: Podzim\/zima<\/div>\n<p><img decoding=\"async\" src=\"https:\/\/ozponcho.com.au\/wp-content\/uploads\/2024\/03\/997884547100049408.png\" \/><img decoding=\"async\" src=\"https:\/\/ozponcho.com.au\/wp-content\/uploads\/2024\/03\/O1CN010vAcBS1QYY9AZr46v_2505411988-0-cib.jpg\" \/><img decoding=\"async\" src=\"https:\/\/ozponcho.com.au\/wp-content\/uploads\/2024\/03\/O1CN01AI0ZW91QYY90ngrtZ_2505411988-0-cib.jpg\" \/><img decoding=\"async\" src=\"https:\/\/ozponcho.com.au\/wp-content\/uploads\/2024\/03\/O1CN01Kr677I1QYY99nBEmr_2505411988-0-cib.jpg\" \/><img decoding=\"async\" src=\"https:\/\/ozponcho.com.au\/wp-content\/uploads\/2024\/03\/O1CN01DIOyf61QYY9BnF6C1_2505411988-0-cib.jpg\" \/><\/p>","protected":false},"excerpt":{"rendered":"<p>Embrace the chilly seasons with comfort in our Grey Poncho Cardigan Sweater. Designed for the modern woman seeking both style and warmth, this mid-length sweater coat features elegant lantern sleeves and a loose, casual fit. Crafted from soft acrylic jersey fabric, it offers luxurious texture and endless versatility. Transition seamlessly from crisp autumn days to [&#8230;]","protected":false},"featured_media":12749,"template":"","meta":[],"product_brand":[],"product_cat":[225,15,228,210],"product_tag":[],"class_list":{"0":"post-12794","1":"product","2":"type-product","3":"status-publish","4":"has-post-thumbnail","6":"product_cat-grey-poncho","7":"product_cat-main-category","8":"product_cat-poncho-sweater","9":"product_cat-poncho-women","11":"first","12":"outofstock","13":"shipping-taxable","14":"purchasable","15":"product-type-variable"},"yoast_head":"<!-- This site is optimized with the Yoast SEO plugin v25.9 - https:\/\/yoast.com\/wordpress\/plugins\/seo\/ -->\n<title>Grey Poncho Cardigan Sweater | \u010cesk\u00e1 republika #1 Poncho Shop<\/title>\n<meta name=\"description\" content=\"Looking for a Grey Poncho Cardigan Sweater ? You&#039;ve come to the right place \ud83d\ude04 We offers a wide selection of Grey Poncho Cardigan Sweater, perfect for you.\" \/>\n<meta name=\"robots\" content=\"index, follow, max-snippet:-1, max-image-preview:large, max-video-preview:-1\" \/>\n<link rel=\"canonical\" href=\"https:\/\/ozponcho.com.au\/cs\/p\/lezerni-pleteny-kabat-ponco\/\" \/>\n<meta property=\"og:locale\" content=\"cs_CZ\" \/>\n<meta property=\"og:type\" content=\"article\" \/>\n<meta property=\"og:title\" content=\"Grey Poncho Cardigan Sweater | \u010cesk\u00e1 republika #1 Poncho Shop\" \/>\n<meta property=\"og:description\" content=\"Looking for a Grey Poncho Cardigan Sweater ? You&#039;ve come to the right place \ud83d\ude04 We offers a wide selection of Grey Poncho Cardigan Sweater, perfect for you.\" \/>\n<meta property=\"og:url\" content=\"https:\/\/ozponcho.com.au\/cs\/p\/lezerni-pleteny-kabat-ponco\/\" \/>\n<meta property=\"og:site_name\" content=\"OZ Poncho\" \/>\n<meta property=\"article:modified_time\" content=\"2024-03-08T05:28:12+00:00\" \/>\n<meta property=\"og:image\" content=\"https:\/\/ozponcho.com.au\/wp-content\/uploads\/2023\/12\/O1CN0113t7NK1QYY902pYTl_2505411988-0-cib.jpg\" \/>\n\t<meta property=\"og:image:width\" content=\"800\" \/>\n\t<meta property=\"og:image:height\" content=\"800\" \/>\n\t<meta property=\"og:image:type\" content=\"image\/jpeg\" \/>\n<meta name=\"twitter:card\" content=\"summary_large_image\" \/>\n<meta name=\"twitter:label1\" content=\"Odhadovan\u00e1 doba \u010dten\u00ed\" \/>\n\t<meta name=\"twitter:data1\" content=\"1 minuta\" \/>\n<script type=\"application\/ld+json\" class=\"yoast-schema-graph\">{\"@context\":\"https:\/\/schema.org\",\"@graph\":[{\"@type\":\"WebPage\",\"@id\":\"https:\/\/ozponcho.com.au\/p\/casual-knit-poncho-coat\/\",\"url\":\"https:\/\/ozponcho.com.au\/p\/casual-knit-poncho-coat\/\",\"name\":\"Grey Poncho Cardigan Sweater | \u010cesk\u00e1 republika #1 Poncho Shop\",\"isPartOf\":{\"@id\":\"https:\/\/ozponcho.com.au\/#website\"},\"primaryImageOfPage\":{\"@id\":\"https:\/\/ozponcho.com.au\/p\/casual-knit-poncho-coat\/#primaryimage\"},\"image\":{\"@id\":\"https:\/\/ozponcho.com.au\/p\/casual-knit-poncho-coat\/#primaryimage\"},\"thumbnailUrl\":\"https:\/\/ozponcho.com.au\/wp-content\/uploads\/2023\/12\/O1CN0113t7NK1QYY902pYTl_2505411988-0-cib.jpg\",\"datePublished\":\"2023-12-13T07:36:55+00:00\",\"dateModified\":\"2024-03-08T05:28:12+00:00\",\"description\":\"Looking for a Grey Poncho Cardigan Sweater ? You've come to the right place \ud83d\ude04 We offers a wide selection of Grey Poncho Cardigan Sweater, perfect for you.\",\"breadcrumb\":{\"@id\":\"https:\/\/ozponcho.com.au\/p\/casual-knit-poncho-coat\/#breadcrumb\"},\"inLanguage\":\"cs\",\"potentialAction\":[{\"@type\":\"ReadAction\",\"target\":[\"https:\/\/ozponcho.com.au\/p\/casual-knit-poncho-coat\/\"]}]},{\"@type\":\"ImageObject\",\"inLanguage\":\"cs\",\"@id\":\"https:\/\/ozponcho.com.au\/p\/casual-knit-poncho-coat\/#primaryimage\",\"url\":\"https:\/\/ozponcho.com.au\/wp-content\/uploads\/2023\/12\/O1CN0113t7NK1QYY902pYTl_2505411988-0-cib.jpg\",\"contentUrl\":\"https:\/\/ozponcho.com.au\/wp-content\/uploads\/2023\/12\/O1CN0113t7NK1QYY902pYTl_2505411988-0-cib.jpg\",\"width\":800,\"height\":800,\"caption\":\"Grey Poncho Cardigan Sweater\"},{\"@type\":\"BreadcrumbList\",\"@id\":\"https:\/\/ozponcho.com.au\/p\/casual-knit-poncho-coat\/#breadcrumb\",\"itemListElement\":[{\"@type\":\"ListItem\",\"position\":1,\"name\":\"Home\",\"item\":\"https:\/\/ozponcho.com.au\/\"},{\"@type\":\"ListItem\",\"position\":2,\"name\":\"Shop\",\"item\":\"https:\/\/ozponcho.com.au\/shop\/\"},{\"@type\":\"ListItem\",\"position\":3,\"name\":\"Grey Poncho Cardigan Sweater\"}]},{\"@type\":\"WebSite\",\"@id\":\"https:\/\/ozponcho.com.au\/#website\",\"url\":\"https:\/\/ozponcho.com.au\/\",\"name\":\"OZ Poncho\",\"description\":\"\",\"potentialAction\":[{\"@type\":\"SearchAction\",\"target\":{\"@type\":\"EntryPoint\",\"urlTemplate\":\"https:\/\/ozponcho.com.au\/?s={search_term_string}\"},\"query-input\":{\"@type\":\"PropertyValueSpecification\",\"valueRequired\":true,\"valueName\":\"search_term_string\"}}],\"inLanguage\":\"cs\"}]}<\/script>\n<!-- \/ Yoast SEO plugin. -->","yoast_head_json":{"title":"\u0160ed\u00e9 pon\u010do Cardigan svetr | \u010cesk\u00e1 republika #1 Pon\u010do Shop","description":"Hled\u00e1te \u0161ed\u00fd svetr s pon\u010dem ? Jste na spr\u00e1vn\u00e9m m\u00edst\u011b \ud83d\ude04 Nab\u00edz\u00edme \u0161irok\u00fd v\u00fdb\u011br Grey Poncho Cardigan Sweater, ide\u00e1ln\u00ed pro v\u00e1s.","robots":{"index":"index","follow":"follow","max-snippet":"max-snippet:-1","max-image-preview":"max-image-preview:large","max-video-preview":"max-video-preview:-1"},"canonical":"https:\/\/ozponcho.com.au\/cs\/p\/lezerni-pleteny-kabat-ponco\/","og_locale":"cs_CZ","og_type":"article","og_title":"Grey Poncho Cardigan Sweater | \u010cesk\u00e1 republika #1 Poncho Shop","og_description":"Looking for a Grey Poncho Cardigan Sweater ? You've come to the right place \ud83d\ude04 We offers a wide selection of Grey Poncho Cardigan Sweater, perfect for you.","og_url":"https:\/\/ozponcho.com.au\/cs\/p\/lezerni-pleteny-kabat-ponco\/","og_site_name":"OZ Poncho","article_modified_time":"2024-03-08T05:28:12+00:00","og_image":[{"width":800,"height":800,"url":"https:\/\/ozponcho.com.au\/wp-content\/uploads\/2023\/12\/O1CN0113t7NK1QYY902pYTl_2505411988-0-cib.jpg","type":"image\/jpeg"}],"twitter_card":"summary_large_image","twitter_misc":{"Odhadovan\u00e1 doba \u010dten\u00ed":"1 minuta"},"schema":{"@context":"https:\/\/schema.org","@graph":[{"@type":"WebPage","@id":"https:\/\/ozponcho.com.au\/p\/casual-knit-poncho-coat\/","url":"https:\/\/ozponcho.com.au\/p\/casual-knit-poncho-coat\/","name":"\u0160ed\u00e9 pon\u010do Cardigan svetr | \u010cesk\u00e1 republika #1 Pon\u010do Shop","isPartOf":{"@id":"https:\/\/ozponcho.com.au\/#website"},"primaryImageOfPage":{"@id":"https:\/\/ozponcho.com.au\/p\/casual-knit-poncho-coat\/#primaryimage"},"image":{"@id":"https:\/\/ozponcho.com.au\/p\/casual-knit-poncho-coat\/#primaryimage"},"thumbnailUrl":"https:\/\/ozponcho.com.au\/wp-content\/uploads\/2023\/12\/O1CN0113t7NK1QYY902pYTl_2505411988-0-cib.jpg","datePublished":"2023-12-13T07:36:55+00:00","dateModified":"2024-03-08T05:28:12+00:00","description":"Hled\u00e1te \u0161ed\u00fd svetr s pon\u010dem ? Jste na spr\u00e1vn\u00e9m m\u00edst\u011b \ud83d\ude04 Nab\u00edz\u00edme \u0161irok\u00fd v\u00fdb\u011br Grey Poncho Cardigan Sweater, ide\u00e1ln\u00ed pro v\u00e1s.","breadcrumb":{"@id":"https:\/\/ozponcho.com.au\/p\/casual-knit-poncho-coat\/#breadcrumb"},"inLanguage":"cs","potentialAction":[{"@type":"ReadAction","target":["https:\/\/ozponcho.com.au\/p\/casual-knit-poncho-coat\/"]}]},{"@type":"ImageObject","inLanguage":"cs","@id":"https:\/\/ozponcho.com.au\/p\/casual-knit-poncho-coat\/#primaryimage","url":"https:\/\/ozponcho.com.au\/wp-content\/uploads\/2023\/12\/O1CN0113t7NK1QYY902pYTl_2505411988-0-cib.jpg","contentUrl":"https:\/\/ozponcho.com.au\/wp-content\/uploads\/2023\/12\/O1CN0113t7NK1QYY902pYTl_2505411988-0-cib.jpg","width":800,"height":800,"caption":"Grey Poncho Cardigan Sweater"},{"@type":"BreadcrumbList","@id":"https:\/\/ozponcho.com.au\/p\/casual-knit-poncho-coat\/#breadcrumb","itemListElement":[{"@type":"ListItem","position":1,"name":"Home","item":"https:\/\/ozponcho.com.au\/"},{"@type":"ListItem","position":2,"name":"Shop","item":"https:\/\/ozponcho.com.au\/shop\/"},{"@type":"ListItem","position":3,"name":"Grey Poncho Cardigan Sweater"}]},{"@type":"WebSite","@id":"https:\/\/ozponcho.com.au\/#website","url":"https:\/\/ozponcho.com.au\/","name":"OZ Poncho","description":"","potentialAction":[{"@type":"SearchAction","target":{"@type":"EntryPoint","urlTemplate":"https:\/\/ozponcho.com.au\/?s={search_term_string}"},"query-input":{"@type":"PropertyValueSpecification","valueRequired":true,"valueName":"search_term_string"}}],"inLanguage":"cs"}]}},"_links":{"self":[{"href":"https:\/\/ozponcho.com.au\/cs\/wp-json\/wp\/v2\/product\/12794","targetHints":{"allow":["GET"]}}],"collection":[{"href":"https:\/\/ozponcho.com.au\/cs\/wp-json\/wp\/v2\/product"}],"about":[{"href":"https:\/\/ozponcho.com.au\/cs\/wp-json\/wp\/v2\/types\/product"}],"wp:featuredmedia":[{"embeddable":true,"href":"https:\/\/ozponcho.com.au\/cs\/wp-json\/wp\/v2\/media\/12749"}],"wp:attachment":[{"href":"https:\/\/ozponcho.com.au\/cs\/wp-json\/wp\/v2\/media?parent=12794"}],"wp:term":[{"taxonomy":"product_brand","embeddable":true,"href":"https:\/\/ozponcho.com.au\/cs\/wp-json\/wp\/v2\/product_brand?post=12794"},{"taxonomy":"product_cat","embeddable":true,"href":"https:\/\/ozponcho.com.au\/cs\/wp-json\/wp\/v2\/product_cat?post=12794"},{"taxonomy":"product_tag","embeddable":true,"href":"https:\/\/ozponcho.com.au\/cs\/wp-json\/wp\/v2\/product_tag?post=12794"}],"curies":[{"name":"wp","href":"https:\/\/api.w.org\/{rel}","templated":true}]}}