{"id":12791,"date":"2023-12-13T18:36:52","date_gmt":"2023-12-13T07:36:52","guid":{"rendered":"https:\/\/ozponcho.com.au\/p\/tassel-cape-shawl-women-autumn-winter-contrast-color-split-thermal-plaid-scarf\/"},"modified":"2025-09-26T12:56:12","modified_gmt":"2025-09-26T01:56:12","slug":"tassel-cape-shawl-plaid","status":"publish","type":"product","link":"https:\/\/ozponcho.com.au\/cs\/p\/strapcovy-plast-sal-kostkovany\/","title":{"rendered":"Podzimn\u00ed kostkovan\u00e9 pon\u010do se st\u0159apci \u0160\u00e1l"},"content":{"rendered":"<p>Vylep\u0161ete sv\u016fj podzimn\u00ed a zimn\u00ed \u0161atn\u00edk t\u00edmto elegantn\u00edm d\u00e1msk\u00fdm \u0161\u00e1lov\u00fdm pon\u010dem Tassel Cape. Toto pon\u010do je navr\u017eeno tak, aby poskytovalo teplo i styl, a py\u0161n\u00ed se podmaniv\u00fdm kontrastn\u00edm barevn\u00fdm kostkovan\u00fdm vzorem, kter\u00fd jist\u011b zaujme. Pohodln\u00fd voln\u00fd st\u0159ih lemovan\u00fd hrav\u00fdmi t\u0159\u00e1sn\u011bmi vytv\u00e1\u0159\u00ed bez n\u00e1mahy elegantn\u00ed siluetu, zat\u00edmco \u017eerzejov\u00e1 tkanina nab\u00edz\u00ed p\u0159\u00edjemn\u00fd pocit. Tento pl\u00e9d, kter\u00fd je ide\u00e1ln\u00ed pro vrstven\u00ed na b\u011b\u017en\u00e9 oble\u010den\u00ed nebo jako stylov\u00fd dopln\u011bk k form\u00e1ln\u00edmu oble\u010den\u00ed, je nezbytn\u00fdm dopl\u0148kem, kter\u00fd pot\u0159ebujete pro chladn\u011bj\u0161\u00ed ro\u010dn\u00ed obdob\u00ed.<\/p>\n<div>Styl: Le\u017e\u00e9rn\u00ed<\/div>\n<div>P\u0159izp\u016fsoben\u00ed: Voln\u00fd<\/div>\n<div>Tkanina: Materi\u00e1l: Jersey<\/div>\n<div>Vzor: K\u00e1rovan\u00fd<\/div>\n<div>Prvek: T\u0159\u00e1sn\u011b<\/div>\n<div>Horn\u00ed d\u00e9lka: Dlouh\u00fd<\/div>\n<div>Typ ruk\u00e1vu: Ruk\u00e1v: Dolman<\/div>\n<div>D\u00e9lka ruk\u00e1vu: 3\/4 ruk\u00e1v<\/div>\n<div>Typ uz\u00e1v\u011bru: Jin\u00e9<\/div>\n<div>Hlavn\u00ed slo\u017een\u00ed: Akryl<\/div>\n<div>Sez\u00f3na: Podzim\/zima<\/div>\n<p><img decoding=\"async\" src=\"https:\/\/ozponcho.com.au\/wp-content\/uploads\/2024\/03\/1136967655840808960.png\" \/><img decoding=\"async\" src=\"https:\/\/ozponcho.com.au\/wp-content\/uploads\/2024\/03\/O1CN01oaDmlA1QYYF7mSNel_2505411988-0-cib.jpg\" \/><img decoding=\"async\" src=\"https:\/\/ozponcho.com.au\/wp-content\/uploads\/2024\/03\/O1CN01iimGIm1QYYFAtySFO_2505411988-0-cib.jpg\" \/><img decoding=\"async\" src=\"https:\/\/ozponcho.com.au\/wp-content\/uploads\/2024\/03\/O1CN01i8aF0p1QYYF7vaf6s_2505411988-0-cib.jpg\" \/><img decoding=\"async\" src=\"https:\/\/ozponcho.com.au\/wp-content\/uploads\/2024\/03\/O1CN01WQJWep1QYYFEe6Gr3_2505411988-0-cib.jpg\" \/><img decoding=\"async\" src=\"https:\/\/ozponcho.com.au\/wp-content\/uploads\/2024\/03\/O1CN01u3tGju1QYYF7vZiu5_2505411988-0-cib.jpg\" \/><img decoding=\"async\" src=\"https:\/\/ozponcho.com.au\/wp-content\/uploads\/2024\/03\/O1CN013fKWfM1QYYFBL2LRw_2505411988-0-cib.jpg\" \/><img decoding=\"async\" src=\"https:\/\/ozponcho.com.au\/wp-content\/uploads\/2024\/03\/O1CN01Uh4zcX1QYYFCqcmMu_2505411988-0-cib.jpg\" \/><\/p>","protected":false},"excerpt":{"rendered":"<p>Elevate your autumn and winter wardrobe with this chic Tassel Cape Shawl Poncho for women. Designed to provide both warmth and style, this poncho boasts a captivating contrast color plaid pattern that is sure to turn heads. The comfortable loose fit, flanked by playful fringe detailing, creates an effortlessly elegant silhouette, while the jersey fabric [&#8230;]","protected":false},"featured_media":12755,"template":"","meta":[],"product_brand":[],"product_cat":[219,229,226,15,228,210],"product_tag":[],"class_list":{"0":"post-12791","1":"product","2":"type-product","3":"status-publish","4":"has-post-thumbnail","6":"product_cat-black-poncho","7":"product_cat-blanket-poncho","8":"product_cat-brown-poncho","9":"product_cat-main-category","10":"product_cat-poncho-sweater","11":"product_cat-poncho-women","13":"first","14":"outofstock","15":"shipping-taxable","16":"purchasable","17":"product-type-variable"},"yoast_head":"<!-- This site is optimized with the Yoast SEO plugin v25.9 - https:\/\/yoast.com\/wordpress\/plugins\/seo\/ -->\n<title>Autumn Plaid Tassel Poncho Shawl | \u010cesk\u00e1 republika #1 Poncho Shop<\/title>\n<meta name=\"description\" content=\"Looking for a Autumn Plaid Tassel Poncho Shawl ? You&#039;ve come to the right place \ud83d\ude04 We offers a wide selection of Autumn Plaid Tassel Poncho Shawl, perfect for you.\" \/>\n<meta name=\"robots\" content=\"index, follow, max-snippet:-1, max-image-preview:large, max-video-preview:-1\" \/>\n<link rel=\"canonical\" href=\"https:\/\/ozponcho.com.au\/cs\/p\/strapcovy-plast-sal-kostkovany\/\" \/>\n<meta property=\"og:locale\" content=\"cs_CZ\" \/>\n<meta property=\"og:type\" content=\"article\" \/>\n<meta property=\"og:title\" content=\"Autumn Plaid Tassel Poncho Shawl | \u010cesk\u00e1 republika #1 Poncho Shop\" \/>\n<meta property=\"og:description\" content=\"Looking for a Autumn Plaid Tassel Poncho Shawl ? You&#039;ve come to the right place \ud83d\ude04 We offers a wide selection of Autumn Plaid Tassel Poncho Shawl, perfect for you.\" \/>\n<meta property=\"og:url\" content=\"https:\/\/ozponcho.com.au\/cs\/p\/strapcovy-plast-sal-kostkovany\/\" \/>\n<meta property=\"og:site_name\" content=\"OZ Poncho\" \/>\n<meta property=\"article:modified_time\" content=\"2025-09-26T01:56:12+00:00\" \/>\n<meta property=\"og:image\" content=\"https:\/\/ozponcho.com.au\/wp-content\/uploads\/2023\/12\/O1CN01vuLV2X1QYYF5hvO1v_2505411988-0-cib.jpg\" \/>\n\t<meta property=\"og:image:width\" content=\"800\" \/>\n\t<meta property=\"og:image:height\" content=\"800\" \/>\n\t<meta property=\"og:image:type\" content=\"image\/jpeg\" \/>\n<meta name=\"twitter:card\" content=\"summary_large_image\" \/>\n<meta name=\"twitter:label1\" content=\"Odhadovan\u00e1 doba \u010dten\u00ed\" \/>\n\t<meta name=\"twitter:data1\" content=\"1 minuta\" \/>\n<script type=\"application\/ld+json\" class=\"yoast-schema-graph\">{\"@context\":\"https:\/\/schema.org\",\"@graph\":[{\"@type\":\"WebPage\",\"@id\":\"https:\/\/ozponcho.com.au\/p\/tassel-cape-shawl-plaid\/\",\"url\":\"https:\/\/ozponcho.com.au\/p\/tassel-cape-shawl-plaid\/\",\"name\":\"Autumn Plaid Tassel Poncho Shawl | \u010cesk\u00e1 republika #1 Poncho Shop\",\"isPartOf\":{\"@id\":\"https:\/\/ozponcho.com.au\/#website\"},\"primaryImageOfPage\":{\"@id\":\"https:\/\/ozponcho.com.au\/p\/tassel-cape-shawl-plaid\/#primaryimage\"},\"image\":{\"@id\":\"https:\/\/ozponcho.com.au\/p\/tassel-cape-shawl-plaid\/#primaryimage\"},\"thumbnailUrl\":\"https:\/\/ozponcho.com.au\/wp-content\/uploads\/2023\/12\/O1CN01vuLV2X1QYYF5hvO1v_2505411988-0-cib.jpg\",\"datePublished\":\"2023-12-13T07:36:52+00:00\",\"dateModified\":\"2025-09-26T01:56:12+00:00\",\"description\":\"Looking for a Autumn Plaid Tassel Poncho Shawl ? You've come to the right place \ud83d\ude04 We offers a wide selection of Autumn Plaid Tassel Poncho Shawl, perfect for you.\",\"breadcrumb\":{\"@id\":\"https:\/\/ozponcho.com.au\/p\/tassel-cape-shawl-plaid\/#breadcrumb\"},\"inLanguage\":\"cs\",\"potentialAction\":[{\"@type\":\"ReadAction\",\"target\":[\"https:\/\/ozponcho.com.au\/p\/tassel-cape-shawl-plaid\/\"]}]},{\"@type\":\"ImageObject\",\"inLanguage\":\"cs\",\"@id\":\"https:\/\/ozponcho.com.au\/p\/tassel-cape-shawl-plaid\/#primaryimage\",\"url\":\"https:\/\/ozponcho.com.au\/wp-content\/uploads\/2023\/12\/O1CN01vuLV2X1QYYF5hvO1v_2505411988-0-cib.jpg\",\"contentUrl\":\"https:\/\/ozponcho.com.au\/wp-content\/uploads\/2023\/12\/O1CN01vuLV2X1QYYF5hvO1v_2505411988-0-cib.jpg\",\"width\":800,\"height\":800,\"caption\":\"Autumn Plaid Tassel Poncho Shawl\"},{\"@type\":\"BreadcrumbList\",\"@id\":\"https:\/\/ozponcho.com.au\/p\/tassel-cape-shawl-plaid\/#breadcrumb\",\"itemListElement\":[{\"@type\":\"ListItem\",\"position\":1,\"name\":\"Home\",\"item\":\"https:\/\/ozponcho.com.au\/\"},{\"@type\":\"ListItem\",\"position\":2,\"name\":\"Shop\",\"item\":\"https:\/\/ozponcho.com.au\/shop\/\"},{\"@type\":\"ListItem\",\"position\":3,\"name\":\"Autumn Plaid Tassel Poncho Shawl\"}]},{\"@type\":\"WebSite\",\"@id\":\"https:\/\/ozponcho.com.au\/#website\",\"url\":\"https:\/\/ozponcho.com.au\/\",\"name\":\"OZ Poncho\",\"description\":\"\",\"potentialAction\":[{\"@type\":\"SearchAction\",\"target\":{\"@type\":\"EntryPoint\",\"urlTemplate\":\"https:\/\/ozponcho.com.au\/?s={search_term_string}\"},\"query-input\":{\"@type\":\"PropertyValueSpecification\",\"valueRequired\":true,\"valueName\":\"search_term_string\"}}],\"inLanguage\":\"cs\"}]}<\/script>\n<!-- \/ Yoast SEO plugin. -->","yoast_head_json":{"title":"Podzimn\u00ed kostkovan\u00e9 pon\u010do se st\u0159apci | \u010cesk\u00e1 republika #1 Pon\u010do Shop","description":"Hled\u00e1te podzimn\u00ed kostkovan\u00e9 pon\u010do se st\u0159apci ? Jste na spr\u00e1vn\u00e9m m\u00edst\u011b \ud83d\ude04 Nab\u00edz\u00edme \u0161irok\u00fd v\u00fdb\u011br Autumn Plaid Tassel Poncho Shawl, ide\u00e1ln\u00ed pro v\u00e1s.","robots":{"index":"index","follow":"follow","max-snippet":"max-snippet:-1","max-image-preview":"max-image-preview:large","max-video-preview":"max-video-preview:-1"},"canonical":"https:\/\/ozponcho.com.au\/cs\/p\/strapcovy-plast-sal-kostkovany\/","og_locale":"cs_CZ","og_type":"article","og_title":"Autumn Plaid Tassel Poncho Shawl | \u010cesk\u00e1 republika #1 Poncho Shop","og_description":"Looking for a Autumn Plaid Tassel Poncho Shawl ? You've come to the right place \ud83d\ude04 We offers a wide selection of Autumn Plaid Tassel Poncho Shawl, perfect for you.","og_url":"https:\/\/ozponcho.com.au\/cs\/p\/strapcovy-plast-sal-kostkovany\/","og_site_name":"OZ Poncho","article_modified_time":"2025-09-26T01:56:12+00:00","og_image":[{"width":800,"height":800,"url":"https:\/\/ozponcho.com.au\/wp-content\/uploads\/2023\/12\/O1CN01vuLV2X1QYYF5hvO1v_2505411988-0-cib.jpg","type":"image\/jpeg"}],"twitter_card":"summary_large_image","twitter_misc":{"Odhadovan\u00e1 doba \u010dten\u00ed":"1 minuta"},"schema":{"@context":"https:\/\/schema.org","@graph":[{"@type":"WebPage","@id":"https:\/\/ozponcho.com.au\/p\/tassel-cape-shawl-plaid\/","url":"https:\/\/ozponcho.com.au\/p\/tassel-cape-shawl-plaid\/","name":"Podzimn\u00ed kostkovan\u00e9 pon\u010do se st\u0159apci | \u010cesk\u00e1 republika #1 Pon\u010do Shop","isPartOf":{"@id":"https:\/\/ozponcho.com.au\/#website"},"primaryImageOfPage":{"@id":"https:\/\/ozponcho.com.au\/p\/tassel-cape-shawl-plaid\/#primaryimage"},"image":{"@id":"https:\/\/ozponcho.com.au\/p\/tassel-cape-shawl-plaid\/#primaryimage"},"thumbnailUrl":"https:\/\/ozponcho.com.au\/wp-content\/uploads\/2023\/12\/O1CN01vuLV2X1QYYF5hvO1v_2505411988-0-cib.jpg","datePublished":"2023-12-13T07:36:52+00:00","dateModified":"2025-09-26T01:56:12+00:00","description":"Hled\u00e1te podzimn\u00ed kostkovan\u00e9 pon\u010do se st\u0159apci ? Jste na spr\u00e1vn\u00e9m m\u00edst\u011b \ud83d\ude04 Nab\u00edz\u00edme \u0161irok\u00fd v\u00fdb\u011br Autumn Plaid Tassel Poncho Shawl, ide\u00e1ln\u00ed pro v\u00e1s.","breadcrumb":{"@id":"https:\/\/ozponcho.com.au\/p\/tassel-cape-shawl-plaid\/#breadcrumb"},"inLanguage":"cs","potentialAction":[{"@type":"ReadAction","target":["https:\/\/ozponcho.com.au\/p\/tassel-cape-shawl-plaid\/"]}]},{"@type":"ImageObject","inLanguage":"cs","@id":"https:\/\/ozponcho.com.au\/p\/tassel-cape-shawl-plaid\/#primaryimage","url":"https:\/\/ozponcho.com.au\/wp-content\/uploads\/2023\/12\/O1CN01vuLV2X1QYYF5hvO1v_2505411988-0-cib.jpg","contentUrl":"https:\/\/ozponcho.com.au\/wp-content\/uploads\/2023\/12\/O1CN01vuLV2X1QYYF5hvO1v_2505411988-0-cib.jpg","width":800,"height":800,"caption":"Autumn Plaid Tassel Poncho Shawl"},{"@type":"BreadcrumbList","@id":"https:\/\/ozponcho.com.au\/p\/tassel-cape-shawl-plaid\/#breadcrumb","itemListElement":[{"@type":"ListItem","position":1,"name":"Home","item":"https:\/\/ozponcho.com.au\/"},{"@type":"ListItem","position":2,"name":"Shop","item":"https:\/\/ozponcho.com.au\/shop\/"},{"@type":"ListItem","position":3,"name":"Autumn Plaid Tassel Poncho Shawl"}]},{"@type":"WebSite","@id":"https:\/\/ozponcho.com.au\/#website","url":"https:\/\/ozponcho.com.au\/","name":"OZ Poncho","description":"","potentialAction":[{"@type":"SearchAction","target":{"@type":"EntryPoint","urlTemplate":"https:\/\/ozponcho.com.au\/?s={search_term_string}"},"query-input":{"@type":"PropertyValueSpecification","valueRequired":true,"valueName":"search_term_string"}}],"inLanguage":"cs"}]}},"_links":{"self":[{"href":"https:\/\/ozponcho.com.au\/cs\/wp-json\/wp\/v2\/product\/12791","targetHints":{"allow":["GET"]}}],"collection":[{"href":"https:\/\/ozponcho.com.au\/cs\/wp-json\/wp\/v2\/product"}],"about":[{"href":"https:\/\/ozponcho.com.au\/cs\/wp-json\/wp\/v2\/types\/product"}],"wp:featuredmedia":[{"embeddable":true,"href":"https:\/\/ozponcho.com.au\/cs\/wp-json\/wp\/v2\/media\/12755"}],"wp:attachment":[{"href":"https:\/\/ozponcho.com.au\/cs\/wp-json\/wp\/v2\/media?parent=12791"}],"wp:term":[{"taxonomy":"product_brand","embeddable":true,"href":"https:\/\/ozponcho.com.au\/cs\/wp-json\/wp\/v2\/product_brand?post=12791"},{"taxonomy":"product_cat","embeddable":true,"href":"https:\/\/ozponcho.com.au\/cs\/wp-json\/wp\/v2\/product_cat?post=12791"},{"taxonomy":"product_tag","embeddable":true,"href":"https:\/\/ozponcho.com.au\/cs\/wp-json\/wp\/v2\/product_tag?post=12791"}],"curies":[{"name":"wp","href":"https:\/\/api.w.org\/{rel}","templated":true}]}}