{"id":12769,"date":"2023-12-13T18:36:44","date_gmt":"2023-12-13T07:36:44","guid":{"rendered":"https:\/\/ozponcho.com.au\/p\/tassel-cape-shawl-women-autumn-winter-knitted-striped-fur-collar-scarf\/"},"modified":"2025-06-28T10:14:51","modified_gmt":"2025-06-27T23:14:51","slug":"striped-fur-collar-shawl","status":"publish","type":"product","link":"https:\/\/ozponcho.com.au\/cs\/p\/pruhovany-kozesinovy-limec\/","title":{"rendered":"Podzimn\u00ed pruhovan\u00e9 pon\u010do s t\u0159\u00e1sn\u011bmi"},"content":{"rendered":"<p>P\u0159ijm\u011bte chladn\u00e9 kouzlo podzimu s na\u0161\u00edm elegantn\u00edm a \u00fatuln\u00fdm pon\u010dem. Tato stylov\u00e1 b\u00e9\u017eovo-b\u00edl\u00e1 pruhovan\u00e1 \u0161\u00e1la s ply\u0161ov\u00fdm l\u00edmcem z \u0161ed\u00e9 ko\u017ee\u0161iny a elegantn\u00edm lemem s t\u0159\u00e1sn\u011bmi slibuje, \u017ee v\u00e1s udr\u017e\u00ed v teple a m\u00f3d\u011b po celou sez\u00f3nu. Jeho m\u011bkk\u00e1 struktura \u017eerzejov\u00e9ho \u00fapletu p\u016fsob\u00ed luxusn\u00edm dojmem a p\u0159ipom\u00edn\u00e1 jemnou vln\u011bnou sm\u011bs - je dokonalou sartori\u00e1ln\u00ed volbou pro ka\u017ed\u00e9ho, kdo chce vylep\u0161it sv\u016fj podzimn\u00ed a zimn\u00ed \u0161atn\u00edk. Vyzkou\u0161ejte pohodl\u00ed a m\u00f3du v jednom elegantn\u00edm balen\u00ed s t\u00edmto nezbytn\u00fdm podzimn\u011b-zimn\u00edm dopl\u0148kem.<\/p>\n<div>Styl: Le\u017e\u00e9rn\u00ed<\/div>\n<div>P\u0159izp\u016fsoben\u00ed: Pravideln\u00fd<\/div>\n<div>Tkanina: Materi\u00e1l: Jersey<\/div>\n<div>Vzor: Pruh<\/div>\n<div>Prvek: T\u0159\u00e1sn\u011b<\/div>\n<div>Horn\u00ed d\u00e9lka: Dlouh\u00fd<\/div>\n<div>Typ ruk\u00e1vu: Ruk\u00e1v: Dolman<\/div>\n<div>D\u00e9lka ruk\u00e1v\u016f: Dlouh\u00fd ruk\u00e1v<\/div>\n<div>Typ uz\u00e1v\u011bru: Jin\u00e9<\/div>\n<div>Hlavn\u00ed slo\u017een\u00ed: Materi\u00e1l: polyester<\/div>\n<div>Sez\u00f3na: Podzim\/zima<\/div>\n<p><img decoding=\"async\" src=\"https:\/\/ozponcho.com.au\/wp-content\/uploads\/2024\/03\/1117774273142849536.png\" \/><\/p>","protected":false},"excerpt":{"rendered":"<p>Embrace the chilly allure of autumn with our chic and cozy poncho. Adorned with a plush grey fur collar and an elegant fringe hem, this stylish beige and white striped shawl promises to keep you warm and fashionable through the season. Its soft, jersey knit texture gives off a luxurious feel reminiscent of a fine [&#8230;]","protected":false},"featured_media":12723,"template":"","meta":[],"product_brand":[],"product_cat":[229,216,218,225,15,228,214,210,215],"product_tag":[],"class_list":{"0":"post-12769","1":"product","2":"type-product","3":"status-publish","4":"has-post-thumbnail","6":"product_cat-blanket-poncho","7":"product_cat-cashmere-poncho","8":"product_cat-fur-poncho","9":"product_cat-grey-poncho","10":"product_cat-main-category","11":"product_cat-poncho-sweater","12":"product_cat-knitted-crochet-poncho","13":"product_cat-poncho-women","14":"product_cat-wool-poncho","16":"first","17":"instock","18":"shipping-taxable","19":"purchasable","20":"product-type-variable"},"yoast_head":"<!-- This site is optimized with the Yoast SEO plugin v25.9 - https:\/\/yoast.com\/wordpress\/plugins\/seo\/ -->\n<title>Autumn Striped Fringe Poncho | \u010cesk\u00e1 republika #1 Poncho Shop<\/title>\n<meta name=\"description\" content=\"Looking for a Autumn Striped Fringe Poncho ? You&#039;ve come to the right place \ud83d\ude04 We offers a wide selection of Autumn Striped Fringe Poncho, perfect for you.\" \/>\n<meta name=\"robots\" content=\"index, follow, max-snippet:-1, max-image-preview:large, max-video-preview:-1\" \/>\n<link rel=\"canonical\" href=\"https:\/\/ozponcho.com.au\/cs\/p\/pruhovany-kozesinovy-limec\/\" \/>\n<meta property=\"og:locale\" content=\"cs_CZ\" \/>\n<meta property=\"og:type\" content=\"article\" \/>\n<meta property=\"og:title\" content=\"Autumn Striped Fringe Poncho | \u010cesk\u00e1 republika #1 Poncho Shop\" \/>\n<meta property=\"og:description\" content=\"Looking for a Autumn Striped Fringe Poncho ? You&#039;ve come to the right place \ud83d\ude04 We offers a wide selection of Autumn Striped Fringe Poncho, perfect for you.\" \/>\n<meta property=\"og:url\" content=\"https:\/\/ozponcho.com.au\/cs\/p\/pruhovany-kozesinovy-limec\/\" \/>\n<meta property=\"og:site_name\" content=\"OZ Poncho\" \/>\n<meta property=\"article:modified_time\" content=\"2025-06-27T23:14:51+00:00\" \/>\n<meta property=\"og:image\" content=\"https:\/\/ozponcho.com.au\/wp-content\/uploads\/2023\/12\/O1CN01nVohDt1QYYE1l460h_2505411988-0-cib.jpg\" \/>\n\t<meta property=\"og:image:width\" content=\"800\" \/>\n\t<meta property=\"og:image:height\" content=\"800\" \/>\n\t<meta property=\"og:image:type\" content=\"image\/jpeg\" \/>\n<meta name=\"twitter:card\" content=\"summary_large_image\" \/>\n<meta name=\"twitter:label1\" content=\"Odhadovan\u00e1 doba \u010dten\u00ed\" \/>\n\t<meta name=\"twitter:data1\" content=\"1 minuta\" \/>\n<script type=\"application\/ld+json\" class=\"yoast-schema-graph\">{\"@context\":\"https:\/\/schema.org\",\"@graph\":[{\"@type\":\"WebPage\",\"@id\":\"https:\/\/ozponcho.com.au\/p\/striped-fur-collar-shawl\/\",\"url\":\"https:\/\/ozponcho.com.au\/p\/striped-fur-collar-shawl\/\",\"name\":\"Autumn Striped Fringe Poncho | \u010cesk\u00e1 republika #1 Poncho Shop\",\"isPartOf\":{\"@id\":\"https:\/\/ozponcho.com.au\/#website\"},\"primaryImageOfPage\":{\"@id\":\"https:\/\/ozponcho.com.au\/p\/striped-fur-collar-shawl\/#primaryimage\"},\"image\":{\"@id\":\"https:\/\/ozponcho.com.au\/p\/striped-fur-collar-shawl\/#primaryimage\"},\"thumbnailUrl\":\"https:\/\/ozponcho.com.au\/wp-content\/uploads\/2023\/12\/O1CN01nVohDt1QYYE1l460h_2505411988-0-cib.jpg\",\"datePublished\":\"2023-12-13T07:36:44+00:00\",\"dateModified\":\"2025-06-27T23:14:51+00:00\",\"description\":\"Looking for a Autumn Striped Fringe Poncho ? You've come to the right place \ud83d\ude04 We offers a wide selection of Autumn Striped Fringe Poncho, perfect for you.\",\"breadcrumb\":{\"@id\":\"https:\/\/ozponcho.com.au\/p\/striped-fur-collar-shawl\/#breadcrumb\"},\"inLanguage\":\"cs\",\"potentialAction\":[{\"@type\":\"ReadAction\",\"target\":[\"https:\/\/ozponcho.com.au\/p\/striped-fur-collar-shawl\/\"]}]},{\"@type\":\"ImageObject\",\"inLanguage\":\"cs\",\"@id\":\"https:\/\/ozponcho.com.au\/p\/striped-fur-collar-shawl\/#primaryimage\",\"url\":\"https:\/\/ozponcho.com.au\/wp-content\/uploads\/2023\/12\/O1CN01nVohDt1QYYE1l460h_2505411988-0-cib.jpg\",\"contentUrl\":\"https:\/\/ozponcho.com.au\/wp-content\/uploads\/2023\/12\/O1CN01nVohDt1QYYE1l460h_2505411988-0-cib.jpg\",\"width\":800,\"height\":800,\"caption\":\"Autumn Striped Fringe Poncho\"},{\"@type\":\"BreadcrumbList\",\"@id\":\"https:\/\/ozponcho.com.au\/p\/striped-fur-collar-shawl\/#breadcrumb\",\"itemListElement\":[{\"@type\":\"ListItem\",\"position\":1,\"name\":\"Home\",\"item\":\"https:\/\/ozponcho.com.au\/\"},{\"@type\":\"ListItem\",\"position\":2,\"name\":\"Shop\",\"item\":\"https:\/\/ozponcho.com.au\/shop\/\"},{\"@type\":\"ListItem\",\"position\":3,\"name\":\"Autumn Striped Fringe Poncho\"}]},{\"@type\":\"WebSite\",\"@id\":\"https:\/\/ozponcho.com.au\/#website\",\"url\":\"https:\/\/ozponcho.com.au\/\",\"name\":\"OZ Poncho\",\"description\":\"\",\"potentialAction\":[{\"@type\":\"SearchAction\",\"target\":{\"@type\":\"EntryPoint\",\"urlTemplate\":\"https:\/\/ozponcho.com.au\/?s={search_term_string}\"},\"query-input\":{\"@type\":\"PropertyValueSpecification\",\"valueRequired\":true,\"valueName\":\"search_term_string\"}}],\"inLanguage\":\"cs\"}]}<\/script>\n<!-- \/ Yoast SEO plugin. -->","yoast_head_json":{"title":"Podzimn\u00ed pruhovan\u00e9 pon\u010do s t\u0159\u00e1sn\u011bmi | \u010cesk\u00e1 republika #1 Pon\u010do Shop","description":"Hled\u00e1te podzimn\u00ed pruhovan\u00e9 pon\u010do s t\u0159\u00e1sn\u011bmi ? Jste na spr\u00e1vn\u00e9m m\u00edst\u011b \ud83d\ude04 Nab\u00edz\u00edme \u0161irok\u00fd v\u00fdb\u011br Autumn Striped Fringe Poncho, ide\u00e1ln\u00ed pro v\u00e1s.","robots":{"index":"index","follow":"follow","max-snippet":"max-snippet:-1","max-image-preview":"max-image-preview:large","max-video-preview":"max-video-preview:-1"},"canonical":"https:\/\/ozponcho.com.au\/cs\/p\/pruhovany-kozesinovy-limec\/","og_locale":"cs_CZ","og_type":"article","og_title":"Autumn Striped Fringe Poncho | \u010cesk\u00e1 republika #1 Poncho Shop","og_description":"Looking for a Autumn Striped Fringe Poncho ? You've come to the right place \ud83d\ude04 We offers a wide selection of Autumn Striped Fringe Poncho, perfect for you.","og_url":"https:\/\/ozponcho.com.au\/cs\/p\/pruhovany-kozesinovy-limec\/","og_site_name":"OZ Poncho","article_modified_time":"2025-06-27T23:14:51+00:00","og_image":[{"width":800,"height":800,"url":"https:\/\/ozponcho.com.au\/wp-content\/uploads\/2023\/12\/O1CN01nVohDt1QYYE1l460h_2505411988-0-cib.jpg","type":"image\/jpeg"}],"twitter_card":"summary_large_image","twitter_misc":{"Odhadovan\u00e1 doba \u010dten\u00ed":"1 minuta"},"schema":{"@context":"https:\/\/schema.org","@graph":[{"@type":"WebPage","@id":"https:\/\/ozponcho.com.au\/p\/striped-fur-collar-shawl\/","url":"https:\/\/ozponcho.com.au\/p\/striped-fur-collar-shawl\/","name":"Podzimn\u00ed pruhovan\u00e9 pon\u010do s t\u0159\u00e1sn\u011bmi | \u010cesk\u00e1 republika #1 Pon\u010do Shop","isPartOf":{"@id":"https:\/\/ozponcho.com.au\/#website"},"primaryImageOfPage":{"@id":"https:\/\/ozponcho.com.au\/p\/striped-fur-collar-shawl\/#primaryimage"},"image":{"@id":"https:\/\/ozponcho.com.au\/p\/striped-fur-collar-shawl\/#primaryimage"},"thumbnailUrl":"https:\/\/ozponcho.com.au\/wp-content\/uploads\/2023\/12\/O1CN01nVohDt1QYYE1l460h_2505411988-0-cib.jpg","datePublished":"2023-12-13T07:36:44+00:00","dateModified":"2025-06-27T23:14:51+00:00","description":"Hled\u00e1te podzimn\u00ed pruhovan\u00e9 pon\u010do s t\u0159\u00e1sn\u011bmi ? Jste na spr\u00e1vn\u00e9m m\u00edst\u011b \ud83d\ude04 Nab\u00edz\u00edme \u0161irok\u00fd v\u00fdb\u011br Autumn Striped Fringe Poncho, ide\u00e1ln\u00ed pro v\u00e1s.","breadcrumb":{"@id":"https:\/\/ozponcho.com.au\/p\/striped-fur-collar-shawl\/#breadcrumb"},"inLanguage":"cs","potentialAction":[{"@type":"ReadAction","target":["https:\/\/ozponcho.com.au\/p\/striped-fur-collar-shawl\/"]}]},{"@type":"ImageObject","inLanguage":"cs","@id":"https:\/\/ozponcho.com.au\/p\/striped-fur-collar-shawl\/#primaryimage","url":"https:\/\/ozponcho.com.au\/wp-content\/uploads\/2023\/12\/O1CN01nVohDt1QYYE1l460h_2505411988-0-cib.jpg","contentUrl":"https:\/\/ozponcho.com.au\/wp-content\/uploads\/2023\/12\/O1CN01nVohDt1QYYE1l460h_2505411988-0-cib.jpg","width":800,"height":800,"caption":"Autumn Striped Fringe Poncho"},{"@type":"BreadcrumbList","@id":"https:\/\/ozponcho.com.au\/p\/striped-fur-collar-shawl\/#breadcrumb","itemListElement":[{"@type":"ListItem","position":1,"name":"Home","item":"https:\/\/ozponcho.com.au\/"},{"@type":"ListItem","position":2,"name":"Shop","item":"https:\/\/ozponcho.com.au\/shop\/"},{"@type":"ListItem","position":3,"name":"Autumn Striped Fringe Poncho"}]},{"@type":"WebSite","@id":"https:\/\/ozponcho.com.au\/#website","url":"https:\/\/ozponcho.com.au\/","name":"OZ Poncho","description":"","potentialAction":[{"@type":"SearchAction","target":{"@type":"EntryPoint","urlTemplate":"https:\/\/ozponcho.com.au\/?s={search_term_string}"},"query-input":{"@type":"PropertyValueSpecification","valueRequired":true,"valueName":"search_term_string"}}],"inLanguage":"cs"}]}},"_links":{"self":[{"href":"https:\/\/ozponcho.com.au\/cs\/wp-json\/wp\/v2\/product\/12769","targetHints":{"allow":["GET"]}}],"collection":[{"href":"https:\/\/ozponcho.com.au\/cs\/wp-json\/wp\/v2\/product"}],"about":[{"href":"https:\/\/ozponcho.com.au\/cs\/wp-json\/wp\/v2\/types\/product"}],"wp:featuredmedia":[{"embeddable":true,"href":"https:\/\/ozponcho.com.au\/cs\/wp-json\/wp\/v2\/media\/12723"}],"wp:attachment":[{"href":"https:\/\/ozponcho.com.au\/cs\/wp-json\/wp\/v2\/media?parent=12769"}],"wp:term":[{"taxonomy":"product_brand","embeddable":true,"href":"https:\/\/ozponcho.com.au\/cs\/wp-json\/wp\/v2\/product_brand?post=12769"},{"taxonomy":"product_cat","embeddable":true,"href":"https:\/\/ozponcho.com.au\/cs\/wp-json\/wp\/v2\/product_cat?post=12769"},{"taxonomy":"product_tag","embeddable":true,"href":"https:\/\/ozponcho.com.au\/cs\/wp-json\/wp\/v2\/product_tag?post=12769"}],"curies":[{"name":"wp","href":"https:\/\/api.w.org\/{rel}","templated":true}]}}