{"id":12753,"date":"2023-12-13T18:36:39","date_gmt":"2023-12-13T07:36:39","guid":{"rendered":"https:\/\/ozponcho.com.au\/p\/women-fur-collar-shawl-autumn-winter-thickened-warm-knitted-cape\/"},"modified":"2026-01-06T20:21:40","modified_gmt":"2026-01-06T09:21:40","slug":"elegant-warm-knitted-cape","status":"publish","type":"product","link":"https:\/\/ozponcho.com.au\/cs\/p\/elegantni-tepla-pletena-plastenka\/","title":{"rendered":"Elegantn\u00ed kostkovan\u00e9 pon\u010do s ko\u017ee\u0161inov\u00fdm lemem"},"content":{"rendered":"<p>D\u00e1msk\u00e9 elegantn\u00ed kostkovan\u00e9 pon\u010do s ko\u017ee\u0161inov\u00fdm lemem, kter\u00e9 je navr\u017eeno pro styl a teplo bez n\u00e1mahy, v\u00e1s zahal\u00ed do elegance. Toto pon\u010do s ply\u0161ov\u00fdm l\u00edmcem z um\u011bl\u00e9 ko\u017ee\u0161iny, kter\u00fd dopl\u0148uje klasick\u00fd \u010dernob\u00edl\u00fd kostkovan\u00fd vzor, je dokonal\u00fdm dopl\u0148kem va\u0161eho podzimn\u00edho a zimn\u00edho \u0161atn\u00edku. \u017derzejov\u00e1 tkanina poskytuje pohodln\u00fd voln\u00fd st\u0159ih, zat\u00edmco promy\u0161len\u011b pleten\u00fd akrylov\u00fd materi\u00e1l zajist\u00ed, \u017ee z\u016fstanete v chladu. P\u0159ijm\u011bte chladn\u00e9 dny s n\u00e1dechem sofistikovanosti a vylep\u0161ete sv\u016fj vzhled t\u00edmto nepostradateln\u00fdm vrstven\u00fdm kouskem, kter\u00fd slibuje, \u017ee budete vypadat m\u00f3dn\u011b a c\u00edtit se p\u0159\u00edjemn\u011b.<\/p>\n<div>Styl: Elegantn\u00ed<\/div>\n<div>P\u0159izp\u016fsoben\u00ed: Voln\u00fd<\/div>\n<div>Tkanina: Materi\u00e1l: Jersey<\/div>\n<div>Vzor: K\u00e1rovan\u00fd<\/div>\n<div>Prvek: Non<\/div>\n<div>Horn\u00ed d\u00e9lka: Dlouh\u00fd<\/div>\n<div>Typ ruk\u00e1vu: Ruk\u00e1v: Dolman<\/div>\n<div>D\u00e9lka ruk\u00e1v\u016f: Dlouh\u00fd ruk\u00e1v<\/div>\n<div>Typ uz\u00e1v\u011bru: Jin\u00e9<\/div>\n<div>Hlavn\u00ed slo\u017een\u00ed: Akryl<\/div>\n<div>Sez\u00f3na: Podzim\/zima<\/div>\n<p><img decoding=\"async\" src=\"https:\/\/ozponcho.com.au\/wp-content\/uploads\/2024\/03\/1143140641631371264.png\" \/><img decoding=\"async\" src=\"https:\/\/ozponcho.com.au\/wp-content\/uploads\/2024\/03\/O1CN01VaKQ081QYYFLGdKl8_2505411988-0-cib.jpg\" \/><img decoding=\"async\" src=\"https:\/\/ozponcho.com.au\/wp-content\/uploads\/2024\/03\/O1CN01iTEEQH1QYYFQMlNNw_2505411988-0-cib.jpg\" \/><img decoding=\"async\" src=\"https:\/\/ozponcho.com.au\/wp-content\/uploads\/2024\/03\/O1CN01EycRPT1QYYFGaTbOV_2505411988-0-cib.jpg\" \/><img decoding=\"async\" src=\"https:\/\/ozponcho.com.au\/wp-content\/uploads\/2024\/03\/O1CN016eD0dB1QYYFVpFXjX_2505411988-0-cib.jpg\" \/><img decoding=\"async\" src=\"https:\/\/ozponcho.com.au\/wp-content\/uploads\/2024\/03\/O1CN0109lKSc1QYYFQIxOgp_2505411988-0-cib.jpg\" \/><img decoding=\"async\" src=\"https:\/\/ozponcho.com.au\/wp-content\/uploads\/2024\/03\/O1CN01SQpPj51QYYFV1lV2n_2505411988-0-cib.jpg\" \/><img decoding=\"async\" src=\"https:\/\/ozponcho.com.au\/wp-content\/uploads\/2024\/03\/O1CN01uqu8oG1QYYFSBhIjQ_2505411988-0-cib.jpg\" \/><\/p>","protected":false},"excerpt":{"rendered":"<p>Wrap up in elegance with our Women&#8217;s Chic Fur-Trimmed Check Poncho, designed for effortless style and warmth. With a plush faux fur collar complementing a classic black and white check pattern, this poncho is the perfect accessory for your autumn and winter wardrobe. The jersey fabric provides a comfortable loose fit, while the thoughtfully knitted [&#8230;]","protected":false},"featured_media":12715,"template":"","meta":[],"product_brand":[],"product_cat":[219,229,218,15,228,210],"product_tag":[],"class_list":{"0":"post-12753","1":"product","2":"type-product","3":"status-publish","4":"has-post-thumbnail","6":"product_cat-black-poncho","7":"product_cat-blanket-poncho","8":"product_cat-fur-poncho","9":"product_cat-main-category","10":"product_cat-poncho-sweater","11":"product_cat-poncho-women","13":"first","14":"instock","15":"shipping-taxable","16":"purchasable","17":"product-type-variable"},"yoast_head":"<!-- This site is optimized with the Yoast SEO plugin v25.9 - https:\/\/yoast.com\/wordpress\/plugins\/seo\/ -->\n<title>Chic Fur-Trimmed Check Poncho | \u010cesk\u00e1 republika #1 Poncho Shop<\/title>\n<meta name=\"description\" content=\"Looking for a Chic Fur-Trimmed Check Poncho ? You&#039;ve come to the right place \ud83d\ude04 We offers a wide selection of Chic Fur-Trimmed Check Poncho, perfect for you.\" \/>\n<meta name=\"robots\" content=\"index, follow, max-snippet:-1, max-image-preview:large, max-video-preview:-1\" \/>\n<link rel=\"canonical\" href=\"https:\/\/ozponcho.com.au\/cs\/p\/elegantni-tepla-pletena-plastenka\/\" \/>\n<meta property=\"og:locale\" content=\"cs_CZ\" \/>\n<meta property=\"og:type\" content=\"article\" \/>\n<meta property=\"og:title\" content=\"Chic Fur-Trimmed Check Poncho | \u010cesk\u00e1 republika #1 Poncho Shop\" \/>\n<meta property=\"og:description\" content=\"Looking for a Chic Fur-Trimmed Check Poncho ? You&#039;ve come to the right place \ud83d\ude04 We offers a wide selection of Chic Fur-Trimmed Check Poncho, perfect for you.\" \/>\n<meta property=\"og:url\" content=\"https:\/\/ozponcho.com.au\/cs\/p\/elegantni-tepla-pletena-plastenka\/\" \/>\n<meta property=\"og:site_name\" content=\"OZ Poncho\" \/>\n<meta property=\"article:modified_time\" content=\"2026-01-06T09:21:40+00:00\" \/>\n<meta property=\"og:image\" content=\"https:\/\/ozponcho.com.au\/wp-content\/uploads\/2023\/12\/O1CN01g7wMDx1QYYFVoNAIT_2505411988-0-cib.jpg\" \/>\n\t<meta property=\"og:image:width\" content=\"800\" \/>\n\t<meta property=\"og:image:height\" content=\"800\" \/>\n\t<meta property=\"og:image:type\" content=\"image\/jpeg\" \/>\n<meta name=\"twitter:card\" content=\"summary_large_image\" \/>\n<meta name=\"twitter:label1\" content=\"Odhadovan\u00e1 doba \u010dten\u00ed\" \/>\n\t<meta name=\"twitter:data1\" content=\"1 minuta\" \/>\n<script type=\"application\/ld+json\" class=\"yoast-schema-graph\">{\"@context\":\"https:\/\/schema.org\",\"@graph\":[{\"@type\":\"WebPage\",\"@id\":\"https:\/\/ozponcho.com.au\/p\/elegant-warm-knitted-cape\/\",\"url\":\"https:\/\/ozponcho.com.au\/p\/elegant-warm-knitted-cape\/\",\"name\":\"Chic Fur-Trimmed Check Poncho | \u010cesk\u00e1 republika #1 Poncho Shop\",\"isPartOf\":{\"@id\":\"https:\/\/ozponcho.com.au\/#website\"},\"primaryImageOfPage\":{\"@id\":\"https:\/\/ozponcho.com.au\/p\/elegant-warm-knitted-cape\/#primaryimage\"},\"image\":{\"@id\":\"https:\/\/ozponcho.com.au\/p\/elegant-warm-knitted-cape\/#primaryimage\"},\"thumbnailUrl\":\"https:\/\/ozponcho.com.au\/wp-content\/uploads\/2023\/12\/O1CN01g7wMDx1QYYFVoNAIT_2505411988-0-cib.jpg\",\"datePublished\":\"2023-12-13T07:36:39+00:00\",\"dateModified\":\"2026-01-06T09:21:40+00:00\",\"description\":\"Looking for a Chic Fur-Trimmed Check Poncho ? You've come to the right place \ud83d\ude04 We offers a wide selection of Chic Fur-Trimmed Check Poncho, perfect for you.\",\"breadcrumb\":{\"@id\":\"https:\/\/ozponcho.com.au\/p\/elegant-warm-knitted-cape\/#breadcrumb\"},\"inLanguage\":\"cs\",\"potentialAction\":[{\"@type\":\"ReadAction\",\"target\":[\"https:\/\/ozponcho.com.au\/p\/elegant-warm-knitted-cape\/\"]}]},{\"@type\":\"ImageObject\",\"inLanguage\":\"cs\",\"@id\":\"https:\/\/ozponcho.com.au\/p\/elegant-warm-knitted-cape\/#primaryimage\",\"url\":\"https:\/\/ozponcho.com.au\/wp-content\/uploads\/2023\/12\/O1CN01g7wMDx1QYYFVoNAIT_2505411988-0-cib.jpg\",\"contentUrl\":\"https:\/\/ozponcho.com.au\/wp-content\/uploads\/2023\/12\/O1CN01g7wMDx1QYYFVoNAIT_2505411988-0-cib.jpg\",\"width\":800,\"height\":800,\"caption\":\"Chic Fur-Trimmed Check Poncho\"},{\"@type\":\"BreadcrumbList\",\"@id\":\"https:\/\/ozponcho.com.au\/p\/elegant-warm-knitted-cape\/#breadcrumb\",\"itemListElement\":[{\"@type\":\"ListItem\",\"position\":1,\"name\":\"Home\",\"item\":\"https:\/\/ozponcho.com.au\/\"},{\"@type\":\"ListItem\",\"position\":2,\"name\":\"Shop\",\"item\":\"https:\/\/ozponcho.com.au\/shop\/\"},{\"@type\":\"ListItem\",\"position\":3,\"name\":\"Chic Fur-Trimmed Check Poncho\"}]},{\"@type\":\"WebSite\",\"@id\":\"https:\/\/ozponcho.com.au\/#website\",\"url\":\"https:\/\/ozponcho.com.au\/\",\"name\":\"OZ Poncho\",\"description\":\"\",\"potentialAction\":[{\"@type\":\"SearchAction\",\"target\":{\"@type\":\"EntryPoint\",\"urlTemplate\":\"https:\/\/ozponcho.com.au\/?s={search_term_string}\"},\"query-input\":{\"@type\":\"PropertyValueSpecification\",\"valueRequired\":true,\"valueName\":\"search_term_string\"}}],\"inLanguage\":\"cs\"}]}<\/script>\n<!-- \/ Yoast SEO plugin. -->","yoast_head_json":{"title":"Elegantn\u00ed kostkovan\u00e9 pon\u010do s ko\u017ee\u0161inov\u00fdm lemem | \u010cesk\u00e1 republika #1 Poncho Shop","description":"Hled\u00e1te elegantn\u00ed kostkovan\u00e9 pon\u010do s ko\u017ee\u0161inov\u00fdm lemem ? Jste na spr\u00e1vn\u00e9m m\u00edst\u011b \ud83d\ude04 Nab\u00edz\u00edme \u0161irok\u00fd v\u00fdb\u011br Chic Fur-Trimmed Check Poncho, ide\u00e1ln\u00ed pro v\u00e1s.","robots":{"index":"index","follow":"follow","max-snippet":"max-snippet:-1","max-image-preview":"max-image-preview:large","max-video-preview":"max-video-preview:-1"},"canonical":"https:\/\/ozponcho.com.au\/cs\/p\/elegantni-tepla-pletena-plastenka\/","og_locale":"cs_CZ","og_type":"article","og_title":"Chic Fur-Trimmed Check Poncho | \u010cesk\u00e1 republika #1 Poncho Shop","og_description":"Looking for a Chic Fur-Trimmed Check Poncho ? You've come to the right place \ud83d\ude04 We offers a wide selection of Chic Fur-Trimmed Check Poncho, perfect for you.","og_url":"https:\/\/ozponcho.com.au\/cs\/p\/elegantni-tepla-pletena-plastenka\/","og_site_name":"OZ Poncho","article_modified_time":"2026-01-06T09:21:40+00:00","og_image":[{"width":800,"height":800,"url":"https:\/\/ozponcho.com.au\/wp-content\/uploads\/2023\/12\/O1CN01g7wMDx1QYYFVoNAIT_2505411988-0-cib.jpg","type":"image\/jpeg"}],"twitter_card":"summary_large_image","twitter_misc":{"Odhadovan\u00e1 doba \u010dten\u00ed":"1 minuta"},"schema":{"@context":"https:\/\/schema.org","@graph":[{"@type":"WebPage","@id":"https:\/\/ozponcho.com.au\/p\/elegant-warm-knitted-cape\/","url":"https:\/\/ozponcho.com.au\/p\/elegant-warm-knitted-cape\/","name":"Elegantn\u00ed kostkovan\u00e9 pon\u010do s ko\u017ee\u0161inov\u00fdm lemem | \u010cesk\u00e1 republika #1 Poncho Shop","isPartOf":{"@id":"https:\/\/ozponcho.com.au\/#website"},"primaryImageOfPage":{"@id":"https:\/\/ozponcho.com.au\/p\/elegant-warm-knitted-cape\/#primaryimage"},"image":{"@id":"https:\/\/ozponcho.com.au\/p\/elegant-warm-knitted-cape\/#primaryimage"},"thumbnailUrl":"https:\/\/ozponcho.com.au\/wp-content\/uploads\/2023\/12\/O1CN01g7wMDx1QYYFVoNAIT_2505411988-0-cib.jpg","datePublished":"2023-12-13T07:36:39+00:00","dateModified":"2026-01-06T09:21:40+00:00","description":"Hled\u00e1te elegantn\u00ed kostkovan\u00e9 pon\u010do s ko\u017ee\u0161inov\u00fdm lemem ? Jste na spr\u00e1vn\u00e9m m\u00edst\u011b \ud83d\ude04 Nab\u00edz\u00edme \u0161irok\u00fd v\u00fdb\u011br Chic Fur-Trimmed Check Poncho, ide\u00e1ln\u00ed pro v\u00e1s.","breadcrumb":{"@id":"https:\/\/ozponcho.com.au\/p\/elegant-warm-knitted-cape\/#breadcrumb"},"inLanguage":"cs","potentialAction":[{"@type":"ReadAction","target":["https:\/\/ozponcho.com.au\/p\/elegant-warm-knitted-cape\/"]}]},{"@type":"ImageObject","inLanguage":"cs","@id":"https:\/\/ozponcho.com.au\/p\/elegant-warm-knitted-cape\/#primaryimage","url":"https:\/\/ozponcho.com.au\/wp-content\/uploads\/2023\/12\/O1CN01g7wMDx1QYYFVoNAIT_2505411988-0-cib.jpg","contentUrl":"https:\/\/ozponcho.com.au\/wp-content\/uploads\/2023\/12\/O1CN01g7wMDx1QYYFVoNAIT_2505411988-0-cib.jpg","width":800,"height":800,"caption":"Chic Fur-Trimmed Check Poncho"},{"@type":"BreadcrumbList","@id":"https:\/\/ozponcho.com.au\/p\/elegant-warm-knitted-cape\/#breadcrumb","itemListElement":[{"@type":"ListItem","position":1,"name":"Home","item":"https:\/\/ozponcho.com.au\/"},{"@type":"ListItem","position":2,"name":"Shop","item":"https:\/\/ozponcho.com.au\/shop\/"},{"@type":"ListItem","position":3,"name":"Chic Fur-Trimmed Check Poncho"}]},{"@type":"WebSite","@id":"https:\/\/ozponcho.com.au\/#website","url":"https:\/\/ozponcho.com.au\/","name":"OZ Poncho","description":"","potentialAction":[{"@type":"SearchAction","target":{"@type":"EntryPoint","urlTemplate":"https:\/\/ozponcho.com.au\/?s={search_term_string}"},"query-input":{"@type":"PropertyValueSpecification","valueRequired":true,"valueName":"search_term_string"}}],"inLanguage":"cs"}]}},"_links":{"self":[{"href":"https:\/\/ozponcho.com.au\/cs\/wp-json\/wp\/v2\/product\/12753","targetHints":{"allow":["GET"]}}],"collection":[{"href":"https:\/\/ozponcho.com.au\/cs\/wp-json\/wp\/v2\/product"}],"about":[{"href":"https:\/\/ozponcho.com.au\/cs\/wp-json\/wp\/v2\/types\/product"}],"wp:featuredmedia":[{"embeddable":true,"href":"https:\/\/ozponcho.com.au\/cs\/wp-json\/wp\/v2\/media\/12715"}],"wp:attachment":[{"href":"https:\/\/ozponcho.com.au\/cs\/wp-json\/wp\/v2\/media?parent=12753"}],"wp:term":[{"taxonomy":"product_brand","embeddable":true,"href":"https:\/\/ozponcho.com.au\/cs\/wp-json\/wp\/v2\/product_brand?post=12753"},{"taxonomy":"product_cat","embeddable":true,"href":"https:\/\/ozponcho.com.au\/cs\/wp-json\/wp\/v2\/product_cat?post=12753"},{"taxonomy":"product_tag","embeddable":true,"href":"https:\/\/ozponcho.com.au\/cs\/wp-json\/wp\/v2\/product_tag?post=12753"}],"curies":[{"name":"wp","href":"https:\/\/api.w.org\/{rel}","templated":true}]}}