{"id":12743,"date":"2023-12-13T18:36:36","date_gmt":"2023-12-13T07:36:36","guid":{"rendered":"https:\/\/ozponcho.com.au\/p\/tassel-inverness-women-autumn-winter-knitted-striped-cloak-women\/"},"modified":"2026-02-03T13:10:20","modified_gmt":"2026-02-03T02:10:20","slug":"casual-striped-tassel-cloak","status":"publish","type":"product","link":"https:\/\/ozponcho.com.au\/cs\/p\/lezerni-pruhovany-plast-se-strapci\/","title":{"rendered":"D\u00e1msk\u00e9 podzimn\u00ed pleten\u00e9 pon\u010do"},"content":{"rendered":"<p>Pono\u0159te se do pohodl\u00ed a stylu na\u0161eho podzimn\u00edho pleten\u00e9ho pruhovan\u00e9ho pon\u010da pro \u017eeny. D\u00edky \u017eerzejov\u00e9mu materi\u00e1lu a lichotiv\u00e9mu voln\u00e9mu st\u0159ihu je toto pon\u010do ide\u00e1ln\u00ed pro vrstven\u00ed na va\u0161e obl\u00edben\u00e9 podzimn\u00ed oble\u010den\u00ed. Akcenty t\u0159\u00e1sn\u00ed a bohat\u00fd, jednolit\u00fd vzor z n\u011bj d\u011blaj\u00ed univerz\u00e1ln\u00ed kousek pro ka\u017edou p\u0159\u00edle\u017eitost. Design s 3\/4 ruk\u00e1vy dod\u00e1v\u00e1 n\u00e1dech elegance, zat\u00edmco dlouh\u00fd st\u0159apat\u00fd n\u00e1dech nab\u00edz\u00ed jak teplo, tak m\u00f3dn\u00ed \u0161mrnc. Dop\u0159ejte si luxus na\u0161eho snadno nositeln\u00e9ho pl\u00e1\u0161t\u011b z polyesterov\u00e9 sm\u011bsi a p\u0159ijm\u011bte podzimn\u00ed a zimn\u00ed obdob\u00ed s d\u016fv\u011brou a \u0161armem.<\/p>\n<div>Styl: Le\u017e\u00e9rn\u00ed<\/div>\n<div>P\u0159izp\u016fsoben\u00ed: Voln\u00fd<\/div>\n<div>Tkanina: Materi\u00e1l: Jersey<\/div>\n<div>Vzor: Pevn\u00fd<\/div>\n<div>Prvek: T\u0159\u00e1sn\u011b<\/div>\n<div>Horn\u00ed d\u00e9lka: Dlouh\u00fd<\/div>\n<div>Typ ruk\u00e1vu: Ostatn\u00ed<\/div>\n<div>D\u00e9lka ruk\u00e1vu: 3\/4 ruk\u00e1v<\/div>\n<div>Typ uz\u00e1v\u011bru: Jin\u00e9<\/div>\n<div>Hlavn\u00ed slo\u017een\u00ed: Materi\u00e1l: polyester<\/div>\n<div>Sez\u00f3na: Podzim\/zima<\/div>\n<p><img decoding=\"async\" src=\"https:\/\/ozponcho.com.au\/wp-content\/uploads\/2024\/03\/1130522382625144832.png\" \/><img decoding=\"async\" src=\"https:\/\/ozponcho.com.au\/wp-content\/uploads\/2024\/03\/O1CN01GGxuvl1QYYEmGY4hn_2505411988-0-cib.jpg\" \/><img decoding=\"async\" src=\"https:\/\/ozponcho.com.au\/wp-content\/uploads\/2024\/03\/O1CN01pDEUhY1QYYEpAJbY5_2505411988-0-cib.jpg\" \/><img decoding=\"async\" src=\"https:\/\/ozponcho.com.au\/wp-content\/uploads\/2024\/03\/O1CN01cLv8I41QYYEqOCeub_2505411988-0-cib.jpg\" \/><img decoding=\"async\" src=\"https:\/\/ozponcho.com.au\/wp-content\/uploads\/2024\/03\/O1CN01T1K6Hg1QYYEpAL0qo_2505411988-0-cib.jpg\" \/><img decoding=\"async\" src=\"https:\/\/ozponcho.com.au\/wp-content\/uploads\/2024\/03\/O1CN01iLrfCq1QYYEu8wTOB_2505411988-0-cib.jpg\" \/><img decoding=\"async\" src=\"https:\/\/ozponcho.com.au\/wp-content\/uploads\/2024\/03\/O1CN01lwVXZb1QYYEsA68Mr_2505411988-0-cib.jpg\" \/><img decoding=\"async\" src=\"https:\/\/ozponcho.com.au\/wp-content\/uploads\/2024\/03\/O1CN01E65PSl1QYYEvxpdll_2505411988-0-cib.jpg\" \/><img decoding=\"async\" src=\"https:\/\/ozponcho.com.au\/wp-content\/uploads\/2024\/03\/O1CN01DTns4u1QYYEu8xTsq_2505411988-0-cib.jpg\" \/><img decoding=\"async\" src=\"https:\/\/ozponcho.com.au\/wp-content\/uploads\/2024\/03\/O1CN01bxhQfO1QYYEoy9H4B_2505411988-0-cib.jpg\" \/><img decoding=\"async\" src=\"https:\/\/ozponcho.com.au\/wp-content\/uploads\/2024\/03\/O1CN013EadvQ1QYYErVluUm_2505411988-0-cib.jpg\" \/><\/p>","protected":false},"excerpt":{"rendered":"<p>Immerse yourself in the comfort and style of our Autumn Knitted Striped Poncho for women. With its jersey fabric and flattering loose fit, this poncho is perfect for layering over your favorite autumn outfits. Accents of fringe and a rich, solid pattern make it a versatile piece for any casual occasion. The 3\/4 sleeve design [&#8230;]","protected":false},"featured_media":12699,"template":"","meta":[],"product_brand":[],"product_cat":[219,15,222,228,214,210,221],"product_tag":[],"class_list":{"0":"post-12743","1":"product","2":"type-product","3":"status-publish","4":"has-post-thumbnail","6":"product_cat-black-poncho","7":"product_cat-main-category","8":"product_cat-pink-poncho","9":"product_cat-poncho-sweater","10":"product_cat-knitted-crochet-poncho","11":"product_cat-poncho-women","12":"product_cat-red-poncho","14":"first","15":"instock","16":"shipping-taxable","17":"purchasable","18":"product-type-variable"},"yoast_head":"<!-- This site is optimized with the Yoast SEO plugin v25.9 - https:\/\/yoast.com\/wordpress\/plugins\/seo\/ -->\n<title>Women&#039;s Autumn Knitted Poncho | \u010cesk\u00e1 republika #1 Poncho Shop<\/title>\n<meta name=\"description\" content=\"Looking for a Women&#039;s Autumn Knitted Poncho ? You&#039;ve come to the right place \ud83d\ude04 We offers a wide selection of Women&#039;s Autumn Knitted Poncho, perfect for you.\" \/>\n<meta name=\"robots\" content=\"index, follow, max-snippet:-1, max-image-preview:large, max-video-preview:-1\" \/>\n<link rel=\"canonical\" href=\"https:\/\/ozponcho.com.au\/cs\/p\/lezerni-pruhovany-plast-se-strapci\/\" \/>\n<meta property=\"og:locale\" content=\"cs_CZ\" \/>\n<meta property=\"og:type\" content=\"article\" \/>\n<meta property=\"og:title\" content=\"Women&#039;s Autumn Knitted Poncho | \u010cesk\u00e1 republika #1 Poncho Shop\" \/>\n<meta property=\"og:description\" content=\"Looking for a Women&#039;s Autumn Knitted Poncho ? You&#039;ve come to the right place \ud83d\ude04 We offers a wide selection of Women&#039;s Autumn Knitted Poncho, perfect for you.\" \/>\n<meta property=\"og:url\" content=\"https:\/\/ozponcho.com.au\/cs\/p\/lezerni-pruhovany-plast-se-strapci\/\" \/>\n<meta property=\"og:site_name\" content=\"OZ Poncho\" \/>\n<meta property=\"article:modified_time\" content=\"2026-02-03T02:10:20+00:00\" \/>\n<meta property=\"og:image\" content=\"https:\/\/ozponcho.com.au\/wp-content\/uploads\/2023\/12\/O1CN01TOp5aW1QYYEoxiHk4_2505411988-0-cib.jpg\" \/>\n\t<meta property=\"og:image:width\" content=\"800\" \/>\n\t<meta property=\"og:image:height\" content=\"800\" \/>\n\t<meta property=\"og:image:type\" content=\"image\/jpeg\" \/>\n<meta name=\"twitter:card\" content=\"summary_large_image\" \/>\n<meta name=\"twitter:label1\" content=\"Odhadovan\u00e1 doba \u010dten\u00ed\" \/>\n\t<meta name=\"twitter:data1\" content=\"3 minuty\" \/>\n<script type=\"application\/ld+json\" class=\"yoast-schema-graph\">{\"@context\":\"https:\/\/schema.org\",\"@graph\":[{\"@type\":\"WebPage\",\"@id\":\"https:\/\/ozponcho.com.au\/p\/casual-striped-tassel-cloak\/\",\"url\":\"https:\/\/ozponcho.com.au\/p\/casual-striped-tassel-cloak\/\",\"name\":\"Women's Autumn Knitted Poncho | \u010cesk\u00e1 republika #1 Poncho Shop\",\"isPartOf\":{\"@id\":\"https:\/\/ozponcho.com.au\/#website\"},\"primaryImageOfPage\":{\"@id\":\"https:\/\/ozponcho.com.au\/p\/casual-striped-tassel-cloak\/#primaryimage\"},\"image\":{\"@id\":\"https:\/\/ozponcho.com.au\/p\/casual-striped-tassel-cloak\/#primaryimage\"},\"thumbnailUrl\":\"https:\/\/ozponcho.com.au\/wp-content\/uploads\/2023\/12\/O1CN01TOp5aW1QYYEoxiHk4_2505411988-0-cib.jpg\",\"datePublished\":\"2023-12-13T07:36:36+00:00\",\"dateModified\":\"2026-02-03T02:10:20+00:00\",\"description\":\"Looking for a Women's Autumn Knitted Poncho ? You've come to the right place \ud83d\ude04 We offers a wide selection of Women's Autumn Knitted Poncho, perfect for you.\",\"breadcrumb\":{\"@id\":\"https:\/\/ozponcho.com.au\/p\/casual-striped-tassel-cloak\/#breadcrumb\"},\"inLanguage\":\"cs\",\"potentialAction\":[{\"@type\":\"ReadAction\",\"target\":[\"https:\/\/ozponcho.com.au\/p\/casual-striped-tassel-cloak\/\"]}]},{\"@type\":\"ImageObject\",\"inLanguage\":\"cs\",\"@id\":\"https:\/\/ozponcho.com.au\/p\/casual-striped-tassel-cloak\/#primaryimage\",\"url\":\"https:\/\/ozponcho.com.au\/wp-content\/uploads\/2023\/12\/O1CN01TOp5aW1QYYEoxiHk4_2505411988-0-cib.jpg\",\"contentUrl\":\"https:\/\/ozponcho.com.au\/wp-content\/uploads\/2023\/12\/O1CN01TOp5aW1QYYEoxiHk4_2505411988-0-cib.jpg\",\"width\":800,\"height\":800,\"caption\":\"Women's Autumn Knitted Poncho\"},{\"@type\":\"BreadcrumbList\",\"@id\":\"https:\/\/ozponcho.com.au\/p\/casual-striped-tassel-cloak\/#breadcrumb\",\"itemListElement\":[{\"@type\":\"ListItem\",\"position\":1,\"name\":\"Home\",\"item\":\"https:\/\/ozponcho.com.au\/\"},{\"@type\":\"ListItem\",\"position\":2,\"name\":\"Shop\",\"item\":\"https:\/\/ozponcho.com.au\/shop\/\"},{\"@type\":\"ListItem\",\"position\":3,\"name\":\"Women&#8217;s Autumn Knitted Poncho\"}]},{\"@type\":\"WebSite\",\"@id\":\"https:\/\/ozponcho.com.au\/#website\",\"url\":\"https:\/\/ozponcho.com.au\/\",\"name\":\"OZ Poncho\",\"description\":\"\",\"potentialAction\":[{\"@type\":\"SearchAction\",\"target\":{\"@type\":\"EntryPoint\",\"urlTemplate\":\"https:\/\/ozponcho.com.au\/?s={search_term_string}\"},\"query-input\":{\"@type\":\"PropertyValueSpecification\",\"valueRequired\":true,\"valueName\":\"search_term_string\"}}],\"inLanguage\":\"cs\"}]}<\/script>\n<!-- \/ Yoast SEO plugin. -->","yoast_head_json":{"title":"D\u00e1msk\u00e9 podzimn\u00ed pleten\u00e9 pon\u010do | \u010cesk\u00e1 republika #1 Pon\u010do Shop","description":"Hled\u00e1te d\u00e1msk\u00e9 podzimn\u00ed pleten\u00e9 pon\u010do ? Jste na spr\u00e1vn\u00e9m m\u00edst\u011b \ud83d\ude04 Nab\u00edz\u00edme \u0161irok\u00fd v\u00fdb\u011br D\u00e1msk\u00e9 podzimn\u00ed pleten\u00e9 pon\u010do, ide\u00e1ln\u00ed pro v\u00e1s.","robots":{"index":"index","follow":"follow","max-snippet":"max-snippet:-1","max-image-preview":"max-image-preview:large","max-video-preview":"max-video-preview:-1"},"canonical":"https:\/\/ozponcho.com.au\/cs\/p\/lezerni-pruhovany-plast-se-strapci\/","og_locale":"cs_CZ","og_type":"article","og_title":"Women's Autumn Knitted Poncho | \u010cesk\u00e1 republika #1 Poncho Shop","og_description":"Looking for a Women's Autumn Knitted Poncho ? You've come to the right place \ud83d\ude04 We offers a wide selection of Women's Autumn Knitted Poncho, perfect for you.","og_url":"https:\/\/ozponcho.com.au\/cs\/p\/lezerni-pruhovany-plast-se-strapci\/","og_site_name":"OZ Poncho","article_modified_time":"2026-02-03T02:10:20+00:00","og_image":[{"width":800,"height":800,"url":"https:\/\/ozponcho.com.au\/wp-content\/uploads\/2023\/12\/O1CN01TOp5aW1QYYEoxiHk4_2505411988-0-cib.jpg","type":"image\/jpeg"}],"twitter_card":"summary_large_image","twitter_misc":{"Odhadovan\u00e1 doba \u010dten\u00ed":"3 minuty"},"schema":{"@context":"https:\/\/schema.org","@graph":[{"@type":"WebPage","@id":"https:\/\/ozponcho.com.au\/p\/casual-striped-tassel-cloak\/","url":"https:\/\/ozponcho.com.au\/p\/casual-striped-tassel-cloak\/","name":"D\u00e1msk\u00e9 podzimn\u00ed pleten\u00e9 pon\u010do | \u010cesk\u00e1 republika #1 Pon\u010do Shop","isPartOf":{"@id":"https:\/\/ozponcho.com.au\/#website"},"primaryImageOfPage":{"@id":"https:\/\/ozponcho.com.au\/p\/casual-striped-tassel-cloak\/#primaryimage"},"image":{"@id":"https:\/\/ozponcho.com.au\/p\/casual-striped-tassel-cloak\/#primaryimage"},"thumbnailUrl":"https:\/\/ozponcho.com.au\/wp-content\/uploads\/2023\/12\/O1CN01TOp5aW1QYYEoxiHk4_2505411988-0-cib.jpg","datePublished":"2023-12-13T07:36:36+00:00","dateModified":"2026-02-03T02:10:20+00:00","description":"Hled\u00e1te d\u00e1msk\u00e9 podzimn\u00ed pleten\u00e9 pon\u010do ? Jste na spr\u00e1vn\u00e9m m\u00edst\u011b \ud83d\ude04 Nab\u00edz\u00edme \u0161irok\u00fd v\u00fdb\u011br D\u00e1msk\u00e9 podzimn\u00ed pleten\u00e9 pon\u010do, ide\u00e1ln\u00ed pro v\u00e1s.","breadcrumb":{"@id":"https:\/\/ozponcho.com.au\/p\/casual-striped-tassel-cloak\/#breadcrumb"},"inLanguage":"cs","potentialAction":[{"@type":"ReadAction","target":["https:\/\/ozponcho.com.au\/p\/casual-striped-tassel-cloak\/"]}]},{"@type":"ImageObject","inLanguage":"cs","@id":"https:\/\/ozponcho.com.au\/p\/casual-striped-tassel-cloak\/#primaryimage","url":"https:\/\/ozponcho.com.au\/wp-content\/uploads\/2023\/12\/O1CN01TOp5aW1QYYEoxiHk4_2505411988-0-cib.jpg","contentUrl":"https:\/\/ozponcho.com.au\/wp-content\/uploads\/2023\/12\/O1CN01TOp5aW1QYYEoxiHk4_2505411988-0-cib.jpg","width":800,"height":800,"caption":"Women's Autumn Knitted Poncho"},{"@type":"BreadcrumbList","@id":"https:\/\/ozponcho.com.au\/p\/casual-striped-tassel-cloak\/#breadcrumb","itemListElement":[{"@type":"ListItem","position":1,"name":"Home","item":"https:\/\/ozponcho.com.au\/"},{"@type":"ListItem","position":2,"name":"Shop","item":"https:\/\/ozponcho.com.au\/shop\/"},{"@type":"ListItem","position":3,"name":"Women&#8217;s Autumn Knitted Poncho"}]},{"@type":"WebSite","@id":"https:\/\/ozponcho.com.au\/#website","url":"https:\/\/ozponcho.com.au\/","name":"OZ Poncho","description":"","potentialAction":[{"@type":"SearchAction","target":{"@type":"EntryPoint","urlTemplate":"https:\/\/ozponcho.com.au\/?s={search_term_string}"},"query-input":{"@type":"PropertyValueSpecification","valueRequired":true,"valueName":"search_term_string"}}],"inLanguage":"cs"}]}},"_links":{"self":[{"href":"https:\/\/ozponcho.com.au\/cs\/wp-json\/wp\/v2\/product\/12743","targetHints":{"allow":["GET"]}}],"collection":[{"href":"https:\/\/ozponcho.com.au\/cs\/wp-json\/wp\/v2\/product"}],"about":[{"href":"https:\/\/ozponcho.com.au\/cs\/wp-json\/wp\/v2\/types\/product"}],"wp:featuredmedia":[{"embeddable":true,"href":"https:\/\/ozponcho.com.au\/cs\/wp-json\/wp\/v2\/media\/12699"}],"wp:attachment":[{"href":"https:\/\/ozponcho.com.au\/cs\/wp-json\/wp\/v2\/media?parent=12743"}],"wp:term":[{"taxonomy":"product_brand","embeddable":true,"href":"https:\/\/ozponcho.com.au\/cs\/wp-json\/wp\/v2\/product_brand?post=12743"},{"taxonomy":"product_cat","embeddable":true,"href":"https:\/\/ozponcho.com.au\/cs\/wp-json\/wp\/v2\/product_cat?post=12743"},{"taxonomy":"product_tag","embeddable":true,"href":"https:\/\/ozponcho.com.au\/cs\/wp-json\/wp\/v2\/product_tag?post=12743"}],"curies":[{"name":"wp","href":"https:\/\/api.w.org\/{rel}","templated":true}]}}