{"id":12680,"date":"2023-12-13T18:36:16","date_gmt":"2023-12-13T07:36:16","guid":{"rendered":"https:\/\/ozponcho.com.au\/p\/autumn-winter-v-neck-advanced-color-matching-contrast-color-tassel-cape-shawl-cardigan\/"},"modified":"2024-04-19T19:21:32","modified_gmt":"2024-04-19T08:21:32","slug":"vibrant-zigzag-cape-shawl","status":"publish","type":"product","link":"https:\/\/ozponcho.com.au\/cs\/p\/zarivy-cik-cak-sal-s-plastem\/","title":{"rendered":"\u010cesk\u00fd svetr Pon\u010do se st\u0159apci"},"content":{"rendered":"<p>Zahalte se do stylu a pohodl\u00ed s na\u0161\u00edm boh\u00e9msk\u00fdm pon\u010dem se st\u0159apci. Tento poutav\u00fd podzimn\u00ed\/zimn\u00ed dopln\u011bk je ide\u00e1ln\u00ed pro ty, kdo r\u00e1di vynikaj\u00ed - m\u00e1 fascinuj\u00edc\u00ed klikat\u00fd vzor ve sm\u011bsi \u010derven\u00fdch, modr\u00fdch, fialov\u00fdch a b\u00e9\u017eov\u00fdch odst\u00edn\u016f. D\u00edky voln\u00e9mu st\u0159ihu a dolmanov\u00fdm ruk\u00e1v\u016fm, kter\u00e9 se skv\u011ble hod\u00ed k d\u017e\u00edn\u016fm nebo leg\u00edn\u00e1m, m\u00e1 volnou, ale p\u0159esto elegantn\u00ed siluetu. Toto pon\u010do, vyroben\u00e9 z m\u011bkk\u00e9ho, h\u0159ejiv\u00e9ho akrylu a zakon\u010den\u00e9 hrav\u00fdmi st\u0159apci, je nezbytn\u00fdm dopl\u0148kem \u0161atn\u00edku, kter\u00fd v\u00e1s v chladn\u011bj\u0161\u00edch m\u011bs\u00edc\u00edch udr\u017e\u00ed v pohodl\u00ed a m\u00f3d\u011b. Vylep\u0161ete sv\u016fj komplet t\u00edmto nepostradateln\u00fdm \u0161\u00e1lov\u00fdm kardiganem s pl\u00e1\u0161t\u011bnkou.<\/p>\n<div>Styl: Le\u017e\u00e9rn\u00ed<\/div>\n<div>P\u0159izp\u016fsoben\u00ed: Voln\u00fd<\/div>\n<div>Tkanina: Materi\u00e1l: Jersey<\/div>\n<div>Vzor: Barevn\u00fd blok<\/div>","protected":false},"excerpt":{"rendered":"<p>Wrap yourself in style and comfort with our Bohemian Tassel Poncho Cardigan. This eye-catching autumn\/winter accessory is perfect for those who love to stand out \u00e2\u20ac\u201d featuring a mesmerizing zigzag pattern in a blend of red, blue, purple, and beige hues. Perfectly paired with jeans or leggings, its loose fit and dolman sleeves provide a [&#8230;]","protected":false},"featured_media":12645,"template":"","meta":[],"product_brand":[],"product_cat":[229,223,15,209,228,214,210,221],"product_tag":[],"class_list":{"0":"post-12680","1":"product","2":"type-product","3":"status-publish","4":"has-post-thumbnail","6":"product_cat-blanket-poncho","7":"product_cat-blue-poncho","8":"product_cat-main-category","9":"product_cat-mexican-poncho","10":"product_cat-poncho-sweater","11":"product_cat-knitted-crochet-poncho","12":"product_cat-poncho-women","13":"product_cat-red-poncho","15":"first","16":"outofstock","17":"shipping-taxable","18":"purchasable","19":"product-type-variable"},"yoast_head":"<!-- This site is optimized with the Yoast SEO plugin v25.9 - https:\/\/yoast.com\/wordpress\/plugins\/seo\/ -->\n<title>Bohemian Tassel Poncho Cardigan | \u010cesk\u00e1 republika #1 Poncho Shop<\/title>\n<meta name=\"description\" content=\"Looking for a Bohemian Tassel Poncho Cardigan ? You&#039;ve come to the right place \ud83d\ude04 We offers a wide selection of Bohemian Tassel Poncho Cardigan, perfect for you.\" \/>\n<meta name=\"robots\" content=\"index, follow, max-snippet:-1, max-image-preview:large, max-video-preview:-1\" \/>\n<link rel=\"canonical\" href=\"https:\/\/ozponcho.com.au\/cs\/p\/zarivy-cik-cak-sal-s-plastem\/\" \/>\n<meta property=\"og:locale\" content=\"cs_CZ\" \/>\n<meta property=\"og:type\" content=\"article\" \/>\n<meta property=\"og:title\" content=\"Bohemian Tassel Poncho Cardigan | \u010cesk\u00e1 republika #1 Poncho Shop\" \/>\n<meta property=\"og:description\" content=\"Looking for a Bohemian Tassel Poncho Cardigan ? You&#039;ve come to the right place \ud83d\ude04 We offers a wide selection of Bohemian Tassel Poncho Cardigan, perfect for you.\" \/>\n<meta property=\"og:url\" content=\"https:\/\/ozponcho.com.au\/cs\/p\/zarivy-cik-cak-sal-s-plastem\/\" \/>\n<meta property=\"og:site_name\" content=\"OZ Poncho\" \/>\n<meta property=\"article:modified_time\" content=\"2024-04-19T08:21:32+00:00\" \/>\n<meta property=\"og:image\" content=\"https:\/\/ozponcho.com.au\/wp-content\/uploads\/2023\/12\/O1CN01ktUl181HIfyDoW086_2331630735-0-cib.jpg\" \/>\n\t<meta property=\"og:image:width\" content=\"1340\" \/>\n\t<meta property=\"og:image:height\" content=\"1785\" \/>\n\t<meta property=\"og:image:type\" content=\"image\/jpeg\" \/>\n<meta name=\"twitter:card\" content=\"summary_large_image\" \/>\n<meta name=\"twitter:label1\" content=\"Odhadovan\u00e1 doba \u010dten\u00ed\" \/>\n\t<meta name=\"twitter:data1\" content=\"1 minuta\" \/>\n<script type=\"application\/ld+json\" class=\"yoast-schema-graph\">{\"@context\":\"https:\/\/schema.org\",\"@graph\":[{\"@type\":\"WebPage\",\"@id\":\"https:\/\/ozponcho.com.au\/p\/vibrant-zigzag-cape-shawl\/\",\"url\":\"https:\/\/ozponcho.com.au\/p\/vibrant-zigzag-cape-shawl\/\",\"name\":\"Bohemian Tassel Poncho Cardigan | \u010cesk\u00e1 republika #1 Poncho Shop\",\"isPartOf\":{\"@id\":\"https:\/\/ozponcho.com.au\/#website\"},\"primaryImageOfPage\":{\"@id\":\"https:\/\/ozponcho.com.au\/p\/vibrant-zigzag-cape-shawl\/#primaryimage\"},\"image\":{\"@id\":\"https:\/\/ozponcho.com.au\/p\/vibrant-zigzag-cape-shawl\/#primaryimage\"},\"thumbnailUrl\":\"https:\/\/ozponcho.com.au\/wp-content\/uploads\/2023\/12\/O1CN01ktUl181HIfyDoW086_2331630735-0-cib.jpg\",\"datePublished\":\"2023-12-13T07:36:16+00:00\",\"dateModified\":\"2024-04-19T08:21:32+00:00\",\"description\":\"Looking for a Bohemian Tassel Poncho Cardigan ? You've come to the right place \ud83d\ude04 We offers a wide selection of Bohemian Tassel Poncho Cardigan, perfect for you.\",\"breadcrumb\":{\"@id\":\"https:\/\/ozponcho.com.au\/p\/vibrant-zigzag-cape-shawl\/#breadcrumb\"},\"inLanguage\":\"cs\",\"potentialAction\":[{\"@type\":\"ReadAction\",\"target\":[\"https:\/\/ozponcho.com.au\/p\/vibrant-zigzag-cape-shawl\/\"]}]},{\"@type\":\"ImageObject\",\"inLanguage\":\"cs\",\"@id\":\"https:\/\/ozponcho.com.au\/p\/vibrant-zigzag-cape-shawl\/#primaryimage\",\"url\":\"https:\/\/ozponcho.com.au\/wp-content\/uploads\/2023\/12\/O1CN01ktUl181HIfyDoW086_2331630735-0-cib.jpg\",\"contentUrl\":\"https:\/\/ozponcho.com.au\/wp-content\/uploads\/2023\/12\/O1CN01ktUl181HIfyDoW086_2331630735-0-cib.jpg\",\"width\":1340,\"height\":1785,\"caption\":\"Bohemian Tassel Poncho Cardigan\"},{\"@type\":\"BreadcrumbList\",\"@id\":\"https:\/\/ozponcho.com.au\/p\/vibrant-zigzag-cape-shawl\/#breadcrumb\",\"itemListElement\":[{\"@type\":\"ListItem\",\"position\":1,\"name\":\"Home\",\"item\":\"https:\/\/ozponcho.com.au\/\"},{\"@type\":\"ListItem\",\"position\":2,\"name\":\"Shop\",\"item\":\"https:\/\/ozponcho.com.au\/shop\/\"},{\"@type\":\"ListItem\",\"position\":3,\"name\":\"Bohemian Tassel Poncho Cardigan\"}]},{\"@type\":\"WebSite\",\"@id\":\"https:\/\/ozponcho.com.au\/#website\",\"url\":\"https:\/\/ozponcho.com.au\/\",\"name\":\"OZ Poncho\",\"description\":\"\",\"potentialAction\":[{\"@type\":\"SearchAction\",\"target\":{\"@type\":\"EntryPoint\",\"urlTemplate\":\"https:\/\/ozponcho.com.au\/?s={search_term_string}\"},\"query-input\":{\"@type\":\"PropertyValueSpecification\",\"valueRequired\":true,\"valueName\":\"search_term_string\"}}],\"inLanguage\":\"cs\"}]}<\/script>\n<!-- \/ Yoast SEO plugin. -->","yoast_head_json":{"title":"\u010cesk\u00e9 pon\u010do se st\u0159apci | \u010cesk\u00e1 republika #1 Pon\u010do Shop","description":"Hled\u00e1te \u010desk\u00fd st\u0159apat\u00fd svetr pon\u010do ? Jste na spr\u00e1vn\u00e9m m\u00edst\u011b \ud83d\ude04 Nab\u00edz\u00edme \u0161irok\u00fd v\u00fdb\u011br Bohemian Tassel Poncho Cardigan, ide\u00e1ln\u00ed pro v\u00e1s.","robots":{"index":"index","follow":"follow","max-snippet":"max-snippet:-1","max-image-preview":"max-image-preview:large","max-video-preview":"max-video-preview:-1"},"canonical":"https:\/\/ozponcho.com.au\/cs\/p\/zarivy-cik-cak-sal-s-plastem\/","og_locale":"cs_CZ","og_type":"article","og_title":"Bohemian Tassel Poncho Cardigan | \u010cesk\u00e1 republika #1 Poncho Shop","og_description":"Looking for a Bohemian Tassel Poncho Cardigan ? You've come to the right place \ud83d\ude04 We offers a wide selection of Bohemian Tassel Poncho Cardigan, perfect for you.","og_url":"https:\/\/ozponcho.com.au\/cs\/p\/zarivy-cik-cak-sal-s-plastem\/","og_site_name":"OZ Poncho","article_modified_time":"2024-04-19T08:21:32+00:00","og_image":[{"width":1340,"height":1785,"url":"https:\/\/ozponcho.com.au\/wp-content\/uploads\/2023\/12\/O1CN01ktUl181HIfyDoW086_2331630735-0-cib.jpg","type":"image\/jpeg"}],"twitter_card":"summary_large_image","twitter_misc":{"Odhadovan\u00e1 doba \u010dten\u00ed":"1 minuta"},"schema":{"@context":"https:\/\/schema.org","@graph":[{"@type":"WebPage","@id":"https:\/\/ozponcho.com.au\/p\/vibrant-zigzag-cape-shawl\/","url":"https:\/\/ozponcho.com.au\/p\/vibrant-zigzag-cape-shawl\/","name":"\u010cesk\u00e9 pon\u010do se st\u0159apci | \u010cesk\u00e1 republika #1 Pon\u010do Shop","isPartOf":{"@id":"https:\/\/ozponcho.com.au\/#website"},"primaryImageOfPage":{"@id":"https:\/\/ozponcho.com.au\/p\/vibrant-zigzag-cape-shawl\/#primaryimage"},"image":{"@id":"https:\/\/ozponcho.com.au\/p\/vibrant-zigzag-cape-shawl\/#primaryimage"},"thumbnailUrl":"https:\/\/ozponcho.com.au\/wp-content\/uploads\/2023\/12\/O1CN01ktUl181HIfyDoW086_2331630735-0-cib.jpg","datePublished":"2023-12-13T07:36:16+00:00","dateModified":"2024-04-19T08:21:32+00:00","description":"Hled\u00e1te \u010desk\u00fd st\u0159apat\u00fd svetr pon\u010do ? Jste na spr\u00e1vn\u00e9m m\u00edst\u011b \ud83d\ude04 Nab\u00edz\u00edme \u0161irok\u00fd v\u00fdb\u011br Bohemian Tassel Poncho Cardigan, ide\u00e1ln\u00ed pro v\u00e1s.","breadcrumb":{"@id":"https:\/\/ozponcho.com.au\/p\/vibrant-zigzag-cape-shawl\/#breadcrumb"},"inLanguage":"cs","potentialAction":[{"@type":"ReadAction","target":["https:\/\/ozponcho.com.au\/p\/vibrant-zigzag-cape-shawl\/"]}]},{"@type":"ImageObject","inLanguage":"cs","@id":"https:\/\/ozponcho.com.au\/p\/vibrant-zigzag-cape-shawl\/#primaryimage","url":"https:\/\/ozponcho.com.au\/wp-content\/uploads\/2023\/12\/O1CN01ktUl181HIfyDoW086_2331630735-0-cib.jpg","contentUrl":"https:\/\/ozponcho.com.au\/wp-content\/uploads\/2023\/12\/O1CN01ktUl181HIfyDoW086_2331630735-0-cib.jpg","width":1340,"height":1785,"caption":"Bohemian Tassel Poncho Cardigan"},{"@type":"BreadcrumbList","@id":"https:\/\/ozponcho.com.au\/p\/vibrant-zigzag-cape-shawl\/#breadcrumb","itemListElement":[{"@type":"ListItem","position":1,"name":"Home","item":"https:\/\/ozponcho.com.au\/"},{"@type":"ListItem","position":2,"name":"Shop","item":"https:\/\/ozponcho.com.au\/shop\/"},{"@type":"ListItem","position":3,"name":"Bohemian Tassel Poncho Cardigan"}]},{"@type":"WebSite","@id":"https:\/\/ozponcho.com.au\/#website","url":"https:\/\/ozponcho.com.au\/","name":"OZ Poncho","description":"","potentialAction":[{"@type":"SearchAction","target":{"@type":"EntryPoint","urlTemplate":"https:\/\/ozponcho.com.au\/?s={search_term_string}"},"query-input":{"@type":"PropertyValueSpecification","valueRequired":true,"valueName":"search_term_string"}}],"inLanguage":"cs"}]}},"_links":{"self":[{"href":"https:\/\/ozponcho.com.au\/cs\/wp-json\/wp\/v2\/product\/12680","targetHints":{"allow":["GET"]}}],"collection":[{"href":"https:\/\/ozponcho.com.au\/cs\/wp-json\/wp\/v2\/product"}],"about":[{"href":"https:\/\/ozponcho.com.au\/cs\/wp-json\/wp\/v2\/types\/product"}],"wp:featuredmedia":[{"embeddable":true,"href":"https:\/\/ozponcho.com.au\/cs\/wp-json\/wp\/v2\/media\/12645"}],"wp:attachment":[{"href":"https:\/\/ozponcho.com.au\/cs\/wp-json\/wp\/v2\/media?parent=12680"}],"wp:term":[{"taxonomy":"product_brand","embeddable":true,"href":"https:\/\/ozponcho.com.au\/cs\/wp-json\/wp\/v2\/product_brand?post=12680"},{"taxonomy":"product_cat","embeddable":true,"href":"https:\/\/ozponcho.com.au\/cs\/wp-json\/wp\/v2\/product_cat?post=12680"},{"taxonomy":"product_tag","embeddable":true,"href":"https:\/\/ozponcho.com.au\/cs\/wp-json\/wp\/v2\/product_tag?post=12680"}],"curies":[{"name":"wp","href":"https:\/\/api.w.org\/{rel}","templated":true}]}}