{"id":12407,"date":"2023-12-13T18:35:19","date_gmt":"2023-12-13T07:35:19","guid":{"rendered":"https:\/\/ozponcho.com.au\/p\/tassel-cape-shawl-women-autumn-winter-outerwear-striped-knitted-cape\/"},"modified":"2025-05-09T14:22:57","modified_gmt":"2025-05-09T03:22:57","slug":"casual-tassel-striped-cape","status":"publish","type":"product","link":"https:\/\/ozponcho.com.au\/cs\/p\/lezerni-pruhovany-plast-se-strapci-2\/","title":{"rendered":"D\u00e1msk\u00e9 pon\u010do s pruhy a t\u0159\u00e1sn\u011bmi"},"content":{"rendered":"<p>Zahalte se do \u00fatuln\u00e9 n\u00e1ru\u010de na\u0161eho d\u00e1msk\u00e9ho pon\u010da s pruhovan\u00fdmi t\u0159\u00e1sn\u011bmi, kter\u00e9 je dokonal\u00fdm podzimn\u011b-zimn\u00edm dopl\u0148kem. Tato elegantn\u00ed, le\u017e\u00e9rn\u00ed pl\u00e1\u0161t\u011bnka m\u00e1 stylov\u00fd v\u00fdst\u0159ih a hrav\u00e9 st\u0159apat\u00e9 t\u0159\u00e1sn\u011b a nab\u00edz\u00ed m\u00f3dn\u00ed svrchn\u00ed vrstvu, kter\u00e1 v sob\u011b spojuje teplo a eleganci. Jej\u00ed jemn\u00fd pastelov\u00fd a z\u00e1\u0159iv\u00fd pruhovan\u00fd vzor, vyroben\u00fd z \u017eerzejov\u00e9 tkaniny, z n\u00ed d\u011bl\u00e1 pohodln\u00fd, a p\u0159esto v\u00fdrazn\u00fd kousek. A\u0165 u\u017e jste na sychrav\u00e9m dni venku, nebo si u\u017e\u00edv\u00e1te ve\u010der u krbu, toto v\u0161estrann\u00e9 pon\u010do v\u00e1m zajist\u00ed, \u017ee budete stylov\u011b zahaleni.<\/p>\n<div>Styl: Le\u017e\u00e9rn\u00ed<\/div>\n<div>P\u0159izp\u016fsoben\u00ed: Voln\u00fd<\/div>\n<div>Tkanina: Materi\u00e1l: Jersey<\/div>\n<div>Vzor: Pruh<\/div>\n<div>Prvek: T\u0159\u00e1sn\u011b<\/div>\n<div>Horn\u00ed d\u00e9lka: Kr\u00e1tk\u00fd<\/div>\n<div>V\u00fdst\u0159ih: V\u00fdst\u0159ih: pos\u00e1dkov\u00fd v\u00fdst\u0159ih<\/div>\n<div>Typ ruk\u00e1vu: Ostatn\u00ed<\/div>\n<div>D\u00e9lka ruk\u00e1vu: 1\/2 ruk\u00e1vu<\/div>\n<div>Hlavn\u00ed slo\u017een\u00ed: Materi\u00e1l: polyester<\/div>\n<div>Sez\u00f3na: Podzim\/zima<\/div>\n<p><img decoding=\"async\" src=\"https:\/\/ozponcho.com.au\/wp-content\/uploads\/2024\/03\/1134444877946290176.png\" \/><img decoding=\"async\" src=\"https:\/\/ozponcho.com.au\/wp-content\/uploads\/2024\/03\/O1CN01aUcTht1QYYF2Be6j1_2505411988-0-cib.jpg\" \/><img decoding=\"async\" src=\"https:\/\/ozponcho.com.au\/wp-content\/uploads\/2024\/03\/O1CN01fiLH261QYYF6qyRhE_2505411988-0-cib.jpg\" \/><img decoding=\"async\" src=\"https:\/\/ozponcho.com.au\/wp-content\/uploads\/2024\/03\/O1CN01IvEN9u1QYYF2DZg5q_2505411988-0-cib.jpg\" \/><img decoding=\"async\" src=\"https:\/\/ozponcho.com.au\/wp-content\/uploads\/2024\/03\/O1CN015ssOGj1QYYF964Gwd_2505411988-0-cib.jpg\" \/><img decoding=\"async\" src=\"https:\/\/ozponcho.com.au\/wp-content\/uploads\/2024\/03\/O1CN01dgF7ks1QYYF8JZr0W_2505411988-0-cib.jpg\" \/><\/p>","protected":false},"excerpt":{"rendered":"<p>Envelop yourself in the cozy embrace of our Striped Fringe Women&#8217;s Poncho, the perfect autumn-winter accessory. This chic, casual cape features a stylish crew neck and playful tassel fringe, offering a fashionable outer layer that combines warmth and elegance. Its soft pastel and vibrant striped pattern, crafted from jersey fabric, makes for a comfortable, yet [&#8230;]","protected":false},"featured_media":12363,"template":"","meta":[],"product_brand":[],"product_cat":[223,225,15,228,214,210],"product_tag":[],"class_list":{"0":"post-12407","1":"product","2":"type-product","3":"status-publish","4":"has-post-thumbnail","6":"product_cat-blue-poncho","7":"product_cat-grey-poncho","8":"product_cat-main-category","9":"product_cat-poncho-sweater","10":"product_cat-knitted-crochet-poncho","11":"product_cat-poncho-women","13":"first","14":"instock","15":"shipping-taxable","16":"purchasable","17":"product-type-variable"},"yoast_head":"<!-- This site is optimized with the Yoast SEO plugin v25.9 - https:\/\/yoast.com\/wordpress\/plugins\/seo\/ -->\n<title>Striped Fringe Women&#039;s Poncho | \u010cesk\u00e1 republika #1 Poncho Shop<\/title>\n<meta name=\"description\" content=\"Looking for a Striped Fringe Women&#039;s Poncho ? You&#039;ve come to the right place \ud83d\ude04 We offers a wide selection of Striped Fringe Women&#039;s Poncho, perfect for you.\" \/>\n<meta name=\"robots\" content=\"index, follow, max-snippet:-1, max-image-preview:large, max-video-preview:-1\" \/>\n<link rel=\"canonical\" href=\"https:\/\/ozponcho.com.au\/cs\/p\/lezerni-pruhovany-plast-se-strapci-2\/\" \/>\n<meta property=\"og:locale\" content=\"cs_CZ\" \/>\n<meta property=\"og:type\" content=\"article\" \/>\n<meta property=\"og:title\" content=\"Striped Fringe Women&#039;s Poncho | \u010cesk\u00e1 republika #1 Poncho Shop\" \/>\n<meta property=\"og:description\" content=\"Looking for a Striped Fringe Women&#039;s Poncho ? You&#039;ve come to the right place \ud83d\ude04 We offers a wide selection of Striped Fringe Women&#039;s Poncho, perfect for you.\" \/>\n<meta property=\"og:url\" content=\"https:\/\/ozponcho.com.au\/cs\/p\/lezerni-pruhovany-plast-se-strapci-2\/\" \/>\n<meta property=\"og:site_name\" content=\"OZ Poncho\" \/>\n<meta property=\"article:modified_time\" content=\"2025-05-09T03:22:57+00:00\" \/>\n<meta property=\"og:image\" content=\"https:\/\/ozponcho.com.au\/wp-content\/uploads\/2023\/12\/O1CN01kk4V3e1QYYF7ID56v_2505411988-0-cib.jpg\" \/>\n\t<meta property=\"og:image:width\" content=\"800\" \/>\n\t<meta property=\"og:image:height\" content=\"800\" \/>\n\t<meta property=\"og:image:type\" content=\"image\/jpeg\" \/>\n<meta name=\"twitter:card\" content=\"summary_large_image\" \/>\n<meta name=\"twitter:label1\" content=\"Odhadovan\u00e1 doba \u010dten\u00ed\" \/>\n\t<meta name=\"twitter:data1\" content=\"1 minuta\" \/>\n<script type=\"application\/ld+json\" class=\"yoast-schema-graph\">{\"@context\":\"https:\/\/schema.org\",\"@graph\":[{\"@type\":\"WebPage\",\"@id\":\"https:\/\/ozponcho.com.au\/p\/casual-tassel-striped-cape\/\",\"url\":\"https:\/\/ozponcho.com.au\/p\/casual-tassel-striped-cape\/\",\"name\":\"Striped Fringe Women's Poncho | \u010cesk\u00e1 republika #1 Poncho Shop\",\"isPartOf\":{\"@id\":\"https:\/\/ozponcho.com.au\/#website\"},\"primaryImageOfPage\":{\"@id\":\"https:\/\/ozponcho.com.au\/p\/casual-tassel-striped-cape\/#primaryimage\"},\"image\":{\"@id\":\"https:\/\/ozponcho.com.au\/p\/casual-tassel-striped-cape\/#primaryimage\"},\"thumbnailUrl\":\"https:\/\/ozponcho.com.au\/wp-content\/uploads\/2023\/12\/O1CN01kk4V3e1QYYF7ID56v_2505411988-0-cib.jpg\",\"datePublished\":\"2023-12-13T07:35:19+00:00\",\"dateModified\":\"2025-05-09T03:22:57+00:00\",\"description\":\"Looking for a Striped Fringe Women's Poncho ? You've come to the right place \ud83d\ude04 We offers a wide selection of Striped Fringe Women's Poncho, perfect for you.\",\"breadcrumb\":{\"@id\":\"https:\/\/ozponcho.com.au\/p\/casual-tassel-striped-cape\/#breadcrumb\"},\"inLanguage\":\"cs\",\"potentialAction\":[{\"@type\":\"ReadAction\",\"target\":[\"https:\/\/ozponcho.com.au\/p\/casual-tassel-striped-cape\/\"]}]},{\"@type\":\"ImageObject\",\"inLanguage\":\"cs\",\"@id\":\"https:\/\/ozponcho.com.au\/p\/casual-tassel-striped-cape\/#primaryimage\",\"url\":\"https:\/\/ozponcho.com.au\/wp-content\/uploads\/2023\/12\/O1CN01kk4V3e1QYYF7ID56v_2505411988-0-cib.jpg\",\"contentUrl\":\"https:\/\/ozponcho.com.au\/wp-content\/uploads\/2023\/12\/O1CN01kk4V3e1QYYF7ID56v_2505411988-0-cib.jpg\",\"width\":800,\"height\":800,\"caption\":\"Striped Fringe Women's Poncho\"},{\"@type\":\"BreadcrumbList\",\"@id\":\"https:\/\/ozponcho.com.au\/p\/casual-tassel-striped-cape\/#breadcrumb\",\"itemListElement\":[{\"@type\":\"ListItem\",\"position\":1,\"name\":\"Home\",\"item\":\"https:\/\/ozponcho.com.au\/\"},{\"@type\":\"ListItem\",\"position\":2,\"name\":\"Shop\",\"item\":\"https:\/\/ozponcho.com.au\/shop\/\"},{\"@type\":\"ListItem\",\"position\":3,\"name\":\"Striped Fringe Women&#8217;s Poncho\"}]},{\"@type\":\"WebSite\",\"@id\":\"https:\/\/ozponcho.com.au\/#website\",\"url\":\"https:\/\/ozponcho.com.au\/\",\"name\":\"OZ Poncho\",\"description\":\"\",\"potentialAction\":[{\"@type\":\"SearchAction\",\"target\":{\"@type\":\"EntryPoint\",\"urlTemplate\":\"https:\/\/ozponcho.com.au\/?s={search_term_string}\"},\"query-input\":{\"@type\":\"PropertyValueSpecification\",\"valueRequired\":true,\"valueName\":\"search_term_string\"}}],\"inLanguage\":\"cs\"}]}<\/script>\n<!-- \/ Yoast SEO plugin. -->","yoast_head_json":{"title":"D\u00e1msk\u00e9 pon\u010do s pruhy a t\u0159\u00e1sn\u011bmi | \u010cesk\u00e1 republika #1 Pon\u010do Shop","description":"Hled\u00e1te d\u00e1msk\u00e9 pon\u010do s pruhy a t\u0159\u00e1sn\u011bmi ? Tak to jste tady spr\u00e1vn\u011b \ud83d\ude04 Nab\u00edz\u00edme \u0161irok\u00fd v\u00fdb\u011br d\u00e1msk\u00fdch pon\u010d s pruhy a t\u0159\u00e1sn\u011bmi, kter\u00e9 jsou pro v\u00e1s ide\u00e1ln\u00ed.","robots":{"index":"index","follow":"follow","max-snippet":"max-snippet:-1","max-image-preview":"max-image-preview:large","max-video-preview":"max-video-preview:-1"},"canonical":"https:\/\/ozponcho.com.au\/cs\/p\/lezerni-pruhovany-plast-se-strapci-2\/","og_locale":"cs_CZ","og_type":"article","og_title":"Striped Fringe Women's Poncho | \u010cesk\u00e1 republika #1 Poncho Shop","og_description":"Looking for a Striped Fringe Women's Poncho ? You've come to the right place \ud83d\ude04 We offers a wide selection of Striped Fringe Women's Poncho, perfect for you.","og_url":"https:\/\/ozponcho.com.au\/cs\/p\/lezerni-pruhovany-plast-se-strapci-2\/","og_site_name":"OZ Poncho","article_modified_time":"2025-05-09T03:22:57+00:00","og_image":[{"width":800,"height":800,"url":"https:\/\/ozponcho.com.au\/wp-content\/uploads\/2023\/12\/O1CN01kk4V3e1QYYF7ID56v_2505411988-0-cib.jpg","type":"image\/jpeg"}],"twitter_card":"summary_large_image","twitter_misc":{"Odhadovan\u00e1 doba \u010dten\u00ed":"1 minuta"},"schema":{"@context":"https:\/\/schema.org","@graph":[{"@type":"WebPage","@id":"https:\/\/ozponcho.com.au\/p\/casual-tassel-striped-cape\/","url":"https:\/\/ozponcho.com.au\/p\/casual-tassel-striped-cape\/","name":"D\u00e1msk\u00e9 pon\u010do s pruhy a t\u0159\u00e1sn\u011bmi | \u010cesk\u00e1 republika #1 Pon\u010do Shop","isPartOf":{"@id":"https:\/\/ozponcho.com.au\/#website"},"primaryImageOfPage":{"@id":"https:\/\/ozponcho.com.au\/p\/casual-tassel-striped-cape\/#primaryimage"},"image":{"@id":"https:\/\/ozponcho.com.au\/p\/casual-tassel-striped-cape\/#primaryimage"},"thumbnailUrl":"https:\/\/ozponcho.com.au\/wp-content\/uploads\/2023\/12\/O1CN01kk4V3e1QYYF7ID56v_2505411988-0-cib.jpg","datePublished":"2023-12-13T07:35:19+00:00","dateModified":"2025-05-09T03:22:57+00:00","description":"Hled\u00e1te d\u00e1msk\u00e9 pon\u010do s pruhy a t\u0159\u00e1sn\u011bmi ? Tak to jste tady spr\u00e1vn\u011b \ud83d\ude04 Nab\u00edz\u00edme \u0161irok\u00fd v\u00fdb\u011br d\u00e1msk\u00fdch pon\u010d s pruhy a t\u0159\u00e1sn\u011bmi, kter\u00e9 jsou pro v\u00e1s ide\u00e1ln\u00ed.","breadcrumb":{"@id":"https:\/\/ozponcho.com.au\/p\/casual-tassel-striped-cape\/#breadcrumb"},"inLanguage":"cs","potentialAction":[{"@type":"ReadAction","target":["https:\/\/ozponcho.com.au\/p\/casual-tassel-striped-cape\/"]}]},{"@type":"ImageObject","inLanguage":"cs","@id":"https:\/\/ozponcho.com.au\/p\/casual-tassel-striped-cape\/#primaryimage","url":"https:\/\/ozponcho.com.au\/wp-content\/uploads\/2023\/12\/O1CN01kk4V3e1QYYF7ID56v_2505411988-0-cib.jpg","contentUrl":"https:\/\/ozponcho.com.au\/wp-content\/uploads\/2023\/12\/O1CN01kk4V3e1QYYF7ID56v_2505411988-0-cib.jpg","width":800,"height":800,"caption":"Striped Fringe Women's Poncho"},{"@type":"BreadcrumbList","@id":"https:\/\/ozponcho.com.au\/p\/casual-tassel-striped-cape\/#breadcrumb","itemListElement":[{"@type":"ListItem","position":1,"name":"Home","item":"https:\/\/ozponcho.com.au\/"},{"@type":"ListItem","position":2,"name":"Shop","item":"https:\/\/ozponcho.com.au\/shop\/"},{"@type":"ListItem","position":3,"name":"Striped Fringe Women&#8217;s Poncho"}]},{"@type":"WebSite","@id":"https:\/\/ozponcho.com.au\/#website","url":"https:\/\/ozponcho.com.au\/","name":"OZ Poncho","description":"","potentialAction":[{"@type":"SearchAction","target":{"@type":"EntryPoint","urlTemplate":"https:\/\/ozponcho.com.au\/?s={search_term_string}"},"query-input":{"@type":"PropertyValueSpecification","valueRequired":true,"valueName":"search_term_string"}}],"inLanguage":"cs"}]}},"_links":{"self":[{"href":"https:\/\/ozponcho.com.au\/cs\/wp-json\/wp\/v2\/product\/12407","targetHints":{"allow":["GET"]}}],"collection":[{"href":"https:\/\/ozponcho.com.au\/cs\/wp-json\/wp\/v2\/product"}],"about":[{"href":"https:\/\/ozponcho.com.au\/cs\/wp-json\/wp\/v2\/types\/product"}],"wp:featuredmedia":[{"embeddable":true,"href":"https:\/\/ozponcho.com.au\/cs\/wp-json\/wp\/v2\/media\/12363"}],"wp:attachment":[{"href":"https:\/\/ozponcho.com.au\/cs\/wp-json\/wp\/v2\/media?parent=12407"}],"wp:term":[{"taxonomy":"product_brand","embeddable":true,"href":"https:\/\/ozponcho.com.au\/cs\/wp-json\/wp\/v2\/product_brand?post=12407"},{"taxonomy":"product_cat","embeddable":true,"href":"https:\/\/ozponcho.com.au\/cs\/wp-json\/wp\/v2\/product_cat?post=12407"},{"taxonomy":"product_tag","embeddable":true,"href":"https:\/\/ozponcho.com.au\/cs\/wp-json\/wp\/v2\/product_tag?post=12407"}],"curies":[{"name":"wp","href":"https:\/\/api.w.org\/{rel}","templated":true}]}}