{"id":12401,"date":"2023-12-13T18:35:18","date_gmt":"2023-12-13T07:35:18","guid":{"rendered":"https:\/\/ozponcho.com.au\/p\/autumn-winter-women-clothing-v-neck-pullover-diamond-stitching-tassel-cape-knitted-sweater\/"},"modified":"2026-04-02T13:25:42","modified_gmt":"2026-04-02T02:25:42","slug":"stylish-blue-knit-cape","status":"publish","type":"product","link":"https:\/\/ozponcho.com.au\/cs\/p\/stylovy-modry-pleteny-plast\/","title":{"rendered":"Elegantn\u00ed modr\u00e9 pon\u010do s t\u0159\u00e1sn\u011bmi"},"content":{"rendered":"<p>P\u0159ijm\u011bte chladn\u00e9 ro\u010dn\u00ed obdob\u00ed s eleganc\u00ed v na\u0161em elegantn\u00edm modr\u00e9m svetru pon\u010do. Tento stylov\u00fd podzimn\u011b-zimn\u00ed z\u00e1klad zdob\u00ed v\u00fdrazn\u00fd koso\u010dtvercov\u00fd chevronov\u00fd vzor a hrav\u00e9 t\u0159\u00e1s\u0148ov\u00e9 detaily, kter\u00e9 vytv\u00e1\u0159ej\u00ed m\u00f3dn\u00ed boh\u00e9mskou atmosf\u00e9ru. V\u00fdst\u0159ih do V a dlouh\u00e9 ruk\u00e1vy typu dolman poskytuj\u00ed pohodln\u00fd, voln\u00fd st\u0159ih, ide\u00e1ln\u00ed pro vrstven\u00ed. Toto pon\u010do je upleteno z m\u011bkk\u00e9ho, vysoce kvalitn\u00edho akrylu a slibuje, \u017ee v\u00e1s udr\u017e\u00ed v teple a trendy. D\u00edky sv\u00e9 univerz\u00e1lnosti se bezvadn\u011b kombinuje s d\u017e\u00ednami nebo leg\u00ednami, tak\u017ee je nezbytn\u00fdm dopl\u0148kem ka\u017ed\u00e9ho m\u00f3dn\u00edho \u0161atn\u00edku. Vylep\u0161ete sv\u016fj styl a z\u016fsta\u0148te v pohodl\u00ed s t\u00edmto kr\u00e1sn\u00fdm modr\u00fdm svetrem pon\u010do.<\/p>\n<div>Styl: Le\u017e\u00e9rn\u00ed<\/div>\n<div>P\u0159izp\u016fsoben\u00ed: Voln\u00fd<\/div>\n<div>Tkanina: Materi\u00e1l: Jersey<\/div>\n<div>Vzor: Chevron<\/div>\n<div>Prvek: T\u0159\u00e1sn\u011b<\/div>\n<div>Horn\u00ed d\u00e9lka: Dlouh\u00fd<\/div>\n<div>V\u00fdst\u0159ih: V\u00fdst\u0159ih: pos\u00e1dkov\u00fd v\u00fdst\u0159ih<\/div>\n<div>Typ ruk\u00e1vu: Ruk\u00e1v: Dolman<\/div>\n<div>D\u00e9lka ruk\u00e1v\u016f: Dlouh\u00fd ruk\u00e1v<\/div>\n<div>Hlavn\u00ed slo\u017een\u00ed: Akryl<\/div>\n<div>Sez\u00f3na: Podzim\/zima<\/div>\n<p><img decoding=\"async\" src=\"https:\/\/ozponcho.com.au\/wp-content\/uploads\/2024\/03\/1148256255710593024.png\" \/><img decoding=\"async\" src=\"https:\/\/ozponcho.com.au\/wp-content\/uploads\/2024\/03\/O1CN01aK3m5U1FWkvXk4s9N_2848600495-0-cib.jpg\" \/><img decoding=\"async\" src=\"https:\/\/ozponcho.com.au\/wp-content\/uploads\/2024\/03\/O1CN01uv1onE1FWkvUTFF3Q_2848600495-0-cib.jpg\" \/><img decoding=\"async\" src=\"https:\/\/ozponcho.com.au\/wp-content\/uploads\/2024\/03\/O1CN013Bc2Yi1FWkvWKlUA3_2848600495-0-cib.jpg\" \/><img decoding=\"async\" src=\"https:\/\/ozponcho.com.au\/wp-content\/uploads\/2024\/03\/O1CN01JvvDmT1FWkvYBSloj_2848600495-0-cib.jpg\" \/><img decoding=\"async\" src=\"https:\/\/ozponcho.com.au\/wp-content\/uploads\/2024\/03\/O1CN01s3JzAl1FWkvWKnQlT_2848600495-0-cib.jpg\" \/><img decoding=\"async\" src=\"https:\/\/ozponcho.com.au\/wp-content\/uploads\/2024\/03\/O1CN01YnPL9M1FWkvTGy97X_2848600495-0-cib.jpg\" \/><img decoding=\"async\" src=\"https:\/\/ozponcho.com.au\/wp-content\/uploads\/2024\/03\/O1CN01hQp8HQ1FWkvZtyrDi_2848600495-0-cib.jpg\" \/><img decoding=\"async\" src=\"https:\/\/ozponcho.com.au\/wp-content\/uploads\/2024\/03\/O1CN01gjgJVQ1FWkvUY8xf7_2848600495-0-cib.jpg\" \/><img decoding=\"async\" src=\"https:\/\/ozponcho.com.au\/wp-content\/uploads\/2024\/03\/O1CN01nUlFpO1FWkvRGDSVR_2848600495-0-cib.jpg\" \/><img decoding=\"async\" src=\"https:\/\/ozponcho.com.au\/wp-content\/uploads\/2024\/03\/O1CN01G3RIZg1FWkvUYA2L7_2848600495-0-cib.jpg\" \/><img decoding=\"async\" src=\"https:\/\/ozponcho.com.au\/wp-content\/uploads\/2024\/03\/O1CN01ZM4bvq1FWkvZ3vEXw_2848600495-0-cib.jpg\" \/><img decoding=\"async\" src=\"https:\/\/ozponcho.com.au\/wp-content\/uploads\/2024\/03\/O1CN01m8FEpb1FWkvUTGmtI_2848600495-0-cib.jpg\" \/><img decoding=\"async\" src=\"https:\/\/ozponcho.com.au\/wp-content\/uploads\/2024\/03\/O1CN010yP6C81FWkvKp4ufn_2848600495-0-cib.jpg\" \/><img decoding=\"async\" src=\"https:\/\/ozponcho.com.au\/wp-content\/uploads\/2024\/03\/O1CN01g2DuvD1FWkvQfhPjF_2848600495-0-cib.jpg\" \/><\/p>","protected":false},"excerpt":{"rendered":"<p>Embrace the chilly seasons with elegance in our chic, blue poncho sweater. This stylish autumn-winter essential is adorned with a distinctive diamond chevron pattern and playful fringe details, creating a fashionable bohemian vibe. The v-neck design and dolman long sleeves provide a comfortable, loose fit, perfect for layering. Knitted from soft, high-quality acrylic, this poncho [&#8230;]","protected":false},"featured_media":12364,"template":"","meta":[],"product_brand":[],"product_cat":[15,228,214,210],"product_tag":[],"class_list":{"0":"post-12401","1":"product","2":"type-product","3":"status-publish","4":"has-post-thumbnail","6":"product_cat-main-category","7":"product_cat-poncho-sweater","8":"product_cat-knitted-crochet-poncho","9":"product_cat-poncho-women","11":"first","12":"outofstock","13":"shipping-taxable","14":"purchasable","15":"product-type-variable","16":"has-default-attributes"},"yoast_head":"<!-- This site is optimized with the Yoast SEO plugin v25.9 - https:\/\/yoast.com\/wordpress\/plugins\/seo\/ -->\n<title>Chic Fringed Blue Poncho Sweater | \u010cesk\u00e1 republika #1 Poncho Shop<\/title>\n<meta name=\"description\" content=\"Looking for a Chic Fringed Blue Poncho Sweater ? You&#039;ve come to the right place \ud83d\ude04 We offers a wide selection of Chic Fringed Blue Poncho Sweater, perfect for you.\" \/>\n<meta name=\"robots\" content=\"index, follow, max-snippet:-1, max-image-preview:large, max-video-preview:-1\" \/>\n<link rel=\"canonical\" href=\"https:\/\/ozponcho.com.au\/cs\/p\/stylovy-modry-pleteny-plast\/\" \/>\n<meta property=\"og:locale\" content=\"cs_CZ\" \/>\n<meta property=\"og:type\" content=\"article\" \/>\n<meta property=\"og:title\" content=\"Chic Fringed Blue Poncho Sweater | \u010cesk\u00e1 republika #1 Poncho Shop\" \/>\n<meta property=\"og:description\" content=\"Looking for a Chic Fringed Blue Poncho Sweater ? You&#039;ve come to the right place \ud83d\ude04 We offers a wide selection of Chic Fringed Blue Poncho Sweater, perfect for you.\" \/>\n<meta property=\"og:url\" content=\"https:\/\/ozponcho.com.au\/cs\/p\/stylovy-modry-pleteny-plast\/\" \/>\n<meta property=\"og:site_name\" content=\"OZ Poncho\" \/>\n<meta property=\"article:modified_time\" content=\"2026-04-02T02:25:42+00:00\" \/>\n<meta property=\"og:image\" content=\"https:\/\/ozponcho.com.au\/wp-content\/uploads\/2023\/12\/O1CN01aK3m5U1FWkvXk4s9N_2848600495-0-cib.jpg\" \/>\n\t<meta property=\"og:image:width\" content=\"1000\" \/>\n\t<meta property=\"og:image:height\" content=\"1000\" \/>\n\t<meta property=\"og:image:type\" content=\"image\/jpeg\" \/>\n<meta name=\"twitter:card\" content=\"summary_large_image\" \/>\n<meta name=\"twitter:label1\" content=\"Odhadovan\u00e1 doba \u010dten\u00ed\" \/>\n\t<meta name=\"twitter:data1\" content=\"4 minuty\" \/>\n<script type=\"application\/ld+json\" class=\"yoast-schema-graph\">{\"@context\":\"https:\/\/schema.org\",\"@graph\":[{\"@type\":\"WebPage\",\"@id\":\"https:\/\/ozponcho.com.au\/p\/stylish-blue-knit-cape\/\",\"url\":\"https:\/\/ozponcho.com.au\/p\/stylish-blue-knit-cape\/\",\"name\":\"Chic Fringed Blue Poncho Sweater | \u010cesk\u00e1 republika #1 Poncho Shop\",\"isPartOf\":{\"@id\":\"https:\/\/ozponcho.com.au\/#website\"},\"primaryImageOfPage\":{\"@id\":\"https:\/\/ozponcho.com.au\/p\/stylish-blue-knit-cape\/#primaryimage\"},\"image\":{\"@id\":\"https:\/\/ozponcho.com.au\/p\/stylish-blue-knit-cape\/#primaryimage\"},\"thumbnailUrl\":\"https:\/\/ozponcho.com.au\/wp-content\/uploads\/2023\/12\/O1CN01aK3m5U1FWkvXk4s9N_2848600495-0-cib.jpg\",\"datePublished\":\"2023-12-13T07:35:18+00:00\",\"dateModified\":\"2026-04-02T02:25:42+00:00\",\"description\":\"Looking for a Chic Fringed Blue Poncho Sweater ? You've come to the right place \ud83d\ude04 We offers a wide selection of Chic Fringed Blue Poncho Sweater, perfect for you.\",\"breadcrumb\":{\"@id\":\"https:\/\/ozponcho.com.au\/p\/stylish-blue-knit-cape\/#breadcrumb\"},\"inLanguage\":\"cs\",\"potentialAction\":[{\"@type\":\"ReadAction\",\"target\":[\"https:\/\/ozponcho.com.au\/p\/stylish-blue-knit-cape\/\"]}]},{\"@type\":\"ImageObject\",\"inLanguage\":\"cs\",\"@id\":\"https:\/\/ozponcho.com.au\/p\/stylish-blue-knit-cape\/#primaryimage\",\"url\":\"https:\/\/ozponcho.com.au\/wp-content\/uploads\/2023\/12\/O1CN01aK3m5U1FWkvXk4s9N_2848600495-0-cib.jpg\",\"contentUrl\":\"https:\/\/ozponcho.com.au\/wp-content\/uploads\/2023\/12\/O1CN01aK3m5U1FWkvXk4s9N_2848600495-0-cib.jpg\",\"width\":1000,\"height\":1000,\"caption\":\"Chic Fringed Blue Poncho Sweater\"},{\"@type\":\"BreadcrumbList\",\"@id\":\"https:\/\/ozponcho.com.au\/p\/stylish-blue-knit-cape\/#breadcrumb\",\"itemListElement\":[{\"@type\":\"ListItem\",\"position\":1,\"name\":\"Home\",\"item\":\"https:\/\/ozponcho.com.au\/\"},{\"@type\":\"ListItem\",\"position\":2,\"name\":\"Shop\",\"item\":\"https:\/\/ozponcho.com.au\/shop\/\"},{\"@type\":\"ListItem\",\"position\":3,\"name\":\"Chic Fringed Blue Poncho Sweater\"}]},{\"@type\":\"WebSite\",\"@id\":\"https:\/\/ozponcho.com.au\/#website\",\"url\":\"https:\/\/ozponcho.com.au\/\",\"name\":\"OZ Poncho\",\"description\":\"\",\"potentialAction\":[{\"@type\":\"SearchAction\",\"target\":{\"@type\":\"EntryPoint\",\"urlTemplate\":\"https:\/\/ozponcho.com.au\/?s={search_term_string}\"},\"query-input\":{\"@type\":\"PropertyValueSpecification\",\"valueRequired\":true,\"valueName\":\"search_term_string\"}}],\"inLanguage\":\"cs\"}]}<\/script>\n<!-- \/ Yoast SEO plugin. -->","yoast_head_json":{"title":"Elegantn\u00ed modr\u00e9 pon\u010do s t\u0159\u00e1sn\u011bmi | \u010cesk\u00e1 republika #1 Pon\u010do Shop","description":"Hled\u00e1te elegantn\u00ed modr\u00e9 pon\u010do s t\u0159\u00e1sn\u011bmi ? Jste na spr\u00e1vn\u00e9m m\u00edst\u011b \ud83d\ude04 Nab\u00edz\u00edme \u0161irok\u00fd v\u00fdb\u011br Chic Fringed Blue Poncho Sweater, ide\u00e1ln\u00ed pro v\u00e1s.","robots":{"index":"index","follow":"follow","max-snippet":"max-snippet:-1","max-image-preview":"max-image-preview:large","max-video-preview":"max-video-preview:-1"},"canonical":"https:\/\/ozponcho.com.au\/cs\/p\/stylovy-modry-pleteny-plast\/","og_locale":"cs_CZ","og_type":"article","og_title":"Chic Fringed Blue Poncho Sweater | \u010cesk\u00e1 republika #1 Poncho Shop","og_description":"Looking for a Chic Fringed Blue Poncho Sweater ? You've come to the right place \ud83d\ude04 We offers a wide selection of Chic Fringed Blue Poncho Sweater, perfect for you.","og_url":"https:\/\/ozponcho.com.au\/cs\/p\/stylovy-modry-pleteny-plast\/","og_site_name":"OZ Poncho","article_modified_time":"2026-04-02T02:25:42+00:00","og_image":[{"width":1000,"height":1000,"url":"https:\/\/ozponcho.com.au\/wp-content\/uploads\/2023\/12\/O1CN01aK3m5U1FWkvXk4s9N_2848600495-0-cib.jpg","type":"image\/jpeg"}],"twitter_card":"summary_large_image","twitter_misc":{"Odhadovan\u00e1 doba \u010dten\u00ed":"4 minuty"},"schema":{"@context":"https:\/\/schema.org","@graph":[{"@type":"WebPage","@id":"https:\/\/ozponcho.com.au\/p\/stylish-blue-knit-cape\/","url":"https:\/\/ozponcho.com.au\/p\/stylish-blue-knit-cape\/","name":"Elegantn\u00ed modr\u00e9 pon\u010do s t\u0159\u00e1sn\u011bmi | \u010cesk\u00e1 republika #1 Pon\u010do Shop","isPartOf":{"@id":"https:\/\/ozponcho.com.au\/#website"},"primaryImageOfPage":{"@id":"https:\/\/ozponcho.com.au\/p\/stylish-blue-knit-cape\/#primaryimage"},"image":{"@id":"https:\/\/ozponcho.com.au\/p\/stylish-blue-knit-cape\/#primaryimage"},"thumbnailUrl":"https:\/\/ozponcho.com.au\/wp-content\/uploads\/2023\/12\/O1CN01aK3m5U1FWkvXk4s9N_2848600495-0-cib.jpg","datePublished":"2023-12-13T07:35:18+00:00","dateModified":"2026-04-02T02:25:42+00:00","description":"Hled\u00e1te elegantn\u00ed modr\u00e9 pon\u010do s t\u0159\u00e1sn\u011bmi ? Jste na spr\u00e1vn\u00e9m m\u00edst\u011b \ud83d\ude04 Nab\u00edz\u00edme \u0161irok\u00fd v\u00fdb\u011br Chic Fringed Blue Poncho Sweater, ide\u00e1ln\u00ed pro v\u00e1s.","breadcrumb":{"@id":"https:\/\/ozponcho.com.au\/p\/stylish-blue-knit-cape\/#breadcrumb"},"inLanguage":"cs","potentialAction":[{"@type":"ReadAction","target":["https:\/\/ozponcho.com.au\/p\/stylish-blue-knit-cape\/"]}]},{"@type":"ImageObject","inLanguage":"cs","@id":"https:\/\/ozponcho.com.au\/p\/stylish-blue-knit-cape\/#primaryimage","url":"https:\/\/ozponcho.com.au\/wp-content\/uploads\/2023\/12\/O1CN01aK3m5U1FWkvXk4s9N_2848600495-0-cib.jpg","contentUrl":"https:\/\/ozponcho.com.au\/wp-content\/uploads\/2023\/12\/O1CN01aK3m5U1FWkvXk4s9N_2848600495-0-cib.jpg","width":1000,"height":1000,"caption":"Chic Fringed Blue Poncho Sweater"},{"@type":"BreadcrumbList","@id":"https:\/\/ozponcho.com.au\/p\/stylish-blue-knit-cape\/#breadcrumb","itemListElement":[{"@type":"ListItem","position":1,"name":"Home","item":"https:\/\/ozponcho.com.au\/"},{"@type":"ListItem","position":2,"name":"Shop","item":"https:\/\/ozponcho.com.au\/shop\/"},{"@type":"ListItem","position":3,"name":"Chic Fringed Blue Poncho Sweater"}]},{"@type":"WebSite","@id":"https:\/\/ozponcho.com.au\/#website","url":"https:\/\/ozponcho.com.au\/","name":"OZ Poncho","description":"","potentialAction":[{"@type":"SearchAction","target":{"@type":"EntryPoint","urlTemplate":"https:\/\/ozponcho.com.au\/?s={search_term_string}"},"query-input":{"@type":"PropertyValueSpecification","valueRequired":true,"valueName":"search_term_string"}}],"inLanguage":"cs"}]}},"_links":{"self":[{"href":"https:\/\/ozponcho.com.au\/cs\/wp-json\/wp\/v2\/product\/12401","targetHints":{"allow":["GET"]}}],"collection":[{"href":"https:\/\/ozponcho.com.au\/cs\/wp-json\/wp\/v2\/product"}],"about":[{"href":"https:\/\/ozponcho.com.au\/cs\/wp-json\/wp\/v2\/types\/product"}],"wp:featuredmedia":[{"embeddable":true,"href":"https:\/\/ozponcho.com.au\/cs\/wp-json\/wp\/v2\/media\/12364"}],"wp:attachment":[{"href":"https:\/\/ozponcho.com.au\/cs\/wp-json\/wp\/v2\/media?parent=12401"}],"wp:term":[{"taxonomy":"product_brand","embeddable":true,"href":"https:\/\/ozponcho.com.au\/cs\/wp-json\/wp\/v2\/product_brand?post=12401"},{"taxonomy":"product_cat","embeddable":true,"href":"https:\/\/ozponcho.com.au\/cs\/wp-json\/wp\/v2\/product_cat?post=12401"},{"taxonomy":"product_tag","embeddable":true,"href":"https:\/\/ozponcho.com.au\/cs\/wp-json\/wp\/v2\/product_tag?post=12401"}],"curies":[{"name":"wp","href":"https:\/\/api.w.org\/{rel}","templated":true}]}}