{"id":12397,"date":"2023-12-13T18:35:17","date_gmt":"2023-12-13T07:35:17","guid":{"rendered":"https:\/\/ozponcho.com.au\/p\/plaid-jacquard-cape-women-mid-length-turtleneck-batwing-sleeve-loose-autumn-winter-women-clothing-sweater\/"},"modified":"2024-09-24T12:41:27","modified_gmt":"2024-09-24T01:41:27","slug":"chic-turtleneck-checkered-cape","status":"publish","type":"product","link":"https:\/\/ozponcho.com.au\/cs\/p\/elegantni-rolak-s-kostkovanym-plastem\/","title":{"rendered":"Elegantn\u00ed kostkovan\u00e9 pon\u010do ve st\u0159edn\u00ed d\u00e9lce"},"content":{"rendered":"<p>Zahalte se do elegance a tepla s t\u00edmto kostkovan\u00fdm pon\u010dem st\u0159edn\u00ed d\u00e9lky, kter\u00e9 je dokonal\u00fdm dopl\u0148kem va\u0161eho podzimn\u00edho a zimn\u00edho \u0161atn\u00edku. Rol\u00e1kov\u00fd design vyza\u0159uje sofistikovanost, zat\u00edmco netop\u00fd\u0159\u00ed ruk\u00e1vy nab\u00edzej\u00ed modern\u00ed, voln\u00fd st\u0159ih, kter\u00fd zajist\u00ed pohodl\u00ed po cel\u00fd den. Klasick\u00fd \u010dernob\u00edl\u00fd kostkovan\u00fd vzor, zv\u00fdrazn\u011bn\u00fd n\u00e1dechem ho\u0159\u010dicov\u011b \u017elut\u00e9, vytv\u00e1\u0159\u00ed nad\u010dasov\u00fd vzhled, kter\u00fd se snadno kombinuje s jak\u00fdmkoli oble\u010den\u00edm. Toto pon\u010do je vyrobeno z m\u011bkk\u00e9 \u017eerzejov\u00e9 akrylov\u00e9 tkaniny a slibuje styl i pohodl\u00ed v chladn\u011bj\u0161\u00edch m\u011bs\u00edc\u00edch.<\/p>\n<div>Styl: Elegantn\u00ed<\/div>\n<div>P\u0159izp\u016fsoben\u00ed: Voln\u00fd<\/div>\n<div>Tkanina: Materi\u00e1l: Jersey<\/div>\n<div>Vzor: K\u00e1rovan\u00fd<\/div>\n<div>Prvek: Non<\/div>\n<div>Horn\u00ed d\u00e9lka: Dlouh\u00fd<\/div>\n<div>V\u00fdst\u0159ih: V\u00fdst\u0159ih: \u017eelv\u00ed\/vysok\u00fd v\u00fdst\u0159ih<\/div>\n<div>Typ ruk\u00e1vu: Ruk\u00e1v: Dolman<\/div>\n<div>D\u00e9lka ruk\u00e1v\u016f: Dlouh\u00fd ruk\u00e1v<\/div>\n<div>Hlavn\u00ed slo\u017een\u00ed: Akryl<\/div>\n<div>Sez\u00f3na: Podzim\/zima<\/div>\n<p><img decoding=\"async\" src=\"https:\/\/ozponcho.com.au\/wp-content\/uploads\/2024\/03\/1020442373672402944.png\" \/><img decoding=\"async\" src=\"https:\/\/ozponcho.com.au\/wp-content\/uploads\/2024\/03\/O1CN01eLuwG91k48AGaIj8Q_2212546284629-0-cib.jpg\" \/><img decoding=\"async\" src=\"https:\/\/ozponcho.com.au\/wp-content\/uploads\/2024\/03\/O1CN01EfLcu11k48AQL99ZI_2212546284629-0-cib.jpg\" \/><img decoding=\"async\" src=\"https:\/\/ozponcho.com.au\/wp-content\/uploads\/2024\/03\/O1CN015OsgmC1k48AInuyY1_2212546284629-0-cib.jpg\" \/><img decoding=\"async\" src=\"https:\/\/ozponcho.com.au\/wp-content\/uploads\/2024\/03\/O1CN01DgS2II1k48AI2msci_2212546284629-0-cib.jpg\" \/><img decoding=\"async\" src=\"https:\/\/ozponcho.com.au\/wp-content\/uploads\/2024\/03\/O1CN01BQl3JU1k48AMpSulZ_2212546284629-0-cib.jpg\" \/><img decoding=\"async\" src=\"https:\/\/ozponcho.com.au\/wp-content\/uploads\/2024\/03\/O1CN01T4nVEk1k48ARRlvsi_2212546284629-0-cib.jpg\" \/><img decoding=\"async\" src=\"https:\/\/ozponcho.com.au\/wp-content\/uploads\/2024\/03\/O1CN01J583x71k48AI2kfIy_2212546284629-0-cib.jpg\" \/><\/p>","protected":false},"excerpt":{"rendered":"<p>Wrap yourself in elegance and warmth with this mid-length plaid poncho, a perfect addition to your autumn and winter wardrobe. The turtleneck design exudes sophistication, while the batwing sleeves offer a modern, loose fit, ensuring comfort all day long. The classic black and white check pattern, highlighted with a hint of mustard yellow, creates a [&#8230;]","protected":false},"featured_media":12331,"template":"","meta":[],"product_brand":[],"product_cat":[219,229,15,230,228,210,224],"product_tag":[],"class_list":{"0":"post-12397","1":"product","2":"type-product","3":"status-publish","4":"has-post-thumbnail","6":"product_cat-black-poncho","7":"product_cat-blanket-poncho","8":"product_cat-main-category","9":"product_cat-poncho-dress","10":"product_cat-poncho-sweater","11":"product_cat-poncho-women","12":"product_cat-yellow-poncho","14":"first","15":"instock","16":"shipping-taxable","17":"purchasable","18":"product-type-variable"},"yoast_head":"<!-- This site is optimized with the Yoast SEO plugin v25.9 - https:\/\/yoast.com\/wordpress\/plugins\/seo\/ -->\n<title>Elegant Mid-Length Plaid Poncho | \u010cesk\u00e1 republika #1 Poncho Shop<\/title>\n<meta name=\"description\" content=\"Looking for a Elegant Mid-Length Plaid Poncho ? You&#039;ve come to the right place \ud83d\ude04 We offers a wide selection of Elegant Mid-Length Plaid Poncho, perfect for you.\" \/>\n<meta name=\"robots\" content=\"index, follow, max-snippet:-1, max-image-preview:large, max-video-preview:-1\" \/>\n<link rel=\"canonical\" href=\"https:\/\/ozponcho.com.au\/cs\/p\/elegantni-rolak-s-kostkovanym-plastem\/\" \/>\n<meta property=\"og:locale\" content=\"cs_CZ\" \/>\n<meta property=\"og:type\" content=\"article\" \/>\n<meta property=\"og:title\" content=\"Elegant Mid-Length Plaid Poncho | \u010cesk\u00e1 republika #1 Poncho Shop\" \/>\n<meta property=\"og:description\" content=\"Looking for a Elegant Mid-Length Plaid Poncho ? You&#039;ve come to the right place \ud83d\ude04 We offers a wide selection of Elegant Mid-Length Plaid Poncho, perfect for you.\" \/>\n<meta property=\"og:url\" content=\"https:\/\/ozponcho.com.au\/cs\/p\/elegantni-rolak-s-kostkovanym-plastem\/\" \/>\n<meta property=\"og:site_name\" content=\"OZ Poncho\" \/>\n<meta property=\"article:modified_time\" content=\"2024-09-24T01:41:27+00:00\" \/>\n<meta property=\"og:image\" content=\"https:\/\/ozponcho.com.au\/wp-content\/uploads\/2023\/12\/O1CN01xPajuy1k48AInuEoo_2212546284629-0-cib.jpg\" \/>\n\t<meta property=\"og:image:width\" content=\"1920\" \/>\n\t<meta property=\"og:image:height\" content=\"1920\" \/>\n\t<meta property=\"og:image:type\" content=\"image\/jpeg\" \/>\n<meta name=\"twitter:card\" content=\"summary_large_image\" \/>\n<meta name=\"twitter:label1\" content=\"Odhadovan\u00e1 doba \u010dten\u00ed\" \/>\n\t<meta name=\"twitter:data1\" content=\"1 minuta\" \/>\n<script type=\"application\/ld+json\" class=\"yoast-schema-graph\">{\"@context\":\"https:\/\/schema.org\",\"@graph\":[{\"@type\":\"WebPage\",\"@id\":\"https:\/\/ozponcho.com.au\/p\/chic-turtleneck-checkered-cape\/\",\"url\":\"https:\/\/ozponcho.com.au\/p\/chic-turtleneck-checkered-cape\/\",\"name\":\"Elegant Mid-Length Plaid Poncho | \u010cesk\u00e1 republika #1 Poncho Shop\",\"isPartOf\":{\"@id\":\"https:\/\/ozponcho.com.au\/#website\"},\"primaryImageOfPage\":{\"@id\":\"https:\/\/ozponcho.com.au\/p\/chic-turtleneck-checkered-cape\/#primaryimage\"},\"image\":{\"@id\":\"https:\/\/ozponcho.com.au\/p\/chic-turtleneck-checkered-cape\/#primaryimage\"},\"thumbnailUrl\":\"https:\/\/ozponcho.com.au\/wp-content\/uploads\/2023\/12\/O1CN01xPajuy1k48AInuEoo_2212546284629-0-cib.jpg\",\"datePublished\":\"2023-12-13T07:35:17+00:00\",\"dateModified\":\"2024-09-24T01:41:27+00:00\",\"description\":\"Looking for a Elegant Mid-Length Plaid Poncho ? You've come to the right place \ud83d\ude04 We offers a wide selection of Elegant Mid-Length Plaid Poncho, perfect for you.\",\"breadcrumb\":{\"@id\":\"https:\/\/ozponcho.com.au\/p\/chic-turtleneck-checkered-cape\/#breadcrumb\"},\"inLanguage\":\"cs\",\"potentialAction\":[{\"@type\":\"ReadAction\",\"target\":[\"https:\/\/ozponcho.com.au\/p\/chic-turtleneck-checkered-cape\/\"]}]},{\"@type\":\"ImageObject\",\"inLanguage\":\"cs\",\"@id\":\"https:\/\/ozponcho.com.au\/p\/chic-turtleneck-checkered-cape\/#primaryimage\",\"url\":\"https:\/\/ozponcho.com.au\/wp-content\/uploads\/2023\/12\/O1CN01xPajuy1k48AInuEoo_2212546284629-0-cib.jpg\",\"contentUrl\":\"https:\/\/ozponcho.com.au\/wp-content\/uploads\/2023\/12\/O1CN01xPajuy1k48AInuEoo_2212546284629-0-cib.jpg\",\"width\":1920,\"height\":1920,\"caption\":\"Elegant Mid-Length Plaid Poncho\"},{\"@type\":\"BreadcrumbList\",\"@id\":\"https:\/\/ozponcho.com.au\/p\/chic-turtleneck-checkered-cape\/#breadcrumb\",\"itemListElement\":[{\"@type\":\"ListItem\",\"position\":1,\"name\":\"Home\",\"item\":\"https:\/\/ozponcho.com.au\/\"},{\"@type\":\"ListItem\",\"position\":2,\"name\":\"Shop\",\"item\":\"https:\/\/ozponcho.com.au\/shop\/\"},{\"@type\":\"ListItem\",\"position\":3,\"name\":\"Elegant Mid-Length Plaid Poncho\"}]},{\"@type\":\"WebSite\",\"@id\":\"https:\/\/ozponcho.com.au\/#website\",\"url\":\"https:\/\/ozponcho.com.au\/\",\"name\":\"OZ Poncho\",\"description\":\"\",\"potentialAction\":[{\"@type\":\"SearchAction\",\"target\":{\"@type\":\"EntryPoint\",\"urlTemplate\":\"https:\/\/ozponcho.com.au\/?s={search_term_string}\"},\"query-input\":{\"@type\":\"PropertyValueSpecification\",\"valueRequired\":true,\"valueName\":\"search_term_string\"}}],\"inLanguage\":\"cs\"}]}<\/script>\n<!-- \/ Yoast SEO plugin. -->","yoast_head_json":{"title":"Elegantn\u00ed kostkovan\u00e9 pon\u010do ve st\u0159edn\u00ed d\u00e9lce | \u010cesk\u00e1 republika #1 Poncho Shop","description":"Hled\u00e1te elegantn\u00ed kostkovan\u00e9 pon\u010do st\u0159edn\u00ed d\u00e9lky ? Jste na spr\u00e1vn\u00e9m m\u00edst\u011b \ud83d\ude04 Nab\u00edz\u00edme \u0161irok\u00fd v\u00fdb\u011br Elegantn\u00ed kostkovan\u00e9 pon\u010do st\u0159edn\u00ed d\u00e9lky, ide\u00e1ln\u00ed pro v\u00e1s.","robots":{"index":"index","follow":"follow","max-snippet":"max-snippet:-1","max-image-preview":"max-image-preview:large","max-video-preview":"max-video-preview:-1"},"canonical":"https:\/\/ozponcho.com.au\/cs\/p\/elegantni-rolak-s-kostkovanym-plastem\/","og_locale":"cs_CZ","og_type":"article","og_title":"Elegant Mid-Length Plaid Poncho | \u010cesk\u00e1 republika #1 Poncho Shop","og_description":"Looking for a Elegant Mid-Length Plaid Poncho ? You've come to the right place \ud83d\ude04 We offers a wide selection of Elegant Mid-Length Plaid Poncho, perfect for you.","og_url":"https:\/\/ozponcho.com.au\/cs\/p\/elegantni-rolak-s-kostkovanym-plastem\/","og_site_name":"OZ Poncho","article_modified_time":"2024-09-24T01:41:27+00:00","og_image":[{"width":1920,"height":1920,"url":"https:\/\/ozponcho.com.au\/wp-content\/uploads\/2023\/12\/O1CN01xPajuy1k48AInuEoo_2212546284629-0-cib.jpg","type":"image\/jpeg"}],"twitter_card":"summary_large_image","twitter_misc":{"Odhadovan\u00e1 doba \u010dten\u00ed":"1 minuta"},"schema":{"@context":"https:\/\/schema.org","@graph":[{"@type":"WebPage","@id":"https:\/\/ozponcho.com.au\/p\/chic-turtleneck-checkered-cape\/","url":"https:\/\/ozponcho.com.au\/p\/chic-turtleneck-checkered-cape\/","name":"Elegantn\u00ed kostkovan\u00e9 pon\u010do ve st\u0159edn\u00ed d\u00e9lce | \u010cesk\u00e1 republika #1 Poncho Shop","isPartOf":{"@id":"https:\/\/ozponcho.com.au\/#website"},"primaryImageOfPage":{"@id":"https:\/\/ozponcho.com.au\/p\/chic-turtleneck-checkered-cape\/#primaryimage"},"image":{"@id":"https:\/\/ozponcho.com.au\/p\/chic-turtleneck-checkered-cape\/#primaryimage"},"thumbnailUrl":"https:\/\/ozponcho.com.au\/wp-content\/uploads\/2023\/12\/O1CN01xPajuy1k48AInuEoo_2212546284629-0-cib.jpg","datePublished":"2023-12-13T07:35:17+00:00","dateModified":"2024-09-24T01:41:27+00:00","description":"Hled\u00e1te elegantn\u00ed kostkovan\u00e9 pon\u010do st\u0159edn\u00ed d\u00e9lky ? Jste na spr\u00e1vn\u00e9m m\u00edst\u011b \ud83d\ude04 Nab\u00edz\u00edme \u0161irok\u00fd v\u00fdb\u011br Elegantn\u00ed kostkovan\u00e9 pon\u010do st\u0159edn\u00ed d\u00e9lky, ide\u00e1ln\u00ed pro v\u00e1s.","breadcrumb":{"@id":"https:\/\/ozponcho.com.au\/p\/chic-turtleneck-checkered-cape\/#breadcrumb"},"inLanguage":"cs","potentialAction":[{"@type":"ReadAction","target":["https:\/\/ozponcho.com.au\/p\/chic-turtleneck-checkered-cape\/"]}]},{"@type":"ImageObject","inLanguage":"cs","@id":"https:\/\/ozponcho.com.au\/p\/chic-turtleneck-checkered-cape\/#primaryimage","url":"https:\/\/ozponcho.com.au\/wp-content\/uploads\/2023\/12\/O1CN01xPajuy1k48AInuEoo_2212546284629-0-cib.jpg","contentUrl":"https:\/\/ozponcho.com.au\/wp-content\/uploads\/2023\/12\/O1CN01xPajuy1k48AInuEoo_2212546284629-0-cib.jpg","width":1920,"height":1920,"caption":"Elegant Mid-Length Plaid Poncho"},{"@type":"BreadcrumbList","@id":"https:\/\/ozponcho.com.au\/p\/chic-turtleneck-checkered-cape\/#breadcrumb","itemListElement":[{"@type":"ListItem","position":1,"name":"Home","item":"https:\/\/ozponcho.com.au\/"},{"@type":"ListItem","position":2,"name":"Shop","item":"https:\/\/ozponcho.com.au\/shop\/"},{"@type":"ListItem","position":3,"name":"Elegant Mid-Length Plaid Poncho"}]},{"@type":"WebSite","@id":"https:\/\/ozponcho.com.au\/#website","url":"https:\/\/ozponcho.com.au\/","name":"OZ Poncho","description":"","potentialAction":[{"@type":"SearchAction","target":{"@type":"EntryPoint","urlTemplate":"https:\/\/ozponcho.com.au\/?s={search_term_string}"},"query-input":{"@type":"PropertyValueSpecification","valueRequired":true,"valueName":"search_term_string"}}],"inLanguage":"cs"}]}},"_links":{"self":[{"href":"https:\/\/ozponcho.com.au\/cs\/wp-json\/wp\/v2\/product\/12397","targetHints":{"allow":["GET"]}}],"collection":[{"href":"https:\/\/ozponcho.com.au\/cs\/wp-json\/wp\/v2\/product"}],"about":[{"href":"https:\/\/ozponcho.com.au\/cs\/wp-json\/wp\/v2\/types\/product"}],"wp:featuredmedia":[{"embeddable":true,"href":"https:\/\/ozponcho.com.au\/cs\/wp-json\/wp\/v2\/media\/12331"}],"wp:attachment":[{"href":"https:\/\/ozponcho.com.au\/cs\/wp-json\/wp\/v2\/media?parent=12397"}],"wp:term":[{"taxonomy":"product_brand","embeddable":true,"href":"https:\/\/ozponcho.com.au\/cs\/wp-json\/wp\/v2\/product_brand?post=12397"},{"taxonomy":"product_cat","embeddable":true,"href":"https:\/\/ozponcho.com.au\/cs\/wp-json\/wp\/v2\/product_cat?post=12397"},{"taxonomy":"product_tag","embeddable":true,"href":"https:\/\/ozponcho.com.au\/cs\/wp-json\/wp\/v2\/product_tag?post=12397"}],"curies":[{"name":"wp","href":"https:\/\/api.w.org\/{rel}","templated":true}]}}